{"id":7801,"date":"2023-11-06T13:59:30","date_gmt":"2023-11-06T13:59:30","guid":{"rendered":"https:\/\/www.lastchance.deals\/dk\/tuote\/sovesofa-lilac-stof\/"},"modified":"2025-09-19T18:38:40","modified_gmt":"2025-09-19T18:38:40","slug":"sovesofa-lilac-stof","status":"publish","type":"product","link":"https:\/\/last-chance.dk\/?product=sovesofa-lilac-stof","title":{"rendered":"Sovesofa Lilac stof"},"content":{"rendered":"<p>\nSovesofa Lilac er en elegant og komfortabel l\u00f8sning til dit hjem. Denne sovesofa har et klassisk design med et bl\u00f8dt stofbetr\u00e6k i en smuk lilla farve. Den har en solid tr\u00e6- og mdf-ramme, der sikrer holdbarhed og stabilitet. Den har ogs\u00e5 en zigzag- og metalaffjedring, der giver optimal st\u00f8tte og komfort.\n<\/p>\n<p><\/p>\n<p>\nSovesofa Lilac er h\u00e5ndlavet i EU af fabrikanten LuxCasa, der tilbyder 12 m\u00e5neders rammegaranti. Den leveres samlet, s\u00e5 du nemt kan placere den i dit \u00f8nskede rum. Den har en praktisk funktion, der g\u00f8r det muligt at omdanne den til en seng med et enkelt tr\u00e6k. Den har en udvendig dimension p\u00e5 83x220x67\/89cm, s\u00e5 den passer til b\u00e5de sm\u00e5 og store rum.\n<\/p>\n<p><\/p>\n<p>\nSovesofa Lilac er den perfekte sovesofa til dig, der \u00f8nsker en stilfuld og funktionel m\u00f8bel til din stue, g\u00e6stev\u00e6relse eller kontor. Den vil skabe en hyggelig og indbydende atmosf\u00e6re i dit hjem. Bestil din sovesofa Lilac i dag og nyd dens sk\u00f8nhed og komfort.\n<\/p>\n<p><\/p>\n<p>Leveringstid: Leveringstid 1 uge<br \/>\nStil: klassisk<br \/>\nMateriale: stof<br \/>\nRammemateriale: solidt tr\u00e6,mdf<br \/>\nAffjedring: zigzag, metal<br \/>\nUdvendige dimensioner: 83x220x67\/89cm<br \/>\nMontage: leveres samlet<br \/>\nGaranti: 12 m\u00e5neders rammegaranti<br \/>\nFremstillet: i EU h\u00e5ndlavet<br \/>\nFabrikant: LuxCasa<\/p>\n","protected":false},"excerpt":{"rendered":"<p>Sovesofa Lilac er en elegant og komfortabel l\u00f8sning til dit hjem. Denne sovesofa har et klassisk design med et bl\u00f8dt stofbetr\u00e6k i en smuk lilla farve. Den har en solid tr\u00e6- og mdf-ramme, der sikrer holdbarhed og stabilitet. Den har ogs\u00e5 en zigzag- og metalaffjedring, der giver optimal st\u00f8tte og komfort. Sovesofa Lilac er h\u00e5ndlavet [&hellip;]<\/p>\n","protected":false},"featured_media":7798,"comment_status":"open","ping_status":"closed","template":"","meta":[],"product_brand":[],"product_cat":[146],"product_tag":[],"class_list":{"0":"post-7801","1":"product","2":"type-product","3":"status-publish","4":"has-post-thumbnail","6":"product_cat-sofa-beds","8":"first","9":"instock","10":"shipping-taxable","11":"purchasable","12":"product-type-simple"},"yoast_head":"<!-- This site is optimized with the Yoast SEO plugin v24.8.1 - https:\/\/yoast.com\/wordpress\/plugins\/seo\/ -->\n<title>Sovesofa Lilac stof - LASTCHANCE Deals | Danmark<\/title>\n<meta name=\"robots\" content=\"index, follow, max-snippet:-1, max-image-preview:large, max-video-preview:-1\" \/>\n<link rel=\"canonical\" href=\"https:\/\/last-chance.dk\/?product=sovesofa-lilac-stof\" \/>\n<meta property=\"og:locale\" content=\"da_DK\" \/>\n<meta property=\"og:type\" content=\"article\" \/>\n<meta property=\"og:title\" content=\"Sovesofa Lilac stof - LASTCHANCE Deals | Danmark\" \/>\n<meta property=\"og:description\" content=\"Sovesofa Lilac er en elegant og komfortabel l\u00f8sning til dit hjem. Denne sovesofa har et klassisk design med et bl\u00f8dt stofbetr\u00e6k i en smuk lilla farve. Den har en solid tr\u00e6- og mdf-ramme, der sikrer holdbarhed og stabilitet. Den har ogs\u00e5 en zigzag- og metalaffjedring, der giver optimal st\u00f8tte og komfort. Sovesofa Lilac er h\u00e5ndlavet [&hellip;]\" \/>\n<meta property=\"og:url\" content=\"https:\/\/last-chance.dk\/?product=sovesofa-lilac-stof\" \/>\n<meta property=\"og:site_name\" content=\"LASTCHANCE Deals | Danmark\" \/>\n<meta property=\"article:modified_time\" content=\"2025-09-19T18:38:40+00:00\" \/>\n<meta property=\"og:image\" content=\"https:\/\/last-chance.dk\/wp-content\/uploads\/2023\/11\/inv_01.jpg\" \/>\n\t<meta property=\"og:image:width\" content=\"1894\" \/>\n\t<meta property=\"og:image:height\" content=\"1200\" \/>\n\t<meta property=\"og:image:type\" content=\"image\/jpeg\" \/>\n<meta name=\"twitter:card\" content=\"summary_large_image\" \/>\n<meta name=\"twitter:label1\" content=\"Estimeret l\u00e6setid\" \/>\n\t<meta name=\"twitter:data1\" content=\"1 minut\" \/>\n<script type=\"application\/ld+json\" class=\"yoast-schema-graph\">{\"@context\":\"https:\/\/schema.org\",\"@graph\":[{\"@type\":\"WebPage\",\"@id\":\"https:\/\/last-chance.dk\/?product=sovesofa-lilac-stof\",\"url\":\"https:\/\/last-chance.dk\/?product=sovesofa-lilac-stof\",\"name\":\"Sovesofa Lilac stof - LASTCHANCE Deals | Danmark\",\"isPartOf\":{\"@id\":\"https:\/\/last-chance.dk\/#website\"},\"primaryImageOfPage\":{\"@id\":\"https:\/\/last-chance.dk\/?product=sovesofa-lilac-stof#primaryimage\"},\"image\":{\"@id\":\"https:\/\/last-chance.dk\/?product=sovesofa-lilac-stof#primaryimage\"},\"thumbnailUrl\":\"https:\/\/last-chance.dk\/wp-content\/uploads\/2023\/11\/inv_01.jpg\",\"datePublished\":\"2023-11-06T13:59:30+00:00\",\"dateModified\":\"2025-09-19T18:38:40+00:00\",\"breadcrumb\":{\"@id\":\"https:\/\/last-chance.dk\/?product=sovesofa-lilac-stof#breadcrumb\"},\"inLanguage\":\"da-DK\",\"potentialAction\":[{\"@type\":\"ReadAction\",\"target\":[\"https:\/\/last-chance.dk\/?product=sovesofa-lilac-stof\"]}]},{\"@type\":\"ImageObject\",\"inLanguage\":\"da-DK\",\"@id\":\"https:\/\/last-chance.dk\/?product=sovesofa-lilac-stof#primaryimage\",\"url\":\"https:\/\/last-chance.dk\/wp-content\/uploads\/2023\/11\/inv_01.jpg\",\"contentUrl\":\"https:\/\/last-chance.dk\/wp-content\/uploads\/2023\/11\/inv_01.jpg\",\"width\":1894,\"height\":1200},{\"@type\":\"BreadcrumbList\",\"@id\":\"https:\/\/last-chance.dk\/?product=sovesofa-lilac-stof#breadcrumb\",\"itemListElement\":[{\"@type\":\"ListItem\",\"position\":1,\"name\":\"Home\",\"item\":\"https:\/\/last-chance.dk\/\"},{\"@type\":\"ListItem\",\"position\":2,\"name\":\"Sovesofa Lilac stof\"}]},{\"@type\":\"WebSite\",\"@id\":\"https:\/\/last-chance.dk\/#website\",\"url\":\"https:\/\/last-chance.dk\/\",\"name\":\"LASTCHANCE Deals | Danmark\",\"description\":\"LASTCHANCE Deals | Danmark\",\"publisher\":{\"@id\":\"https:\/\/last-chance.dk\/#organization\"},\"potentialAction\":[{\"@type\":\"SearchAction\",\"target\":{\"@type\":\"EntryPoint\",\"urlTemplate\":\"https:\/\/last-chance.dk\/?s={search_term_string}\"},\"query-input\":{\"@type\":\"PropertyValueSpecification\",\"valueRequired\":true,\"valueName\":\"search_term_string\"}}],\"inLanguage\":\"da-DK\"},{\"@type\":\"Organization\",\"@id\":\"https:\/\/last-chance.dk\/#organization\",\"name\":\"LASTCHANCE Deals | Danmark\",\"url\":\"https:\/\/last-chance.dk\/\",\"logo\":{\"@type\":\"ImageObject\",\"inLanguage\":\"da-DK\",\"@id\":\"https:\/\/last-chance.dk\/#\/schema\/logo\/image\/\",\"url\":\"https:\/\/last-chance.dk\/wp-content\/uploads\/2023\/10\/lastchancedeals_logo_dk_white.png\",\"contentUrl\":\"https:\/\/last-chance.dk\/wp-content\/uploads\/2023\/10\/lastchancedeals_logo_dk_white.png\",\"width\":470,\"height\":110,\"caption\":\"LASTCHANCE Deals | Danmark\"},\"image\":{\"@id\":\"https:\/\/last-chance.dk\/#\/schema\/logo\/image\/\"}}]}<\/script>\n<!-- \/ Yoast SEO plugin. -->","yoast_head_json":{"title":"Sovesofa Lilac stof - LASTCHANCE Deals | Danmark","robots":{"index":"index","follow":"follow","max-snippet":"max-snippet:-1","max-image-preview":"max-image-preview:large","max-video-preview":"max-video-preview:-1"},"canonical":"https:\/\/last-chance.dk\/?product=sovesofa-lilac-stof","og_locale":"da_DK","og_type":"article","og_title":"Sovesofa Lilac stof - LASTCHANCE Deals | Danmark","og_description":"Sovesofa Lilac er en elegant og komfortabel l\u00f8sning til dit hjem. Denne sovesofa har et klassisk design med et bl\u00f8dt stofbetr\u00e6k i en smuk lilla farve. Den har en solid tr\u00e6- og mdf-ramme, der sikrer holdbarhed og stabilitet. Den har ogs\u00e5 en zigzag- og metalaffjedring, der giver optimal st\u00f8tte og komfort. Sovesofa Lilac er h\u00e5ndlavet [&hellip;]","og_url":"https:\/\/last-chance.dk\/?product=sovesofa-lilac-stof","og_site_name":"LASTCHANCE Deals | Danmark","article_modified_time":"2025-09-19T18:38:40+00:00","og_image":[{"width":1894,"height":1200,"url":"https:\/\/last-chance.dk\/wp-content\/uploads\/2023\/11\/inv_01.jpg","type":"image\/jpeg"}],"twitter_card":"summary_large_image","twitter_misc":{"Estimeret l\u00e6setid":"1 minut"},"schema":{"@context":"https:\/\/schema.org","@graph":[{"@type":"WebPage","@id":"https:\/\/last-chance.dk\/?product=sovesofa-lilac-stof","url":"https:\/\/last-chance.dk\/?product=sovesofa-lilac-stof","name":"Sovesofa Lilac stof - LASTCHANCE Deals | Danmark","isPartOf":{"@id":"https:\/\/last-chance.dk\/#website"},"primaryImageOfPage":{"@id":"https:\/\/last-chance.dk\/?product=sovesofa-lilac-stof#primaryimage"},"image":{"@id":"https:\/\/last-chance.dk\/?product=sovesofa-lilac-stof#primaryimage"},"thumbnailUrl":"https:\/\/last-chance.dk\/wp-content\/uploads\/2023\/11\/inv_01.jpg","datePublished":"2023-11-06T13:59:30+00:00","dateModified":"2025-09-19T18:38:40+00:00","breadcrumb":{"@id":"https:\/\/last-chance.dk\/?product=sovesofa-lilac-stof#breadcrumb"},"inLanguage":"da-DK","potentialAction":[{"@type":"ReadAction","target":["https:\/\/last-chance.dk\/?product=sovesofa-lilac-stof"]}]},{"@type":"ImageObject","inLanguage":"da-DK","@id":"https:\/\/last-chance.dk\/?product=sovesofa-lilac-stof#primaryimage","url":"https:\/\/last-chance.dk\/wp-content\/uploads\/2023\/11\/inv_01.jpg","contentUrl":"https:\/\/last-chance.dk\/wp-content\/uploads\/2023\/11\/inv_01.jpg","width":1894,"height":1200},{"@type":"BreadcrumbList","@id":"https:\/\/last-chance.dk\/?product=sovesofa-lilac-stof#breadcrumb","itemListElement":[{"@type":"ListItem","position":1,"name":"Home","item":"https:\/\/last-chance.dk\/"},{"@type":"ListItem","position":2,"name":"Sovesofa Lilac stof"}]},{"@type":"WebSite","@id":"https:\/\/last-chance.dk\/#website","url":"https:\/\/last-chance.dk\/","name":"LASTCHANCE Deals | Danmark","description":"LASTCHANCE Deals | Danmark","publisher":{"@id":"https:\/\/last-chance.dk\/#organization"},"potentialAction":[{"@type":"SearchAction","target":{"@type":"EntryPoint","urlTemplate":"https:\/\/last-chance.dk\/?s={search_term_string}"},"query-input":{"@type":"PropertyValueSpecification","valueRequired":true,"valueName":"search_term_string"}}],"inLanguage":"da-DK"},{"@type":"Organization","@id":"https:\/\/last-chance.dk\/#organization","name":"LASTCHANCE Deals | Danmark","url":"https:\/\/last-chance.dk\/","logo":{"@type":"ImageObject","inLanguage":"da-DK","@id":"https:\/\/last-chance.dk\/#\/schema\/logo\/image\/","url":"https:\/\/last-chance.dk\/wp-content\/uploads\/2023\/10\/lastchancedeals_logo_dk_white.png","contentUrl":"https:\/\/last-chance.dk\/wp-content\/uploads\/2023\/10\/lastchancedeals_logo_dk_white.png","width":470,"height":110,"caption":"LASTCHANCE Deals | Danmark"},"image":{"@id":"https:\/\/last-chance.dk\/#\/schema\/logo\/image\/"}}]}},"_links":{"self":[{"href":"https:\/\/last-chance.dk\/index.php?rest_route=\/wp\/v2\/product\/7801","targetHints":{"allow":["GET"]}}],"collection":[{"href":"https:\/\/last-chance.dk\/index.php?rest_route=\/wp\/v2\/product"}],"about":[{"href":"https:\/\/last-chance.dk\/index.php?rest_route=\/wp\/v2\/types\/product"}],"replies":[{"embeddable":true,"href":"https:\/\/last-chance.dk\/index.php?rest_route=%2Fwp%2Fv2%2Fcomments&post=7801"}],"wp:featuredmedia":[{"embeddable":true,"href":"https:\/\/last-chance.dk\/index.php?rest_route=\/wp\/v2\/media\/7798"}],"wp:attachment":[{"href":"https:\/\/last-chance.dk\/index.php?rest_route=%2Fwp%2Fv2%2Fmedia&parent=7801"}],"wp:term":[{"taxonomy":"product_brand","embeddable":true,"href":"https:\/\/last-chance.dk\/index.php?rest_route=%2Fwp%2Fv2%2Fproduct_brand&post=7801"},{"taxonomy":"product_cat","embeddable":true,"href":"https:\/\/last-chance.dk\/index.php?rest_route=%2Fwp%2Fv2%2Fproduct_cat&post=7801"},{"taxonomy":"product_tag","embeddable":true,"href":"https:\/\/last-chance.dk\/index.php?rest_route=%2Fwp%2Fv2%2Fproduct_tag&post=7801"}],"curies":[{"name":"wp","href":"https:\/\/api.w.org\/{rel}","templated":true}]}}