{"id":7995,"date":"2023-11-06T14:08:08","date_gmt":"2023-11-06T14:08:08","guid":{"rendered":"https:\/\/www.lastchance.deals\/dk\/tuote\/hjoernesovesofa-perica-stofkunstigt-laeder\/"},"modified":"2025-10-13T11:54:26","modified_gmt":"2025-10-13T11:54:26","slug":"hjoernesovesofa-perica-stofkunstigt-laeder","status":"publish","type":"product","link":"https:\/\/last-chance.dk\/?product=hjoernesovesofa-perica-stofkunstigt-laeder","title":{"rendered":"Hj\u00f8rnesovesofa Perica stof,kunstigt l\u00e6der"},"content":{"rendered":"<p>Hvis du leder efter en moderne og komfortabel sovesofa, s\u00e5 er Perica det perfekte valg for dig. Perica er en hj\u00f8rnesovesofa, som kan tilpasses til dit rum og dine behov. Du kan nemlig skifte hj\u00f8rnet fra venstre til h\u00f8jre efter \u00f8nske. Perica har et stilfuldt design med en kombination af stof og kunstigt l\u00e6der i neutrale farver. Den har en solid tr\u00e6ramme og en m\u00f8belplade, som sikrer stabilitet og holdbarhed. Sovesofaen har ogs\u00e5 en zigzag-affjedring og en metalramme, som giver optimal st\u00f8tte og komfort. Perica er h\u00e5ndlavet i EU af fabrikanten LuxCasa, som tilbyder 24 m\u00e5neders garanti p\u00e5 rammen. Sovesofaen har en udvendig dimension p\u00e5 235x140x90cm og kr\u00e6ver samling ved levering. Bestil Perica i dag og nyd den luksuri\u00f8se f\u00f8lelse af at have en sovesofa i topkvalitet.<\/p>\n<p><\/p>\n<p>Leveringstid: Leveringstid 1 uge<br \/>\nStil: moderne<br \/>\nMateriale: stof,kunstigt l\u00e6der<br \/>\nRammemateriale: solidt tr\u00e6,m\u00f8belplade<br \/>\nAffjedring: zigzag, metal<br \/>\nUdvendige dimensioner: 235x140x90cm<br \/>\nMontage: skal samles<br \/>\nGaranti: 24 m\u00e5neders rammegaranti<br \/>\nFremstillet: i EU h\u00e5ndlavet<br \/>\nFabrikant: LuxCasa<br \/>\nHj\u00f8rne: udskiftelige<\/p>\n","protected":false},"excerpt":{"rendered":"<p>Hvis du leder efter en moderne og komfortabel sovesofa, s\u00e5 er Perica det perfekte valg for dig. Perica er en hj\u00f8rnesovesofa, som kan tilpasses til dit rum og dine behov. Du kan nemlig skifte hj\u00f8rnet fra venstre til h\u00f8jre efter \u00f8nske. Perica har et stilfuldt design med en kombination af stof og kunstigt l\u00e6der i [&hellip;]<\/p>\n","protected":false},"featured_media":7992,"comment_status":"open","ping_status":"closed","template":"","meta":[],"product_brand":[],"product_cat":[146],"product_tag":[],"class_list":{"0":"post-7995","1":"product","2":"type-product","3":"status-publish","4":"has-post-thumbnail","6":"product_cat-sofa-beds","8":"first","9":"instock","10":"shipping-taxable","11":"purchasable","12":"product-type-simple"},"yoast_head":"<!-- This site is optimized with the Yoast SEO plugin v24.8.1 - https:\/\/yoast.com\/wordpress\/plugins\/seo\/ -->\n<title>Hj\u00f8rnesovesofa Perica stof,kunstigt l\u00e6der - LASTCHANCE Deals | Danmark<\/title>\n<meta name=\"robots\" content=\"index, follow, max-snippet:-1, max-image-preview:large, max-video-preview:-1\" \/>\n<link rel=\"canonical\" href=\"https:\/\/last-chance.dk\/?product=hjoernesovesofa-perica-stofkunstigt-laeder\" \/>\n<meta property=\"og:locale\" content=\"da_DK\" \/>\n<meta property=\"og:type\" content=\"article\" \/>\n<meta property=\"og:title\" content=\"Hj\u00f8rnesovesofa Perica stof,kunstigt l\u00e6der - LASTCHANCE Deals | Danmark\" \/>\n<meta property=\"og:description\" content=\"Hvis du leder efter en moderne og komfortabel sovesofa, s\u00e5 er Perica det perfekte valg for dig. Perica er en hj\u00f8rnesovesofa, som kan tilpasses til dit rum og dine behov. Du kan nemlig skifte hj\u00f8rnet fra venstre til h\u00f8jre efter \u00f8nske. Perica har et stilfuldt design med en kombination af stof og kunstigt l\u00e6der i [&hellip;]\" \/>\n<meta property=\"og:url\" content=\"https:\/\/last-chance.dk\/?product=hjoernesovesofa-perica-stofkunstigt-laeder\" \/>\n<meta property=\"og:site_name\" content=\"LASTCHANCE Deals | Danmark\" \/>\n<meta property=\"article:modified_time\" content=\"2025-10-13T11:54:26+00:00\" \/>\n<meta property=\"og:image\" content=\"https:\/\/last-chance.dk\/wp-content\/uploads\/2023\/11\/a_p_01_1.jpg\" \/>\n\t<meta property=\"og:image:width\" content=\"1500\" \/>\n\t<meta property=\"og:image:height\" content=\"951\" \/>\n\t<meta property=\"og:image:type\" content=\"image\/jpeg\" \/>\n<meta name=\"twitter:card\" content=\"summary_large_image\" \/>\n<meta name=\"twitter:label1\" content=\"Estimeret l\u00e6setid\" \/>\n\t<meta name=\"twitter:data1\" content=\"1 minut\" \/>\n<script type=\"application\/ld+json\" class=\"yoast-schema-graph\">{\"@context\":\"https:\/\/schema.org\",\"@graph\":[{\"@type\":\"WebPage\",\"@id\":\"https:\/\/last-chance.dk\/?product=hjoernesovesofa-perica-stofkunstigt-laeder\",\"url\":\"https:\/\/last-chance.dk\/?product=hjoernesovesofa-perica-stofkunstigt-laeder\",\"name\":\"Hj\u00f8rnesovesofa Perica stof,kunstigt l\u00e6der - LASTCHANCE Deals | Danmark\",\"isPartOf\":{\"@id\":\"https:\/\/last-chance.dk\/#website\"},\"primaryImageOfPage\":{\"@id\":\"https:\/\/last-chance.dk\/?product=hjoernesovesofa-perica-stofkunstigt-laeder#primaryimage\"},\"image\":{\"@id\":\"https:\/\/last-chance.dk\/?product=hjoernesovesofa-perica-stofkunstigt-laeder#primaryimage\"},\"thumbnailUrl\":\"https:\/\/last-chance.dk\/wp-content\/uploads\/2023\/11\/a_p_01_1.jpg\",\"datePublished\":\"2023-11-06T14:08:08+00:00\",\"dateModified\":\"2025-10-13T11:54:26+00:00\",\"breadcrumb\":{\"@id\":\"https:\/\/last-chance.dk\/?product=hjoernesovesofa-perica-stofkunstigt-laeder#breadcrumb\"},\"inLanguage\":\"da-DK\",\"potentialAction\":[{\"@type\":\"ReadAction\",\"target\":[\"https:\/\/last-chance.dk\/?product=hjoernesovesofa-perica-stofkunstigt-laeder\"]}]},{\"@type\":\"ImageObject\",\"inLanguage\":\"da-DK\",\"@id\":\"https:\/\/last-chance.dk\/?product=hjoernesovesofa-perica-stofkunstigt-laeder#primaryimage\",\"url\":\"https:\/\/last-chance.dk\/wp-content\/uploads\/2023\/11\/a_p_01_1.jpg\",\"contentUrl\":\"https:\/\/last-chance.dk\/wp-content\/uploads\/2023\/11\/a_p_01_1.jpg\",\"width\":1500,\"height\":951},{\"@type\":\"BreadcrumbList\",\"@id\":\"https:\/\/last-chance.dk\/?product=hjoernesovesofa-perica-stofkunstigt-laeder#breadcrumb\",\"itemListElement\":[{\"@type\":\"ListItem\",\"position\":1,\"name\":\"Home\",\"item\":\"https:\/\/last-chance.dk\/\"},{\"@type\":\"ListItem\",\"position\":2,\"name\":\"Hj\u00f8rnesovesofa Perica stof,kunstigt l\u00e6der\"}]},{\"@type\":\"WebSite\",\"@id\":\"https:\/\/last-chance.dk\/#website\",\"url\":\"https:\/\/last-chance.dk\/\",\"name\":\"LASTCHANCE Deals | Danmark\",\"description\":\"LASTCHANCE Deals | Danmark\",\"publisher\":{\"@id\":\"https:\/\/last-chance.dk\/#organization\"},\"potentialAction\":[{\"@type\":\"SearchAction\",\"target\":{\"@type\":\"EntryPoint\",\"urlTemplate\":\"https:\/\/last-chance.dk\/?s={search_term_string}\"},\"query-input\":{\"@type\":\"PropertyValueSpecification\",\"valueRequired\":true,\"valueName\":\"search_term_string\"}}],\"inLanguage\":\"da-DK\"},{\"@type\":\"Organization\",\"@id\":\"https:\/\/last-chance.dk\/#organization\",\"name\":\"LASTCHANCE Deals | Danmark\",\"url\":\"https:\/\/last-chance.dk\/\",\"logo\":{\"@type\":\"ImageObject\",\"inLanguage\":\"da-DK\",\"@id\":\"https:\/\/last-chance.dk\/#\/schema\/logo\/image\/\",\"url\":\"https:\/\/last-chance.dk\/wp-content\/uploads\/2023\/10\/lastchancedeals_logo_dk_white.png\",\"contentUrl\":\"https:\/\/last-chance.dk\/wp-content\/uploads\/2023\/10\/lastchancedeals_logo_dk_white.png\",\"width\":470,\"height\":110,\"caption\":\"LASTCHANCE Deals | Danmark\"},\"image\":{\"@id\":\"https:\/\/last-chance.dk\/#\/schema\/logo\/image\/\"}}]}<\/script>\n<!-- \/ Yoast SEO plugin. -->","yoast_head_json":{"title":"Hj\u00f8rnesovesofa Perica stof,kunstigt l\u00e6der - LASTCHANCE Deals | Danmark","robots":{"index":"index","follow":"follow","max-snippet":"max-snippet:-1","max-image-preview":"max-image-preview:large","max-video-preview":"max-video-preview:-1"},"canonical":"https:\/\/last-chance.dk\/?product=hjoernesovesofa-perica-stofkunstigt-laeder","og_locale":"da_DK","og_type":"article","og_title":"Hj\u00f8rnesovesofa Perica stof,kunstigt l\u00e6der - LASTCHANCE Deals | Danmark","og_description":"Hvis du leder efter en moderne og komfortabel sovesofa, s\u00e5 er Perica det perfekte valg for dig. Perica er en hj\u00f8rnesovesofa, som kan tilpasses til dit rum og dine behov. Du kan nemlig skifte hj\u00f8rnet fra venstre til h\u00f8jre efter \u00f8nske. Perica har et stilfuldt design med en kombination af stof og kunstigt l\u00e6der i [&hellip;]","og_url":"https:\/\/last-chance.dk\/?product=hjoernesovesofa-perica-stofkunstigt-laeder","og_site_name":"LASTCHANCE Deals | Danmark","article_modified_time":"2025-10-13T11:54:26+00:00","og_image":[{"width":1500,"height":951,"url":"https:\/\/last-chance.dk\/wp-content\/uploads\/2023\/11\/a_p_01_1.jpg","type":"image\/jpeg"}],"twitter_card":"summary_large_image","twitter_misc":{"Estimeret l\u00e6setid":"1 minut"},"schema":{"@context":"https:\/\/schema.org","@graph":[{"@type":"WebPage","@id":"https:\/\/last-chance.dk\/?product=hjoernesovesofa-perica-stofkunstigt-laeder","url":"https:\/\/last-chance.dk\/?product=hjoernesovesofa-perica-stofkunstigt-laeder","name":"Hj\u00f8rnesovesofa Perica stof,kunstigt l\u00e6der - LASTCHANCE Deals | Danmark","isPartOf":{"@id":"https:\/\/last-chance.dk\/#website"},"primaryImageOfPage":{"@id":"https:\/\/last-chance.dk\/?product=hjoernesovesofa-perica-stofkunstigt-laeder#primaryimage"},"image":{"@id":"https:\/\/last-chance.dk\/?product=hjoernesovesofa-perica-stofkunstigt-laeder#primaryimage"},"thumbnailUrl":"https:\/\/last-chance.dk\/wp-content\/uploads\/2023\/11\/a_p_01_1.jpg","datePublished":"2023-11-06T14:08:08+00:00","dateModified":"2025-10-13T11:54:26+00:00","breadcrumb":{"@id":"https:\/\/last-chance.dk\/?product=hjoernesovesofa-perica-stofkunstigt-laeder#breadcrumb"},"inLanguage":"da-DK","potentialAction":[{"@type":"ReadAction","target":["https:\/\/last-chance.dk\/?product=hjoernesovesofa-perica-stofkunstigt-laeder"]}]},{"@type":"ImageObject","inLanguage":"da-DK","@id":"https:\/\/last-chance.dk\/?product=hjoernesovesofa-perica-stofkunstigt-laeder#primaryimage","url":"https:\/\/last-chance.dk\/wp-content\/uploads\/2023\/11\/a_p_01_1.jpg","contentUrl":"https:\/\/last-chance.dk\/wp-content\/uploads\/2023\/11\/a_p_01_1.jpg","width":1500,"height":951},{"@type":"BreadcrumbList","@id":"https:\/\/last-chance.dk\/?product=hjoernesovesofa-perica-stofkunstigt-laeder#breadcrumb","itemListElement":[{"@type":"ListItem","position":1,"name":"Home","item":"https:\/\/last-chance.dk\/"},{"@type":"ListItem","position":2,"name":"Hj\u00f8rnesovesofa Perica stof,kunstigt l\u00e6der"}]},{"@type":"WebSite","@id":"https:\/\/last-chance.dk\/#website","url":"https:\/\/last-chance.dk\/","name":"LASTCHANCE Deals | Danmark","description":"LASTCHANCE Deals | Danmark","publisher":{"@id":"https:\/\/last-chance.dk\/#organization"},"potentialAction":[{"@type":"SearchAction","target":{"@type":"EntryPoint","urlTemplate":"https:\/\/last-chance.dk\/?s={search_term_string}"},"query-input":{"@type":"PropertyValueSpecification","valueRequired":true,"valueName":"search_term_string"}}],"inLanguage":"da-DK"},{"@type":"Organization","@id":"https:\/\/last-chance.dk\/#organization","name":"LASTCHANCE Deals | Danmark","url":"https:\/\/last-chance.dk\/","logo":{"@type":"ImageObject","inLanguage":"da-DK","@id":"https:\/\/last-chance.dk\/#\/schema\/logo\/image\/","url":"https:\/\/last-chance.dk\/wp-content\/uploads\/2023\/10\/lastchancedeals_logo_dk_white.png","contentUrl":"https:\/\/last-chance.dk\/wp-content\/uploads\/2023\/10\/lastchancedeals_logo_dk_white.png","width":470,"height":110,"caption":"LASTCHANCE Deals | Danmark"},"image":{"@id":"https:\/\/last-chance.dk\/#\/schema\/logo\/image\/"}}]}},"_links":{"self":[{"href":"https:\/\/last-chance.dk\/index.php?rest_route=\/wp\/v2\/product\/7995","targetHints":{"allow":["GET"]}}],"collection":[{"href":"https:\/\/last-chance.dk\/index.php?rest_route=\/wp\/v2\/product"}],"about":[{"href":"https:\/\/last-chance.dk\/index.php?rest_route=\/wp\/v2\/types\/product"}],"replies":[{"embeddable":true,"href":"https:\/\/last-chance.dk\/index.php?rest_route=%2Fwp%2Fv2%2Fcomments&post=7995"}],"wp:featuredmedia":[{"embeddable":true,"href":"https:\/\/last-chance.dk\/index.php?rest_route=\/wp\/v2\/media\/7992"}],"wp:attachment":[{"href":"https:\/\/last-chance.dk\/index.php?rest_route=%2Fwp%2Fv2%2Fmedia&parent=7995"}],"wp:term":[{"taxonomy":"product_brand","embeddable":true,"href":"https:\/\/last-chance.dk\/index.php?rest_route=%2Fwp%2Fv2%2Fproduct_brand&post=7995"},{"taxonomy":"product_cat","embeddable":true,"href":"https:\/\/last-chance.dk\/index.php?rest_route=%2Fwp%2Fv2%2Fproduct_cat&post=7995"},{"taxonomy":"product_tag","embeddable":true,"href":"https:\/\/last-chance.dk\/index.php?rest_route=%2Fwp%2Fv2%2Fproduct_tag&post=7995"}],"curies":[{"name":"wp","href":"https:\/\/api.w.org\/{rel}","templated":true}]}}