{"id":8108,"date":"2023-11-06T14:12:35","date_gmt":"2023-11-06T14:12:35","guid":{"rendered":"https:\/\/www.lastchance.deals\/dk\/tuote\/kravlegaard-sarafina\/"},"modified":"2025-10-13T11:56:02","modified_gmt":"2025-10-13T11:56:02","slug":"kravlegaard-sarafina","status":"publish","type":"product","link":"https:\/\/last-chance.dk\/?product=kravlegaard-sarafina","title":{"rendered":"Kravleg\u00e5rd Sarafina"},"content":{"rendered":"<p>Denne storsl\u00e5ede Kravleg\u00e5rd Sarafina er designet til indend\u00f8rs brug. Det er et fantastisk tiltr\u00e6kningspunkt for din lille at udforske og lege sikkert. Produceret af ForrestDecor, dette stolthedsemne kommer i et tiltalende stofmateriale og en robust st\u00e5lramme, som giver varig holdbarhed.<\/p>\n<p><\/p>\n<p>M\u00e5ler 190x129x66cm, dette rummelige spilomr\u00e5de giver din baby masser af plads til at kravle, lege og tage deres f\u00f8rste skridt rent sikkert. Sarafina kravleg\u00e5rd har h\u00f8je sider, der giver ekstra sikkerhed, mens dit barn er i gang med at opdage verden.<\/p>\n<p><\/p>\n<p>Selvom det kr\u00e6ver montering, skal du ikke v\u00e6re bekymret! Kravleg\u00e5rden Sarafina er designet til at v\u00e6re nem at samle. Med din k\u00f8b f\u00f8lger en klar og letforst\u00e5elig instruktion, der g\u00f8r monteringsprocessen enkel.<\/p>\n<p><\/p>\n<p>Og som en ekstra ro i sindet er dette produkt ogs\u00e5 d\u00e6kket af en 6-m\u00e5neders rammegaranti. Det betyder, at du kan v\u00e6re sikker p\u00e5 produktets h\u00f8je kvalitet og p\u00e5lidelighed fra ForrestDecor. <\/p>\n<p><\/p>\n<p>Gl\u00e6d din lille med denne stilfulde og sikre Kravleg\u00e5rd fra Sarafina &#8211; et perfekt sted for dem at lege og udforske, mens de vokser og udvikler sig.<\/p>\n<p><\/p>\n<p>Leveringstid: Leveringstid 1 uge<br \/>\nMateriale: stof,st\u00e5lramme<br \/>\nDimensioner: 190x129x66cm<br \/>\nBeregnet til: Indend\u00f8rs brug<br \/>\nMontage: skal samles<br \/>\nFabrikant: ForrestDecor<br \/>\nGaranti: 6 m\u00e5neders rammegaranti<\/p>\n","protected":false},"excerpt":{"rendered":"<p>Denne storsl\u00e5ede Kravleg\u00e5rd Sarafina er designet til indend\u00f8rs brug. Det er et fantastisk tiltr\u00e6kningspunkt for din lille at udforske og lege sikkert. Produceret af ForrestDecor, dette stolthedsemne kommer i et tiltalende stofmateriale og en robust st\u00e5lramme, som giver varig holdbarhed. M\u00e5ler 190x129x66cm, dette rummelige spilomr\u00e5de giver din baby masser af plads til at kravle, lege [&hellip;]<\/p>\n","protected":false},"featured_media":8104,"comment_status":"open","ping_status":"closed","template":"","meta":[],"product_brand":[],"product_cat":[178],"product_tag":[],"class_list":{"0":"post-8108","1":"product","2":"type-product","3":"status-publish","4":"has-post-thumbnail","6":"product_cat-playpens","8":"first","9":"instock","10":"shipping-taxable","11":"purchasable","12":"product-type-simple"},"yoast_head":"<!-- This site is optimized with the Yoast SEO plugin v24.8.1 - https:\/\/yoast.com\/wordpress\/plugins\/seo\/ -->\n<title>Kravleg\u00e5rd Sarafina - LASTCHANCE Deals | Danmark<\/title>\n<meta name=\"robots\" content=\"index, follow, max-snippet:-1, max-image-preview:large, max-video-preview:-1\" \/>\n<link rel=\"canonical\" href=\"https:\/\/last-chance.dk\/?product=kravlegaard-sarafina\" \/>\n<meta property=\"og:locale\" content=\"da_DK\" \/>\n<meta property=\"og:type\" content=\"article\" \/>\n<meta property=\"og:title\" content=\"Kravleg\u00e5rd Sarafina - LASTCHANCE Deals | Danmark\" \/>\n<meta property=\"og:description\" content=\"Denne storsl\u00e5ede Kravleg\u00e5rd Sarafina er designet til indend\u00f8rs brug. Det er et fantastisk tiltr\u00e6kningspunkt for din lille at udforske og lege sikkert. Produceret af ForrestDecor, dette stolthedsemne kommer i et tiltalende stofmateriale og en robust st\u00e5lramme, som giver varig holdbarhed. M\u00e5ler 190x129x66cm, dette rummelige spilomr\u00e5de giver din baby masser af plads til at kravle, lege [&hellip;]\" \/>\n<meta property=\"og:url\" content=\"https:\/\/last-chance.dk\/?product=kravlegaard-sarafina\" \/>\n<meta property=\"og:site_name\" content=\"LASTCHANCE Deals | Danmark\" \/>\n<meta property=\"article:modified_time\" content=\"2025-10-13T11:56:02+00:00\" \/>\n<meta property=\"og:image\" content=\"https:\/\/last-chance.dk\/wp-content\/uploads\/2023\/11\/sarafina_blue_1.jpg\" \/>\n\t<meta property=\"og:image:width\" content=\"800\" \/>\n\t<meta property=\"og:image:height\" content=\"644\" \/>\n\t<meta property=\"og:image:type\" content=\"image\/jpeg\" \/>\n<meta name=\"twitter:card\" content=\"summary_large_image\" \/>\n<meta name=\"twitter:label1\" content=\"Estimeret l\u00e6setid\" \/>\n\t<meta name=\"twitter:data1\" content=\"1 minut\" \/>\n<script type=\"application\/ld+json\" class=\"yoast-schema-graph\">{\"@context\":\"https:\/\/schema.org\",\"@graph\":[{\"@type\":\"WebPage\",\"@id\":\"https:\/\/last-chance.dk\/?product=kravlegaard-sarafina\",\"url\":\"https:\/\/last-chance.dk\/?product=kravlegaard-sarafina\",\"name\":\"Kravleg\u00e5rd Sarafina - LASTCHANCE Deals | Danmark\",\"isPartOf\":{\"@id\":\"https:\/\/last-chance.dk\/#website\"},\"primaryImageOfPage\":{\"@id\":\"https:\/\/last-chance.dk\/?product=kravlegaard-sarafina#primaryimage\"},\"image\":{\"@id\":\"https:\/\/last-chance.dk\/?product=kravlegaard-sarafina#primaryimage\"},\"thumbnailUrl\":\"https:\/\/last-chance.dk\/wp-content\/uploads\/2023\/11\/sarafina_blue_1.jpg\",\"datePublished\":\"2023-11-06T14:12:35+00:00\",\"dateModified\":\"2025-10-13T11:56:02+00:00\",\"breadcrumb\":{\"@id\":\"https:\/\/last-chance.dk\/?product=kravlegaard-sarafina#breadcrumb\"},\"inLanguage\":\"da-DK\",\"potentialAction\":[{\"@type\":\"ReadAction\",\"target\":[\"https:\/\/last-chance.dk\/?product=kravlegaard-sarafina\"]}]},{\"@type\":\"ImageObject\",\"inLanguage\":\"da-DK\",\"@id\":\"https:\/\/last-chance.dk\/?product=kravlegaard-sarafina#primaryimage\",\"url\":\"https:\/\/last-chance.dk\/wp-content\/uploads\/2023\/11\/sarafina_blue_1.jpg\",\"contentUrl\":\"https:\/\/last-chance.dk\/wp-content\/uploads\/2023\/11\/sarafina_blue_1.jpg\",\"width\":800,\"height\":644},{\"@type\":\"BreadcrumbList\",\"@id\":\"https:\/\/last-chance.dk\/?product=kravlegaard-sarafina#breadcrumb\",\"itemListElement\":[{\"@type\":\"ListItem\",\"position\":1,\"name\":\"Home\",\"item\":\"https:\/\/last-chance.dk\/\"},{\"@type\":\"ListItem\",\"position\":2,\"name\":\"Kravleg\u00e5rd Sarafina\"}]},{\"@type\":\"WebSite\",\"@id\":\"https:\/\/last-chance.dk\/#website\",\"url\":\"https:\/\/last-chance.dk\/\",\"name\":\"LASTCHANCE Deals | Danmark\",\"description\":\"LASTCHANCE Deals | Danmark\",\"publisher\":{\"@id\":\"https:\/\/last-chance.dk\/#organization\"},\"potentialAction\":[{\"@type\":\"SearchAction\",\"target\":{\"@type\":\"EntryPoint\",\"urlTemplate\":\"https:\/\/last-chance.dk\/?s={search_term_string}\"},\"query-input\":{\"@type\":\"PropertyValueSpecification\",\"valueRequired\":true,\"valueName\":\"search_term_string\"}}],\"inLanguage\":\"da-DK\"},{\"@type\":\"Organization\",\"@id\":\"https:\/\/last-chance.dk\/#organization\",\"name\":\"LASTCHANCE Deals | Danmark\",\"url\":\"https:\/\/last-chance.dk\/\",\"logo\":{\"@type\":\"ImageObject\",\"inLanguage\":\"da-DK\",\"@id\":\"https:\/\/last-chance.dk\/#\/schema\/logo\/image\/\",\"url\":\"https:\/\/last-chance.dk\/wp-content\/uploads\/2023\/10\/lastchancedeals_logo_dk_white.png\",\"contentUrl\":\"https:\/\/last-chance.dk\/wp-content\/uploads\/2023\/10\/lastchancedeals_logo_dk_white.png\",\"width\":470,\"height\":110,\"caption\":\"LASTCHANCE Deals | Danmark\"},\"image\":{\"@id\":\"https:\/\/last-chance.dk\/#\/schema\/logo\/image\/\"}}]}<\/script>\n<!-- \/ Yoast SEO plugin. -->","yoast_head_json":{"title":"Kravleg\u00e5rd Sarafina - LASTCHANCE Deals | Danmark","robots":{"index":"index","follow":"follow","max-snippet":"max-snippet:-1","max-image-preview":"max-image-preview:large","max-video-preview":"max-video-preview:-1"},"canonical":"https:\/\/last-chance.dk\/?product=kravlegaard-sarafina","og_locale":"da_DK","og_type":"article","og_title":"Kravleg\u00e5rd Sarafina - LASTCHANCE Deals | Danmark","og_description":"Denne storsl\u00e5ede Kravleg\u00e5rd Sarafina er designet til indend\u00f8rs brug. Det er et fantastisk tiltr\u00e6kningspunkt for din lille at udforske og lege sikkert. Produceret af ForrestDecor, dette stolthedsemne kommer i et tiltalende stofmateriale og en robust st\u00e5lramme, som giver varig holdbarhed. M\u00e5ler 190x129x66cm, dette rummelige spilomr\u00e5de giver din baby masser af plads til at kravle, lege [&hellip;]","og_url":"https:\/\/last-chance.dk\/?product=kravlegaard-sarafina","og_site_name":"LASTCHANCE Deals | Danmark","article_modified_time":"2025-10-13T11:56:02+00:00","og_image":[{"width":800,"height":644,"url":"https:\/\/last-chance.dk\/wp-content\/uploads\/2023\/11\/sarafina_blue_1.jpg","type":"image\/jpeg"}],"twitter_card":"summary_large_image","twitter_misc":{"Estimeret l\u00e6setid":"1 minut"},"schema":{"@context":"https:\/\/schema.org","@graph":[{"@type":"WebPage","@id":"https:\/\/last-chance.dk\/?product=kravlegaard-sarafina","url":"https:\/\/last-chance.dk\/?product=kravlegaard-sarafina","name":"Kravleg\u00e5rd Sarafina - LASTCHANCE Deals | Danmark","isPartOf":{"@id":"https:\/\/last-chance.dk\/#website"},"primaryImageOfPage":{"@id":"https:\/\/last-chance.dk\/?product=kravlegaard-sarafina#primaryimage"},"image":{"@id":"https:\/\/last-chance.dk\/?product=kravlegaard-sarafina#primaryimage"},"thumbnailUrl":"https:\/\/last-chance.dk\/wp-content\/uploads\/2023\/11\/sarafina_blue_1.jpg","datePublished":"2023-11-06T14:12:35+00:00","dateModified":"2025-10-13T11:56:02+00:00","breadcrumb":{"@id":"https:\/\/last-chance.dk\/?product=kravlegaard-sarafina#breadcrumb"},"inLanguage":"da-DK","potentialAction":[{"@type":"ReadAction","target":["https:\/\/last-chance.dk\/?product=kravlegaard-sarafina"]}]},{"@type":"ImageObject","inLanguage":"da-DK","@id":"https:\/\/last-chance.dk\/?product=kravlegaard-sarafina#primaryimage","url":"https:\/\/last-chance.dk\/wp-content\/uploads\/2023\/11\/sarafina_blue_1.jpg","contentUrl":"https:\/\/last-chance.dk\/wp-content\/uploads\/2023\/11\/sarafina_blue_1.jpg","width":800,"height":644},{"@type":"BreadcrumbList","@id":"https:\/\/last-chance.dk\/?product=kravlegaard-sarafina#breadcrumb","itemListElement":[{"@type":"ListItem","position":1,"name":"Home","item":"https:\/\/last-chance.dk\/"},{"@type":"ListItem","position":2,"name":"Kravleg\u00e5rd Sarafina"}]},{"@type":"WebSite","@id":"https:\/\/last-chance.dk\/#website","url":"https:\/\/last-chance.dk\/","name":"LASTCHANCE Deals | Danmark","description":"LASTCHANCE Deals | Danmark","publisher":{"@id":"https:\/\/last-chance.dk\/#organization"},"potentialAction":[{"@type":"SearchAction","target":{"@type":"EntryPoint","urlTemplate":"https:\/\/last-chance.dk\/?s={search_term_string}"},"query-input":{"@type":"PropertyValueSpecification","valueRequired":true,"valueName":"search_term_string"}}],"inLanguage":"da-DK"},{"@type":"Organization","@id":"https:\/\/last-chance.dk\/#organization","name":"LASTCHANCE Deals | Danmark","url":"https:\/\/last-chance.dk\/","logo":{"@type":"ImageObject","inLanguage":"da-DK","@id":"https:\/\/last-chance.dk\/#\/schema\/logo\/image\/","url":"https:\/\/last-chance.dk\/wp-content\/uploads\/2023\/10\/lastchancedeals_logo_dk_white.png","contentUrl":"https:\/\/last-chance.dk\/wp-content\/uploads\/2023\/10\/lastchancedeals_logo_dk_white.png","width":470,"height":110,"caption":"LASTCHANCE Deals | Danmark"},"image":{"@id":"https:\/\/last-chance.dk\/#\/schema\/logo\/image\/"}}]}},"_links":{"self":[{"href":"https:\/\/last-chance.dk\/index.php?rest_route=\/wp\/v2\/product\/8108","targetHints":{"allow":["GET"]}}],"collection":[{"href":"https:\/\/last-chance.dk\/index.php?rest_route=\/wp\/v2\/product"}],"about":[{"href":"https:\/\/last-chance.dk\/index.php?rest_route=\/wp\/v2\/types\/product"}],"replies":[{"embeddable":true,"href":"https:\/\/last-chance.dk\/index.php?rest_route=%2Fwp%2Fv2%2Fcomments&post=8108"}],"wp:featuredmedia":[{"embeddable":true,"href":"https:\/\/last-chance.dk\/index.php?rest_route=\/wp\/v2\/media\/8104"}],"wp:attachment":[{"href":"https:\/\/last-chance.dk\/index.php?rest_route=%2Fwp%2Fv2%2Fmedia&parent=8108"}],"wp:term":[{"taxonomy":"product_brand","embeddable":true,"href":"https:\/\/last-chance.dk\/index.php?rest_route=%2Fwp%2Fv2%2Fproduct_brand&post=8108"},{"taxonomy":"product_cat","embeddable":true,"href":"https:\/\/last-chance.dk\/index.php?rest_route=%2Fwp%2Fv2%2Fproduct_cat&post=8108"},{"taxonomy":"product_tag","embeddable":true,"href":"https:\/\/last-chance.dk\/index.php?rest_route=%2Fwp%2Fv2%2Fproduct_tag&post=8108"}],"curies":[{"name":"wp","href":"https:\/\/api.w.org\/{rel}","templated":true}]}}