{"id":8134,"date":"2023-11-06T14:13:41","date_gmt":"2023-11-06T14:13:41","guid":{"rendered":"https:\/\/www.lastchance.deals\/dk\/tuote\/blomsterbord-blomsterstativ-fiorello-34x105cm\/"},"modified":"2025-10-13T11:47:13","modified_gmt":"2025-10-13T11:47:13","slug":"blomsterbord-blomsterstativ-fiorello-34x105cm","status":"publish","type":"product","link":"https:\/\/last-chance.dk\/?product=blomsterbord-blomsterstativ-fiorello-34x105cm","title":{"rendered":"Blomsterbord blomsterstativ Fiorello 34x105cm"},"content":{"rendered":"<p>Er du p\u00e5 udkig efter en smuk og praktisk m\u00e5de at fremvise dine blomster p\u00e5? S\u00e5 er blomsterbordet Fiorello fra ForrestDecor det perfekte valg for dig. Dette elegante blomsterstativ er lavet af metal og har et stilfuldt design, der passer til enhver indretning. Du kan placere op til fire potteplanter p\u00e5 de forskellige niveauer og skabe en gr\u00f8n oase i dit hjem. Blomsterbordet Fiorello har en udvendig dimension p\u00e5 34x105cm og er nemt at samle og flytte rundt. Det er ogs\u00e5 velegnet til udend\u00f8rs brug, da det er modstandsdygtigt over for rust og vejrlig. Fork\u00e6l dig selv eller en du holder af med dette smukke blomsterbord fra ForrestDecor og nyd synet af dine yndlingsblomster hver dag.<\/p>\n<p><\/p>\n<p>Leveringstid: Leveringstid 1 uge<br \/>\nUdvendige dimensioner: 34x105cm<br \/>\nFabrikant: ForrestDecor<br \/>\nMateriale: metal<\/p>\n","protected":false},"excerpt":{"rendered":"<p>Er du p\u00e5 udkig efter en smuk og praktisk m\u00e5de at fremvise dine blomster p\u00e5? S\u00e5 er blomsterbordet Fiorello fra ForrestDecor det perfekte valg for dig. Dette elegante blomsterstativ er lavet af metal og har et stilfuldt design, der passer til enhver indretning. Du kan placere op til fire potteplanter p\u00e5 de forskellige niveauer og [&hellip;]<\/p>\n","protected":false},"featured_media":8132,"comment_status":"open","ping_status":"closed","template":"","meta":[],"product_brand":[],"product_cat":[182],"product_tag":[],"class_list":{"0":"post-8134","1":"product","2":"type-product","3":"status-publish","4":"has-post-thumbnail","6":"product_cat-blombord","8":"first","9":"instock","10":"shipping-taxable","11":"purchasable","12":"product-type-simple"},"yoast_head":"<!-- This site is optimized with the Yoast SEO plugin v24.8.1 - https:\/\/yoast.com\/wordpress\/plugins\/seo\/ -->\n<title>Blomsterbord blomsterstativ Fiorello 34x105cm - LASTCHANCE Deals | Danmark<\/title>\n<meta name=\"robots\" content=\"index, follow, max-snippet:-1, max-image-preview:large, max-video-preview:-1\" \/>\n<link rel=\"canonical\" href=\"https:\/\/last-chance.dk\/?product=blomsterbord-blomsterstativ-fiorello-34x105cm\" \/>\n<meta property=\"og:locale\" content=\"da_DK\" \/>\n<meta property=\"og:type\" content=\"article\" \/>\n<meta property=\"og:title\" content=\"Blomsterbord blomsterstativ Fiorello 34x105cm - LASTCHANCE Deals | Danmark\" \/>\n<meta property=\"og:description\" content=\"Er du p\u00e5 udkig efter en smuk og praktisk m\u00e5de at fremvise dine blomster p\u00e5? S\u00e5 er blomsterbordet Fiorello fra ForrestDecor det perfekte valg for dig. Dette elegante blomsterstativ er lavet af metal og har et stilfuldt design, der passer til enhver indretning. Du kan placere op til fire potteplanter p\u00e5 de forskellige niveauer og [&hellip;]\" \/>\n<meta property=\"og:url\" content=\"https:\/\/last-chance.dk\/?product=blomsterbord-blomsterstativ-fiorello-34x105cm\" \/>\n<meta property=\"og:site_name\" content=\"LASTCHANCE Deals | Danmark\" \/>\n<meta property=\"article:modified_time\" content=\"2025-10-13T11:47:13+00:00\" \/>\n<meta property=\"og:image\" content=\"https:\/\/last-chance.dk\/wp-content\/uploads\/2023\/11\/fiorello_black.jpg\" \/>\n\t<meta property=\"og:image:width\" content=\"400\" \/>\n\t<meta property=\"og:image:height\" content=\"400\" \/>\n\t<meta property=\"og:image:type\" content=\"image\/jpeg\" \/>\n<meta name=\"twitter:card\" content=\"summary_large_image\" \/>\n<meta name=\"twitter:label1\" content=\"Estimeret l\u00e6setid\" \/>\n\t<meta name=\"twitter:data1\" content=\"1 minut\" \/>\n<script type=\"application\/ld+json\" class=\"yoast-schema-graph\">{\"@context\":\"https:\/\/schema.org\",\"@graph\":[{\"@type\":\"WebPage\",\"@id\":\"https:\/\/last-chance.dk\/?product=blomsterbord-blomsterstativ-fiorello-34x105cm\",\"url\":\"https:\/\/last-chance.dk\/?product=blomsterbord-blomsterstativ-fiorello-34x105cm\",\"name\":\"Blomsterbord blomsterstativ Fiorello 34x105cm - LASTCHANCE Deals | Danmark\",\"isPartOf\":{\"@id\":\"https:\/\/last-chance.dk\/#website\"},\"primaryImageOfPage\":{\"@id\":\"https:\/\/last-chance.dk\/?product=blomsterbord-blomsterstativ-fiorello-34x105cm#primaryimage\"},\"image\":{\"@id\":\"https:\/\/last-chance.dk\/?product=blomsterbord-blomsterstativ-fiorello-34x105cm#primaryimage\"},\"thumbnailUrl\":\"https:\/\/last-chance.dk\/wp-content\/uploads\/2023\/11\/fiorello_black.jpg\",\"datePublished\":\"2023-11-06T14:13:41+00:00\",\"dateModified\":\"2025-10-13T11:47:13+00:00\",\"breadcrumb\":{\"@id\":\"https:\/\/last-chance.dk\/?product=blomsterbord-blomsterstativ-fiorello-34x105cm#breadcrumb\"},\"inLanguage\":\"da-DK\",\"potentialAction\":[{\"@type\":\"ReadAction\",\"target\":[\"https:\/\/last-chance.dk\/?product=blomsterbord-blomsterstativ-fiorello-34x105cm\"]}]},{\"@type\":\"ImageObject\",\"inLanguage\":\"da-DK\",\"@id\":\"https:\/\/last-chance.dk\/?product=blomsterbord-blomsterstativ-fiorello-34x105cm#primaryimage\",\"url\":\"https:\/\/last-chance.dk\/wp-content\/uploads\/2023\/11\/fiorello_black.jpg\",\"contentUrl\":\"https:\/\/last-chance.dk\/wp-content\/uploads\/2023\/11\/fiorello_black.jpg\",\"width\":400,\"height\":400},{\"@type\":\"BreadcrumbList\",\"@id\":\"https:\/\/last-chance.dk\/?product=blomsterbord-blomsterstativ-fiorello-34x105cm#breadcrumb\",\"itemListElement\":[{\"@type\":\"ListItem\",\"position\":1,\"name\":\"Home\",\"item\":\"https:\/\/last-chance.dk\/\"},{\"@type\":\"ListItem\",\"position\":2,\"name\":\"Blomsterbord blomsterstativ Fiorello 34x105cm\"}]},{\"@type\":\"WebSite\",\"@id\":\"https:\/\/last-chance.dk\/#website\",\"url\":\"https:\/\/last-chance.dk\/\",\"name\":\"LASTCHANCE Deals | Danmark\",\"description\":\"LASTCHANCE Deals | Danmark\",\"publisher\":{\"@id\":\"https:\/\/last-chance.dk\/#organization\"},\"potentialAction\":[{\"@type\":\"SearchAction\",\"target\":{\"@type\":\"EntryPoint\",\"urlTemplate\":\"https:\/\/last-chance.dk\/?s={search_term_string}\"},\"query-input\":{\"@type\":\"PropertyValueSpecification\",\"valueRequired\":true,\"valueName\":\"search_term_string\"}}],\"inLanguage\":\"da-DK\"},{\"@type\":\"Organization\",\"@id\":\"https:\/\/last-chance.dk\/#organization\",\"name\":\"LASTCHANCE Deals | Danmark\",\"url\":\"https:\/\/last-chance.dk\/\",\"logo\":{\"@type\":\"ImageObject\",\"inLanguage\":\"da-DK\",\"@id\":\"https:\/\/last-chance.dk\/#\/schema\/logo\/image\/\",\"url\":\"https:\/\/last-chance.dk\/wp-content\/uploads\/2023\/10\/lastchancedeals_logo_dk_white.png\",\"contentUrl\":\"https:\/\/last-chance.dk\/wp-content\/uploads\/2023\/10\/lastchancedeals_logo_dk_white.png\",\"width\":470,\"height\":110,\"caption\":\"LASTCHANCE Deals | Danmark\"},\"image\":{\"@id\":\"https:\/\/last-chance.dk\/#\/schema\/logo\/image\/\"}}]}<\/script>\n<!-- \/ Yoast SEO plugin. -->","yoast_head_json":{"title":"Blomsterbord blomsterstativ Fiorello 34x105cm - LASTCHANCE Deals | Danmark","robots":{"index":"index","follow":"follow","max-snippet":"max-snippet:-1","max-image-preview":"max-image-preview:large","max-video-preview":"max-video-preview:-1"},"canonical":"https:\/\/last-chance.dk\/?product=blomsterbord-blomsterstativ-fiorello-34x105cm","og_locale":"da_DK","og_type":"article","og_title":"Blomsterbord blomsterstativ Fiorello 34x105cm - LASTCHANCE Deals | Danmark","og_description":"Er du p\u00e5 udkig efter en smuk og praktisk m\u00e5de at fremvise dine blomster p\u00e5? S\u00e5 er blomsterbordet Fiorello fra ForrestDecor det perfekte valg for dig. Dette elegante blomsterstativ er lavet af metal og har et stilfuldt design, der passer til enhver indretning. Du kan placere op til fire potteplanter p\u00e5 de forskellige niveauer og [&hellip;]","og_url":"https:\/\/last-chance.dk\/?product=blomsterbord-blomsterstativ-fiorello-34x105cm","og_site_name":"LASTCHANCE Deals | Danmark","article_modified_time":"2025-10-13T11:47:13+00:00","og_image":[{"width":400,"height":400,"url":"https:\/\/last-chance.dk\/wp-content\/uploads\/2023\/11\/fiorello_black.jpg","type":"image\/jpeg"}],"twitter_card":"summary_large_image","twitter_misc":{"Estimeret l\u00e6setid":"1 minut"},"schema":{"@context":"https:\/\/schema.org","@graph":[{"@type":"WebPage","@id":"https:\/\/last-chance.dk\/?product=blomsterbord-blomsterstativ-fiorello-34x105cm","url":"https:\/\/last-chance.dk\/?product=blomsterbord-blomsterstativ-fiorello-34x105cm","name":"Blomsterbord blomsterstativ Fiorello 34x105cm - LASTCHANCE Deals | Danmark","isPartOf":{"@id":"https:\/\/last-chance.dk\/#website"},"primaryImageOfPage":{"@id":"https:\/\/last-chance.dk\/?product=blomsterbord-blomsterstativ-fiorello-34x105cm#primaryimage"},"image":{"@id":"https:\/\/last-chance.dk\/?product=blomsterbord-blomsterstativ-fiorello-34x105cm#primaryimage"},"thumbnailUrl":"https:\/\/last-chance.dk\/wp-content\/uploads\/2023\/11\/fiorello_black.jpg","datePublished":"2023-11-06T14:13:41+00:00","dateModified":"2025-10-13T11:47:13+00:00","breadcrumb":{"@id":"https:\/\/last-chance.dk\/?product=blomsterbord-blomsterstativ-fiorello-34x105cm#breadcrumb"},"inLanguage":"da-DK","potentialAction":[{"@type":"ReadAction","target":["https:\/\/last-chance.dk\/?product=blomsterbord-blomsterstativ-fiorello-34x105cm"]}]},{"@type":"ImageObject","inLanguage":"da-DK","@id":"https:\/\/last-chance.dk\/?product=blomsterbord-blomsterstativ-fiorello-34x105cm#primaryimage","url":"https:\/\/last-chance.dk\/wp-content\/uploads\/2023\/11\/fiorello_black.jpg","contentUrl":"https:\/\/last-chance.dk\/wp-content\/uploads\/2023\/11\/fiorello_black.jpg","width":400,"height":400},{"@type":"BreadcrumbList","@id":"https:\/\/last-chance.dk\/?product=blomsterbord-blomsterstativ-fiorello-34x105cm#breadcrumb","itemListElement":[{"@type":"ListItem","position":1,"name":"Home","item":"https:\/\/last-chance.dk\/"},{"@type":"ListItem","position":2,"name":"Blomsterbord blomsterstativ Fiorello 34x105cm"}]},{"@type":"WebSite","@id":"https:\/\/last-chance.dk\/#website","url":"https:\/\/last-chance.dk\/","name":"LASTCHANCE Deals | Danmark","description":"LASTCHANCE Deals | Danmark","publisher":{"@id":"https:\/\/last-chance.dk\/#organization"},"potentialAction":[{"@type":"SearchAction","target":{"@type":"EntryPoint","urlTemplate":"https:\/\/last-chance.dk\/?s={search_term_string}"},"query-input":{"@type":"PropertyValueSpecification","valueRequired":true,"valueName":"search_term_string"}}],"inLanguage":"da-DK"},{"@type":"Organization","@id":"https:\/\/last-chance.dk\/#organization","name":"LASTCHANCE Deals | Danmark","url":"https:\/\/last-chance.dk\/","logo":{"@type":"ImageObject","inLanguage":"da-DK","@id":"https:\/\/last-chance.dk\/#\/schema\/logo\/image\/","url":"https:\/\/last-chance.dk\/wp-content\/uploads\/2023\/10\/lastchancedeals_logo_dk_white.png","contentUrl":"https:\/\/last-chance.dk\/wp-content\/uploads\/2023\/10\/lastchancedeals_logo_dk_white.png","width":470,"height":110,"caption":"LASTCHANCE Deals | Danmark"},"image":{"@id":"https:\/\/last-chance.dk\/#\/schema\/logo\/image\/"}}]}},"_links":{"self":[{"href":"https:\/\/last-chance.dk\/index.php?rest_route=\/wp\/v2\/product\/8134","targetHints":{"allow":["GET"]}}],"collection":[{"href":"https:\/\/last-chance.dk\/index.php?rest_route=\/wp\/v2\/product"}],"about":[{"href":"https:\/\/last-chance.dk\/index.php?rest_route=\/wp\/v2\/types\/product"}],"replies":[{"embeddable":true,"href":"https:\/\/last-chance.dk\/index.php?rest_route=%2Fwp%2Fv2%2Fcomments&post=8134"}],"wp:featuredmedia":[{"embeddable":true,"href":"https:\/\/last-chance.dk\/index.php?rest_route=\/wp\/v2\/media\/8132"}],"wp:attachment":[{"href":"https:\/\/last-chance.dk\/index.php?rest_route=%2Fwp%2Fv2%2Fmedia&parent=8134"}],"wp:term":[{"taxonomy":"product_brand","embeddable":true,"href":"https:\/\/last-chance.dk\/index.php?rest_route=%2Fwp%2Fv2%2Fproduct_brand&post=8134"},{"taxonomy":"product_cat","embeddable":true,"href":"https:\/\/last-chance.dk\/index.php?rest_route=%2Fwp%2Fv2%2Fproduct_cat&post=8134"},{"taxonomy":"product_tag","embeddable":true,"href":"https:\/\/last-chance.dk\/index.php?rest_route=%2Fwp%2Fv2%2Fproduct_tag&post=8134"}],"curies":[{"name":"wp","href":"https:\/\/api.w.org\/{rel}","templated":true}]}}