{"id":8147,"date":"2023-11-06T14:14:40","date_gmt":"2023-11-06T14:14:40","guid":{"rendered":"https:\/\/www.lastchance.deals\/dk\/tuote\/blomsterhylde-blomsterstativ-ficus-43x22x98cm\/"},"modified":"2025-09-19T17:20:30","modified_gmt":"2025-09-19T17:20:30","slug":"blomsterhylde-blomsterstativ-ficus-43x22x98cm","status":"publish","type":"product","link":"https:\/\/last-chance.dk\/?product=blomsterhylde-blomsterstativ-ficus-43x22x98cm","title":{"rendered":"Blomsterhylde blomsterstativ Ficus 43x22x98cm"},"content":{"rendered":"<p>Er du p\u00e5 udkig efter en smuk og praktisk m\u00e5de at fremvise dine planter p\u00e5? S\u00e5 er blomsterhylden blomsterstativ Ficus fra ForrestDecor det perfekte valg for dig. Denne elegante hylde er lavet af metal og har et moderne design, der passer til enhver indretning. Den har fire niveauer med plads til op til 12 potteplanter, s\u00e5 du kan skabe din egen gr\u00f8nne oase i dit hjem. Du kan ogs\u00e5 bruge den til at opbevare b\u00f8ger, magasiner, nips eller andre ting, du vil have fremme. Blomsterhylden blomsterstativ Ficus er nem at samle og flytte rundt efter behov. Den m\u00e5ler 43x22x98cm og vejer kun 3,5 kg. Den er ideel til stuen, sovev\u00e6relset, k\u00f8kkenet, altanen eller terrassen. Bestil din blomsterhylde blomsterstativ Ficus i dag og nyd synet af dine smukke planter hver dag.<\/p>\n<p><\/p>\n<p>Leveringstid: Leveringstid 1 uge<br \/>\nUdvendige dimensioner: 43x22x98cm<br \/>\nFabrikant: ForrestDecor<br \/>\nMateriale: metal<\/p>\n","protected":false},"excerpt":{"rendered":"<p>Er du p\u00e5 udkig efter en smuk og praktisk m\u00e5de at fremvise dine planter p\u00e5? S\u00e5 er blomsterhylden blomsterstativ Ficus fra ForrestDecor det perfekte valg for dig. Denne elegante hylde er lavet af metal og har et moderne design, der passer til enhver indretning. Den har fire niveauer med plads til op til 12 potteplanter, [&hellip;]<\/p>\n","protected":false},"featured_media":8144,"comment_status":"open","ping_status":"closed","template":"","meta":[],"product_brand":[],"product_cat":[182],"product_tag":[],"class_list":{"0":"post-8147","1":"product","2":"type-product","3":"status-publish","4":"has-post-thumbnail","6":"product_cat-blombord","8":"first","9":"instock","10":"shipping-taxable","11":"purchasable","12":"product-type-variable"},"yoast_head":"<!-- This site is optimized with the Yoast SEO plugin v24.8.1 - https:\/\/yoast.com\/wordpress\/plugins\/seo\/ -->\n<title>Blomsterhylde blomsterstativ Ficus 43x22x98cm - LASTCHANCE Deals | Danmark<\/title>\n<meta name=\"robots\" content=\"index, follow, max-snippet:-1, max-image-preview:large, max-video-preview:-1\" \/>\n<link rel=\"canonical\" href=\"https:\/\/last-chance.dk\/?product=blomsterhylde-blomsterstativ-ficus-43x22x98cm\" \/>\n<meta property=\"og:locale\" content=\"da_DK\" \/>\n<meta property=\"og:type\" content=\"article\" \/>\n<meta property=\"og:title\" content=\"Blomsterhylde blomsterstativ Ficus 43x22x98cm - LASTCHANCE Deals | Danmark\" \/>\n<meta property=\"og:description\" content=\"Er du p\u00e5 udkig efter en smuk og praktisk m\u00e5de at fremvise dine planter p\u00e5? S\u00e5 er blomsterhylden blomsterstativ Ficus fra ForrestDecor det perfekte valg for dig. Denne elegante hylde er lavet af metal og har et moderne design, der passer til enhver indretning. Den har fire niveauer med plads til op til 12 potteplanter, [&hellip;]\" \/>\n<meta property=\"og:url\" content=\"https:\/\/last-chance.dk\/?product=blomsterhylde-blomsterstativ-ficus-43x22x98cm\" \/>\n<meta property=\"og:site_name\" content=\"LASTCHANCE Deals | Danmark\" \/>\n<meta property=\"article:modified_time\" content=\"2025-09-19T17:20:30+00:00\" \/>\n<meta property=\"og:image\" content=\"https:\/\/last-chance.dk\/wp-content\/uploads\/2023\/11\/ficus_white_2.jpg\" \/>\n\t<meta property=\"og:image:width\" content=\"634\" \/>\n\t<meta property=\"og:image:height\" content=\"800\" \/>\n\t<meta property=\"og:image:type\" content=\"image\/jpeg\" \/>\n<meta name=\"twitter:card\" content=\"summary_large_image\" \/>\n<meta name=\"twitter:label1\" content=\"Estimeret l\u00e6setid\" \/>\n\t<meta name=\"twitter:data1\" content=\"1 minut\" \/>\n<script type=\"application\/ld+json\" class=\"yoast-schema-graph\">{\"@context\":\"https:\/\/schema.org\",\"@graph\":[{\"@type\":\"WebPage\",\"@id\":\"https:\/\/last-chance.dk\/?product=blomsterhylde-blomsterstativ-ficus-43x22x98cm\",\"url\":\"https:\/\/last-chance.dk\/?product=blomsterhylde-blomsterstativ-ficus-43x22x98cm\",\"name\":\"Blomsterhylde blomsterstativ Ficus 43x22x98cm - LASTCHANCE Deals | Danmark\",\"isPartOf\":{\"@id\":\"https:\/\/last-chance.dk\/#website\"},\"primaryImageOfPage\":{\"@id\":\"https:\/\/last-chance.dk\/?product=blomsterhylde-blomsterstativ-ficus-43x22x98cm#primaryimage\"},\"image\":{\"@id\":\"https:\/\/last-chance.dk\/?product=blomsterhylde-blomsterstativ-ficus-43x22x98cm#primaryimage\"},\"thumbnailUrl\":\"https:\/\/last-chance.dk\/wp-content\/uploads\/2023\/11\/ficus_white_2.jpg\",\"datePublished\":\"2023-11-06T14:14:40+00:00\",\"dateModified\":\"2025-09-19T17:20:30+00:00\",\"breadcrumb\":{\"@id\":\"https:\/\/last-chance.dk\/?product=blomsterhylde-blomsterstativ-ficus-43x22x98cm#breadcrumb\"},\"inLanguage\":\"da-DK\",\"potentialAction\":[{\"@type\":\"ReadAction\",\"target\":[\"https:\/\/last-chance.dk\/?product=blomsterhylde-blomsterstativ-ficus-43x22x98cm\"]}]},{\"@type\":\"ImageObject\",\"inLanguage\":\"da-DK\",\"@id\":\"https:\/\/last-chance.dk\/?product=blomsterhylde-blomsterstativ-ficus-43x22x98cm#primaryimage\",\"url\":\"https:\/\/last-chance.dk\/wp-content\/uploads\/2023\/11\/ficus_white_2.jpg\",\"contentUrl\":\"https:\/\/last-chance.dk\/wp-content\/uploads\/2023\/11\/ficus_white_2.jpg\",\"width\":634,\"height\":800},{\"@type\":\"BreadcrumbList\",\"@id\":\"https:\/\/last-chance.dk\/?product=blomsterhylde-blomsterstativ-ficus-43x22x98cm#breadcrumb\",\"itemListElement\":[{\"@type\":\"ListItem\",\"position\":1,\"name\":\"Home\",\"item\":\"https:\/\/last-chance.dk\/\"},{\"@type\":\"ListItem\",\"position\":2,\"name\":\"Blomsterhylde blomsterstativ Ficus 43x22x98cm\"}]},{\"@type\":\"WebSite\",\"@id\":\"https:\/\/last-chance.dk\/#website\",\"url\":\"https:\/\/last-chance.dk\/\",\"name\":\"LASTCHANCE Deals | Danmark\",\"description\":\"LASTCHANCE Deals | Danmark\",\"publisher\":{\"@id\":\"https:\/\/last-chance.dk\/#organization\"},\"potentialAction\":[{\"@type\":\"SearchAction\",\"target\":{\"@type\":\"EntryPoint\",\"urlTemplate\":\"https:\/\/last-chance.dk\/?s={search_term_string}\"},\"query-input\":{\"@type\":\"PropertyValueSpecification\",\"valueRequired\":true,\"valueName\":\"search_term_string\"}}],\"inLanguage\":\"da-DK\"},{\"@type\":\"Organization\",\"@id\":\"https:\/\/last-chance.dk\/#organization\",\"name\":\"LASTCHANCE Deals | Danmark\",\"url\":\"https:\/\/last-chance.dk\/\",\"logo\":{\"@type\":\"ImageObject\",\"inLanguage\":\"da-DK\",\"@id\":\"https:\/\/last-chance.dk\/#\/schema\/logo\/image\/\",\"url\":\"https:\/\/last-chance.dk\/wp-content\/uploads\/2023\/10\/lastchancedeals_logo_dk_white.png\",\"contentUrl\":\"https:\/\/last-chance.dk\/wp-content\/uploads\/2023\/10\/lastchancedeals_logo_dk_white.png\",\"width\":470,\"height\":110,\"caption\":\"LASTCHANCE Deals | Danmark\"},\"image\":{\"@id\":\"https:\/\/last-chance.dk\/#\/schema\/logo\/image\/\"}}]}<\/script>\n<!-- \/ Yoast SEO plugin. -->","yoast_head_json":{"title":"Blomsterhylde blomsterstativ Ficus 43x22x98cm - LASTCHANCE Deals | Danmark","robots":{"index":"index","follow":"follow","max-snippet":"max-snippet:-1","max-image-preview":"max-image-preview:large","max-video-preview":"max-video-preview:-1"},"canonical":"https:\/\/last-chance.dk\/?product=blomsterhylde-blomsterstativ-ficus-43x22x98cm","og_locale":"da_DK","og_type":"article","og_title":"Blomsterhylde blomsterstativ Ficus 43x22x98cm - LASTCHANCE Deals | Danmark","og_description":"Er du p\u00e5 udkig efter en smuk og praktisk m\u00e5de at fremvise dine planter p\u00e5? S\u00e5 er blomsterhylden blomsterstativ Ficus fra ForrestDecor det perfekte valg for dig. Denne elegante hylde er lavet af metal og har et moderne design, der passer til enhver indretning. Den har fire niveauer med plads til op til 12 potteplanter, [&hellip;]","og_url":"https:\/\/last-chance.dk\/?product=blomsterhylde-blomsterstativ-ficus-43x22x98cm","og_site_name":"LASTCHANCE Deals | Danmark","article_modified_time":"2025-09-19T17:20:30+00:00","og_image":[{"width":634,"height":800,"url":"https:\/\/last-chance.dk\/wp-content\/uploads\/2023\/11\/ficus_white_2.jpg","type":"image\/jpeg"}],"twitter_card":"summary_large_image","twitter_misc":{"Estimeret l\u00e6setid":"1 minut"},"schema":{"@context":"https:\/\/schema.org","@graph":[{"@type":"WebPage","@id":"https:\/\/last-chance.dk\/?product=blomsterhylde-blomsterstativ-ficus-43x22x98cm","url":"https:\/\/last-chance.dk\/?product=blomsterhylde-blomsterstativ-ficus-43x22x98cm","name":"Blomsterhylde blomsterstativ Ficus 43x22x98cm - LASTCHANCE Deals | Danmark","isPartOf":{"@id":"https:\/\/last-chance.dk\/#website"},"primaryImageOfPage":{"@id":"https:\/\/last-chance.dk\/?product=blomsterhylde-blomsterstativ-ficus-43x22x98cm#primaryimage"},"image":{"@id":"https:\/\/last-chance.dk\/?product=blomsterhylde-blomsterstativ-ficus-43x22x98cm#primaryimage"},"thumbnailUrl":"https:\/\/last-chance.dk\/wp-content\/uploads\/2023\/11\/ficus_white_2.jpg","datePublished":"2023-11-06T14:14:40+00:00","dateModified":"2025-09-19T17:20:30+00:00","breadcrumb":{"@id":"https:\/\/last-chance.dk\/?product=blomsterhylde-blomsterstativ-ficus-43x22x98cm#breadcrumb"},"inLanguage":"da-DK","potentialAction":[{"@type":"ReadAction","target":["https:\/\/last-chance.dk\/?product=blomsterhylde-blomsterstativ-ficus-43x22x98cm"]}]},{"@type":"ImageObject","inLanguage":"da-DK","@id":"https:\/\/last-chance.dk\/?product=blomsterhylde-blomsterstativ-ficus-43x22x98cm#primaryimage","url":"https:\/\/last-chance.dk\/wp-content\/uploads\/2023\/11\/ficus_white_2.jpg","contentUrl":"https:\/\/last-chance.dk\/wp-content\/uploads\/2023\/11\/ficus_white_2.jpg","width":634,"height":800},{"@type":"BreadcrumbList","@id":"https:\/\/last-chance.dk\/?product=blomsterhylde-blomsterstativ-ficus-43x22x98cm#breadcrumb","itemListElement":[{"@type":"ListItem","position":1,"name":"Home","item":"https:\/\/last-chance.dk\/"},{"@type":"ListItem","position":2,"name":"Blomsterhylde blomsterstativ Ficus 43x22x98cm"}]},{"@type":"WebSite","@id":"https:\/\/last-chance.dk\/#website","url":"https:\/\/last-chance.dk\/","name":"LASTCHANCE Deals | Danmark","description":"LASTCHANCE Deals | Danmark","publisher":{"@id":"https:\/\/last-chance.dk\/#organization"},"potentialAction":[{"@type":"SearchAction","target":{"@type":"EntryPoint","urlTemplate":"https:\/\/last-chance.dk\/?s={search_term_string}"},"query-input":{"@type":"PropertyValueSpecification","valueRequired":true,"valueName":"search_term_string"}}],"inLanguage":"da-DK"},{"@type":"Organization","@id":"https:\/\/last-chance.dk\/#organization","name":"LASTCHANCE Deals | Danmark","url":"https:\/\/last-chance.dk\/","logo":{"@type":"ImageObject","inLanguage":"da-DK","@id":"https:\/\/last-chance.dk\/#\/schema\/logo\/image\/","url":"https:\/\/last-chance.dk\/wp-content\/uploads\/2023\/10\/lastchancedeals_logo_dk_white.png","contentUrl":"https:\/\/last-chance.dk\/wp-content\/uploads\/2023\/10\/lastchancedeals_logo_dk_white.png","width":470,"height":110,"caption":"LASTCHANCE Deals | Danmark"},"image":{"@id":"https:\/\/last-chance.dk\/#\/schema\/logo\/image\/"}}]}},"_links":{"self":[{"href":"https:\/\/last-chance.dk\/index.php?rest_route=\/wp\/v2\/product\/8147","targetHints":{"allow":["GET"]}}],"collection":[{"href":"https:\/\/last-chance.dk\/index.php?rest_route=\/wp\/v2\/product"}],"about":[{"href":"https:\/\/last-chance.dk\/index.php?rest_route=\/wp\/v2\/types\/product"}],"replies":[{"embeddable":true,"href":"https:\/\/last-chance.dk\/index.php?rest_route=%2Fwp%2Fv2%2Fcomments&post=8147"}],"wp:featuredmedia":[{"embeddable":true,"href":"https:\/\/last-chance.dk\/index.php?rest_route=\/wp\/v2\/media\/8144"}],"wp:attachment":[{"href":"https:\/\/last-chance.dk\/index.php?rest_route=%2Fwp%2Fv2%2Fmedia&parent=8147"}],"wp:term":[{"taxonomy":"product_brand","embeddable":true,"href":"https:\/\/last-chance.dk\/index.php?rest_route=%2Fwp%2Fv2%2Fproduct_brand&post=8147"},{"taxonomy":"product_cat","embeddable":true,"href":"https:\/\/last-chance.dk\/index.php?rest_route=%2Fwp%2Fv2%2Fproduct_cat&post=8147"},{"taxonomy":"product_tag","embeddable":true,"href":"https:\/\/last-chance.dk\/index.php?rest_route=%2Fwp%2Fv2%2Fproduct_tag&post=8147"}],"curies":[{"name":"wp","href":"https:\/\/api.w.org\/{rel}","templated":true}]}}