{"id":8158,"date":"2023-11-06T14:15:07","date_gmt":"2023-11-06T14:15:07","guid":{"rendered":"https:\/\/www.lastchance.deals\/dk\/tuote\/blomsterhylde-blomsterstativ-marny-46x22x149cm\/"},"modified":"2025-10-13T11:47:54","modified_gmt":"2025-10-13T11:47:54","slug":"blomsterhylde-blomsterstativ-marny-46x22x149cm","status":"publish","type":"product","link":"https:\/\/last-chance.dk\/?product=blomsterhylde-blomsterstativ-marny-46x22x149cm","title":{"rendered":"Blomsterhylde blomsterstativ Marny 46x22x149cm"},"content":{"rendered":"<p>Er du p\u00e5 udkig efter en smuk og praktisk m\u00e5de at udstille dine planter p\u00e5? S\u00e5 er blomsterhylde blomsterstativ Marny det perfekte valg for dig!<\/p>\n<p><\/p>\n<p>Dette elegante og robuste stativ er fremstillet af metal og jern af h\u00f8j kvalitet, og har et simpelt og moderne design, der passer til enhver indretning. Det har fire hylder i forskellige h\u00f8jder, s\u00e5 du kan arrangere dine planter efter din smag og skabe et levende og gr\u00f8nt hj\u00f8rne i dit hjem.<\/p>\n<p><\/p>\n<p>Blomsterhylde blomsterstativ Marny er nem at samle og flytte rundt, og har en udvendig dimension p\u00e5 46x22x149cm, s\u00e5 det ikke optager for meget plads. Det er ogs\u00e5 velegnet til b\u00e5de indend\u00f8rs og udend\u00f8rs brug, s\u00e5 du kan nyde dine planter i alle \u00e5rstider.<\/p>\n<p><\/p>\n<p>Bestil dit blomsterhylde blomsterstativ Marny i dag, og giv dine planter det hjem, de fortjener!<\/p>\n<p><\/p>\n<p>Leveringstid: Leveringstid 1 uge<br \/>\nUdvendige dimensioner: 46x22x149cm<br \/>\nFabrikant: ForrestDecor<br \/>\nMateriale: metal,jern<\/p>\n","protected":false},"excerpt":{"rendered":"<p>Er du p\u00e5 udkig efter en smuk og praktisk m\u00e5de at udstille dine planter p\u00e5? S\u00e5 er blomsterhylde blomsterstativ Marny det perfekte valg for dig! Dette elegante og robuste stativ er fremstillet af metal og jern af h\u00f8j kvalitet, og har et simpelt og moderne design, der passer til enhver indretning. Det har fire hylder [&hellip;]<\/p>\n","protected":false},"featured_media":8152,"comment_status":"open","ping_status":"closed","template":"","meta":[],"product_brand":[],"product_cat":[184],"product_tag":[],"class_list":{"0":"post-8158","1":"product","2":"type-product","3":"status-publish","4":"has-post-thumbnail","6":"product_cat-flower-stands","8":"first","9":"instock","10":"shipping-taxable","11":"purchasable","12":"product-type-simple"},"yoast_head":"<!-- This site is optimized with the Yoast SEO plugin v24.8.1 - https:\/\/yoast.com\/wordpress\/plugins\/seo\/ -->\n<title>Blomsterhylde blomsterstativ Marny 46x22x149cm - LASTCHANCE Deals | Danmark<\/title>\n<meta name=\"robots\" content=\"index, follow, max-snippet:-1, max-image-preview:large, max-video-preview:-1\" \/>\n<link rel=\"canonical\" href=\"https:\/\/last-chance.dk\/?product=blomsterhylde-blomsterstativ-marny-46x22x149cm\" \/>\n<meta property=\"og:locale\" content=\"da_DK\" \/>\n<meta property=\"og:type\" content=\"article\" \/>\n<meta property=\"og:title\" content=\"Blomsterhylde blomsterstativ Marny 46x22x149cm - LASTCHANCE Deals | Danmark\" \/>\n<meta property=\"og:description\" content=\"Er du p\u00e5 udkig efter en smuk og praktisk m\u00e5de at udstille dine planter p\u00e5? S\u00e5 er blomsterhylde blomsterstativ Marny det perfekte valg for dig! Dette elegante og robuste stativ er fremstillet af metal og jern af h\u00f8j kvalitet, og har et simpelt og moderne design, der passer til enhver indretning. Det har fire hylder [&hellip;]\" \/>\n<meta property=\"og:url\" content=\"https:\/\/last-chance.dk\/?product=blomsterhylde-blomsterstativ-marny-46x22x149cm\" \/>\n<meta property=\"og:site_name\" content=\"LASTCHANCE Deals | Danmark\" \/>\n<meta property=\"article:modified_time\" content=\"2025-10-13T11:47:54+00:00\" \/>\n<meta property=\"og:image\" content=\"https:\/\/last-chance.dk\/wp-content\/uploads\/2023\/11\/marny_black.jpg\" \/>\n\t<meta property=\"og:image:width\" content=\"624\" \/>\n\t<meta property=\"og:image:height\" content=\"799\" \/>\n\t<meta property=\"og:image:type\" content=\"image\/jpeg\" \/>\n<meta name=\"twitter:card\" content=\"summary_large_image\" \/>\n<meta name=\"twitter:label1\" content=\"Estimeret l\u00e6setid\" \/>\n\t<meta name=\"twitter:data1\" content=\"1 minut\" \/>\n<script type=\"application\/ld+json\" class=\"yoast-schema-graph\">{\"@context\":\"https:\/\/schema.org\",\"@graph\":[{\"@type\":\"WebPage\",\"@id\":\"https:\/\/last-chance.dk\/?product=blomsterhylde-blomsterstativ-marny-46x22x149cm\",\"url\":\"https:\/\/last-chance.dk\/?product=blomsterhylde-blomsterstativ-marny-46x22x149cm\",\"name\":\"Blomsterhylde blomsterstativ Marny 46x22x149cm - LASTCHANCE Deals | Danmark\",\"isPartOf\":{\"@id\":\"https:\/\/last-chance.dk\/#website\"},\"primaryImageOfPage\":{\"@id\":\"https:\/\/last-chance.dk\/?product=blomsterhylde-blomsterstativ-marny-46x22x149cm#primaryimage\"},\"image\":{\"@id\":\"https:\/\/last-chance.dk\/?product=blomsterhylde-blomsterstativ-marny-46x22x149cm#primaryimage\"},\"thumbnailUrl\":\"https:\/\/last-chance.dk\/wp-content\/uploads\/2023\/11\/marny_black.jpg\",\"datePublished\":\"2023-11-06T14:15:07+00:00\",\"dateModified\":\"2025-10-13T11:47:54+00:00\",\"breadcrumb\":{\"@id\":\"https:\/\/last-chance.dk\/?product=blomsterhylde-blomsterstativ-marny-46x22x149cm#breadcrumb\"},\"inLanguage\":\"da-DK\",\"potentialAction\":[{\"@type\":\"ReadAction\",\"target\":[\"https:\/\/last-chance.dk\/?product=blomsterhylde-blomsterstativ-marny-46x22x149cm\"]}]},{\"@type\":\"ImageObject\",\"inLanguage\":\"da-DK\",\"@id\":\"https:\/\/last-chance.dk\/?product=blomsterhylde-blomsterstativ-marny-46x22x149cm#primaryimage\",\"url\":\"https:\/\/last-chance.dk\/wp-content\/uploads\/2023\/11\/marny_black.jpg\",\"contentUrl\":\"https:\/\/last-chance.dk\/wp-content\/uploads\/2023\/11\/marny_black.jpg\",\"width\":624,\"height\":799},{\"@type\":\"BreadcrumbList\",\"@id\":\"https:\/\/last-chance.dk\/?product=blomsterhylde-blomsterstativ-marny-46x22x149cm#breadcrumb\",\"itemListElement\":[{\"@type\":\"ListItem\",\"position\":1,\"name\":\"Home\",\"item\":\"https:\/\/last-chance.dk\/\"},{\"@type\":\"ListItem\",\"position\":2,\"name\":\"Blomsterhylde blomsterstativ Marny 46x22x149cm\"}]},{\"@type\":\"WebSite\",\"@id\":\"https:\/\/last-chance.dk\/#website\",\"url\":\"https:\/\/last-chance.dk\/\",\"name\":\"LASTCHANCE Deals | Danmark\",\"description\":\"LASTCHANCE Deals | Danmark\",\"publisher\":{\"@id\":\"https:\/\/last-chance.dk\/#organization\"},\"potentialAction\":[{\"@type\":\"SearchAction\",\"target\":{\"@type\":\"EntryPoint\",\"urlTemplate\":\"https:\/\/last-chance.dk\/?s={search_term_string}\"},\"query-input\":{\"@type\":\"PropertyValueSpecification\",\"valueRequired\":true,\"valueName\":\"search_term_string\"}}],\"inLanguage\":\"da-DK\"},{\"@type\":\"Organization\",\"@id\":\"https:\/\/last-chance.dk\/#organization\",\"name\":\"LASTCHANCE Deals | Danmark\",\"url\":\"https:\/\/last-chance.dk\/\",\"logo\":{\"@type\":\"ImageObject\",\"inLanguage\":\"da-DK\",\"@id\":\"https:\/\/last-chance.dk\/#\/schema\/logo\/image\/\",\"url\":\"https:\/\/last-chance.dk\/wp-content\/uploads\/2023\/10\/lastchancedeals_logo_dk_white.png\",\"contentUrl\":\"https:\/\/last-chance.dk\/wp-content\/uploads\/2023\/10\/lastchancedeals_logo_dk_white.png\",\"width\":470,\"height\":110,\"caption\":\"LASTCHANCE Deals | Danmark\"},\"image\":{\"@id\":\"https:\/\/last-chance.dk\/#\/schema\/logo\/image\/\"}}]}<\/script>\n<!-- \/ Yoast SEO plugin. -->","yoast_head_json":{"title":"Blomsterhylde blomsterstativ Marny 46x22x149cm - LASTCHANCE Deals | Danmark","robots":{"index":"index","follow":"follow","max-snippet":"max-snippet:-1","max-image-preview":"max-image-preview:large","max-video-preview":"max-video-preview:-1"},"canonical":"https:\/\/last-chance.dk\/?product=blomsterhylde-blomsterstativ-marny-46x22x149cm","og_locale":"da_DK","og_type":"article","og_title":"Blomsterhylde blomsterstativ Marny 46x22x149cm - LASTCHANCE Deals | Danmark","og_description":"Er du p\u00e5 udkig efter en smuk og praktisk m\u00e5de at udstille dine planter p\u00e5? S\u00e5 er blomsterhylde blomsterstativ Marny det perfekte valg for dig! Dette elegante og robuste stativ er fremstillet af metal og jern af h\u00f8j kvalitet, og har et simpelt og moderne design, der passer til enhver indretning. Det har fire hylder [&hellip;]","og_url":"https:\/\/last-chance.dk\/?product=blomsterhylde-blomsterstativ-marny-46x22x149cm","og_site_name":"LASTCHANCE Deals | Danmark","article_modified_time":"2025-10-13T11:47:54+00:00","og_image":[{"width":624,"height":799,"url":"https:\/\/last-chance.dk\/wp-content\/uploads\/2023\/11\/marny_black.jpg","type":"image\/jpeg"}],"twitter_card":"summary_large_image","twitter_misc":{"Estimeret l\u00e6setid":"1 minut"},"schema":{"@context":"https:\/\/schema.org","@graph":[{"@type":"WebPage","@id":"https:\/\/last-chance.dk\/?product=blomsterhylde-blomsterstativ-marny-46x22x149cm","url":"https:\/\/last-chance.dk\/?product=blomsterhylde-blomsterstativ-marny-46x22x149cm","name":"Blomsterhylde blomsterstativ Marny 46x22x149cm - LASTCHANCE Deals | Danmark","isPartOf":{"@id":"https:\/\/last-chance.dk\/#website"},"primaryImageOfPage":{"@id":"https:\/\/last-chance.dk\/?product=blomsterhylde-blomsterstativ-marny-46x22x149cm#primaryimage"},"image":{"@id":"https:\/\/last-chance.dk\/?product=blomsterhylde-blomsterstativ-marny-46x22x149cm#primaryimage"},"thumbnailUrl":"https:\/\/last-chance.dk\/wp-content\/uploads\/2023\/11\/marny_black.jpg","datePublished":"2023-11-06T14:15:07+00:00","dateModified":"2025-10-13T11:47:54+00:00","breadcrumb":{"@id":"https:\/\/last-chance.dk\/?product=blomsterhylde-blomsterstativ-marny-46x22x149cm#breadcrumb"},"inLanguage":"da-DK","potentialAction":[{"@type":"ReadAction","target":["https:\/\/last-chance.dk\/?product=blomsterhylde-blomsterstativ-marny-46x22x149cm"]}]},{"@type":"ImageObject","inLanguage":"da-DK","@id":"https:\/\/last-chance.dk\/?product=blomsterhylde-blomsterstativ-marny-46x22x149cm#primaryimage","url":"https:\/\/last-chance.dk\/wp-content\/uploads\/2023\/11\/marny_black.jpg","contentUrl":"https:\/\/last-chance.dk\/wp-content\/uploads\/2023\/11\/marny_black.jpg","width":624,"height":799},{"@type":"BreadcrumbList","@id":"https:\/\/last-chance.dk\/?product=blomsterhylde-blomsterstativ-marny-46x22x149cm#breadcrumb","itemListElement":[{"@type":"ListItem","position":1,"name":"Home","item":"https:\/\/last-chance.dk\/"},{"@type":"ListItem","position":2,"name":"Blomsterhylde blomsterstativ Marny 46x22x149cm"}]},{"@type":"WebSite","@id":"https:\/\/last-chance.dk\/#website","url":"https:\/\/last-chance.dk\/","name":"LASTCHANCE Deals | Danmark","description":"LASTCHANCE Deals | Danmark","publisher":{"@id":"https:\/\/last-chance.dk\/#organization"},"potentialAction":[{"@type":"SearchAction","target":{"@type":"EntryPoint","urlTemplate":"https:\/\/last-chance.dk\/?s={search_term_string}"},"query-input":{"@type":"PropertyValueSpecification","valueRequired":true,"valueName":"search_term_string"}}],"inLanguage":"da-DK"},{"@type":"Organization","@id":"https:\/\/last-chance.dk\/#organization","name":"LASTCHANCE Deals | Danmark","url":"https:\/\/last-chance.dk\/","logo":{"@type":"ImageObject","inLanguage":"da-DK","@id":"https:\/\/last-chance.dk\/#\/schema\/logo\/image\/","url":"https:\/\/last-chance.dk\/wp-content\/uploads\/2023\/10\/lastchancedeals_logo_dk_white.png","contentUrl":"https:\/\/last-chance.dk\/wp-content\/uploads\/2023\/10\/lastchancedeals_logo_dk_white.png","width":470,"height":110,"caption":"LASTCHANCE Deals | Danmark"},"image":{"@id":"https:\/\/last-chance.dk\/#\/schema\/logo\/image\/"}}]}},"_links":{"self":[{"href":"https:\/\/last-chance.dk\/index.php?rest_route=\/wp\/v2\/product\/8158","targetHints":{"allow":["GET"]}}],"collection":[{"href":"https:\/\/last-chance.dk\/index.php?rest_route=\/wp\/v2\/product"}],"about":[{"href":"https:\/\/last-chance.dk\/index.php?rest_route=\/wp\/v2\/types\/product"}],"replies":[{"embeddable":true,"href":"https:\/\/last-chance.dk\/index.php?rest_route=%2Fwp%2Fv2%2Fcomments&post=8158"}],"wp:featuredmedia":[{"embeddable":true,"href":"https:\/\/last-chance.dk\/index.php?rest_route=\/wp\/v2\/media\/8152"}],"wp:attachment":[{"href":"https:\/\/last-chance.dk\/index.php?rest_route=%2Fwp%2Fv2%2Fmedia&parent=8158"}],"wp:term":[{"taxonomy":"product_brand","embeddable":true,"href":"https:\/\/last-chance.dk\/index.php?rest_route=%2Fwp%2Fv2%2Fproduct_brand&post=8158"},{"taxonomy":"product_cat","embeddable":true,"href":"https:\/\/last-chance.dk\/index.php?rest_route=%2Fwp%2Fv2%2Fproduct_cat&post=8158"},{"taxonomy":"product_tag","embeddable":true,"href":"https:\/\/last-chance.dk\/index.php?rest_route=%2Fwp%2Fv2%2Fproduct_tag&post=8158"}],"curies":[{"name":"wp","href":"https:\/\/api.w.org\/{rel}","templated":true}]}}