{"id":8167,"date":"2023-11-06T14:15:44","date_gmt":"2023-11-06T14:15:44","guid":{"rendered":"https:\/\/www.lastchance.deals\/dk\/tuote\/vase-edda-10x27-5cm\/"},"modified":"2025-10-13T12:12:45","modified_gmt":"2025-10-13T12:12:45","slug":"vase-edda-10x27-5cm","status":"publish","type":"product","link":"https:\/\/last-chance.dk\/?product=vase-edda-10x27-5cm","title":{"rendered":"Vase Edda 10&#215;27.5cm"},"content":{"rendered":"<p>Leder du efter en smuk og elegant vase til at pynte dit hjem med? S\u00e5 er vase Edda fra ForrestDecor det perfekte valg for dig. Denne vase er lavet af keramisk materiale, som giver den et glat og glansfuldt udseende. Vase Edda har en flot form, som minder om en timeglas. Den har en diameter p\u00e5 10 cm og en h\u00f8jde p\u00e5 27.5 cm, s\u00e5 den passer perfekt til b\u00e5de sm\u00e5 og store blomster. Vase Edda har en neutral farve, som ikke er angivet, men som passer til enhver indretning. Du kan bruge denne vase til at skabe en hyggelig og stemningsfuld atmosf\u00e6re i dit hjem, eller give den som en gave til en du holder af. Vase Edda er et kvalitetsprodukt fra ForrestDecor, som er en anerkendt fabrikant af hjemmeartikler. Bestil din vase Edda i dag og gl\u00e6d dig over dens sk\u00f8nhed og elegance.<\/p>\n<p><\/p>\n<p>Leveringstid: Leveringstid 1 uge<br \/>\nUdvendige dimensioner: 10&#215;27.5cm<br \/>\nFarve: ikke angivet<br \/>\nFabrikant: ForrestDecor<br \/>\nMateriale: keramisk<\/p>\n","protected":false},"excerpt":{"rendered":"<p>Leder du efter en smuk og elegant vase til at pynte dit hjem med? S\u00e5 er vase Edda fra ForrestDecor det perfekte valg for dig. Denne vase er lavet af keramisk materiale, som giver den et glat og glansfuldt udseende. Vase Edda har en flot form, som minder om en timeglas. Den har en diameter [&hellip;]<\/p>\n","protected":false},"featured_media":8165,"comment_status":"open","ping_status":"closed","template":"","meta":[],"product_brand":[],"product_cat":[185],"product_tag":[],"class_list":{"0":"post-8167","1":"product","2":"type-product","3":"status-publish","4":"has-post-thumbnail","6":"product_cat-vases","8":"first","9":"instock","10":"shipping-taxable","11":"purchasable","12":"product-type-simple"},"yoast_head":"<!-- This site is optimized with the Yoast SEO plugin v24.8.1 - https:\/\/yoast.com\/wordpress\/plugins\/seo\/ -->\n<title>Vase Edda 10x27.5cm - LASTCHANCE Deals | Danmark<\/title>\n<meta name=\"robots\" content=\"index, follow, max-snippet:-1, max-image-preview:large, max-video-preview:-1\" \/>\n<link rel=\"canonical\" href=\"https:\/\/last-chance.dk\/?product=vase-edda-10x27-5cm\" \/>\n<meta property=\"og:locale\" content=\"da_DK\" \/>\n<meta property=\"og:type\" content=\"article\" \/>\n<meta property=\"og:title\" content=\"Vase Edda 10x27.5cm - LASTCHANCE Deals | Danmark\" \/>\n<meta property=\"og:description\" content=\"Leder du efter en smuk og elegant vase til at pynte dit hjem med? S\u00e5 er vase Edda fra ForrestDecor det perfekte valg for dig. Denne vase er lavet af keramisk materiale, som giver den et glat og glansfuldt udseende. Vase Edda har en flot form, som minder om en timeglas. Den har en diameter [&hellip;]\" \/>\n<meta property=\"og:url\" content=\"https:\/\/last-chance.dk\/?product=vase-edda-10x27-5cm\" \/>\n<meta property=\"og:site_name\" content=\"LASTCHANCE Deals | Danmark\" \/>\n<meta property=\"article:modified_time\" content=\"2025-10-13T12:12:45+00:00\" \/>\n<meta property=\"og:image\" content=\"https:\/\/last-chance.dk\/wp-content\/uploads\/2023\/11\/20180102150734.jpg\" \/>\n\t<meta property=\"og:image:width\" content=\"321\" \/>\n\t<meta property=\"og:image:height\" content=\"410\" \/>\n\t<meta property=\"og:image:type\" content=\"image\/jpeg\" \/>\n<meta name=\"twitter:card\" content=\"summary_large_image\" \/>\n<meta name=\"twitter:label1\" content=\"Estimeret l\u00e6setid\" \/>\n\t<meta name=\"twitter:data1\" content=\"1 minut\" \/>\n<script type=\"application\/ld+json\" class=\"yoast-schema-graph\">{\"@context\":\"https:\/\/schema.org\",\"@graph\":[{\"@type\":\"WebPage\",\"@id\":\"https:\/\/last-chance.dk\/?product=vase-edda-10x27-5cm\",\"url\":\"https:\/\/last-chance.dk\/?product=vase-edda-10x27-5cm\",\"name\":\"Vase Edda 10x27.5cm - LASTCHANCE Deals | Danmark\",\"isPartOf\":{\"@id\":\"https:\/\/last-chance.dk\/#website\"},\"primaryImageOfPage\":{\"@id\":\"https:\/\/last-chance.dk\/?product=vase-edda-10x27-5cm#primaryimage\"},\"image\":{\"@id\":\"https:\/\/last-chance.dk\/?product=vase-edda-10x27-5cm#primaryimage\"},\"thumbnailUrl\":\"https:\/\/last-chance.dk\/wp-content\/uploads\/2023\/11\/20180102150734.jpg\",\"datePublished\":\"2023-11-06T14:15:44+00:00\",\"dateModified\":\"2025-10-13T12:12:45+00:00\",\"breadcrumb\":{\"@id\":\"https:\/\/last-chance.dk\/?product=vase-edda-10x27-5cm#breadcrumb\"},\"inLanguage\":\"da-DK\",\"potentialAction\":[{\"@type\":\"ReadAction\",\"target\":[\"https:\/\/last-chance.dk\/?product=vase-edda-10x27-5cm\"]}]},{\"@type\":\"ImageObject\",\"inLanguage\":\"da-DK\",\"@id\":\"https:\/\/last-chance.dk\/?product=vase-edda-10x27-5cm#primaryimage\",\"url\":\"https:\/\/last-chance.dk\/wp-content\/uploads\/2023\/11\/20180102150734.jpg\",\"contentUrl\":\"https:\/\/last-chance.dk\/wp-content\/uploads\/2023\/11\/20180102150734.jpg\",\"width\":321,\"height\":410},{\"@type\":\"BreadcrumbList\",\"@id\":\"https:\/\/last-chance.dk\/?product=vase-edda-10x27-5cm#breadcrumb\",\"itemListElement\":[{\"@type\":\"ListItem\",\"position\":1,\"name\":\"Home\",\"item\":\"https:\/\/last-chance.dk\/\"},{\"@type\":\"ListItem\",\"position\":2,\"name\":\"Vase Edda 10&#215;27.5cm\"}]},{\"@type\":\"WebSite\",\"@id\":\"https:\/\/last-chance.dk\/#website\",\"url\":\"https:\/\/last-chance.dk\/\",\"name\":\"LASTCHANCE Deals | Danmark\",\"description\":\"LASTCHANCE Deals | Danmark\",\"publisher\":{\"@id\":\"https:\/\/last-chance.dk\/#organization\"},\"potentialAction\":[{\"@type\":\"SearchAction\",\"target\":{\"@type\":\"EntryPoint\",\"urlTemplate\":\"https:\/\/last-chance.dk\/?s={search_term_string}\"},\"query-input\":{\"@type\":\"PropertyValueSpecification\",\"valueRequired\":true,\"valueName\":\"search_term_string\"}}],\"inLanguage\":\"da-DK\"},{\"@type\":\"Organization\",\"@id\":\"https:\/\/last-chance.dk\/#organization\",\"name\":\"LASTCHANCE Deals | Danmark\",\"url\":\"https:\/\/last-chance.dk\/\",\"logo\":{\"@type\":\"ImageObject\",\"inLanguage\":\"da-DK\",\"@id\":\"https:\/\/last-chance.dk\/#\/schema\/logo\/image\/\",\"url\":\"https:\/\/last-chance.dk\/wp-content\/uploads\/2023\/10\/lastchancedeals_logo_dk_white.png\",\"contentUrl\":\"https:\/\/last-chance.dk\/wp-content\/uploads\/2023\/10\/lastchancedeals_logo_dk_white.png\",\"width\":470,\"height\":110,\"caption\":\"LASTCHANCE Deals | Danmark\"},\"image\":{\"@id\":\"https:\/\/last-chance.dk\/#\/schema\/logo\/image\/\"}}]}<\/script>\n<!-- \/ Yoast SEO plugin. -->","yoast_head_json":{"title":"Vase Edda 10x27.5cm - LASTCHANCE Deals | Danmark","robots":{"index":"index","follow":"follow","max-snippet":"max-snippet:-1","max-image-preview":"max-image-preview:large","max-video-preview":"max-video-preview:-1"},"canonical":"https:\/\/last-chance.dk\/?product=vase-edda-10x27-5cm","og_locale":"da_DK","og_type":"article","og_title":"Vase Edda 10x27.5cm - LASTCHANCE Deals | Danmark","og_description":"Leder du efter en smuk og elegant vase til at pynte dit hjem med? S\u00e5 er vase Edda fra ForrestDecor det perfekte valg for dig. Denne vase er lavet af keramisk materiale, som giver den et glat og glansfuldt udseende. Vase Edda har en flot form, som minder om en timeglas. Den har en diameter [&hellip;]","og_url":"https:\/\/last-chance.dk\/?product=vase-edda-10x27-5cm","og_site_name":"LASTCHANCE Deals | Danmark","article_modified_time":"2025-10-13T12:12:45+00:00","og_image":[{"width":321,"height":410,"url":"https:\/\/last-chance.dk\/wp-content\/uploads\/2023\/11\/20180102150734.jpg","type":"image\/jpeg"}],"twitter_card":"summary_large_image","twitter_misc":{"Estimeret l\u00e6setid":"1 minut"},"schema":{"@context":"https:\/\/schema.org","@graph":[{"@type":"WebPage","@id":"https:\/\/last-chance.dk\/?product=vase-edda-10x27-5cm","url":"https:\/\/last-chance.dk\/?product=vase-edda-10x27-5cm","name":"Vase Edda 10x27.5cm - LASTCHANCE Deals | Danmark","isPartOf":{"@id":"https:\/\/last-chance.dk\/#website"},"primaryImageOfPage":{"@id":"https:\/\/last-chance.dk\/?product=vase-edda-10x27-5cm#primaryimage"},"image":{"@id":"https:\/\/last-chance.dk\/?product=vase-edda-10x27-5cm#primaryimage"},"thumbnailUrl":"https:\/\/last-chance.dk\/wp-content\/uploads\/2023\/11\/20180102150734.jpg","datePublished":"2023-11-06T14:15:44+00:00","dateModified":"2025-10-13T12:12:45+00:00","breadcrumb":{"@id":"https:\/\/last-chance.dk\/?product=vase-edda-10x27-5cm#breadcrumb"},"inLanguage":"da-DK","potentialAction":[{"@type":"ReadAction","target":["https:\/\/last-chance.dk\/?product=vase-edda-10x27-5cm"]}]},{"@type":"ImageObject","inLanguage":"da-DK","@id":"https:\/\/last-chance.dk\/?product=vase-edda-10x27-5cm#primaryimage","url":"https:\/\/last-chance.dk\/wp-content\/uploads\/2023\/11\/20180102150734.jpg","contentUrl":"https:\/\/last-chance.dk\/wp-content\/uploads\/2023\/11\/20180102150734.jpg","width":321,"height":410},{"@type":"BreadcrumbList","@id":"https:\/\/last-chance.dk\/?product=vase-edda-10x27-5cm#breadcrumb","itemListElement":[{"@type":"ListItem","position":1,"name":"Home","item":"https:\/\/last-chance.dk\/"},{"@type":"ListItem","position":2,"name":"Vase Edda 10&#215;27.5cm"}]},{"@type":"WebSite","@id":"https:\/\/last-chance.dk\/#website","url":"https:\/\/last-chance.dk\/","name":"LASTCHANCE Deals | Danmark","description":"LASTCHANCE Deals | Danmark","publisher":{"@id":"https:\/\/last-chance.dk\/#organization"},"potentialAction":[{"@type":"SearchAction","target":{"@type":"EntryPoint","urlTemplate":"https:\/\/last-chance.dk\/?s={search_term_string}"},"query-input":{"@type":"PropertyValueSpecification","valueRequired":true,"valueName":"search_term_string"}}],"inLanguage":"da-DK"},{"@type":"Organization","@id":"https:\/\/last-chance.dk\/#organization","name":"LASTCHANCE Deals | Danmark","url":"https:\/\/last-chance.dk\/","logo":{"@type":"ImageObject","inLanguage":"da-DK","@id":"https:\/\/last-chance.dk\/#\/schema\/logo\/image\/","url":"https:\/\/last-chance.dk\/wp-content\/uploads\/2023\/10\/lastchancedeals_logo_dk_white.png","contentUrl":"https:\/\/last-chance.dk\/wp-content\/uploads\/2023\/10\/lastchancedeals_logo_dk_white.png","width":470,"height":110,"caption":"LASTCHANCE Deals | Danmark"},"image":{"@id":"https:\/\/last-chance.dk\/#\/schema\/logo\/image\/"}}]}},"_links":{"self":[{"href":"https:\/\/last-chance.dk\/index.php?rest_route=\/wp\/v2\/product\/8167","targetHints":{"allow":["GET"]}}],"collection":[{"href":"https:\/\/last-chance.dk\/index.php?rest_route=\/wp\/v2\/product"}],"about":[{"href":"https:\/\/last-chance.dk\/index.php?rest_route=\/wp\/v2\/types\/product"}],"replies":[{"embeddable":true,"href":"https:\/\/last-chance.dk\/index.php?rest_route=%2Fwp%2Fv2%2Fcomments&post=8167"}],"wp:featuredmedia":[{"embeddable":true,"href":"https:\/\/last-chance.dk\/index.php?rest_route=\/wp\/v2\/media\/8165"}],"wp:attachment":[{"href":"https:\/\/last-chance.dk\/index.php?rest_route=%2Fwp%2Fv2%2Fmedia&parent=8167"}],"wp:term":[{"taxonomy":"product_brand","embeddable":true,"href":"https:\/\/last-chance.dk\/index.php?rest_route=%2Fwp%2Fv2%2Fproduct_brand&post=8167"},{"taxonomy":"product_cat","embeddable":true,"href":"https:\/\/last-chance.dk\/index.php?rest_route=%2Fwp%2Fv2%2Fproduct_cat&post=8167"},{"taxonomy":"product_tag","embeddable":true,"href":"https:\/\/last-chance.dk\/index.php?rest_route=%2Fwp%2Fv2%2Fproduct_tag&post=8167"}],"curies":[{"name":"wp","href":"https:\/\/api.w.org\/{rel}","templated":true}]}}