{"id":8178,"date":"2023-11-06T14:16:16","date_gmt":"2023-11-06T14:16:16","guid":{"rendered":"https:\/\/www.lastchance.deals\/dk\/tuote\/gaming-stol-mccree-kunstigt-laedertrae\/"},"modified":"2025-09-19T17:40:29","modified_gmt":"2025-09-19T17:40:29","slug":"gaming-stol-mccree-kunstigt-laedertrae","status":"publish","type":"product","link":"https:\/\/last-chance.dk\/?product=gaming-stol-mccree-kunstigt-laedertrae","title":{"rendered":"Gaming-Stol McCree  kunstigt l\u00e6der,tr\u00e6"},"content":{"rendered":"<p>Hvis du er p\u00e5 udkig efter en komfortabel og stilfuld gaming-stol, s\u00e5 er Gaming-Stol McCree det perfekte valg for dig. Denne stol er lavet af kunstigt l\u00e6der og tr\u00e6, som giver den et moderne og elegant udseende. Den har en ergonomisk form, der st\u00f8tter din ryg og nakke, mens du spiller dine yndlingsspil. Den har ogs\u00e5 justerbare arml\u00e6n og h\u00f8jde, s\u00e5 du kan tilpasse den til din krop og skrivebord.<\/p>\n<p><\/p>\n<p>Gaming-Stol McCree er nem at samle, da den leveres med alle de n\u00f8dvendige dele og instruktioner. Du kan nyde din nye stol p\u00e5 ingen tid. Den har ogs\u00e5 en 12 m\u00e5neders rammegaranti, s\u00e5 du kan v\u00e6re sikker p\u00e5 dens kvalitet og holdbarhed. Gaming-Stol McCree er en fantastisk tilf\u00f8jelse til dit gaming-rum eller kontor. Den vil give dig en behagelig og sp\u00e6ndende oplevelse hver gang du s\u00e6tter dig i den.<\/p>\n<p><\/p>\n<p>Leveringstid: Leveringstid 1 uge<br \/>\nStil: moderne<br \/>\nMateriale: kunstigt l\u00e6der,tr\u00e6<br \/>\nStolens dimensioner: 73x83x105cm<br \/>\nFabrikant: ForrestDecor<br \/>\nMontage: skal samles<br \/>\nGaranti: 12 m\u00e5neders rammegaranti<\/p>\n","protected":false},"excerpt":{"rendered":"<p>Hvis du er p\u00e5 udkig efter en komfortabel og stilfuld gaming-stol, s\u00e5 er Gaming-Stol McCree det perfekte valg for dig. Denne stol er lavet af kunstigt l\u00e6der og tr\u00e6, som giver den et moderne og elegant udseende. Den har en ergonomisk form, der st\u00f8tter din ryg og nakke, mens du spiller dine yndlingsspil. Den har [&hellip;]<\/p>\n","protected":false},"featured_media":8173,"comment_status":"open","ping_status":"closed","template":"","meta":[],"product_brand":[],"product_cat":[187],"product_tag":[],"class_list":{"0":"post-8178","1":"product","2":"type-product","3":"status-publish","4":"has-post-thumbnail","6":"product_cat-gaming-stolar","8":"first","9":"instock","10":"shipping-taxable","11":"purchasable","12":"product-type-simple"},"yoast_head":"<!-- This site is optimized with the Yoast SEO plugin v24.8.1 - https:\/\/yoast.com\/wordpress\/plugins\/seo\/ -->\n<title>Gaming-Stol McCree kunstigt l\u00e6der,tr\u00e6 - LASTCHANCE Deals | Danmark<\/title>\n<meta name=\"robots\" content=\"index, follow, max-snippet:-1, max-image-preview:large, max-video-preview:-1\" \/>\n<link rel=\"canonical\" href=\"https:\/\/last-chance.dk\/?product=gaming-stol-mccree-kunstigt-laedertrae\" \/>\n<meta property=\"og:locale\" content=\"da_DK\" \/>\n<meta property=\"og:type\" content=\"article\" \/>\n<meta property=\"og:title\" content=\"Gaming-Stol McCree kunstigt l\u00e6der,tr\u00e6 - LASTCHANCE Deals | Danmark\" \/>\n<meta property=\"og:description\" content=\"Hvis du er p\u00e5 udkig efter en komfortabel og stilfuld gaming-stol, s\u00e5 er Gaming-Stol McCree det perfekte valg for dig. Denne stol er lavet af kunstigt l\u00e6der og tr\u00e6, som giver den et moderne og elegant udseende. Den har en ergonomisk form, der st\u00f8tter din ryg og nakke, mens du spiller dine yndlingsspil. Den har [&hellip;]\" \/>\n<meta property=\"og:url\" content=\"https:\/\/last-chance.dk\/?product=gaming-stol-mccree-kunstigt-laedertrae\" \/>\n<meta property=\"og:site_name\" content=\"LASTCHANCE Deals | Danmark\" \/>\n<meta property=\"article:modified_time\" content=\"2025-09-19T17:40:29+00:00\" \/>\n<meta property=\"og:image\" content=\"https:\/\/last-chance.dk\/wp-content\/uploads\/2023\/11\/mccree_blackwhite1.jpg\" \/>\n\t<meta property=\"og:image:width\" content=\"740\" \/>\n\t<meta property=\"og:image:height\" content=\"527\" \/>\n\t<meta property=\"og:image:type\" content=\"image\/jpeg\" \/>\n<meta name=\"twitter:card\" content=\"summary_large_image\" \/>\n<meta name=\"twitter:label1\" content=\"Estimeret l\u00e6setid\" \/>\n\t<meta name=\"twitter:data1\" content=\"1 minut\" \/>\n<script type=\"application\/ld+json\" class=\"yoast-schema-graph\">{\"@context\":\"https:\/\/schema.org\",\"@graph\":[{\"@type\":\"WebPage\",\"@id\":\"https:\/\/last-chance.dk\/?product=gaming-stol-mccree-kunstigt-laedertrae\",\"url\":\"https:\/\/last-chance.dk\/?product=gaming-stol-mccree-kunstigt-laedertrae\",\"name\":\"Gaming-Stol McCree kunstigt l\u00e6der,tr\u00e6 - LASTCHANCE Deals | Danmark\",\"isPartOf\":{\"@id\":\"https:\/\/last-chance.dk\/#website\"},\"primaryImageOfPage\":{\"@id\":\"https:\/\/last-chance.dk\/?product=gaming-stol-mccree-kunstigt-laedertrae#primaryimage\"},\"image\":{\"@id\":\"https:\/\/last-chance.dk\/?product=gaming-stol-mccree-kunstigt-laedertrae#primaryimage\"},\"thumbnailUrl\":\"https:\/\/last-chance.dk\/wp-content\/uploads\/2023\/11\/mccree_blackwhite1.jpg\",\"datePublished\":\"2023-11-06T14:16:16+00:00\",\"dateModified\":\"2025-09-19T17:40:29+00:00\",\"breadcrumb\":{\"@id\":\"https:\/\/last-chance.dk\/?product=gaming-stol-mccree-kunstigt-laedertrae#breadcrumb\"},\"inLanguage\":\"da-DK\",\"potentialAction\":[{\"@type\":\"ReadAction\",\"target\":[\"https:\/\/last-chance.dk\/?product=gaming-stol-mccree-kunstigt-laedertrae\"]}]},{\"@type\":\"ImageObject\",\"inLanguage\":\"da-DK\",\"@id\":\"https:\/\/last-chance.dk\/?product=gaming-stol-mccree-kunstigt-laedertrae#primaryimage\",\"url\":\"https:\/\/last-chance.dk\/wp-content\/uploads\/2023\/11\/mccree_blackwhite1.jpg\",\"contentUrl\":\"https:\/\/last-chance.dk\/wp-content\/uploads\/2023\/11\/mccree_blackwhite1.jpg\",\"width\":740,\"height\":527},{\"@type\":\"BreadcrumbList\",\"@id\":\"https:\/\/last-chance.dk\/?product=gaming-stol-mccree-kunstigt-laedertrae#breadcrumb\",\"itemListElement\":[{\"@type\":\"ListItem\",\"position\":1,\"name\":\"Home\",\"item\":\"https:\/\/last-chance.dk\/\"},{\"@type\":\"ListItem\",\"position\":2,\"name\":\"Gaming-Stol McCree kunstigt l\u00e6der,tr\u00e6\"}]},{\"@type\":\"WebSite\",\"@id\":\"https:\/\/last-chance.dk\/#website\",\"url\":\"https:\/\/last-chance.dk\/\",\"name\":\"LASTCHANCE Deals | Danmark\",\"description\":\"LASTCHANCE Deals | Danmark\",\"publisher\":{\"@id\":\"https:\/\/last-chance.dk\/#organization\"},\"potentialAction\":[{\"@type\":\"SearchAction\",\"target\":{\"@type\":\"EntryPoint\",\"urlTemplate\":\"https:\/\/last-chance.dk\/?s={search_term_string}\"},\"query-input\":{\"@type\":\"PropertyValueSpecification\",\"valueRequired\":true,\"valueName\":\"search_term_string\"}}],\"inLanguage\":\"da-DK\"},{\"@type\":\"Organization\",\"@id\":\"https:\/\/last-chance.dk\/#organization\",\"name\":\"LASTCHANCE Deals | Danmark\",\"url\":\"https:\/\/last-chance.dk\/\",\"logo\":{\"@type\":\"ImageObject\",\"inLanguage\":\"da-DK\",\"@id\":\"https:\/\/last-chance.dk\/#\/schema\/logo\/image\/\",\"url\":\"https:\/\/last-chance.dk\/wp-content\/uploads\/2023\/10\/lastchancedeals_logo_dk_white.png\",\"contentUrl\":\"https:\/\/last-chance.dk\/wp-content\/uploads\/2023\/10\/lastchancedeals_logo_dk_white.png\",\"width\":470,\"height\":110,\"caption\":\"LASTCHANCE Deals | Danmark\"},\"image\":{\"@id\":\"https:\/\/last-chance.dk\/#\/schema\/logo\/image\/\"}}]}<\/script>\n<!-- \/ Yoast SEO plugin. -->","yoast_head_json":{"title":"Gaming-Stol McCree kunstigt l\u00e6der,tr\u00e6 - LASTCHANCE Deals | Danmark","robots":{"index":"index","follow":"follow","max-snippet":"max-snippet:-1","max-image-preview":"max-image-preview:large","max-video-preview":"max-video-preview:-1"},"canonical":"https:\/\/last-chance.dk\/?product=gaming-stol-mccree-kunstigt-laedertrae","og_locale":"da_DK","og_type":"article","og_title":"Gaming-Stol McCree kunstigt l\u00e6der,tr\u00e6 - LASTCHANCE Deals | Danmark","og_description":"Hvis du er p\u00e5 udkig efter en komfortabel og stilfuld gaming-stol, s\u00e5 er Gaming-Stol McCree det perfekte valg for dig. Denne stol er lavet af kunstigt l\u00e6der og tr\u00e6, som giver den et moderne og elegant udseende. Den har en ergonomisk form, der st\u00f8tter din ryg og nakke, mens du spiller dine yndlingsspil. Den har [&hellip;]","og_url":"https:\/\/last-chance.dk\/?product=gaming-stol-mccree-kunstigt-laedertrae","og_site_name":"LASTCHANCE Deals | Danmark","article_modified_time":"2025-09-19T17:40:29+00:00","og_image":[{"width":740,"height":527,"url":"https:\/\/last-chance.dk\/wp-content\/uploads\/2023\/11\/mccree_blackwhite1.jpg","type":"image\/jpeg"}],"twitter_card":"summary_large_image","twitter_misc":{"Estimeret l\u00e6setid":"1 minut"},"schema":{"@context":"https:\/\/schema.org","@graph":[{"@type":"WebPage","@id":"https:\/\/last-chance.dk\/?product=gaming-stol-mccree-kunstigt-laedertrae","url":"https:\/\/last-chance.dk\/?product=gaming-stol-mccree-kunstigt-laedertrae","name":"Gaming-Stol McCree kunstigt l\u00e6der,tr\u00e6 - LASTCHANCE Deals | Danmark","isPartOf":{"@id":"https:\/\/last-chance.dk\/#website"},"primaryImageOfPage":{"@id":"https:\/\/last-chance.dk\/?product=gaming-stol-mccree-kunstigt-laedertrae#primaryimage"},"image":{"@id":"https:\/\/last-chance.dk\/?product=gaming-stol-mccree-kunstigt-laedertrae#primaryimage"},"thumbnailUrl":"https:\/\/last-chance.dk\/wp-content\/uploads\/2023\/11\/mccree_blackwhite1.jpg","datePublished":"2023-11-06T14:16:16+00:00","dateModified":"2025-09-19T17:40:29+00:00","breadcrumb":{"@id":"https:\/\/last-chance.dk\/?product=gaming-stol-mccree-kunstigt-laedertrae#breadcrumb"},"inLanguage":"da-DK","potentialAction":[{"@type":"ReadAction","target":["https:\/\/last-chance.dk\/?product=gaming-stol-mccree-kunstigt-laedertrae"]}]},{"@type":"ImageObject","inLanguage":"da-DK","@id":"https:\/\/last-chance.dk\/?product=gaming-stol-mccree-kunstigt-laedertrae#primaryimage","url":"https:\/\/last-chance.dk\/wp-content\/uploads\/2023\/11\/mccree_blackwhite1.jpg","contentUrl":"https:\/\/last-chance.dk\/wp-content\/uploads\/2023\/11\/mccree_blackwhite1.jpg","width":740,"height":527},{"@type":"BreadcrumbList","@id":"https:\/\/last-chance.dk\/?product=gaming-stol-mccree-kunstigt-laedertrae#breadcrumb","itemListElement":[{"@type":"ListItem","position":1,"name":"Home","item":"https:\/\/last-chance.dk\/"},{"@type":"ListItem","position":2,"name":"Gaming-Stol McCree kunstigt l\u00e6der,tr\u00e6"}]},{"@type":"WebSite","@id":"https:\/\/last-chance.dk\/#website","url":"https:\/\/last-chance.dk\/","name":"LASTCHANCE Deals | Danmark","description":"LASTCHANCE Deals | Danmark","publisher":{"@id":"https:\/\/last-chance.dk\/#organization"},"potentialAction":[{"@type":"SearchAction","target":{"@type":"EntryPoint","urlTemplate":"https:\/\/last-chance.dk\/?s={search_term_string}"},"query-input":{"@type":"PropertyValueSpecification","valueRequired":true,"valueName":"search_term_string"}}],"inLanguage":"da-DK"},{"@type":"Organization","@id":"https:\/\/last-chance.dk\/#organization","name":"LASTCHANCE Deals | Danmark","url":"https:\/\/last-chance.dk\/","logo":{"@type":"ImageObject","inLanguage":"da-DK","@id":"https:\/\/last-chance.dk\/#\/schema\/logo\/image\/","url":"https:\/\/last-chance.dk\/wp-content\/uploads\/2023\/10\/lastchancedeals_logo_dk_white.png","contentUrl":"https:\/\/last-chance.dk\/wp-content\/uploads\/2023\/10\/lastchancedeals_logo_dk_white.png","width":470,"height":110,"caption":"LASTCHANCE Deals | Danmark"},"image":{"@id":"https:\/\/last-chance.dk\/#\/schema\/logo\/image\/"}}]}},"_links":{"self":[{"href":"https:\/\/last-chance.dk\/index.php?rest_route=\/wp\/v2\/product\/8178","targetHints":{"allow":["GET"]}}],"collection":[{"href":"https:\/\/last-chance.dk\/index.php?rest_route=\/wp\/v2\/product"}],"about":[{"href":"https:\/\/last-chance.dk\/index.php?rest_route=\/wp\/v2\/types\/product"}],"replies":[{"embeddable":true,"href":"https:\/\/last-chance.dk\/index.php?rest_route=%2Fwp%2Fv2%2Fcomments&post=8178"}],"wp:featuredmedia":[{"embeddable":true,"href":"https:\/\/last-chance.dk\/index.php?rest_route=\/wp\/v2\/media\/8173"}],"wp:attachment":[{"href":"https:\/\/last-chance.dk\/index.php?rest_route=%2Fwp%2Fv2%2Fmedia&parent=8178"}],"wp:term":[{"taxonomy":"product_brand","embeddable":true,"href":"https:\/\/last-chance.dk\/index.php?rest_route=%2Fwp%2Fv2%2Fproduct_brand&post=8178"},{"taxonomy":"product_cat","embeddable":true,"href":"https:\/\/last-chance.dk\/index.php?rest_route=%2Fwp%2Fv2%2Fproduct_cat&post=8178"},{"taxonomy":"product_tag","embeddable":true,"href":"https:\/\/last-chance.dk\/index.php?rest_route=%2Fwp%2Fv2%2Fproduct_tag&post=8178"}],"curies":[{"name":"wp","href":"https:\/\/api.w.org\/{rel}","templated":true}]}}