{"id":8180,"date":"2023-11-06T14:16:31","date_gmt":"2023-11-06T14:16:31","guid":{"rendered":"https:\/\/www.lastchance.deals\/dk\/tuote\/sengebord-saet-prato-2stk\/"},"modified":"2025-09-19T18:24:19","modified_gmt":"2025-09-19T18:24:19","slug":"sengebord-saet-prato-2stk","status":"publish","type":"product","link":"https:\/\/last-chance.dk\/?product=sengebord-saet-prato-2stk","title":{"rendered":"Sengebord s\u00e6t Prato 2stk."},"content":{"rendered":"<p>Er du p\u00e5 udkig efter et moderne og elegant sengebord s\u00e6t til dit sovev\u00e6relse? S\u00e5 er Prato s\u00e6ttet det perfekte valg for dig. Prato s\u00e6ttet best\u00e5r af to sengeborde i sort-hvid farve, der passer til enhver indretning. Hvert sengebord har en glasplade p\u00e5 toppen og en kunstl\u00e6derbekl\u00e6dt skuffe med senget\u00f8jskasse. Skuffen har et praktisk greb og er rummelig nok til at opbevare dine personlige ting. Sengeborde er lavet af mdf materiale af h\u00f8j kvalitet og er h\u00e5ndlavet i EU af LuxCasa fabrikanten. De leveres samlet, s\u00e5 du beh\u00f8ver ikke at bekymre dig om montage. Prato s\u00e6ttet har ogs\u00e5 en 12 m\u00e5neders rammegaranti, s\u00e5 du kan v\u00e6re sikker p\u00e5 at f\u00e5 et holdbart og p\u00e5lideligt produkt. Fork\u00e6l dig selv med Prato sengebord s\u00e6ttet og giv dit sovev\u00e6relse et nyt og frisk look.<\/p>\n<p><\/p>\n<p>Leveringstid: Leveringstid 1 uge<br \/>\nStil: moderne<br \/>\nMateriale: kunstigt l\u00e6der,glas<br \/>\nRammemateriale: mdf<br \/>\nFarve: sort-hvid<br \/>\nSenget\u00f8jskasse: inkluderet<br \/>\nMontage: leveres samlet<br \/>\nGaranti: 12 m\u00e5neders rammegaranti<br \/>\nFabrikant: LuxCasa<br \/>\nFremstillet: i EU h\u00e5ndlavet<\/p>\n","protected":false},"excerpt":{"rendered":"<p>Er du p\u00e5 udkig efter et moderne og elegant sengebord s\u00e6t til dit sovev\u00e6relse? S\u00e5 er Prato s\u00e6ttet det perfekte valg for dig. Prato s\u00e6ttet best\u00e5r af to sengeborde i sort-hvid farve, der passer til enhver indretning. Hvert sengebord har en glasplade p\u00e5 toppen og en kunstl\u00e6derbekl\u00e6dt skuffe med senget\u00f8jskasse. Skuffen har et praktisk greb [&hellip;]<\/p>\n","protected":false},"featured_media":8179,"comment_status":"open","ping_status":"closed","template":"","meta":[],"product_brand":[],"product_cat":[157],"product_tag":[],"class_list":{"0":"post-8180","1":"product","2":"type-product","3":"status-publish","4":"has-post-thumbnail","6":"product_cat-bedside-tables","8":"first","9":"instock","10":"shipping-taxable","11":"purchasable","12":"product-type-simple"},"yoast_head":"<!-- This site is optimized with the Yoast SEO plugin v24.8.1 - https:\/\/yoast.com\/wordpress\/plugins\/seo\/ -->\n<title>Sengebord s\u00e6t Prato 2stk. - LASTCHANCE Deals | Danmark<\/title>\n<meta name=\"robots\" content=\"index, follow, max-snippet:-1, max-image-preview:large, max-video-preview:-1\" \/>\n<link rel=\"canonical\" href=\"https:\/\/last-chance.dk\/?product=sengebord-saet-prato-2stk\" \/>\n<meta property=\"og:locale\" content=\"da_DK\" \/>\n<meta property=\"og:type\" content=\"article\" \/>\n<meta property=\"og:title\" content=\"Sengebord s\u00e6t Prato 2stk. - LASTCHANCE Deals | Danmark\" \/>\n<meta property=\"og:description\" content=\"Er du p\u00e5 udkig efter et moderne og elegant sengebord s\u00e6t til dit sovev\u00e6relse? S\u00e5 er Prato s\u00e6ttet det perfekte valg for dig. Prato s\u00e6ttet best\u00e5r af to sengeborde i sort-hvid farve, der passer til enhver indretning. Hvert sengebord har en glasplade p\u00e5 toppen og en kunstl\u00e6derbekl\u00e6dt skuffe med senget\u00f8jskasse. Skuffen har et praktisk greb [&hellip;]\" \/>\n<meta property=\"og:url\" content=\"https:\/\/last-chance.dk\/?product=sengebord-saet-prato-2stk\" \/>\n<meta property=\"og:site_name\" content=\"LASTCHANCE Deals | Danmark\" \/>\n<meta property=\"article:modified_time\" content=\"2025-09-19T18:24:19+00:00\" \/>\n<meta property=\"og:image\" content=\"https:\/\/last-chance.dk\/wp-content\/uploads\/2023\/11\/bedside_table_prato.jpg\" \/>\n\t<meta property=\"og:image:width\" content=\"243\" \/>\n\t<meta property=\"og:image:height\" content=\"239\" \/>\n\t<meta property=\"og:image:type\" content=\"image\/jpeg\" \/>\n<meta name=\"twitter:card\" content=\"summary_large_image\" \/>\n<meta name=\"twitter:label1\" content=\"Estimeret l\u00e6setid\" \/>\n\t<meta name=\"twitter:data1\" content=\"1 minut\" \/>\n<script type=\"application\/ld+json\" class=\"yoast-schema-graph\">{\"@context\":\"https:\/\/schema.org\",\"@graph\":[{\"@type\":\"WebPage\",\"@id\":\"https:\/\/last-chance.dk\/?product=sengebord-saet-prato-2stk\",\"url\":\"https:\/\/last-chance.dk\/?product=sengebord-saet-prato-2stk\",\"name\":\"Sengebord s\u00e6t Prato 2stk. - LASTCHANCE Deals | Danmark\",\"isPartOf\":{\"@id\":\"https:\/\/last-chance.dk\/#website\"},\"primaryImageOfPage\":{\"@id\":\"https:\/\/last-chance.dk\/?product=sengebord-saet-prato-2stk#primaryimage\"},\"image\":{\"@id\":\"https:\/\/last-chance.dk\/?product=sengebord-saet-prato-2stk#primaryimage\"},\"thumbnailUrl\":\"https:\/\/last-chance.dk\/wp-content\/uploads\/2023\/11\/bedside_table_prato.jpg\",\"datePublished\":\"2023-11-06T14:16:31+00:00\",\"dateModified\":\"2025-09-19T18:24:19+00:00\",\"breadcrumb\":{\"@id\":\"https:\/\/last-chance.dk\/?product=sengebord-saet-prato-2stk#breadcrumb\"},\"inLanguage\":\"da-DK\",\"potentialAction\":[{\"@type\":\"ReadAction\",\"target\":[\"https:\/\/last-chance.dk\/?product=sengebord-saet-prato-2stk\"]}]},{\"@type\":\"ImageObject\",\"inLanguage\":\"da-DK\",\"@id\":\"https:\/\/last-chance.dk\/?product=sengebord-saet-prato-2stk#primaryimage\",\"url\":\"https:\/\/last-chance.dk\/wp-content\/uploads\/2023\/11\/bedside_table_prato.jpg\",\"contentUrl\":\"https:\/\/last-chance.dk\/wp-content\/uploads\/2023\/11\/bedside_table_prato.jpg\",\"width\":243,\"height\":239},{\"@type\":\"BreadcrumbList\",\"@id\":\"https:\/\/last-chance.dk\/?product=sengebord-saet-prato-2stk#breadcrumb\",\"itemListElement\":[{\"@type\":\"ListItem\",\"position\":1,\"name\":\"Home\",\"item\":\"https:\/\/last-chance.dk\/\"},{\"@type\":\"ListItem\",\"position\":2,\"name\":\"Sengebord s\u00e6t Prato 2stk.\"}]},{\"@type\":\"WebSite\",\"@id\":\"https:\/\/last-chance.dk\/#website\",\"url\":\"https:\/\/last-chance.dk\/\",\"name\":\"LASTCHANCE Deals | Danmark\",\"description\":\"LASTCHANCE Deals | Danmark\",\"publisher\":{\"@id\":\"https:\/\/last-chance.dk\/#organization\"},\"potentialAction\":[{\"@type\":\"SearchAction\",\"target\":{\"@type\":\"EntryPoint\",\"urlTemplate\":\"https:\/\/last-chance.dk\/?s={search_term_string}\"},\"query-input\":{\"@type\":\"PropertyValueSpecification\",\"valueRequired\":true,\"valueName\":\"search_term_string\"}}],\"inLanguage\":\"da-DK\"},{\"@type\":\"Organization\",\"@id\":\"https:\/\/last-chance.dk\/#organization\",\"name\":\"LASTCHANCE Deals | Danmark\",\"url\":\"https:\/\/last-chance.dk\/\",\"logo\":{\"@type\":\"ImageObject\",\"inLanguage\":\"da-DK\",\"@id\":\"https:\/\/last-chance.dk\/#\/schema\/logo\/image\/\",\"url\":\"https:\/\/last-chance.dk\/wp-content\/uploads\/2023\/10\/lastchancedeals_logo_dk_white.png\",\"contentUrl\":\"https:\/\/last-chance.dk\/wp-content\/uploads\/2023\/10\/lastchancedeals_logo_dk_white.png\",\"width\":470,\"height\":110,\"caption\":\"LASTCHANCE Deals | Danmark\"},\"image\":{\"@id\":\"https:\/\/last-chance.dk\/#\/schema\/logo\/image\/\"}}]}<\/script>\n<!-- \/ Yoast SEO plugin. -->","yoast_head_json":{"title":"Sengebord s\u00e6t Prato 2stk. - LASTCHANCE Deals | Danmark","robots":{"index":"index","follow":"follow","max-snippet":"max-snippet:-1","max-image-preview":"max-image-preview:large","max-video-preview":"max-video-preview:-1"},"canonical":"https:\/\/last-chance.dk\/?product=sengebord-saet-prato-2stk","og_locale":"da_DK","og_type":"article","og_title":"Sengebord s\u00e6t Prato 2stk. - LASTCHANCE Deals | Danmark","og_description":"Er du p\u00e5 udkig efter et moderne og elegant sengebord s\u00e6t til dit sovev\u00e6relse? S\u00e5 er Prato s\u00e6ttet det perfekte valg for dig. Prato s\u00e6ttet best\u00e5r af to sengeborde i sort-hvid farve, der passer til enhver indretning. Hvert sengebord har en glasplade p\u00e5 toppen og en kunstl\u00e6derbekl\u00e6dt skuffe med senget\u00f8jskasse. Skuffen har et praktisk greb [&hellip;]","og_url":"https:\/\/last-chance.dk\/?product=sengebord-saet-prato-2stk","og_site_name":"LASTCHANCE Deals | Danmark","article_modified_time":"2025-09-19T18:24:19+00:00","og_image":[{"width":243,"height":239,"url":"https:\/\/last-chance.dk\/wp-content\/uploads\/2023\/11\/bedside_table_prato.jpg","type":"image\/jpeg"}],"twitter_card":"summary_large_image","twitter_misc":{"Estimeret l\u00e6setid":"1 minut"},"schema":{"@context":"https:\/\/schema.org","@graph":[{"@type":"WebPage","@id":"https:\/\/last-chance.dk\/?product=sengebord-saet-prato-2stk","url":"https:\/\/last-chance.dk\/?product=sengebord-saet-prato-2stk","name":"Sengebord s\u00e6t Prato 2stk. - LASTCHANCE Deals | Danmark","isPartOf":{"@id":"https:\/\/last-chance.dk\/#website"},"primaryImageOfPage":{"@id":"https:\/\/last-chance.dk\/?product=sengebord-saet-prato-2stk#primaryimage"},"image":{"@id":"https:\/\/last-chance.dk\/?product=sengebord-saet-prato-2stk#primaryimage"},"thumbnailUrl":"https:\/\/last-chance.dk\/wp-content\/uploads\/2023\/11\/bedside_table_prato.jpg","datePublished":"2023-11-06T14:16:31+00:00","dateModified":"2025-09-19T18:24:19+00:00","breadcrumb":{"@id":"https:\/\/last-chance.dk\/?product=sengebord-saet-prato-2stk#breadcrumb"},"inLanguage":"da-DK","potentialAction":[{"@type":"ReadAction","target":["https:\/\/last-chance.dk\/?product=sengebord-saet-prato-2stk"]}]},{"@type":"ImageObject","inLanguage":"da-DK","@id":"https:\/\/last-chance.dk\/?product=sengebord-saet-prato-2stk#primaryimage","url":"https:\/\/last-chance.dk\/wp-content\/uploads\/2023\/11\/bedside_table_prato.jpg","contentUrl":"https:\/\/last-chance.dk\/wp-content\/uploads\/2023\/11\/bedside_table_prato.jpg","width":243,"height":239},{"@type":"BreadcrumbList","@id":"https:\/\/last-chance.dk\/?product=sengebord-saet-prato-2stk#breadcrumb","itemListElement":[{"@type":"ListItem","position":1,"name":"Home","item":"https:\/\/last-chance.dk\/"},{"@type":"ListItem","position":2,"name":"Sengebord s\u00e6t Prato 2stk."}]},{"@type":"WebSite","@id":"https:\/\/last-chance.dk\/#website","url":"https:\/\/last-chance.dk\/","name":"LASTCHANCE Deals | Danmark","description":"LASTCHANCE Deals | Danmark","publisher":{"@id":"https:\/\/last-chance.dk\/#organization"},"potentialAction":[{"@type":"SearchAction","target":{"@type":"EntryPoint","urlTemplate":"https:\/\/last-chance.dk\/?s={search_term_string}"},"query-input":{"@type":"PropertyValueSpecification","valueRequired":true,"valueName":"search_term_string"}}],"inLanguage":"da-DK"},{"@type":"Organization","@id":"https:\/\/last-chance.dk\/#organization","name":"LASTCHANCE Deals | Danmark","url":"https:\/\/last-chance.dk\/","logo":{"@type":"ImageObject","inLanguage":"da-DK","@id":"https:\/\/last-chance.dk\/#\/schema\/logo\/image\/","url":"https:\/\/last-chance.dk\/wp-content\/uploads\/2023\/10\/lastchancedeals_logo_dk_white.png","contentUrl":"https:\/\/last-chance.dk\/wp-content\/uploads\/2023\/10\/lastchancedeals_logo_dk_white.png","width":470,"height":110,"caption":"LASTCHANCE Deals | Danmark"},"image":{"@id":"https:\/\/last-chance.dk\/#\/schema\/logo\/image\/"}}]}},"_links":{"self":[{"href":"https:\/\/last-chance.dk\/index.php?rest_route=\/wp\/v2\/product\/8180","targetHints":{"allow":["GET"]}}],"collection":[{"href":"https:\/\/last-chance.dk\/index.php?rest_route=\/wp\/v2\/product"}],"about":[{"href":"https:\/\/last-chance.dk\/index.php?rest_route=\/wp\/v2\/types\/product"}],"replies":[{"embeddable":true,"href":"https:\/\/last-chance.dk\/index.php?rest_route=%2Fwp%2Fv2%2Fcomments&post=8180"}],"wp:featuredmedia":[{"embeddable":true,"href":"https:\/\/last-chance.dk\/index.php?rest_route=\/wp\/v2\/media\/8179"}],"wp:attachment":[{"href":"https:\/\/last-chance.dk\/index.php?rest_route=%2Fwp%2Fv2%2Fmedia&parent=8180"}],"wp:term":[{"taxonomy":"product_brand","embeddable":true,"href":"https:\/\/last-chance.dk\/index.php?rest_route=%2Fwp%2Fv2%2Fproduct_brand&post=8180"},{"taxonomy":"product_cat","embeddable":true,"href":"https:\/\/last-chance.dk\/index.php?rest_route=%2Fwp%2Fv2%2Fproduct_cat&post=8180"},{"taxonomy":"product_tag","embeddable":true,"href":"https:\/\/last-chance.dk\/index.php?rest_route=%2Fwp%2Fv2%2Fproduct_tag&post=8180"}],"curies":[{"name":"wp","href":"https:\/\/api.w.org\/{rel}","templated":true}]}}