{"id":8252,"date":"2023-11-06T14:20:18","date_gmt":"2023-11-06T14:20:18","guid":{"rendered":"https:\/\/www.lastchance.deals\/dk\/tuote\/vase-barbara-hvid-9-5x26-5cm\/"},"modified":"2025-09-19T19:13:56","modified_gmt":"2025-09-19T19:13:56","slug":"vase-barbara-hvid-9-5x26-5cm","status":"publish","type":"product","link":"https:\/\/last-chance.dk\/?product=vase-barbara-hvid-9-5x26-5cm","title":{"rendered":"Vase Barbara hvid 9.5&#215;26.5cm"},"content":{"rendered":"<p>Leder du efter en smuk og elegant vase til din stue, spisestue eller sovev\u00e6relse? S\u00e5 er vase Barbara fra ForrestDecor det perfekte valg for dig. Denne vase er lavet af keramisk materiale i en hvid farve, der passer til enhver indretning. Vase Barbara har et simpelt og stilfuldt design med en rund form og en smal hals. Den har udvendige dimensioner p\u00e5 9.5&#215;26.5cm, s\u00e5 den kan rumme en buket blomster eller grene. Du kan ogs\u00e5 bruge den som en dekorativ genstand p\u00e5 et bord, en hylde eller en kommode.<\/p>\n<p><\/p>\n<p>Vase Barbara er et kvalitetsprodukt fra ForrestDecor, en fabrikant, der er kendt for at skabe unikke og originale vaser til hjemmet. ForrestDecor bruger kun de bedste materialer og h\u00e5ndv\u00e6rk til at fremstille deres vaser, s\u00e5 du kan v\u00e6re sikker p\u00e5 at f\u00e5 et holdbart og smukt produkt. Vase Barbara er ogs\u00e5 en fantastisk gaveide til en ven, et familiemedlem eller dig selv. Bestil den i dag og giv dit hjem et friskt og moderne touch med denne vase.<\/p>\n<p><\/p>\n<p>Leveringstid: Leveringstid 1 uge<br \/>\nUdvendige dimensioner: 9.5&#215;26.5cm<br \/>\nFarve: hvid<br \/>\nFabrikant: ForrestDecor<br \/>\nMateriale: keramisk<\/p>\n","protected":false},"excerpt":{"rendered":"<p>Leder du efter en smuk og elegant vase til din stue, spisestue eller sovev\u00e6relse? S\u00e5 er vase Barbara fra ForrestDecor det perfekte valg for dig. Denne vase er lavet af keramisk materiale i en hvid farve, der passer til enhver indretning. Vase Barbara har et simpelt og stilfuldt design med en rund form og en [&hellip;]<\/p>\n","protected":false},"featured_media":8250,"comment_status":"open","ping_status":"closed","template":"","meta":[],"product_brand":[],"product_cat":[185],"product_tag":[],"class_list":{"0":"post-8252","1":"product","2":"type-product","3":"status-publish","4":"has-post-thumbnail","6":"product_cat-vases","8":"first","9":"instock","10":"shipping-taxable","11":"purchasable","12":"product-type-simple"},"yoast_head":"<!-- This site is optimized with the Yoast SEO plugin v24.8.1 - https:\/\/yoast.com\/wordpress\/plugins\/seo\/ -->\n<title>Vase Barbara hvid 9.5x26.5cm - LASTCHANCE Deals | Danmark<\/title>\n<meta name=\"robots\" content=\"index, follow, max-snippet:-1, max-image-preview:large, max-video-preview:-1\" \/>\n<link rel=\"canonical\" href=\"https:\/\/last-chance.dk\/?product=vase-barbara-hvid-9-5x26-5cm\" \/>\n<meta property=\"og:locale\" content=\"da_DK\" \/>\n<meta property=\"og:type\" content=\"article\" \/>\n<meta property=\"og:title\" content=\"Vase Barbara hvid 9.5x26.5cm - LASTCHANCE Deals | Danmark\" \/>\n<meta property=\"og:description\" content=\"Leder du efter en smuk og elegant vase til din stue, spisestue eller sovev\u00e6relse? S\u00e5 er vase Barbara fra ForrestDecor det perfekte valg for dig. Denne vase er lavet af keramisk materiale i en hvid farve, der passer til enhver indretning. Vase Barbara har et simpelt og stilfuldt design med en rund form og en [&hellip;]\" \/>\n<meta property=\"og:url\" content=\"https:\/\/last-chance.dk\/?product=vase-barbara-hvid-9-5x26-5cm\" \/>\n<meta property=\"og:site_name\" content=\"LASTCHANCE Deals | Danmark\" \/>\n<meta property=\"article:modified_time\" content=\"2025-09-19T19:13:56+00:00\" \/>\n<meta property=\"og:image\" content=\"https:\/\/last-chance.dk\/wp-content\/uploads\/2023\/11\/barbara1_1.jpg\" \/>\n\t<meta property=\"og:image:width\" content=\"573\" \/>\n\t<meta property=\"og:image:height\" content=\"497\" \/>\n\t<meta property=\"og:image:type\" content=\"image\/jpeg\" \/>\n<meta name=\"twitter:card\" content=\"summary_large_image\" \/>\n<meta name=\"twitter:label1\" content=\"Estimeret l\u00e6setid\" \/>\n\t<meta name=\"twitter:data1\" content=\"1 minut\" \/>\n<script type=\"application\/ld+json\" class=\"yoast-schema-graph\">{\"@context\":\"https:\/\/schema.org\",\"@graph\":[{\"@type\":\"WebPage\",\"@id\":\"https:\/\/last-chance.dk\/?product=vase-barbara-hvid-9-5x26-5cm\",\"url\":\"https:\/\/last-chance.dk\/?product=vase-barbara-hvid-9-5x26-5cm\",\"name\":\"Vase Barbara hvid 9.5x26.5cm - LASTCHANCE Deals | Danmark\",\"isPartOf\":{\"@id\":\"https:\/\/last-chance.dk\/#website\"},\"primaryImageOfPage\":{\"@id\":\"https:\/\/last-chance.dk\/?product=vase-barbara-hvid-9-5x26-5cm#primaryimage\"},\"image\":{\"@id\":\"https:\/\/last-chance.dk\/?product=vase-barbara-hvid-9-5x26-5cm#primaryimage\"},\"thumbnailUrl\":\"https:\/\/last-chance.dk\/wp-content\/uploads\/2023\/11\/barbara1_1.jpg\",\"datePublished\":\"2023-11-06T14:20:18+00:00\",\"dateModified\":\"2025-09-19T19:13:56+00:00\",\"breadcrumb\":{\"@id\":\"https:\/\/last-chance.dk\/?product=vase-barbara-hvid-9-5x26-5cm#breadcrumb\"},\"inLanguage\":\"da-DK\",\"potentialAction\":[{\"@type\":\"ReadAction\",\"target\":[\"https:\/\/last-chance.dk\/?product=vase-barbara-hvid-9-5x26-5cm\"]}]},{\"@type\":\"ImageObject\",\"inLanguage\":\"da-DK\",\"@id\":\"https:\/\/last-chance.dk\/?product=vase-barbara-hvid-9-5x26-5cm#primaryimage\",\"url\":\"https:\/\/last-chance.dk\/wp-content\/uploads\/2023\/11\/barbara1_1.jpg\",\"contentUrl\":\"https:\/\/last-chance.dk\/wp-content\/uploads\/2023\/11\/barbara1_1.jpg\",\"width\":573,\"height\":497},{\"@type\":\"BreadcrumbList\",\"@id\":\"https:\/\/last-chance.dk\/?product=vase-barbara-hvid-9-5x26-5cm#breadcrumb\",\"itemListElement\":[{\"@type\":\"ListItem\",\"position\":1,\"name\":\"Home\",\"item\":\"https:\/\/last-chance.dk\/\"},{\"@type\":\"ListItem\",\"position\":2,\"name\":\"Vase Barbara hvid 9.5&#215;26.5cm\"}]},{\"@type\":\"WebSite\",\"@id\":\"https:\/\/last-chance.dk\/#website\",\"url\":\"https:\/\/last-chance.dk\/\",\"name\":\"LASTCHANCE Deals | Danmark\",\"description\":\"LASTCHANCE Deals | Danmark\",\"publisher\":{\"@id\":\"https:\/\/last-chance.dk\/#organization\"},\"potentialAction\":[{\"@type\":\"SearchAction\",\"target\":{\"@type\":\"EntryPoint\",\"urlTemplate\":\"https:\/\/last-chance.dk\/?s={search_term_string}\"},\"query-input\":{\"@type\":\"PropertyValueSpecification\",\"valueRequired\":true,\"valueName\":\"search_term_string\"}}],\"inLanguage\":\"da-DK\"},{\"@type\":\"Organization\",\"@id\":\"https:\/\/last-chance.dk\/#organization\",\"name\":\"LASTCHANCE Deals | Danmark\",\"url\":\"https:\/\/last-chance.dk\/\",\"logo\":{\"@type\":\"ImageObject\",\"inLanguage\":\"da-DK\",\"@id\":\"https:\/\/last-chance.dk\/#\/schema\/logo\/image\/\",\"url\":\"https:\/\/last-chance.dk\/wp-content\/uploads\/2023\/10\/lastchancedeals_logo_dk_white.png\",\"contentUrl\":\"https:\/\/last-chance.dk\/wp-content\/uploads\/2023\/10\/lastchancedeals_logo_dk_white.png\",\"width\":470,\"height\":110,\"caption\":\"LASTCHANCE Deals | Danmark\"},\"image\":{\"@id\":\"https:\/\/last-chance.dk\/#\/schema\/logo\/image\/\"}}]}<\/script>\n<!-- \/ Yoast SEO plugin. -->","yoast_head_json":{"title":"Vase Barbara hvid 9.5x26.5cm - LASTCHANCE Deals | Danmark","robots":{"index":"index","follow":"follow","max-snippet":"max-snippet:-1","max-image-preview":"max-image-preview:large","max-video-preview":"max-video-preview:-1"},"canonical":"https:\/\/last-chance.dk\/?product=vase-barbara-hvid-9-5x26-5cm","og_locale":"da_DK","og_type":"article","og_title":"Vase Barbara hvid 9.5x26.5cm - LASTCHANCE Deals | Danmark","og_description":"Leder du efter en smuk og elegant vase til din stue, spisestue eller sovev\u00e6relse? S\u00e5 er vase Barbara fra ForrestDecor det perfekte valg for dig. Denne vase er lavet af keramisk materiale i en hvid farve, der passer til enhver indretning. Vase Barbara har et simpelt og stilfuldt design med en rund form og en [&hellip;]","og_url":"https:\/\/last-chance.dk\/?product=vase-barbara-hvid-9-5x26-5cm","og_site_name":"LASTCHANCE Deals | Danmark","article_modified_time":"2025-09-19T19:13:56+00:00","og_image":[{"width":573,"height":497,"url":"https:\/\/last-chance.dk\/wp-content\/uploads\/2023\/11\/barbara1_1.jpg","type":"image\/jpeg"}],"twitter_card":"summary_large_image","twitter_misc":{"Estimeret l\u00e6setid":"1 minut"},"schema":{"@context":"https:\/\/schema.org","@graph":[{"@type":"WebPage","@id":"https:\/\/last-chance.dk\/?product=vase-barbara-hvid-9-5x26-5cm","url":"https:\/\/last-chance.dk\/?product=vase-barbara-hvid-9-5x26-5cm","name":"Vase Barbara hvid 9.5x26.5cm - LASTCHANCE Deals | Danmark","isPartOf":{"@id":"https:\/\/last-chance.dk\/#website"},"primaryImageOfPage":{"@id":"https:\/\/last-chance.dk\/?product=vase-barbara-hvid-9-5x26-5cm#primaryimage"},"image":{"@id":"https:\/\/last-chance.dk\/?product=vase-barbara-hvid-9-5x26-5cm#primaryimage"},"thumbnailUrl":"https:\/\/last-chance.dk\/wp-content\/uploads\/2023\/11\/barbara1_1.jpg","datePublished":"2023-11-06T14:20:18+00:00","dateModified":"2025-09-19T19:13:56+00:00","breadcrumb":{"@id":"https:\/\/last-chance.dk\/?product=vase-barbara-hvid-9-5x26-5cm#breadcrumb"},"inLanguage":"da-DK","potentialAction":[{"@type":"ReadAction","target":["https:\/\/last-chance.dk\/?product=vase-barbara-hvid-9-5x26-5cm"]}]},{"@type":"ImageObject","inLanguage":"da-DK","@id":"https:\/\/last-chance.dk\/?product=vase-barbara-hvid-9-5x26-5cm#primaryimage","url":"https:\/\/last-chance.dk\/wp-content\/uploads\/2023\/11\/barbara1_1.jpg","contentUrl":"https:\/\/last-chance.dk\/wp-content\/uploads\/2023\/11\/barbara1_1.jpg","width":573,"height":497},{"@type":"BreadcrumbList","@id":"https:\/\/last-chance.dk\/?product=vase-barbara-hvid-9-5x26-5cm#breadcrumb","itemListElement":[{"@type":"ListItem","position":1,"name":"Home","item":"https:\/\/last-chance.dk\/"},{"@type":"ListItem","position":2,"name":"Vase Barbara hvid 9.5&#215;26.5cm"}]},{"@type":"WebSite","@id":"https:\/\/last-chance.dk\/#website","url":"https:\/\/last-chance.dk\/","name":"LASTCHANCE Deals | Danmark","description":"LASTCHANCE Deals | Danmark","publisher":{"@id":"https:\/\/last-chance.dk\/#organization"},"potentialAction":[{"@type":"SearchAction","target":{"@type":"EntryPoint","urlTemplate":"https:\/\/last-chance.dk\/?s={search_term_string}"},"query-input":{"@type":"PropertyValueSpecification","valueRequired":true,"valueName":"search_term_string"}}],"inLanguage":"da-DK"},{"@type":"Organization","@id":"https:\/\/last-chance.dk\/#organization","name":"LASTCHANCE Deals | Danmark","url":"https:\/\/last-chance.dk\/","logo":{"@type":"ImageObject","inLanguage":"da-DK","@id":"https:\/\/last-chance.dk\/#\/schema\/logo\/image\/","url":"https:\/\/last-chance.dk\/wp-content\/uploads\/2023\/10\/lastchancedeals_logo_dk_white.png","contentUrl":"https:\/\/last-chance.dk\/wp-content\/uploads\/2023\/10\/lastchancedeals_logo_dk_white.png","width":470,"height":110,"caption":"LASTCHANCE Deals | Danmark"},"image":{"@id":"https:\/\/last-chance.dk\/#\/schema\/logo\/image\/"}}]}},"_links":{"self":[{"href":"https:\/\/last-chance.dk\/index.php?rest_route=\/wp\/v2\/product\/8252","targetHints":{"allow":["GET"]}}],"collection":[{"href":"https:\/\/last-chance.dk\/index.php?rest_route=\/wp\/v2\/product"}],"about":[{"href":"https:\/\/last-chance.dk\/index.php?rest_route=\/wp\/v2\/types\/product"}],"replies":[{"embeddable":true,"href":"https:\/\/last-chance.dk\/index.php?rest_route=%2Fwp%2Fv2%2Fcomments&post=8252"}],"wp:featuredmedia":[{"embeddable":true,"href":"https:\/\/last-chance.dk\/index.php?rest_route=\/wp\/v2\/media\/8250"}],"wp:attachment":[{"href":"https:\/\/last-chance.dk\/index.php?rest_route=%2Fwp%2Fv2%2Fmedia&parent=8252"}],"wp:term":[{"taxonomy":"product_brand","embeddable":true,"href":"https:\/\/last-chance.dk\/index.php?rest_route=%2Fwp%2Fv2%2Fproduct_brand&post=8252"},{"taxonomy":"product_cat","embeddable":true,"href":"https:\/\/last-chance.dk\/index.php?rest_route=%2Fwp%2Fv2%2Fproduct_cat&post=8252"},{"taxonomy":"product_tag","embeddable":true,"href":"https:\/\/last-chance.dk\/index.php?rest_route=%2Fwp%2Fv2%2Fproduct_tag&post=8252"}],"curies":[{"name":"wp","href":"https:\/\/api.w.org\/{rel}","templated":true}]}}