{"id":8265,"date":"2023-11-06T14:21:45","date_gmt":"2023-11-06T14:21:45","guid":{"rendered":"https:\/\/www.lastchance.deals\/dk\/tuote\/yaelle-kunstig-blomst-groen-15x120cm\/"},"modified":"2025-09-19T19:16:34","modified_gmt":"2025-09-19T19:16:34","slug":"yaelle-kunstig-blomst-groen-15x120cm","status":"publish","type":"product","link":"https:\/\/last-chance.dk\/?product=yaelle-kunstig-blomst-groen-15x120cm","title":{"rendered":"Yaelle kunstig blomst gr\u00f8n 15x120cm"},"content":{"rendered":"<p>Yaelle kunstig blomst fra ForrestDecor er et smukt og utrolig realistisk dekorativt stykke, der vil bringe liv og farve til ethvert rum. Med en udvendig m\u00e5ling p\u00e5 15x120cm er dette kunstige blomst perfekt til at indramme en hvilken som helst v\u00e6g eller platform, og bringer farve til dine yndlingsomr\u00e5der. Det er lavet af h\u00f8j kvalitet plast, som giver en st\u00e6rk og holdbar konstruktion. Det kommer i en smuk gr\u00f8n farve og vil bringe gl\u00e6de til ethvert hjem. <\/p>\n<p><\/p>\n<p>Leveringstid: Leveringstid 1 uge<br \/>\nUdvendige dimensioner: 15x120cm<br \/>\nFarve: gr\u00f8n<br \/>\nFabrikant: ForrestDecor<br \/>\nMateriale: plast<\/p>\n","protected":false},"excerpt":{"rendered":"<p>Yaelle kunstig blomst fra ForrestDecor er et smukt og utrolig realistisk dekorativt stykke, der vil bringe liv og farve til ethvert rum. Med en udvendig m\u00e5ling p\u00e5 15x120cm er dette kunstige blomst perfekt til at indramme en hvilken som helst v\u00e6g eller platform, og bringer farve til dine yndlingsomr\u00e5der. Det er lavet af h\u00f8j kvalitet [&hellip;]<\/p>\n","protected":false},"featured_media":8264,"comment_status":"open","ping_status":"closed","template":"","meta":[],"product_brand":[],"product_cat":[190],"product_tag":[],"class_list":{"0":"post-8265","1":"product","2":"type-product","3":"status-publish","4":"has-post-thumbnail","6":"product_cat-artificial-trees-and-flowers","8":"first","9":"instock","10":"shipping-taxable","11":"purchasable","12":"product-type-simple"},"yoast_head":"<!-- This site is optimized with the Yoast SEO plugin v24.8.1 - https:\/\/yoast.com\/wordpress\/plugins\/seo\/ -->\n<title>Yaelle kunstig blomst gr\u00f8n 15x120cm - LASTCHANCE Deals | Danmark<\/title>\n<meta name=\"robots\" content=\"index, follow, max-snippet:-1, max-image-preview:large, max-video-preview:-1\" \/>\n<link rel=\"canonical\" href=\"https:\/\/last-chance.dk\/?product=yaelle-kunstig-blomst-groen-15x120cm\" \/>\n<meta property=\"og:locale\" content=\"da_DK\" \/>\n<meta property=\"og:type\" content=\"article\" \/>\n<meta property=\"og:title\" content=\"Yaelle kunstig blomst gr\u00f8n 15x120cm - LASTCHANCE Deals | Danmark\" \/>\n<meta property=\"og:description\" content=\"Yaelle kunstig blomst fra ForrestDecor er et smukt og utrolig realistisk dekorativt stykke, der vil bringe liv og farve til ethvert rum. Med en udvendig m\u00e5ling p\u00e5 15x120cm er dette kunstige blomst perfekt til at indramme en hvilken som helst v\u00e6g eller platform, og bringer farve til dine yndlingsomr\u00e5der. Det er lavet af h\u00f8j kvalitet [&hellip;]\" \/>\n<meta property=\"og:url\" content=\"https:\/\/last-chance.dk\/?product=yaelle-kunstig-blomst-groen-15x120cm\" \/>\n<meta property=\"og:site_name\" content=\"LASTCHANCE Deals | Danmark\" \/>\n<meta property=\"article:modified_time\" content=\"2025-09-19T19:16:34+00:00\" \/>\n<meta property=\"og:image\" content=\"https:\/\/last-chance.dk\/wp-content\/uploads\/2023\/11\/yaelle.jpg\" \/>\n\t<meta property=\"og:image:width\" content=\"776\" \/>\n\t<meta property=\"og:image:height\" content=\"800\" \/>\n\t<meta property=\"og:image:type\" content=\"image\/jpeg\" \/>\n<meta name=\"twitter:card\" content=\"summary_large_image\" \/>\n<script type=\"application\/ld+json\" class=\"yoast-schema-graph\">{\"@context\":\"https:\/\/schema.org\",\"@graph\":[{\"@type\":\"WebPage\",\"@id\":\"https:\/\/last-chance.dk\/?product=yaelle-kunstig-blomst-groen-15x120cm\",\"url\":\"https:\/\/last-chance.dk\/?product=yaelle-kunstig-blomst-groen-15x120cm\",\"name\":\"Yaelle kunstig blomst gr\u00f8n 15x120cm - LASTCHANCE Deals | Danmark\",\"isPartOf\":{\"@id\":\"https:\/\/last-chance.dk\/#website\"},\"primaryImageOfPage\":{\"@id\":\"https:\/\/last-chance.dk\/?product=yaelle-kunstig-blomst-groen-15x120cm#primaryimage\"},\"image\":{\"@id\":\"https:\/\/last-chance.dk\/?product=yaelle-kunstig-blomst-groen-15x120cm#primaryimage\"},\"thumbnailUrl\":\"https:\/\/last-chance.dk\/wp-content\/uploads\/2023\/11\/yaelle.jpg\",\"datePublished\":\"2023-11-06T14:21:45+00:00\",\"dateModified\":\"2025-09-19T19:16:34+00:00\",\"breadcrumb\":{\"@id\":\"https:\/\/last-chance.dk\/?product=yaelle-kunstig-blomst-groen-15x120cm#breadcrumb\"},\"inLanguage\":\"da-DK\",\"potentialAction\":[{\"@type\":\"ReadAction\",\"target\":[\"https:\/\/last-chance.dk\/?product=yaelle-kunstig-blomst-groen-15x120cm\"]}]},{\"@type\":\"ImageObject\",\"inLanguage\":\"da-DK\",\"@id\":\"https:\/\/last-chance.dk\/?product=yaelle-kunstig-blomst-groen-15x120cm#primaryimage\",\"url\":\"https:\/\/last-chance.dk\/wp-content\/uploads\/2023\/11\/yaelle.jpg\",\"contentUrl\":\"https:\/\/last-chance.dk\/wp-content\/uploads\/2023\/11\/yaelle.jpg\",\"width\":776,\"height\":800},{\"@type\":\"BreadcrumbList\",\"@id\":\"https:\/\/last-chance.dk\/?product=yaelle-kunstig-blomst-groen-15x120cm#breadcrumb\",\"itemListElement\":[{\"@type\":\"ListItem\",\"position\":1,\"name\":\"Home\",\"item\":\"https:\/\/last-chance.dk\/\"},{\"@type\":\"ListItem\",\"position\":2,\"name\":\"Yaelle kunstig blomst gr\u00f8n 15x120cm\"}]},{\"@type\":\"WebSite\",\"@id\":\"https:\/\/last-chance.dk\/#website\",\"url\":\"https:\/\/last-chance.dk\/\",\"name\":\"LASTCHANCE Deals | Danmark\",\"description\":\"LASTCHANCE Deals | Danmark\",\"publisher\":{\"@id\":\"https:\/\/last-chance.dk\/#organization\"},\"potentialAction\":[{\"@type\":\"SearchAction\",\"target\":{\"@type\":\"EntryPoint\",\"urlTemplate\":\"https:\/\/last-chance.dk\/?s={search_term_string}\"},\"query-input\":{\"@type\":\"PropertyValueSpecification\",\"valueRequired\":true,\"valueName\":\"search_term_string\"}}],\"inLanguage\":\"da-DK\"},{\"@type\":\"Organization\",\"@id\":\"https:\/\/last-chance.dk\/#organization\",\"name\":\"LASTCHANCE Deals | Danmark\",\"url\":\"https:\/\/last-chance.dk\/\",\"logo\":{\"@type\":\"ImageObject\",\"inLanguage\":\"da-DK\",\"@id\":\"https:\/\/last-chance.dk\/#\/schema\/logo\/image\/\",\"url\":\"https:\/\/last-chance.dk\/wp-content\/uploads\/2023\/10\/lastchancedeals_logo_dk_white.png\",\"contentUrl\":\"https:\/\/last-chance.dk\/wp-content\/uploads\/2023\/10\/lastchancedeals_logo_dk_white.png\",\"width\":470,\"height\":110,\"caption\":\"LASTCHANCE Deals | Danmark\"},\"image\":{\"@id\":\"https:\/\/last-chance.dk\/#\/schema\/logo\/image\/\"}}]}<\/script>\n<!-- \/ Yoast SEO plugin. -->","yoast_head_json":{"title":"Yaelle kunstig blomst gr\u00f8n 15x120cm - LASTCHANCE Deals | Danmark","robots":{"index":"index","follow":"follow","max-snippet":"max-snippet:-1","max-image-preview":"max-image-preview:large","max-video-preview":"max-video-preview:-1"},"canonical":"https:\/\/last-chance.dk\/?product=yaelle-kunstig-blomst-groen-15x120cm","og_locale":"da_DK","og_type":"article","og_title":"Yaelle kunstig blomst gr\u00f8n 15x120cm - LASTCHANCE Deals | Danmark","og_description":"Yaelle kunstig blomst fra ForrestDecor er et smukt og utrolig realistisk dekorativt stykke, der vil bringe liv og farve til ethvert rum. Med en udvendig m\u00e5ling p\u00e5 15x120cm er dette kunstige blomst perfekt til at indramme en hvilken som helst v\u00e6g eller platform, og bringer farve til dine yndlingsomr\u00e5der. Det er lavet af h\u00f8j kvalitet [&hellip;]","og_url":"https:\/\/last-chance.dk\/?product=yaelle-kunstig-blomst-groen-15x120cm","og_site_name":"LASTCHANCE Deals | Danmark","article_modified_time":"2025-09-19T19:16:34+00:00","og_image":[{"width":776,"height":800,"url":"https:\/\/last-chance.dk\/wp-content\/uploads\/2023\/11\/yaelle.jpg","type":"image\/jpeg"}],"twitter_card":"summary_large_image","schema":{"@context":"https:\/\/schema.org","@graph":[{"@type":"WebPage","@id":"https:\/\/last-chance.dk\/?product=yaelle-kunstig-blomst-groen-15x120cm","url":"https:\/\/last-chance.dk\/?product=yaelle-kunstig-blomst-groen-15x120cm","name":"Yaelle kunstig blomst gr\u00f8n 15x120cm - LASTCHANCE Deals | Danmark","isPartOf":{"@id":"https:\/\/last-chance.dk\/#website"},"primaryImageOfPage":{"@id":"https:\/\/last-chance.dk\/?product=yaelle-kunstig-blomst-groen-15x120cm#primaryimage"},"image":{"@id":"https:\/\/last-chance.dk\/?product=yaelle-kunstig-blomst-groen-15x120cm#primaryimage"},"thumbnailUrl":"https:\/\/last-chance.dk\/wp-content\/uploads\/2023\/11\/yaelle.jpg","datePublished":"2023-11-06T14:21:45+00:00","dateModified":"2025-09-19T19:16:34+00:00","breadcrumb":{"@id":"https:\/\/last-chance.dk\/?product=yaelle-kunstig-blomst-groen-15x120cm#breadcrumb"},"inLanguage":"da-DK","potentialAction":[{"@type":"ReadAction","target":["https:\/\/last-chance.dk\/?product=yaelle-kunstig-blomst-groen-15x120cm"]}]},{"@type":"ImageObject","inLanguage":"da-DK","@id":"https:\/\/last-chance.dk\/?product=yaelle-kunstig-blomst-groen-15x120cm#primaryimage","url":"https:\/\/last-chance.dk\/wp-content\/uploads\/2023\/11\/yaelle.jpg","contentUrl":"https:\/\/last-chance.dk\/wp-content\/uploads\/2023\/11\/yaelle.jpg","width":776,"height":800},{"@type":"BreadcrumbList","@id":"https:\/\/last-chance.dk\/?product=yaelle-kunstig-blomst-groen-15x120cm#breadcrumb","itemListElement":[{"@type":"ListItem","position":1,"name":"Home","item":"https:\/\/last-chance.dk\/"},{"@type":"ListItem","position":2,"name":"Yaelle kunstig blomst gr\u00f8n 15x120cm"}]},{"@type":"WebSite","@id":"https:\/\/last-chance.dk\/#website","url":"https:\/\/last-chance.dk\/","name":"LASTCHANCE Deals | Danmark","description":"LASTCHANCE Deals | Danmark","publisher":{"@id":"https:\/\/last-chance.dk\/#organization"},"potentialAction":[{"@type":"SearchAction","target":{"@type":"EntryPoint","urlTemplate":"https:\/\/last-chance.dk\/?s={search_term_string}"},"query-input":{"@type":"PropertyValueSpecification","valueRequired":true,"valueName":"search_term_string"}}],"inLanguage":"da-DK"},{"@type":"Organization","@id":"https:\/\/last-chance.dk\/#organization","name":"LASTCHANCE Deals | Danmark","url":"https:\/\/last-chance.dk\/","logo":{"@type":"ImageObject","inLanguage":"da-DK","@id":"https:\/\/last-chance.dk\/#\/schema\/logo\/image\/","url":"https:\/\/last-chance.dk\/wp-content\/uploads\/2023\/10\/lastchancedeals_logo_dk_white.png","contentUrl":"https:\/\/last-chance.dk\/wp-content\/uploads\/2023\/10\/lastchancedeals_logo_dk_white.png","width":470,"height":110,"caption":"LASTCHANCE Deals | Danmark"},"image":{"@id":"https:\/\/last-chance.dk\/#\/schema\/logo\/image\/"}}]}},"_links":{"self":[{"href":"https:\/\/last-chance.dk\/index.php?rest_route=\/wp\/v2\/product\/8265","targetHints":{"allow":["GET"]}}],"collection":[{"href":"https:\/\/last-chance.dk\/index.php?rest_route=\/wp\/v2\/product"}],"about":[{"href":"https:\/\/last-chance.dk\/index.php?rest_route=\/wp\/v2\/types\/product"}],"replies":[{"embeddable":true,"href":"https:\/\/last-chance.dk\/index.php?rest_route=%2Fwp%2Fv2%2Fcomments&post=8265"}],"wp:featuredmedia":[{"embeddable":true,"href":"https:\/\/last-chance.dk\/index.php?rest_route=\/wp\/v2\/media\/8264"}],"wp:attachment":[{"href":"https:\/\/last-chance.dk\/index.php?rest_route=%2Fwp%2Fv2%2Fmedia&parent=8265"}],"wp:term":[{"taxonomy":"product_brand","embeddable":true,"href":"https:\/\/last-chance.dk\/index.php?rest_route=%2Fwp%2Fv2%2Fproduct_brand&post=8265"},{"taxonomy":"product_cat","embeddable":true,"href":"https:\/\/last-chance.dk\/index.php?rest_route=%2Fwp%2Fv2%2Fproduct_cat&post=8265"},{"taxonomy":"product_tag","embeddable":true,"href":"https:\/\/last-chance.dk\/index.php?rest_route=%2Fwp%2Fv2%2Fproduct_tag&post=8265"}],"curies":[{"name":"wp","href":"https:\/\/api.w.org\/{rel}","templated":true}]}}