{"id":8273,"date":"2023-11-06T14:22:26","date_gmt":"2023-11-06T14:22:26","guid":{"rendered":"https:\/\/www.lastchance.deals\/dk\/tuote\/vaeg-spejl-toronto-60x80cm\/"},"modified":"2025-10-13T12:09:27","modified_gmt":"2025-10-13T12:09:27","slug":"vaeg-spejl-toronto-60x80cm","status":"publish","type":"product","link":"https:\/\/last-chance.dk\/?product=vaeg-spejl-toronto-60x80cm","title":{"rendered":"V\u00e6g spejl Toronto 60x80cm"},"content":{"rendered":"<p>Er du p\u00e5 udkig efter et smukt og funktionelt v\u00e6g spejl til dit hjem? S\u00e5 er v\u00e6g spejlet Toronto fra ForrestDecor det perfekte valg for dig. Dette spejl har et elegant og moderne design, der passer til enhver indretning. Spejlet er lavet af h\u00f8j kvalitet glas og tr\u00e6, der giver det en robust og holdbar konstruktion. Spejlet har en rektangul\u00e6r form og m\u00e5ler 60x80cm, hvilket g\u00f8r det ideelt til at h\u00e6nge i entr\u00e9en, sovev\u00e6relset, badev\u00e6relset eller stuen. Spejlet reflekterer lyset og skaber en rummelig og lys atmosf\u00e6re i dit hjem. Spejlet er beregnet til indend\u00f8rs brug og er nemt at montere p\u00e5 v\u00e6ggen med de medf\u00f8lgende beslag. ForrestDecor er en anerkendt fabrikant af hjemme tilbeh\u00f8r, der tilbyder produkter af h\u00f8j kvalitet og stil. Spejlet har en garanti p\u00e5 12 m\u00e5neder, s\u00e5 du kan v\u00e6re sikker p\u00e5 at f\u00e5 et godt k\u00f8b. Bestil dit v\u00e6g spejl Toronto i dag og giv dit hjem et nyt og friskt look.<\/p>\n<p><\/p>\n<p>Leveringstid: Leveringstid 1 uge<br \/>\nMateriale: glas,tr\u00e6<br \/>\nDimensioner: 60x80cm<br \/>\nBeregnet til: Indend\u00f8rs brug<br \/>\nFabrikant: ForrestDecor<br \/>\nGaranti: 12 m\u00e5neder<\/p>\n","protected":false},"excerpt":{"rendered":"<p>Er du p\u00e5 udkig efter et smukt og funktionelt v\u00e6g spejl til dit hjem? S\u00e5 er v\u00e6g spejlet Toronto fra ForrestDecor det perfekte valg for dig. Dette spejl har et elegant og moderne design, der passer til enhver indretning. Spejlet er lavet af h\u00f8j kvalitet glas og tr\u00e6, der giver det en robust og holdbar [&hellip;]<\/p>\n","protected":false},"featured_media":8270,"comment_status":"open","ping_status":"closed","template":"","meta":[],"product_brand":[],"product_cat":[191],"product_tag":[],"class_list":{"0":"post-8273","1":"product","2":"type-product","3":"status-publish","4":"has-post-thumbnail","6":"product_cat-mirrors","8":"first","9":"instock","10":"shipping-taxable","11":"purchasable","12":"product-type-simple"},"yoast_head":"<!-- This site is optimized with the Yoast SEO plugin v24.8.1 - https:\/\/yoast.com\/wordpress\/plugins\/seo\/ -->\n<title>V\u00e6g spejl Toronto 60x80cm - LASTCHANCE Deals | Danmark<\/title>\n<meta name=\"robots\" content=\"index, follow, max-snippet:-1, max-image-preview:large, max-video-preview:-1\" \/>\n<link rel=\"canonical\" href=\"https:\/\/last-chance.dk\/?product=vaeg-spejl-toronto-60x80cm\" \/>\n<meta property=\"og:locale\" content=\"da_DK\" \/>\n<meta property=\"og:type\" content=\"article\" \/>\n<meta property=\"og:title\" content=\"V\u00e6g spejl Toronto 60x80cm - LASTCHANCE Deals | Danmark\" \/>\n<meta property=\"og:description\" content=\"Er du p\u00e5 udkig efter et smukt og funktionelt v\u00e6g spejl til dit hjem? S\u00e5 er v\u00e6g spejlet Toronto fra ForrestDecor det perfekte valg for dig. Dette spejl har et elegant og moderne design, der passer til enhver indretning. Spejlet er lavet af h\u00f8j kvalitet glas og tr\u00e6, der giver det en robust og holdbar [&hellip;]\" \/>\n<meta property=\"og:url\" content=\"https:\/\/last-chance.dk\/?product=vaeg-spejl-toronto-60x80cm\" \/>\n<meta property=\"og:site_name\" content=\"LASTCHANCE Deals | Danmark\" \/>\n<meta property=\"article:modified_time\" content=\"2025-10-13T12:09:27+00:00\" \/>\n<meta property=\"og:image\" content=\"https:\/\/last-chance.dk\/wp-content\/uploads\/2023\/11\/toronto_gold_1.jpg\" \/>\n\t<meta property=\"og:image:width\" content=\"400\" \/>\n\t<meta property=\"og:image:height\" content=\"400\" \/>\n\t<meta property=\"og:image:type\" content=\"image\/jpeg\" \/>\n<meta name=\"twitter:card\" content=\"summary_large_image\" \/>\n<meta name=\"twitter:label1\" content=\"Estimeret l\u00e6setid\" \/>\n\t<meta name=\"twitter:data1\" content=\"1 minut\" \/>\n<script type=\"application\/ld+json\" class=\"yoast-schema-graph\">{\"@context\":\"https:\/\/schema.org\",\"@graph\":[{\"@type\":\"WebPage\",\"@id\":\"https:\/\/last-chance.dk\/?product=vaeg-spejl-toronto-60x80cm\",\"url\":\"https:\/\/last-chance.dk\/?product=vaeg-spejl-toronto-60x80cm\",\"name\":\"V\u00e6g spejl Toronto 60x80cm - LASTCHANCE Deals | Danmark\",\"isPartOf\":{\"@id\":\"https:\/\/last-chance.dk\/#website\"},\"primaryImageOfPage\":{\"@id\":\"https:\/\/last-chance.dk\/?product=vaeg-spejl-toronto-60x80cm#primaryimage\"},\"image\":{\"@id\":\"https:\/\/last-chance.dk\/?product=vaeg-spejl-toronto-60x80cm#primaryimage\"},\"thumbnailUrl\":\"https:\/\/last-chance.dk\/wp-content\/uploads\/2023\/11\/toronto_gold_1.jpg\",\"datePublished\":\"2023-11-06T14:22:26+00:00\",\"dateModified\":\"2025-10-13T12:09:27+00:00\",\"breadcrumb\":{\"@id\":\"https:\/\/last-chance.dk\/?product=vaeg-spejl-toronto-60x80cm#breadcrumb\"},\"inLanguage\":\"da-DK\",\"potentialAction\":[{\"@type\":\"ReadAction\",\"target\":[\"https:\/\/last-chance.dk\/?product=vaeg-spejl-toronto-60x80cm\"]}]},{\"@type\":\"ImageObject\",\"inLanguage\":\"da-DK\",\"@id\":\"https:\/\/last-chance.dk\/?product=vaeg-spejl-toronto-60x80cm#primaryimage\",\"url\":\"https:\/\/last-chance.dk\/wp-content\/uploads\/2023\/11\/toronto_gold_1.jpg\",\"contentUrl\":\"https:\/\/last-chance.dk\/wp-content\/uploads\/2023\/11\/toronto_gold_1.jpg\",\"width\":400,\"height\":400},{\"@type\":\"BreadcrumbList\",\"@id\":\"https:\/\/last-chance.dk\/?product=vaeg-spejl-toronto-60x80cm#breadcrumb\",\"itemListElement\":[{\"@type\":\"ListItem\",\"position\":1,\"name\":\"Home\",\"item\":\"https:\/\/last-chance.dk\/\"},{\"@type\":\"ListItem\",\"position\":2,\"name\":\"V\u00e6g spejl Toronto 60x80cm\"}]},{\"@type\":\"WebSite\",\"@id\":\"https:\/\/last-chance.dk\/#website\",\"url\":\"https:\/\/last-chance.dk\/\",\"name\":\"LASTCHANCE Deals | Danmark\",\"description\":\"LASTCHANCE Deals | Danmark\",\"publisher\":{\"@id\":\"https:\/\/last-chance.dk\/#organization\"},\"potentialAction\":[{\"@type\":\"SearchAction\",\"target\":{\"@type\":\"EntryPoint\",\"urlTemplate\":\"https:\/\/last-chance.dk\/?s={search_term_string}\"},\"query-input\":{\"@type\":\"PropertyValueSpecification\",\"valueRequired\":true,\"valueName\":\"search_term_string\"}}],\"inLanguage\":\"da-DK\"},{\"@type\":\"Organization\",\"@id\":\"https:\/\/last-chance.dk\/#organization\",\"name\":\"LASTCHANCE Deals | Danmark\",\"url\":\"https:\/\/last-chance.dk\/\",\"logo\":{\"@type\":\"ImageObject\",\"inLanguage\":\"da-DK\",\"@id\":\"https:\/\/last-chance.dk\/#\/schema\/logo\/image\/\",\"url\":\"https:\/\/last-chance.dk\/wp-content\/uploads\/2023\/10\/lastchancedeals_logo_dk_white.png\",\"contentUrl\":\"https:\/\/last-chance.dk\/wp-content\/uploads\/2023\/10\/lastchancedeals_logo_dk_white.png\",\"width\":470,\"height\":110,\"caption\":\"LASTCHANCE Deals | Danmark\"},\"image\":{\"@id\":\"https:\/\/last-chance.dk\/#\/schema\/logo\/image\/\"}}]}<\/script>\n<!-- \/ Yoast SEO plugin. -->","yoast_head_json":{"title":"V\u00e6g spejl Toronto 60x80cm - LASTCHANCE Deals | Danmark","robots":{"index":"index","follow":"follow","max-snippet":"max-snippet:-1","max-image-preview":"max-image-preview:large","max-video-preview":"max-video-preview:-1"},"canonical":"https:\/\/last-chance.dk\/?product=vaeg-spejl-toronto-60x80cm","og_locale":"da_DK","og_type":"article","og_title":"V\u00e6g spejl Toronto 60x80cm - LASTCHANCE Deals | Danmark","og_description":"Er du p\u00e5 udkig efter et smukt og funktionelt v\u00e6g spejl til dit hjem? S\u00e5 er v\u00e6g spejlet Toronto fra ForrestDecor det perfekte valg for dig. Dette spejl har et elegant og moderne design, der passer til enhver indretning. Spejlet er lavet af h\u00f8j kvalitet glas og tr\u00e6, der giver det en robust og holdbar [&hellip;]","og_url":"https:\/\/last-chance.dk\/?product=vaeg-spejl-toronto-60x80cm","og_site_name":"LASTCHANCE Deals | Danmark","article_modified_time":"2025-10-13T12:09:27+00:00","og_image":[{"width":400,"height":400,"url":"https:\/\/last-chance.dk\/wp-content\/uploads\/2023\/11\/toronto_gold_1.jpg","type":"image\/jpeg"}],"twitter_card":"summary_large_image","twitter_misc":{"Estimeret l\u00e6setid":"1 minut"},"schema":{"@context":"https:\/\/schema.org","@graph":[{"@type":"WebPage","@id":"https:\/\/last-chance.dk\/?product=vaeg-spejl-toronto-60x80cm","url":"https:\/\/last-chance.dk\/?product=vaeg-spejl-toronto-60x80cm","name":"V\u00e6g spejl Toronto 60x80cm - LASTCHANCE Deals | Danmark","isPartOf":{"@id":"https:\/\/last-chance.dk\/#website"},"primaryImageOfPage":{"@id":"https:\/\/last-chance.dk\/?product=vaeg-spejl-toronto-60x80cm#primaryimage"},"image":{"@id":"https:\/\/last-chance.dk\/?product=vaeg-spejl-toronto-60x80cm#primaryimage"},"thumbnailUrl":"https:\/\/last-chance.dk\/wp-content\/uploads\/2023\/11\/toronto_gold_1.jpg","datePublished":"2023-11-06T14:22:26+00:00","dateModified":"2025-10-13T12:09:27+00:00","breadcrumb":{"@id":"https:\/\/last-chance.dk\/?product=vaeg-spejl-toronto-60x80cm#breadcrumb"},"inLanguage":"da-DK","potentialAction":[{"@type":"ReadAction","target":["https:\/\/last-chance.dk\/?product=vaeg-spejl-toronto-60x80cm"]}]},{"@type":"ImageObject","inLanguage":"da-DK","@id":"https:\/\/last-chance.dk\/?product=vaeg-spejl-toronto-60x80cm#primaryimage","url":"https:\/\/last-chance.dk\/wp-content\/uploads\/2023\/11\/toronto_gold_1.jpg","contentUrl":"https:\/\/last-chance.dk\/wp-content\/uploads\/2023\/11\/toronto_gold_1.jpg","width":400,"height":400},{"@type":"BreadcrumbList","@id":"https:\/\/last-chance.dk\/?product=vaeg-spejl-toronto-60x80cm#breadcrumb","itemListElement":[{"@type":"ListItem","position":1,"name":"Home","item":"https:\/\/last-chance.dk\/"},{"@type":"ListItem","position":2,"name":"V\u00e6g spejl Toronto 60x80cm"}]},{"@type":"WebSite","@id":"https:\/\/last-chance.dk\/#website","url":"https:\/\/last-chance.dk\/","name":"LASTCHANCE Deals | Danmark","description":"LASTCHANCE Deals | Danmark","publisher":{"@id":"https:\/\/last-chance.dk\/#organization"},"potentialAction":[{"@type":"SearchAction","target":{"@type":"EntryPoint","urlTemplate":"https:\/\/last-chance.dk\/?s={search_term_string}"},"query-input":{"@type":"PropertyValueSpecification","valueRequired":true,"valueName":"search_term_string"}}],"inLanguage":"da-DK"},{"@type":"Organization","@id":"https:\/\/last-chance.dk\/#organization","name":"LASTCHANCE Deals | Danmark","url":"https:\/\/last-chance.dk\/","logo":{"@type":"ImageObject","inLanguage":"da-DK","@id":"https:\/\/last-chance.dk\/#\/schema\/logo\/image\/","url":"https:\/\/last-chance.dk\/wp-content\/uploads\/2023\/10\/lastchancedeals_logo_dk_white.png","contentUrl":"https:\/\/last-chance.dk\/wp-content\/uploads\/2023\/10\/lastchancedeals_logo_dk_white.png","width":470,"height":110,"caption":"LASTCHANCE Deals | Danmark"},"image":{"@id":"https:\/\/last-chance.dk\/#\/schema\/logo\/image\/"}}]}},"_links":{"self":[{"href":"https:\/\/last-chance.dk\/index.php?rest_route=\/wp\/v2\/product\/8273","targetHints":{"allow":["GET"]}}],"collection":[{"href":"https:\/\/last-chance.dk\/index.php?rest_route=\/wp\/v2\/product"}],"about":[{"href":"https:\/\/last-chance.dk\/index.php?rest_route=\/wp\/v2\/types\/product"}],"replies":[{"embeddable":true,"href":"https:\/\/last-chance.dk\/index.php?rest_route=%2Fwp%2Fv2%2Fcomments&post=8273"}],"wp:featuredmedia":[{"embeddable":true,"href":"https:\/\/last-chance.dk\/index.php?rest_route=\/wp\/v2\/media\/8270"}],"wp:attachment":[{"href":"https:\/\/last-chance.dk\/index.php?rest_route=%2Fwp%2Fv2%2Fmedia&parent=8273"}],"wp:term":[{"taxonomy":"product_brand","embeddable":true,"href":"https:\/\/last-chance.dk\/index.php?rest_route=%2Fwp%2Fv2%2Fproduct_brand&post=8273"},{"taxonomy":"product_cat","embeddable":true,"href":"https:\/\/last-chance.dk\/index.php?rest_route=%2Fwp%2Fv2%2Fproduct_cat&post=8273"},{"taxonomy":"product_tag","embeddable":true,"href":"https:\/\/last-chance.dk\/index.php?rest_route=%2Fwp%2Fv2%2Fproduct_tag&post=8273"}],"curies":[{"name":"wp","href":"https:\/\/api.w.org\/{rel}","templated":true}]}}