{"id":8306,"date":"2023-11-06T14:23:45","date_gmt":"2023-11-06T14:23:45","guid":{"rendered":"https:\/\/www.lastchance.deals\/dk\/tuote\/kontinentalseng-saet-ake-med-opbevaring-160-180-stof\/"},"modified":"2025-09-19T18:02:10","modified_gmt":"2025-09-19T18:02:10","slug":"kontinentalseng-saet-ake-med-opbevaring-160-180-stof","status":"publish","type":"product","link":"https:\/\/last-chance.dk\/?product=kontinentalseng-saet-ake-med-opbevaring-160-180-stof","title":{"rendered":"Kontinentalseng s\u00e6t Ake med opbevaring 160-180 stof"},"content":{"rendered":"<p>Dr\u00f8mmer du om en komfortabel og elegant seng, der passer til dit sovev\u00e6relse? S\u00e5 er kontinentalseng s\u00e6t Ake med opbevaring det perfekte valg for dig. Dette s\u00e6t best\u00e5r af en kontinentalseng med en solid tr\u00e6ramme og en m\u00f8belplade, der giver en stabil og holdbar konstruktion. Sengen har en lamelbund og en madras af h\u00f8j kvalitet, der sikrer en god nattes\u00f8vn. Du kan v\u00e6lge mellem to st\u00f8rrelser: 160x200cm eller 180x200cm.<\/p>\n<p><\/p>\n<p>Men det er ikke alt. Kontinentalseng s\u00e6t Ake med opbevaring har ogs\u00e5 en praktisk senget\u00f8jskasse, hvor du kan opbevare dit senget\u00f8j, puder eller andre ting. Senget\u00f8jskassen er nem at \u00e5bne og lukke med et h\u00e5ndtag. Derudover f\u00e5r du ogs\u00e5 en topmadras, der giver ekstra komfort og hygiejne, samt en smuk sengegavl i stof, der fuldender det klassiske look.<\/p>\n<p><\/p>\n<p>Kontinentalseng s\u00e6t Ake med opbevaring er h\u00e5ndlavet i EU af fabrikanten LuxCasa, der har mere end 20 \u00e5rs erfaring i at producere kvalitetssenge. Du f\u00e5r ogs\u00e5 12 m\u00e5neders rammegaranti, s\u00e5 du kan v\u00e6re sikker p\u00e5, at du f\u00e5r et godt produkt.<\/p>\n<p><\/p>\n<p>Bestil din kontinentalseng s\u00e6t Ake med opbevaring i dag og gl\u00e6d dig til at sove som en dr\u00f8m.<\/p>\n<p><\/p>\n<p>Leveringstid: Leveringstid 1 uge<br \/>\nStil: klassisk<br \/>\nMateriale: stof<br \/>\nRammemateriale: solidt tr\u00e6,m\u00f8belplade<br \/>\nLamelbund: inkluderet<br \/>\nSengest\u00f8rrelse: 160x200cm,180x200cm<br \/>\nMadras: inkluderet<br \/>\nSenget\u00f8jskasse: inkluderet<br \/>\nTopmadras: inkluderet<br \/>\nSengegavl: inkluderet<br \/>\nUdvendige dimensioner: 160&#215;200: 209x160cm, 180&#215;200: 209x180cm<br \/>\nMontage: leveres samlet<br \/>\nGaranti: 12 m\u00e5neders rammegaranti<br \/>\nFabrikant: LuxCasa<br \/>\nFremstillet: i EU h\u00e5ndlavet<\/p>\n","protected":false},"excerpt":{"rendered":"<p>Dr\u00f8mmer du om en komfortabel og elegant seng, der passer til dit sovev\u00e6relse? S\u00e5 er kontinentalseng s\u00e6t Ake med opbevaring det perfekte valg for dig. Dette s\u00e6t best\u00e5r af en kontinentalseng med en solid tr\u00e6ramme og en m\u00f8belplade, der giver en stabil og holdbar konstruktion. Sengen har en lamelbund og en madras af h\u00f8j kvalitet, [&hellip;]<\/p>\n","protected":false},"featured_media":8300,"comment_status":"open","ping_status":"closed","template":"","meta":[],"product_brand":[],"product_cat":[144],"product_tag":[],"class_list":{"0":"post-8306","1":"product","2":"type-product","3":"status-publish","4":"has-post-thumbnail","6":"product_cat-continental-beds","8":"first","9":"instock","10":"shipping-taxable","11":"purchasable","12":"product-type-simple"},"yoast_head":"<!-- This site is optimized with the Yoast SEO plugin v24.8.1 - https:\/\/yoast.com\/wordpress\/plugins\/seo\/ -->\n<title>Kontinentalseng s\u00e6t Ake med opbevaring 160-180 stof - LASTCHANCE Deals | Danmark<\/title>\n<meta name=\"robots\" content=\"index, follow, max-snippet:-1, max-image-preview:large, max-video-preview:-1\" \/>\n<link rel=\"canonical\" href=\"https:\/\/last-chance.dk\/?product=kontinentalseng-saet-ake-med-opbevaring-160-180-stof\" \/>\n<meta property=\"og:locale\" content=\"da_DK\" \/>\n<meta property=\"og:type\" content=\"article\" \/>\n<meta property=\"og:title\" content=\"Kontinentalseng s\u00e6t Ake med opbevaring 160-180 stof - LASTCHANCE Deals | Danmark\" \/>\n<meta property=\"og:description\" content=\"Dr\u00f8mmer du om en komfortabel og elegant seng, der passer til dit sovev\u00e6relse? S\u00e5 er kontinentalseng s\u00e6t Ake med opbevaring det perfekte valg for dig. Dette s\u00e6t best\u00e5r af en kontinentalseng med en solid tr\u00e6ramme og en m\u00f8belplade, der giver en stabil og holdbar konstruktion. Sengen har en lamelbund og en madras af h\u00f8j kvalitet, [&hellip;]\" \/>\n<meta property=\"og:url\" content=\"https:\/\/last-chance.dk\/?product=kontinentalseng-saet-ake-med-opbevaring-160-180-stof\" \/>\n<meta property=\"og:site_name\" content=\"LASTCHANCE Deals | Danmark\" \/>\n<meta property=\"article:modified_time\" content=\"2025-09-19T18:02:10+00:00\" \/>\n<meta property=\"og:image\" content=\"https:\/\/last-chance.dk\/wp-content\/uploads\/2023\/11\/alcantara_2021_i_2010.jpg\" \/>\n\t<meta property=\"og:image:width\" content=\"1000\" \/>\n\t<meta property=\"og:image:height\" content=\"750\" \/>\n\t<meta property=\"og:image:type\" content=\"image\/jpeg\" \/>\n<meta name=\"twitter:card\" content=\"summary_large_image\" \/>\n<meta name=\"twitter:label1\" content=\"Estimeret l\u00e6setid\" \/>\n\t<meta name=\"twitter:data1\" content=\"1 minut\" \/>\n<script type=\"application\/ld+json\" class=\"yoast-schema-graph\">{\"@context\":\"https:\/\/schema.org\",\"@graph\":[{\"@type\":\"WebPage\",\"@id\":\"https:\/\/last-chance.dk\/?product=kontinentalseng-saet-ake-med-opbevaring-160-180-stof\",\"url\":\"https:\/\/last-chance.dk\/?product=kontinentalseng-saet-ake-med-opbevaring-160-180-stof\",\"name\":\"Kontinentalseng s\u00e6t Ake med opbevaring 160-180 stof - LASTCHANCE Deals | Danmark\",\"isPartOf\":{\"@id\":\"https:\/\/last-chance.dk\/#website\"},\"primaryImageOfPage\":{\"@id\":\"https:\/\/last-chance.dk\/?product=kontinentalseng-saet-ake-med-opbevaring-160-180-stof#primaryimage\"},\"image\":{\"@id\":\"https:\/\/last-chance.dk\/?product=kontinentalseng-saet-ake-med-opbevaring-160-180-stof#primaryimage\"},\"thumbnailUrl\":\"https:\/\/last-chance.dk\/wp-content\/uploads\/2023\/11\/alcantara_2021_i_2010.jpg\",\"datePublished\":\"2023-11-06T14:23:45+00:00\",\"dateModified\":\"2025-09-19T18:02:10+00:00\",\"breadcrumb\":{\"@id\":\"https:\/\/last-chance.dk\/?product=kontinentalseng-saet-ake-med-opbevaring-160-180-stof#breadcrumb\"},\"inLanguage\":\"da-DK\",\"potentialAction\":[{\"@type\":\"ReadAction\",\"target\":[\"https:\/\/last-chance.dk\/?product=kontinentalseng-saet-ake-med-opbevaring-160-180-stof\"]}]},{\"@type\":\"ImageObject\",\"inLanguage\":\"da-DK\",\"@id\":\"https:\/\/last-chance.dk\/?product=kontinentalseng-saet-ake-med-opbevaring-160-180-stof#primaryimage\",\"url\":\"https:\/\/last-chance.dk\/wp-content\/uploads\/2023\/11\/alcantara_2021_i_2010.jpg\",\"contentUrl\":\"https:\/\/last-chance.dk\/wp-content\/uploads\/2023\/11\/alcantara_2021_i_2010.jpg\",\"width\":1000,\"height\":750},{\"@type\":\"BreadcrumbList\",\"@id\":\"https:\/\/last-chance.dk\/?product=kontinentalseng-saet-ake-med-opbevaring-160-180-stof#breadcrumb\",\"itemListElement\":[{\"@type\":\"ListItem\",\"position\":1,\"name\":\"Home\",\"item\":\"https:\/\/last-chance.dk\/\"},{\"@type\":\"ListItem\",\"position\":2,\"name\":\"Kontinentalseng s\u00e6t Ake med opbevaring 160-180 stof\"}]},{\"@type\":\"WebSite\",\"@id\":\"https:\/\/last-chance.dk\/#website\",\"url\":\"https:\/\/last-chance.dk\/\",\"name\":\"LASTCHANCE Deals | Danmark\",\"description\":\"LASTCHANCE Deals | Danmark\",\"publisher\":{\"@id\":\"https:\/\/last-chance.dk\/#organization\"},\"potentialAction\":[{\"@type\":\"SearchAction\",\"target\":{\"@type\":\"EntryPoint\",\"urlTemplate\":\"https:\/\/last-chance.dk\/?s={search_term_string}\"},\"query-input\":{\"@type\":\"PropertyValueSpecification\",\"valueRequired\":true,\"valueName\":\"search_term_string\"}}],\"inLanguage\":\"da-DK\"},{\"@type\":\"Organization\",\"@id\":\"https:\/\/last-chance.dk\/#organization\",\"name\":\"LASTCHANCE Deals | Danmark\",\"url\":\"https:\/\/last-chance.dk\/\",\"logo\":{\"@type\":\"ImageObject\",\"inLanguage\":\"da-DK\",\"@id\":\"https:\/\/last-chance.dk\/#\/schema\/logo\/image\/\",\"url\":\"https:\/\/last-chance.dk\/wp-content\/uploads\/2023\/10\/lastchancedeals_logo_dk_white.png\",\"contentUrl\":\"https:\/\/last-chance.dk\/wp-content\/uploads\/2023\/10\/lastchancedeals_logo_dk_white.png\",\"width\":470,\"height\":110,\"caption\":\"LASTCHANCE Deals | Danmark\"},\"image\":{\"@id\":\"https:\/\/last-chance.dk\/#\/schema\/logo\/image\/\"}}]}<\/script>\n<!-- \/ Yoast SEO plugin. -->","yoast_head_json":{"title":"Kontinentalseng s\u00e6t Ake med opbevaring 160-180 stof - LASTCHANCE Deals | Danmark","robots":{"index":"index","follow":"follow","max-snippet":"max-snippet:-1","max-image-preview":"max-image-preview:large","max-video-preview":"max-video-preview:-1"},"canonical":"https:\/\/last-chance.dk\/?product=kontinentalseng-saet-ake-med-opbevaring-160-180-stof","og_locale":"da_DK","og_type":"article","og_title":"Kontinentalseng s\u00e6t Ake med opbevaring 160-180 stof - LASTCHANCE Deals | Danmark","og_description":"Dr\u00f8mmer du om en komfortabel og elegant seng, der passer til dit sovev\u00e6relse? S\u00e5 er kontinentalseng s\u00e6t Ake med opbevaring det perfekte valg for dig. Dette s\u00e6t best\u00e5r af en kontinentalseng med en solid tr\u00e6ramme og en m\u00f8belplade, der giver en stabil og holdbar konstruktion. Sengen har en lamelbund og en madras af h\u00f8j kvalitet, [&hellip;]","og_url":"https:\/\/last-chance.dk\/?product=kontinentalseng-saet-ake-med-opbevaring-160-180-stof","og_site_name":"LASTCHANCE Deals | Danmark","article_modified_time":"2025-09-19T18:02:10+00:00","og_image":[{"width":1000,"height":750,"url":"https:\/\/last-chance.dk\/wp-content\/uploads\/2023\/11\/alcantara_2021_i_2010.jpg","type":"image\/jpeg"}],"twitter_card":"summary_large_image","twitter_misc":{"Estimeret l\u00e6setid":"1 minut"},"schema":{"@context":"https:\/\/schema.org","@graph":[{"@type":"WebPage","@id":"https:\/\/last-chance.dk\/?product=kontinentalseng-saet-ake-med-opbevaring-160-180-stof","url":"https:\/\/last-chance.dk\/?product=kontinentalseng-saet-ake-med-opbevaring-160-180-stof","name":"Kontinentalseng s\u00e6t Ake med opbevaring 160-180 stof - LASTCHANCE Deals | Danmark","isPartOf":{"@id":"https:\/\/last-chance.dk\/#website"},"primaryImageOfPage":{"@id":"https:\/\/last-chance.dk\/?product=kontinentalseng-saet-ake-med-opbevaring-160-180-stof#primaryimage"},"image":{"@id":"https:\/\/last-chance.dk\/?product=kontinentalseng-saet-ake-med-opbevaring-160-180-stof#primaryimage"},"thumbnailUrl":"https:\/\/last-chance.dk\/wp-content\/uploads\/2023\/11\/alcantara_2021_i_2010.jpg","datePublished":"2023-11-06T14:23:45+00:00","dateModified":"2025-09-19T18:02:10+00:00","breadcrumb":{"@id":"https:\/\/last-chance.dk\/?product=kontinentalseng-saet-ake-med-opbevaring-160-180-stof#breadcrumb"},"inLanguage":"da-DK","potentialAction":[{"@type":"ReadAction","target":["https:\/\/last-chance.dk\/?product=kontinentalseng-saet-ake-med-opbevaring-160-180-stof"]}]},{"@type":"ImageObject","inLanguage":"da-DK","@id":"https:\/\/last-chance.dk\/?product=kontinentalseng-saet-ake-med-opbevaring-160-180-stof#primaryimage","url":"https:\/\/last-chance.dk\/wp-content\/uploads\/2023\/11\/alcantara_2021_i_2010.jpg","contentUrl":"https:\/\/last-chance.dk\/wp-content\/uploads\/2023\/11\/alcantara_2021_i_2010.jpg","width":1000,"height":750},{"@type":"BreadcrumbList","@id":"https:\/\/last-chance.dk\/?product=kontinentalseng-saet-ake-med-opbevaring-160-180-stof#breadcrumb","itemListElement":[{"@type":"ListItem","position":1,"name":"Home","item":"https:\/\/last-chance.dk\/"},{"@type":"ListItem","position":2,"name":"Kontinentalseng s\u00e6t Ake med opbevaring 160-180 stof"}]},{"@type":"WebSite","@id":"https:\/\/last-chance.dk\/#website","url":"https:\/\/last-chance.dk\/","name":"LASTCHANCE Deals | Danmark","description":"LASTCHANCE Deals | Danmark","publisher":{"@id":"https:\/\/last-chance.dk\/#organization"},"potentialAction":[{"@type":"SearchAction","target":{"@type":"EntryPoint","urlTemplate":"https:\/\/last-chance.dk\/?s={search_term_string}"},"query-input":{"@type":"PropertyValueSpecification","valueRequired":true,"valueName":"search_term_string"}}],"inLanguage":"da-DK"},{"@type":"Organization","@id":"https:\/\/last-chance.dk\/#organization","name":"LASTCHANCE Deals | Danmark","url":"https:\/\/last-chance.dk\/","logo":{"@type":"ImageObject","inLanguage":"da-DK","@id":"https:\/\/last-chance.dk\/#\/schema\/logo\/image\/","url":"https:\/\/last-chance.dk\/wp-content\/uploads\/2023\/10\/lastchancedeals_logo_dk_white.png","contentUrl":"https:\/\/last-chance.dk\/wp-content\/uploads\/2023\/10\/lastchancedeals_logo_dk_white.png","width":470,"height":110,"caption":"LASTCHANCE Deals | Danmark"},"image":{"@id":"https:\/\/last-chance.dk\/#\/schema\/logo\/image\/"}}]}},"_links":{"self":[{"href":"https:\/\/last-chance.dk\/index.php?rest_route=\/wp\/v2\/product\/8306","targetHints":{"allow":["GET"]}}],"collection":[{"href":"https:\/\/last-chance.dk\/index.php?rest_route=\/wp\/v2\/product"}],"about":[{"href":"https:\/\/last-chance.dk\/index.php?rest_route=\/wp\/v2\/types\/product"}],"replies":[{"embeddable":true,"href":"https:\/\/last-chance.dk\/index.php?rest_route=%2Fwp%2Fv2%2Fcomments&post=8306"}],"wp:featuredmedia":[{"embeddable":true,"href":"https:\/\/last-chance.dk\/index.php?rest_route=\/wp\/v2\/media\/8300"}],"wp:attachment":[{"href":"https:\/\/last-chance.dk\/index.php?rest_route=%2Fwp%2Fv2%2Fmedia&parent=8306"}],"wp:term":[{"taxonomy":"product_brand","embeddable":true,"href":"https:\/\/last-chance.dk\/index.php?rest_route=%2Fwp%2Fv2%2Fproduct_brand&post=8306"},{"taxonomy":"product_cat","embeddable":true,"href":"https:\/\/last-chance.dk\/index.php?rest_route=%2Fwp%2Fv2%2Fproduct_cat&post=8306"},{"taxonomy":"product_tag","embeddable":true,"href":"https:\/\/last-chance.dk\/index.php?rest_route=%2Fwp%2Fv2%2Fproduct_tag&post=8306"}],"curies":[{"name":"wp","href":"https:\/\/api.w.org\/{rel}","templated":true}]}}