{"id":8375,"date":"2023-11-06T14:26:03","date_gmt":"2023-11-06T14:26:03","guid":{"rendered":"https:\/\/www.lastchance.deals\/dk\/tuote\/topmadras-160x200x4cm-freshline\/"},"modified":"2025-10-13T12:06:11","modified_gmt":"2025-10-13T12:06:11","slug":"topmadras-160x200x4cm-freshline","status":"publish","type":"product","link":"https:\/\/last-chance.dk\/?product=topmadras-160x200x4cm-freshline","title":{"rendered":"Topmadras 160x200x4cm FreshLine"},"content":{"rendered":"<p>Topmadras 160x200x4cm FreshLine er en perfekt l\u00f8sning til dig, der \u00f8nsker at forbedre din s\u00f8vnkvalitet og komfort. Denne topmadras er lavet af skum, som tilpasser sig din kropsform og giver dig optimal st\u00f8tte og aflastning. Skummet er ogs\u00e5 \u00e5ndbart og fugttransporterende, s\u00e5 du kan holde dig frisk og t\u00f8r hele natten.<\/p>\n<p><\/p>\n<p>Topmadrassen har et ydre stof, som er aftagelig og vaskbar, s\u00e5 du nemt kan holde den ren og hygiejnisk. Stoffet er ogs\u00e5 bl\u00f8dt og behageligt mod huden. Topmadrassen har en hvid farve, som passer til enhver indretning og stil.<\/p>\n<p><\/p>\n<p>Topmadras 160x200x4cm FreshLine er produceret i EU af Polarberg, en anerkendt fabrikant af kvalitetsmadrasser. Du f\u00e5r 12 m\u00e5neders garanti p\u00e5 din topmadras, s\u00e5 du kan v\u00e6re sikker p\u00e5, at den holder l\u00e6nge. Bestil din topmadras i dag og gl\u00e6d dig til at sove som en dr\u00f8m.<\/p>\n<p><\/p>\n<p>Leveringstid: Leveringstid 1-2 uger<br \/>\nMadras st\u00f8rrelse: 160x200x4cm<br \/>\nFarve: hvid<br \/>\nMateriale: skum<br \/>\nGaranti: 12 m\u00e5neder<br \/>\nYdre stof: aftagelig og vaskbar<br \/>\nFabrikant: LuxCasa<br \/>\nFremstillet: i EU<\/p>\n","protected":false},"excerpt":{"rendered":"<p>Topmadras 160x200x4cm FreshLine er en perfekt l\u00f8sning til dig, der \u00f8nsker at forbedre din s\u00f8vnkvalitet og komfort. Denne topmadras er lavet af skum, som tilpasser sig din kropsform og giver dig optimal st\u00f8tte og aflastning. Skummet er ogs\u00e5 \u00e5ndbart og fugttransporterende, s\u00e5 du kan holde dig frisk og t\u00f8r hele natten. Topmadrassen har et ydre [&hellip;]<\/p>\n","protected":false},"featured_media":8373,"comment_status":"open","ping_status":"closed","template":"","meta":[],"product_brand":[],"product_cat":[150],"product_tag":[],"class_list":{"0":"post-8375","1":"product","2":"type-product","3":"status-publish","4":"has-post-thumbnail","6":"product_cat-mattresses","8":"first","9":"instock","10":"shipping-taxable","11":"purchasable","12":"product-type-simple"},"yoast_head":"<!-- This site is optimized with the Yoast SEO plugin v24.8.1 - https:\/\/yoast.com\/wordpress\/plugins\/seo\/ -->\n<title>Topmadras 160x200x4cm FreshLine - LASTCHANCE Deals | Danmark<\/title>\n<meta name=\"robots\" content=\"index, follow, max-snippet:-1, max-image-preview:large, max-video-preview:-1\" \/>\n<link rel=\"canonical\" href=\"https:\/\/last-chance.dk\/?product=topmadras-160x200x4cm-freshline\" \/>\n<meta property=\"og:locale\" content=\"da_DK\" \/>\n<meta property=\"og:type\" content=\"article\" \/>\n<meta property=\"og:title\" content=\"Topmadras 160x200x4cm FreshLine - LASTCHANCE Deals | Danmark\" \/>\n<meta property=\"og:description\" content=\"Topmadras 160x200x4cm FreshLine er en perfekt l\u00f8sning til dig, der \u00f8nsker at forbedre din s\u00f8vnkvalitet og komfort. Denne topmadras er lavet af skum, som tilpasser sig din kropsform og giver dig optimal st\u00f8tte og aflastning. Skummet er ogs\u00e5 \u00e5ndbart og fugttransporterende, s\u00e5 du kan holde dig frisk og t\u00f8r hele natten. Topmadrassen har et ydre [&hellip;]\" \/>\n<meta property=\"og:url\" content=\"https:\/\/last-chance.dk\/?product=topmadras-160x200x4cm-freshline\" \/>\n<meta property=\"og:site_name\" content=\"LASTCHANCE Deals | Danmark\" \/>\n<meta property=\"article:modified_time\" content=\"2025-10-13T12:06:11+00:00\" \/>\n<meta property=\"og:image\" content=\"https:\/\/last-chance.dk\/wp-content\/uploads\/2023\/11\/knxtopper_t25.jpg\" \/>\n\t<meta property=\"og:image:width\" content=\"1200\" \/>\n\t<meta property=\"og:image:height\" content=\"800\" \/>\n\t<meta property=\"og:image:type\" content=\"image\/jpeg\" \/>\n<meta name=\"twitter:card\" content=\"summary_large_image\" \/>\n<meta name=\"twitter:label1\" content=\"Estimeret l\u00e6setid\" \/>\n\t<meta name=\"twitter:data1\" content=\"1 minut\" \/>\n<script type=\"application\/ld+json\" class=\"yoast-schema-graph\">{\"@context\":\"https:\/\/schema.org\",\"@graph\":[{\"@type\":\"WebPage\",\"@id\":\"https:\/\/last-chance.dk\/?product=topmadras-160x200x4cm-freshline\",\"url\":\"https:\/\/last-chance.dk\/?product=topmadras-160x200x4cm-freshline\",\"name\":\"Topmadras 160x200x4cm FreshLine - LASTCHANCE Deals | Danmark\",\"isPartOf\":{\"@id\":\"https:\/\/last-chance.dk\/#website\"},\"primaryImageOfPage\":{\"@id\":\"https:\/\/last-chance.dk\/?product=topmadras-160x200x4cm-freshline#primaryimage\"},\"image\":{\"@id\":\"https:\/\/last-chance.dk\/?product=topmadras-160x200x4cm-freshline#primaryimage\"},\"thumbnailUrl\":\"https:\/\/last-chance.dk\/wp-content\/uploads\/2023\/11\/knxtopper_t25.jpg\",\"datePublished\":\"2023-11-06T14:26:03+00:00\",\"dateModified\":\"2025-10-13T12:06:11+00:00\",\"breadcrumb\":{\"@id\":\"https:\/\/last-chance.dk\/?product=topmadras-160x200x4cm-freshline#breadcrumb\"},\"inLanguage\":\"da-DK\",\"potentialAction\":[{\"@type\":\"ReadAction\",\"target\":[\"https:\/\/last-chance.dk\/?product=topmadras-160x200x4cm-freshline\"]}]},{\"@type\":\"ImageObject\",\"inLanguage\":\"da-DK\",\"@id\":\"https:\/\/last-chance.dk\/?product=topmadras-160x200x4cm-freshline#primaryimage\",\"url\":\"https:\/\/last-chance.dk\/wp-content\/uploads\/2023\/11\/knxtopper_t25.jpg\",\"contentUrl\":\"https:\/\/last-chance.dk\/wp-content\/uploads\/2023\/11\/knxtopper_t25.jpg\",\"width\":1200,\"height\":800},{\"@type\":\"BreadcrumbList\",\"@id\":\"https:\/\/last-chance.dk\/?product=topmadras-160x200x4cm-freshline#breadcrumb\",\"itemListElement\":[{\"@type\":\"ListItem\",\"position\":1,\"name\":\"Home\",\"item\":\"https:\/\/last-chance.dk\/\"},{\"@type\":\"ListItem\",\"position\":2,\"name\":\"Topmadras 160x200x4cm FreshLine\"}]},{\"@type\":\"WebSite\",\"@id\":\"https:\/\/last-chance.dk\/#website\",\"url\":\"https:\/\/last-chance.dk\/\",\"name\":\"LASTCHANCE Deals | Danmark\",\"description\":\"LASTCHANCE Deals | Danmark\",\"publisher\":{\"@id\":\"https:\/\/last-chance.dk\/#organization\"},\"potentialAction\":[{\"@type\":\"SearchAction\",\"target\":{\"@type\":\"EntryPoint\",\"urlTemplate\":\"https:\/\/last-chance.dk\/?s={search_term_string}\"},\"query-input\":{\"@type\":\"PropertyValueSpecification\",\"valueRequired\":true,\"valueName\":\"search_term_string\"}}],\"inLanguage\":\"da-DK\"},{\"@type\":\"Organization\",\"@id\":\"https:\/\/last-chance.dk\/#organization\",\"name\":\"LASTCHANCE Deals | Danmark\",\"url\":\"https:\/\/last-chance.dk\/\",\"logo\":{\"@type\":\"ImageObject\",\"inLanguage\":\"da-DK\",\"@id\":\"https:\/\/last-chance.dk\/#\/schema\/logo\/image\/\",\"url\":\"https:\/\/last-chance.dk\/wp-content\/uploads\/2023\/10\/lastchancedeals_logo_dk_white.png\",\"contentUrl\":\"https:\/\/last-chance.dk\/wp-content\/uploads\/2023\/10\/lastchancedeals_logo_dk_white.png\",\"width\":470,\"height\":110,\"caption\":\"LASTCHANCE Deals | Danmark\"},\"image\":{\"@id\":\"https:\/\/last-chance.dk\/#\/schema\/logo\/image\/\"}}]}<\/script>\n<!-- \/ Yoast SEO plugin. -->","yoast_head_json":{"title":"Topmadras 160x200x4cm FreshLine - LASTCHANCE Deals | Danmark","robots":{"index":"index","follow":"follow","max-snippet":"max-snippet:-1","max-image-preview":"max-image-preview:large","max-video-preview":"max-video-preview:-1"},"canonical":"https:\/\/last-chance.dk\/?product=topmadras-160x200x4cm-freshline","og_locale":"da_DK","og_type":"article","og_title":"Topmadras 160x200x4cm FreshLine - LASTCHANCE Deals | Danmark","og_description":"Topmadras 160x200x4cm FreshLine er en perfekt l\u00f8sning til dig, der \u00f8nsker at forbedre din s\u00f8vnkvalitet og komfort. Denne topmadras er lavet af skum, som tilpasser sig din kropsform og giver dig optimal st\u00f8tte og aflastning. Skummet er ogs\u00e5 \u00e5ndbart og fugttransporterende, s\u00e5 du kan holde dig frisk og t\u00f8r hele natten. Topmadrassen har et ydre [&hellip;]","og_url":"https:\/\/last-chance.dk\/?product=topmadras-160x200x4cm-freshline","og_site_name":"LASTCHANCE Deals | Danmark","article_modified_time":"2025-10-13T12:06:11+00:00","og_image":[{"width":1200,"height":800,"url":"https:\/\/last-chance.dk\/wp-content\/uploads\/2023\/11\/knxtopper_t25.jpg","type":"image\/jpeg"}],"twitter_card":"summary_large_image","twitter_misc":{"Estimeret l\u00e6setid":"1 minut"},"schema":{"@context":"https:\/\/schema.org","@graph":[{"@type":"WebPage","@id":"https:\/\/last-chance.dk\/?product=topmadras-160x200x4cm-freshline","url":"https:\/\/last-chance.dk\/?product=topmadras-160x200x4cm-freshline","name":"Topmadras 160x200x4cm FreshLine - LASTCHANCE Deals | Danmark","isPartOf":{"@id":"https:\/\/last-chance.dk\/#website"},"primaryImageOfPage":{"@id":"https:\/\/last-chance.dk\/?product=topmadras-160x200x4cm-freshline#primaryimage"},"image":{"@id":"https:\/\/last-chance.dk\/?product=topmadras-160x200x4cm-freshline#primaryimage"},"thumbnailUrl":"https:\/\/last-chance.dk\/wp-content\/uploads\/2023\/11\/knxtopper_t25.jpg","datePublished":"2023-11-06T14:26:03+00:00","dateModified":"2025-10-13T12:06:11+00:00","breadcrumb":{"@id":"https:\/\/last-chance.dk\/?product=topmadras-160x200x4cm-freshline#breadcrumb"},"inLanguage":"da-DK","potentialAction":[{"@type":"ReadAction","target":["https:\/\/last-chance.dk\/?product=topmadras-160x200x4cm-freshline"]}]},{"@type":"ImageObject","inLanguage":"da-DK","@id":"https:\/\/last-chance.dk\/?product=topmadras-160x200x4cm-freshline#primaryimage","url":"https:\/\/last-chance.dk\/wp-content\/uploads\/2023\/11\/knxtopper_t25.jpg","contentUrl":"https:\/\/last-chance.dk\/wp-content\/uploads\/2023\/11\/knxtopper_t25.jpg","width":1200,"height":800},{"@type":"BreadcrumbList","@id":"https:\/\/last-chance.dk\/?product=topmadras-160x200x4cm-freshline#breadcrumb","itemListElement":[{"@type":"ListItem","position":1,"name":"Home","item":"https:\/\/last-chance.dk\/"},{"@type":"ListItem","position":2,"name":"Topmadras 160x200x4cm FreshLine"}]},{"@type":"WebSite","@id":"https:\/\/last-chance.dk\/#website","url":"https:\/\/last-chance.dk\/","name":"LASTCHANCE Deals | Danmark","description":"LASTCHANCE Deals | Danmark","publisher":{"@id":"https:\/\/last-chance.dk\/#organization"},"potentialAction":[{"@type":"SearchAction","target":{"@type":"EntryPoint","urlTemplate":"https:\/\/last-chance.dk\/?s={search_term_string}"},"query-input":{"@type":"PropertyValueSpecification","valueRequired":true,"valueName":"search_term_string"}}],"inLanguage":"da-DK"},{"@type":"Organization","@id":"https:\/\/last-chance.dk\/#organization","name":"LASTCHANCE Deals | Danmark","url":"https:\/\/last-chance.dk\/","logo":{"@type":"ImageObject","inLanguage":"da-DK","@id":"https:\/\/last-chance.dk\/#\/schema\/logo\/image\/","url":"https:\/\/last-chance.dk\/wp-content\/uploads\/2023\/10\/lastchancedeals_logo_dk_white.png","contentUrl":"https:\/\/last-chance.dk\/wp-content\/uploads\/2023\/10\/lastchancedeals_logo_dk_white.png","width":470,"height":110,"caption":"LASTCHANCE Deals | Danmark"},"image":{"@id":"https:\/\/last-chance.dk\/#\/schema\/logo\/image\/"}}]}},"_links":{"self":[{"href":"https:\/\/last-chance.dk\/index.php?rest_route=\/wp\/v2\/product\/8375","targetHints":{"allow":["GET"]}}],"collection":[{"href":"https:\/\/last-chance.dk\/index.php?rest_route=\/wp\/v2\/product"}],"about":[{"href":"https:\/\/last-chance.dk\/index.php?rest_route=\/wp\/v2\/types\/product"}],"replies":[{"embeddable":true,"href":"https:\/\/last-chance.dk\/index.php?rest_route=%2Fwp%2Fv2%2Fcomments&post=8375"}],"wp:featuredmedia":[{"embeddable":true,"href":"https:\/\/last-chance.dk\/index.php?rest_route=\/wp\/v2\/media\/8373"}],"wp:attachment":[{"href":"https:\/\/last-chance.dk\/index.php?rest_route=%2Fwp%2Fv2%2Fmedia&parent=8375"}],"wp:term":[{"taxonomy":"product_brand","embeddable":true,"href":"https:\/\/last-chance.dk\/index.php?rest_route=%2Fwp%2Fv2%2Fproduct_brand&post=8375"},{"taxonomy":"product_cat","embeddable":true,"href":"https:\/\/last-chance.dk\/index.php?rest_route=%2Fwp%2Fv2%2Fproduct_cat&post=8375"},{"taxonomy":"product_tag","embeddable":true,"href":"https:\/\/last-chance.dk\/index.php?rest_route=%2Fwp%2Fv2%2Fproduct_tag&post=8375"}],"curies":[{"name":"wp","href":"https:\/\/api.w.org\/{rel}","templated":true}]}}