{"id":8506,"date":"2023-11-06T14:31:11","date_gmt":"2023-11-06T14:31:11","guid":{"rendered":"https:\/\/www.lastchance.deals\/dk\/tuote\/boernesenge-med-madras-og-opbevaringskasse-raccoon-160x80cm-moebelplade\/"},"modified":"2025-10-13T11:49:33","modified_gmt":"2025-10-13T11:49:33","slug":"boernesenge-med-madras-og-opbevaringskasse-raccoon-160x80cm-moebelplade","status":"publish","type":"product","link":"https:\/\/last-chance.dk\/?product=boernesenge-med-madras-og-opbevaringskasse-raccoon-160x80cm-moebelplade","title":{"rendered":"B\u00f8rnesenge Med Madras Og Opbevaringskasse Raccoon 160x80cm  m\u00f8belplade"},"content":{"rendered":"<p>Er du p\u00e5 udkig efter en moderne og praktisk seng til dit barns v\u00e6relse? S\u00e5 er denne b\u00f8rneseng med madras og opbevaringskasse fra LuxCasa det perfekte valg. Sengen har et flot design med en s\u00f8d vaskebj\u00f8rn p\u00e5 sengegavlen, der vil skabe en hyggelig stemning i rummet. Sengen er lavet af m\u00f8belplade af h\u00f8j kvalitet, der er nem at reng\u00f8re og vedligeholde. Sengen har en komfortabel madras medf\u00f8lgende, der passer til sengest\u00f8rrelsen p\u00e5 160x80cm. Sengen har ogs\u00e5 en praktisk senget\u00f8jskasse under sengen, hvor du kan opbevare dyner, puder, leget\u00f8j eller andet. Sengen har en lamelbund inkluderet, der giver god st\u00f8tte og ventilation til madrassen. Sengen er lavet i EU og har 12 m\u00e5neders rammegaranti. Sengen skal samles ved levering, men det er nemt og hurtigt at g\u00f8re med den medf\u00f8lgende vejledning.<\/p>\n<p><\/p>\n<p>Bestil denne b\u00f8rneseng med madras og opbevaringskasse i dag og giv dit barn en dejlig soveplads med masser af plads til opbevaring.<\/p>\n<p><\/p>\n<p>Leveringstid: Leveringstid 1-2 uger<br \/>\nStil: moderne<br \/>\nMateriale: m\u00f8belplade<br \/>\nRammemateriale: m\u00f8belplade<br \/>\nLamelbund: inkluderet<br \/>\nSengest\u00f8rrelse: 160x80cm<br \/>\nMadras: inkluderet<br \/>\nSenget\u00f8jskasse: inkluderet<br \/>\nTopmadras: ikke inkluderet<br \/>\nSengegavl: inkluderet<br \/>\nUdvendige dimensioner: 164x90x61cm<br \/>\nMontage: skal samles<br \/>\nGaranti: 12 m\u00e5neders rammegaranti<br \/>\nFabrikant: NordNova<br \/>\nFremstillet: i EU<\/p>\n","protected":false},"excerpt":{"rendered":"<p>Er du p\u00e5 udkig efter en moderne og praktisk seng til dit barns v\u00e6relse? S\u00e5 er denne b\u00f8rneseng med madras og opbevaringskasse fra LuxCasa det perfekte valg. Sengen har et flot design med en s\u00f8d vaskebj\u00f8rn p\u00e5 sengegavlen, der vil skabe en hyggelig stemning i rummet. Sengen er lavet af m\u00f8belplade af h\u00f8j kvalitet, der [&hellip;]<\/p>\n","protected":false},"featured_media":8499,"comment_status":"open","ping_status":"closed","template":"","meta":[],"product_brand":[],"product_cat":[128],"product_tag":[],"class_list":{"0":"post-8506","1":"product","2":"type-product","3":"status-publish","4":"has-post-thumbnail","6":"product_cat-childrens-beds","8":"first","9":"instock","10":"shipping-taxable","11":"purchasable","12":"product-type-simple"},"yoast_head":"<!-- This site is optimized with the Yoast SEO plugin v24.8.1 - https:\/\/yoast.com\/wordpress\/plugins\/seo\/ -->\n<title>B\u00f8rnesenge Med Madras Og Opbevaringskasse Raccoon 160x80cm m\u00f8belplade - LASTCHANCE Deals | Danmark<\/title>\n<meta name=\"robots\" content=\"index, follow, max-snippet:-1, max-image-preview:large, max-video-preview:-1\" \/>\n<link rel=\"canonical\" href=\"https:\/\/last-chance.dk\/?product=boernesenge-med-madras-og-opbevaringskasse-raccoon-160x80cm-moebelplade\" \/>\n<meta property=\"og:locale\" content=\"da_DK\" \/>\n<meta property=\"og:type\" content=\"article\" \/>\n<meta property=\"og:title\" content=\"B\u00f8rnesenge Med Madras Og Opbevaringskasse Raccoon 160x80cm m\u00f8belplade - LASTCHANCE Deals | Danmark\" \/>\n<meta property=\"og:description\" content=\"Er du p\u00e5 udkig efter en moderne og praktisk seng til dit barns v\u00e6relse? S\u00e5 er denne b\u00f8rneseng med madras og opbevaringskasse fra LuxCasa det perfekte valg. Sengen har et flot design med en s\u00f8d vaskebj\u00f8rn p\u00e5 sengegavlen, der vil skabe en hyggelig stemning i rummet. Sengen er lavet af m\u00f8belplade af h\u00f8j kvalitet, der [&hellip;]\" \/>\n<meta property=\"og:url\" content=\"https:\/\/last-chance.dk\/?product=boernesenge-med-madras-og-opbevaringskasse-raccoon-160x80cm-moebelplade\" \/>\n<meta property=\"og:site_name\" content=\"LASTCHANCE Deals | Danmark\" \/>\n<meta property=\"article:modified_time\" content=\"2025-10-13T11:49:33+00:00\" \/>\n<meta property=\"og:image\" content=\"https:\/\/last-chance.dk\/wp-content\/uploads\/2023\/11\/lb2_bi_szo5_2.jpg\" \/>\n\t<meta property=\"og:image:width\" content=\"1064\" \/>\n\t<meta property=\"og:image:height\" content=\"600\" \/>\n\t<meta property=\"og:image:type\" content=\"image\/jpeg\" \/>\n<meta name=\"twitter:card\" content=\"summary_large_image\" \/>\n<meta name=\"twitter:label1\" content=\"Estimeret l\u00e6setid\" \/>\n\t<meta name=\"twitter:data1\" content=\"1 minut\" \/>\n<script type=\"application\/ld+json\" class=\"yoast-schema-graph\">{\"@context\":\"https:\/\/schema.org\",\"@graph\":[{\"@type\":\"WebPage\",\"@id\":\"https:\/\/last-chance.dk\/?product=boernesenge-med-madras-og-opbevaringskasse-raccoon-160x80cm-moebelplade\",\"url\":\"https:\/\/last-chance.dk\/?product=boernesenge-med-madras-og-opbevaringskasse-raccoon-160x80cm-moebelplade\",\"name\":\"B\u00f8rnesenge Med Madras Og Opbevaringskasse Raccoon 160x80cm m\u00f8belplade - LASTCHANCE Deals | Danmark\",\"isPartOf\":{\"@id\":\"https:\/\/last-chance.dk\/#website\"},\"primaryImageOfPage\":{\"@id\":\"https:\/\/last-chance.dk\/?product=boernesenge-med-madras-og-opbevaringskasse-raccoon-160x80cm-moebelplade#primaryimage\"},\"image\":{\"@id\":\"https:\/\/last-chance.dk\/?product=boernesenge-med-madras-og-opbevaringskasse-raccoon-160x80cm-moebelplade#primaryimage\"},\"thumbnailUrl\":\"https:\/\/last-chance.dk\/wp-content\/uploads\/2023\/11\/lb2_bi_szo5_2.jpg\",\"datePublished\":\"2023-11-06T14:31:11+00:00\",\"dateModified\":\"2025-10-13T11:49:33+00:00\",\"breadcrumb\":{\"@id\":\"https:\/\/last-chance.dk\/?product=boernesenge-med-madras-og-opbevaringskasse-raccoon-160x80cm-moebelplade#breadcrumb\"},\"inLanguage\":\"da-DK\",\"potentialAction\":[{\"@type\":\"ReadAction\",\"target\":[\"https:\/\/last-chance.dk\/?product=boernesenge-med-madras-og-opbevaringskasse-raccoon-160x80cm-moebelplade\"]}]},{\"@type\":\"ImageObject\",\"inLanguage\":\"da-DK\",\"@id\":\"https:\/\/last-chance.dk\/?product=boernesenge-med-madras-og-opbevaringskasse-raccoon-160x80cm-moebelplade#primaryimage\",\"url\":\"https:\/\/last-chance.dk\/wp-content\/uploads\/2023\/11\/lb2_bi_szo5_2.jpg\",\"contentUrl\":\"https:\/\/last-chance.dk\/wp-content\/uploads\/2023\/11\/lb2_bi_szo5_2.jpg\",\"width\":1064,\"height\":600},{\"@type\":\"BreadcrumbList\",\"@id\":\"https:\/\/last-chance.dk\/?product=boernesenge-med-madras-og-opbevaringskasse-raccoon-160x80cm-moebelplade#breadcrumb\",\"itemListElement\":[{\"@type\":\"ListItem\",\"position\":1,\"name\":\"Home\",\"item\":\"https:\/\/last-chance.dk\/\"},{\"@type\":\"ListItem\",\"position\":2,\"name\":\"B\u00f8rnesenge Med Madras Og Opbevaringskasse Raccoon 160x80cm m\u00f8belplade\"}]},{\"@type\":\"WebSite\",\"@id\":\"https:\/\/last-chance.dk\/#website\",\"url\":\"https:\/\/last-chance.dk\/\",\"name\":\"LASTCHANCE Deals | Danmark\",\"description\":\"LASTCHANCE Deals | Danmark\",\"publisher\":{\"@id\":\"https:\/\/last-chance.dk\/#organization\"},\"potentialAction\":[{\"@type\":\"SearchAction\",\"target\":{\"@type\":\"EntryPoint\",\"urlTemplate\":\"https:\/\/last-chance.dk\/?s={search_term_string}\"},\"query-input\":{\"@type\":\"PropertyValueSpecification\",\"valueRequired\":true,\"valueName\":\"search_term_string\"}}],\"inLanguage\":\"da-DK\"},{\"@type\":\"Organization\",\"@id\":\"https:\/\/last-chance.dk\/#organization\",\"name\":\"LASTCHANCE Deals | Danmark\",\"url\":\"https:\/\/last-chance.dk\/\",\"logo\":{\"@type\":\"ImageObject\",\"inLanguage\":\"da-DK\",\"@id\":\"https:\/\/last-chance.dk\/#\/schema\/logo\/image\/\",\"url\":\"https:\/\/last-chance.dk\/wp-content\/uploads\/2023\/10\/lastchancedeals_logo_dk_white.png\",\"contentUrl\":\"https:\/\/last-chance.dk\/wp-content\/uploads\/2023\/10\/lastchancedeals_logo_dk_white.png\",\"width\":470,\"height\":110,\"caption\":\"LASTCHANCE Deals | Danmark\"},\"image\":{\"@id\":\"https:\/\/last-chance.dk\/#\/schema\/logo\/image\/\"}}]}<\/script>\n<!-- \/ Yoast SEO plugin. -->","yoast_head_json":{"title":"B\u00f8rnesenge Med Madras Og Opbevaringskasse Raccoon 160x80cm m\u00f8belplade - LASTCHANCE Deals | Danmark","robots":{"index":"index","follow":"follow","max-snippet":"max-snippet:-1","max-image-preview":"max-image-preview:large","max-video-preview":"max-video-preview:-1"},"canonical":"https:\/\/last-chance.dk\/?product=boernesenge-med-madras-og-opbevaringskasse-raccoon-160x80cm-moebelplade","og_locale":"da_DK","og_type":"article","og_title":"B\u00f8rnesenge Med Madras Og Opbevaringskasse Raccoon 160x80cm m\u00f8belplade - LASTCHANCE Deals | Danmark","og_description":"Er du p\u00e5 udkig efter en moderne og praktisk seng til dit barns v\u00e6relse? S\u00e5 er denne b\u00f8rneseng med madras og opbevaringskasse fra LuxCasa det perfekte valg. Sengen har et flot design med en s\u00f8d vaskebj\u00f8rn p\u00e5 sengegavlen, der vil skabe en hyggelig stemning i rummet. Sengen er lavet af m\u00f8belplade af h\u00f8j kvalitet, der [&hellip;]","og_url":"https:\/\/last-chance.dk\/?product=boernesenge-med-madras-og-opbevaringskasse-raccoon-160x80cm-moebelplade","og_site_name":"LASTCHANCE Deals | Danmark","article_modified_time":"2025-10-13T11:49:33+00:00","og_image":[{"width":1064,"height":600,"url":"https:\/\/last-chance.dk\/wp-content\/uploads\/2023\/11\/lb2_bi_szo5_2.jpg","type":"image\/jpeg"}],"twitter_card":"summary_large_image","twitter_misc":{"Estimeret l\u00e6setid":"1 minut"},"schema":{"@context":"https:\/\/schema.org","@graph":[{"@type":"WebPage","@id":"https:\/\/last-chance.dk\/?product=boernesenge-med-madras-og-opbevaringskasse-raccoon-160x80cm-moebelplade","url":"https:\/\/last-chance.dk\/?product=boernesenge-med-madras-og-opbevaringskasse-raccoon-160x80cm-moebelplade","name":"B\u00f8rnesenge Med Madras Og Opbevaringskasse Raccoon 160x80cm m\u00f8belplade - LASTCHANCE Deals | Danmark","isPartOf":{"@id":"https:\/\/last-chance.dk\/#website"},"primaryImageOfPage":{"@id":"https:\/\/last-chance.dk\/?product=boernesenge-med-madras-og-opbevaringskasse-raccoon-160x80cm-moebelplade#primaryimage"},"image":{"@id":"https:\/\/last-chance.dk\/?product=boernesenge-med-madras-og-opbevaringskasse-raccoon-160x80cm-moebelplade#primaryimage"},"thumbnailUrl":"https:\/\/last-chance.dk\/wp-content\/uploads\/2023\/11\/lb2_bi_szo5_2.jpg","datePublished":"2023-11-06T14:31:11+00:00","dateModified":"2025-10-13T11:49:33+00:00","breadcrumb":{"@id":"https:\/\/last-chance.dk\/?product=boernesenge-med-madras-og-opbevaringskasse-raccoon-160x80cm-moebelplade#breadcrumb"},"inLanguage":"da-DK","potentialAction":[{"@type":"ReadAction","target":["https:\/\/last-chance.dk\/?product=boernesenge-med-madras-og-opbevaringskasse-raccoon-160x80cm-moebelplade"]}]},{"@type":"ImageObject","inLanguage":"da-DK","@id":"https:\/\/last-chance.dk\/?product=boernesenge-med-madras-og-opbevaringskasse-raccoon-160x80cm-moebelplade#primaryimage","url":"https:\/\/last-chance.dk\/wp-content\/uploads\/2023\/11\/lb2_bi_szo5_2.jpg","contentUrl":"https:\/\/last-chance.dk\/wp-content\/uploads\/2023\/11\/lb2_bi_szo5_2.jpg","width":1064,"height":600},{"@type":"BreadcrumbList","@id":"https:\/\/last-chance.dk\/?product=boernesenge-med-madras-og-opbevaringskasse-raccoon-160x80cm-moebelplade#breadcrumb","itemListElement":[{"@type":"ListItem","position":1,"name":"Home","item":"https:\/\/last-chance.dk\/"},{"@type":"ListItem","position":2,"name":"B\u00f8rnesenge Med Madras Og Opbevaringskasse Raccoon 160x80cm m\u00f8belplade"}]},{"@type":"WebSite","@id":"https:\/\/last-chance.dk\/#website","url":"https:\/\/last-chance.dk\/","name":"LASTCHANCE Deals | Danmark","description":"LASTCHANCE Deals | Danmark","publisher":{"@id":"https:\/\/last-chance.dk\/#organization"},"potentialAction":[{"@type":"SearchAction","target":{"@type":"EntryPoint","urlTemplate":"https:\/\/last-chance.dk\/?s={search_term_string}"},"query-input":{"@type":"PropertyValueSpecification","valueRequired":true,"valueName":"search_term_string"}}],"inLanguage":"da-DK"},{"@type":"Organization","@id":"https:\/\/last-chance.dk\/#organization","name":"LASTCHANCE Deals | Danmark","url":"https:\/\/last-chance.dk\/","logo":{"@type":"ImageObject","inLanguage":"da-DK","@id":"https:\/\/last-chance.dk\/#\/schema\/logo\/image\/","url":"https:\/\/last-chance.dk\/wp-content\/uploads\/2023\/10\/lastchancedeals_logo_dk_white.png","contentUrl":"https:\/\/last-chance.dk\/wp-content\/uploads\/2023\/10\/lastchancedeals_logo_dk_white.png","width":470,"height":110,"caption":"LASTCHANCE Deals | Danmark"},"image":{"@id":"https:\/\/last-chance.dk\/#\/schema\/logo\/image\/"}}]}},"_links":{"self":[{"href":"https:\/\/last-chance.dk\/index.php?rest_route=\/wp\/v2\/product\/8506","targetHints":{"allow":["GET"]}}],"collection":[{"href":"https:\/\/last-chance.dk\/index.php?rest_route=\/wp\/v2\/product"}],"about":[{"href":"https:\/\/last-chance.dk\/index.php?rest_route=\/wp\/v2\/types\/product"}],"replies":[{"embeddable":true,"href":"https:\/\/last-chance.dk\/index.php?rest_route=%2Fwp%2Fv2%2Fcomments&post=8506"}],"wp:featuredmedia":[{"embeddable":true,"href":"https:\/\/last-chance.dk\/index.php?rest_route=\/wp\/v2\/media\/8499"}],"wp:attachment":[{"href":"https:\/\/last-chance.dk\/index.php?rest_route=%2Fwp%2Fv2%2Fmedia&parent=8506"}],"wp:term":[{"taxonomy":"product_brand","embeddable":true,"href":"https:\/\/last-chance.dk\/index.php?rest_route=%2Fwp%2Fv2%2Fproduct_brand&post=8506"},{"taxonomy":"product_cat","embeddable":true,"href":"https:\/\/last-chance.dk\/index.php?rest_route=%2Fwp%2Fv2%2Fproduct_cat&post=8506"},{"taxonomy":"product_tag","embeddable":true,"href":"https:\/\/last-chance.dk\/index.php?rest_route=%2Fwp%2Fv2%2Fproduct_tag&post=8506"}],"curies":[{"name":"wp","href":"https:\/\/api.w.org\/{rel}","templated":true}]}}