{"id":8598,"date":"2023-11-06T14:36:11","date_gmt":"2023-11-06T14:36:11","guid":{"rendered":"https:\/\/www.lastchance.deals\/dk\/tuote\/moebel-sofa-sengeben-nl10-8-stykker-sort\/"},"modified":"2025-10-13T11:57:28","modified_gmt":"2025-10-13T11:57:28","slug":"moebel-sofa-sengeben-nl10-8-stykker-sort","status":"publish","type":"product","link":"https:\/\/last-chance.dk\/?product=moebel-sofa-sengeben-nl10-8-stykker-sort","title":{"rendered":"M\u00f8bel \/ sofa \/ sengeben NL10, 8 stykker sort"},"content":{"rendered":"<p>Hvis du leder efter et s\u00e6t af sengeben til din sofa eller m\u00f8bel, s\u00e5 er NL10 fra ForrestDecor et godt valg. Disse sengeben er lavet af plast i en flot sort farve, der passer til enhver stil. De har en dimension p\u00e5 20x45mm og leveres i et s\u00e6t af 8 stykker, s\u00e5 du har nok til at montere dem p\u00e5 dit m\u00f8bel. Plastmaterialet er holdbart og let at reng\u00f8re, og det giver dit m\u00f8bel et moderne og minimalistisk udtryk. NL10 sengeben er nemme at installere og kan bruges til b\u00e5de sofaer og andre m\u00f8bler. Bestil dit s\u00e6t i dag og giv dit m\u00f8bel et nyt look med NL10 sengeben fra ForrestDecor.<\/p>\n<p><\/p>\n<p>Leveringstid: Leveringstid 1 uge<br \/>\nMateriale: plast<br \/>\nFarve: sort<br \/>\nDimensioner: 20x45mm<br \/>\nBel\u00f8b: 8<br \/>\nFabrikant: ForrestDecor<\/p>\n","protected":false},"excerpt":{"rendered":"<p>Hvis du leder efter et s\u00e6t af sengeben til din sofa eller m\u00f8bel, s\u00e5 er NL10 fra ForrestDecor et godt valg. Disse sengeben er lavet af plast i en flot sort farve, der passer til enhver stil. De har en dimension p\u00e5 20x45mm og leveres i et s\u00e6t af 8 stykker, s\u00e5 du har nok [&hellip;]<\/p>\n","protected":false},"featured_media":8597,"comment_status":"open","ping_status":"closed","template":"","meta":[],"product_brand":[],"product_cat":[143],"product_tag":[],"class_list":{"0":"post-8598","1":"product","2":"type-product","3":"status-publish","4":"has-post-thumbnail","6":"product_cat-furniture-accessories","8":"first","9":"instock","10":"shipping-taxable","11":"purchasable","12":"product-type-simple"},"yoast_head":"<!-- This site is optimized with the Yoast SEO plugin v24.8.1 - https:\/\/yoast.com\/wordpress\/plugins\/seo\/ -->\n<title>M\u00f8bel \/ sofa \/ sengeben NL10, 8 stykker sort - LASTCHANCE Deals | Danmark<\/title>\n<meta name=\"robots\" content=\"index, follow, max-snippet:-1, max-image-preview:large, max-video-preview:-1\" \/>\n<link rel=\"canonical\" href=\"https:\/\/last-chance.dk\/?product=moebel-sofa-sengeben-nl10-8-stykker-sort\" \/>\n<meta property=\"og:locale\" content=\"da_DK\" \/>\n<meta property=\"og:type\" content=\"article\" \/>\n<meta property=\"og:title\" content=\"M\u00f8bel \/ sofa \/ sengeben NL10, 8 stykker sort - LASTCHANCE Deals | Danmark\" \/>\n<meta property=\"og:description\" content=\"Hvis du leder efter et s\u00e6t af sengeben til din sofa eller m\u00f8bel, s\u00e5 er NL10 fra ForrestDecor et godt valg. Disse sengeben er lavet af plast i en flot sort farve, der passer til enhver stil. De har en dimension p\u00e5 20x45mm og leveres i et s\u00e6t af 8 stykker, s\u00e5 du har nok [&hellip;]\" \/>\n<meta property=\"og:url\" content=\"https:\/\/last-chance.dk\/?product=moebel-sofa-sengeben-nl10-8-stykker-sort\" \/>\n<meta property=\"og:site_name\" content=\"LASTCHANCE Deals | Danmark\" \/>\n<meta property=\"article:modified_time\" content=\"2025-10-13T11:57:28+00:00\" \/>\n<meta property=\"og:image\" content=\"https:\/\/last-chance.dk\/wp-content\/uploads\/2023\/11\/nl10.jpg\" \/>\n\t<meta property=\"og:image:width\" content=\"550\" \/>\n\t<meta property=\"og:image:height\" content=\"550\" \/>\n\t<meta property=\"og:image:type\" content=\"image\/jpeg\" \/>\n<meta name=\"twitter:card\" content=\"summary_large_image\" \/>\n<meta name=\"twitter:label1\" content=\"Estimeret l\u00e6setid\" \/>\n\t<meta name=\"twitter:data1\" content=\"1 minut\" \/>\n<script type=\"application\/ld+json\" class=\"yoast-schema-graph\">{\"@context\":\"https:\/\/schema.org\",\"@graph\":[{\"@type\":\"WebPage\",\"@id\":\"https:\/\/last-chance.dk\/?product=moebel-sofa-sengeben-nl10-8-stykker-sort\",\"url\":\"https:\/\/last-chance.dk\/?product=moebel-sofa-sengeben-nl10-8-stykker-sort\",\"name\":\"M\u00f8bel \/ sofa \/ sengeben NL10, 8 stykker sort - LASTCHANCE Deals | Danmark\",\"isPartOf\":{\"@id\":\"https:\/\/last-chance.dk\/#website\"},\"primaryImageOfPage\":{\"@id\":\"https:\/\/last-chance.dk\/?product=moebel-sofa-sengeben-nl10-8-stykker-sort#primaryimage\"},\"image\":{\"@id\":\"https:\/\/last-chance.dk\/?product=moebel-sofa-sengeben-nl10-8-stykker-sort#primaryimage\"},\"thumbnailUrl\":\"https:\/\/last-chance.dk\/wp-content\/uploads\/2023\/11\/nl10.jpg\",\"datePublished\":\"2023-11-06T14:36:11+00:00\",\"dateModified\":\"2025-10-13T11:57:28+00:00\",\"breadcrumb\":{\"@id\":\"https:\/\/last-chance.dk\/?product=moebel-sofa-sengeben-nl10-8-stykker-sort#breadcrumb\"},\"inLanguage\":\"da-DK\",\"potentialAction\":[{\"@type\":\"ReadAction\",\"target\":[\"https:\/\/last-chance.dk\/?product=moebel-sofa-sengeben-nl10-8-stykker-sort\"]}]},{\"@type\":\"ImageObject\",\"inLanguage\":\"da-DK\",\"@id\":\"https:\/\/last-chance.dk\/?product=moebel-sofa-sengeben-nl10-8-stykker-sort#primaryimage\",\"url\":\"https:\/\/last-chance.dk\/wp-content\/uploads\/2023\/11\/nl10.jpg\",\"contentUrl\":\"https:\/\/last-chance.dk\/wp-content\/uploads\/2023\/11\/nl10.jpg\",\"width\":550,\"height\":550},{\"@type\":\"BreadcrumbList\",\"@id\":\"https:\/\/last-chance.dk\/?product=moebel-sofa-sengeben-nl10-8-stykker-sort#breadcrumb\",\"itemListElement\":[{\"@type\":\"ListItem\",\"position\":1,\"name\":\"Home\",\"item\":\"https:\/\/last-chance.dk\/\"},{\"@type\":\"ListItem\",\"position\":2,\"name\":\"M\u00f8bel \/ sofa \/ sengeben NL10, 8 stykker sort\"}]},{\"@type\":\"WebSite\",\"@id\":\"https:\/\/last-chance.dk\/#website\",\"url\":\"https:\/\/last-chance.dk\/\",\"name\":\"LASTCHANCE Deals | Danmark\",\"description\":\"LASTCHANCE Deals | Danmark\",\"publisher\":{\"@id\":\"https:\/\/last-chance.dk\/#organization\"},\"potentialAction\":[{\"@type\":\"SearchAction\",\"target\":{\"@type\":\"EntryPoint\",\"urlTemplate\":\"https:\/\/last-chance.dk\/?s={search_term_string}\"},\"query-input\":{\"@type\":\"PropertyValueSpecification\",\"valueRequired\":true,\"valueName\":\"search_term_string\"}}],\"inLanguage\":\"da-DK\"},{\"@type\":\"Organization\",\"@id\":\"https:\/\/last-chance.dk\/#organization\",\"name\":\"LASTCHANCE Deals | Danmark\",\"url\":\"https:\/\/last-chance.dk\/\",\"logo\":{\"@type\":\"ImageObject\",\"inLanguage\":\"da-DK\",\"@id\":\"https:\/\/last-chance.dk\/#\/schema\/logo\/image\/\",\"url\":\"https:\/\/last-chance.dk\/wp-content\/uploads\/2023\/10\/lastchancedeals_logo_dk_white.png\",\"contentUrl\":\"https:\/\/last-chance.dk\/wp-content\/uploads\/2023\/10\/lastchancedeals_logo_dk_white.png\",\"width\":470,\"height\":110,\"caption\":\"LASTCHANCE Deals | Danmark\"},\"image\":{\"@id\":\"https:\/\/last-chance.dk\/#\/schema\/logo\/image\/\"}}]}<\/script>\n<!-- \/ Yoast SEO plugin. -->","yoast_head_json":{"title":"M\u00f8bel \/ sofa \/ sengeben NL10, 8 stykker sort - LASTCHANCE Deals | Danmark","robots":{"index":"index","follow":"follow","max-snippet":"max-snippet:-1","max-image-preview":"max-image-preview:large","max-video-preview":"max-video-preview:-1"},"canonical":"https:\/\/last-chance.dk\/?product=moebel-sofa-sengeben-nl10-8-stykker-sort","og_locale":"da_DK","og_type":"article","og_title":"M\u00f8bel \/ sofa \/ sengeben NL10, 8 stykker sort - LASTCHANCE Deals | Danmark","og_description":"Hvis du leder efter et s\u00e6t af sengeben til din sofa eller m\u00f8bel, s\u00e5 er NL10 fra ForrestDecor et godt valg. Disse sengeben er lavet af plast i en flot sort farve, der passer til enhver stil. De har en dimension p\u00e5 20x45mm og leveres i et s\u00e6t af 8 stykker, s\u00e5 du har nok [&hellip;]","og_url":"https:\/\/last-chance.dk\/?product=moebel-sofa-sengeben-nl10-8-stykker-sort","og_site_name":"LASTCHANCE Deals | Danmark","article_modified_time":"2025-10-13T11:57:28+00:00","og_image":[{"width":550,"height":550,"url":"https:\/\/last-chance.dk\/wp-content\/uploads\/2023\/11\/nl10.jpg","type":"image\/jpeg"}],"twitter_card":"summary_large_image","twitter_misc":{"Estimeret l\u00e6setid":"1 minut"},"schema":{"@context":"https:\/\/schema.org","@graph":[{"@type":"WebPage","@id":"https:\/\/last-chance.dk\/?product=moebel-sofa-sengeben-nl10-8-stykker-sort","url":"https:\/\/last-chance.dk\/?product=moebel-sofa-sengeben-nl10-8-stykker-sort","name":"M\u00f8bel \/ sofa \/ sengeben NL10, 8 stykker sort - LASTCHANCE Deals | Danmark","isPartOf":{"@id":"https:\/\/last-chance.dk\/#website"},"primaryImageOfPage":{"@id":"https:\/\/last-chance.dk\/?product=moebel-sofa-sengeben-nl10-8-stykker-sort#primaryimage"},"image":{"@id":"https:\/\/last-chance.dk\/?product=moebel-sofa-sengeben-nl10-8-stykker-sort#primaryimage"},"thumbnailUrl":"https:\/\/last-chance.dk\/wp-content\/uploads\/2023\/11\/nl10.jpg","datePublished":"2023-11-06T14:36:11+00:00","dateModified":"2025-10-13T11:57:28+00:00","breadcrumb":{"@id":"https:\/\/last-chance.dk\/?product=moebel-sofa-sengeben-nl10-8-stykker-sort#breadcrumb"},"inLanguage":"da-DK","potentialAction":[{"@type":"ReadAction","target":["https:\/\/last-chance.dk\/?product=moebel-sofa-sengeben-nl10-8-stykker-sort"]}]},{"@type":"ImageObject","inLanguage":"da-DK","@id":"https:\/\/last-chance.dk\/?product=moebel-sofa-sengeben-nl10-8-stykker-sort#primaryimage","url":"https:\/\/last-chance.dk\/wp-content\/uploads\/2023\/11\/nl10.jpg","contentUrl":"https:\/\/last-chance.dk\/wp-content\/uploads\/2023\/11\/nl10.jpg","width":550,"height":550},{"@type":"BreadcrumbList","@id":"https:\/\/last-chance.dk\/?product=moebel-sofa-sengeben-nl10-8-stykker-sort#breadcrumb","itemListElement":[{"@type":"ListItem","position":1,"name":"Home","item":"https:\/\/last-chance.dk\/"},{"@type":"ListItem","position":2,"name":"M\u00f8bel \/ sofa \/ sengeben NL10, 8 stykker sort"}]},{"@type":"WebSite","@id":"https:\/\/last-chance.dk\/#website","url":"https:\/\/last-chance.dk\/","name":"LASTCHANCE Deals | Danmark","description":"LASTCHANCE Deals | Danmark","publisher":{"@id":"https:\/\/last-chance.dk\/#organization"},"potentialAction":[{"@type":"SearchAction","target":{"@type":"EntryPoint","urlTemplate":"https:\/\/last-chance.dk\/?s={search_term_string}"},"query-input":{"@type":"PropertyValueSpecification","valueRequired":true,"valueName":"search_term_string"}}],"inLanguage":"da-DK"},{"@type":"Organization","@id":"https:\/\/last-chance.dk\/#organization","name":"LASTCHANCE Deals | Danmark","url":"https:\/\/last-chance.dk\/","logo":{"@type":"ImageObject","inLanguage":"da-DK","@id":"https:\/\/last-chance.dk\/#\/schema\/logo\/image\/","url":"https:\/\/last-chance.dk\/wp-content\/uploads\/2023\/10\/lastchancedeals_logo_dk_white.png","contentUrl":"https:\/\/last-chance.dk\/wp-content\/uploads\/2023\/10\/lastchancedeals_logo_dk_white.png","width":470,"height":110,"caption":"LASTCHANCE Deals | Danmark"},"image":{"@id":"https:\/\/last-chance.dk\/#\/schema\/logo\/image\/"}}]}},"_links":{"self":[{"href":"https:\/\/last-chance.dk\/index.php?rest_route=\/wp\/v2\/product\/8598","targetHints":{"allow":["GET"]}}],"collection":[{"href":"https:\/\/last-chance.dk\/index.php?rest_route=\/wp\/v2\/product"}],"about":[{"href":"https:\/\/last-chance.dk\/index.php?rest_route=\/wp\/v2\/types\/product"}],"replies":[{"embeddable":true,"href":"https:\/\/last-chance.dk\/index.php?rest_route=%2Fwp%2Fv2%2Fcomments&post=8598"}],"wp:featuredmedia":[{"embeddable":true,"href":"https:\/\/last-chance.dk\/index.php?rest_route=\/wp\/v2\/media\/8597"}],"wp:attachment":[{"href":"https:\/\/last-chance.dk\/index.php?rest_route=%2Fwp%2Fv2%2Fmedia&parent=8598"}],"wp:term":[{"taxonomy":"product_brand","embeddable":true,"href":"https:\/\/last-chance.dk\/index.php?rest_route=%2Fwp%2Fv2%2Fproduct_brand&post=8598"},{"taxonomy":"product_cat","embeddable":true,"href":"https:\/\/last-chance.dk\/index.php?rest_route=%2Fwp%2Fv2%2Fproduct_cat&post=8598"},{"taxonomy":"product_tag","embeddable":true,"href":"https:\/\/last-chance.dk\/index.php?rest_route=%2Fwp%2Fv2%2Fproduct_tag&post=8598"}],"curies":[{"name":"wp","href":"https:\/\/api.w.org\/{rel}","templated":true}]}}