{"id":8605,"date":"2023-11-06T14:36:40","date_gmt":"2023-11-06T14:36:40","guid":{"rendered":"https:\/\/www.lastchance.deals\/dk\/tuote\/moebel-sofa-sengeben-102-1-2-stykker-sort\/"},"modified":"2025-09-19T18:08:15","modified_gmt":"2025-09-19T18:08:15","slug":"moebel-sofa-sengeben-102-1-2-stykker-sort","status":"publish","type":"product","link":"https:\/\/last-chance.dk\/?product=moebel-sofa-sengeben-102-1-2-stykker-sort","title":{"rendered":"M\u00f8bel \/ sofa \/ sengeben 102-1, 2 stykker sort"},"content":{"rendered":"<p>Er du p\u00e5 udkig efter et par elegante og holdbare sengeben til din sofa eller m\u00f8bel? S\u00e5 er disse sengeben fra ForrestDecor lige noget for dig. De er lavet af st\u00e5lramme i en flot sort farve, der passer til enhver indretning. De har en justerbar h\u00f8jde fra 100 til 120 mm, s\u00e5 du kan tilpasse dem til dit behov. De leveres i et s\u00e6t af to stykker, s\u00e5 du nemt kan montere dem p\u00e5 dit m\u00f8bel. ForrestDecor er en anerkendt producent af kvalitetsm\u00f8bler og tilbeh\u00f8r, der har fokus p\u00e5 design og funktionalitet. Disse sengeben er ingen undtagelse. De vil give dit m\u00f8bel et nyt og moderne look, der vil imponere dine g\u00e6ster. Bestil dem i dag og gl\u00e6d dig til at nyde dit nye m\u00f8bel.<\/p>\n<p><\/p>\n<p>Leveringstid: Leveringstid 1 uge<br \/>\nMateriale: st\u00e5lramme<br \/>\nFarve: sort<br \/>\nDimensioner: 30x30x100-120mm<br \/>\nBel\u00f8b: 2<br \/>\nFabrikant: ForrestDecor<\/p>\n","protected":false},"excerpt":{"rendered":"<p>Er du p\u00e5 udkig efter et par elegante og holdbare sengeben til din sofa eller m\u00f8bel? S\u00e5 er disse sengeben fra ForrestDecor lige noget for dig. De er lavet af st\u00e5lramme i en flot sort farve, der passer til enhver indretning. De har en justerbar h\u00f8jde fra 100 til 120 mm, s\u00e5 du kan tilpasse [&hellip;]<\/p>\n","protected":false},"featured_media":8603,"comment_status":"open","ping_status":"closed","template":"","meta":[],"product_brand":[],"product_cat":[143],"product_tag":[],"class_list":{"0":"post-8605","1":"product","2":"type-product","3":"status-publish","4":"has-post-thumbnail","6":"product_cat-furniture-accessories","8":"first","9":"instock","10":"shipping-taxable","11":"purchasable","12":"product-type-simple"},"yoast_head":"<!-- This site is optimized with the Yoast SEO plugin v24.8.1 - https:\/\/yoast.com\/wordpress\/plugins\/seo\/ -->\n<title>M\u00f8bel \/ sofa \/ sengeben 102-1, 2 stykker sort - LASTCHANCE Deals | Danmark<\/title>\n<meta name=\"robots\" content=\"index, follow, max-snippet:-1, max-image-preview:large, max-video-preview:-1\" \/>\n<link rel=\"canonical\" href=\"https:\/\/last-chance.dk\/?product=moebel-sofa-sengeben-102-1-2-stykker-sort\" \/>\n<meta property=\"og:locale\" content=\"da_DK\" \/>\n<meta property=\"og:type\" content=\"article\" \/>\n<meta property=\"og:title\" content=\"M\u00f8bel \/ sofa \/ sengeben 102-1, 2 stykker sort - LASTCHANCE Deals | Danmark\" \/>\n<meta property=\"og:description\" content=\"Er du p\u00e5 udkig efter et par elegante og holdbare sengeben til din sofa eller m\u00f8bel? S\u00e5 er disse sengeben fra ForrestDecor lige noget for dig. De er lavet af st\u00e5lramme i en flot sort farve, der passer til enhver indretning. De har en justerbar h\u00f8jde fra 100 til 120 mm, s\u00e5 du kan tilpasse [&hellip;]\" \/>\n<meta property=\"og:url\" content=\"https:\/\/last-chance.dk\/?product=moebel-sofa-sengeben-102-1-2-stykker-sort\" \/>\n<meta property=\"og:site_name\" content=\"LASTCHANCE Deals | Danmark\" \/>\n<meta property=\"article:modified_time\" content=\"2025-09-19T18:08:15+00:00\" \/>\n<meta property=\"og:image\" content=\"https:\/\/last-chance.dk\/wp-content\/uploads\/2023\/11\/102-1-2.jpg\" \/>\n\t<meta property=\"og:image:width\" content=\"724\" \/>\n\t<meta property=\"og:image:height\" content=\"1000\" \/>\n\t<meta property=\"og:image:type\" content=\"image\/jpeg\" \/>\n<meta name=\"twitter:card\" content=\"summary_large_image\" \/>\n<meta name=\"twitter:label1\" content=\"Estimeret l\u00e6setid\" \/>\n\t<meta name=\"twitter:data1\" content=\"1 minut\" \/>\n<script type=\"application\/ld+json\" class=\"yoast-schema-graph\">{\"@context\":\"https:\/\/schema.org\",\"@graph\":[{\"@type\":\"WebPage\",\"@id\":\"https:\/\/last-chance.dk\/?product=moebel-sofa-sengeben-102-1-2-stykker-sort\",\"url\":\"https:\/\/last-chance.dk\/?product=moebel-sofa-sengeben-102-1-2-stykker-sort\",\"name\":\"M\u00f8bel \/ sofa \/ sengeben 102-1, 2 stykker sort - LASTCHANCE Deals | Danmark\",\"isPartOf\":{\"@id\":\"https:\/\/last-chance.dk\/#website\"},\"primaryImageOfPage\":{\"@id\":\"https:\/\/last-chance.dk\/?product=moebel-sofa-sengeben-102-1-2-stykker-sort#primaryimage\"},\"image\":{\"@id\":\"https:\/\/last-chance.dk\/?product=moebel-sofa-sengeben-102-1-2-stykker-sort#primaryimage\"},\"thumbnailUrl\":\"https:\/\/last-chance.dk\/wp-content\/uploads\/2023\/11\/102-1-2.jpg\",\"datePublished\":\"2023-11-06T14:36:40+00:00\",\"dateModified\":\"2025-09-19T18:08:15+00:00\",\"breadcrumb\":{\"@id\":\"https:\/\/last-chance.dk\/?product=moebel-sofa-sengeben-102-1-2-stykker-sort#breadcrumb\"},\"inLanguage\":\"da-DK\",\"potentialAction\":[{\"@type\":\"ReadAction\",\"target\":[\"https:\/\/last-chance.dk\/?product=moebel-sofa-sengeben-102-1-2-stykker-sort\"]}]},{\"@type\":\"ImageObject\",\"inLanguage\":\"da-DK\",\"@id\":\"https:\/\/last-chance.dk\/?product=moebel-sofa-sengeben-102-1-2-stykker-sort#primaryimage\",\"url\":\"https:\/\/last-chance.dk\/wp-content\/uploads\/2023\/11\/102-1-2.jpg\",\"contentUrl\":\"https:\/\/last-chance.dk\/wp-content\/uploads\/2023\/11\/102-1-2.jpg\",\"width\":724,\"height\":1000},{\"@type\":\"BreadcrumbList\",\"@id\":\"https:\/\/last-chance.dk\/?product=moebel-sofa-sengeben-102-1-2-stykker-sort#breadcrumb\",\"itemListElement\":[{\"@type\":\"ListItem\",\"position\":1,\"name\":\"Home\",\"item\":\"https:\/\/last-chance.dk\/\"},{\"@type\":\"ListItem\",\"position\":2,\"name\":\"M\u00f8bel \/ sofa \/ sengeben 102-1, 2 stykker sort\"}]},{\"@type\":\"WebSite\",\"@id\":\"https:\/\/last-chance.dk\/#website\",\"url\":\"https:\/\/last-chance.dk\/\",\"name\":\"LASTCHANCE Deals | Danmark\",\"description\":\"LASTCHANCE Deals | Danmark\",\"publisher\":{\"@id\":\"https:\/\/last-chance.dk\/#organization\"},\"potentialAction\":[{\"@type\":\"SearchAction\",\"target\":{\"@type\":\"EntryPoint\",\"urlTemplate\":\"https:\/\/last-chance.dk\/?s={search_term_string}\"},\"query-input\":{\"@type\":\"PropertyValueSpecification\",\"valueRequired\":true,\"valueName\":\"search_term_string\"}}],\"inLanguage\":\"da-DK\"},{\"@type\":\"Organization\",\"@id\":\"https:\/\/last-chance.dk\/#organization\",\"name\":\"LASTCHANCE Deals | Danmark\",\"url\":\"https:\/\/last-chance.dk\/\",\"logo\":{\"@type\":\"ImageObject\",\"inLanguage\":\"da-DK\",\"@id\":\"https:\/\/last-chance.dk\/#\/schema\/logo\/image\/\",\"url\":\"https:\/\/last-chance.dk\/wp-content\/uploads\/2023\/10\/lastchancedeals_logo_dk_white.png\",\"contentUrl\":\"https:\/\/last-chance.dk\/wp-content\/uploads\/2023\/10\/lastchancedeals_logo_dk_white.png\",\"width\":470,\"height\":110,\"caption\":\"LASTCHANCE Deals | Danmark\"},\"image\":{\"@id\":\"https:\/\/last-chance.dk\/#\/schema\/logo\/image\/\"}}]}<\/script>\n<!-- \/ Yoast SEO plugin. -->","yoast_head_json":{"title":"M\u00f8bel \/ sofa \/ sengeben 102-1, 2 stykker sort - LASTCHANCE Deals | Danmark","robots":{"index":"index","follow":"follow","max-snippet":"max-snippet:-1","max-image-preview":"max-image-preview:large","max-video-preview":"max-video-preview:-1"},"canonical":"https:\/\/last-chance.dk\/?product=moebel-sofa-sengeben-102-1-2-stykker-sort","og_locale":"da_DK","og_type":"article","og_title":"M\u00f8bel \/ sofa \/ sengeben 102-1, 2 stykker sort - LASTCHANCE Deals | Danmark","og_description":"Er du p\u00e5 udkig efter et par elegante og holdbare sengeben til din sofa eller m\u00f8bel? S\u00e5 er disse sengeben fra ForrestDecor lige noget for dig. De er lavet af st\u00e5lramme i en flot sort farve, der passer til enhver indretning. De har en justerbar h\u00f8jde fra 100 til 120 mm, s\u00e5 du kan tilpasse [&hellip;]","og_url":"https:\/\/last-chance.dk\/?product=moebel-sofa-sengeben-102-1-2-stykker-sort","og_site_name":"LASTCHANCE Deals | Danmark","article_modified_time":"2025-09-19T18:08:15+00:00","og_image":[{"width":724,"height":1000,"url":"https:\/\/last-chance.dk\/wp-content\/uploads\/2023\/11\/102-1-2.jpg","type":"image\/jpeg"}],"twitter_card":"summary_large_image","twitter_misc":{"Estimeret l\u00e6setid":"1 minut"},"schema":{"@context":"https:\/\/schema.org","@graph":[{"@type":"WebPage","@id":"https:\/\/last-chance.dk\/?product=moebel-sofa-sengeben-102-1-2-stykker-sort","url":"https:\/\/last-chance.dk\/?product=moebel-sofa-sengeben-102-1-2-stykker-sort","name":"M\u00f8bel \/ sofa \/ sengeben 102-1, 2 stykker sort - LASTCHANCE Deals | Danmark","isPartOf":{"@id":"https:\/\/last-chance.dk\/#website"},"primaryImageOfPage":{"@id":"https:\/\/last-chance.dk\/?product=moebel-sofa-sengeben-102-1-2-stykker-sort#primaryimage"},"image":{"@id":"https:\/\/last-chance.dk\/?product=moebel-sofa-sengeben-102-1-2-stykker-sort#primaryimage"},"thumbnailUrl":"https:\/\/last-chance.dk\/wp-content\/uploads\/2023\/11\/102-1-2.jpg","datePublished":"2023-11-06T14:36:40+00:00","dateModified":"2025-09-19T18:08:15+00:00","breadcrumb":{"@id":"https:\/\/last-chance.dk\/?product=moebel-sofa-sengeben-102-1-2-stykker-sort#breadcrumb"},"inLanguage":"da-DK","potentialAction":[{"@type":"ReadAction","target":["https:\/\/last-chance.dk\/?product=moebel-sofa-sengeben-102-1-2-stykker-sort"]}]},{"@type":"ImageObject","inLanguage":"da-DK","@id":"https:\/\/last-chance.dk\/?product=moebel-sofa-sengeben-102-1-2-stykker-sort#primaryimage","url":"https:\/\/last-chance.dk\/wp-content\/uploads\/2023\/11\/102-1-2.jpg","contentUrl":"https:\/\/last-chance.dk\/wp-content\/uploads\/2023\/11\/102-1-2.jpg","width":724,"height":1000},{"@type":"BreadcrumbList","@id":"https:\/\/last-chance.dk\/?product=moebel-sofa-sengeben-102-1-2-stykker-sort#breadcrumb","itemListElement":[{"@type":"ListItem","position":1,"name":"Home","item":"https:\/\/last-chance.dk\/"},{"@type":"ListItem","position":2,"name":"M\u00f8bel \/ sofa \/ sengeben 102-1, 2 stykker sort"}]},{"@type":"WebSite","@id":"https:\/\/last-chance.dk\/#website","url":"https:\/\/last-chance.dk\/","name":"LASTCHANCE Deals | Danmark","description":"LASTCHANCE Deals | Danmark","publisher":{"@id":"https:\/\/last-chance.dk\/#organization"},"potentialAction":[{"@type":"SearchAction","target":{"@type":"EntryPoint","urlTemplate":"https:\/\/last-chance.dk\/?s={search_term_string}"},"query-input":{"@type":"PropertyValueSpecification","valueRequired":true,"valueName":"search_term_string"}}],"inLanguage":"da-DK"},{"@type":"Organization","@id":"https:\/\/last-chance.dk\/#organization","name":"LASTCHANCE Deals | Danmark","url":"https:\/\/last-chance.dk\/","logo":{"@type":"ImageObject","inLanguage":"da-DK","@id":"https:\/\/last-chance.dk\/#\/schema\/logo\/image\/","url":"https:\/\/last-chance.dk\/wp-content\/uploads\/2023\/10\/lastchancedeals_logo_dk_white.png","contentUrl":"https:\/\/last-chance.dk\/wp-content\/uploads\/2023\/10\/lastchancedeals_logo_dk_white.png","width":470,"height":110,"caption":"LASTCHANCE Deals | Danmark"},"image":{"@id":"https:\/\/last-chance.dk\/#\/schema\/logo\/image\/"}}]}},"_links":{"self":[{"href":"https:\/\/last-chance.dk\/index.php?rest_route=\/wp\/v2\/product\/8605","targetHints":{"allow":["GET"]}}],"collection":[{"href":"https:\/\/last-chance.dk\/index.php?rest_route=\/wp\/v2\/product"}],"about":[{"href":"https:\/\/last-chance.dk\/index.php?rest_route=\/wp\/v2\/types\/product"}],"replies":[{"embeddable":true,"href":"https:\/\/last-chance.dk\/index.php?rest_route=%2Fwp%2Fv2%2Fcomments&post=8605"}],"wp:featuredmedia":[{"embeddable":true,"href":"https:\/\/last-chance.dk\/index.php?rest_route=\/wp\/v2\/media\/8603"}],"wp:attachment":[{"href":"https:\/\/last-chance.dk\/index.php?rest_route=%2Fwp%2Fv2%2Fmedia&parent=8605"}],"wp:term":[{"taxonomy":"product_brand","embeddable":true,"href":"https:\/\/last-chance.dk\/index.php?rest_route=%2Fwp%2Fv2%2Fproduct_brand&post=8605"},{"taxonomy":"product_cat","embeddable":true,"href":"https:\/\/last-chance.dk\/index.php?rest_route=%2Fwp%2Fv2%2Fproduct_cat&post=8605"},{"taxonomy":"product_tag","embeddable":true,"href":"https:\/\/last-chance.dk\/index.php?rest_route=%2Fwp%2Fv2%2Fproduct_tag&post=8605"}],"curies":[{"name":"wp","href":"https:\/\/api.w.org\/{rel}","templated":true}]}}