{"id":8632,"date":"2023-11-06T14:38:32","date_gmt":"2023-11-06T14:38:32","guid":{"rendered":"https:\/\/www.lastchance.deals\/dk\/tuote\/sofabord-foxtail\/"},"modified":"2025-09-19T18:34:48","modified_gmt":"2025-09-19T18:34:48","slug":"sofabord-foxtail","status":"publish","type":"product","link":"https:\/\/last-chance.dk\/?product=sofabord-foxtail","title":{"rendered":"Sofabord Foxtail"},"content":{"rendered":"<p>Med et sofabord fra LuxCasa Foxtail f\u00e5r du et moderne m\u00f8bel, der vil s\u00e6tte streger under din boligindretning. Bordet er lavet af m\u00f8belplade, hvilket giver et stilrent og tidl\u00f8st look. Bordet har en udvendig st\u00f8rrelse p\u00e5 85x45x85cm, og skal samles, n\u00e5r det ankommer. Dette sofabord f\u00f8lger desuden med en 12 m\u00e5neders rammegaranti, s\u00e5 du er sikret et godt produkt. Samtidig er dette m\u00f8bel lavet i EU, s\u00e5 du kan v\u00e6re sikker p\u00e5, at kvaliteten er i top.<\/p>\n<p>Foxtail sofabordet er det perfekte m\u00f8bel, hvis du leder efter et moderne og tidl\u00f8st look til din stue. Det er let at samle og har en flot finish, som vil give et skarpt og stilrent udtryk. Med den 12 m\u00e5neders rammegaranti, kan du v\u00e6re sikker p\u00e5, at bordet har en god kvalitet, og at du kan nyde det i mange \u00e5r frem. <\/p>\n<p><\/p>\n<p>Leveringstid: Leveringstid 1 uge<br \/>\nStil: moderne<br \/>\nMateriale: m\u00f8belplade<br \/>\nBelysning: ikke inkluderet<br \/>\nUdvendige dimensioner: 85x45x85cm<br \/>\nMontage: skal samles<br \/>\nGaranti: 12 m\u00e5neders rammegaranti<br \/>\nFremstillet: i EU<br \/>\nFabrikant: LuxCasa<\/p>\n","protected":false},"excerpt":{"rendered":"<p>Med et sofabord fra LuxCasa Foxtail f\u00e5r du et moderne m\u00f8bel, der vil s\u00e6tte streger under din boligindretning. Bordet er lavet af m\u00f8belplade, hvilket giver et stilrent og tidl\u00f8st look. Bordet har en udvendig st\u00f8rrelse p\u00e5 85x45x85cm, og skal samles, n\u00e5r det ankommer. Dette sofabord f\u00f8lger desuden med en 12 m\u00e5neders rammegaranti, s\u00e5 du er [&hellip;]<\/p>\n","protected":false},"featured_media":8628,"comment_status":"open","ping_status":"closed","template":"","meta":[],"product_brand":[],"product_cat":[131],"product_tag":[],"class_list":{"0":"post-8632","1":"product","2":"type-product","3":"status-publish","4":"has-post-thumbnail","6":"product_cat-coffee-tables","8":"first","9":"instock","10":"shipping-taxable","11":"purchasable","12":"product-type-simple"},"yoast_head":"<!-- This site is optimized with the Yoast SEO plugin v24.8.1 - https:\/\/yoast.com\/wordpress\/plugins\/seo\/ -->\n<title>Sofabord Foxtail - LASTCHANCE Deals | Danmark<\/title>\n<meta name=\"robots\" content=\"index, follow, max-snippet:-1, max-image-preview:large, max-video-preview:-1\" \/>\n<link rel=\"canonical\" href=\"https:\/\/last-chance.dk\/?product=sofabord-foxtail\" \/>\n<meta property=\"og:locale\" content=\"da_DK\" \/>\n<meta property=\"og:type\" content=\"article\" \/>\n<meta property=\"og:title\" content=\"Sofabord Foxtail - LASTCHANCE Deals | Danmark\" \/>\n<meta property=\"og:description\" content=\"Med et sofabord fra LuxCasa Foxtail f\u00e5r du et moderne m\u00f8bel, der vil s\u00e6tte streger under din boligindretning. Bordet er lavet af m\u00f8belplade, hvilket giver et stilrent og tidl\u00f8st look. Bordet har en udvendig st\u00f8rrelse p\u00e5 85x45x85cm, og skal samles, n\u00e5r det ankommer. Dette sofabord f\u00f8lger desuden med en 12 m\u00e5neders rammegaranti, s\u00e5 du er [&hellip;]\" \/>\n<meta property=\"og:url\" content=\"https:\/\/last-chance.dk\/?product=sofabord-foxtail\" \/>\n<meta property=\"og:site_name\" content=\"LASTCHANCE Deals | Danmark\" \/>\n<meta property=\"article:modified_time\" content=\"2025-09-19T18:34:48+00:00\" \/>\n<meta property=\"og:image\" content=\"https:\/\/last-chance.dk\/wp-content\/uploads\/2023\/11\/king_black_table_1.jpg\" \/>\n\t<meta property=\"og:image:width\" content=\"1754\" \/>\n\t<meta property=\"og:image:height\" content=\"1299\" \/>\n\t<meta property=\"og:image:type\" content=\"image\/jpeg\" \/>\n<meta name=\"twitter:card\" content=\"summary_large_image\" \/>\n<meta name=\"twitter:label1\" content=\"Estimeret l\u00e6setid\" \/>\n\t<meta name=\"twitter:data1\" content=\"1 minut\" \/>\n<script type=\"application\/ld+json\" class=\"yoast-schema-graph\">{\"@context\":\"https:\/\/schema.org\",\"@graph\":[{\"@type\":\"WebPage\",\"@id\":\"https:\/\/last-chance.dk\/?product=sofabord-foxtail\",\"url\":\"https:\/\/last-chance.dk\/?product=sofabord-foxtail\",\"name\":\"Sofabord Foxtail - LASTCHANCE Deals | Danmark\",\"isPartOf\":{\"@id\":\"https:\/\/last-chance.dk\/#website\"},\"primaryImageOfPage\":{\"@id\":\"https:\/\/last-chance.dk\/?product=sofabord-foxtail#primaryimage\"},\"image\":{\"@id\":\"https:\/\/last-chance.dk\/?product=sofabord-foxtail#primaryimage\"},\"thumbnailUrl\":\"https:\/\/last-chance.dk\/wp-content\/uploads\/2023\/11\/king_black_table_1.jpg\",\"datePublished\":\"2023-11-06T14:38:32+00:00\",\"dateModified\":\"2025-09-19T18:34:48+00:00\",\"breadcrumb\":{\"@id\":\"https:\/\/last-chance.dk\/?product=sofabord-foxtail#breadcrumb\"},\"inLanguage\":\"da-DK\",\"potentialAction\":[{\"@type\":\"ReadAction\",\"target\":[\"https:\/\/last-chance.dk\/?product=sofabord-foxtail\"]}]},{\"@type\":\"ImageObject\",\"inLanguage\":\"da-DK\",\"@id\":\"https:\/\/last-chance.dk\/?product=sofabord-foxtail#primaryimage\",\"url\":\"https:\/\/last-chance.dk\/wp-content\/uploads\/2023\/11\/king_black_table_1.jpg\",\"contentUrl\":\"https:\/\/last-chance.dk\/wp-content\/uploads\/2023\/11\/king_black_table_1.jpg\",\"width\":1754,\"height\":1299},{\"@type\":\"BreadcrumbList\",\"@id\":\"https:\/\/last-chance.dk\/?product=sofabord-foxtail#breadcrumb\",\"itemListElement\":[{\"@type\":\"ListItem\",\"position\":1,\"name\":\"Home\",\"item\":\"https:\/\/last-chance.dk\/\"},{\"@type\":\"ListItem\",\"position\":2,\"name\":\"Sofabord Foxtail\"}]},{\"@type\":\"WebSite\",\"@id\":\"https:\/\/last-chance.dk\/#website\",\"url\":\"https:\/\/last-chance.dk\/\",\"name\":\"LASTCHANCE Deals | Danmark\",\"description\":\"LASTCHANCE Deals | Danmark\",\"publisher\":{\"@id\":\"https:\/\/last-chance.dk\/#organization\"},\"potentialAction\":[{\"@type\":\"SearchAction\",\"target\":{\"@type\":\"EntryPoint\",\"urlTemplate\":\"https:\/\/last-chance.dk\/?s={search_term_string}\"},\"query-input\":{\"@type\":\"PropertyValueSpecification\",\"valueRequired\":true,\"valueName\":\"search_term_string\"}}],\"inLanguage\":\"da-DK\"},{\"@type\":\"Organization\",\"@id\":\"https:\/\/last-chance.dk\/#organization\",\"name\":\"LASTCHANCE Deals | Danmark\",\"url\":\"https:\/\/last-chance.dk\/\",\"logo\":{\"@type\":\"ImageObject\",\"inLanguage\":\"da-DK\",\"@id\":\"https:\/\/last-chance.dk\/#\/schema\/logo\/image\/\",\"url\":\"https:\/\/last-chance.dk\/wp-content\/uploads\/2023\/10\/lastchancedeals_logo_dk_white.png\",\"contentUrl\":\"https:\/\/last-chance.dk\/wp-content\/uploads\/2023\/10\/lastchancedeals_logo_dk_white.png\",\"width\":470,\"height\":110,\"caption\":\"LASTCHANCE Deals | Danmark\"},\"image\":{\"@id\":\"https:\/\/last-chance.dk\/#\/schema\/logo\/image\/\"}}]}<\/script>\n<!-- \/ Yoast SEO plugin. -->","yoast_head_json":{"title":"Sofabord Foxtail - LASTCHANCE Deals | Danmark","robots":{"index":"index","follow":"follow","max-snippet":"max-snippet:-1","max-image-preview":"max-image-preview:large","max-video-preview":"max-video-preview:-1"},"canonical":"https:\/\/last-chance.dk\/?product=sofabord-foxtail","og_locale":"da_DK","og_type":"article","og_title":"Sofabord Foxtail - LASTCHANCE Deals | Danmark","og_description":"Med et sofabord fra LuxCasa Foxtail f\u00e5r du et moderne m\u00f8bel, der vil s\u00e6tte streger under din boligindretning. Bordet er lavet af m\u00f8belplade, hvilket giver et stilrent og tidl\u00f8st look. Bordet har en udvendig st\u00f8rrelse p\u00e5 85x45x85cm, og skal samles, n\u00e5r det ankommer. Dette sofabord f\u00f8lger desuden med en 12 m\u00e5neders rammegaranti, s\u00e5 du er [&hellip;]","og_url":"https:\/\/last-chance.dk\/?product=sofabord-foxtail","og_site_name":"LASTCHANCE Deals | Danmark","article_modified_time":"2025-09-19T18:34:48+00:00","og_image":[{"width":1754,"height":1299,"url":"https:\/\/last-chance.dk\/wp-content\/uploads\/2023\/11\/king_black_table_1.jpg","type":"image\/jpeg"}],"twitter_card":"summary_large_image","twitter_misc":{"Estimeret l\u00e6setid":"1 minut"},"schema":{"@context":"https:\/\/schema.org","@graph":[{"@type":"WebPage","@id":"https:\/\/last-chance.dk\/?product=sofabord-foxtail","url":"https:\/\/last-chance.dk\/?product=sofabord-foxtail","name":"Sofabord Foxtail - LASTCHANCE Deals | Danmark","isPartOf":{"@id":"https:\/\/last-chance.dk\/#website"},"primaryImageOfPage":{"@id":"https:\/\/last-chance.dk\/?product=sofabord-foxtail#primaryimage"},"image":{"@id":"https:\/\/last-chance.dk\/?product=sofabord-foxtail#primaryimage"},"thumbnailUrl":"https:\/\/last-chance.dk\/wp-content\/uploads\/2023\/11\/king_black_table_1.jpg","datePublished":"2023-11-06T14:38:32+00:00","dateModified":"2025-09-19T18:34:48+00:00","breadcrumb":{"@id":"https:\/\/last-chance.dk\/?product=sofabord-foxtail#breadcrumb"},"inLanguage":"da-DK","potentialAction":[{"@type":"ReadAction","target":["https:\/\/last-chance.dk\/?product=sofabord-foxtail"]}]},{"@type":"ImageObject","inLanguage":"da-DK","@id":"https:\/\/last-chance.dk\/?product=sofabord-foxtail#primaryimage","url":"https:\/\/last-chance.dk\/wp-content\/uploads\/2023\/11\/king_black_table_1.jpg","contentUrl":"https:\/\/last-chance.dk\/wp-content\/uploads\/2023\/11\/king_black_table_1.jpg","width":1754,"height":1299},{"@type":"BreadcrumbList","@id":"https:\/\/last-chance.dk\/?product=sofabord-foxtail#breadcrumb","itemListElement":[{"@type":"ListItem","position":1,"name":"Home","item":"https:\/\/last-chance.dk\/"},{"@type":"ListItem","position":2,"name":"Sofabord Foxtail"}]},{"@type":"WebSite","@id":"https:\/\/last-chance.dk\/#website","url":"https:\/\/last-chance.dk\/","name":"LASTCHANCE Deals | Danmark","description":"LASTCHANCE Deals | Danmark","publisher":{"@id":"https:\/\/last-chance.dk\/#organization"},"potentialAction":[{"@type":"SearchAction","target":{"@type":"EntryPoint","urlTemplate":"https:\/\/last-chance.dk\/?s={search_term_string}"},"query-input":{"@type":"PropertyValueSpecification","valueRequired":true,"valueName":"search_term_string"}}],"inLanguage":"da-DK"},{"@type":"Organization","@id":"https:\/\/last-chance.dk\/#organization","name":"LASTCHANCE Deals | Danmark","url":"https:\/\/last-chance.dk\/","logo":{"@type":"ImageObject","inLanguage":"da-DK","@id":"https:\/\/last-chance.dk\/#\/schema\/logo\/image\/","url":"https:\/\/last-chance.dk\/wp-content\/uploads\/2023\/10\/lastchancedeals_logo_dk_white.png","contentUrl":"https:\/\/last-chance.dk\/wp-content\/uploads\/2023\/10\/lastchancedeals_logo_dk_white.png","width":470,"height":110,"caption":"LASTCHANCE Deals | Danmark"},"image":{"@id":"https:\/\/last-chance.dk\/#\/schema\/logo\/image\/"}}]}},"_links":{"self":[{"href":"https:\/\/last-chance.dk\/index.php?rest_route=\/wp\/v2\/product\/8632","targetHints":{"allow":["GET"]}}],"collection":[{"href":"https:\/\/last-chance.dk\/index.php?rest_route=\/wp\/v2\/product"}],"about":[{"href":"https:\/\/last-chance.dk\/index.php?rest_route=\/wp\/v2\/types\/product"}],"replies":[{"embeddable":true,"href":"https:\/\/last-chance.dk\/index.php?rest_route=%2Fwp%2Fv2%2Fcomments&post=8632"}],"wp:featuredmedia":[{"embeddable":true,"href":"https:\/\/last-chance.dk\/index.php?rest_route=\/wp\/v2\/media\/8628"}],"wp:attachment":[{"href":"https:\/\/last-chance.dk\/index.php?rest_route=%2Fwp%2Fv2%2Fmedia&parent=8632"}],"wp:term":[{"taxonomy":"product_brand","embeddable":true,"href":"https:\/\/last-chance.dk\/index.php?rest_route=%2Fwp%2Fv2%2Fproduct_brand&post=8632"},{"taxonomy":"product_cat","embeddable":true,"href":"https:\/\/last-chance.dk\/index.php?rest_route=%2Fwp%2Fv2%2Fproduct_cat&post=8632"},{"taxonomy":"product_tag","embeddable":true,"href":"https:\/\/last-chance.dk\/index.php?rest_route=%2Fwp%2Fv2%2Fproduct_tag&post=8632"}],"curies":[{"name":"wp","href":"https:\/\/api.w.org\/{rel}","templated":true}]}}