{"id":8644,"date":"2023-11-06T14:39:00","date_gmt":"2023-11-06T14:39:00","guid":{"rendered":"https:\/\/www.lastchance.deals\/dk\/tuote\/taeppe-oscar-120x200cm\/"},"modified":"2025-10-13T12:05:38","modified_gmt":"2025-10-13T12:05:38","slug":"taeppe-oscar-120x200cm","status":"publish","type":"product","link":"https:\/\/last-chance.dk\/?product=taeppe-oscar-120x200cm","title":{"rendered":"T\u00e6ppe Oscar 120x200cm"},"content":{"rendered":"<p>Er du p\u00e5 udkig efter et nyt t\u00e6ppe til dit hjem? S\u00e5 er t\u00e6ppet Oscar fra ForrestDecor m\u00e5ske noget for dig. Dette t\u00e6ppe er lavet af polyester, et bl\u00f8dt og slidst\u00e6rkt materiale, der er nemt at reng\u00f8re og vedligeholde. T\u00e6ppet har en flot gr\u00e5 farve, der passer til de fleste indretninger, og en moderne design med geometriske m\u00f8nstre.<\/p>\n<p><\/p>\n<p>T\u00e6ppet Oscar har en st\u00f8rrelse p\u00e5 120x200cm, hvilket g\u00f8r det perfekt til at placere foran sofaen, under sofabordet eller i sovev\u00e6relset. T\u00e6ppet er beregnet til indend\u00f8rs brug og vil skabe en hyggelig og varm atmosf\u00e6re i dit hjem. T\u00e6ppet er ogs\u00e5 velegnet til allergikere, da det ikke indeholder nogen skadelige stoffer eller allergener.<\/p>\n<p><\/p>\n<p>Hos ForrestDecor f\u00e5r du 12 m\u00e5neders garanti p\u00e5 dit t\u00e6ppe, s\u00e5 du kan v\u00e6re sikker p\u00e5 at f\u00e5 et kvalitetsprodukt. ForrestDecor er en dansk virksomhed, der har specialiseret sig i at lave smukke og funktionelle t\u00e6pper til alle slags hjem. Bestil dit t\u00e6ppe Oscar i dag og gl\u00e6d dig til at modtage det inden for f\u00e5 dage.<\/p>\n<p><\/p>\n<p>Leveringstid: Leveringstid 1 uge<br \/>\nMateriale: polyester<br \/>\nDimensioner: 120x200cm<br \/>\nBeregnet til: Indend\u00f8rs brug<br \/>\nFabrikant: ForrestDecor<br \/>\nGaranti: 12 m\u00e5neder<\/p>\n","protected":false},"excerpt":{"rendered":"<p>Er du p\u00e5 udkig efter et nyt t\u00e6ppe til dit hjem? S\u00e5 er t\u00e6ppet Oscar fra ForrestDecor m\u00e5ske noget for dig. Dette t\u00e6ppe er lavet af polyester, et bl\u00f8dt og slidst\u00e6rkt materiale, der er nemt at reng\u00f8re og vedligeholde. T\u00e6ppet har en flot gr\u00e5 farve, der passer til de fleste indretninger, og en moderne design [&hellip;]<\/p>\n","protected":false},"featured_media":8639,"comment_status":"open","ping_status":"closed","template":"","meta":[],"product_brand":[],"product_cat":[139],"product_tag":[],"class_list":{"0":"post-8644","1":"product","2":"type-product","3":"status-publish","4":"has-post-thumbnail","6":"product_cat-bedding","8":"first","9":"instock","10":"shipping-taxable","11":"purchasable","12":"product-type-simple"},"yoast_head":"<!-- This site is optimized with the Yoast SEO plugin v24.8.1 - https:\/\/yoast.com\/wordpress\/plugins\/seo\/ -->\n<title>T\u00e6ppe Oscar 120x200cm - LASTCHANCE Deals | Danmark<\/title>\n<meta name=\"robots\" content=\"index, follow, max-snippet:-1, max-image-preview:large, max-video-preview:-1\" \/>\n<link rel=\"canonical\" href=\"https:\/\/last-chance.dk\/?product=taeppe-oscar-120x200cm\" \/>\n<meta property=\"og:locale\" content=\"da_DK\" \/>\n<meta property=\"og:type\" content=\"article\" \/>\n<meta property=\"og:title\" content=\"T\u00e6ppe Oscar 120x200cm - LASTCHANCE Deals | Danmark\" \/>\n<meta property=\"og:description\" content=\"Er du p\u00e5 udkig efter et nyt t\u00e6ppe til dit hjem? S\u00e5 er t\u00e6ppet Oscar fra ForrestDecor m\u00e5ske noget for dig. Dette t\u00e6ppe er lavet af polyester, et bl\u00f8dt og slidst\u00e6rkt materiale, der er nemt at reng\u00f8re og vedligeholde. T\u00e6ppet har en flot gr\u00e5 farve, der passer til de fleste indretninger, og en moderne design [&hellip;]\" \/>\n<meta property=\"og:url\" content=\"https:\/\/last-chance.dk\/?product=taeppe-oscar-120x200cm\" \/>\n<meta property=\"og:site_name\" content=\"LASTCHANCE Deals | Danmark\" \/>\n<meta property=\"article:modified_time\" content=\"2025-10-13T12:05:38+00:00\" \/>\n<meta property=\"og:image\" content=\"https:\/\/last-chance.dk\/wp-content\/uploads\/2023\/11\/oscar_red_1_4.jpg\" \/>\n\t<meta property=\"og:image:width\" content=\"400\" \/>\n\t<meta property=\"og:image:height\" content=\"400\" \/>\n\t<meta property=\"og:image:type\" content=\"image\/jpeg\" \/>\n<meta name=\"twitter:card\" content=\"summary_large_image\" \/>\n<meta name=\"twitter:label1\" content=\"Estimeret l\u00e6setid\" \/>\n\t<meta name=\"twitter:data1\" content=\"1 minut\" \/>\n<script type=\"application\/ld+json\" class=\"yoast-schema-graph\">{\"@context\":\"https:\/\/schema.org\",\"@graph\":[{\"@type\":\"WebPage\",\"@id\":\"https:\/\/last-chance.dk\/?product=taeppe-oscar-120x200cm\",\"url\":\"https:\/\/last-chance.dk\/?product=taeppe-oscar-120x200cm\",\"name\":\"T\u00e6ppe Oscar 120x200cm - LASTCHANCE Deals | Danmark\",\"isPartOf\":{\"@id\":\"https:\/\/last-chance.dk\/#website\"},\"primaryImageOfPage\":{\"@id\":\"https:\/\/last-chance.dk\/?product=taeppe-oscar-120x200cm#primaryimage\"},\"image\":{\"@id\":\"https:\/\/last-chance.dk\/?product=taeppe-oscar-120x200cm#primaryimage\"},\"thumbnailUrl\":\"https:\/\/last-chance.dk\/wp-content\/uploads\/2023\/11\/oscar_red_1_4.jpg\",\"datePublished\":\"2023-11-06T14:39:00+00:00\",\"dateModified\":\"2025-10-13T12:05:38+00:00\",\"breadcrumb\":{\"@id\":\"https:\/\/last-chance.dk\/?product=taeppe-oscar-120x200cm#breadcrumb\"},\"inLanguage\":\"da-DK\",\"potentialAction\":[{\"@type\":\"ReadAction\",\"target\":[\"https:\/\/last-chance.dk\/?product=taeppe-oscar-120x200cm\"]}]},{\"@type\":\"ImageObject\",\"inLanguage\":\"da-DK\",\"@id\":\"https:\/\/last-chance.dk\/?product=taeppe-oscar-120x200cm#primaryimage\",\"url\":\"https:\/\/last-chance.dk\/wp-content\/uploads\/2023\/11\/oscar_red_1_4.jpg\",\"contentUrl\":\"https:\/\/last-chance.dk\/wp-content\/uploads\/2023\/11\/oscar_red_1_4.jpg\",\"width\":400,\"height\":400},{\"@type\":\"BreadcrumbList\",\"@id\":\"https:\/\/last-chance.dk\/?product=taeppe-oscar-120x200cm#breadcrumb\",\"itemListElement\":[{\"@type\":\"ListItem\",\"position\":1,\"name\":\"Home\",\"item\":\"https:\/\/last-chance.dk\/\"},{\"@type\":\"ListItem\",\"position\":2,\"name\":\"T\u00e6ppe Oscar 120x200cm\"}]},{\"@type\":\"WebSite\",\"@id\":\"https:\/\/last-chance.dk\/#website\",\"url\":\"https:\/\/last-chance.dk\/\",\"name\":\"LASTCHANCE Deals | Danmark\",\"description\":\"LASTCHANCE Deals | Danmark\",\"publisher\":{\"@id\":\"https:\/\/last-chance.dk\/#organization\"},\"potentialAction\":[{\"@type\":\"SearchAction\",\"target\":{\"@type\":\"EntryPoint\",\"urlTemplate\":\"https:\/\/last-chance.dk\/?s={search_term_string}\"},\"query-input\":{\"@type\":\"PropertyValueSpecification\",\"valueRequired\":true,\"valueName\":\"search_term_string\"}}],\"inLanguage\":\"da-DK\"},{\"@type\":\"Organization\",\"@id\":\"https:\/\/last-chance.dk\/#organization\",\"name\":\"LASTCHANCE Deals | Danmark\",\"url\":\"https:\/\/last-chance.dk\/\",\"logo\":{\"@type\":\"ImageObject\",\"inLanguage\":\"da-DK\",\"@id\":\"https:\/\/last-chance.dk\/#\/schema\/logo\/image\/\",\"url\":\"https:\/\/last-chance.dk\/wp-content\/uploads\/2023\/10\/lastchancedeals_logo_dk_white.png\",\"contentUrl\":\"https:\/\/last-chance.dk\/wp-content\/uploads\/2023\/10\/lastchancedeals_logo_dk_white.png\",\"width\":470,\"height\":110,\"caption\":\"LASTCHANCE Deals | Danmark\"},\"image\":{\"@id\":\"https:\/\/last-chance.dk\/#\/schema\/logo\/image\/\"}}]}<\/script>\n<!-- \/ Yoast SEO plugin. -->","yoast_head_json":{"title":"T\u00e6ppe Oscar 120x200cm - LASTCHANCE Deals | Danmark","robots":{"index":"index","follow":"follow","max-snippet":"max-snippet:-1","max-image-preview":"max-image-preview:large","max-video-preview":"max-video-preview:-1"},"canonical":"https:\/\/last-chance.dk\/?product=taeppe-oscar-120x200cm","og_locale":"da_DK","og_type":"article","og_title":"T\u00e6ppe Oscar 120x200cm - LASTCHANCE Deals | Danmark","og_description":"Er du p\u00e5 udkig efter et nyt t\u00e6ppe til dit hjem? S\u00e5 er t\u00e6ppet Oscar fra ForrestDecor m\u00e5ske noget for dig. Dette t\u00e6ppe er lavet af polyester, et bl\u00f8dt og slidst\u00e6rkt materiale, der er nemt at reng\u00f8re og vedligeholde. T\u00e6ppet har en flot gr\u00e5 farve, der passer til de fleste indretninger, og en moderne design [&hellip;]","og_url":"https:\/\/last-chance.dk\/?product=taeppe-oscar-120x200cm","og_site_name":"LASTCHANCE Deals | Danmark","article_modified_time":"2025-10-13T12:05:38+00:00","og_image":[{"width":400,"height":400,"url":"https:\/\/last-chance.dk\/wp-content\/uploads\/2023\/11\/oscar_red_1_4.jpg","type":"image\/jpeg"}],"twitter_card":"summary_large_image","twitter_misc":{"Estimeret l\u00e6setid":"1 minut"},"schema":{"@context":"https:\/\/schema.org","@graph":[{"@type":"WebPage","@id":"https:\/\/last-chance.dk\/?product=taeppe-oscar-120x200cm","url":"https:\/\/last-chance.dk\/?product=taeppe-oscar-120x200cm","name":"T\u00e6ppe Oscar 120x200cm - LASTCHANCE Deals | Danmark","isPartOf":{"@id":"https:\/\/last-chance.dk\/#website"},"primaryImageOfPage":{"@id":"https:\/\/last-chance.dk\/?product=taeppe-oscar-120x200cm#primaryimage"},"image":{"@id":"https:\/\/last-chance.dk\/?product=taeppe-oscar-120x200cm#primaryimage"},"thumbnailUrl":"https:\/\/last-chance.dk\/wp-content\/uploads\/2023\/11\/oscar_red_1_4.jpg","datePublished":"2023-11-06T14:39:00+00:00","dateModified":"2025-10-13T12:05:38+00:00","breadcrumb":{"@id":"https:\/\/last-chance.dk\/?product=taeppe-oscar-120x200cm#breadcrumb"},"inLanguage":"da-DK","potentialAction":[{"@type":"ReadAction","target":["https:\/\/last-chance.dk\/?product=taeppe-oscar-120x200cm"]}]},{"@type":"ImageObject","inLanguage":"da-DK","@id":"https:\/\/last-chance.dk\/?product=taeppe-oscar-120x200cm#primaryimage","url":"https:\/\/last-chance.dk\/wp-content\/uploads\/2023\/11\/oscar_red_1_4.jpg","contentUrl":"https:\/\/last-chance.dk\/wp-content\/uploads\/2023\/11\/oscar_red_1_4.jpg","width":400,"height":400},{"@type":"BreadcrumbList","@id":"https:\/\/last-chance.dk\/?product=taeppe-oscar-120x200cm#breadcrumb","itemListElement":[{"@type":"ListItem","position":1,"name":"Home","item":"https:\/\/last-chance.dk\/"},{"@type":"ListItem","position":2,"name":"T\u00e6ppe Oscar 120x200cm"}]},{"@type":"WebSite","@id":"https:\/\/last-chance.dk\/#website","url":"https:\/\/last-chance.dk\/","name":"LASTCHANCE Deals | Danmark","description":"LASTCHANCE Deals | Danmark","publisher":{"@id":"https:\/\/last-chance.dk\/#organization"},"potentialAction":[{"@type":"SearchAction","target":{"@type":"EntryPoint","urlTemplate":"https:\/\/last-chance.dk\/?s={search_term_string}"},"query-input":{"@type":"PropertyValueSpecification","valueRequired":true,"valueName":"search_term_string"}}],"inLanguage":"da-DK"},{"@type":"Organization","@id":"https:\/\/last-chance.dk\/#organization","name":"LASTCHANCE Deals | Danmark","url":"https:\/\/last-chance.dk\/","logo":{"@type":"ImageObject","inLanguage":"da-DK","@id":"https:\/\/last-chance.dk\/#\/schema\/logo\/image\/","url":"https:\/\/last-chance.dk\/wp-content\/uploads\/2023\/10\/lastchancedeals_logo_dk_white.png","contentUrl":"https:\/\/last-chance.dk\/wp-content\/uploads\/2023\/10\/lastchancedeals_logo_dk_white.png","width":470,"height":110,"caption":"LASTCHANCE Deals | Danmark"},"image":{"@id":"https:\/\/last-chance.dk\/#\/schema\/logo\/image\/"}}]}},"_links":{"self":[{"href":"https:\/\/last-chance.dk\/index.php?rest_route=\/wp\/v2\/product\/8644","targetHints":{"allow":["GET"]}}],"collection":[{"href":"https:\/\/last-chance.dk\/index.php?rest_route=\/wp\/v2\/product"}],"about":[{"href":"https:\/\/last-chance.dk\/index.php?rest_route=\/wp\/v2\/types\/product"}],"replies":[{"embeddable":true,"href":"https:\/\/last-chance.dk\/index.php?rest_route=%2Fwp%2Fv2%2Fcomments&post=8644"}],"wp:featuredmedia":[{"embeddable":true,"href":"https:\/\/last-chance.dk\/index.php?rest_route=\/wp\/v2\/media\/8639"}],"wp:attachment":[{"href":"https:\/\/last-chance.dk\/index.php?rest_route=%2Fwp%2Fv2%2Fmedia&parent=8644"}],"wp:term":[{"taxonomy":"product_brand","embeddable":true,"href":"https:\/\/last-chance.dk\/index.php?rest_route=%2Fwp%2Fv2%2Fproduct_brand&post=8644"},{"taxonomy":"product_cat","embeddable":true,"href":"https:\/\/last-chance.dk\/index.php?rest_route=%2Fwp%2Fv2%2Fproduct_cat&post=8644"},{"taxonomy":"product_tag","embeddable":true,"href":"https:\/\/last-chance.dk\/index.php?rest_route=%2Fwp%2Fv2%2Fproduct_tag&post=8644"}],"curies":[{"name":"wp","href":"https:\/\/api.w.org\/{rel}","templated":true}]}}