{"id":8650,"date":"2023-11-06T14:39:17","date_gmt":"2023-11-06T14:39:17","guid":{"rendered":"https:\/\/www.lastchance.deals\/dk\/tuote\/taeppe-reid-150x200cm\/"},"modified":"2025-09-19T18:46:29","modified_gmt":"2025-09-19T18:46:29","slug":"taeppe-reid-150x200cm","status":"publish","type":"product","link":"https:\/\/last-chance.dk\/?product=taeppe-reid-150x200cm","title":{"rendered":"T\u00e6ppe Reid 150x200cm"},"content":{"rendered":"<p>Leder du efter et hyggeligt og bl\u00f8dt t\u00e6ppe til din stue, sovev\u00e6relse eller andet rum? S\u00e5 er t\u00e6ppet Reid fra ForrestDecor et godt valg for dig. Dette t\u00e6ppe er lavet af polyester, som er et slidst\u00e6rkt og allergivenligt materiale, der holder sig p\u00e6nt i lang tid. T\u00e6ppet har en enkel og elegant design, der passer til enhver indretning. Farven er neutral og diskret, s\u00e5 du kan nemt kombinere det med andre m\u00f8bler og tilbeh\u00f8r. T\u00e6ppet m\u00e5ler 150x200cm, s\u00e5 det d\u00e6kker et godt omr\u00e5de p\u00e5 gulvet og giver dig varme og komfort.<\/p>\n<p><\/p>\n<p>T\u00e6ppet Reid er beregnet til indend\u00f8rs brug, s\u00e5 du kan nyde det i dit hjem hele \u00e5ret rundt. Det er ogs\u00e5 nemt at reng\u00f8re, da du bare kan st\u00f8vsuge det eller vaske det i maskinen ved lav temperatur. T\u00e6ppet har en garanti p\u00e5 12 m\u00e5neder fra fabrikanten ForrestDecor, som er en anerkendt producent af kvalitetsprodukter til hjemmet. Bestil dit t\u00e6ppe Reid i dag og f\u00e5 det leveret hurtigt og sikkert til din d\u00f8r.<\/p>\n<p><\/p>\n<p>Leveringstid: Leveringstid 1 uge<br \/>\nMateriale: polyester<br \/>\nFarve: ikke angivet<br \/>\nDimensioner: 150x200cm<br \/>\nBeregnet til: Indend\u00f8rs brug<br \/>\nFabrikant: ForrestDecor<br \/>\nGaranti: 12 m\u00e5neder<\/p>\n","protected":false},"excerpt":{"rendered":"<p>Leder du efter et hyggeligt og bl\u00f8dt t\u00e6ppe til din stue, sovev\u00e6relse eller andet rum? S\u00e5 er t\u00e6ppet Reid fra ForrestDecor et godt valg for dig. Dette t\u00e6ppe er lavet af polyester, som er et slidst\u00e6rkt og allergivenligt materiale, der holder sig p\u00e6nt i lang tid. T\u00e6ppet har en enkel og elegant design, der passer [&hellip;]<\/p>\n","protected":false},"featured_media":8645,"comment_status":"open","ping_status":"closed","template":"","meta":[],"product_brand":[],"product_cat":[139],"product_tag":[],"class_list":{"0":"post-8650","1":"product","2":"type-product","3":"status-publish","4":"has-post-thumbnail","6":"product_cat-bedding","8":"first","9":"instock","10":"shipping-taxable","11":"purchasable","12":"product-type-simple"},"yoast_head":"<!-- This site is optimized with the Yoast SEO plugin v24.8.1 - https:\/\/yoast.com\/wordpress\/plugins\/seo\/ -->\n<title>T\u00e6ppe Reid 150x200cm - LASTCHANCE Deals | Danmark<\/title>\n<meta name=\"robots\" content=\"index, follow, max-snippet:-1, max-image-preview:large, max-video-preview:-1\" \/>\n<link rel=\"canonical\" href=\"https:\/\/last-chance.dk\/?product=taeppe-reid-150x200cm\" \/>\n<meta property=\"og:locale\" content=\"da_DK\" \/>\n<meta property=\"og:type\" content=\"article\" \/>\n<meta property=\"og:title\" content=\"T\u00e6ppe Reid 150x200cm - LASTCHANCE Deals | Danmark\" \/>\n<meta property=\"og:description\" content=\"Leder du efter et hyggeligt og bl\u00f8dt t\u00e6ppe til din stue, sovev\u00e6relse eller andet rum? S\u00e5 er t\u00e6ppet Reid fra ForrestDecor et godt valg for dig. Dette t\u00e6ppe er lavet af polyester, som er et slidst\u00e6rkt og allergivenligt materiale, der holder sig p\u00e6nt i lang tid. T\u00e6ppet har en enkel og elegant design, der passer [&hellip;]\" \/>\n<meta property=\"og:url\" content=\"https:\/\/last-chance.dk\/?product=taeppe-reid-150x200cm\" \/>\n<meta property=\"og:site_name\" content=\"LASTCHANCE Deals | Danmark\" \/>\n<meta property=\"article:modified_time\" content=\"2025-09-19T18:46:29+00:00\" \/>\n<meta property=\"og:image\" content=\"https:\/\/last-chance.dk\/wp-content\/uploads\/2023\/11\/reid_a_1.jpg\" \/>\n\t<meta property=\"og:image:width\" content=\"697\" \/>\n\t<meta property=\"og:image:height\" content=\"636\" \/>\n\t<meta property=\"og:image:type\" content=\"image\/jpeg\" \/>\n<meta name=\"twitter:card\" content=\"summary_large_image\" \/>\n<meta name=\"twitter:label1\" content=\"Estimeret l\u00e6setid\" \/>\n\t<meta name=\"twitter:data1\" content=\"1 minut\" \/>\n<script type=\"application\/ld+json\" class=\"yoast-schema-graph\">{\"@context\":\"https:\/\/schema.org\",\"@graph\":[{\"@type\":\"WebPage\",\"@id\":\"https:\/\/last-chance.dk\/?product=taeppe-reid-150x200cm\",\"url\":\"https:\/\/last-chance.dk\/?product=taeppe-reid-150x200cm\",\"name\":\"T\u00e6ppe Reid 150x200cm - LASTCHANCE Deals | Danmark\",\"isPartOf\":{\"@id\":\"https:\/\/last-chance.dk\/#website\"},\"primaryImageOfPage\":{\"@id\":\"https:\/\/last-chance.dk\/?product=taeppe-reid-150x200cm#primaryimage\"},\"image\":{\"@id\":\"https:\/\/last-chance.dk\/?product=taeppe-reid-150x200cm#primaryimage\"},\"thumbnailUrl\":\"https:\/\/last-chance.dk\/wp-content\/uploads\/2023\/11\/reid_a_1.jpg\",\"datePublished\":\"2023-11-06T14:39:17+00:00\",\"dateModified\":\"2025-09-19T18:46:29+00:00\",\"breadcrumb\":{\"@id\":\"https:\/\/last-chance.dk\/?product=taeppe-reid-150x200cm#breadcrumb\"},\"inLanguage\":\"da-DK\",\"potentialAction\":[{\"@type\":\"ReadAction\",\"target\":[\"https:\/\/last-chance.dk\/?product=taeppe-reid-150x200cm\"]}]},{\"@type\":\"ImageObject\",\"inLanguage\":\"da-DK\",\"@id\":\"https:\/\/last-chance.dk\/?product=taeppe-reid-150x200cm#primaryimage\",\"url\":\"https:\/\/last-chance.dk\/wp-content\/uploads\/2023\/11\/reid_a_1.jpg\",\"contentUrl\":\"https:\/\/last-chance.dk\/wp-content\/uploads\/2023\/11\/reid_a_1.jpg\",\"width\":697,\"height\":636},{\"@type\":\"BreadcrumbList\",\"@id\":\"https:\/\/last-chance.dk\/?product=taeppe-reid-150x200cm#breadcrumb\",\"itemListElement\":[{\"@type\":\"ListItem\",\"position\":1,\"name\":\"Home\",\"item\":\"https:\/\/last-chance.dk\/\"},{\"@type\":\"ListItem\",\"position\":2,\"name\":\"T\u00e6ppe Reid 150x200cm\"}]},{\"@type\":\"WebSite\",\"@id\":\"https:\/\/last-chance.dk\/#website\",\"url\":\"https:\/\/last-chance.dk\/\",\"name\":\"LASTCHANCE Deals | Danmark\",\"description\":\"LASTCHANCE Deals | Danmark\",\"publisher\":{\"@id\":\"https:\/\/last-chance.dk\/#organization\"},\"potentialAction\":[{\"@type\":\"SearchAction\",\"target\":{\"@type\":\"EntryPoint\",\"urlTemplate\":\"https:\/\/last-chance.dk\/?s={search_term_string}\"},\"query-input\":{\"@type\":\"PropertyValueSpecification\",\"valueRequired\":true,\"valueName\":\"search_term_string\"}}],\"inLanguage\":\"da-DK\"},{\"@type\":\"Organization\",\"@id\":\"https:\/\/last-chance.dk\/#organization\",\"name\":\"LASTCHANCE Deals | Danmark\",\"url\":\"https:\/\/last-chance.dk\/\",\"logo\":{\"@type\":\"ImageObject\",\"inLanguage\":\"da-DK\",\"@id\":\"https:\/\/last-chance.dk\/#\/schema\/logo\/image\/\",\"url\":\"https:\/\/last-chance.dk\/wp-content\/uploads\/2023\/10\/lastchancedeals_logo_dk_white.png\",\"contentUrl\":\"https:\/\/last-chance.dk\/wp-content\/uploads\/2023\/10\/lastchancedeals_logo_dk_white.png\",\"width\":470,\"height\":110,\"caption\":\"LASTCHANCE Deals | Danmark\"},\"image\":{\"@id\":\"https:\/\/last-chance.dk\/#\/schema\/logo\/image\/\"}}]}<\/script>\n<!-- \/ Yoast SEO plugin. -->","yoast_head_json":{"title":"T\u00e6ppe Reid 150x200cm - LASTCHANCE Deals | Danmark","robots":{"index":"index","follow":"follow","max-snippet":"max-snippet:-1","max-image-preview":"max-image-preview:large","max-video-preview":"max-video-preview:-1"},"canonical":"https:\/\/last-chance.dk\/?product=taeppe-reid-150x200cm","og_locale":"da_DK","og_type":"article","og_title":"T\u00e6ppe Reid 150x200cm - LASTCHANCE Deals | Danmark","og_description":"Leder du efter et hyggeligt og bl\u00f8dt t\u00e6ppe til din stue, sovev\u00e6relse eller andet rum? S\u00e5 er t\u00e6ppet Reid fra ForrestDecor et godt valg for dig. Dette t\u00e6ppe er lavet af polyester, som er et slidst\u00e6rkt og allergivenligt materiale, der holder sig p\u00e6nt i lang tid. T\u00e6ppet har en enkel og elegant design, der passer [&hellip;]","og_url":"https:\/\/last-chance.dk\/?product=taeppe-reid-150x200cm","og_site_name":"LASTCHANCE Deals | Danmark","article_modified_time":"2025-09-19T18:46:29+00:00","og_image":[{"width":697,"height":636,"url":"https:\/\/last-chance.dk\/wp-content\/uploads\/2023\/11\/reid_a_1.jpg","type":"image\/jpeg"}],"twitter_card":"summary_large_image","twitter_misc":{"Estimeret l\u00e6setid":"1 minut"},"schema":{"@context":"https:\/\/schema.org","@graph":[{"@type":"WebPage","@id":"https:\/\/last-chance.dk\/?product=taeppe-reid-150x200cm","url":"https:\/\/last-chance.dk\/?product=taeppe-reid-150x200cm","name":"T\u00e6ppe Reid 150x200cm - LASTCHANCE Deals | Danmark","isPartOf":{"@id":"https:\/\/last-chance.dk\/#website"},"primaryImageOfPage":{"@id":"https:\/\/last-chance.dk\/?product=taeppe-reid-150x200cm#primaryimage"},"image":{"@id":"https:\/\/last-chance.dk\/?product=taeppe-reid-150x200cm#primaryimage"},"thumbnailUrl":"https:\/\/last-chance.dk\/wp-content\/uploads\/2023\/11\/reid_a_1.jpg","datePublished":"2023-11-06T14:39:17+00:00","dateModified":"2025-09-19T18:46:29+00:00","breadcrumb":{"@id":"https:\/\/last-chance.dk\/?product=taeppe-reid-150x200cm#breadcrumb"},"inLanguage":"da-DK","potentialAction":[{"@type":"ReadAction","target":["https:\/\/last-chance.dk\/?product=taeppe-reid-150x200cm"]}]},{"@type":"ImageObject","inLanguage":"da-DK","@id":"https:\/\/last-chance.dk\/?product=taeppe-reid-150x200cm#primaryimage","url":"https:\/\/last-chance.dk\/wp-content\/uploads\/2023\/11\/reid_a_1.jpg","contentUrl":"https:\/\/last-chance.dk\/wp-content\/uploads\/2023\/11\/reid_a_1.jpg","width":697,"height":636},{"@type":"BreadcrumbList","@id":"https:\/\/last-chance.dk\/?product=taeppe-reid-150x200cm#breadcrumb","itemListElement":[{"@type":"ListItem","position":1,"name":"Home","item":"https:\/\/last-chance.dk\/"},{"@type":"ListItem","position":2,"name":"T\u00e6ppe Reid 150x200cm"}]},{"@type":"WebSite","@id":"https:\/\/last-chance.dk\/#website","url":"https:\/\/last-chance.dk\/","name":"LASTCHANCE Deals | Danmark","description":"LASTCHANCE Deals | Danmark","publisher":{"@id":"https:\/\/last-chance.dk\/#organization"},"potentialAction":[{"@type":"SearchAction","target":{"@type":"EntryPoint","urlTemplate":"https:\/\/last-chance.dk\/?s={search_term_string}"},"query-input":{"@type":"PropertyValueSpecification","valueRequired":true,"valueName":"search_term_string"}}],"inLanguage":"da-DK"},{"@type":"Organization","@id":"https:\/\/last-chance.dk\/#organization","name":"LASTCHANCE Deals | Danmark","url":"https:\/\/last-chance.dk\/","logo":{"@type":"ImageObject","inLanguage":"da-DK","@id":"https:\/\/last-chance.dk\/#\/schema\/logo\/image\/","url":"https:\/\/last-chance.dk\/wp-content\/uploads\/2023\/10\/lastchancedeals_logo_dk_white.png","contentUrl":"https:\/\/last-chance.dk\/wp-content\/uploads\/2023\/10\/lastchancedeals_logo_dk_white.png","width":470,"height":110,"caption":"LASTCHANCE Deals | Danmark"},"image":{"@id":"https:\/\/last-chance.dk\/#\/schema\/logo\/image\/"}}]}},"_links":{"self":[{"href":"https:\/\/last-chance.dk\/index.php?rest_route=\/wp\/v2\/product\/8650","targetHints":{"allow":["GET"]}}],"collection":[{"href":"https:\/\/last-chance.dk\/index.php?rest_route=\/wp\/v2\/product"}],"about":[{"href":"https:\/\/last-chance.dk\/index.php?rest_route=\/wp\/v2\/types\/product"}],"replies":[{"embeddable":true,"href":"https:\/\/last-chance.dk\/index.php?rest_route=%2Fwp%2Fv2%2Fcomments&post=8650"}],"wp:featuredmedia":[{"embeddable":true,"href":"https:\/\/last-chance.dk\/index.php?rest_route=\/wp\/v2\/media\/8645"}],"wp:attachment":[{"href":"https:\/\/last-chance.dk\/index.php?rest_route=%2Fwp%2Fv2%2Fmedia&parent=8650"}],"wp:term":[{"taxonomy":"product_brand","embeddable":true,"href":"https:\/\/last-chance.dk\/index.php?rest_route=%2Fwp%2Fv2%2Fproduct_brand&post=8650"},{"taxonomy":"product_cat","embeddable":true,"href":"https:\/\/last-chance.dk\/index.php?rest_route=%2Fwp%2Fv2%2Fproduct_cat&post=8650"},{"taxonomy":"product_tag","embeddable":true,"href":"https:\/\/last-chance.dk\/index.php?rest_route=%2Fwp%2Fv2%2Fproduct_tag&post=8650"}],"curies":[{"name":"wp","href":"https:\/\/api.w.org\/{rel}","templated":true}]}}