{"id":8668,"date":"2023-11-06T14:40:05","date_gmt":"2023-11-06T14:40:05","guid":{"rendered":"https:\/\/www.lastchance.deals\/dk\/tuote\/selvklaebende-3d-vaegpanel-knox-70x77cm-10-stk-pak-skum\/"},"modified":"2025-10-13T12:00:01","modified_gmt":"2025-10-13T12:00:01","slug":"selvklaebende-3d-vaegpanel-knox-70x77cm-10-stk-pak-skum","status":"publish","type":"product","link":"https:\/\/last-chance.dk\/?product=selvklaebende-3d-vaegpanel-knox-70x77cm-10-stk-pak-skum","title":{"rendered":"Selvkl\u00e6bende 3d v\u00e6gpanel Knox, 70x77cm -10 stk\/pak skum"},"content":{"rendered":"<p>Forvandl dit hjem med disse fantastiske selvkl\u00e6bende 3d v\u00e6gpaneler Knox fra ForrestDecor. Disse paneler er lavet af skum, som er let og holdbart, og har et smukt m\u00f8nster, der giver dybde og tekstur til dine v\u00e6gge. Du kan nemt montere dem selv ved at fjerne beskyttelsesfilmen og trykke dem fast p\u00e5 en ren og t\u00f8r overflade. Hver pakke indeholder 10 paneler, som d\u00e6kker et omr\u00e5de p\u00e5 ca. 5,4 m2. Du kan bruge dem til at dekorere din stue, sovev\u00e6relse, k\u00f8kken eller ethvert andet rum i dit hjem. Disse paneler er beregnet til indend\u00f8rs brug og har en garanti p\u00e5 12 m\u00e5neder.<\/p>\n<p><\/p>\n<p>Leveringstid: Leveringstid 1 uge<br \/>\nMateriale: skum<br \/>\nDimensioner: 70x77cmx5mm<br \/>\nBeregnet til: Indend\u00f8rs brug<br \/>\nBel\u00f8b: 10 pcs<br \/>\nMontage: skal samles<br \/>\nFabrikant: ForrestDecor<br \/>\nGaranti: 12 m\u00e5neder<\/p>\n","protected":false},"excerpt":{"rendered":"<p>Forvandl dit hjem med disse fantastiske selvkl\u00e6bende 3d v\u00e6gpaneler Knox fra ForrestDecor. Disse paneler er lavet af skum, som er let og holdbart, og har et smukt m\u00f8nster, der giver dybde og tekstur til dine v\u00e6gge. Du kan nemt montere dem selv ved at fjerne beskyttelsesfilmen og trykke dem fast p\u00e5 en ren og t\u00f8r [&hellip;]<\/p>\n","protected":false},"featured_media":8660,"comment_status":"open","ping_status":"closed","template":"","meta":[],"product_brand":[],"product_cat":[192],"product_tag":[],"class_list":{"0":"post-8668","1":"product","2":"type-product","3":"status-publish","4":"has-post-thumbnail","6":"product_cat-inomhuspanel","8":"first","9":"instock","10":"shipping-taxable","11":"purchasable","12":"product-type-simple"},"yoast_head":"<!-- This site is optimized with the Yoast SEO plugin v24.8.1 - https:\/\/yoast.com\/wordpress\/plugins\/seo\/ -->\n<title>Selvkl\u00e6bende 3d v\u00e6gpanel Knox, 70x77cm -10 stk\/pak skum - LASTCHANCE Deals | Danmark<\/title>\n<meta name=\"robots\" content=\"index, follow, max-snippet:-1, max-image-preview:large, max-video-preview:-1\" \/>\n<link rel=\"canonical\" href=\"https:\/\/last-chance.dk\/?product=selvklaebende-3d-vaegpanel-knox-70x77cm-10-stk-pak-skum\" \/>\n<meta property=\"og:locale\" content=\"da_DK\" \/>\n<meta property=\"og:type\" content=\"article\" \/>\n<meta property=\"og:title\" content=\"Selvkl\u00e6bende 3d v\u00e6gpanel Knox, 70x77cm -10 stk\/pak skum - LASTCHANCE Deals | Danmark\" \/>\n<meta property=\"og:description\" content=\"Forvandl dit hjem med disse fantastiske selvkl\u00e6bende 3d v\u00e6gpaneler Knox fra ForrestDecor. Disse paneler er lavet af skum, som er let og holdbart, og har et smukt m\u00f8nster, der giver dybde og tekstur til dine v\u00e6gge. Du kan nemt montere dem selv ved at fjerne beskyttelsesfilmen og trykke dem fast p\u00e5 en ren og t\u00f8r [&hellip;]\" \/>\n<meta property=\"og:url\" content=\"https:\/\/last-chance.dk\/?product=selvklaebende-3d-vaegpanel-knox-70x77cm-10-stk-pak-skum\" \/>\n<meta property=\"og:site_name\" content=\"LASTCHANCE Deals | Danmark\" \/>\n<meta property=\"article:modified_time\" content=\"2025-10-13T12:00:01+00:00\" \/>\n<meta property=\"og:image\" content=\"https:\/\/last-chance.dk\/wp-content\/uploads\/2023\/11\/knox_green.jpg\" \/>\n\t<meta property=\"og:image:width\" content=\"696\" \/>\n\t<meta property=\"og:image:height\" content=\"756\" \/>\n\t<meta property=\"og:image:type\" content=\"image\/jpeg\" \/>\n<meta name=\"twitter:card\" content=\"summary_large_image\" \/>\n<meta name=\"twitter:label1\" content=\"Estimeret l\u00e6setid\" \/>\n\t<meta name=\"twitter:data1\" content=\"1 minut\" \/>\n<script type=\"application\/ld+json\" class=\"yoast-schema-graph\">{\"@context\":\"https:\/\/schema.org\",\"@graph\":[{\"@type\":\"WebPage\",\"@id\":\"https:\/\/last-chance.dk\/?product=selvklaebende-3d-vaegpanel-knox-70x77cm-10-stk-pak-skum\",\"url\":\"https:\/\/last-chance.dk\/?product=selvklaebende-3d-vaegpanel-knox-70x77cm-10-stk-pak-skum\",\"name\":\"Selvkl\u00e6bende 3d v\u00e6gpanel Knox, 70x77cm -10 stk\/pak skum - LASTCHANCE Deals | Danmark\",\"isPartOf\":{\"@id\":\"https:\/\/last-chance.dk\/#website\"},\"primaryImageOfPage\":{\"@id\":\"https:\/\/last-chance.dk\/?product=selvklaebende-3d-vaegpanel-knox-70x77cm-10-stk-pak-skum#primaryimage\"},\"image\":{\"@id\":\"https:\/\/last-chance.dk\/?product=selvklaebende-3d-vaegpanel-knox-70x77cm-10-stk-pak-skum#primaryimage\"},\"thumbnailUrl\":\"https:\/\/last-chance.dk\/wp-content\/uploads\/2023\/11\/knox_green.jpg\",\"datePublished\":\"2023-11-06T14:40:05+00:00\",\"dateModified\":\"2025-10-13T12:00:01+00:00\",\"breadcrumb\":{\"@id\":\"https:\/\/last-chance.dk\/?product=selvklaebende-3d-vaegpanel-knox-70x77cm-10-stk-pak-skum#breadcrumb\"},\"inLanguage\":\"da-DK\",\"potentialAction\":[{\"@type\":\"ReadAction\",\"target\":[\"https:\/\/last-chance.dk\/?product=selvklaebende-3d-vaegpanel-knox-70x77cm-10-stk-pak-skum\"]}]},{\"@type\":\"ImageObject\",\"inLanguage\":\"da-DK\",\"@id\":\"https:\/\/last-chance.dk\/?product=selvklaebende-3d-vaegpanel-knox-70x77cm-10-stk-pak-skum#primaryimage\",\"url\":\"https:\/\/last-chance.dk\/wp-content\/uploads\/2023\/11\/knox_green.jpg\",\"contentUrl\":\"https:\/\/last-chance.dk\/wp-content\/uploads\/2023\/11\/knox_green.jpg\",\"width\":696,\"height\":756},{\"@type\":\"BreadcrumbList\",\"@id\":\"https:\/\/last-chance.dk\/?product=selvklaebende-3d-vaegpanel-knox-70x77cm-10-stk-pak-skum#breadcrumb\",\"itemListElement\":[{\"@type\":\"ListItem\",\"position\":1,\"name\":\"Home\",\"item\":\"https:\/\/last-chance.dk\/\"},{\"@type\":\"ListItem\",\"position\":2,\"name\":\"Selvkl\u00e6bende 3d v\u00e6gpanel Knox, 70x77cm -10 stk\/pak skum\"}]},{\"@type\":\"WebSite\",\"@id\":\"https:\/\/last-chance.dk\/#website\",\"url\":\"https:\/\/last-chance.dk\/\",\"name\":\"LASTCHANCE Deals | Danmark\",\"description\":\"LASTCHANCE Deals | Danmark\",\"publisher\":{\"@id\":\"https:\/\/last-chance.dk\/#organization\"},\"potentialAction\":[{\"@type\":\"SearchAction\",\"target\":{\"@type\":\"EntryPoint\",\"urlTemplate\":\"https:\/\/last-chance.dk\/?s={search_term_string}\"},\"query-input\":{\"@type\":\"PropertyValueSpecification\",\"valueRequired\":true,\"valueName\":\"search_term_string\"}}],\"inLanguage\":\"da-DK\"},{\"@type\":\"Organization\",\"@id\":\"https:\/\/last-chance.dk\/#organization\",\"name\":\"LASTCHANCE Deals | Danmark\",\"url\":\"https:\/\/last-chance.dk\/\",\"logo\":{\"@type\":\"ImageObject\",\"inLanguage\":\"da-DK\",\"@id\":\"https:\/\/last-chance.dk\/#\/schema\/logo\/image\/\",\"url\":\"https:\/\/last-chance.dk\/wp-content\/uploads\/2023\/10\/lastchancedeals_logo_dk_white.png\",\"contentUrl\":\"https:\/\/last-chance.dk\/wp-content\/uploads\/2023\/10\/lastchancedeals_logo_dk_white.png\",\"width\":470,\"height\":110,\"caption\":\"LASTCHANCE Deals | Danmark\"},\"image\":{\"@id\":\"https:\/\/last-chance.dk\/#\/schema\/logo\/image\/\"}}]}<\/script>\n<!-- \/ Yoast SEO plugin. -->","yoast_head_json":{"title":"Selvkl\u00e6bende 3d v\u00e6gpanel Knox, 70x77cm -10 stk\/pak skum - LASTCHANCE Deals | Danmark","robots":{"index":"index","follow":"follow","max-snippet":"max-snippet:-1","max-image-preview":"max-image-preview:large","max-video-preview":"max-video-preview:-1"},"canonical":"https:\/\/last-chance.dk\/?product=selvklaebende-3d-vaegpanel-knox-70x77cm-10-stk-pak-skum","og_locale":"da_DK","og_type":"article","og_title":"Selvkl\u00e6bende 3d v\u00e6gpanel Knox, 70x77cm -10 stk\/pak skum - LASTCHANCE Deals | Danmark","og_description":"Forvandl dit hjem med disse fantastiske selvkl\u00e6bende 3d v\u00e6gpaneler Knox fra ForrestDecor. Disse paneler er lavet af skum, som er let og holdbart, og har et smukt m\u00f8nster, der giver dybde og tekstur til dine v\u00e6gge. Du kan nemt montere dem selv ved at fjerne beskyttelsesfilmen og trykke dem fast p\u00e5 en ren og t\u00f8r [&hellip;]","og_url":"https:\/\/last-chance.dk\/?product=selvklaebende-3d-vaegpanel-knox-70x77cm-10-stk-pak-skum","og_site_name":"LASTCHANCE Deals | Danmark","article_modified_time":"2025-10-13T12:00:01+00:00","og_image":[{"width":696,"height":756,"url":"https:\/\/last-chance.dk\/wp-content\/uploads\/2023\/11\/knox_green.jpg","type":"image\/jpeg"}],"twitter_card":"summary_large_image","twitter_misc":{"Estimeret l\u00e6setid":"1 minut"},"schema":{"@context":"https:\/\/schema.org","@graph":[{"@type":"WebPage","@id":"https:\/\/last-chance.dk\/?product=selvklaebende-3d-vaegpanel-knox-70x77cm-10-stk-pak-skum","url":"https:\/\/last-chance.dk\/?product=selvklaebende-3d-vaegpanel-knox-70x77cm-10-stk-pak-skum","name":"Selvkl\u00e6bende 3d v\u00e6gpanel Knox, 70x77cm -10 stk\/pak skum - LASTCHANCE Deals | Danmark","isPartOf":{"@id":"https:\/\/last-chance.dk\/#website"},"primaryImageOfPage":{"@id":"https:\/\/last-chance.dk\/?product=selvklaebende-3d-vaegpanel-knox-70x77cm-10-stk-pak-skum#primaryimage"},"image":{"@id":"https:\/\/last-chance.dk\/?product=selvklaebende-3d-vaegpanel-knox-70x77cm-10-stk-pak-skum#primaryimage"},"thumbnailUrl":"https:\/\/last-chance.dk\/wp-content\/uploads\/2023\/11\/knox_green.jpg","datePublished":"2023-11-06T14:40:05+00:00","dateModified":"2025-10-13T12:00:01+00:00","breadcrumb":{"@id":"https:\/\/last-chance.dk\/?product=selvklaebende-3d-vaegpanel-knox-70x77cm-10-stk-pak-skum#breadcrumb"},"inLanguage":"da-DK","potentialAction":[{"@type":"ReadAction","target":["https:\/\/last-chance.dk\/?product=selvklaebende-3d-vaegpanel-knox-70x77cm-10-stk-pak-skum"]}]},{"@type":"ImageObject","inLanguage":"da-DK","@id":"https:\/\/last-chance.dk\/?product=selvklaebende-3d-vaegpanel-knox-70x77cm-10-stk-pak-skum#primaryimage","url":"https:\/\/last-chance.dk\/wp-content\/uploads\/2023\/11\/knox_green.jpg","contentUrl":"https:\/\/last-chance.dk\/wp-content\/uploads\/2023\/11\/knox_green.jpg","width":696,"height":756},{"@type":"BreadcrumbList","@id":"https:\/\/last-chance.dk\/?product=selvklaebende-3d-vaegpanel-knox-70x77cm-10-stk-pak-skum#breadcrumb","itemListElement":[{"@type":"ListItem","position":1,"name":"Home","item":"https:\/\/last-chance.dk\/"},{"@type":"ListItem","position":2,"name":"Selvkl\u00e6bende 3d v\u00e6gpanel Knox, 70x77cm -10 stk\/pak skum"}]},{"@type":"WebSite","@id":"https:\/\/last-chance.dk\/#website","url":"https:\/\/last-chance.dk\/","name":"LASTCHANCE Deals | Danmark","description":"LASTCHANCE Deals | Danmark","publisher":{"@id":"https:\/\/last-chance.dk\/#organization"},"potentialAction":[{"@type":"SearchAction","target":{"@type":"EntryPoint","urlTemplate":"https:\/\/last-chance.dk\/?s={search_term_string}"},"query-input":{"@type":"PropertyValueSpecification","valueRequired":true,"valueName":"search_term_string"}}],"inLanguage":"da-DK"},{"@type":"Organization","@id":"https:\/\/last-chance.dk\/#organization","name":"LASTCHANCE Deals | Danmark","url":"https:\/\/last-chance.dk\/","logo":{"@type":"ImageObject","inLanguage":"da-DK","@id":"https:\/\/last-chance.dk\/#\/schema\/logo\/image\/","url":"https:\/\/last-chance.dk\/wp-content\/uploads\/2023\/10\/lastchancedeals_logo_dk_white.png","contentUrl":"https:\/\/last-chance.dk\/wp-content\/uploads\/2023\/10\/lastchancedeals_logo_dk_white.png","width":470,"height":110,"caption":"LASTCHANCE Deals | Danmark"},"image":{"@id":"https:\/\/last-chance.dk\/#\/schema\/logo\/image\/"}}]}},"_links":{"self":[{"href":"https:\/\/last-chance.dk\/index.php?rest_route=\/wp\/v2\/product\/8668","targetHints":{"allow":["GET"]}}],"collection":[{"href":"https:\/\/last-chance.dk\/index.php?rest_route=\/wp\/v2\/product"}],"about":[{"href":"https:\/\/last-chance.dk\/index.php?rest_route=\/wp\/v2\/types\/product"}],"replies":[{"embeddable":true,"href":"https:\/\/last-chance.dk\/index.php?rest_route=%2Fwp%2Fv2%2Fcomments&post=8668"}],"wp:featuredmedia":[{"embeddable":true,"href":"https:\/\/last-chance.dk\/index.php?rest_route=\/wp\/v2\/media\/8660"}],"wp:attachment":[{"href":"https:\/\/last-chance.dk\/index.php?rest_route=%2Fwp%2Fv2%2Fmedia&parent=8668"}],"wp:term":[{"taxonomy":"product_brand","embeddable":true,"href":"https:\/\/last-chance.dk\/index.php?rest_route=%2Fwp%2Fv2%2Fproduct_brand&post=8668"},{"taxonomy":"product_cat","embeddable":true,"href":"https:\/\/last-chance.dk\/index.php?rest_route=%2Fwp%2Fv2%2Fproduct_cat&post=8668"},{"taxonomy":"product_tag","embeddable":true,"href":"https:\/\/last-chance.dk\/index.php?rest_route=%2Fwp%2Fv2%2Fproduct_tag&post=8668"}],"curies":[{"name":"wp","href":"https:\/\/api.w.org\/{rel}","templated":true}]}}