{"id":8675,"date":"2023-11-06T14:40:34","date_gmt":"2023-11-06T14:40:34","guid":{"rendered":"https:\/\/www.lastchance.deals\/dk\/tuote\/hvidt-pvc-kunstlaederpvc-leather-5-25m-rulle-hvid\/"},"modified":"2025-09-19T17:54:49","modified_gmt":"2025-09-19T17:54:49","slug":"hvidt-pvc-kunstlaederpvc-leather-5-25m-rulle-hvid","status":"publish","type":"product","link":"https:\/\/last-chance.dk\/?product=hvidt-pvc-kunstlaederpvc-leather-5-25m-rulle-hvid","title":{"rendered":"Hvidt PVC kunstl\u00e6der(PVC Leather) 5-25m rulle  hvid"},"content":{"rendered":"<p>Hvis du leder efter et holdbart og stilfuldt materiale til dine m\u00f8bler, tasker eller bekl\u00e6dning, s\u00e5 er hvidt PVC kunstl\u00e6der fra ForrestDecor et godt valg. PVC kunstl\u00e6der er et syntetisk materiale, der ligner \u00e6gte l\u00e6der, men er mere modstandsdygtigt over for slid, vand og pletter. Det er ogs\u00e5 nemt at reng\u00f8re og vedligeholde.<\/p>\n<p>Bredde er: 1,4m og l\u00e6ngde er 5m.<\/p>\n<p>Hvidt PVC kunstl\u00e6der er en alsidig og elegant l\u00f8sning til mange form\u00e5l. Du kan bruge det til at polstre dine sofaer, stole eller puder, lave flotte tasker eller punge, eller sy smarte jakker eller bukser. Uanset hvad du v\u00e6lger, vil du f\u00e5 et produkt af h\u00f8j kvalitet, der vil holde i lang tid.<\/p>\n<p><\/p>\n<p>Leveringstid: Leveringstid 1 uge<br \/>\nMateriale: kunstigt l\u00e6der<br \/>\nFarve: hvid<br \/>\nDimensioner: 140x500cm<br \/>\nFabrikant: ForrestDecor<\/p>\n","protected":false},"excerpt":{"rendered":"<p>Hvis du leder efter et holdbart og stilfuldt materiale til dine m\u00f8bler, tasker eller bekl\u00e6dning, s\u00e5 er hvidt PVC kunstl\u00e6der fra ForrestDecor et godt valg. PVC kunstl\u00e6der er et syntetisk materiale, der ligner \u00e6gte l\u00e6der, men er mere modstandsdygtigt over for slid, vand og pletter. Det er ogs\u00e5 nemt at reng\u00f8re og vedligeholde. Bredde er: [&hellip;]<\/p>\n","protected":false},"featured_media":8674,"comment_status":"open","ping_status":"closed","template":"","meta":[],"product_brand":[],"product_cat":[143],"product_tag":[],"class_list":{"0":"post-8675","1":"product","2":"type-product","3":"status-publish","4":"has-post-thumbnail","6":"product_cat-furniture-accessories","8":"first","9":"instock","10":"shipping-taxable","11":"purchasable","12":"product-type-simple"},"yoast_head":"<!-- This site is optimized with the Yoast SEO plugin v24.8.1 - https:\/\/yoast.com\/wordpress\/plugins\/seo\/ -->\n<title>Hvidt PVC kunstl\u00e6der(PVC Leather) 5-25m rulle hvid - LASTCHANCE Deals | Danmark<\/title>\n<meta name=\"robots\" content=\"index, follow, max-snippet:-1, max-image-preview:large, max-video-preview:-1\" \/>\n<link rel=\"canonical\" href=\"https:\/\/last-chance.dk\/?product=hvidt-pvc-kunstlaederpvc-leather-5-25m-rulle-hvid\" \/>\n<meta property=\"og:locale\" content=\"da_DK\" \/>\n<meta property=\"og:type\" content=\"article\" \/>\n<meta property=\"og:title\" content=\"Hvidt PVC kunstl\u00e6der(PVC Leather) 5-25m rulle hvid - LASTCHANCE Deals | Danmark\" \/>\n<meta property=\"og:description\" content=\"Hvis du leder efter et holdbart og stilfuldt materiale til dine m\u00f8bler, tasker eller bekl\u00e6dning, s\u00e5 er hvidt PVC kunstl\u00e6der fra ForrestDecor et godt valg. PVC kunstl\u00e6der er et syntetisk materiale, der ligner \u00e6gte l\u00e6der, men er mere modstandsdygtigt over for slid, vand og pletter. Det er ogs\u00e5 nemt at reng\u00f8re og vedligeholde. Bredde er: [&hellip;]\" \/>\n<meta property=\"og:url\" content=\"https:\/\/last-chance.dk\/?product=hvidt-pvc-kunstlaederpvc-leather-5-25m-rulle-hvid\" \/>\n<meta property=\"og:site_name\" content=\"LASTCHANCE Deals | Danmark\" \/>\n<meta property=\"article:modified_time\" content=\"2025-09-19T17:54:49+00:00\" \/>\n<meta property=\"og:image\" content=\"https:\/\/last-chance.dk\/wp-content\/uploads\/2023\/11\/dwg-814-b_detail4_2048x2048_2.jpg\" \/>\n\t<meta property=\"og:image:width\" content=\"1200\" \/>\n\t<meta property=\"og:image:height\" content=\"1200\" \/>\n\t<meta property=\"og:image:type\" content=\"image\/jpeg\" \/>\n<meta name=\"twitter:card\" content=\"summary_large_image\" \/>\n<meta name=\"twitter:label1\" content=\"Estimeret l\u00e6setid\" \/>\n\t<meta name=\"twitter:data1\" content=\"1 minut\" \/>\n<script type=\"application\/ld+json\" class=\"yoast-schema-graph\">{\"@context\":\"https:\/\/schema.org\",\"@graph\":[{\"@type\":\"WebPage\",\"@id\":\"https:\/\/last-chance.dk\/?product=hvidt-pvc-kunstlaederpvc-leather-5-25m-rulle-hvid\",\"url\":\"https:\/\/last-chance.dk\/?product=hvidt-pvc-kunstlaederpvc-leather-5-25m-rulle-hvid\",\"name\":\"Hvidt PVC kunstl\u00e6der(PVC Leather) 5-25m rulle hvid - LASTCHANCE Deals | Danmark\",\"isPartOf\":{\"@id\":\"https:\/\/last-chance.dk\/#website\"},\"primaryImageOfPage\":{\"@id\":\"https:\/\/last-chance.dk\/?product=hvidt-pvc-kunstlaederpvc-leather-5-25m-rulle-hvid#primaryimage\"},\"image\":{\"@id\":\"https:\/\/last-chance.dk\/?product=hvidt-pvc-kunstlaederpvc-leather-5-25m-rulle-hvid#primaryimage\"},\"thumbnailUrl\":\"https:\/\/last-chance.dk\/wp-content\/uploads\/2023\/11\/dwg-814-b_detail4_2048x2048_2.jpg\",\"datePublished\":\"2023-11-06T14:40:34+00:00\",\"dateModified\":\"2025-09-19T17:54:49+00:00\",\"breadcrumb\":{\"@id\":\"https:\/\/last-chance.dk\/?product=hvidt-pvc-kunstlaederpvc-leather-5-25m-rulle-hvid#breadcrumb\"},\"inLanguage\":\"da-DK\",\"potentialAction\":[{\"@type\":\"ReadAction\",\"target\":[\"https:\/\/last-chance.dk\/?product=hvidt-pvc-kunstlaederpvc-leather-5-25m-rulle-hvid\"]}]},{\"@type\":\"ImageObject\",\"inLanguage\":\"da-DK\",\"@id\":\"https:\/\/last-chance.dk\/?product=hvidt-pvc-kunstlaederpvc-leather-5-25m-rulle-hvid#primaryimage\",\"url\":\"https:\/\/last-chance.dk\/wp-content\/uploads\/2023\/11\/dwg-814-b_detail4_2048x2048_2.jpg\",\"contentUrl\":\"https:\/\/last-chance.dk\/wp-content\/uploads\/2023\/11\/dwg-814-b_detail4_2048x2048_2.jpg\",\"width\":1200,\"height\":1200},{\"@type\":\"BreadcrumbList\",\"@id\":\"https:\/\/last-chance.dk\/?product=hvidt-pvc-kunstlaederpvc-leather-5-25m-rulle-hvid#breadcrumb\",\"itemListElement\":[{\"@type\":\"ListItem\",\"position\":1,\"name\":\"Home\",\"item\":\"https:\/\/last-chance.dk\/\"},{\"@type\":\"ListItem\",\"position\":2,\"name\":\"Hvidt PVC kunstl\u00e6der(PVC Leather) 5-25m rulle hvid\"}]},{\"@type\":\"WebSite\",\"@id\":\"https:\/\/last-chance.dk\/#website\",\"url\":\"https:\/\/last-chance.dk\/\",\"name\":\"LASTCHANCE Deals | Danmark\",\"description\":\"LASTCHANCE Deals | Danmark\",\"publisher\":{\"@id\":\"https:\/\/last-chance.dk\/#organization\"},\"potentialAction\":[{\"@type\":\"SearchAction\",\"target\":{\"@type\":\"EntryPoint\",\"urlTemplate\":\"https:\/\/last-chance.dk\/?s={search_term_string}\"},\"query-input\":{\"@type\":\"PropertyValueSpecification\",\"valueRequired\":true,\"valueName\":\"search_term_string\"}}],\"inLanguage\":\"da-DK\"},{\"@type\":\"Organization\",\"@id\":\"https:\/\/last-chance.dk\/#organization\",\"name\":\"LASTCHANCE Deals | Danmark\",\"url\":\"https:\/\/last-chance.dk\/\",\"logo\":{\"@type\":\"ImageObject\",\"inLanguage\":\"da-DK\",\"@id\":\"https:\/\/last-chance.dk\/#\/schema\/logo\/image\/\",\"url\":\"https:\/\/last-chance.dk\/wp-content\/uploads\/2023\/10\/lastchancedeals_logo_dk_white.png\",\"contentUrl\":\"https:\/\/last-chance.dk\/wp-content\/uploads\/2023\/10\/lastchancedeals_logo_dk_white.png\",\"width\":470,\"height\":110,\"caption\":\"LASTCHANCE Deals | Danmark\"},\"image\":{\"@id\":\"https:\/\/last-chance.dk\/#\/schema\/logo\/image\/\"}}]}<\/script>\n<!-- \/ Yoast SEO plugin. -->","yoast_head_json":{"title":"Hvidt PVC kunstl\u00e6der(PVC Leather) 5-25m rulle hvid - LASTCHANCE Deals | Danmark","robots":{"index":"index","follow":"follow","max-snippet":"max-snippet:-1","max-image-preview":"max-image-preview:large","max-video-preview":"max-video-preview:-1"},"canonical":"https:\/\/last-chance.dk\/?product=hvidt-pvc-kunstlaederpvc-leather-5-25m-rulle-hvid","og_locale":"da_DK","og_type":"article","og_title":"Hvidt PVC kunstl\u00e6der(PVC Leather) 5-25m rulle hvid - LASTCHANCE Deals | Danmark","og_description":"Hvis du leder efter et holdbart og stilfuldt materiale til dine m\u00f8bler, tasker eller bekl\u00e6dning, s\u00e5 er hvidt PVC kunstl\u00e6der fra ForrestDecor et godt valg. PVC kunstl\u00e6der er et syntetisk materiale, der ligner \u00e6gte l\u00e6der, men er mere modstandsdygtigt over for slid, vand og pletter. Det er ogs\u00e5 nemt at reng\u00f8re og vedligeholde. Bredde er: [&hellip;]","og_url":"https:\/\/last-chance.dk\/?product=hvidt-pvc-kunstlaederpvc-leather-5-25m-rulle-hvid","og_site_name":"LASTCHANCE Deals | Danmark","article_modified_time":"2025-09-19T17:54:49+00:00","og_image":[{"width":1200,"height":1200,"url":"https:\/\/last-chance.dk\/wp-content\/uploads\/2023\/11\/dwg-814-b_detail4_2048x2048_2.jpg","type":"image\/jpeg"}],"twitter_card":"summary_large_image","twitter_misc":{"Estimeret l\u00e6setid":"1 minut"},"schema":{"@context":"https:\/\/schema.org","@graph":[{"@type":"WebPage","@id":"https:\/\/last-chance.dk\/?product=hvidt-pvc-kunstlaederpvc-leather-5-25m-rulle-hvid","url":"https:\/\/last-chance.dk\/?product=hvidt-pvc-kunstlaederpvc-leather-5-25m-rulle-hvid","name":"Hvidt PVC kunstl\u00e6der(PVC Leather) 5-25m rulle hvid - LASTCHANCE Deals | Danmark","isPartOf":{"@id":"https:\/\/last-chance.dk\/#website"},"primaryImageOfPage":{"@id":"https:\/\/last-chance.dk\/?product=hvidt-pvc-kunstlaederpvc-leather-5-25m-rulle-hvid#primaryimage"},"image":{"@id":"https:\/\/last-chance.dk\/?product=hvidt-pvc-kunstlaederpvc-leather-5-25m-rulle-hvid#primaryimage"},"thumbnailUrl":"https:\/\/last-chance.dk\/wp-content\/uploads\/2023\/11\/dwg-814-b_detail4_2048x2048_2.jpg","datePublished":"2023-11-06T14:40:34+00:00","dateModified":"2025-09-19T17:54:49+00:00","breadcrumb":{"@id":"https:\/\/last-chance.dk\/?product=hvidt-pvc-kunstlaederpvc-leather-5-25m-rulle-hvid#breadcrumb"},"inLanguage":"da-DK","potentialAction":[{"@type":"ReadAction","target":["https:\/\/last-chance.dk\/?product=hvidt-pvc-kunstlaederpvc-leather-5-25m-rulle-hvid"]}]},{"@type":"ImageObject","inLanguage":"da-DK","@id":"https:\/\/last-chance.dk\/?product=hvidt-pvc-kunstlaederpvc-leather-5-25m-rulle-hvid#primaryimage","url":"https:\/\/last-chance.dk\/wp-content\/uploads\/2023\/11\/dwg-814-b_detail4_2048x2048_2.jpg","contentUrl":"https:\/\/last-chance.dk\/wp-content\/uploads\/2023\/11\/dwg-814-b_detail4_2048x2048_2.jpg","width":1200,"height":1200},{"@type":"BreadcrumbList","@id":"https:\/\/last-chance.dk\/?product=hvidt-pvc-kunstlaederpvc-leather-5-25m-rulle-hvid#breadcrumb","itemListElement":[{"@type":"ListItem","position":1,"name":"Home","item":"https:\/\/last-chance.dk\/"},{"@type":"ListItem","position":2,"name":"Hvidt PVC kunstl\u00e6der(PVC Leather) 5-25m rulle hvid"}]},{"@type":"WebSite","@id":"https:\/\/last-chance.dk\/#website","url":"https:\/\/last-chance.dk\/","name":"LASTCHANCE Deals | Danmark","description":"LASTCHANCE Deals | Danmark","publisher":{"@id":"https:\/\/last-chance.dk\/#organization"},"potentialAction":[{"@type":"SearchAction","target":{"@type":"EntryPoint","urlTemplate":"https:\/\/last-chance.dk\/?s={search_term_string}"},"query-input":{"@type":"PropertyValueSpecification","valueRequired":true,"valueName":"search_term_string"}}],"inLanguage":"da-DK"},{"@type":"Organization","@id":"https:\/\/last-chance.dk\/#organization","name":"LASTCHANCE Deals | Danmark","url":"https:\/\/last-chance.dk\/","logo":{"@type":"ImageObject","inLanguage":"da-DK","@id":"https:\/\/last-chance.dk\/#\/schema\/logo\/image\/","url":"https:\/\/last-chance.dk\/wp-content\/uploads\/2023\/10\/lastchancedeals_logo_dk_white.png","contentUrl":"https:\/\/last-chance.dk\/wp-content\/uploads\/2023\/10\/lastchancedeals_logo_dk_white.png","width":470,"height":110,"caption":"LASTCHANCE Deals | Danmark"},"image":{"@id":"https:\/\/last-chance.dk\/#\/schema\/logo\/image\/"}}]}},"_links":{"self":[{"href":"https:\/\/last-chance.dk\/index.php?rest_route=\/wp\/v2\/product\/8675","targetHints":{"allow":["GET"]}}],"collection":[{"href":"https:\/\/last-chance.dk\/index.php?rest_route=\/wp\/v2\/product"}],"about":[{"href":"https:\/\/last-chance.dk\/index.php?rest_route=\/wp\/v2\/types\/product"}],"replies":[{"embeddable":true,"href":"https:\/\/last-chance.dk\/index.php?rest_route=%2Fwp%2Fv2%2Fcomments&post=8675"}],"wp:featuredmedia":[{"embeddable":true,"href":"https:\/\/last-chance.dk\/index.php?rest_route=\/wp\/v2\/media\/8674"}],"wp:attachment":[{"href":"https:\/\/last-chance.dk\/index.php?rest_route=%2Fwp%2Fv2%2Fmedia&parent=8675"}],"wp:term":[{"taxonomy":"product_brand","embeddable":true,"href":"https:\/\/last-chance.dk\/index.php?rest_route=%2Fwp%2Fv2%2Fproduct_brand&post=8675"},{"taxonomy":"product_cat","embeddable":true,"href":"https:\/\/last-chance.dk\/index.php?rest_route=%2Fwp%2Fv2%2Fproduct_cat&post=8675"},{"taxonomy":"product_tag","embeddable":true,"href":"https:\/\/last-chance.dk\/index.php?rest_route=%2Fwp%2Fv2%2Fproduct_tag&post=8675"}],"curies":[{"name":"wp","href":"https:\/\/api.w.org\/{rel}","templated":true}]}}