{"id":8680,"date":"2023-11-06T14:40:50","date_gmt":"2023-11-06T14:40:50","guid":{"rendered":"https:\/\/www.lastchance.deals\/dk\/tuote\/kaeledyrs-taske-yoshi-brun-kunstigt-laeder\/"},"modified":"2025-03-24T12:37:54","modified_gmt":"2025-03-24T12:37:54","slug":"kaeledyrs-taske-yoshi-brun-kunstigt-laeder","status":"publish","type":"product","link":"https:\/\/last-chance.dk\/?product=kaeledyrs-taske-yoshi-brun-kunstigt-laeder","title":{"rendered":"K\u00e6ledyrs taske Yoshi brun kunstigt l\u00e6der"},"content":{"rendered":"<p>Er du p\u00e5 udkig efter en stilfuld og praktisk taske til dit k\u00e6ledyr? S\u00e5 er k\u00e6ledyrs tasken Yoshi det perfekte valg for dig!<\/p>\n<p><\/p>\n<p>Denne taske er lavet af kunstigt l\u00e6der i en flot brun farve, der passer til enhver lejlighed. Tasken har et rummeligt hovedrum med en bl\u00f8d pude, hvor dit k\u00e6ledyr kan slappe af og nyde turen. Tasken har ogs\u00e5 et netvindue p\u00e5 siden, s\u00e5 dit k\u00e6ledyr kan f\u00e5 frisk luft og se ud. Tasken har to h\u00e5ndtag og en justerbar skulderrem, s\u00e5 du kan b\u00e6re den p\u00e5 forskellige m\u00e5der.<\/p>\n<p><\/p>\n<p>K\u00e6ledyrs tasken Yoshi er designet af ForrestDecor, et firma der specialiserer sig i at lave smukke og funktionelle produkter til k\u00e6ledyrsejere. Tasken har en dimension p\u00e5 31x44x26cm, s\u00e5 den passer til sm\u00e5 og mellemstore k\u00e6ledyr op til 10 kg. Tasken er let at reng\u00f8re med en fugtig klud.<\/p>\n<p><\/p>\n<p>Bestil din k\u00e6ledyrs taske Yoshi i dag og fork\u00e6l dit k\u00e6ledyr med en komfortabel og elegant taske!<\/p>\n<p><\/p>\n<p>Leveringstid: Leveringstid 1 uge<br \/>\nMateriale: kunstigt l\u00e6der<br \/>\nFarve: brun<br \/>\nDimensioner: 31x44x26cm<br \/>\nFabrikant: ForrestDecor<\/p>\n","protected":false},"excerpt":{"rendered":"<p>Er du p\u00e5 udkig efter en stilfuld og praktisk taske til dit k\u00e6ledyr? S\u00e5 er k\u00e6ledyrs tasken Yoshi det perfekte valg for dig! Denne taske er lavet af kunstigt l\u00e6der i en flot brun farve, der passer til enhver lejlighed. Tasken har et rummeligt hovedrum med en bl\u00f8d pude, hvor dit k\u00e6ledyr kan slappe af [&hellip;]<\/p>\n","protected":false},"featured_media":8676,"comment_status":"open","ping_status":"closed","template":"","meta":[],"product_brand":[],"product_cat":[15],"product_tag":[],"class_list":{"0":"post-8680","1":"product","2":"type-product","3":"status-publish","4":"has-post-thumbnail","6":"product_cat-uncategorized","8":"first","9":"instock","10":"shipping-taxable","11":"purchasable","12":"product-type-simple"},"yoast_head":"<!-- This site is optimized with the Yoast SEO plugin v24.8.1 - https:\/\/yoast.com\/wordpress\/plugins\/seo\/ -->\n<title>K\u00e6ledyrs taske Yoshi brun kunstigt l\u00e6der - LASTCHANCE Deals | Danmark<\/title>\n<meta name=\"robots\" content=\"index, follow, max-snippet:-1, max-image-preview:large, max-video-preview:-1\" \/>\n<link rel=\"canonical\" href=\"https:\/\/last-chance.dk\/?product=kaeledyrs-taske-yoshi-brun-kunstigt-laeder\" \/>\n<meta property=\"og:locale\" content=\"da_DK\" \/>\n<meta property=\"og:type\" content=\"article\" \/>\n<meta property=\"og:title\" content=\"K\u00e6ledyrs taske Yoshi brun kunstigt l\u00e6der - LASTCHANCE Deals | Danmark\" \/>\n<meta property=\"og:description\" content=\"Er du p\u00e5 udkig efter en stilfuld og praktisk taske til dit k\u00e6ledyr? S\u00e5 er k\u00e6ledyrs tasken Yoshi det perfekte valg for dig! Denne taske er lavet af kunstigt l\u00e6der i en flot brun farve, der passer til enhver lejlighed. Tasken har et rummeligt hovedrum med en bl\u00f8d pude, hvor dit k\u00e6ledyr kan slappe af [&hellip;]\" \/>\n<meta property=\"og:url\" content=\"https:\/\/last-chance.dk\/?product=kaeledyrs-taske-yoshi-brun-kunstigt-laeder\" \/>\n<meta property=\"og:site_name\" content=\"LASTCHANCE Deals | Danmark\" \/>\n<meta property=\"article:modified_time\" content=\"2025-03-24T12:37:54+00:00\" \/>\n<meta property=\"og:image\" content=\"https:\/\/last-chance.dk\/wp-content\/uploads\/2023\/11\/20180326182224.jpg\" \/>\n\t<meta property=\"og:image:width\" content=\"712\" \/>\n\t<meta property=\"og:image:height\" content=\"518\" \/>\n\t<meta property=\"og:image:type\" content=\"image\/jpeg\" \/>\n<meta name=\"twitter:card\" content=\"summary_large_image\" \/>\n<meta name=\"twitter:label1\" content=\"Estimeret l\u00e6setid\" \/>\n\t<meta name=\"twitter:data1\" content=\"1 minut\" \/>\n<script type=\"application\/ld+json\" class=\"yoast-schema-graph\">{\"@context\":\"https:\/\/schema.org\",\"@graph\":[{\"@type\":\"WebPage\",\"@id\":\"https:\/\/last-chance.dk\/?product=kaeledyrs-taske-yoshi-brun-kunstigt-laeder\",\"url\":\"https:\/\/last-chance.dk\/?product=kaeledyrs-taske-yoshi-brun-kunstigt-laeder\",\"name\":\"K\u00e6ledyrs taske Yoshi brun kunstigt l\u00e6der - LASTCHANCE Deals | Danmark\",\"isPartOf\":{\"@id\":\"https:\/\/last-chance.dk\/#website\"},\"primaryImageOfPage\":{\"@id\":\"https:\/\/last-chance.dk\/?product=kaeledyrs-taske-yoshi-brun-kunstigt-laeder#primaryimage\"},\"image\":{\"@id\":\"https:\/\/last-chance.dk\/?product=kaeledyrs-taske-yoshi-brun-kunstigt-laeder#primaryimage\"},\"thumbnailUrl\":\"https:\/\/last-chance.dk\/wp-content\/uploads\/2023\/11\/20180326182224.jpg\",\"datePublished\":\"2023-11-06T14:40:50+00:00\",\"dateModified\":\"2025-03-24T12:37:54+00:00\",\"breadcrumb\":{\"@id\":\"https:\/\/last-chance.dk\/?product=kaeledyrs-taske-yoshi-brun-kunstigt-laeder#breadcrumb\"},\"inLanguage\":\"da-DK\",\"potentialAction\":[{\"@type\":\"ReadAction\",\"target\":[\"https:\/\/last-chance.dk\/?product=kaeledyrs-taske-yoshi-brun-kunstigt-laeder\"]}]},{\"@type\":\"ImageObject\",\"inLanguage\":\"da-DK\",\"@id\":\"https:\/\/last-chance.dk\/?product=kaeledyrs-taske-yoshi-brun-kunstigt-laeder#primaryimage\",\"url\":\"https:\/\/last-chance.dk\/wp-content\/uploads\/2023\/11\/20180326182224.jpg\",\"contentUrl\":\"https:\/\/last-chance.dk\/wp-content\/uploads\/2023\/11\/20180326182224.jpg\",\"width\":712,\"height\":518},{\"@type\":\"BreadcrumbList\",\"@id\":\"https:\/\/last-chance.dk\/?product=kaeledyrs-taske-yoshi-brun-kunstigt-laeder#breadcrumb\",\"itemListElement\":[{\"@type\":\"ListItem\",\"position\":1,\"name\":\"Home\",\"item\":\"https:\/\/last-chance.dk\/\"},{\"@type\":\"ListItem\",\"position\":2,\"name\":\"K\u00e6ledyrs taske Yoshi brun kunstigt l\u00e6der\"}]},{\"@type\":\"WebSite\",\"@id\":\"https:\/\/last-chance.dk\/#website\",\"url\":\"https:\/\/last-chance.dk\/\",\"name\":\"LASTCHANCE Deals | Danmark\",\"description\":\"LASTCHANCE Deals | Danmark\",\"publisher\":{\"@id\":\"https:\/\/last-chance.dk\/#organization\"},\"potentialAction\":[{\"@type\":\"SearchAction\",\"target\":{\"@type\":\"EntryPoint\",\"urlTemplate\":\"https:\/\/last-chance.dk\/?s={search_term_string}\"},\"query-input\":{\"@type\":\"PropertyValueSpecification\",\"valueRequired\":true,\"valueName\":\"search_term_string\"}}],\"inLanguage\":\"da-DK\"},{\"@type\":\"Organization\",\"@id\":\"https:\/\/last-chance.dk\/#organization\",\"name\":\"LASTCHANCE Deals | Danmark\",\"url\":\"https:\/\/last-chance.dk\/\",\"logo\":{\"@type\":\"ImageObject\",\"inLanguage\":\"da-DK\",\"@id\":\"https:\/\/last-chance.dk\/#\/schema\/logo\/image\/\",\"url\":\"https:\/\/last-chance.dk\/wp-content\/uploads\/2023\/10\/lastchancedeals_logo_dk_white.png\",\"contentUrl\":\"https:\/\/last-chance.dk\/wp-content\/uploads\/2023\/10\/lastchancedeals_logo_dk_white.png\",\"width\":470,\"height\":110,\"caption\":\"LASTCHANCE Deals | Danmark\"},\"image\":{\"@id\":\"https:\/\/last-chance.dk\/#\/schema\/logo\/image\/\"}}]}<\/script>\n<!-- \/ Yoast SEO plugin. -->","yoast_head_json":{"title":"K\u00e6ledyrs taske Yoshi brun kunstigt l\u00e6der - LASTCHANCE Deals | Danmark","robots":{"index":"index","follow":"follow","max-snippet":"max-snippet:-1","max-image-preview":"max-image-preview:large","max-video-preview":"max-video-preview:-1"},"canonical":"https:\/\/last-chance.dk\/?product=kaeledyrs-taske-yoshi-brun-kunstigt-laeder","og_locale":"da_DK","og_type":"article","og_title":"K\u00e6ledyrs taske Yoshi brun kunstigt l\u00e6der - LASTCHANCE Deals | Danmark","og_description":"Er du p\u00e5 udkig efter en stilfuld og praktisk taske til dit k\u00e6ledyr? S\u00e5 er k\u00e6ledyrs tasken Yoshi det perfekte valg for dig! Denne taske er lavet af kunstigt l\u00e6der i en flot brun farve, der passer til enhver lejlighed. Tasken har et rummeligt hovedrum med en bl\u00f8d pude, hvor dit k\u00e6ledyr kan slappe af [&hellip;]","og_url":"https:\/\/last-chance.dk\/?product=kaeledyrs-taske-yoshi-brun-kunstigt-laeder","og_site_name":"LASTCHANCE Deals | Danmark","article_modified_time":"2025-03-24T12:37:54+00:00","og_image":[{"width":712,"height":518,"url":"https:\/\/last-chance.dk\/wp-content\/uploads\/2023\/11\/20180326182224.jpg","type":"image\/jpeg"}],"twitter_card":"summary_large_image","twitter_misc":{"Estimeret l\u00e6setid":"1 minut"},"schema":{"@context":"https:\/\/schema.org","@graph":[{"@type":"WebPage","@id":"https:\/\/last-chance.dk\/?product=kaeledyrs-taske-yoshi-brun-kunstigt-laeder","url":"https:\/\/last-chance.dk\/?product=kaeledyrs-taske-yoshi-brun-kunstigt-laeder","name":"K\u00e6ledyrs taske Yoshi brun kunstigt l\u00e6der - LASTCHANCE Deals | Danmark","isPartOf":{"@id":"https:\/\/last-chance.dk\/#website"},"primaryImageOfPage":{"@id":"https:\/\/last-chance.dk\/?product=kaeledyrs-taske-yoshi-brun-kunstigt-laeder#primaryimage"},"image":{"@id":"https:\/\/last-chance.dk\/?product=kaeledyrs-taske-yoshi-brun-kunstigt-laeder#primaryimage"},"thumbnailUrl":"https:\/\/last-chance.dk\/wp-content\/uploads\/2023\/11\/20180326182224.jpg","datePublished":"2023-11-06T14:40:50+00:00","dateModified":"2025-03-24T12:37:54+00:00","breadcrumb":{"@id":"https:\/\/last-chance.dk\/?product=kaeledyrs-taske-yoshi-brun-kunstigt-laeder#breadcrumb"},"inLanguage":"da-DK","potentialAction":[{"@type":"ReadAction","target":["https:\/\/last-chance.dk\/?product=kaeledyrs-taske-yoshi-brun-kunstigt-laeder"]}]},{"@type":"ImageObject","inLanguage":"da-DK","@id":"https:\/\/last-chance.dk\/?product=kaeledyrs-taske-yoshi-brun-kunstigt-laeder#primaryimage","url":"https:\/\/last-chance.dk\/wp-content\/uploads\/2023\/11\/20180326182224.jpg","contentUrl":"https:\/\/last-chance.dk\/wp-content\/uploads\/2023\/11\/20180326182224.jpg","width":712,"height":518},{"@type":"BreadcrumbList","@id":"https:\/\/last-chance.dk\/?product=kaeledyrs-taske-yoshi-brun-kunstigt-laeder#breadcrumb","itemListElement":[{"@type":"ListItem","position":1,"name":"Home","item":"https:\/\/last-chance.dk\/"},{"@type":"ListItem","position":2,"name":"K\u00e6ledyrs taske Yoshi brun kunstigt l\u00e6der"}]},{"@type":"WebSite","@id":"https:\/\/last-chance.dk\/#website","url":"https:\/\/last-chance.dk\/","name":"LASTCHANCE Deals | Danmark","description":"LASTCHANCE Deals | Danmark","publisher":{"@id":"https:\/\/last-chance.dk\/#organization"},"potentialAction":[{"@type":"SearchAction","target":{"@type":"EntryPoint","urlTemplate":"https:\/\/last-chance.dk\/?s={search_term_string}"},"query-input":{"@type":"PropertyValueSpecification","valueRequired":true,"valueName":"search_term_string"}}],"inLanguage":"da-DK"},{"@type":"Organization","@id":"https:\/\/last-chance.dk\/#organization","name":"LASTCHANCE Deals | Danmark","url":"https:\/\/last-chance.dk\/","logo":{"@type":"ImageObject","inLanguage":"da-DK","@id":"https:\/\/last-chance.dk\/#\/schema\/logo\/image\/","url":"https:\/\/last-chance.dk\/wp-content\/uploads\/2023\/10\/lastchancedeals_logo_dk_white.png","contentUrl":"https:\/\/last-chance.dk\/wp-content\/uploads\/2023\/10\/lastchancedeals_logo_dk_white.png","width":470,"height":110,"caption":"LASTCHANCE Deals | Danmark"},"image":{"@id":"https:\/\/last-chance.dk\/#\/schema\/logo\/image\/"}}]}},"_links":{"self":[{"href":"https:\/\/last-chance.dk\/index.php?rest_route=\/wp\/v2\/product\/8680","targetHints":{"allow":["GET"]}}],"collection":[{"href":"https:\/\/last-chance.dk\/index.php?rest_route=\/wp\/v2\/product"}],"about":[{"href":"https:\/\/last-chance.dk\/index.php?rest_route=\/wp\/v2\/types\/product"}],"replies":[{"embeddable":true,"href":"https:\/\/last-chance.dk\/index.php?rest_route=%2Fwp%2Fv2%2Fcomments&post=8680"}],"wp:featuredmedia":[{"embeddable":true,"href":"https:\/\/last-chance.dk\/index.php?rest_route=\/wp\/v2\/media\/8676"}],"wp:attachment":[{"href":"https:\/\/last-chance.dk\/index.php?rest_route=%2Fwp%2Fv2%2Fmedia&parent=8680"}],"wp:term":[{"taxonomy":"product_brand","embeddable":true,"href":"https:\/\/last-chance.dk\/index.php?rest_route=%2Fwp%2Fv2%2Fproduct_brand&post=8680"},{"taxonomy":"product_cat","embeddable":true,"href":"https:\/\/last-chance.dk\/index.php?rest_route=%2Fwp%2Fv2%2Fproduct_cat&post=8680"},{"taxonomy":"product_tag","embeddable":true,"href":"https:\/\/last-chance.dk\/index.php?rest_route=%2Fwp%2Fv2%2Fproduct_tag&post=8680"}],"curies":[{"name":"wp","href":"https:\/\/api.w.org\/{rel}","templated":true}]}}