{"id":8703,"date":"2023-11-06T14:42:05","date_gmt":"2023-11-06T14:42:05","guid":{"rendered":"https:\/\/www.lastchance.deals\/dk\/tuote\/indbygningslagen-saet-4-delt-julia-200x230cm\/"},"modified":"2025-09-19T17:57:34","modified_gmt":"2025-09-19T17:57:34","slug":"indbygningslagen-saet-4-delt-julia-200x230cm","status":"publish","type":"product","link":"https:\/\/last-chance.dk\/?product=indbygningslagen-saet-4-delt-julia-200x230cm","title":{"rendered":"Indbygningslagen s\u00e6t 4-delt Julia 200x230cm"},"content":{"rendered":"<p>Dr\u00f8m s\u00f8dt med dette indbygningslagen s\u00e6t fra ForrestDecor. S\u00e6ttet best\u00e5r af fire dele: et lagen, et dynebetr\u00e6k og to pudebetr\u00e6k i klassisk stil. Alle dele er lavet af bl\u00f8d og behagelig bomuld, der er \u00e5ndbar og slidst\u00e6rk. Lagenet m\u00e5ler 240x270cm og passer til en dobbeltseng. Dynebetr\u00e6kket m\u00e5ler 200x230cm og har en praktisk lynl\u00e5s. Pudebetr\u00e6kkene m\u00e5ler 48x74cm og har en fin kant. S\u00e6ttet har et elegant design med et diskret m\u00f8nster i lyse farver, der passer til enhver indretning. S\u00e6ttet kan vaskes ved 40 grader og t\u00f8rretumbles ved lav varme. ForrestDecor tilbyder seks m\u00e5neders garanti p\u00e5 dette produkt.<\/p>\n<p><\/p>\n<p>Leveringstid: Leveringstid 1 uge<br \/>\nStil: klassisk<br \/>\nMateriale: bomuld<br \/>\n1x lagen: 240x270cm<br \/>\n1x dynebetr\u00e6k: 200x230cm<br \/>\n2x pudebetr\u00e6k: 48x74cm<br \/>\nFabrikant: ForrestDecor<br \/>\nGaranti: 6 m\u00e5neder<\/p>\n","protected":false},"excerpt":{"rendered":"<p>Dr\u00f8m s\u00f8dt med dette indbygningslagen s\u00e6t fra ForrestDecor. S\u00e6ttet best\u00e5r af fire dele: et lagen, et dynebetr\u00e6k og to pudebetr\u00e6k i klassisk stil. Alle dele er lavet af bl\u00f8d og behagelig bomuld, der er \u00e5ndbar og slidst\u00e6rk. Lagenet m\u00e5ler 240x270cm og passer til en dobbeltseng. Dynebetr\u00e6kket m\u00e5ler 200x230cm og har en praktisk lynl\u00e5s. Pudebetr\u00e6kkene m\u00e5ler [&hellip;]<\/p>\n","protected":false},"featured_media":8701,"comment_status":"open","ping_status":"closed","template":"","meta":[],"product_brand":[],"product_cat":[139],"product_tag":[],"class_list":{"0":"post-8703","1":"product","2":"type-product","3":"status-publish","4":"has-post-thumbnail","6":"product_cat-bedding","8":"first","9":"instock","10":"shipping-taxable","11":"purchasable","12":"product-type-simple"},"yoast_head":"<!-- This site is optimized with the Yoast SEO plugin v24.8.1 - https:\/\/yoast.com\/wordpress\/plugins\/seo\/ -->\n<title>Indbygningslagen s\u00e6t 4-delt Julia 200x230cm - LASTCHANCE Deals | Danmark<\/title>\n<meta name=\"robots\" content=\"index, follow, max-snippet:-1, max-image-preview:large, max-video-preview:-1\" \/>\n<link rel=\"canonical\" href=\"https:\/\/last-chance.dk\/?product=indbygningslagen-saet-4-delt-julia-200x230cm\" \/>\n<meta property=\"og:locale\" content=\"da_DK\" \/>\n<meta property=\"og:type\" content=\"article\" \/>\n<meta property=\"og:title\" content=\"Indbygningslagen s\u00e6t 4-delt Julia 200x230cm - LASTCHANCE Deals | Danmark\" \/>\n<meta property=\"og:description\" content=\"Dr\u00f8m s\u00f8dt med dette indbygningslagen s\u00e6t fra ForrestDecor. S\u00e6ttet best\u00e5r af fire dele: et lagen, et dynebetr\u00e6k og to pudebetr\u00e6k i klassisk stil. Alle dele er lavet af bl\u00f8d og behagelig bomuld, der er \u00e5ndbar og slidst\u00e6rk. Lagenet m\u00e5ler 240x270cm og passer til en dobbeltseng. Dynebetr\u00e6kket m\u00e5ler 200x230cm og har en praktisk lynl\u00e5s. Pudebetr\u00e6kkene m\u00e5ler [&hellip;]\" \/>\n<meta property=\"og:url\" content=\"https:\/\/last-chance.dk\/?product=indbygningslagen-saet-4-delt-julia-200x230cm\" \/>\n<meta property=\"og:site_name\" content=\"LASTCHANCE Deals | Danmark\" \/>\n<meta property=\"article:modified_time\" content=\"2025-09-19T17:57:34+00:00\" \/>\n<meta property=\"og:image\" content=\"https:\/\/last-chance.dk\/wp-content\/uploads\/2023\/11\/20170825224345_3_1.jpg\" \/>\n\t<meta property=\"og:image:width\" content=\"743\" \/>\n\t<meta property=\"og:image:height\" content=\"515\" \/>\n\t<meta property=\"og:image:type\" content=\"image\/jpeg\" \/>\n<meta name=\"twitter:card\" content=\"summary_large_image\" \/>\n<meta name=\"twitter:label1\" content=\"Estimeret l\u00e6setid\" \/>\n\t<meta name=\"twitter:data1\" content=\"1 minut\" \/>\n<script type=\"application\/ld+json\" class=\"yoast-schema-graph\">{\"@context\":\"https:\/\/schema.org\",\"@graph\":[{\"@type\":\"WebPage\",\"@id\":\"https:\/\/last-chance.dk\/?product=indbygningslagen-saet-4-delt-julia-200x230cm\",\"url\":\"https:\/\/last-chance.dk\/?product=indbygningslagen-saet-4-delt-julia-200x230cm\",\"name\":\"Indbygningslagen s\u00e6t 4-delt Julia 200x230cm - LASTCHANCE Deals | Danmark\",\"isPartOf\":{\"@id\":\"https:\/\/last-chance.dk\/#website\"},\"primaryImageOfPage\":{\"@id\":\"https:\/\/last-chance.dk\/?product=indbygningslagen-saet-4-delt-julia-200x230cm#primaryimage\"},\"image\":{\"@id\":\"https:\/\/last-chance.dk\/?product=indbygningslagen-saet-4-delt-julia-200x230cm#primaryimage\"},\"thumbnailUrl\":\"https:\/\/last-chance.dk\/wp-content\/uploads\/2023\/11\/20170825224345_3_1.jpg\",\"datePublished\":\"2023-11-06T14:42:05+00:00\",\"dateModified\":\"2025-09-19T17:57:34+00:00\",\"breadcrumb\":{\"@id\":\"https:\/\/last-chance.dk\/?product=indbygningslagen-saet-4-delt-julia-200x230cm#breadcrumb\"},\"inLanguage\":\"da-DK\",\"potentialAction\":[{\"@type\":\"ReadAction\",\"target\":[\"https:\/\/last-chance.dk\/?product=indbygningslagen-saet-4-delt-julia-200x230cm\"]}]},{\"@type\":\"ImageObject\",\"inLanguage\":\"da-DK\",\"@id\":\"https:\/\/last-chance.dk\/?product=indbygningslagen-saet-4-delt-julia-200x230cm#primaryimage\",\"url\":\"https:\/\/last-chance.dk\/wp-content\/uploads\/2023\/11\/20170825224345_3_1.jpg\",\"contentUrl\":\"https:\/\/last-chance.dk\/wp-content\/uploads\/2023\/11\/20170825224345_3_1.jpg\",\"width\":743,\"height\":515},{\"@type\":\"BreadcrumbList\",\"@id\":\"https:\/\/last-chance.dk\/?product=indbygningslagen-saet-4-delt-julia-200x230cm#breadcrumb\",\"itemListElement\":[{\"@type\":\"ListItem\",\"position\":1,\"name\":\"Home\",\"item\":\"https:\/\/last-chance.dk\/\"},{\"@type\":\"ListItem\",\"position\":2,\"name\":\"Indbygningslagen s\u00e6t 4-delt Julia 200x230cm\"}]},{\"@type\":\"WebSite\",\"@id\":\"https:\/\/last-chance.dk\/#website\",\"url\":\"https:\/\/last-chance.dk\/\",\"name\":\"LASTCHANCE Deals | Danmark\",\"description\":\"LASTCHANCE Deals | Danmark\",\"publisher\":{\"@id\":\"https:\/\/last-chance.dk\/#organization\"},\"potentialAction\":[{\"@type\":\"SearchAction\",\"target\":{\"@type\":\"EntryPoint\",\"urlTemplate\":\"https:\/\/last-chance.dk\/?s={search_term_string}\"},\"query-input\":{\"@type\":\"PropertyValueSpecification\",\"valueRequired\":true,\"valueName\":\"search_term_string\"}}],\"inLanguage\":\"da-DK\"},{\"@type\":\"Organization\",\"@id\":\"https:\/\/last-chance.dk\/#organization\",\"name\":\"LASTCHANCE Deals | Danmark\",\"url\":\"https:\/\/last-chance.dk\/\",\"logo\":{\"@type\":\"ImageObject\",\"inLanguage\":\"da-DK\",\"@id\":\"https:\/\/last-chance.dk\/#\/schema\/logo\/image\/\",\"url\":\"https:\/\/last-chance.dk\/wp-content\/uploads\/2023\/10\/lastchancedeals_logo_dk_white.png\",\"contentUrl\":\"https:\/\/last-chance.dk\/wp-content\/uploads\/2023\/10\/lastchancedeals_logo_dk_white.png\",\"width\":470,\"height\":110,\"caption\":\"LASTCHANCE Deals | Danmark\"},\"image\":{\"@id\":\"https:\/\/last-chance.dk\/#\/schema\/logo\/image\/\"}}]}<\/script>\n<!-- \/ Yoast SEO plugin. -->","yoast_head_json":{"title":"Indbygningslagen s\u00e6t 4-delt Julia 200x230cm - LASTCHANCE Deals | Danmark","robots":{"index":"index","follow":"follow","max-snippet":"max-snippet:-1","max-image-preview":"max-image-preview:large","max-video-preview":"max-video-preview:-1"},"canonical":"https:\/\/last-chance.dk\/?product=indbygningslagen-saet-4-delt-julia-200x230cm","og_locale":"da_DK","og_type":"article","og_title":"Indbygningslagen s\u00e6t 4-delt Julia 200x230cm - LASTCHANCE Deals | Danmark","og_description":"Dr\u00f8m s\u00f8dt med dette indbygningslagen s\u00e6t fra ForrestDecor. S\u00e6ttet best\u00e5r af fire dele: et lagen, et dynebetr\u00e6k og to pudebetr\u00e6k i klassisk stil. Alle dele er lavet af bl\u00f8d og behagelig bomuld, der er \u00e5ndbar og slidst\u00e6rk. Lagenet m\u00e5ler 240x270cm og passer til en dobbeltseng. Dynebetr\u00e6kket m\u00e5ler 200x230cm og har en praktisk lynl\u00e5s. Pudebetr\u00e6kkene m\u00e5ler [&hellip;]","og_url":"https:\/\/last-chance.dk\/?product=indbygningslagen-saet-4-delt-julia-200x230cm","og_site_name":"LASTCHANCE Deals | Danmark","article_modified_time":"2025-09-19T17:57:34+00:00","og_image":[{"width":743,"height":515,"url":"https:\/\/last-chance.dk\/wp-content\/uploads\/2023\/11\/20170825224345_3_1.jpg","type":"image\/jpeg"}],"twitter_card":"summary_large_image","twitter_misc":{"Estimeret l\u00e6setid":"1 minut"},"schema":{"@context":"https:\/\/schema.org","@graph":[{"@type":"WebPage","@id":"https:\/\/last-chance.dk\/?product=indbygningslagen-saet-4-delt-julia-200x230cm","url":"https:\/\/last-chance.dk\/?product=indbygningslagen-saet-4-delt-julia-200x230cm","name":"Indbygningslagen s\u00e6t 4-delt Julia 200x230cm - LASTCHANCE Deals | Danmark","isPartOf":{"@id":"https:\/\/last-chance.dk\/#website"},"primaryImageOfPage":{"@id":"https:\/\/last-chance.dk\/?product=indbygningslagen-saet-4-delt-julia-200x230cm#primaryimage"},"image":{"@id":"https:\/\/last-chance.dk\/?product=indbygningslagen-saet-4-delt-julia-200x230cm#primaryimage"},"thumbnailUrl":"https:\/\/last-chance.dk\/wp-content\/uploads\/2023\/11\/20170825224345_3_1.jpg","datePublished":"2023-11-06T14:42:05+00:00","dateModified":"2025-09-19T17:57:34+00:00","breadcrumb":{"@id":"https:\/\/last-chance.dk\/?product=indbygningslagen-saet-4-delt-julia-200x230cm#breadcrumb"},"inLanguage":"da-DK","potentialAction":[{"@type":"ReadAction","target":["https:\/\/last-chance.dk\/?product=indbygningslagen-saet-4-delt-julia-200x230cm"]}]},{"@type":"ImageObject","inLanguage":"da-DK","@id":"https:\/\/last-chance.dk\/?product=indbygningslagen-saet-4-delt-julia-200x230cm#primaryimage","url":"https:\/\/last-chance.dk\/wp-content\/uploads\/2023\/11\/20170825224345_3_1.jpg","contentUrl":"https:\/\/last-chance.dk\/wp-content\/uploads\/2023\/11\/20170825224345_3_1.jpg","width":743,"height":515},{"@type":"BreadcrumbList","@id":"https:\/\/last-chance.dk\/?product=indbygningslagen-saet-4-delt-julia-200x230cm#breadcrumb","itemListElement":[{"@type":"ListItem","position":1,"name":"Home","item":"https:\/\/last-chance.dk\/"},{"@type":"ListItem","position":2,"name":"Indbygningslagen s\u00e6t 4-delt Julia 200x230cm"}]},{"@type":"WebSite","@id":"https:\/\/last-chance.dk\/#website","url":"https:\/\/last-chance.dk\/","name":"LASTCHANCE Deals | Danmark","description":"LASTCHANCE Deals | Danmark","publisher":{"@id":"https:\/\/last-chance.dk\/#organization"},"potentialAction":[{"@type":"SearchAction","target":{"@type":"EntryPoint","urlTemplate":"https:\/\/last-chance.dk\/?s={search_term_string}"},"query-input":{"@type":"PropertyValueSpecification","valueRequired":true,"valueName":"search_term_string"}}],"inLanguage":"da-DK"},{"@type":"Organization","@id":"https:\/\/last-chance.dk\/#organization","name":"LASTCHANCE Deals | Danmark","url":"https:\/\/last-chance.dk\/","logo":{"@type":"ImageObject","inLanguage":"da-DK","@id":"https:\/\/last-chance.dk\/#\/schema\/logo\/image\/","url":"https:\/\/last-chance.dk\/wp-content\/uploads\/2023\/10\/lastchancedeals_logo_dk_white.png","contentUrl":"https:\/\/last-chance.dk\/wp-content\/uploads\/2023\/10\/lastchancedeals_logo_dk_white.png","width":470,"height":110,"caption":"LASTCHANCE Deals | Danmark"},"image":{"@id":"https:\/\/last-chance.dk\/#\/schema\/logo\/image\/"}}]}},"_links":{"self":[{"href":"https:\/\/last-chance.dk\/index.php?rest_route=\/wp\/v2\/product\/8703","targetHints":{"allow":["GET"]}}],"collection":[{"href":"https:\/\/last-chance.dk\/index.php?rest_route=\/wp\/v2\/product"}],"about":[{"href":"https:\/\/last-chance.dk\/index.php?rest_route=\/wp\/v2\/types\/product"}],"replies":[{"embeddable":true,"href":"https:\/\/last-chance.dk\/index.php?rest_route=%2Fwp%2Fv2%2Fcomments&post=8703"}],"wp:featuredmedia":[{"embeddable":true,"href":"https:\/\/last-chance.dk\/index.php?rest_route=\/wp\/v2\/media\/8701"}],"wp:attachment":[{"href":"https:\/\/last-chance.dk\/index.php?rest_route=%2Fwp%2Fv2%2Fmedia&parent=8703"}],"wp:term":[{"taxonomy":"product_brand","embeddable":true,"href":"https:\/\/last-chance.dk\/index.php?rest_route=%2Fwp%2Fv2%2Fproduct_brand&post=8703"},{"taxonomy":"product_cat","embeddable":true,"href":"https:\/\/last-chance.dk\/index.php?rest_route=%2Fwp%2Fv2%2Fproduct_cat&post=8703"},{"taxonomy":"product_tag","embeddable":true,"href":"https:\/\/last-chance.dk\/index.php?rest_route=%2Fwp%2Fv2%2Fproduct_tag&post=8703"}],"curies":[{"name":"wp","href":"https:\/\/api.w.org\/{rel}","templated":true}]}}