{"id":8713,"date":"2023-11-06T14:43:01","date_gmt":"2023-11-06T14:43:01","guid":{"rendered":"https:\/\/www.lastchance.deals\/dk\/tuote\/indbygningslagen-saet-4-delt-elvira-200x230cm-blaa\/"},"modified":"2025-09-19T17:56:43","modified_gmt":"2025-09-19T17:56:43","slug":"indbygningslagen-saet-4-delt-elvira-200x230cm-blaa","status":"publish","type":"product","link":"https:\/\/last-chance.dk\/?product=indbygningslagen-saet-4-delt-elvira-200x230cm-blaa","title":{"rendered":"Indbygningslagen s\u00e6t 4-delt Elvira 200x230cm  bl\u00e5"},"content":{"rendered":"<p>Dr\u00f8m s\u00f8dt med dette indbygningslagen s\u00e6t fra ForrestDecor. Det best\u00e5r af fire dele: et lagen, et dynebetr\u00e6k og to pudebetr\u00e6k, alle i en smuk bl\u00e5 farve, der passer til enhver sovev\u00e6relse. S\u00e6ttet er lavet af bomuld, et naturligt og \u00e5ndbart materiale, der giver dig komfort og hygge hele natten. Lagenet m\u00e5ler 225x250cm, dynebetr\u00e6kket 200x230cm og pudebetr\u00e6kkene 48x74cm. S\u00e6ttet har en klassisk stil, der er enkel og elegant. Det er nemt at vaske og vedligeholde, og det har en garanti p\u00e5 seks m\u00e5neder. Fork\u00e6l dig selv med dette indbygningslagen s\u00e6t fra ForrestDecor og oplev forskellen.<\/p>\n<p><\/p>\n<p>Leveringstid: Leveringstid 1 uge<br \/>\nStil: klassisk<br \/>\nMateriale: bomuld<br \/>\nFarve: bl\u00e5<br \/>\n1x lagen: 225x250cm<br \/>\n1x dynebetr\u00e6k: 200x230cm<br \/>\n2x pudebetr\u00e6k: 48x74cm<br \/>\nFabrikant: ForrestDecor<br \/>\nGaranti: 6 m\u00e5neder<\/p>\n","protected":false},"excerpt":{"rendered":"<p>Dr\u00f8m s\u00f8dt med dette indbygningslagen s\u00e6t fra ForrestDecor. Det best\u00e5r af fire dele: et lagen, et dynebetr\u00e6k og to pudebetr\u00e6k, alle i en smuk bl\u00e5 farve, der passer til enhver sovev\u00e6relse. S\u00e6ttet er lavet af bomuld, et naturligt og \u00e5ndbart materiale, der giver dig komfort og hygge hele natten. Lagenet m\u00e5ler 225x250cm, dynebetr\u00e6kket 200x230cm og [&hellip;]<\/p>\n","protected":false},"featured_media":8711,"comment_status":"open","ping_status":"closed","template":"","meta":[],"product_brand":[],"product_cat":[140],"product_tag":[],"class_list":{"0":"post-8713","1":"product","2":"type-product","3":"status-publish","4":"has-post-thumbnail","6":"product_cat-sangklader","8":"first","9":"instock","10":"shipping-taxable","11":"purchasable","12":"product-type-simple"},"yoast_head":"<!-- This site is optimized with the Yoast SEO plugin v24.8.1 - https:\/\/yoast.com\/wordpress\/plugins\/seo\/ -->\n<title>Indbygningslagen s\u00e6t 4-delt Elvira 200x230cm bl\u00e5 - LASTCHANCE Deals | Danmark<\/title>\n<meta name=\"robots\" content=\"index, follow, max-snippet:-1, max-image-preview:large, max-video-preview:-1\" \/>\n<link rel=\"canonical\" href=\"https:\/\/last-chance.dk\/?product=indbygningslagen-saet-4-delt-elvira-200x230cm-blaa\" \/>\n<meta property=\"og:locale\" content=\"da_DK\" \/>\n<meta property=\"og:type\" content=\"article\" \/>\n<meta property=\"og:title\" content=\"Indbygningslagen s\u00e6t 4-delt Elvira 200x230cm bl\u00e5 - LASTCHANCE Deals | Danmark\" \/>\n<meta property=\"og:description\" content=\"Dr\u00f8m s\u00f8dt med dette indbygningslagen s\u00e6t fra ForrestDecor. Det best\u00e5r af fire dele: et lagen, et dynebetr\u00e6k og to pudebetr\u00e6k, alle i en smuk bl\u00e5 farve, der passer til enhver sovev\u00e6relse. S\u00e6ttet er lavet af bomuld, et naturligt og \u00e5ndbart materiale, der giver dig komfort og hygge hele natten. Lagenet m\u00e5ler 225x250cm, dynebetr\u00e6kket 200x230cm og [&hellip;]\" \/>\n<meta property=\"og:url\" content=\"https:\/\/last-chance.dk\/?product=indbygningslagen-saet-4-delt-elvira-200x230cm-blaa\" \/>\n<meta property=\"og:site_name\" content=\"LASTCHANCE Deals | Danmark\" \/>\n<meta property=\"article:modified_time\" content=\"2025-09-19T17:56:43+00:00\" \/>\n<meta property=\"og:image\" content=\"https:\/\/last-chance.dk\/wp-content\/uploads\/2023\/11\/20170826150758_2.png\" \/>\n\t<meta property=\"og:image:width\" content=\"749\" \/>\n\t<meta property=\"og:image:height\" content=\"610\" \/>\n\t<meta property=\"og:image:type\" content=\"image\/png\" \/>\n<meta name=\"twitter:card\" content=\"summary_large_image\" \/>\n<meta name=\"twitter:label1\" content=\"Estimeret l\u00e6setid\" \/>\n\t<meta name=\"twitter:data1\" content=\"1 minut\" \/>\n<script type=\"application\/ld+json\" class=\"yoast-schema-graph\">{\"@context\":\"https:\/\/schema.org\",\"@graph\":[{\"@type\":\"WebPage\",\"@id\":\"https:\/\/last-chance.dk\/?product=indbygningslagen-saet-4-delt-elvira-200x230cm-blaa\",\"url\":\"https:\/\/last-chance.dk\/?product=indbygningslagen-saet-4-delt-elvira-200x230cm-blaa\",\"name\":\"Indbygningslagen s\u00e6t 4-delt Elvira 200x230cm bl\u00e5 - LASTCHANCE Deals | Danmark\",\"isPartOf\":{\"@id\":\"https:\/\/last-chance.dk\/#website\"},\"primaryImageOfPage\":{\"@id\":\"https:\/\/last-chance.dk\/?product=indbygningslagen-saet-4-delt-elvira-200x230cm-blaa#primaryimage\"},\"image\":{\"@id\":\"https:\/\/last-chance.dk\/?product=indbygningslagen-saet-4-delt-elvira-200x230cm-blaa#primaryimage\"},\"thumbnailUrl\":\"https:\/\/last-chance.dk\/wp-content\/uploads\/2023\/11\/20170826150758_2.png\",\"datePublished\":\"2023-11-06T14:43:01+00:00\",\"dateModified\":\"2025-09-19T17:56:43+00:00\",\"breadcrumb\":{\"@id\":\"https:\/\/last-chance.dk\/?product=indbygningslagen-saet-4-delt-elvira-200x230cm-blaa#breadcrumb\"},\"inLanguage\":\"da-DK\",\"potentialAction\":[{\"@type\":\"ReadAction\",\"target\":[\"https:\/\/last-chance.dk\/?product=indbygningslagen-saet-4-delt-elvira-200x230cm-blaa\"]}]},{\"@type\":\"ImageObject\",\"inLanguage\":\"da-DK\",\"@id\":\"https:\/\/last-chance.dk\/?product=indbygningslagen-saet-4-delt-elvira-200x230cm-blaa#primaryimage\",\"url\":\"https:\/\/last-chance.dk\/wp-content\/uploads\/2023\/11\/20170826150758_2.png\",\"contentUrl\":\"https:\/\/last-chance.dk\/wp-content\/uploads\/2023\/11\/20170826150758_2.png\",\"width\":749,\"height\":610},{\"@type\":\"BreadcrumbList\",\"@id\":\"https:\/\/last-chance.dk\/?product=indbygningslagen-saet-4-delt-elvira-200x230cm-blaa#breadcrumb\",\"itemListElement\":[{\"@type\":\"ListItem\",\"position\":1,\"name\":\"Home\",\"item\":\"https:\/\/last-chance.dk\/\"},{\"@type\":\"ListItem\",\"position\":2,\"name\":\"Indbygningslagen s\u00e6t 4-delt Elvira 200x230cm bl\u00e5\"}]},{\"@type\":\"WebSite\",\"@id\":\"https:\/\/last-chance.dk\/#website\",\"url\":\"https:\/\/last-chance.dk\/\",\"name\":\"LASTCHANCE Deals | Danmark\",\"description\":\"LASTCHANCE Deals | Danmark\",\"publisher\":{\"@id\":\"https:\/\/last-chance.dk\/#organization\"},\"potentialAction\":[{\"@type\":\"SearchAction\",\"target\":{\"@type\":\"EntryPoint\",\"urlTemplate\":\"https:\/\/last-chance.dk\/?s={search_term_string}\"},\"query-input\":{\"@type\":\"PropertyValueSpecification\",\"valueRequired\":true,\"valueName\":\"search_term_string\"}}],\"inLanguage\":\"da-DK\"},{\"@type\":\"Organization\",\"@id\":\"https:\/\/last-chance.dk\/#organization\",\"name\":\"LASTCHANCE Deals | Danmark\",\"url\":\"https:\/\/last-chance.dk\/\",\"logo\":{\"@type\":\"ImageObject\",\"inLanguage\":\"da-DK\",\"@id\":\"https:\/\/last-chance.dk\/#\/schema\/logo\/image\/\",\"url\":\"https:\/\/last-chance.dk\/wp-content\/uploads\/2023\/10\/lastchancedeals_logo_dk_white.png\",\"contentUrl\":\"https:\/\/last-chance.dk\/wp-content\/uploads\/2023\/10\/lastchancedeals_logo_dk_white.png\",\"width\":470,\"height\":110,\"caption\":\"LASTCHANCE Deals | Danmark\"},\"image\":{\"@id\":\"https:\/\/last-chance.dk\/#\/schema\/logo\/image\/\"}}]}<\/script>\n<!-- \/ Yoast SEO plugin. -->","yoast_head_json":{"title":"Indbygningslagen s\u00e6t 4-delt Elvira 200x230cm bl\u00e5 - LASTCHANCE Deals | Danmark","robots":{"index":"index","follow":"follow","max-snippet":"max-snippet:-1","max-image-preview":"max-image-preview:large","max-video-preview":"max-video-preview:-1"},"canonical":"https:\/\/last-chance.dk\/?product=indbygningslagen-saet-4-delt-elvira-200x230cm-blaa","og_locale":"da_DK","og_type":"article","og_title":"Indbygningslagen s\u00e6t 4-delt Elvira 200x230cm bl\u00e5 - LASTCHANCE Deals | Danmark","og_description":"Dr\u00f8m s\u00f8dt med dette indbygningslagen s\u00e6t fra ForrestDecor. Det best\u00e5r af fire dele: et lagen, et dynebetr\u00e6k og to pudebetr\u00e6k, alle i en smuk bl\u00e5 farve, der passer til enhver sovev\u00e6relse. S\u00e6ttet er lavet af bomuld, et naturligt og \u00e5ndbart materiale, der giver dig komfort og hygge hele natten. Lagenet m\u00e5ler 225x250cm, dynebetr\u00e6kket 200x230cm og [&hellip;]","og_url":"https:\/\/last-chance.dk\/?product=indbygningslagen-saet-4-delt-elvira-200x230cm-blaa","og_site_name":"LASTCHANCE Deals | Danmark","article_modified_time":"2025-09-19T17:56:43+00:00","og_image":[{"width":749,"height":610,"url":"https:\/\/last-chance.dk\/wp-content\/uploads\/2023\/11\/20170826150758_2.png","type":"image\/png"}],"twitter_card":"summary_large_image","twitter_misc":{"Estimeret l\u00e6setid":"1 minut"},"schema":{"@context":"https:\/\/schema.org","@graph":[{"@type":"WebPage","@id":"https:\/\/last-chance.dk\/?product=indbygningslagen-saet-4-delt-elvira-200x230cm-blaa","url":"https:\/\/last-chance.dk\/?product=indbygningslagen-saet-4-delt-elvira-200x230cm-blaa","name":"Indbygningslagen s\u00e6t 4-delt Elvira 200x230cm bl\u00e5 - LASTCHANCE Deals | Danmark","isPartOf":{"@id":"https:\/\/last-chance.dk\/#website"},"primaryImageOfPage":{"@id":"https:\/\/last-chance.dk\/?product=indbygningslagen-saet-4-delt-elvira-200x230cm-blaa#primaryimage"},"image":{"@id":"https:\/\/last-chance.dk\/?product=indbygningslagen-saet-4-delt-elvira-200x230cm-blaa#primaryimage"},"thumbnailUrl":"https:\/\/last-chance.dk\/wp-content\/uploads\/2023\/11\/20170826150758_2.png","datePublished":"2023-11-06T14:43:01+00:00","dateModified":"2025-09-19T17:56:43+00:00","breadcrumb":{"@id":"https:\/\/last-chance.dk\/?product=indbygningslagen-saet-4-delt-elvira-200x230cm-blaa#breadcrumb"},"inLanguage":"da-DK","potentialAction":[{"@type":"ReadAction","target":["https:\/\/last-chance.dk\/?product=indbygningslagen-saet-4-delt-elvira-200x230cm-blaa"]}]},{"@type":"ImageObject","inLanguage":"da-DK","@id":"https:\/\/last-chance.dk\/?product=indbygningslagen-saet-4-delt-elvira-200x230cm-blaa#primaryimage","url":"https:\/\/last-chance.dk\/wp-content\/uploads\/2023\/11\/20170826150758_2.png","contentUrl":"https:\/\/last-chance.dk\/wp-content\/uploads\/2023\/11\/20170826150758_2.png","width":749,"height":610},{"@type":"BreadcrumbList","@id":"https:\/\/last-chance.dk\/?product=indbygningslagen-saet-4-delt-elvira-200x230cm-blaa#breadcrumb","itemListElement":[{"@type":"ListItem","position":1,"name":"Home","item":"https:\/\/last-chance.dk\/"},{"@type":"ListItem","position":2,"name":"Indbygningslagen s\u00e6t 4-delt Elvira 200x230cm bl\u00e5"}]},{"@type":"WebSite","@id":"https:\/\/last-chance.dk\/#website","url":"https:\/\/last-chance.dk\/","name":"LASTCHANCE Deals | Danmark","description":"LASTCHANCE Deals | Danmark","publisher":{"@id":"https:\/\/last-chance.dk\/#organization"},"potentialAction":[{"@type":"SearchAction","target":{"@type":"EntryPoint","urlTemplate":"https:\/\/last-chance.dk\/?s={search_term_string}"},"query-input":{"@type":"PropertyValueSpecification","valueRequired":true,"valueName":"search_term_string"}}],"inLanguage":"da-DK"},{"@type":"Organization","@id":"https:\/\/last-chance.dk\/#organization","name":"LASTCHANCE Deals | Danmark","url":"https:\/\/last-chance.dk\/","logo":{"@type":"ImageObject","inLanguage":"da-DK","@id":"https:\/\/last-chance.dk\/#\/schema\/logo\/image\/","url":"https:\/\/last-chance.dk\/wp-content\/uploads\/2023\/10\/lastchancedeals_logo_dk_white.png","contentUrl":"https:\/\/last-chance.dk\/wp-content\/uploads\/2023\/10\/lastchancedeals_logo_dk_white.png","width":470,"height":110,"caption":"LASTCHANCE Deals | Danmark"},"image":{"@id":"https:\/\/last-chance.dk\/#\/schema\/logo\/image\/"}}]}},"_links":{"self":[{"href":"https:\/\/last-chance.dk\/index.php?rest_route=\/wp\/v2\/product\/8713","targetHints":{"allow":["GET"]}}],"collection":[{"href":"https:\/\/last-chance.dk\/index.php?rest_route=\/wp\/v2\/product"}],"about":[{"href":"https:\/\/last-chance.dk\/index.php?rest_route=\/wp\/v2\/types\/product"}],"replies":[{"embeddable":true,"href":"https:\/\/last-chance.dk\/index.php?rest_route=%2Fwp%2Fv2%2Fcomments&post=8713"}],"wp:featuredmedia":[{"embeddable":true,"href":"https:\/\/last-chance.dk\/index.php?rest_route=\/wp\/v2\/media\/8711"}],"wp:attachment":[{"href":"https:\/\/last-chance.dk\/index.php?rest_route=%2Fwp%2Fv2%2Fmedia&parent=8713"}],"wp:term":[{"taxonomy":"product_brand","embeddable":true,"href":"https:\/\/last-chance.dk\/index.php?rest_route=%2Fwp%2Fv2%2Fproduct_brand&post=8713"},{"taxonomy":"product_cat","embeddable":true,"href":"https:\/\/last-chance.dk\/index.php?rest_route=%2Fwp%2Fv2%2Fproduct_cat&post=8713"},{"taxonomy":"product_tag","embeddable":true,"href":"https:\/\/last-chance.dk\/index.php?rest_route=%2Fwp%2Fv2%2Fproduct_tag&post=8713"}],"curies":[{"name":"wp","href":"https:\/\/api.w.org\/{rel}","templated":true}]}}