{"id":8722,"date":"2023-11-06T14:43:16","date_gmt":"2023-11-06T14:43:16","guid":{"rendered":"https:\/\/www.lastchance.deals\/dk\/tuote\/indbygningslagen-saet-4-delt-pretoria-200x230cm\/"},"modified":"2025-09-19T17:57:53","modified_gmt":"2025-09-19T17:57:53","slug":"indbygningslagen-saet-4-delt-pretoria-200x230cm","status":"publish","type":"product","link":"https:\/\/last-chance.dk\/?product=indbygningslagen-saet-4-delt-pretoria-200x230cm","title":{"rendered":"Indbygningslagen s\u00e6t 4-delt Pretoria 200x230cm"},"content":{"rendered":"<p>Skab en klassisk og elegant stemning i dit sovev\u00e6relse med dette indbygningslagen s\u00e6t fra ForrestDecor. S\u00e6ttet best\u00e5r af et lagen, et dynebetr\u00e6k og to pudebetr\u00e6k i en smuk polyester kvalitet. Polyester er et slidst\u00e6rkt og let materiale, der holder formen og farven i lang tid. Det er ogs\u00e5 nemt at vaske og t\u00f8rre.<\/p>\n<p><\/p>\n<p>Lagenet m\u00e5ler 200x230cm og passer til de fleste dobbeltsenge. Dynebetr\u00e6kket har en diskret lynl\u00e5s lukning, s\u00e5 du nemt kan skifte det ud. Pudebetr\u00e6kkene har en flot kant og m\u00e5ler 50x70cm hver. Farven er en varm beige, der passer til mange forskellige indretninger.<\/p>\n<p><\/p>\n<p>Du f\u00e5r hele s\u00e6ttet til en fantastisk pris hos LuxCasa.dk. Vi tilbyder ogs\u00e5 Klarna betaling, s\u00e5 du kan k\u00f8be nu og betale senere eller v\u00e6lge delbetaling. ForrestDecor giver dig 6 m\u00e5neders garanti p\u00e5 dit k\u00f8b, s\u00e5 du kan v\u00e6re sikker p\u00e5 at f\u00e5 et godt produkt.<\/p>\n<p><\/p>\n<p>Bestil dit indbygningslagen s\u00e6t 4-delt Pretoria 200x230cm i dag og gl\u00e6d dig til at sove i luksus hver nat.<\/p>\n<p><\/p>\n<p>Leveringstid: Leveringstid 1 uge<br \/>\nStil: klassisk<br \/>\nMateriale: polyester<br \/>\n1x lagen: 200x230cm<br \/>\nFabrikant: ForrestDecor<br \/>\nGaranti: 6 m\u00e5neder<\/p>\n","protected":false},"excerpt":{"rendered":"<p>Skab en klassisk og elegant stemning i dit sovev\u00e6relse med dette indbygningslagen s\u00e6t fra ForrestDecor. S\u00e6ttet best\u00e5r af et lagen, et dynebetr\u00e6k og to pudebetr\u00e6k i en smuk polyester kvalitet. Polyester er et slidst\u00e6rkt og let materiale, der holder formen og farven i lang tid. Det er ogs\u00e5 nemt at vaske og t\u00f8rre. Lagenet m\u00e5ler [&hellip;]<\/p>\n","protected":false},"featured_media":8714,"comment_status":"open","ping_status":"closed","template":"","meta":[],"product_brand":[],"product_cat":[139],"product_tag":[],"class_list":{"0":"post-8722","1":"product","2":"type-product","3":"status-publish","4":"has-post-thumbnail","6":"product_cat-bedding","8":"first","9":"instock","10":"shipping-taxable","11":"purchasable","12":"product-type-simple"},"yoast_head":"<!-- This site is optimized with the Yoast SEO plugin v24.8.1 - https:\/\/yoast.com\/wordpress\/plugins\/seo\/ -->\n<title>Indbygningslagen s\u00e6t 4-delt Pretoria 200x230cm - LASTCHANCE Deals | Danmark<\/title>\n<meta name=\"robots\" content=\"index, follow, max-snippet:-1, max-image-preview:large, max-video-preview:-1\" \/>\n<link rel=\"canonical\" href=\"https:\/\/last-chance.dk\/?product=indbygningslagen-saet-4-delt-pretoria-200x230cm\" \/>\n<meta property=\"og:locale\" content=\"da_DK\" \/>\n<meta property=\"og:type\" content=\"article\" \/>\n<meta property=\"og:title\" content=\"Indbygningslagen s\u00e6t 4-delt Pretoria 200x230cm - LASTCHANCE Deals | Danmark\" \/>\n<meta property=\"og:description\" content=\"Skab en klassisk og elegant stemning i dit sovev\u00e6relse med dette indbygningslagen s\u00e6t fra ForrestDecor. S\u00e6ttet best\u00e5r af et lagen, et dynebetr\u00e6k og to pudebetr\u00e6k i en smuk polyester kvalitet. Polyester er et slidst\u00e6rkt og let materiale, der holder formen og farven i lang tid. Det er ogs\u00e5 nemt at vaske og t\u00f8rre. Lagenet m\u00e5ler [&hellip;]\" \/>\n<meta property=\"og:url\" content=\"https:\/\/last-chance.dk\/?product=indbygningslagen-saet-4-delt-pretoria-200x230cm\" \/>\n<meta property=\"og:site_name\" content=\"LASTCHANCE Deals | Danmark\" \/>\n<meta property=\"article:modified_time\" content=\"2025-09-19T17:57:53+00:00\" \/>\n<meta property=\"og:image\" content=\"https:\/\/last-chance.dk\/wp-content\/uploads\/2023\/11\/pretoria_blue2_1.jpg\" \/>\n\t<meta property=\"og:image:width\" content=\"749\" \/>\n\t<meta property=\"og:image:height\" content=\"573\" \/>\n\t<meta property=\"og:image:type\" content=\"image\/jpeg\" \/>\n<meta name=\"twitter:card\" content=\"summary_large_image\" \/>\n<meta name=\"twitter:label1\" content=\"Estimeret l\u00e6setid\" \/>\n\t<meta name=\"twitter:data1\" content=\"1 minut\" \/>\n<script type=\"application\/ld+json\" class=\"yoast-schema-graph\">{\"@context\":\"https:\/\/schema.org\",\"@graph\":[{\"@type\":\"WebPage\",\"@id\":\"https:\/\/last-chance.dk\/?product=indbygningslagen-saet-4-delt-pretoria-200x230cm\",\"url\":\"https:\/\/last-chance.dk\/?product=indbygningslagen-saet-4-delt-pretoria-200x230cm\",\"name\":\"Indbygningslagen s\u00e6t 4-delt Pretoria 200x230cm - LASTCHANCE Deals | Danmark\",\"isPartOf\":{\"@id\":\"https:\/\/last-chance.dk\/#website\"},\"primaryImageOfPage\":{\"@id\":\"https:\/\/last-chance.dk\/?product=indbygningslagen-saet-4-delt-pretoria-200x230cm#primaryimage\"},\"image\":{\"@id\":\"https:\/\/last-chance.dk\/?product=indbygningslagen-saet-4-delt-pretoria-200x230cm#primaryimage\"},\"thumbnailUrl\":\"https:\/\/last-chance.dk\/wp-content\/uploads\/2023\/11\/pretoria_blue2_1.jpg\",\"datePublished\":\"2023-11-06T14:43:16+00:00\",\"dateModified\":\"2025-09-19T17:57:53+00:00\",\"breadcrumb\":{\"@id\":\"https:\/\/last-chance.dk\/?product=indbygningslagen-saet-4-delt-pretoria-200x230cm#breadcrumb\"},\"inLanguage\":\"da-DK\",\"potentialAction\":[{\"@type\":\"ReadAction\",\"target\":[\"https:\/\/last-chance.dk\/?product=indbygningslagen-saet-4-delt-pretoria-200x230cm\"]}]},{\"@type\":\"ImageObject\",\"inLanguage\":\"da-DK\",\"@id\":\"https:\/\/last-chance.dk\/?product=indbygningslagen-saet-4-delt-pretoria-200x230cm#primaryimage\",\"url\":\"https:\/\/last-chance.dk\/wp-content\/uploads\/2023\/11\/pretoria_blue2_1.jpg\",\"contentUrl\":\"https:\/\/last-chance.dk\/wp-content\/uploads\/2023\/11\/pretoria_blue2_1.jpg\",\"width\":749,\"height\":573},{\"@type\":\"BreadcrumbList\",\"@id\":\"https:\/\/last-chance.dk\/?product=indbygningslagen-saet-4-delt-pretoria-200x230cm#breadcrumb\",\"itemListElement\":[{\"@type\":\"ListItem\",\"position\":1,\"name\":\"Home\",\"item\":\"https:\/\/last-chance.dk\/\"},{\"@type\":\"ListItem\",\"position\":2,\"name\":\"Indbygningslagen s\u00e6t 4-delt Pretoria 200x230cm\"}]},{\"@type\":\"WebSite\",\"@id\":\"https:\/\/last-chance.dk\/#website\",\"url\":\"https:\/\/last-chance.dk\/\",\"name\":\"LASTCHANCE Deals | Danmark\",\"description\":\"LASTCHANCE Deals | Danmark\",\"publisher\":{\"@id\":\"https:\/\/last-chance.dk\/#organization\"},\"potentialAction\":[{\"@type\":\"SearchAction\",\"target\":{\"@type\":\"EntryPoint\",\"urlTemplate\":\"https:\/\/last-chance.dk\/?s={search_term_string}\"},\"query-input\":{\"@type\":\"PropertyValueSpecification\",\"valueRequired\":true,\"valueName\":\"search_term_string\"}}],\"inLanguage\":\"da-DK\"},{\"@type\":\"Organization\",\"@id\":\"https:\/\/last-chance.dk\/#organization\",\"name\":\"LASTCHANCE Deals | Danmark\",\"url\":\"https:\/\/last-chance.dk\/\",\"logo\":{\"@type\":\"ImageObject\",\"inLanguage\":\"da-DK\",\"@id\":\"https:\/\/last-chance.dk\/#\/schema\/logo\/image\/\",\"url\":\"https:\/\/last-chance.dk\/wp-content\/uploads\/2023\/10\/lastchancedeals_logo_dk_white.png\",\"contentUrl\":\"https:\/\/last-chance.dk\/wp-content\/uploads\/2023\/10\/lastchancedeals_logo_dk_white.png\",\"width\":470,\"height\":110,\"caption\":\"LASTCHANCE Deals | Danmark\"},\"image\":{\"@id\":\"https:\/\/last-chance.dk\/#\/schema\/logo\/image\/\"}}]}<\/script>\n<!-- \/ Yoast SEO plugin. -->","yoast_head_json":{"title":"Indbygningslagen s\u00e6t 4-delt Pretoria 200x230cm - LASTCHANCE Deals | Danmark","robots":{"index":"index","follow":"follow","max-snippet":"max-snippet:-1","max-image-preview":"max-image-preview:large","max-video-preview":"max-video-preview:-1"},"canonical":"https:\/\/last-chance.dk\/?product=indbygningslagen-saet-4-delt-pretoria-200x230cm","og_locale":"da_DK","og_type":"article","og_title":"Indbygningslagen s\u00e6t 4-delt Pretoria 200x230cm - LASTCHANCE Deals | Danmark","og_description":"Skab en klassisk og elegant stemning i dit sovev\u00e6relse med dette indbygningslagen s\u00e6t fra ForrestDecor. S\u00e6ttet best\u00e5r af et lagen, et dynebetr\u00e6k og to pudebetr\u00e6k i en smuk polyester kvalitet. Polyester er et slidst\u00e6rkt og let materiale, der holder formen og farven i lang tid. Det er ogs\u00e5 nemt at vaske og t\u00f8rre. Lagenet m\u00e5ler [&hellip;]","og_url":"https:\/\/last-chance.dk\/?product=indbygningslagen-saet-4-delt-pretoria-200x230cm","og_site_name":"LASTCHANCE Deals | Danmark","article_modified_time":"2025-09-19T17:57:53+00:00","og_image":[{"width":749,"height":573,"url":"https:\/\/last-chance.dk\/wp-content\/uploads\/2023\/11\/pretoria_blue2_1.jpg","type":"image\/jpeg"}],"twitter_card":"summary_large_image","twitter_misc":{"Estimeret l\u00e6setid":"1 minut"},"schema":{"@context":"https:\/\/schema.org","@graph":[{"@type":"WebPage","@id":"https:\/\/last-chance.dk\/?product=indbygningslagen-saet-4-delt-pretoria-200x230cm","url":"https:\/\/last-chance.dk\/?product=indbygningslagen-saet-4-delt-pretoria-200x230cm","name":"Indbygningslagen s\u00e6t 4-delt Pretoria 200x230cm - LASTCHANCE Deals | Danmark","isPartOf":{"@id":"https:\/\/last-chance.dk\/#website"},"primaryImageOfPage":{"@id":"https:\/\/last-chance.dk\/?product=indbygningslagen-saet-4-delt-pretoria-200x230cm#primaryimage"},"image":{"@id":"https:\/\/last-chance.dk\/?product=indbygningslagen-saet-4-delt-pretoria-200x230cm#primaryimage"},"thumbnailUrl":"https:\/\/last-chance.dk\/wp-content\/uploads\/2023\/11\/pretoria_blue2_1.jpg","datePublished":"2023-11-06T14:43:16+00:00","dateModified":"2025-09-19T17:57:53+00:00","breadcrumb":{"@id":"https:\/\/last-chance.dk\/?product=indbygningslagen-saet-4-delt-pretoria-200x230cm#breadcrumb"},"inLanguage":"da-DK","potentialAction":[{"@type":"ReadAction","target":["https:\/\/last-chance.dk\/?product=indbygningslagen-saet-4-delt-pretoria-200x230cm"]}]},{"@type":"ImageObject","inLanguage":"da-DK","@id":"https:\/\/last-chance.dk\/?product=indbygningslagen-saet-4-delt-pretoria-200x230cm#primaryimage","url":"https:\/\/last-chance.dk\/wp-content\/uploads\/2023\/11\/pretoria_blue2_1.jpg","contentUrl":"https:\/\/last-chance.dk\/wp-content\/uploads\/2023\/11\/pretoria_blue2_1.jpg","width":749,"height":573},{"@type":"BreadcrumbList","@id":"https:\/\/last-chance.dk\/?product=indbygningslagen-saet-4-delt-pretoria-200x230cm#breadcrumb","itemListElement":[{"@type":"ListItem","position":1,"name":"Home","item":"https:\/\/last-chance.dk\/"},{"@type":"ListItem","position":2,"name":"Indbygningslagen s\u00e6t 4-delt Pretoria 200x230cm"}]},{"@type":"WebSite","@id":"https:\/\/last-chance.dk\/#website","url":"https:\/\/last-chance.dk\/","name":"LASTCHANCE Deals | Danmark","description":"LASTCHANCE Deals | Danmark","publisher":{"@id":"https:\/\/last-chance.dk\/#organization"},"potentialAction":[{"@type":"SearchAction","target":{"@type":"EntryPoint","urlTemplate":"https:\/\/last-chance.dk\/?s={search_term_string}"},"query-input":{"@type":"PropertyValueSpecification","valueRequired":true,"valueName":"search_term_string"}}],"inLanguage":"da-DK"},{"@type":"Organization","@id":"https:\/\/last-chance.dk\/#organization","name":"LASTCHANCE Deals | Danmark","url":"https:\/\/last-chance.dk\/","logo":{"@type":"ImageObject","inLanguage":"da-DK","@id":"https:\/\/last-chance.dk\/#\/schema\/logo\/image\/","url":"https:\/\/last-chance.dk\/wp-content\/uploads\/2023\/10\/lastchancedeals_logo_dk_white.png","contentUrl":"https:\/\/last-chance.dk\/wp-content\/uploads\/2023\/10\/lastchancedeals_logo_dk_white.png","width":470,"height":110,"caption":"LASTCHANCE Deals | Danmark"},"image":{"@id":"https:\/\/last-chance.dk\/#\/schema\/logo\/image\/"}}]}},"_links":{"self":[{"href":"https:\/\/last-chance.dk\/index.php?rest_route=\/wp\/v2\/product\/8722","targetHints":{"allow":["GET"]}}],"collection":[{"href":"https:\/\/last-chance.dk\/index.php?rest_route=\/wp\/v2\/product"}],"about":[{"href":"https:\/\/last-chance.dk\/index.php?rest_route=\/wp\/v2\/types\/product"}],"replies":[{"embeddable":true,"href":"https:\/\/last-chance.dk\/index.php?rest_route=%2Fwp%2Fv2%2Fcomments&post=8722"}],"wp:featuredmedia":[{"embeddable":true,"href":"https:\/\/last-chance.dk\/index.php?rest_route=\/wp\/v2\/media\/8714"}],"wp:attachment":[{"href":"https:\/\/last-chance.dk\/index.php?rest_route=%2Fwp%2Fv2%2Fmedia&parent=8722"}],"wp:term":[{"taxonomy":"product_brand","embeddable":true,"href":"https:\/\/last-chance.dk\/index.php?rest_route=%2Fwp%2Fv2%2Fproduct_brand&post=8722"},{"taxonomy":"product_cat","embeddable":true,"href":"https:\/\/last-chance.dk\/index.php?rest_route=%2Fwp%2Fv2%2Fproduct_cat&post=8722"},{"taxonomy":"product_tag","embeddable":true,"href":"https:\/\/last-chance.dk\/index.php?rest_route=%2Fwp%2Fv2%2Fproduct_tag&post=8722"}],"curies":[{"name":"wp","href":"https:\/\/api.w.org\/{rel}","templated":true}]}}