{"id":8740,"date":"2023-11-06T14:44:04","date_gmt":"2023-11-06T14:44:04","guid":{"rendered":"https:\/\/www.lastchance.deals\/dk\/tuote\/sidebord-costello\/"},"modified":"2025-10-13T12:02:14","modified_gmt":"2025-10-13T12:02:14","slug":"sidebord-costello","status":"publish","type":"product","link":"https:\/\/last-chance.dk\/?product=sidebord-costello","title":{"rendered":"Sidebord Costello"},"content":{"rendered":"<p>Er du p\u00e5 udkig efter et stilfuldt og praktisk sidebord til din stue, sovev\u00e6relse eller kontor? S\u00e5 er sidebordet Costello fra ForrestDecor det perfekte valg for dig. Dette sidebord er lavet af metal i en elegant sort farve, der passer til enhver indretning. Det har en rund bordplade med en diameter p\u00e5 47 cm og en h\u00f8jde p\u00e5 62 cm, hvilket giver dig masser af plads til at placere dine b\u00f8ger, planter, lamper eller andre dekorative genstande. Sidebordet Costello er ogs\u00e5 nemt at samle, da det leveres med alle de n\u00f8dvendige dele og instruktioner. Du kan nyde dit nye sidebord i l\u00f8bet af f\u00e5 minutter. ForrestDecor er en anerkendt fabrikant af m\u00f8bler i h\u00f8j kvalitet, der tilbyder 12 m\u00e5neders garanti p\u00e5 rammen af dette sidebord. Hvis du leder efter et holdbart og smukt sidebord til en overkommelig pris, s\u00e5 bestil sidebordet Costello i dag og g\u00f8r dit hjem mere hyggeligt og indbydende.<\/p>\n<p><\/p>\n<p>Leveringstid: Leveringstid 1 uge<br \/>\nMateriale: metal<br \/>\nUdvendige dimensioner: 47x62cm<br \/>\nMontage: skal samles<br \/>\nGaranti: 12 m\u00e5neders rammegaranti<br \/>\nFabrikant: ForrestDecor<\/p>\n","protected":false},"excerpt":{"rendered":"<p>Er du p\u00e5 udkig efter et stilfuldt og praktisk sidebord til din stue, sovev\u00e6relse eller kontor? S\u00e5 er sidebordet Costello fra ForrestDecor det perfekte valg for dig. Dette sidebord er lavet af metal i en elegant sort farve, der passer til enhver indretning. Det har en rund bordplade med en diameter p\u00e5 47 cm og [&hellip;]<\/p>\n","protected":false},"featured_media":8734,"comment_status":"open","ping_status":"closed","template":"","meta":[],"product_brand":[],"product_cat":[151],"product_tag":[],"class_list":{"0":"post-8740","1":"product","2":"type-product","3":"status-publish","4":"has-post-thumbnail","6":"product_cat-buffets-sideboards","8":"first","9":"instock","10":"shipping-taxable","11":"purchasable","12":"product-type-simple"},"yoast_head":"<!-- This site is optimized with the Yoast SEO plugin v24.8.1 - https:\/\/yoast.com\/wordpress\/plugins\/seo\/ -->\n<title>Sidebord Costello - LASTCHANCE Deals | Danmark<\/title>\n<meta name=\"robots\" content=\"index, follow, max-snippet:-1, max-image-preview:large, max-video-preview:-1\" \/>\n<link rel=\"canonical\" href=\"https:\/\/last-chance.dk\/?product=sidebord-costello\" \/>\n<meta property=\"og:locale\" content=\"da_DK\" \/>\n<meta property=\"og:type\" content=\"article\" \/>\n<meta property=\"og:title\" content=\"Sidebord Costello - LASTCHANCE Deals | Danmark\" \/>\n<meta property=\"og:description\" content=\"Er du p\u00e5 udkig efter et stilfuldt og praktisk sidebord til din stue, sovev\u00e6relse eller kontor? S\u00e5 er sidebordet Costello fra ForrestDecor det perfekte valg for dig. Dette sidebord er lavet af metal i en elegant sort farve, der passer til enhver indretning. Det har en rund bordplade med en diameter p\u00e5 47 cm og [&hellip;]\" \/>\n<meta property=\"og:url\" content=\"https:\/\/last-chance.dk\/?product=sidebord-costello\" \/>\n<meta property=\"og:site_name\" content=\"LASTCHANCE Deals | Danmark\" \/>\n<meta property=\"article:modified_time\" content=\"2025-10-13T12:02:14+00:00\" \/>\n<meta property=\"og:image\" content=\"https:\/\/last-chance.dk\/wp-content\/uploads\/2023\/11\/costello_greywhite.jpg\" \/>\n\t<meta property=\"og:image:width\" content=\"785\" \/>\n\t<meta property=\"og:image:height\" content=\"767\" \/>\n\t<meta property=\"og:image:type\" content=\"image\/jpeg\" \/>\n<meta name=\"twitter:card\" content=\"summary_large_image\" \/>\n<meta name=\"twitter:label1\" content=\"Estimeret l\u00e6setid\" \/>\n\t<meta name=\"twitter:data1\" content=\"1 minut\" \/>\n<script type=\"application\/ld+json\" class=\"yoast-schema-graph\">{\"@context\":\"https:\/\/schema.org\",\"@graph\":[{\"@type\":\"WebPage\",\"@id\":\"https:\/\/last-chance.dk\/?product=sidebord-costello\",\"url\":\"https:\/\/last-chance.dk\/?product=sidebord-costello\",\"name\":\"Sidebord Costello - LASTCHANCE Deals | Danmark\",\"isPartOf\":{\"@id\":\"https:\/\/last-chance.dk\/#website\"},\"primaryImageOfPage\":{\"@id\":\"https:\/\/last-chance.dk\/?product=sidebord-costello#primaryimage\"},\"image\":{\"@id\":\"https:\/\/last-chance.dk\/?product=sidebord-costello#primaryimage\"},\"thumbnailUrl\":\"https:\/\/last-chance.dk\/wp-content\/uploads\/2023\/11\/costello_greywhite.jpg\",\"datePublished\":\"2023-11-06T14:44:04+00:00\",\"dateModified\":\"2025-10-13T12:02:14+00:00\",\"breadcrumb\":{\"@id\":\"https:\/\/last-chance.dk\/?product=sidebord-costello#breadcrumb\"},\"inLanguage\":\"da-DK\",\"potentialAction\":[{\"@type\":\"ReadAction\",\"target\":[\"https:\/\/last-chance.dk\/?product=sidebord-costello\"]}]},{\"@type\":\"ImageObject\",\"inLanguage\":\"da-DK\",\"@id\":\"https:\/\/last-chance.dk\/?product=sidebord-costello#primaryimage\",\"url\":\"https:\/\/last-chance.dk\/wp-content\/uploads\/2023\/11\/costello_greywhite.jpg\",\"contentUrl\":\"https:\/\/last-chance.dk\/wp-content\/uploads\/2023\/11\/costello_greywhite.jpg\",\"width\":785,\"height\":767},{\"@type\":\"BreadcrumbList\",\"@id\":\"https:\/\/last-chance.dk\/?product=sidebord-costello#breadcrumb\",\"itemListElement\":[{\"@type\":\"ListItem\",\"position\":1,\"name\":\"Home\",\"item\":\"https:\/\/last-chance.dk\/\"},{\"@type\":\"ListItem\",\"position\":2,\"name\":\"Sidebord Costello\"}]},{\"@type\":\"WebSite\",\"@id\":\"https:\/\/last-chance.dk\/#website\",\"url\":\"https:\/\/last-chance.dk\/\",\"name\":\"LASTCHANCE Deals | Danmark\",\"description\":\"LASTCHANCE Deals | Danmark\",\"publisher\":{\"@id\":\"https:\/\/last-chance.dk\/#organization\"},\"potentialAction\":[{\"@type\":\"SearchAction\",\"target\":{\"@type\":\"EntryPoint\",\"urlTemplate\":\"https:\/\/last-chance.dk\/?s={search_term_string}\"},\"query-input\":{\"@type\":\"PropertyValueSpecification\",\"valueRequired\":true,\"valueName\":\"search_term_string\"}}],\"inLanguage\":\"da-DK\"},{\"@type\":\"Organization\",\"@id\":\"https:\/\/last-chance.dk\/#organization\",\"name\":\"LASTCHANCE Deals | Danmark\",\"url\":\"https:\/\/last-chance.dk\/\",\"logo\":{\"@type\":\"ImageObject\",\"inLanguage\":\"da-DK\",\"@id\":\"https:\/\/last-chance.dk\/#\/schema\/logo\/image\/\",\"url\":\"https:\/\/last-chance.dk\/wp-content\/uploads\/2023\/10\/lastchancedeals_logo_dk_white.png\",\"contentUrl\":\"https:\/\/last-chance.dk\/wp-content\/uploads\/2023\/10\/lastchancedeals_logo_dk_white.png\",\"width\":470,\"height\":110,\"caption\":\"LASTCHANCE Deals | Danmark\"},\"image\":{\"@id\":\"https:\/\/last-chance.dk\/#\/schema\/logo\/image\/\"}}]}<\/script>\n<!-- \/ Yoast SEO plugin. -->","yoast_head_json":{"title":"Sidebord Costello - LASTCHANCE Deals | Danmark","robots":{"index":"index","follow":"follow","max-snippet":"max-snippet:-1","max-image-preview":"max-image-preview:large","max-video-preview":"max-video-preview:-1"},"canonical":"https:\/\/last-chance.dk\/?product=sidebord-costello","og_locale":"da_DK","og_type":"article","og_title":"Sidebord Costello - LASTCHANCE Deals | Danmark","og_description":"Er du p\u00e5 udkig efter et stilfuldt og praktisk sidebord til din stue, sovev\u00e6relse eller kontor? S\u00e5 er sidebordet Costello fra ForrestDecor det perfekte valg for dig. Dette sidebord er lavet af metal i en elegant sort farve, der passer til enhver indretning. Det har en rund bordplade med en diameter p\u00e5 47 cm og [&hellip;]","og_url":"https:\/\/last-chance.dk\/?product=sidebord-costello","og_site_name":"LASTCHANCE Deals | Danmark","article_modified_time":"2025-10-13T12:02:14+00:00","og_image":[{"width":785,"height":767,"url":"https:\/\/last-chance.dk\/wp-content\/uploads\/2023\/11\/costello_greywhite.jpg","type":"image\/jpeg"}],"twitter_card":"summary_large_image","twitter_misc":{"Estimeret l\u00e6setid":"1 minut"},"schema":{"@context":"https:\/\/schema.org","@graph":[{"@type":"WebPage","@id":"https:\/\/last-chance.dk\/?product=sidebord-costello","url":"https:\/\/last-chance.dk\/?product=sidebord-costello","name":"Sidebord Costello - LASTCHANCE Deals | Danmark","isPartOf":{"@id":"https:\/\/last-chance.dk\/#website"},"primaryImageOfPage":{"@id":"https:\/\/last-chance.dk\/?product=sidebord-costello#primaryimage"},"image":{"@id":"https:\/\/last-chance.dk\/?product=sidebord-costello#primaryimage"},"thumbnailUrl":"https:\/\/last-chance.dk\/wp-content\/uploads\/2023\/11\/costello_greywhite.jpg","datePublished":"2023-11-06T14:44:04+00:00","dateModified":"2025-10-13T12:02:14+00:00","breadcrumb":{"@id":"https:\/\/last-chance.dk\/?product=sidebord-costello#breadcrumb"},"inLanguage":"da-DK","potentialAction":[{"@type":"ReadAction","target":["https:\/\/last-chance.dk\/?product=sidebord-costello"]}]},{"@type":"ImageObject","inLanguage":"da-DK","@id":"https:\/\/last-chance.dk\/?product=sidebord-costello#primaryimage","url":"https:\/\/last-chance.dk\/wp-content\/uploads\/2023\/11\/costello_greywhite.jpg","contentUrl":"https:\/\/last-chance.dk\/wp-content\/uploads\/2023\/11\/costello_greywhite.jpg","width":785,"height":767},{"@type":"BreadcrumbList","@id":"https:\/\/last-chance.dk\/?product=sidebord-costello#breadcrumb","itemListElement":[{"@type":"ListItem","position":1,"name":"Home","item":"https:\/\/last-chance.dk\/"},{"@type":"ListItem","position":2,"name":"Sidebord Costello"}]},{"@type":"WebSite","@id":"https:\/\/last-chance.dk\/#website","url":"https:\/\/last-chance.dk\/","name":"LASTCHANCE Deals | Danmark","description":"LASTCHANCE Deals | Danmark","publisher":{"@id":"https:\/\/last-chance.dk\/#organization"},"potentialAction":[{"@type":"SearchAction","target":{"@type":"EntryPoint","urlTemplate":"https:\/\/last-chance.dk\/?s={search_term_string}"},"query-input":{"@type":"PropertyValueSpecification","valueRequired":true,"valueName":"search_term_string"}}],"inLanguage":"da-DK"},{"@type":"Organization","@id":"https:\/\/last-chance.dk\/#organization","name":"LASTCHANCE Deals | Danmark","url":"https:\/\/last-chance.dk\/","logo":{"@type":"ImageObject","inLanguage":"da-DK","@id":"https:\/\/last-chance.dk\/#\/schema\/logo\/image\/","url":"https:\/\/last-chance.dk\/wp-content\/uploads\/2023\/10\/lastchancedeals_logo_dk_white.png","contentUrl":"https:\/\/last-chance.dk\/wp-content\/uploads\/2023\/10\/lastchancedeals_logo_dk_white.png","width":470,"height":110,"caption":"LASTCHANCE Deals | Danmark"},"image":{"@id":"https:\/\/last-chance.dk\/#\/schema\/logo\/image\/"}}]}},"_links":{"self":[{"href":"https:\/\/last-chance.dk\/index.php?rest_route=\/wp\/v2\/product\/8740","targetHints":{"allow":["GET"]}}],"collection":[{"href":"https:\/\/last-chance.dk\/index.php?rest_route=\/wp\/v2\/product"}],"about":[{"href":"https:\/\/last-chance.dk\/index.php?rest_route=\/wp\/v2\/types\/product"}],"replies":[{"embeddable":true,"href":"https:\/\/last-chance.dk\/index.php?rest_route=%2Fwp%2Fv2%2Fcomments&post=8740"}],"wp:featuredmedia":[{"embeddable":true,"href":"https:\/\/last-chance.dk\/index.php?rest_route=\/wp\/v2\/media\/8734"}],"wp:attachment":[{"href":"https:\/\/last-chance.dk\/index.php?rest_route=%2Fwp%2Fv2%2Fmedia&parent=8740"}],"wp:term":[{"taxonomy":"product_brand","embeddable":true,"href":"https:\/\/last-chance.dk\/index.php?rest_route=%2Fwp%2Fv2%2Fproduct_brand&post=8740"},{"taxonomy":"product_cat","embeddable":true,"href":"https:\/\/last-chance.dk\/index.php?rest_route=%2Fwp%2Fv2%2Fproduct_cat&post=8740"},{"taxonomy":"product_tag","embeddable":true,"href":"https:\/\/last-chance.dk\/index.php?rest_route=%2Fwp%2Fv2%2Fproduct_tag&post=8740"}],"curies":[{"name":"wp","href":"https:\/\/api.w.org\/{rel}","templated":true}]}}