{"id":8748,"date":"2023-11-06T14:44:36","date_gmt":"2023-11-06T14:44:36","guid":{"rendered":"https:\/\/www.lastchance.deals\/dk\/tuote\/foldbar-rumdeler-nyx-sort-graa-traeplast\/"},"modified":"2025-09-19T17:39:59","modified_gmt":"2025-09-19T17:39:59","slug":"foldbar-rumdeler-nyx-sort-graa-traeplast","status":"publish","type":"product","link":"https:\/\/last-chance.dk\/?product=foldbar-rumdeler-nyx-sort-graa-traeplast","title":{"rendered":"Foldbar Rumdeler Nyx sort-gr\u00e5 tr\u00e6,plast"},"content":{"rendered":"<p>Skab et hyggeligt og privat rum i dit hjem med den foldbare rumdeler Nyx fra ForrestDecor. Denne elegante og praktiske rumdeler er lavet af tr\u00e6 og plast i en sort-gr\u00e5 farve, der passer til enhver indretning. Du kan v\u00e6lge mellem to st\u00f8rrelser: 180x200cm eller 180x240cm, alt efter hvor meget plads du har brug for at opdele. Rumdeleren er halvt samlet, s\u00e5 du kan nemt s\u00e6tte den op og folde den sammen igen efter brug. Den er beregnet til indend\u00f8rs brug og kan bruges til at skabe et sovev\u00e6relse, et kontor, et legerum eller et hvilket som helst andet rum du \u00f8nsker. Nyx er en smart og stilfuld l\u00f8sning til at udnytte dit boligareal bedre.<\/p>\n<p><\/p>\n<p>Leveringstid: Leveringstid 1 uge<br \/>\nMateriale: tr\u00e6,plast<br \/>\nFarve: sort-gr\u00e5<br \/>\nDimensioner: 180x200cm \/ 180x240cm<br \/>\nBeregnet til: Indend\u00f8rs brug<br \/>\nMontage: halvt samlet<br \/>\nFabrikant: ForrestDecor<\/p>\n","protected":false},"excerpt":{"rendered":"<p>Skab et hyggeligt og privat rum i dit hjem med den foldbare rumdeler Nyx fra ForrestDecor. Denne elegante og praktiske rumdeler er lavet af tr\u00e6 og plast i en sort-gr\u00e5 farve, der passer til enhver indretning. Du kan v\u00e6lge mellem to st\u00f8rrelser: 180x200cm eller 180x240cm, alt efter hvor meget plads du har brug for at [&hellip;]<\/p>\n","protected":false},"featured_media":8747,"comment_status":"open","ping_status":"closed","template":"","meta":[],"product_brand":[],"product_cat":[197],"product_tag":[],"class_list":{"0":"post-8748","1":"product","2":"type-product","3":"status-publish","4":"has-post-thumbnail","6":"product_cat-room-dividers","8":"first","9":"instock","10":"shipping-taxable","11":"purchasable","12":"product-type-simple"},"yoast_head":"<!-- This site is optimized with the Yoast SEO plugin v24.8.1 - https:\/\/yoast.com\/wordpress\/plugins\/seo\/ -->\n<title>Foldbar Rumdeler Nyx sort-gr\u00e5 tr\u00e6,plast - LASTCHANCE Deals | Danmark<\/title>\n<meta name=\"robots\" content=\"index, follow, max-snippet:-1, max-image-preview:large, max-video-preview:-1\" \/>\n<link rel=\"canonical\" href=\"https:\/\/last-chance.dk\/?product=foldbar-rumdeler-nyx-sort-graa-traeplast\" \/>\n<meta property=\"og:locale\" content=\"da_DK\" \/>\n<meta property=\"og:type\" content=\"article\" \/>\n<meta property=\"og:title\" content=\"Foldbar Rumdeler Nyx sort-gr\u00e5 tr\u00e6,plast - LASTCHANCE Deals | Danmark\" \/>\n<meta property=\"og:description\" content=\"Skab et hyggeligt og privat rum i dit hjem med den foldbare rumdeler Nyx fra ForrestDecor. Denne elegante og praktiske rumdeler er lavet af tr\u00e6 og plast i en sort-gr\u00e5 farve, der passer til enhver indretning. Du kan v\u00e6lge mellem to st\u00f8rrelser: 180x200cm eller 180x240cm, alt efter hvor meget plads du har brug for at [&hellip;]\" \/>\n<meta property=\"og:url\" content=\"https:\/\/last-chance.dk\/?product=foldbar-rumdeler-nyx-sort-graa-traeplast\" \/>\n<meta property=\"og:site_name\" content=\"LASTCHANCE Deals | Danmark\" \/>\n<meta property=\"article:modified_time\" content=\"2025-09-19T17:39:59+00:00\" \/>\n<meta property=\"og:image\" content=\"https:\/\/last-chance.dk\/wp-content\/uploads\/2023\/11\/nyx.jpg\" \/>\n\t<meta property=\"og:image:width\" content=\"400\" \/>\n\t<meta property=\"og:image:height\" content=\"400\" \/>\n\t<meta property=\"og:image:type\" content=\"image\/jpeg\" \/>\n<meta name=\"twitter:card\" content=\"summary_large_image\" \/>\n<meta name=\"twitter:label1\" content=\"Estimeret l\u00e6setid\" \/>\n\t<meta name=\"twitter:data1\" content=\"1 minut\" \/>\n<script type=\"application\/ld+json\" class=\"yoast-schema-graph\">{\"@context\":\"https:\/\/schema.org\",\"@graph\":[{\"@type\":\"WebPage\",\"@id\":\"https:\/\/last-chance.dk\/?product=foldbar-rumdeler-nyx-sort-graa-traeplast\",\"url\":\"https:\/\/last-chance.dk\/?product=foldbar-rumdeler-nyx-sort-graa-traeplast\",\"name\":\"Foldbar Rumdeler Nyx sort-gr\u00e5 tr\u00e6,plast - LASTCHANCE Deals | Danmark\",\"isPartOf\":{\"@id\":\"https:\/\/last-chance.dk\/#website\"},\"primaryImageOfPage\":{\"@id\":\"https:\/\/last-chance.dk\/?product=foldbar-rumdeler-nyx-sort-graa-traeplast#primaryimage\"},\"image\":{\"@id\":\"https:\/\/last-chance.dk\/?product=foldbar-rumdeler-nyx-sort-graa-traeplast#primaryimage\"},\"thumbnailUrl\":\"https:\/\/last-chance.dk\/wp-content\/uploads\/2023\/11\/nyx.jpg\",\"datePublished\":\"2023-11-06T14:44:36+00:00\",\"dateModified\":\"2025-09-19T17:39:59+00:00\",\"breadcrumb\":{\"@id\":\"https:\/\/last-chance.dk\/?product=foldbar-rumdeler-nyx-sort-graa-traeplast#breadcrumb\"},\"inLanguage\":\"da-DK\",\"potentialAction\":[{\"@type\":\"ReadAction\",\"target\":[\"https:\/\/last-chance.dk\/?product=foldbar-rumdeler-nyx-sort-graa-traeplast\"]}]},{\"@type\":\"ImageObject\",\"inLanguage\":\"da-DK\",\"@id\":\"https:\/\/last-chance.dk\/?product=foldbar-rumdeler-nyx-sort-graa-traeplast#primaryimage\",\"url\":\"https:\/\/last-chance.dk\/wp-content\/uploads\/2023\/11\/nyx.jpg\",\"contentUrl\":\"https:\/\/last-chance.dk\/wp-content\/uploads\/2023\/11\/nyx.jpg\",\"width\":400,\"height\":400},{\"@type\":\"BreadcrumbList\",\"@id\":\"https:\/\/last-chance.dk\/?product=foldbar-rumdeler-nyx-sort-graa-traeplast#breadcrumb\",\"itemListElement\":[{\"@type\":\"ListItem\",\"position\":1,\"name\":\"Home\",\"item\":\"https:\/\/last-chance.dk\/\"},{\"@type\":\"ListItem\",\"position\":2,\"name\":\"Foldbar Rumdeler Nyx sort-gr\u00e5 tr\u00e6,plast\"}]},{\"@type\":\"WebSite\",\"@id\":\"https:\/\/last-chance.dk\/#website\",\"url\":\"https:\/\/last-chance.dk\/\",\"name\":\"LASTCHANCE Deals | Danmark\",\"description\":\"LASTCHANCE Deals | Danmark\",\"publisher\":{\"@id\":\"https:\/\/last-chance.dk\/#organization\"},\"potentialAction\":[{\"@type\":\"SearchAction\",\"target\":{\"@type\":\"EntryPoint\",\"urlTemplate\":\"https:\/\/last-chance.dk\/?s={search_term_string}\"},\"query-input\":{\"@type\":\"PropertyValueSpecification\",\"valueRequired\":true,\"valueName\":\"search_term_string\"}}],\"inLanguage\":\"da-DK\"},{\"@type\":\"Organization\",\"@id\":\"https:\/\/last-chance.dk\/#organization\",\"name\":\"LASTCHANCE Deals | Danmark\",\"url\":\"https:\/\/last-chance.dk\/\",\"logo\":{\"@type\":\"ImageObject\",\"inLanguage\":\"da-DK\",\"@id\":\"https:\/\/last-chance.dk\/#\/schema\/logo\/image\/\",\"url\":\"https:\/\/last-chance.dk\/wp-content\/uploads\/2023\/10\/lastchancedeals_logo_dk_white.png\",\"contentUrl\":\"https:\/\/last-chance.dk\/wp-content\/uploads\/2023\/10\/lastchancedeals_logo_dk_white.png\",\"width\":470,\"height\":110,\"caption\":\"LASTCHANCE Deals | Danmark\"},\"image\":{\"@id\":\"https:\/\/last-chance.dk\/#\/schema\/logo\/image\/\"}}]}<\/script>\n<!-- \/ Yoast SEO plugin. -->","yoast_head_json":{"title":"Foldbar Rumdeler Nyx sort-gr\u00e5 tr\u00e6,plast - LASTCHANCE Deals | Danmark","robots":{"index":"index","follow":"follow","max-snippet":"max-snippet:-1","max-image-preview":"max-image-preview:large","max-video-preview":"max-video-preview:-1"},"canonical":"https:\/\/last-chance.dk\/?product=foldbar-rumdeler-nyx-sort-graa-traeplast","og_locale":"da_DK","og_type":"article","og_title":"Foldbar Rumdeler Nyx sort-gr\u00e5 tr\u00e6,plast - LASTCHANCE Deals | Danmark","og_description":"Skab et hyggeligt og privat rum i dit hjem med den foldbare rumdeler Nyx fra ForrestDecor. Denne elegante og praktiske rumdeler er lavet af tr\u00e6 og plast i en sort-gr\u00e5 farve, der passer til enhver indretning. Du kan v\u00e6lge mellem to st\u00f8rrelser: 180x200cm eller 180x240cm, alt efter hvor meget plads du har brug for at [&hellip;]","og_url":"https:\/\/last-chance.dk\/?product=foldbar-rumdeler-nyx-sort-graa-traeplast","og_site_name":"LASTCHANCE Deals | Danmark","article_modified_time":"2025-09-19T17:39:59+00:00","og_image":[{"width":400,"height":400,"url":"https:\/\/last-chance.dk\/wp-content\/uploads\/2023\/11\/nyx.jpg","type":"image\/jpeg"}],"twitter_card":"summary_large_image","twitter_misc":{"Estimeret l\u00e6setid":"1 minut"},"schema":{"@context":"https:\/\/schema.org","@graph":[{"@type":"WebPage","@id":"https:\/\/last-chance.dk\/?product=foldbar-rumdeler-nyx-sort-graa-traeplast","url":"https:\/\/last-chance.dk\/?product=foldbar-rumdeler-nyx-sort-graa-traeplast","name":"Foldbar Rumdeler Nyx sort-gr\u00e5 tr\u00e6,plast - LASTCHANCE Deals | Danmark","isPartOf":{"@id":"https:\/\/last-chance.dk\/#website"},"primaryImageOfPage":{"@id":"https:\/\/last-chance.dk\/?product=foldbar-rumdeler-nyx-sort-graa-traeplast#primaryimage"},"image":{"@id":"https:\/\/last-chance.dk\/?product=foldbar-rumdeler-nyx-sort-graa-traeplast#primaryimage"},"thumbnailUrl":"https:\/\/last-chance.dk\/wp-content\/uploads\/2023\/11\/nyx.jpg","datePublished":"2023-11-06T14:44:36+00:00","dateModified":"2025-09-19T17:39:59+00:00","breadcrumb":{"@id":"https:\/\/last-chance.dk\/?product=foldbar-rumdeler-nyx-sort-graa-traeplast#breadcrumb"},"inLanguage":"da-DK","potentialAction":[{"@type":"ReadAction","target":["https:\/\/last-chance.dk\/?product=foldbar-rumdeler-nyx-sort-graa-traeplast"]}]},{"@type":"ImageObject","inLanguage":"da-DK","@id":"https:\/\/last-chance.dk\/?product=foldbar-rumdeler-nyx-sort-graa-traeplast#primaryimage","url":"https:\/\/last-chance.dk\/wp-content\/uploads\/2023\/11\/nyx.jpg","contentUrl":"https:\/\/last-chance.dk\/wp-content\/uploads\/2023\/11\/nyx.jpg","width":400,"height":400},{"@type":"BreadcrumbList","@id":"https:\/\/last-chance.dk\/?product=foldbar-rumdeler-nyx-sort-graa-traeplast#breadcrumb","itemListElement":[{"@type":"ListItem","position":1,"name":"Home","item":"https:\/\/last-chance.dk\/"},{"@type":"ListItem","position":2,"name":"Foldbar Rumdeler Nyx sort-gr\u00e5 tr\u00e6,plast"}]},{"@type":"WebSite","@id":"https:\/\/last-chance.dk\/#website","url":"https:\/\/last-chance.dk\/","name":"LASTCHANCE Deals | Danmark","description":"LASTCHANCE Deals | Danmark","publisher":{"@id":"https:\/\/last-chance.dk\/#organization"},"potentialAction":[{"@type":"SearchAction","target":{"@type":"EntryPoint","urlTemplate":"https:\/\/last-chance.dk\/?s={search_term_string}"},"query-input":{"@type":"PropertyValueSpecification","valueRequired":true,"valueName":"search_term_string"}}],"inLanguage":"da-DK"},{"@type":"Organization","@id":"https:\/\/last-chance.dk\/#organization","name":"LASTCHANCE Deals | Danmark","url":"https:\/\/last-chance.dk\/","logo":{"@type":"ImageObject","inLanguage":"da-DK","@id":"https:\/\/last-chance.dk\/#\/schema\/logo\/image\/","url":"https:\/\/last-chance.dk\/wp-content\/uploads\/2023\/10\/lastchancedeals_logo_dk_white.png","contentUrl":"https:\/\/last-chance.dk\/wp-content\/uploads\/2023\/10\/lastchancedeals_logo_dk_white.png","width":470,"height":110,"caption":"LASTCHANCE Deals | Danmark"},"image":{"@id":"https:\/\/last-chance.dk\/#\/schema\/logo\/image\/"}}]}},"_links":{"self":[{"href":"https:\/\/last-chance.dk\/index.php?rest_route=\/wp\/v2\/product\/8748","targetHints":{"allow":["GET"]}}],"collection":[{"href":"https:\/\/last-chance.dk\/index.php?rest_route=\/wp\/v2\/product"}],"about":[{"href":"https:\/\/last-chance.dk\/index.php?rest_route=\/wp\/v2\/types\/product"}],"replies":[{"embeddable":true,"href":"https:\/\/last-chance.dk\/index.php?rest_route=%2Fwp%2Fv2%2Fcomments&post=8748"}],"wp:featuredmedia":[{"embeddable":true,"href":"https:\/\/last-chance.dk\/index.php?rest_route=\/wp\/v2\/media\/8747"}],"wp:attachment":[{"href":"https:\/\/last-chance.dk\/index.php?rest_route=%2Fwp%2Fv2%2Fmedia&parent=8748"}],"wp:term":[{"taxonomy":"product_brand","embeddable":true,"href":"https:\/\/last-chance.dk\/index.php?rest_route=%2Fwp%2Fv2%2Fproduct_brand&post=8748"},{"taxonomy":"product_cat","embeddable":true,"href":"https:\/\/last-chance.dk\/index.php?rest_route=%2Fwp%2Fv2%2Fproduct_cat&post=8748"},{"taxonomy":"product_tag","embeddable":true,"href":"https:\/\/last-chance.dk\/index.php?rest_route=%2Fwp%2Fv2%2Fproduct_tag&post=8748"}],"curies":[{"name":"wp","href":"https:\/\/api.w.org\/{rel}","templated":true}]}}