{"id":8766,"date":"2023-11-06T14:46:04","date_gmt":"2023-11-06T14:46:04","guid":{"rendered":"https:\/\/www.lastchance.deals\/dk\/tuote\/bordlampe-roxane-30x51cm-orange\/"},"modified":"2025-09-19T17:37:11","modified_gmt":"2025-09-19T17:37:11","slug":"bordlampe-roxane-30x51cm-orange","status":"publish","type":"product","link":"https:\/\/last-chance.dk\/?product=bordlampe-roxane-30x51cm-orange","title":{"rendered":"Bordlampe Roxane 30x51cm orange"},"content":{"rendered":"<p>Leder du efter en bordlampe, der kan tilf\u00f8je et strejf af elegance og varme til dit hjem? S\u00e5 er bordlampe Roxane det perfekte valg for dig. Denne lampe har et klassisk design med en smuk orange stofsk\u00e6rm og en fod af krystal, der reflekterer lyset p\u00e5 en fortryllende m\u00e5de. Bordlampe Roxane er ideel til at skabe en hyggelig og stemningsfuld belysning i din stue, sovev\u00e6relse eller entr\u00e9. Den har en praktisk st\u00f8rrelse p\u00e5 30x51cm og leveres samlet, s\u00e5 du nemt kan placere den, hvor du \u00f8nsker. Bordlampe Roxane er fremstillet af ForrestDecor, en anerkendt producent af kvalitetslamper i forskellige stilarter. Du f\u00e5r 12 m\u00e5neders garanti p\u00e5 din nye lampe, s\u00e5 du kan v\u00e6re sikker p\u00e5, at du f\u00e5r et godt produkt. Bestil bordlampe Roxane i dag og gl\u00e6d dig til at modtage en smuk og funktionel lampe, der vil g\u00f8re dit hjem mere indbydende.<\/p>\n<p><\/p>\n<p>Leveringstid: Leveringstid 1 uge<br \/>\nStil: klassisk<br \/>\nMateriale: stof,krystal<br \/>\nFarve: orange<br \/>\nLampefatning: E27<br \/>\nLampestik: ikke inkluderet<br \/>\nUdvendige dimensioner: 30x51cm<br \/>\nFabrikant: ForrestDecor<br \/>\nMontage: leveres samlet<br \/>\nGaranti: 12 m\u00e5neder<\/p>\n","protected":false},"excerpt":{"rendered":"<p>Leder du efter en bordlampe, der kan tilf\u00f8je et strejf af elegance og varme til dit hjem? S\u00e5 er bordlampe Roxane det perfekte valg for dig. Denne lampe har et klassisk design med en smuk orange stofsk\u00e6rm og en fod af krystal, der reflekterer lyset p\u00e5 en fortryllende m\u00e5de. Bordlampe Roxane er ideel til at [&hellip;]<\/p>\n","protected":false},"featured_media":8765,"comment_status":"open","ping_status":"closed","template":"","meta":[],"product_brand":[],"product_cat":[166],"product_tag":[],"class_list":{"0":"post-8766","1":"product","2":"type-product","3":"status-publish","4":"has-post-thumbnail","6":"product_cat-desk-lamps","8":"first","9":"instock","10":"shipping-taxable","11":"purchasable","12":"product-type-simple"},"yoast_head":"<!-- This site is optimized with the Yoast SEO plugin v24.8.1 - https:\/\/yoast.com\/wordpress\/plugins\/seo\/ -->\n<title>Bordlampe Roxane 30x51cm orange - LASTCHANCE Deals | Danmark<\/title>\n<meta name=\"robots\" content=\"index, follow, max-snippet:-1, max-image-preview:large, max-video-preview:-1\" \/>\n<link rel=\"canonical\" href=\"https:\/\/last-chance.dk\/?product=bordlampe-roxane-30x51cm-orange\" \/>\n<meta property=\"og:locale\" content=\"da_DK\" \/>\n<meta property=\"og:type\" content=\"article\" \/>\n<meta property=\"og:title\" content=\"Bordlampe Roxane 30x51cm orange - LASTCHANCE Deals | Danmark\" \/>\n<meta property=\"og:description\" content=\"Leder du efter en bordlampe, der kan tilf\u00f8je et strejf af elegance og varme til dit hjem? S\u00e5 er bordlampe Roxane det perfekte valg for dig. Denne lampe har et klassisk design med en smuk orange stofsk\u00e6rm og en fod af krystal, der reflekterer lyset p\u00e5 en fortryllende m\u00e5de. Bordlampe Roxane er ideel til at [&hellip;]\" \/>\n<meta property=\"og:url\" content=\"https:\/\/last-chance.dk\/?product=bordlampe-roxane-30x51cm-orange\" \/>\n<meta property=\"og:site_name\" content=\"LASTCHANCE Deals | Danmark\" \/>\n<meta property=\"article:modified_time\" content=\"2025-09-19T17:37:11+00:00\" \/>\n<meta property=\"og:image\" content=\"https:\/\/last-chance.dk\/wp-content\/uploads\/2023\/11\/roxane.jpg\" \/>\n\t<meta property=\"og:image:width\" content=\"800\" \/>\n\t<meta property=\"og:image:height\" content=\"662\" \/>\n\t<meta property=\"og:image:type\" content=\"image\/jpeg\" \/>\n<meta name=\"twitter:card\" content=\"summary_large_image\" \/>\n<meta name=\"twitter:label1\" content=\"Estimeret l\u00e6setid\" \/>\n\t<meta name=\"twitter:data1\" content=\"1 minut\" \/>\n<script type=\"application\/ld+json\" class=\"yoast-schema-graph\">{\"@context\":\"https:\/\/schema.org\",\"@graph\":[{\"@type\":\"WebPage\",\"@id\":\"https:\/\/last-chance.dk\/?product=bordlampe-roxane-30x51cm-orange\",\"url\":\"https:\/\/last-chance.dk\/?product=bordlampe-roxane-30x51cm-orange\",\"name\":\"Bordlampe Roxane 30x51cm orange - LASTCHANCE Deals | Danmark\",\"isPartOf\":{\"@id\":\"https:\/\/last-chance.dk\/#website\"},\"primaryImageOfPage\":{\"@id\":\"https:\/\/last-chance.dk\/?product=bordlampe-roxane-30x51cm-orange#primaryimage\"},\"image\":{\"@id\":\"https:\/\/last-chance.dk\/?product=bordlampe-roxane-30x51cm-orange#primaryimage\"},\"thumbnailUrl\":\"https:\/\/last-chance.dk\/wp-content\/uploads\/2023\/11\/roxane.jpg\",\"datePublished\":\"2023-11-06T14:46:04+00:00\",\"dateModified\":\"2025-09-19T17:37:11+00:00\",\"breadcrumb\":{\"@id\":\"https:\/\/last-chance.dk\/?product=bordlampe-roxane-30x51cm-orange#breadcrumb\"},\"inLanguage\":\"da-DK\",\"potentialAction\":[{\"@type\":\"ReadAction\",\"target\":[\"https:\/\/last-chance.dk\/?product=bordlampe-roxane-30x51cm-orange\"]}]},{\"@type\":\"ImageObject\",\"inLanguage\":\"da-DK\",\"@id\":\"https:\/\/last-chance.dk\/?product=bordlampe-roxane-30x51cm-orange#primaryimage\",\"url\":\"https:\/\/last-chance.dk\/wp-content\/uploads\/2023\/11\/roxane.jpg\",\"contentUrl\":\"https:\/\/last-chance.dk\/wp-content\/uploads\/2023\/11\/roxane.jpg\",\"width\":800,\"height\":662},{\"@type\":\"BreadcrumbList\",\"@id\":\"https:\/\/last-chance.dk\/?product=bordlampe-roxane-30x51cm-orange#breadcrumb\",\"itemListElement\":[{\"@type\":\"ListItem\",\"position\":1,\"name\":\"Home\",\"item\":\"https:\/\/last-chance.dk\/\"},{\"@type\":\"ListItem\",\"position\":2,\"name\":\"Bordlampe Roxane 30x51cm orange\"}]},{\"@type\":\"WebSite\",\"@id\":\"https:\/\/last-chance.dk\/#website\",\"url\":\"https:\/\/last-chance.dk\/\",\"name\":\"LASTCHANCE Deals | Danmark\",\"description\":\"LASTCHANCE Deals | Danmark\",\"publisher\":{\"@id\":\"https:\/\/last-chance.dk\/#organization\"},\"potentialAction\":[{\"@type\":\"SearchAction\",\"target\":{\"@type\":\"EntryPoint\",\"urlTemplate\":\"https:\/\/last-chance.dk\/?s={search_term_string}\"},\"query-input\":{\"@type\":\"PropertyValueSpecification\",\"valueRequired\":true,\"valueName\":\"search_term_string\"}}],\"inLanguage\":\"da-DK\"},{\"@type\":\"Organization\",\"@id\":\"https:\/\/last-chance.dk\/#organization\",\"name\":\"LASTCHANCE Deals | Danmark\",\"url\":\"https:\/\/last-chance.dk\/\",\"logo\":{\"@type\":\"ImageObject\",\"inLanguage\":\"da-DK\",\"@id\":\"https:\/\/last-chance.dk\/#\/schema\/logo\/image\/\",\"url\":\"https:\/\/last-chance.dk\/wp-content\/uploads\/2023\/10\/lastchancedeals_logo_dk_white.png\",\"contentUrl\":\"https:\/\/last-chance.dk\/wp-content\/uploads\/2023\/10\/lastchancedeals_logo_dk_white.png\",\"width\":470,\"height\":110,\"caption\":\"LASTCHANCE Deals | Danmark\"},\"image\":{\"@id\":\"https:\/\/last-chance.dk\/#\/schema\/logo\/image\/\"}}]}<\/script>\n<!-- \/ Yoast SEO plugin. -->","yoast_head_json":{"title":"Bordlampe Roxane 30x51cm orange - LASTCHANCE Deals | Danmark","robots":{"index":"index","follow":"follow","max-snippet":"max-snippet:-1","max-image-preview":"max-image-preview:large","max-video-preview":"max-video-preview:-1"},"canonical":"https:\/\/last-chance.dk\/?product=bordlampe-roxane-30x51cm-orange","og_locale":"da_DK","og_type":"article","og_title":"Bordlampe Roxane 30x51cm orange - LASTCHANCE Deals | Danmark","og_description":"Leder du efter en bordlampe, der kan tilf\u00f8je et strejf af elegance og varme til dit hjem? S\u00e5 er bordlampe Roxane det perfekte valg for dig. Denne lampe har et klassisk design med en smuk orange stofsk\u00e6rm og en fod af krystal, der reflekterer lyset p\u00e5 en fortryllende m\u00e5de. Bordlampe Roxane er ideel til at [&hellip;]","og_url":"https:\/\/last-chance.dk\/?product=bordlampe-roxane-30x51cm-orange","og_site_name":"LASTCHANCE Deals | Danmark","article_modified_time":"2025-09-19T17:37:11+00:00","og_image":[{"width":800,"height":662,"url":"https:\/\/last-chance.dk\/wp-content\/uploads\/2023\/11\/roxane.jpg","type":"image\/jpeg"}],"twitter_card":"summary_large_image","twitter_misc":{"Estimeret l\u00e6setid":"1 minut"},"schema":{"@context":"https:\/\/schema.org","@graph":[{"@type":"WebPage","@id":"https:\/\/last-chance.dk\/?product=bordlampe-roxane-30x51cm-orange","url":"https:\/\/last-chance.dk\/?product=bordlampe-roxane-30x51cm-orange","name":"Bordlampe Roxane 30x51cm orange - LASTCHANCE Deals | Danmark","isPartOf":{"@id":"https:\/\/last-chance.dk\/#website"},"primaryImageOfPage":{"@id":"https:\/\/last-chance.dk\/?product=bordlampe-roxane-30x51cm-orange#primaryimage"},"image":{"@id":"https:\/\/last-chance.dk\/?product=bordlampe-roxane-30x51cm-orange#primaryimage"},"thumbnailUrl":"https:\/\/last-chance.dk\/wp-content\/uploads\/2023\/11\/roxane.jpg","datePublished":"2023-11-06T14:46:04+00:00","dateModified":"2025-09-19T17:37:11+00:00","breadcrumb":{"@id":"https:\/\/last-chance.dk\/?product=bordlampe-roxane-30x51cm-orange#breadcrumb"},"inLanguage":"da-DK","potentialAction":[{"@type":"ReadAction","target":["https:\/\/last-chance.dk\/?product=bordlampe-roxane-30x51cm-orange"]}]},{"@type":"ImageObject","inLanguage":"da-DK","@id":"https:\/\/last-chance.dk\/?product=bordlampe-roxane-30x51cm-orange#primaryimage","url":"https:\/\/last-chance.dk\/wp-content\/uploads\/2023\/11\/roxane.jpg","contentUrl":"https:\/\/last-chance.dk\/wp-content\/uploads\/2023\/11\/roxane.jpg","width":800,"height":662},{"@type":"BreadcrumbList","@id":"https:\/\/last-chance.dk\/?product=bordlampe-roxane-30x51cm-orange#breadcrumb","itemListElement":[{"@type":"ListItem","position":1,"name":"Home","item":"https:\/\/last-chance.dk\/"},{"@type":"ListItem","position":2,"name":"Bordlampe Roxane 30x51cm orange"}]},{"@type":"WebSite","@id":"https:\/\/last-chance.dk\/#website","url":"https:\/\/last-chance.dk\/","name":"LASTCHANCE Deals | Danmark","description":"LASTCHANCE Deals | Danmark","publisher":{"@id":"https:\/\/last-chance.dk\/#organization"},"potentialAction":[{"@type":"SearchAction","target":{"@type":"EntryPoint","urlTemplate":"https:\/\/last-chance.dk\/?s={search_term_string}"},"query-input":{"@type":"PropertyValueSpecification","valueRequired":true,"valueName":"search_term_string"}}],"inLanguage":"da-DK"},{"@type":"Organization","@id":"https:\/\/last-chance.dk\/#organization","name":"LASTCHANCE Deals | Danmark","url":"https:\/\/last-chance.dk\/","logo":{"@type":"ImageObject","inLanguage":"da-DK","@id":"https:\/\/last-chance.dk\/#\/schema\/logo\/image\/","url":"https:\/\/last-chance.dk\/wp-content\/uploads\/2023\/10\/lastchancedeals_logo_dk_white.png","contentUrl":"https:\/\/last-chance.dk\/wp-content\/uploads\/2023\/10\/lastchancedeals_logo_dk_white.png","width":470,"height":110,"caption":"LASTCHANCE Deals | Danmark"},"image":{"@id":"https:\/\/last-chance.dk\/#\/schema\/logo\/image\/"}}]}},"_links":{"self":[{"href":"https:\/\/last-chance.dk\/index.php?rest_route=\/wp\/v2\/product\/8766","targetHints":{"allow":["GET"]}}],"collection":[{"href":"https:\/\/last-chance.dk\/index.php?rest_route=\/wp\/v2\/product"}],"about":[{"href":"https:\/\/last-chance.dk\/index.php?rest_route=\/wp\/v2\/types\/product"}],"replies":[{"embeddable":true,"href":"https:\/\/last-chance.dk\/index.php?rest_route=%2Fwp%2Fv2%2Fcomments&post=8766"}],"wp:featuredmedia":[{"embeddable":true,"href":"https:\/\/last-chance.dk\/index.php?rest_route=\/wp\/v2\/media\/8765"}],"wp:attachment":[{"href":"https:\/\/last-chance.dk\/index.php?rest_route=%2Fwp%2Fv2%2Fmedia&parent=8766"}],"wp:term":[{"taxonomy":"product_brand","embeddable":true,"href":"https:\/\/last-chance.dk\/index.php?rest_route=%2Fwp%2Fv2%2Fproduct_brand&post=8766"},{"taxonomy":"product_cat","embeddable":true,"href":"https:\/\/last-chance.dk\/index.php?rest_route=%2Fwp%2Fv2%2Fproduct_cat&post=8766"},{"taxonomy":"product_tag","embeddable":true,"href":"https:\/\/last-chance.dk\/index.php?rest_route=%2Fwp%2Fv2%2Fproduct_tag&post=8766"}],"curies":[{"name":"wp","href":"https:\/\/api.w.org\/{rel}","templated":true}]}}