{"id":8774,"date":"2023-11-06T14:46:20","date_gmt":"2023-11-06T14:46:20","guid":{"rendered":"https:\/\/www.lastchance.deals\/dk\/tuote\/bordlampe-blanche-43x69cm-hvid\/"},"modified":"2025-09-19T17:34:44","modified_gmt":"2025-09-19T17:34:44","slug":"bordlampe-blanche-43x69cm-hvid","status":"publish","type":"product","link":"https:\/\/last-chance.dk\/?product=bordlampe-blanche-43x69cm-hvid","title":{"rendered":"Bordlampe Blanche 43x69cm hvid"},"content":{"rendered":"<p>Er du p\u00e5 udkig efter en elegant og charmerende bordlampe til dit hjem? S\u00e5 er Bordlampe Blanche det perfekte valg for dig. Denne bordlampe har et klassisk design med en metalbase og en hvid fjerlampesk\u00e6rm, der skaber en hyggelig og romantisk stemning i rummet. Bordlampe Blanche er ideel til at placere p\u00e5 et natbord, et skrivebord eller et sofabord, hvor den vil lyse op med sit bl\u00f8de og varme lys. Bordlampe Blanche er fremstillet af ForrestDecor, en anerkendt producent af kvalitetsbelysning. Bordlampe Blanche leveres samlet, s\u00e5 du kan nemt s\u00e6tte den i stikkontakten og nyde dens sk\u00f8nhed. Bordlampe Blanche har ogs\u00e5 12 m\u00e5neders garanti, s\u00e5 du kan v\u00e6re sikker p\u00e5, at du f\u00e5r et holdbart og p\u00e5lideligt produkt. Bestil Bordlampe Blanche i dag og giv dit hjem et strejf af elegance og stil.<\/p>\n<p><\/p>\n<p>Leveringstid: Leveringstid 1 uge<br \/>\nStil: klassisk<br \/>\nMateriale: metal,fjer<br \/>\nFarve: hvid<br \/>\nLampefatning: E27<br \/>\nLampestik: ikke inkluderet<br \/>\nUdvendige dimensioner: 43x69cm<br \/>\nFabrikant: ForrestDecor<br \/>\nMontage: leveres samlet<br \/>\nGaranti: 12 m\u00e5neder<\/p>\n","protected":false},"excerpt":{"rendered":"<p>Er du p\u00e5 udkig efter en elegant og charmerende bordlampe til dit hjem? S\u00e5 er Bordlampe Blanche det perfekte valg for dig. Denne bordlampe har et klassisk design med en metalbase og en hvid fjerlampesk\u00e6rm, der skaber en hyggelig og romantisk stemning i rummet. Bordlampe Blanche er ideel til at placere p\u00e5 et natbord, et [&hellip;]<\/p>\n","protected":false},"featured_media":8767,"comment_status":"open","ping_status":"closed","template":"","meta":[],"product_brand":[],"product_cat":[166],"product_tag":[],"class_list":{"0":"post-8774","1":"product","2":"type-product","3":"status-publish","4":"has-post-thumbnail","6":"product_cat-desk-lamps","8":"first","9":"instock","10":"shipping-taxable","11":"purchasable","12":"product-type-simple"},"yoast_head":"<!-- This site is optimized with the Yoast SEO plugin v24.8.1 - https:\/\/yoast.com\/wordpress\/plugins\/seo\/ -->\n<title>Bordlampe Blanche 43x69cm hvid - LASTCHANCE Deals | Danmark<\/title>\n<meta name=\"robots\" content=\"index, follow, max-snippet:-1, max-image-preview:large, max-video-preview:-1\" \/>\n<link rel=\"canonical\" href=\"https:\/\/last-chance.dk\/?product=bordlampe-blanche-43x69cm-hvid\" \/>\n<meta property=\"og:locale\" content=\"da_DK\" \/>\n<meta property=\"og:type\" content=\"article\" \/>\n<meta property=\"og:title\" content=\"Bordlampe Blanche 43x69cm hvid - LASTCHANCE Deals | Danmark\" \/>\n<meta property=\"og:description\" content=\"Er du p\u00e5 udkig efter en elegant og charmerende bordlampe til dit hjem? S\u00e5 er Bordlampe Blanche det perfekte valg for dig. Denne bordlampe har et klassisk design med en metalbase og en hvid fjerlampesk\u00e6rm, der skaber en hyggelig og romantisk stemning i rummet. Bordlampe Blanche er ideel til at placere p\u00e5 et natbord, et [&hellip;]\" \/>\n<meta property=\"og:url\" content=\"https:\/\/last-chance.dk\/?product=bordlampe-blanche-43x69cm-hvid\" \/>\n<meta property=\"og:site_name\" content=\"LASTCHANCE Deals | Danmark\" \/>\n<meta property=\"article:modified_time\" content=\"2025-09-19T17:34:44+00:00\" \/>\n<meta property=\"og:image\" content=\"https:\/\/last-chance.dk\/wp-content\/uploads\/2023\/11\/blanche.jpg\" \/>\n\t<meta property=\"og:image:width\" content=\"750\" \/>\n\t<meta property=\"og:image:height\" content=\"823\" \/>\n\t<meta property=\"og:image:type\" content=\"image\/jpeg\" \/>\n<meta name=\"twitter:card\" content=\"summary_large_image\" \/>\n<meta name=\"twitter:label1\" content=\"Estimeret l\u00e6setid\" \/>\n\t<meta name=\"twitter:data1\" content=\"1 minut\" \/>\n<script type=\"application\/ld+json\" class=\"yoast-schema-graph\">{\"@context\":\"https:\/\/schema.org\",\"@graph\":[{\"@type\":\"WebPage\",\"@id\":\"https:\/\/last-chance.dk\/?product=bordlampe-blanche-43x69cm-hvid\",\"url\":\"https:\/\/last-chance.dk\/?product=bordlampe-blanche-43x69cm-hvid\",\"name\":\"Bordlampe Blanche 43x69cm hvid - LASTCHANCE Deals | Danmark\",\"isPartOf\":{\"@id\":\"https:\/\/last-chance.dk\/#website\"},\"primaryImageOfPage\":{\"@id\":\"https:\/\/last-chance.dk\/?product=bordlampe-blanche-43x69cm-hvid#primaryimage\"},\"image\":{\"@id\":\"https:\/\/last-chance.dk\/?product=bordlampe-blanche-43x69cm-hvid#primaryimage\"},\"thumbnailUrl\":\"https:\/\/last-chance.dk\/wp-content\/uploads\/2023\/11\/blanche.jpg\",\"datePublished\":\"2023-11-06T14:46:20+00:00\",\"dateModified\":\"2025-09-19T17:34:44+00:00\",\"breadcrumb\":{\"@id\":\"https:\/\/last-chance.dk\/?product=bordlampe-blanche-43x69cm-hvid#breadcrumb\"},\"inLanguage\":\"da-DK\",\"potentialAction\":[{\"@type\":\"ReadAction\",\"target\":[\"https:\/\/last-chance.dk\/?product=bordlampe-blanche-43x69cm-hvid\"]}]},{\"@type\":\"ImageObject\",\"inLanguage\":\"da-DK\",\"@id\":\"https:\/\/last-chance.dk\/?product=bordlampe-blanche-43x69cm-hvid#primaryimage\",\"url\":\"https:\/\/last-chance.dk\/wp-content\/uploads\/2023\/11\/blanche.jpg\",\"contentUrl\":\"https:\/\/last-chance.dk\/wp-content\/uploads\/2023\/11\/blanche.jpg\",\"width\":750,\"height\":823},{\"@type\":\"BreadcrumbList\",\"@id\":\"https:\/\/last-chance.dk\/?product=bordlampe-blanche-43x69cm-hvid#breadcrumb\",\"itemListElement\":[{\"@type\":\"ListItem\",\"position\":1,\"name\":\"Home\",\"item\":\"https:\/\/last-chance.dk\/\"},{\"@type\":\"ListItem\",\"position\":2,\"name\":\"Bordlampe Blanche 43x69cm hvid\"}]},{\"@type\":\"WebSite\",\"@id\":\"https:\/\/last-chance.dk\/#website\",\"url\":\"https:\/\/last-chance.dk\/\",\"name\":\"LASTCHANCE Deals | Danmark\",\"description\":\"LASTCHANCE Deals | Danmark\",\"publisher\":{\"@id\":\"https:\/\/last-chance.dk\/#organization\"},\"potentialAction\":[{\"@type\":\"SearchAction\",\"target\":{\"@type\":\"EntryPoint\",\"urlTemplate\":\"https:\/\/last-chance.dk\/?s={search_term_string}\"},\"query-input\":{\"@type\":\"PropertyValueSpecification\",\"valueRequired\":true,\"valueName\":\"search_term_string\"}}],\"inLanguage\":\"da-DK\"},{\"@type\":\"Organization\",\"@id\":\"https:\/\/last-chance.dk\/#organization\",\"name\":\"LASTCHANCE Deals | Danmark\",\"url\":\"https:\/\/last-chance.dk\/\",\"logo\":{\"@type\":\"ImageObject\",\"inLanguage\":\"da-DK\",\"@id\":\"https:\/\/last-chance.dk\/#\/schema\/logo\/image\/\",\"url\":\"https:\/\/last-chance.dk\/wp-content\/uploads\/2023\/10\/lastchancedeals_logo_dk_white.png\",\"contentUrl\":\"https:\/\/last-chance.dk\/wp-content\/uploads\/2023\/10\/lastchancedeals_logo_dk_white.png\",\"width\":470,\"height\":110,\"caption\":\"LASTCHANCE Deals | Danmark\"},\"image\":{\"@id\":\"https:\/\/last-chance.dk\/#\/schema\/logo\/image\/\"}}]}<\/script>\n<!-- \/ Yoast SEO plugin. -->","yoast_head_json":{"title":"Bordlampe Blanche 43x69cm hvid - LASTCHANCE Deals | Danmark","robots":{"index":"index","follow":"follow","max-snippet":"max-snippet:-1","max-image-preview":"max-image-preview:large","max-video-preview":"max-video-preview:-1"},"canonical":"https:\/\/last-chance.dk\/?product=bordlampe-blanche-43x69cm-hvid","og_locale":"da_DK","og_type":"article","og_title":"Bordlampe Blanche 43x69cm hvid - LASTCHANCE Deals | Danmark","og_description":"Er du p\u00e5 udkig efter en elegant og charmerende bordlampe til dit hjem? S\u00e5 er Bordlampe Blanche det perfekte valg for dig. Denne bordlampe har et klassisk design med en metalbase og en hvid fjerlampesk\u00e6rm, der skaber en hyggelig og romantisk stemning i rummet. Bordlampe Blanche er ideel til at placere p\u00e5 et natbord, et [&hellip;]","og_url":"https:\/\/last-chance.dk\/?product=bordlampe-blanche-43x69cm-hvid","og_site_name":"LASTCHANCE Deals | Danmark","article_modified_time":"2025-09-19T17:34:44+00:00","og_image":[{"width":750,"height":823,"url":"https:\/\/last-chance.dk\/wp-content\/uploads\/2023\/11\/blanche.jpg","type":"image\/jpeg"}],"twitter_card":"summary_large_image","twitter_misc":{"Estimeret l\u00e6setid":"1 minut"},"schema":{"@context":"https:\/\/schema.org","@graph":[{"@type":"WebPage","@id":"https:\/\/last-chance.dk\/?product=bordlampe-blanche-43x69cm-hvid","url":"https:\/\/last-chance.dk\/?product=bordlampe-blanche-43x69cm-hvid","name":"Bordlampe Blanche 43x69cm hvid - LASTCHANCE Deals | Danmark","isPartOf":{"@id":"https:\/\/last-chance.dk\/#website"},"primaryImageOfPage":{"@id":"https:\/\/last-chance.dk\/?product=bordlampe-blanche-43x69cm-hvid#primaryimage"},"image":{"@id":"https:\/\/last-chance.dk\/?product=bordlampe-blanche-43x69cm-hvid#primaryimage"},"thumbnailUrl":"https:\/\/last-chance.dk\/wp-content\/uploads\/2023\/11\/blanche.jpg","datePublished":"2023-11-06T14:46:20+00:00","dateModified":"2025-09-19T17:34:44+00:00","breadcrumb":{"@id":"https:\/\/last-chance.dk\/?product=bordlampe-blanche-43x69cm-hvid#breadcrumb"},"inLanguage":"da-DK","potentialAction":[{"@type":"ReadAction","target":["https:\/\/last-chance.dk\/?product=bordlampe-blanche-43x69cm-hvid"]}]},{"@type":"ImageObject","inLanguage":"da-DK","@id":"https:\/\/last-chance.dk\/?product=bordlampe-blanche-43x69cm-hvid#primaryimage","url":"https:\/\/last-chance.dk\/wp-content\/uploads\/2023\/11\/blanche.jpg","contentUrl":"https:\/\/last-chance.dk\/wp-content\/uploads\/2023\/11\/blanche.jpg","width":750,"height":823},{"@type":"BreadcrumbList","@id":"https:\/\/last-chance.dk\/?product=bordlampe-blanche-43x69cm-hvid#breadcrumb","itemListElement":[{"@type":"ListItem","position":1,"name":"Home","item":"https:\/\/last-chance.dk\/"},{"@type":"ListItem","position":2,"name":"Bordlampe Blanche 43x69cm hvid"}]},{"@type":"WebSite","@id":"https:\/\/last-chance.dk\/#website","url":"https:\/\/last-chance.dk\/","name":"LASTCHANCE Deals | Danmark","description":"LASTCHANCE Deals | Danmark","publisher":{"@id":"https:\/\/last-chance.dk\/#organization"},"potentialAction":[{"@type":"SearchAction","target":{"@type":"EntryPoint","urlTemplate":"https:\/\/last-chance.dk\/?s={search_term_string}"},"query-input":{"@type":"PropertyValueSpecification","valueRequired":true,"valueName":"search_term_string"}}],"inLanguage":"da-DK"},{"@type":"Organization","@id":"https:\/\/last-chance.dk\/#organization","name":"LASTCHANCE Deals | Danmark","url":"https:\/\/last-chance.dk\/","logo":{"@type":"ImageObject","inLanguage":"da-DK","@id":"https:\/\/last-chance.dk\/#\/schema\/logo\/image\/","url":"https:\/\/last-chance.dk\/wp-content\/uploads\/2023\/10\/lastchancedeals_logo_dk_white.png","contentUrl":"https:\/\/last-chance.dk\/wp-content\/uploads\/2023\/10\/lastchancedeals_logo_dk_white.png","width":470,"height":110,"caption":"LASTCHANCE Deals | Danmark"},"image":{"@id":"https:\/\/last-chance.dk\/#\/schema\/logo\/image\/"}}]}},"_links":{"self":[{"href":"https:\/\/last-chance.dk\/index.php?rest_route=\/wp\/v2\/product\/8774","targetHints":{"allow":["GET"]}}],"collection":[{"href":"https:\/\/last-chance.dk\/index.php?rest_route=\/wp\/v2\/product"}],"about":[{"href":"https:\/\/last-chance.dk\/index.php?rest_route=\/wp\/v2\/types\/product"}],"replies":[{"embeddable":true,"href":"https:\/\/last-chance.dk\/index.php?rest_route=%2Fwp%2Fv2%2Fcomments&post=8774"}],"wp:featuredmedia":[{"embeddable":true,"href":"https:\/\/last-chance.dk\/index.php?rest_route=\/wp\/v2\/media\/8767"}],"wp:attachment":[{"href":"https:\/\/last-chance.dk\/index.php?rest_route=%2Fwp%2Fv2%2Fmedia&parent=8774"}],"wp:term":[{"taxonomy":"product_brand","embeddable":true,"href":"https:\/\/last-chance.dk\/index.php?rest_route=%2Fwp%2Fv2%2Fproduct_brand&post=8774"},{"taxonomy":"product_cat","embeddable":true,"href":"https:\/\/last-chance.dk\/index.php?rest_route=%2Fwp%2Fv2%2Fproduct_cat&post=8774"},{"taxonomy":"product_tag","embeddable":true,"href":"https:\/\/last-chance.dk\/index.php?rest_route=%2Fwp%2Fv2%2Fproduct_tag&post=8774"}],"curies":[{"name":"wp","href":"https:\/\/api.w.org\/{rel}","templated":true}]}}