{"id":8777,"date":"2023-11-06T14:46:35","date_gmt":"2023-11-06T14:46:35","guid":{"rendered":"https:\/\/www.lastchance.deals\/dk\/tuote\/bordlampe-akari-20x15cm-hvid\/"},"modified":"2025-09-19T17:33:45","modified_gmt":"2025-09-19T17:33:45","slug":"bordlampe-akari-20x15cm-hvid","status":"publish","type":"product","link":"https:\/\/last-chance.dk\/?product=bordlampe-akari-20x15cm-hvid","title":{"rendered":"Bordlampe Akari 20x15cm hvid"},"content":{"rendered":"<p>Leder du efter en klassisk og elegant bordlampe til dit hjem? S\u00e5 er bordlampen Akari fra ForrestDecor m\u00e5ske noget for dig. Akari er en smuk lampe lavet af trilleb\u00f8r, et naturmateriale, der giver et bl\u00f8dt og varmt lys. Lampen har en hvid farve, der passer til enhver indretning, og et enkelt og tidl\u00f8st design, der er inspireret af den japansk-amerikanske kunstner Isamu Noguchi[^1^].<\/p>\n<p><\/p>\n<p>Bordlampen Akari har udvendige dimensioner p\u00e5 20&#215;15 cm, s\u00e5 den er nem at placere p\u00e5 et bord, en kommode eller et skrivebord. Lampen leveres samlet, s\u00e5 du skal bare s\u00e6tte den i stikkontakten og nyde det hyggelige lys. Lampen har en E27 fatning og en 12 m\u00e5neders garanti fra fabrikanten[^2^].<\/p>\n<p><\/p>\n<p>Hvis du vil have en bordlampe, der kombinerer kunst og funktionalitet, s\u00e5 er Akari det perfekte valg for dig. Bestil den i dag og f\u00e5 den leveret hurtigt og sikkert til din adresse.<\/p>\n<p><\/p>\n<p>Leveringstid: Leveringstid 1 uge<br \/>\nStil: klassisk<br \/>\nMateriale: trilleb\u00f8r<br \/>\nFarve: hvid<br \/>\nLampefatning: E27<br \/>\nLampestik: ikke inkluderet<br \/>\nUdvendige dimensioner: 20x15cm<br \/>\nFabrikant: ForrestDecor<br \/>\nMontage: leveres samlet<br \/>\nGaranti: 12 m\u00e5neder<\/p>\n","protected":false},"excerpt":{"rendered":"<p>Leder du efter en klassisk og elegant bordlampe til dit hjem? S\u00e5 er bordlampen Akari fra ForrestDecor m\u00e5ske noget for dig. Akari er en smuk lampe lavet af trilleb\u00f8r, et naturmateriale, der giver et bl\u00f8dt og varmt lys. Lampen har en hvid farve, der passer til enhver indretning, og et enkelt og tidl\u00f8st design, der [&hellip;]<\/p>\n","protected":false},"featured_media":8775,"comment_status":"open","ping_status":"closed","template":"","meta":[],"product_brand":[],"product_cat":[166],"product_tag":[],"class_list":{"0":"post-8777","1":"product","2":"type-product","3":"status-publish","4":"has-post-thumbnail","6":"product_cat-desk-lamps","8":"first","9":"instock","10":"shipping-taxable","11":"purchasable","12":"product-type-simple"},"yoast_head":"<!-- This site is optimized with the Yoast SEO plugin v24.8.1 - https:\/\/yoast.com\/wordpress\/plugins\/seo\/ -->\n<title>Bordlampe Akari 20x15cm hvid - LASTCHANCE Deals | Danmark<\/title>\n<meta name=\"robots\" content=\"index, follow, max-snippet:-1, max-image-preview:large, max-video-preview:-1\" \/>\n<link rel=\"canonical\" href=\"https:\/\/last-chance.dk\/?product=bordlampe-akari-20x15cm-hvid\" \/>\n<meta property=\"og:locale\" content=\"da_DK\" \/>\n<meta property=\"og:type\" content=\"article\" \/>\n<meta property=\"og:title\" content=\"Bordlampe Akari 20x15cm hvid - LASTCHANCE Deals | Danmark\" \/>\n<meta property=\"og:description\" content=\"Leder du efter en klassisk og elegant bordlampe til dit hjem? S\u00e5 er bordlampen Akari fra ForrestDecor m\u00e5ske noget for dig. Akari er en smuk lampe lavet af trilleb\u00f8r, et naturmateriale, der giver et bl\u00f8dt og varmt lys. Lampen har en hvid farve, der passer til enhver indretning, og et enkelt og tidl\u00f8st design, der [&hellip;]\" \/>\n<meta property=\"og:url\" content=\"https:\/\/last-chance.dk\/?product=bordlampe-akari-20x15cm-hvid\" \/>\n<meta property=\"og:site_name\" content=\"LASTCHANCE Deals | Danmark\" \/>\n<meta property=\"article:modified_time\" content=\"2025-09-19T17:33:45+00:00\" \/>\n<meta property=\"og:image\" content=\"https:\/\/last-chance.dk\/wp-content\/uploads\/2023\/11\/akari.jpg\" \/>\n\t<meta property=\"og:image:width\" content=\"790\" \/>\n\t<meta property=\"og:image:height\" content=\"488\" \/>\n\t<meta property=\"og:image:type\" content=\"image\/jpeg\" \/>\n<meta name=\"twitter:card\" content=\"summary_large_image\" \/>\n<meta name=\"twitter:label1\" content=\"Estimeret l\u00e6setid\" \/>\n\t<meta name=\"twitter:data1\" content=\"1 minut\" \/>\n<script type=\"application\/ld+json\" class=\"yoast-schema-graph\">{\"@context\":\"https:\/\/schema.org\",\"@graph\":[{\"@type\":\"WebPage\",\"@id\":\"https:\/\/last-chance.dk\/?product=bordlampe-akari-20x15cm-hvid\",\"url\":\"https:\/\/last-chance.dk\/?product=bordlampe-akari-20x15cm-hvid\",\"name\":\"Bordlampe Akari 20x15cm hvid - LASTCHANCE Deals | Danmark\",\"isPartOf\":{\"@id\":\"https:\/\/last-chance.dk\/#website\"},\"primaryImageOfPage\":{\"@id\":\"https:\/\/last-chance.dk\/?product=bordlampe-akari-20x15cm-hvid#primaryimage\"},\"image\":{\"@id\":\"https:\/\/last-chance.dk\/?product=bordlampe-akari-20x15cm-hvid#primaryimage\"},\"thumbnailUrl\":\"https:\/\/last-chance.dk\/wp-content\/uploads\/2023\/11\/akari.jpg\",\"datePublished\":\"2023-11-06T14:46:35+00:00\",\"dateModified\":\"2025-09-19T17:33:45+00:00\",\"breadcrumb\":{\"@id\":\"https:\/\/last-chance.dk\/?product=bordlampe-akari-20x15cm-hvid#breadcrumb\"},\"inLanguage\":\"da-DK\",\"potentialAction\":[{\"@type\":\"ReadAction\",\"target\":[\"https:\/\/last-chance.dk\/?product=bordlampe-akari-20x15cm-hvid\"]}]},{\"@type\":\"ImageObject\",\"inLanguage\":\"da-DK\",\"@id\":\"https:\/\/last-chance.dk\/?product=bordlampe-akari-20x15cm-hvid#primaryimage\",\"url\":\"https:\/\/last-chance.dk\/wp-content\/uploads\/2023\/11\/akari.jpg\",\"contentUrl\":\"https:\/\/last-chance.dk\/wp-content\/uploads\/2023\/11\/akari.jpg\",\"width\":790,\"height\":488},{\"@type\":\"BreadcrumbList\",\"@id\":\"https:\/\/last-chance.dk\/?product=bordlampe-akari-20x15cm-hvid#breadcrumb\",\"itemListElement\":[{\"@type\":\"ListItem\",\"position\":1,\"name\":\"Home\",\"item\":\"https:\/\/last-chance.dk\/\"},{\"@type\":\"ListItem\",\"position\":2,\"name\":\"Bordlampe Akari 20x15cm hvid\"}]},{\"@type\":\"WebSite\",\"@id\":\"https:\/\/last-chance.dk\/#website\",\"url\":\"https:\/\/last-chance.dk\/\",\"name\":\"LASTCHANCE Deals | Danmark\",\"description\":\"LASTCHANCE Deals | Danmark\",\"publisher\":{\"@id\":\"https:\/\/last-chance.dk\/#organization\"},\"potentialAction\":[{\"@type\":\"SearchAction\",\"target\":{\"@type\":\"EntryPoint\",\"urlTemplate\":\"https:\/\/last-chance.dk\/?s={search_term_string}\"},\"query-input\":{\"@type\":\"PropertyValueSpecification\",\"valueRequired\":true,\"valueName\":\"search_term_string\"}}],\"inLanguage\":\"da-DK\"},{\"@type\":\"Organization\",\"@id\":\"https:\/\/last-chance.dk\/#organization\",\"name\":\"LASTCHANCE Deals | Danmark\",\"url\":\"https:\/\/last-chance.dk\/\",\"logo\":{\"@type\":\"ImageObject\",\"inLanguage\":\"da-DK\",\"@id\":\"https:\/\/last-chance.dk\/#\/schema\/logo\/image\/\",\"url\":\"https:\/\/last-chance.dk\/wp-content\/uploads\/2023\/10\/lastchancedeals_logo_dk_white.png\",\"contentUrl\":\"https:\/\/last-chance.dk\/wp-content\/uploads\/2023\/10\/lastchancedeals_logo_dk_white.png\",\"width\":470,\"height\":110,\"caption\":\"LASTCHANCE Deals | Danmark\"},\"image\":{\"@id\":\"https:\/\/last-chance.dk\/#\/schema\/logo\/image\/\"}}]}<\/script>\n<!-- \/ Yoast SEO plugin. -->","yoast_head_json":{"title":"Bordlampe Akari 20x15cm hvid - LASTCHANCE Deals | Danmark","robots":{"index":"index","follow":"follow","max-snippet":"max-snippet:-1","max-image-preview":"max-image-preview:large","max-video-preview":"max-video-preview:-1"},"canonical":"https:\/\/last-chance.dk\/?product=bordlampe-akari-20x15cm-hvid","og_locale":"da_DK","og_type":"article","og_title":"Bordlampe Akari 20x15cm hvid - LASTCHANCE Deals | Danmark","og_description":"Leder du efter en klassisk og elegant bordlampe til dit hjem? S\u00e5 er bordlampen Akari fra ForrestDecor m\u00e5ske noget for dig. Akari er en smuk lampe lavet af trilleb\u00f8r, et naturmateriale, der giver et bl\u00f8dt og varmt lys. Lampen har en hvid farve, der passer til enhver indretning, og et enkelt og tidl\u00f8st design, der [&hellip;]","og_url":"https:\/\/last-chance.dk\/?product=bordlampe-akari-20x15cm-hvid","og_site_name":"LASTCHANCE Deals | Danmark","article_modified_time":"2025-09-19T17:33:45+00:00","og_image":[{"width":790,"height":488,"url":"https:\/\/last-chance.dk\/wp-content\/uploads\/2023\/11\/akari.jpg","type":"image\/jpeg"}],"twitter_card":"summary_large_image","twitter_misc":{"Estimeret l\u00e6setid":"1 minut"},"schema":{"@context":"https:\/\/schema.org","@graph":[{"@type":"WebPage","@id":"https:\/\/last-chance.dk\/?product=bordlampe-akari-20x15cm-hvid","url":"https:\/\/last-chance.dk\/?product=bordlampe-akari-20x15cm-hvid","name":"Bordlampe Akari 20x15cm hvid - LASTCHANCE Deals | Danmark","isPartOf":{"@id":"https:\/\/last-chance.dk\/#website"},"primaryImageOfPage":{"@id":"https:\/\/last-chance.dk\/?product=bordlampe-akari-20x15cm-hvid#primaryimage"},"image":{"@id":"https:\/\/last-chance.dk\/?product=bordlampe-akari-20x15cm-hvid#primaryimage"},"thumbnailUrl":"https:\/\/last-chance.dk\/wp-content\/uploads\/2023\/11\/akari.jpg","datePublished":"2023-11-06T14:46:35+00:00","dateModified":"2025-09-19T17:33:45+00:00","breadcrumb":{"@id":"https:\/\/last-chance.dk\/?product=bordlampe-akari-20x15cm-hvid#breadcrumb"},"inLanguage":"da-DK","potentialAction":[{"@type":"ReadAction","target":["https:\/\/last-chance.dk\/?product=bordlampe-akari-20x15cm-hvid"]}]},{"@type":"ImageObject","inLanguage":"da-DK","@id":"https:\/\/last-chance.dk\/?product=bordlampe-akari-20x15cm-hvid#primaryimage","url":"https:\/\/last-chance.dk\/wp-content\/uploads\/2023\/11\/akari.jpg","contentUrl":"https:\/\/last-chance.dk\/wp-content\/uploads\/2023\/11\/akari.jpg","width":790,"height":488},{"@type":"BreadcrumbList","@id":"https:\/\/last-chance.dk\/?product=bordlampe-akari-20x15cm-hvid#breadcrumb","itemListElement":[{"@type":"ListItem","position":1,"name":"Home","item":"https:\/\/last-chance.dk\/"},{"@type":"ListItem","position":2,"name":"Bordlampe Akari 20x15cm hvid"}]},{"@type":"WebSite","@id":"https:\/\/last-chance.dk\/#website","url":"https:\/\/last-chance.dk\/","name":"LASTCHANCE Deals | Danmark","description":"LASTCHANCE Deals | Danmark","publisher":{"@id":"https:\/\/last-chance.dk\/#organization"},"potentialAction":[{"@type":"SearchAction","target":{"@type":"EntryPoint","urlTemplate":"https:\/\/last-chance.dk\/?s={search_term_string}"},"query-input":{"@type":"PropertyValueSpecification","valueRequired":true,"valueName":"search_term_string"}}],"inLanguage":"da-DK"},{"@type":"Organization","@id":"https:\/\/last-chance.dk\/#organization","name":"LASTCHANCE Deals | Danmark","url":"https:\/\/last-chance.dk\/","logo":{"@type":"ImageObject","inLanguage":"da-DK","@id":"https:\/\/last-chance.dk\/#\/schema\/logo\/image\/","url":"https:\/\/last-chance.dk\/wp-content\/uploads\/2023\/10\/lastchancedeals_logo_dk_white.png","contentUrl":"https:\/\/last-chance.dk\/wp-content\/uploads\/2023\/10\/lastchancedeals_logo_dk_white.png","width":470,"height":110,"caption":"LASTCHANCE Deals | Danmark"},"image":{"@id":"https:\/\/last-chance.dk\/#\/schema\/logo\/image\/"}}]}},"_links":{"self":[{"href":"https:\/\/last-chance.dk\/index.php?rest_route=\/wp\/v2\/product\/8777","targetHints":{"allow":["GET"]}}],"collection":[{"href":"https:\/\/last-chance.dk\/index.php?rest_route=\/wp\/v2\/product"}],"about":[{"href":"https:\/\/last-chance.dk\/index.php?rest_route=\/wp\/v2\/types\/product"}],"replies":[{"embeddable":true,"href":"https:\/\/last-chance.dk\/index.php?rest_route=%2Fwp%2Fv2%2Fcomments&post=8777"}],"wp:featuredmedia":[{"embeddable":true,"href":"https:\/\/last-chance.dk\/index.php?rest_route=\/wp\/v2\/media\/8775"}],"wp:attachment":[{"href":"https:\/\/last-chance.dk\/index.php?rest_route=%2Fwp%2Fv2%2Fmedia&parent=8777"}],"wp:term":[{"taxonomy":"product_brand","embeddable":true,"href":"https:\/\/last-chance.dk\/index.php?rest_route=%2Fwp%2Fv2%2Fproduct_brand&post=8777"},{"taxonomy":"product_cat","embeddable":true,"href":"https:\/\/last-chance.dk\/index.php?rest_route=%2Fwp%2Fv2%2Fproduct_cat&post=8777"},{"taxonomy":"product_tag","embeddable":true,"href":"https:\/\/last-chance.dk\/index.php?rest_route=%2Fwp%2Fv2%2Fproduct_tag&post=8777"}],"curies":[{"name":"wp","href":"https:\/\/api.w.org\/{rel}","templated":true}]}}