{"id":8791,"date":"2023-11-06T14:47:15","date_gmt":"2023-11-06T14:47:15","guid":{"rendered":"https:\/\/www.lastchance.deals\/dk\/tuote\/spisestel-sephora-98-stykker\/"},"modified":"2025-09-19T18:39:49","modified_gmt":"2025-09-19T18:39:49","slug":"spisestel-sephora-98-stykker","status":"publish","type":"product","link":"https:\/\/last-chance.dk\/?product=spisestel-sephora-98-stykker","title":{"rendered":"Spisestel Sephora 98 stykker"},"content":{"rendered":"<p>Spisestel Sephoraer et elegant og moderne s\u00e6t af keramiske tallerkener, sk\u00e5le og kopper, der passer til enhver lejlighed. Det er fremstillet af ForrestDecor, en anerkendt fabrikant af kvalitetskeramik. Spisestellet har et enkelt og stilrent design med en diskret guldkant, der giver det et luksuri\u00f8st udtryk. Farven er neutral og passer til enhver bordd\u00e6kning.<\/p>\n<p><\/p>\n<p>Spisestellet best\u00e5r nemlig:<\/p>\n<p><\/p>\n<p>Spisestellet er lavet af keramik, et holdbart og naturligt materiale, der t\u00e5ler b\u00e5de opvaskemaskine og mikroovn. Keramik har en varm og hyggelig f\u00f8lelse, der g\u00f8r spisestellet velegnet til b\u00e5de hverdag og fest. Keramik er ogs\u00e5 et milj\u00f8venligt valg, da det er biologisk nedbrydeligt og ikke indeholder skadelige stoffer.<\/p>\n<p><\/p>\n<p>Spisestel Sephora 98 stykker er en perfekt gaveid\u00e9 til dig selv eller en du holder af. Det er et spisestel, der vil gl\u00e6de dig i mange \u00e5r fremover med sit smukke og tidl\u00f8se design. Bestil dit spisestel i dag og nyd godt af vores gode priser og hurtige levering.<\/p>\n<p><\/p>\n<p>Leveringstid: Leveringstid 1 uge<br \/>\nMateriale: keramisk<br \/>\nFarve: ikke angivet<br \/>\nFabrikant: ForrestDecor<\/p>\n","protected":false},"excerpt":{"rendered":"<p>Spisestel Sephoraer et elegant og moderne s\u00e6t af keramiske tallerkener, sk\u00e5le og kopper, der passer til enhver lejlighed. Det er fremstillet af ForrestDecor, en anerkendt fabrikant af kvalitetskeramik. Spisestellet har et enkelt og stilrent design med en diskret guldkant, der giver det et luksuri\u00f8st udtryk. Farven er neutral og passer til enhver bordd\u00e6kning. Spisestellet best\u00e5r [&hellip;]<\/p>\n","protected":false},"featured_media":8788,"comment_status":"open","ping_status":"closed","template":"","meta":[],"product_brand":[],"product_cat":[158],"product_tag":[],"class_list":{"0":"post-8791","1":"product","2":"type-product","3":"status-publish","4":"has-post-thumbnail","6":"product_cat-dishes-and-dish-sets","8":"first","9":"instock","10":"shipping-taxable","11":"purchasable","12":"product-type-simple"},"yoast_head":"<!-- This site is optimized with the Yoast SEO plugin v24.8.1 - https:\/\/yoast.com\/wordpress\/plugins\/seo\/ -->\n<title>Spisestel Sephora 98 stykker - LASTCHANCE Deals | Danmark<\/title>\n<meta name=\"robots\" content=\"index, follow, max-snippet:-1, max-image-preview:large, max-video-preview:-1\" \/>\n<link rel=\"canonical\" href=\"https:\/\/last-chance.dk\/?product=spisestel-sephora-98-stykker\" \/>\n<meta property=\"og:locale\" content=\"da_DK\" \/>\n<meta property=\"og:type\" content=\"article\" \/>\n<meta property=\"og:title\" content=\"Spisestel Sephora 98 stykker - LASTCHANCE Deals | Danmark\" \/>\n<meta property=\"og:description\" content=\"Spisestel Sephoraer et elegant og moderne s\u00e6t af keramiske tallerkener, sk\u00e5le og kopper, der passer til enhver lejlighed. Det er fremstillet af ForrestDecor, en anerkendt fabrikant af kvalitetskeramik. Spisestellet har et enkelt og stilrent design med en diskret guldkant, der giver det et luksuri\u00f8st udtryk. Farven er neutral og passer til enhver bordd\u00e6kning. Spisestellet best\u00e5r [&hellip;]\" \/>\n<meta property=\"og:url\" content=\"https:\/\/last-chance.dk\/?product=spisestel-sephora-98-stykker\" \/>\n<meta property=\"og:site_name\" content=\"LASTCHANCE Deals | Danmark\" \/>\n<meta property=\"article:modified_time\" content=\"2025-09-19T18:39:49+00:00\" \/>\n<meta property=\"og:image\" content=\"https:\/\/last-chance.dk\/wp-content\/uploads\/2023\/11\/sephora_a_2.jpg\" \/>\n\t<meta property=\"og:image:width\" content=\"700\" \/>\n\t<meta property=\"og:image:height\" content=\"401\" \/>\n\t<meta property=\"og:image:type\" content=\"image\/jpeg\" \/>\n<meta name=\"twitter:card\" content=\"summary_large_image\" \/>\n<meta name=\"twitter:label1\" content=\"Estimeret l\u00e6setid\" \/>\n\t<meta name=\"twitter:data1\" content=\"1 minut\" \/>\n<script type=\"application\/ld+json\" class=\"yoast-schema-graph\">{\"@context\":\"https:\/\/schema.org\",\"@graph\":[{\"@type\":\"WebPage\",\"@id\":\"https:\/\/last-chance.dk\/?product=spisestel-sephora-98-stykker\",\"url\":\"https:\/\/last-chance.dk\/?product=spisestel-sephora-98-stykker\",\"name\":\"Spisestel Sephora 98 stykker - LASTCHANCE Deals | Danmark\",\"isPartOf\":{\"@id\":\"https:\/\/last-chance.dk\/#website\"},\"primaryImageOfPage\":{\"@id\":\"https:\/\/last-chance.dk\/?product=spisestel-sephora-98-stykker#primaryimage\"},\"image\":{\"@id\":\"https:\/\/last-chance.dk\/?product=spisestel-sephora-98-stykker#primaryimage\"},\"thumbnailUrl\":\"https:\/\/last-chance.dk\/wp-content\/uploads\/2023\/11\/sephora_a_2.jpg\",\"datePublished\":\"2023-11-06T14:47:15+00:00\",\"dateModified\":\"2025-09-19T18:39:49+00:00\",\"breadcrumb\":{\"@id\":\"https:\/\/last-chance.dk\/?product=spisestel-sephora-98-stykker#breadcrumb\"},\"inLanguage\":\"da-DK\",\"potentialAction\":[{\"@type\":\"ReadAction\",\"target\":[\"https:\/\/last-chance.dk\/?product=spisestel-sephora-98-stykker\"]}]},{\"@type\":\"ImageObject\",\"inLanguage\":\"da-DK\",\"@id\":\"https:\/\/last-chance.dk\/?product=spisestel-sephora-98-stykker#primaryimage\",\"url\":\"https:\/\/last-chance.dk\/wp-content\/uploads\/2023\/11\/sephora_a_2.jpg\",\"contentUrl\":\"https:\/\/last-chance.dk\/wp-content\/uploads\/2023\/11\/sephora_a_2.jpg\",\"width\":700,\"height\":401},{\"@type\":\"BreadcrumbList\",\"@id\":\"https:\/\/last-chance.dk\/?product=spisestel-sephora-98-stykker#breadcrumb\",\"itemListElement\":[{\"@type\":\"ListItem\",\"position\":1,\"name\":\"Home\",\"item\":\"https:\/\/last-chance.dk\/\"},{\"@type\":\"ListItem\",\"position\":2,\"name\":\"Spisestel Sephora 98 stykker\"}]},{\"@type\":\"WebSite\",\"@id\":\"https:\/\/last-chance.dk\/#website\",\"url\":\"https:\/\/last-chance.dk\/\",\"name\":\"LASTCHANCE Deals | Danmark\",\"description\":\"LASTCHANCE Deals | Danmark\",\"publisher\":{\"@id\":\"https:\/\/last-chance.dk\/#organization\"},\"potentialAction\":[{\"@type\":\"SearchAction\",\"target\":{\"@type\":\"EntryPoint\",\"urlTemplate\":\"https:\/\/last-chance.dk\/?s={search_term_string}\"},\"query-input\":{\"@type\":\"PropertyValueSpecification\",\"valueRequired\":true,\"valueName\":\"search_term_string\"}}],\"inLanguage\":\"da-DK\"},{\"@type\":\"Organization\",\"@id\":\"https:\/\/last-chance.dk\/#organization\",\"name\":\"LASTCHANCE Deals | Danmark\",\"url\":\"https:\/\/last-chance.dk\/\",\"logo\":{\"@type\":\"ImageObject\",\"inLanguage\":\"da-DK\",\"@id\":\"https:\/\/last-chance.dk\/#\/schema\/logo\/image\/\",\"url\":\"https:\/\/last-chance.dk\/wp-content\/uploads\/2023\/10\/lastchancedeals_logo_dk_white.png\",\"contentUrl\":\"https:\/\/last-chance.dk\/wp-content\/uploads\/2023\/10\/lastchancedeals_logo_dk_white.png\",\"width\":470,\"height\":110,\"caption\":\"LASTCHANCE Deals | Danmark\"},\"image\":{\"@id\":\"https:\/\/last-chance.dk\/#\/schema\/logo\/image\/\"}}]}<\/script>\n<!-- \/ Yoast SEO plugin. -->","yoast_head_json":{"title":"Spisestel Sephora 98 stykker - LASTCHANCE Deals | Danmark","robots":{"index":"index","follow":"follow","max-snippet":"max-snippet:-1","max-image-preview":"max-image-preview:large","max-video-preview":"max-video-preview:-1"},"canonical":"https:\/\/last-chance.dk\/?product=spisestel-sephora-98-stykker","og_locale":"da_DK","og_type":"article","og_title":"Spisestel Sephora 98 stykker - LASTCHANCE Deals | Danmark","og_description":"Spisestel Sephoraer et elegant og moderne s\u00e6t af keramiske tallerkener, sk\u00e5le og kopper, der passer til enhver lejlighed. Det er fremstillet af ForrestDecor, en anerkendt fabrikant af kvalitetskeramik. Spisestellet har et enkelt og stilrent design med en diskret guldkant, der giver det et luksuri\u00f8st udtryk. Farven er neutral og passer til enhver bordd\u00e6kning. Spisestellet best\u00e5r [&hellip;]","og_url":"https:\/\/last-chance.dk\/?product=spisestel-sephora-98-stykker","og_site_name":"LASTCHANCE Deals | Danmark","article_modified_time":"2025-09-19T18:39:49+00:00","og_image":[{"width":700,"height":401,"url":"https:\/\/last-chance.dk\/wp-content\/uploads\/2023\/11\/sephora_a_2.jpg","type":"image\/jpeg"}],"twitter_card":"summary_large_image","twitter_misc":{"Estimeret l\u00e6setid":"1 minut"},"schema":{"@context":"https:\/\/schema.org","@graph":[{"@type":"WebPage","@id":"https:\/\/last-chance.dk\/?product=spisestel-sephora-98-stykker","url":"https:\/\/last-chance.dk\/?product=spisestel-sephora-98-stykker","name":"Spisestel Sephora 98 stykker - LASTCHANCE Deals | Danmark","isPartOf":{"@id":"https:\/\/last-chance.dk\/#website"},"primaryImageOfPage":{"@id":"https:\/\/last-chance.dk\/?product=spisestel-sephora-98-stykker#primaryimage"},"image":{"@id":"https:\/\/last-chance.dk\/?product=spisestel-sephora-98-stykker#primaryimage"},"thumbnailUrl":"https:\/\/last-chance.dk\/wp-content\/uploads\/2023\/11\/sephora_a_2.jpg","datePublished":"2023-11-06T14:47:15+00:00","dateModified":"2025-09-19T18:39:49+00:00","breadcrumb":{"@id":"https:\/\/last-chance.dk\/?product=spisestel-sephora-98-stykker#breadcrumb"},"inLanguage":"da-DK","potentialAction":[{"@type":"ReadAction","target":["https:\/\/last-chance.dk\/?product=spisestel-sephora-98-stykker"]}]},{"@type":"ImageObject","inLanguage":"da-DK","@id":"https:\/\/last-chance.dk\/?product=spisestel-sephora-98-stykker#primaryimage","url":"https:\/\/last-chance.dk\/wp-content\/uploads\/2023\/11\/sephora_a_2.jpg","contentUrl":"https:\/\/last-chance.dk\/wp-content\/uploads\/2023\/11\/sephora_a_2.jpg","width":700,"height":401},{"@type":"BreadcrumbList","@id":"https:\/\/last-chance.dk\/?product=spisestel-sephora-98-stykker#breadcrumb","itemListElement":[{"@type":"ListItem","position":1,"name":"Home","item":"https:\/\/last-chance.dk\/"},{"@type":"ListItem","position":2,"name":"Spisestel Sephora 98 stykker"}]},{"@type":"WebSite","@id":"https:\/\/last-chance.dk\/#website","url":"https:\/\/last-chance.dk\/","name":"LASTCHANCE Deals | Danmark","description":"LASTCHANCE Deals | Danmark","publisher":{"@id":"https:\/\/last-chance.dk\/#organization"},"potentialAction":[{"@type":"SearchAction","target":{"@type":"EntryPoint","urlTemplate":"https:\/\/last-chance.dk\/?s={search_term_string}"},"query-input":{"@type":"PropertyValueSpecification","valueRequired":true,"valueName":"search_term_string"}}],"inLanguage":"da-DK"},{"@type":"Organization","@id":"https:\/\/last-chance.dk\/#organization","name":"LASTCHANCE Deals | Danmark","url":"https:\/\/last-chance.dk\/","logo":{"@type":"ImageObject","inLanguage":"da-DK","@id":"https:\/\/last-chance.dk\/#\/schema\/logo\/image\/","url":"https:\/\/last-chance.dk\/wp-content\/uploads\/2023\/10\/lastchancedeals_logo_dk_white.png","contentUrl":"https:\/\/last-chance.dk\/wp-content\/uploads\/2023\/10\/lastchancedeals_logo_dk_white.png","width":470,"height":110,"caption":"LASTCHANCE Deals | Danmark"},"image":{"@id":"https:\/\/last-chance.dk\/#\/schema\/logo\/image\/"}}]}},"_links":{"self":[{"href":"https:\/\/last-chance.dk\/index.php?rest_route=\/wp\/v2\/product\/8791","targetHints":{"allow":["GET"]}}],"collection":[{"href":"https:\/\/last-chance.dk\/index.php?rest_route=\/wp\/v2\/product"}],"about":[{"href":"https:\/\/last-chance.dk\/index.php?rest_route=\/wp\/v2\/types\/product"}],"replies":[{"embeddable":true,"href":"https:\/\/last-chance.dk\/index.php?rest_route=%2Fwp%2Fv2%2Fcomments&post=8791"}],"wp:featuredmedia":[{"embeddable":true,"href":"https:\/\/last-chance.dk\/index.php?rest_route=\/wp\/v2\/media\/8788"}],"wp:attachment":[{"href":"https:\/\/last-chance.dk\/index.php?rest_route=%2Fwp%2Fv2%2Fmedia&parent=8791"}],"wp:term":[{"taxonomy":"product_brand","embeddable":true,"href":"https:\/\/last-chance.dk\/index.php?rest_route=%2Fwp%2Fv2%2Fproduct_brand&post=8791"},{"taxonomy":"product_cat","embeddable":true,"href":"https:\/\/last-chance.dk\/index.php?rest_route=%2Fwp%2Fv2%2Fproduct_cat&post=8791"},{"taxonomy":"product_tag","embeddable":true,"href":"https:\/\/last-chance.dk\/index.php?rest_route=%2Fwp%2Fv2%2Fproduct_tag&post=8791"}],"curies":[{"name":"wp","href":"https:\/\/api.w.org\/{rel}","templated":true}]}}