{"id":8827,"date":"2023-11-06T14:48:49","date_gmt":"2023-11-06T14:48:49","guid":{"rendered":"https:\/\/www.lastchance.deals\/dk\/tuote\/vaegdekoration-aimee-60x153cm-gylden\/"},"modified":"2025-09-19T19:03:33","modified_gmt":"2025-09-19T19:03:33","slug":"vaegdekoration-aimee-60x153cm-gylden","status":"publish","type":"product","link":"https:\/\/last-chance.dk\/?product=vaegdekoration-aimee-60x153cm-gylden","title":{"rendered":"V\u00e6gdekoration Aimee 60x153cm gylden"},"content":{"rendered":"<p><strong>V\u00e6gdekoration Aimee<\/strong> er en smuk og elegant m\u00e5de at forsk\u00f8nne dit hjem p\u00e5. Denne v\u00e6gdekoration er lavet af metal og jern i en gylden farve, der giver et varmt og luksuri\u00f8st udtryk. Den har et unikt design med organiske former og detaljer, der skaber en sp\u00e6ndende kontrast til den glatte v\u00e6g.<\/p>\n<p><\/p>\n<p>V\u00e6gdekorationen m\u00e5ler 60&#215;153 cm og er halvt samlet, s\u00e5 du nemt kan h\u00e6nge den op p\u00e5 din \u00f8nskede placering. Den er produceret af ForrestDecor, et firma der er kendt for deres kvalitet og kreativitet. V\u00e6gdekoration Aimee er en perfekt gave til dig selv eller en du holder af, der elsker at indrette med stil og personlighed.<\/p>\n<p><\/p>\n<p>Leveringstid: Leveringstid 1 uge<br \/>\nMateriale: metal,jern<br \/>\nFarve: gylden<br \/>\nDimensioner: 60x153cm<br \/>\nMontage: halvt samlet<br \/>\nFabrikant: ForrestDecor<\/p>\n","protected":false},"excerpt":{"rendered":"<p>V\u00e6gdekoration Aimee er en smuk og elegant m\u00e5de at forsk\u00f8nne dit hjem p\u00e5. Denne v\u00e6gdekoration er lavet af metal og jern i en gylden farve, der giver et varmt og luksuri\u00f8st udtryk. Den har et unikt design med organiske former og detaljer, der skaber en sp\u00e6ndende kontrast til den glatte v\u00e6g. V\u00e6gdekorationen m\u00e5ler 60&#215;153 cm [&hellip;]<\/p>\n","protected":false},"featured_media":8821,"comment_status":"open","ping_status":"closed","template":"","meta":[],"product_brand":[],"product_cat":[200],"product_tag":[],"class_list":{"0":"post-8827","1":"product","2":"type-product","3":"status-publish","4":"has-post-thumbnail","6":"product_cat-wall-decor","8":"first","9":"instock","10":"shipping-taxable","11":"purchasable","12":"product-type-simple"},"yoast_head":"<!-- This site is optimized with the Yoast SEO plugin v24.8.1 - https:\/\/yoast.com\/wordpress\/plugins\/seo\/ -->\n<title>V\u00e6gdekoration Aimee 60x153cm gylden - LASTCHANCE Deals | Danmark<\/title>\n<meta name=\"robots\" content=\"index, follow, max-snippet:-1, max-image-preview:large, max-video-preview:-1\" \/>\n<link rel=\"canonical\" href=\"https:\/\/last-chance.dk\/?product=vaegdekoration-aimee-60x153cm-gylden\" \/>\n<meta property=\"og:locale\" content=\"da_DK\" \/>\n<meta property=\"og:type\" content=\"article\" \/>\n<meta property=\"og:title\" content=\"V\u00e6gdekoration Aimee 60x153cm gylden - LASTCHANCE Deals | Danmark\" \/>\n<meta property=\"og:description\" content=\"V\u00e6gdekoration Aimee er en smuk og elegant m\u00e5de at forsk\u00f8nne dit hjem p\u00e5. Denne v\u00e6gdekoration er lavet af metal og jern i en gylden farve, der giver et varmt og luksuri\u00f8st udtryk. Den har et unikt design med organiske former og detaljer, der skaber en sp\u00e6ndende kontrast til den glatte v\u00e6g. V\u00e6gdekorationen m\u00e5ler 60&#215;153 cm [&hellip;]\" \/>\n<meta property=\"og:url\" content=\"https:\/\/last-chance.dk\/?product=vaegdekoration-aimee-60x153cm-gylden\" \/>\n<meta property=\"og:site_name\" content=\"LASTCHANCE Deals | Danmark\" \/>\n<meta property=\"article:modified_time\" content=\"2025-09-19T19:03:33+00:00\" \/>\n<meta property=\"og:image\" content=\"https:\/\/last-chance.dk\/wp-content\/uploads\/2023\/11\/aimee1.jpg\" \/>\n\t<meta property=\"og:image:width\" content=\"787\" \/>\n\t<meta property=\"og:image:height\" content=\"765\" \/>\n\t<meta property=\"og:image:type\" content=\"image\/jpeg\" \/>\n<meta name=\"twitter:card\" content=\"summary_large_image\" \/>\n<meta name=\"twitter:label1\" content=\"Estimeret l\u00e6setid\" \/>\n\t<meta name=\"twitter:data1\" content=\"1 minut\" \/>\n<script type=\"application\/ld+json\" class=\"yoast-schema-graph\">{\"@context\":\"https:\/\/schema.org\",\"@graph\":[{\"@type\":\"WebPage\",\"@id\":\"https:\/\/last-chance.dk\/?product=vaegdekoration-aimee-60x153cm-gylden\",\"url\":\"https:\/\/last-chance.dk\/?product=vaegdekoration-aimee-60x153cm-gylden\",\"name\":\"V\u00e6gdekoration Aimee 60x153cm gylden - LASTCHANCE Deals | Danmark\",\"isPartOf\":{\"@id\":\"https:\/\/last-chance.dk\/#website\"},\"primaryImageOfPage\":{\"@id\":\"https:\/\/last-chance.dk\/?product=vaegdekoration-aimee-60x153cm-gylden#primaryimage\"},\"image\":{\"@id\":\"https:\/\/last-chance.dk\/?product=vaegdekoration-aimee-60x153cm-gylden#primaryimage\"},\"thumbnailUrl\":\"https:\/\/last-chance.dk\/wp-content\/uploads\/2023\/11\/aimee1.jpg\",\"datePublished\":\"2023-11-06T14:48:49+00:00\",\"dateModified\":\"2025-09-19T19:03:33+00:00\",\"breadcrumb\":{\"@id\":\"https:\/\/last-chance.dk\/?product=vaegdekoration-aimee-60x153cm-gylden#breadcrumb\"},\"inLanguage\":\"da-DK\",\"potentialAction\":[{\"@type\":\"ReadAction\",\"target\":[\"https:\/\/last-chance.dk\/?product=vaegdekoration-aimee-60x153cm-gylden\"]}]},{\"@type\":\"ImageObject\",\"inLanguage\":\"da-DK\",\"@id\":\"https:\/\/last-chance.dk\/?product=vaegdekoration-aimee-60x153cm-gylden#primaryimage\",\"url\":\"https:\/\/last-chance.dk\/wp-content\/uploads\/2023\/11\/aimee1.jpg\",\"contentUrl\":\"https:\/\/last-chance.dk\/wp-content\/uploads\/2023\/11\/aimee1.jpg\",\"width\":787,\"height\":765},{\"@type\":\"BreadcrumbList\",\"@id\":\"https:\/\/last-chance.dk\/?product=vaegdekoration-aimee-60x153cm-gylden#breadcrumb\",\"itemListElement\":[{\"@type\":\"ListItem\",\"position\":1,\"name\":\"Home\",\"item\":\"https:\/\/last-chance.dk\/\"},{\"@type\":\"ListItem\",\"position\":2,\"name\":\"V\u00e6gdekoration Aimee 60x153cm gylden\"}]},{\"@type\":\"WebSite\",\"@id\":\"https:\/\/last-chance.dk\/#website\",\"url\":\"https:\/\/last-chance.dk\/\",\"name\":\"LASTCHANCE Deals | Danmark\",\"description\":\"LASTCHANCE Deals | Danmark\",\"publisher\":{\"@id\":\"https:\/\/last-chance.dk\/#organization\"},\"potentialAction\":[{\"@type\":\"SearchAction\",\"target\":{\"@type\":\"EntryPoint\",\"urlTemplate\":\"https:\/\/last-chance.dk\/?s={search_term_string}\"},\"query-input\":{\"@type\":\"PropertyValueSpecification\",\"valueRequired\":true,\"valueName\":\"search_term_string\"}}],\"inLanguage\":\"da-DK\"},{\"@type\":\"Organization\",\"@id\":\"https:\/\/last-chance.dk\/#organization\",\"name\":\"LASTCHANCE Deals | Danmark\",\"url\":\"https:\/\/last-chance.dk\/\",\"logo\":{\"@type\":\"ImageObject\",\"inLanguage\":\"da-DK\",\"@id\":\"https:\/\/last-chance.dk\/#\/schema\/logo\/image\/\",\"url\":\"https:\/\/last-chance.dk\/wp-content\/uploads\/2023\/10\/lastchancedeals_logo_dk_white.png\",\"contentUrl\":\"https:\/\/last-chance.dk\/wp-content\/uploads\/2023\/10\/lastchancedeals_logo_dk_white.png\",\"width\":470,\"height\":110,\"caption\":\"LASTCHANCE Deals | Danmark\"},\"image\":{\"@id\":\"https:\/\/last-chance.dk\/#\/schema\/logo\/image\/\"}}]}<\/script>\n<!-- \/ Yoast SEO plugin. -->","yoast_head_json":{"title":"V\u00e6gdekoration Aimee 60x153cm gylden - LASTCHANCE Deals | Danmark","robots":{"index":"index","follow":"follow","max-snippet":"max-snippet:-1","max-image-preview":"max-image-preview:large","max-video-preview":"max-video-preview:-1"},"canonical":"https:\/\/last-chance.dk\/?product=vaegdekoration-aimee-60x153cm-gylden","og_locale":"da_DK","og_type":"article","og_title":"V\u00e6gdekoration Aimee 60x153cm gylden - LASTCHANCE Deals | Danmark","og_description":"V\u00e6gdekoration Aimee er en smuk og elegant m\u00e5de at forsk\u00f8nne dit hjem p\u00e5. Denne v\u00e6gdekoration er lavet af metal og jern i en gylden farve, der giver et varmt og luksuri\u00f8st udtryk. Den har et unikt design med organiske former og detaljer, der skaber en sp\u00e6ndende kontrast til den glatte v\u00e6g. V\u00e6gdekorationen m\u00e5ler 60&#215;153 cm [&hellip;]","og_url":"https:\/\/last-chance.dk\/?product=vaegdekoration-aimee-60x153cm-gylden","og_site_name":"LASTCHANCE Deals | Danmark","article_modified_time":"2025-09-19T19:03:33+00:00","og_image":[{"width":787,"height":765,"url":"https:\/\/last-chance.dk\/wp-content\/uploads\/2023\/11\/aimee1.jpg","type":"image\/jpeg"}],"twitter_card":"summary_large_image","twitter_misc":{"Estimeret l\u00e6setid":"1 minut"},"schema":{"@context":"https:\/\/schema.org","@graph":[{"@type":"WebPage","@id":"https:\/\/last-chance.dk\/?product=vaegdekoration-aimee-60x153cm-gylden","url":"https:\/\/last-chance.dk\/?product=vaegdekoration-aimee-60x153cm-gylden","name":"V\u00e6gdekoration Aimee 60x153cm gylden - LASTCHANCE Deals | Danmark","isPartOf":{"@id":"https:\/\/last-chance.dk\/#website"},"primaryImageOfPage":{"@id":"https:\/\/last-chance.dk\/?product=vaegdekoration-aimee-60x153cm-gylden#primaryimage"},"image":{"@id":"https:\/\/last-chance.dk\/?product=vaegdekoration-aimee-60x153cm-gylden#primaryimage"},"thumbnailUrl":"https:\/\/last-chance.dk\/wp-content\/uploads\/2023\/11\/aimee1.jpg","datePublished":"2023-11-06T14:48:49+00:00","dateModified":"2025-09-19T19:03:33+00:00","breadcrumb":{"@id":"https:\/\/last-chance.dk\/?product=vaegdekoration-aimee-60x153cm-gylden#breadcrumb"},"inLanguage":"da-DK","potentialAction":[{"@type":"ReadAction","target":["https:\/\/last-chance.dk\/?product=vaegdekoration-aimee-60x153cm-gylden"]}]},{"@type":"ImageObject","inLanguage":"da-DK","@id":"https:\/\/last-chance.dk\/?product=vaegdekoration-aimee-60x153cm-gylden#primaryimage","url":"https:\/\/last-chance.dk\/wp-content\/uploads\/2023\/11\/aimee1.jpg","contentUrl":"https:\/\/last-chance.dk\/wp-content\/uploads\/2023\/11\/aimee1.jpg","width":787,"height":765},{"@type":"BreadcrumbList","@id":"https:\/\/last-chance.dk\/?product=vaegdekoration-aimee-60x153cm-gylden#breadcrumb","itemListElement":[{"@type":"ListItem","position":1,"name":"Home","item":"https:\/\/last-chance.dk\/"},{"@type":"ListItem","position":2,"name":"V\u00e6gdekoration Aimee 60x153cm gylden"}]},{"@type":"WebSite","@id":"https:\/\/last-chance.dk\/#website","url":"https:\/\/last-chance.dk\/","name":"LASTCHANCE Deals | Danmark","description":"LASTCHANCE Deals | Danmark","publisher":{"@id":"https:\/\/last-chance.dk\/#organization"},"potentialAction":[{"@type":"SearchAction","target":{"@type":"EntryPoint","urlTemplate":"https:\/\/last-chance.dk\/?s={search_term_string}"},"query-input":{"@type":"PropertyValueSpecification","valueRequired":true,"valueName":"search_term_string"}}],"inLanguage":"da-DK"},{"@type":"Organization","@id":"https:\/\/last-chance.dk\/#organization","name":"LASTCHANCE Deals | Danmark","url":"https:\/\/last-chance.dk\/","logo":{"@type":"ImageObject","inLanguage":"da-DK","@id":"https:\/\/last-chance.dk\/#\/schema\/logo\/image\/","url":"https:\/\/last-chance.dk\/wp-content\/uploads\/2023\/10\/lastchancedeals_logo_dk_white.png","contentUrl":"https:\/\/last-chance.dk\/wp-content\/uploads\/2023\/10\/lastchancedeals_logo_dk_white.png","width":470,"height":110,"caption":"LASTCHANCE Deals | Danmark"},"image":{"@id":"https:\/\/last-chance.dk\/#\/schema\/logo\/image\/"}}]}},"_links":{"self":[{"href":"https:\/\/last-chance.dk\/index.php?rest_route=\/wp\/v2\/product\/8827","targetHints":{"allow":["GET"]}}],"collection":[{"href":"https:\/\/last-chance.dk\/index.php?rest_route=\/wp\/v2\/product"}],"about":[{"href":"https:\/\/last-chance.dk\/index.php?rest_route=\/wp\/v2\/types\/product"}],"replies":[{"embeddable":true,"href":"https:\/\/last-chance.dk\/index.php?rest_route=%2Fwp%2Fv2%2Fcomments&post=8827"}],"wp:featuredmedia":[{"embeddable":true,"href":"https:\/\/last-chance.dk\/index.php?rest_route=\/wp\/v2\/media\/8821"}],"wp:attachment":[{"href":"https:\/\/last-chance.dk\/index.php?rest_route=%2Fwp%2Fv2%2Fmedia&parent=8827"}],"wp:term":[{"taxonomy":"product_brand","embeddable":true,"href":"https:\/\/last-chance.dk\/index.php?rest_route=%2Fwp%2Fv2%2Fproduct_brand&post=8827"},{"taxonomy":"product_cat","embeddable":true,"href":"https:\/\/last-chance.dk\/index.php?rest_route=%2Fwp%2Fv2%2Fproduct_cat&post=8827"},{"taxonomy":"product_tag","embeddable":true,"href":"https:\/\/last-chance.dk\/index.php?rest_route=%2Fwp%2Fv2%2Fproduct_tag&post=8827"}],"curies":[{"name":"wp","href":"https:\/\/api.w.org\/{rel}","templated":true}]}}