{"id":8843,"date":"2023-11-06T14:49:33","date_gmt":"2023-11-06T14:49:33","guid":{"rendered":"https:\/\/www.lastchance.deals\/dk\/tuote\/vaegdekoration-vaeg-spejl-alemont-58x58cm-sort\/"},"modified":"2025-09-19T19:04:38","modified_gmt":"2025-09-19T19:04:38","slug":"vaegdekoration-vaeg-spejl-alemont-58x58cm-sort","status":"publish","type":"product","link":"https:\/\/last-chance.dk\/?product=vaegdekoration-vaeg-spejl-alemont-58x58cm-sort","title":{"rendered":"V\u00e6gdekoration \/ V\u00e6g spejl Alemont 58x58cm sort"},"content":{"rendered":"<p>Er du p\u00e5 udkig efter en smuk og moderne v\u00e6g spejl&nbsp;til dit hjem? S\u00e5 er Alemont v\u00e6gdekorationen \/ v\u00e6g spejl fra ForrestDecor lige noget for dig. Alemont er en elegant og stilfuld v\u00e6gdekoration lavet af glas og plast i sort farve. Den har et flot geometrisk m\u00f8nster, der giver et dynamisk og sp\u00e6ndende udtryk til din v\u00e6g. Alemont m\u00e5ler 58x58cm og er let at montere p\u00e5 v\u00e6ggen med de medf\u00f8lgende beslag. Alemont er en perfekt m\u00e5de at tilf\u00f8je lidt personlighed og charme til din stue, sovev\u00e6relse eller entr\u00e9. Bestil din Alemont v\u00e6gdekoration i dag og gl\u00e6d dig til at modtage et unikt og kvalitetsbevidst produkt fra ForrestDecor.<\/p>\n<p><\/p>\n<p>Leveringstid: Leveringstid 1 uge<br \/>\nMateriale: glas,plast<br \/>\nFarve: sort<br \/>\nDimensioner: 58x58cm<br \/>\nMontage: halvt samlet<br \/>\nFabrikant: ForrestDecor<\/p>\n","protected":false},"excerpt":{"rendered":"<p>Er du p\u00e5 udkig efter en smuk og moderne v\u00e6g spejl&nbsp;til dit hjem? S\u00e5 er Alemont v\u00e6gdekorationen \/ v\u00e6g spejl fra ForrestDecor lige noget for dig. Alemont er en elegant og stilfuld v\u00e6gdekoration lavet af glas og plast i sort farve. Den har et flot geometrisk m\u00f8nster, der giver et dynamisk og sp\u00e6ndende udtryk til [&hellip;]<\/p>\n","protected":false},"featured_media":8835,"comment_status":"open","ping_status":"closed","template":"","meta":[],"product_brand":[],"product_cat":[200],"product_tag":[],"class_list":{"0":"post-8843","1":"product","2":"type-product","3":"status-publish","4":"has-post-thumbnail","6":"product_cat-wall-decor","8":"first","9":"instock","10":"shipping-taxable","11":"purchasable","12":"product-type-simple"},"yoast_head":"<!-- This site is optimized with the Yoast SEO plugin v24.8.1 - https:\/\/yoast.com\/wordpress\/plugins\/seo\/ -->\n<title>V\u00e6gdekoration \/ V\u00e6g spejl Alemont 58x58cm sort - LASTCHANCE Deals | Danmark<\/title>\n<meta name=\"robots\" content=\"index, follow, max-snippet:-1, max-image-preview:large, max-video-preview:-1\" \/>\n<link rel=\"canonical\" href=\"https:\/\/last-chance.dk\/?product=vaegdekoration-vaeg-spejl-alemont-58x58cm-sort\" \/>\n<meta property=\"og:locale\" content=\"da_DK\" \/>\n<meta property=\"og:type\" content=\"article\" \/>\n<meta property=\"og:title\" content=\"V\u00e6gdekoration \/ V\u00e6g spejl Alemont 58x58cm sort - LASTCHANCE Deals | Danmark\" \/>\n<meta property=\"og:description\" content=\"Er du p\u00e5 udkig efter en smuk og moderne v\u00e6g spejl&nbsp;til dit hjem? S\u00e5 er Alemont v\u00e6gdekorationen \/ v\u00e6g spejl fra ForrestDecor lige noget for dig. Alemont er en elegant og stilfuld v\u00e6gdekoration lavet af glas og plast i sort farve. Den har et flot geometrisk m\u00f8nster, der giver et dynamisk og sp\u00e6ndende udtryk til [&hellip;]\" \/>\n<meta property=\"og:url\" content=\"https:\/\/last-chance.dk\/?product=vaegdekoration-vaeg-spejl-alemont-58x58cm-sort\" \/>\n<meta property=\"og:site_name\" content=\"LASTCHANCE Deals | Danmark\" \/>\n<meta property=\"article:modified_time\" content=\"2025-09-19T19:04:38+00:00\" \/>\n<meta property=\"og:image\" content=\"https:\/\/last-chance.dk\/wp-content\/uploads\/2023\/11\/yw-1-7.jpg\" \/>\n\t<meta property=\"og:image:width\" content=\"556\" \/>\n\t<meta property=\"og:image:height\" content=\"570\" \/>\n\t<meta property=\"og:image:type\" content=\"image\/jpeg\" \/>\n<meta name=\"twitter:card\" content=\"summary_large_image\" \/>\n<meta name=\"twitter:label1\" content=\"Estimeret l\u00e6setid\" \/>\n\t<meta name=\"twitter:data1\" content=\"1 minut\" \/>\n<script type=\"application\/ld+json\" class=\"yoast-schema-graph\">{\"@context\":\"https:\/\/schema.org\",\"@graph\":[{\"@type\":\"WebPage\",\"@id\":\"https:\/\/last-chance.dk\/?product=vaegdekoration-vaeg-spejl-alemont-58x58cm-sort\",\"url\":\"https:\/\/last-chance.dk\/?product=vaegdekoration-vaeg-spejl-alemont-58x58cm-sort\",\"name\":\"V\u00e6gdekoration \/ V\u00e6g spejl Alemont 58x58cm sort - LASTCHANCE Deals | Danmark\",\"isPartOf\":{\"@id\":\"https:\/\/last-chance.dk\/#website\"},\"primaryImageOfPage\":{\"@id\":\"https:\/\/last-chance.dk\/?product=vaegdekoration-vaeg-spejl-alemont-58x58cm-sort#primaryimage\"},\"image\":{\"@id\":\"https:\/\/last-chance.dk\/?product=vaegdekoration-vaeg-spejl-alemont-58x58cm-sort#primaryimage\"},\"thumbnailUrl\":\"https:\/\/last-chance.dk\/wp-content\/uploads\/2023\/11\/yw-1-7.jpg\",\"datePublished\":\"2023-11-06T14:49:33+00:00\",\"dateModified\":\"2025-09-19T19:04:38+00:00\",\"breadcrumb\":{\"@id\":\"https:\/\/last-chance.dk\/?product=vaegdekoration-vaeg-spejl-alemont-58x58cm-sort#breadcrumb\"},\"inLanguage\":\"da-DK\",\"potentialAction\":[{\"@type\":\"ReadAction\",\"target\":[\"https:\/\/last-chance.dk\/?product=vaegdekoration-vaeg-spejl-alemont-58x58cm-sort\"]}]},{\"@type\":\"ImageObject\",\"inLanguage\":\"da-DK\",\"@id\":\"https:\/\/last-chance.dk\/?product=vaegdekoration-vaeg-spejl-alemont-58x58cm-sort#primaryimage\",\"url\":\"https:\/\/last-chance.dk\/wp-content\/uploads\/2023\/11\/yw-1-7.jpg\",\"contentUrl\":\"https:\/\/last-chance.dk\/wp-content\/uploads\/2023\/11\/yw-1-7.jpg\",\"width\":556,\"height\":570},{\"@type\":\"BreadcrumbList\",\"@id\":\"https:\/\/last-chance.dk\/?product=vaegdekoration-vaeg-spejl-alemont-58x58cm-sort#breadcrumb\",\"itemListElement\":[{\"@type\":\"ListItem\",\"position\":1,\"name\":\"Home\",\"item\":\"https:\/\/last-chance.dk\/\"},{\"@type\":\"ListItem\",\"position\":2,\"name\":\"V\u00e6gdekoration \/ V\u00e6g spejl Alemont 58x58cm sort\"}]},{\"@type\":\"WebSite\",\"@id\":\"https:\/\/last-chance.dk\/#website\",\"url\":\"https:\/\/last-chance.dk\/\",\"name\":\"LASTCHANCE Deals | Danmark\",\"description\":\"LASTCHANCE Deals | Danmark\",\"publisher\":{\"@id\":\"https:\/\/last-chance.dk\/#organization\"},\"potentialAction\":[{\"@type\":\"SearchAction\",\"target\":{\"@type\":\"EntryPoint\",\"urlTemplate\":\"https:\/\/last-chance.dk\/?s={search_term_string}\"},\"query-input\":{\"@type\":\"PropertyValueSpecification\",\"valueRequired\":true,\"valueName\":\"search_term_string\"}}],\"inLanguage\":\"da-DK\"},{\"@type\":\"Organization\",\"@id\":\"https:\/\/last-chance.dk\/#organization\",\"name\":\"LASTCHANCE Deals | Danmark\",\"url\":\"https:\/\/last-chance.dk\/\",\"logo\":{\"@type\":\"ImageObject\",\"inLanguage\":\"da-DK\",\"@id\":\"https:\/\/last-chance.dk\/#\/schema\/logo\/image\/\",\"url\":\"https:\/\/last-chance.dk\/wp-content\/uploads\/2023\/10\/lastchancedeals_logo_dk_white.png\",\"contentUrl\":\"https:\/\/last-chance.dk\/wp-content\/uploads\/2023\/10\/lastchancedeals_logo_dk_white.png\",\"width\":470,\"height\":110,\"caption\":\"LASTCHANCE Deals | Danmark\"},\"image\":{\"@id\":\"https:\/\/last-chance.dk\/#\/schema\/logo\/image\/\"}}]}<\/script>\n<!-- \/ Yoast SEO plugin. -->","yoast_head_json":{"title":"V\u00e6gdekoration \/ V\u00e6g spejl Alemont 58x58cm sort - LASTCHANCE Deals | Danmark","robots":{"index":"index","follow":"follow","max-snippet":"max-snippet:-1","max-image-preview":"max-image-preview:large","max-video-preview":"max-video-preview:-1"},"canonical":"https:\/\/last-chance.dk\/?product=vaegdekoration-vaeg-spejl-alemont-58x58cm-sort","og_locale":"da_DK","og_type":"article","og_title":"V\u00e6gdekoration \/ V\u00e6g spejl Alemont 58x58cm sort - LASTCHANCE Deals | Danmark","og_description":"Er du p\u00e5 udkig efter en smuk og moderne v\u00e6g spejl&nbsp;til dit hjem? S\u00e5 er Alemont v\u00e6gdekorationen \/ v\u00e6g spejl fra ForrestDecor lige noget for dig. Alemont er en elegant og stilfuld v\u00e6gdekoration lavet af glas og plast i sort farve. Den har et flot geometrisk m\u00f8nster, der giver et dynamisk og sp\u00e6ndende udtryk til [&hellip;]","og_url":"https:\/\/last-chance.dk\/?product=vaegdekoration-vaeg-spejl-alemont-58x58cm-sort","og_site_name":"LASTCHANCE Deals | Danmark","article_modified_time":"2025-09-19T19:04:38+00:00","og_image":[{"width":556,"height":570,"url":"https:\/\/last-chance.dk\/wp-content\/uploads\/2023\/11\/yw-1-7.jpg","type":"image\/jpeg"}],"twitter_card":"summary_large_image","twitter_misc":{"Estimeret l\u00e6setid":"1 minut"},"schema":{"@context":"https:\/\/schema.org","@graph":[{"@type":"WebPage","@id":"https:\/\/last-chance.dk\/?product=vaegdekoration-vaeg-spejl-alemont-58x58cm-sort","url":"https:\/\/last-chance.dk\/?product=vaegdekoration-vaeg-spejl-alemont-58x58cm-sort","name":"V\u00e6gdekoration \/ V\u00e6g spejl Alemont 58x58cm sort - LASTCHANCE Deals | Danmark","isPartOf":{"@id":"https:\/\/last-chance.dk\/#website"},"primaryImageOfPage":{"@id":"https:\/\/last-chance.dk\/?product=vaegdekoration-vaeg-spejl-alemont-58x58cm-sort#primaryimage"},"image":{"@id":"https:\/\/last-chance.dk\/?product=vaegdekoration-vaeg-spejl-alemont-58x58cm-sort#primaryimage"},"thumbnailUrl":"https:\/\/last-chance.dk\/wp-content\/uploads\/2023\/11\/yw-1-7.jpg","datePublished":"2023-11-06T14:49:33+00:00","dateModified":"2025-09-19T19:04:38+00:00","breadcrumb":{"@id":"https:\/\/last-chance.dk\/?product=vaegdekoration-vaeg-spejl-alemont-58x58cm-sort#breadcrumb"},"inLanguage":"da-DK","potentialAction":[{"@type":"ReadAction","target":["https:\/\/last-chance.dk\/?product=vaegdekoration-vaeg-spejl-alemont-58x58cm-sort"]}]},{"@type":"ImageObject","inLanguage":"da-DK","@id":"https:\/\/last-chance.dk\/?product=vaegdekoration-vaeg-spejl-alemont-58x58cm-sort#primaryimage","url":"https:\/\/last-chance.dk\/wp-content\/uploads\/2023\/11\/yw-1-7.jpg","contentUrl":"https:\/\/last-chance.dk\/wp-content\/uploads\/2023\/11\/yw-1-7.jpg","width":556,"height":570},{"@type":"BreadcrumbList","@id":"https:\/\/last-chance.dk\/?product=vaegdekoration-vaeg-spejl-alemont-58x58cm-sort#breadcrumb","itemListElement":[{"@type":"ListItem","position":1,"name":"Home","item":"https:\/\/last-chance.dk\/"},{"@type":"ListItem","position":2,"name":"V\u00e6gdekoration \/ V\u00e6g spejl Alemont 58x58cm sort"}]},{"@type":"WebSite","@id":"https:\/\/last-chance.dk\/#website","url":"https:\/\/last-chance.dk\/","name":"LASTCHANCE Deals | Danmark","description":"LASTCHANCE Deals | Danmark","publisher":{"@id":"https:\/\/last-chance.dk\/#organization"},"potentialAction":[{"@type":"SearchAction","target":{"@type":"EntryPoint","urlTemplate":"https:\/\/last-chance.dk\/?s={search_term_string}"},"query-input":{"@type":"PropertyValueSpecification","valueRequired":true,"valueName":"search_term_string"}}],"inLanguage":"da-DK"},{"@type":"Organization","@id":"https:\/\/last-chance.dk\/#organization","name":"LASTCHANCE Deals | Danmark","url":"https:\/\/last-chance.dk\/","logo":{"@type":"ImageObject","inLanguage":"da-DK","@id":"https:\/\/last-chance.dk\/#\/schema\/logo\/image\/","url":"https:\/\/last-chance.dk\/wp-content\/uploads\/2023\/10\/lastchancedeals_logo_dk_white.png","contentUrl":"https:\/\/last-chance.dk\/wp-content\/uploads\/2023\/10\/lastchancedeals_logo_dk_white.png","width":470,"height":110,"caption":"LASTCHANCE Deals | Danmark"},"image":{"@id":"https:\/\/last-chance.dk\/#\/schema\/logo\/image\/"}}]}},"_links":{"self":[{"href":"https:\/\/last-chance.dk\/index.php?rest_route=\/wp\/v2\/product\/8843","targetHints":{"allow":["GET"]}}],"collection":[{"href":"https:\/\/last-chance.dk\/index.php?rest_route=\/wp\/v2\/product"}],"about":[{"href":"https:\/\/last-chance.dk\/index.php?rest_route=\/wp\/v2\/types\/product"}],"replies":[{"embeddable":true,"href":"https:\/\/last-chance.dk\/index.php?rest_route=%2Fwp%2Fv2%2Fcomments&post=8843"}],"wp:featuredmedia":[{"embeddable":true,"href":"https:\/\/last-chance.dk\/index.php?rest_route=\/wp\/v2\/media\/8835"}],"wp:attachment":[{"href":"https:\/\/last-chance.dk\/index.php?rest_route=%2Fwp%2Fv2%2Fmedia&parent=8843"}],"wp:term":[{"taxonomy":"product_brand","embeddable":true,"href":"https:\/\/last-chance.dk\/index.php?rest_route=%2Fwp%2Fv2%2Fproduct_brand&post=8843"},{"taxonomy":"product_cat","embeddable":true,"href":"https:\/\/last-chance.dk\/index.php?rest_route=%2Fwp%2Fv2%2Fproduct_cat&post=8843"},{"taxonomy":"product_tag","embeddable":true,"href":"https:\/\/last-chance.dk\/index.php?rest_route=%2Fwp%2Fv2%2Fproduct_tag&post=8843"}],"curies":[{"name":"wp","href":"https:\/\/api.w.org\/{rel}","templated":true}]}}