{"id":8884,"date":"2023-11-06T14:51:10","date_gmt":"2023-11-06T14:51:10","guid":{"rendered":"https:\/\/www.lastchance.deals\/dk\/tuote\/pude-fribourg\/"},"modified":"2025-09-19T18:12:41","modified_gmt":"2025-09-19T18:12:41","slug":"pude-fribourg","status":"publish","type":"product","link":"https:\/\/last-chance.dk\/?product=pude-fribourg","title":{"rendered":"Pude Fribourg"},"content":{"rendered":"<p>Er du p\u00e5 udkig efter en ny pude til din sofa eller seng? S\u00e5 er pude Fribourg det perfekte valg for dig. Denne pude er lavet af skum, som giver dig en bl\u00f8d og behagelig st\u00f8tte til dit hoved og din nakke. Puden har en hvid farve, som passer til enhver indretning og stil. Puden m\u00e5ler 30x50cm, s\u00e5 den har en god st\u00f8rrelse til at kramme eller pynte med.<\/p>\n<p><\/p>\n<p>Pude Fribourg er produceret af ForrestDecor, et firma som er kendt for at lave kvalitetsprodukter til hjemmet. Puden har en garanti p\u00e5 12 m\u00e5neder, s\u00e5 du kan v\u00e6re sikker p\u00e5 at den holder l\u00e6nge. Puden er nem at reng\u00f8re, da du bare kan tage betr\u00e6kket af og vaske det i maskinen.<\/p>\n<p><\/p>\n<p>Bestil din pude Fribourg i dag og gl\u00e6d dig til at modtage den i din postkasse. Du vil elske at have denne pude i dit hjem, da den vil give dig komfort og hygge hver dag.<\/p>\n<p><\/p>\n<p>Leveringstid: Leveringstid 1 uge<br \/>\nMateriale: skum<br \/>\nFarve: hvid<br \/>\nDimensioner: 30x50cm<br \/>\nFabrikant: ForrestDecor<br \/>\nGaranti: 12 m\u00e5neder<\/p>\n","protected":false},"excerpt":{"rendered":"<p>Er du p\u00e5 udkig efter en ny pude til din sofa eller seng? S\u00e5 er pude Fribourg det perfekte valg for dig. Denne pude er lavet af skum, som giver dig en bl\u00f8d og behagelig st\u00f8tte til dit hoved og din nakke. Puden har en hvid farve, som passer til enhver indretning og stil. Puden [&hellip;]<\/p>\n","protected":false},"featured_media":8882,"comment_status":"open","ping_status":"closed","template":"","meta":[],"product_brand":[],"product_cat":[201],"product_tag":[],"class_list":{"0":"post-8884","1":"product","2":"type-product","3":"status-publish","4":"has-post-thumbnail","6":"product_cat-pillows","8":"first","9":"instock","10":"shipping-taxable","11":"purchasable","12":"product-type-simple"},"yoast_head":"<!-- This site is optimized with the Yoast SEO plugin v24.8.1 - https:\/\/yoast.com\/wordpress\/plugins\/seo\/ -->\n<title>Pude Fribourg - LASTCHANCE Deals | Danmark<\/title>\n<meta name=\"robots\" content=\"index, follow, max-snippet:-1, max-image-preview:large, max-video-preview:-1\" \/>\n<link rel=\"canonical\" href=\"https:\/\/last-chance.dk\/?product=pude-fribourg\" \/>\n<meta property=\"og:locale\" content=\"da_DK\" \/>\n<meta property=\"og:type\" content=\"article\" \/>\n<meta property=\"og:title\" content=\"Pude Fribourg - LASTCHANCE Deals | Danmark\" \/>\n<meta property=\"og:description\" content=\"Er du p\u00e5 udkig efter en ny pude til din sofa eller seng? S\u00e5 er pude Fribourg det perfekte valg for dig. Denne pude er lavet af skum, som giver dig en bl\u00f8d og behagelig st\u00f8tte til dit hoved og din nakke. Puden har en hvid farve, som passer til enhver indretning og stil. Puden [&hellip;]\" \/>\n<meta property=\"og:url\" content=\"https:\/\/last-chance.dk\/?product=pude-fribourg\" \/>\n<meta property=\"og:site_name\" content=\"LASTCHANCE Deals | Danmark\" \/>\n<meta property=\"article:modified_time\" content=\"2025-09-19T18:12:41+00:00\" \/>\n<meta property=\"og:image\" content=\"https:\/\/last-chance.dk\/wp-content\/uploads\/2023\/11\/fribourg1.jpg\" \/>\n\t<meta property=\"og:image:width\" content=\"796\" \/>\n\t<meta property=\"og:image:height\" content=\"518\" \/>\n\t<meta property=\"og:image:type\" content=\"image\/jpeg\" \/>\n<meta name=\"twitter:card\" content=\"summary_large_image\" \/>\n<meta name=\"twitter:label1\" content=\"Estimeret l\u00e6setid\" \/>\n\t<meta name=\"twitter:data1\" content=\"1 minut\" \/>\n<script type=\"application\/ld+json\" class=\"yoast-schema-graph\">{\"@context\":\"https:\/\/schema.org\",\"@graph\":[{\"@type\":\"WebPage\",\"@id\":\"https:\/\/last-chance.dk\/?product=pude-fribourg\",\"url\":\"https:\/\/last-chance.dk\/?product=pude-fribourg\",\"name\":\"Pude Fribourg - LASTCHANCE Deals | Danmark\",\"isPartOf\":{\"@id\":\"https:\/\/last-chance.dk\/#website\"},\"primaryImageOfPage\":{\"@id\":\"https:\/\/last-chance.dk\/?product=pude-fribourg#primaryimage\"},\"image\":{\"@id\":\"https:\/\/last-chance.dk\/?product=pude-fribourg#primaryimage\"},\"thumbnailUrl\":\"https:\/\/last-chance.dk\/wp-content\/uploads\/2023\/11\/fribourg1.jpg\",\"datePublished\":\"2023-11-06T14:51:10+00:00\",\"dateModified\":\"2025-09-19T18:12:41+00:00\",\"breadcrumb\":{\"@id\":\"https:\/\/last-chance.dk\/?product=pude-fribourg#breadcrumb\"},\"inLanguage\":\"da-DK\",\"potentialAction\":[{\"@type\":\"ReadAction\",\"target\":[\"https:\/\/last-chance.dk\/?product=pude-fribourg\"]}]},{\"@type\":\"ImageObject\",\"inLanguage\":\"da-DK\",\"@id\":\"https:\/\/last-chance.dk\/?product=pude-fribourg#primaryimage\",\"url\":\"https:\/\/last-chance.dk\/wp-content\/uploads\/2023\/11\/fribourg1.jpg\",\"contentUrl\":\"https:\/\/last-chance.dk\/wp-content\/uploads\/2023\/11\/fribourg1.jpg\",\"width\":796,\"height\":518},{\"@type\":\"BreadcrumbList\",\"@id\":\"https:\/\/last-chance.dk\/?product=pude-fribourg#breadcrumb\",\"itemListElement\":[{\"@type\":\"ListItem\",\"position\":1,\"name\":\"Home\",\"item\":\"https:\/\/last-chance.dk\/\"},{\"@type\":\"ListItem\",\"position\":2,\"name\":\"Pude Fribourg\"}]},{\"@type\":\"WebSite\",\"@id\":\"https:\/\/last-chance.dk\/#website\",\"url\":\"https:\/\/last-chance.dk\/\",\"name\":\"LASTCHANCE Deals | Danmark\",\"description\":\"LASTCHANCE Deals | Danmark\",\"publisher\":{\"@id\":\"https:\/\/last-chance.dk\/#organization\"},\"potentialAction\":[{\"@type\":\"SearchAction\",\"target\":{\"@type\":\"EntryPoint\",\"urlTemplate\":\"https:\/\/last-chance.dk\/?s={search_term_string}\"},\"query-input\":{\"@type\":\"PropertyValueSpecification\",\"valueRequired\":true,\"valueName\":\"search_term_string\"}}],\"inLanguage\":\"da-DK\"},{\"@type\":\"Organization\",\"@id\":\"https:\/\/last-chance.dk\/#organization\",\"name\":\"LASTCHANCE Deals | Danmark\",\"url\":\"https:\/\/last-chance.dk\/\",\"logo\":{\"@type\":\"ImageObject\",\"inLanguage\":\"da-DK\",\"@id\":\"https:\/\/last-chance.dk\/#\/schema\/logo\/image\/\",\"url\":\"https:\/\/last-chance.dk\/wp-content\/uploads\/2023\/10\/lastchancedeals_logo_dk_white.png\",\"contentUrl\":\"https:\/\/last-chance.dk\/wp-content\/uploads\/2023\/10\/lastchancedeals_logo_dk_white.png\",\"width\":470,\"height\":110,\"caption\":\"LASTCHANCE Deals | Danmark\"},\"image\":{\"@id\":\"https:\/\/last-chance.dk\/#\/schema\/logo\/image\/\"}}]}<\/script>\n<!-- \/ Yoast SEO plugin. -->","yoast_head_json":{"title":"Pude Fribourg - LASTCHANCE Deals | Danmark","robots":{"index":"index","follow":"follow","max-snippet":"max-snippet:-1","max-image-preview":"max-image-preview:large","max-video-preview":"max-video-preview:-1"},"canonical":"https:\/\/last-chance.dk\/?product=pude-fribourg","og_locale":"da_DK","og_type":"article","og_title":"Pude Fribourg - LASTCHANCE Deals | Danmark","og_description":"Er du p\u00e5 udkig efter en ny pude til din sofa eller seng? S\u00e5 er pude Fribourg det perfekte valg for dig. Denne pude er lavet af skum, som giver dig en bl\u00f8d og behagelig st\u00f8tte til dit hoved og din nakke. Puden har en hvid farve, som passer til enhver indretning og stil. Puden [&hellip;]","og_url":"https:\/\/last-chance.dk\/?product=pude-fribourg","og_site_name":"LASTCHANCE Deals | Danmark","article_modified_time":"2025-09-19T18:12:41+00:00","og_image":[{"width":796,"height":518,"url":"https:\/\/last-chance.dk\/wp-content\/uploads\/2023\/11\/fribourg1.jpg","type":"image\/jpeg"}],"twitter_card":"summary_large_image","twitter_misc":{"Estimeret l\u00e6setid":"1 minut"},"schema":{"@context":"https:\/\/schema.org","@graph":[{"@type":"WebPage","@id":"https:\/\/last-chance.dk\/?product=pude-fribourg","url":"https:\/\/last-chance.dk\/?product=pude-fribourg","name":"Pude Fribourg - LASTCHANCE Deals | Danmark","isPartOf":{"@id":"https:\/\/last-chance.dk\/#website"},"primaryImageOfPage":{"@id":"https:\/\/last-chance.dk\/?product=pude-fribourg#primaryimage"},"image":{"@id":"https:\/\/last-chance.dk\/?product=pude-fribourg#primaryimage"},"thumbnailUrl":"https:\/\/last-chance.dk\/wp-content\/uploads\/2023\/11\/fribourg1.jpg","datePublished":"2023-11-06T14:51:10+00:00","dateModified":"2025-09-19T18:12:41+00:00","breadcrumb":{"@id":"https:\/\/last-chance.dk\/?product=pude-fribourg#breadcrumb"},"inLanguage":"da-DK","potentialAction":[{"@type":"ReadAction","target":["https:\/\/last-chance.dk\/?product=pude-fribourg"]}]},{"@type":"ImageObject","inLanguage":"da-DK","@id":"https:\/\/last-chance.dk\/?product=pude-fribourg#primaryimage","url":"https:\/\/last-chance.dk\/wp-content\/uploads\/2023\/11\/fribourg1.jpg","contentUrl":"https:\/\/last-chance.dk\/wp-content\/uploads\/2023\/11\/fribourg1.jpg","width":796,"height":518},{"@type":"BreadcrumbList","@id":"https:\/\/last-chance.dk\/?product=pude-fribourg#breadcrumb","itemListElement":[{"@type":"ListItem","position":1,"name":"Home","item":"https:\/\/last-chance.dk\/"},{"@type":"ListItem","position":2,"name":"Pude Fribourg"}]},{"@type":"WebSite","@id":"https:\/\/last-chance.dk\/#website","url":"https:\/\/last-chance.dk\/","name":"LASTCHANCE Deals | Danmark","description":"LASTCHANCE Deals | Danmark","publisher":{"@id":"https:\/\/last-chance.dk\/#organization"},"potentialAction":[{"@type":"SearchAction","target":{"@type":"EntryPoint","urlTemplate":"https:\/\/last-chance.dk\/?s={search_term_string}"},"query-input":{"@type":"PropertyValueSpecification","valueRequired":true,"valueName":"search_term_string"}}],"inLanguage":"da-DK"},{"@type":"Organization","@id":"https:\/\/last-chance.dk\/#organization","name":"LASTCHANCE Deals | Danmark","url":"https:\/\/last-chance.dk\/","logo":{"@type":"ImageObject","inLanguage":"da-DK","@id":"https:\/\/last-chance.dk\/#\/schema\/logo\/image\/","url":"https:\/\/last-chance.dk\/wp-content\/uploads\/2023\/10\/lastchancedeals_logo_dk_white.png","contentUrl":"https:\/\/last-chance.dk\/wp-content\/uploads\/2023\/10\/lastchancedeals_logo_dk_white.png","width":470,"height":110,"caption":"LASTCHANCE Deals | Danmark"},"image":{"@id":"https:\/\/last-chance.dk\/#\/schema\/logo\/image\/"}}]}},"_links":{"self":[{"href":"https:\/\/last-chance.dk\/index.php?rest_route=\/wp\/v2\/product\/8884","targetHints":{"allow":["GET"]}}],"collection":[{"href":"https:\/\/last-chance.dk\/index.php?rest_route=\/wp\/v2\/product"}],"about":[{"href":"https:\/\/last-chance.dk\/index.php?rest_route=\/wp\/v2\/types\/product"}],"replies":[{"embeddable":true,"href":"https:\/\/last-chance.dk\/index.php?rest_route=%2Fwp%2Fv2%2Fcomments&post=8884"}],"wp:featuredmedia":[{"embeddable":true,"href":"https:\/\/last-chance.dk\/index.php?rest_route=\/wp\/v2\/media\/8882"}],"wp:attachment":[{"href":"https:\/\/last-chance.dk\/index.php?rest_route=%2Fwp%2Fv2%2Fmedia&parent=8884"}],"wp:term":[{"taxonomy":"product_brand","embeddable":true,"href":"https:\/\/last-chance.dk\/index.php?rest_route=%2Fwp%2Fv2%2Fproduct_brand&post=8884"},{"taxonomy":"product_cat","embeddable":true,"href":"https:\/\/last-chance.dk\/index.php?rest_route=%2Fwp%2Fv2%2Fproduct_cat&post=8884"},{"taxonomy":"product_tag","embeddable":true,"href":"https:\/\/last-chance.dk\/index.php?rest_route=%2Fwp%2Fv2%2Fproduct_tag&post=8884"}],"curies":[{"name":"wp","href":"https:\/\/api.w.org\/{rel}","templated":true}]}}