{"id":8893,"date":"2023-11-06T14:51:53","date_gmt":"2023-11-06T14:51:53","guid":{"rendered":"https:\/\/www.lastchance.deals\/dk\/tuote\/vaegmaleri-karlstad-170x50cm\/"},"modified":"2025-09-19T19:08:19","modified_gmt":"2025-09-19T19:08:19","slug":"vaegmaleri-karlstad-170x50cm","status":"publish","type":"product","link":"https:\/\/last-chance.dk\/?product=vaegmaleri-karlstad-170x50cm","title":{"rendered":"V\u00e6gmaleri Karlstad 170x50cm"},"content":{"rendered":"<p>Skab en hyggelig og stemningsfuld atmosf\u00e6re i dit hjem med dette smukke v\u00e6gmaleri Karlstad fra ForrestDecor. V\u00e6gmaleriet er lavet af stof og har et flot motiv af byen Karlstad i Sverige, som er kendt for sin charme og kultur. V\u00e6gmaleriet m\u00e5ler 170x50cm og passer perfekt til en tom v\u00e6g i stuen, sovev\u00e6relset eller kontoret. Det er beregnet til indend\u00f8rs brug og leveres samlet, s\u00e5 du nemt kan h\u00e6nge det op p\u00e5 din \u00f8nskede placering. V\u00e6gmaleriet har en neutral farve, som passer til enhver indretning og stil. Det er et unikt og anderledes kunstv\u00e6rk, som vil tilf\u00f8je personlighed og karakter til dit rum.<\/p>\n<p><\/p>\n<p>Bestil dit v\u00e6gmaleri Karlstad i dag og gl\u00e6d dig til at modtage et flot og kvalitetsrigt produkt fra ForrestDecor, som er en f\u00f8rende producent af v\u00e6gdekorationer. ForrestDecor har mange \u00e5rs erfaring med at skabe smukke og originale v\u00e6gmalerier, som er inspireret af naturen, kulturen og historien. Du vil helt sikkert blive imponeret over det fine h\u00e5ndv\u00e6rk og den h\u00f8je detaljegrad, som v\u00e6gmaleriet har. Det er en fantastisk m\u00e5de at bringe lidt af verden ind i dit hjem og skabe en hyggelig stemning.<\/p>\n<p><\/p>\n<p>Leveringstid: Leveringstid 1 uge<br \/>\nMateriale: stof<br \/>\nFarve: ikke angivet<br \/>\nDimensioner: 170x50cm<br \/>\nBeregnet til: Indend\u00f8rs brug<br \/>\nBel\u00f8b: 1<br \/>\nMontage: leveres samlet<br \/>\nFabrikant: ForrestDecor<\/p>\n","protected":false},"excerpt":{"rendered":"<p>Skab en hyggelig og stemningsfuld atmosf\u00e6re i dit hjem med dette smukke v\u00e6gmaleri Karlstad fra ForrestDecor. V\u00e6gmaleriet er lavet af stof og har et flot motiv af byen Karlstad i Sverige, som er kendt for sin charme og kultur. V\u00e6gmaleriet m\u00e5ler 170x50cm og passer perfekt til en tom v\u00e6g i stuen, sovev\u00e6relset eller kontoret. Det [&hellip;]<\/p>\n","protected":false},"featured_media":8892,"comment_status":"open","ping_status":"closed","template":"","meta":[],"product_brand":[],"product_cat":[200],"product_tag":[],"class_list":{"0":"post-8893","1":"product","2":"type-product","3":"status-publish","4":"has-post-thumbnail","6":"product_cat-wall-decor","8":"first","9":"instock","10":"shipping-taxable","11":"purchasable","12":"product-type-simple"},"yoast_head":"<!-- This site is optimized with the Yoast SEO plugin v24.8.1 - https:\/\/yoast.com\/wordpress\/plugins\/seo\/ -->\n<title>V\u00e6gmaleri Karlstad 170x50cm - LASTCHANCE Deals | Danmark<\/title>\n<meta name=\"robots\" content=\"index, follow, max-snippet:-1, max-image-preview:large, max-video-preview:-1\" \/>\n<link rel=\"canonical\" href=\"https:\/\/last-chance.dk\/?product=vaegmaleri-karlstad-170x50cm\" \/>\n<meta property=\"og:locale\" content=\"da_DK\" \/>\n<meta property=\"og:type\" content=\"article\" \/>\n<meta property=\"og:title\" content=\"V\u00e6gmaleri Karlstad 170x50cm - LASTCHANCE Deals | Danmark\" \/>\n<meta property=\"og:description\" content=\"Skab en hyggelig og stemningsfuld atmosf\u00e6re i dit hjem med dette smukke v\u00e6gmaleri Karlstad fra ForrestDecor. V\u00e6gmaleriet er lavet af stof og har et flot motiv af byen Karlstad i Sverige, som er kendt for sin charme og kultur. V\u00e6gmaleriet m\u00e5ler 170x50cm og passer perfekt til en tom v\u00e6g i stuen, sovev\u00e6relset eller kontoret. Det [&hellip;]\" \/>\n<meta property=\"og:url\" content=\"https:\/\/last-chance.dk\/?product=vaegmaleri-karlstad-170x50cm\" \/>\n<meta property=\"og:site_name\" content=\"LASTCHANCE Deals | Danmark\" \/>\n<meta property=\"article:modified_time\" content=\"2025-09-19T19:08:19+00:00\" \/>\n<meta property=\"og:image\" content=\"https:\/\/last-chance.dk\/wp-content\/uploads\/2023\/11\/karlstad.jpg\" \/>\n\t<meta property=\"og:image:width\" content=\"400\" \/>\n\t<meta property=\"og:image:height\" content=\"400\" \/>\n\t<meta property=\"og:image:type\" content=\"image\/jpeg\" \/>\n<meta name=\"twitter:card\" content=\"summary_large_image\" \/>\n<meta name=\"twitter:label1\" content=\"Estimeret l\u00e6setid\" \/>\n\t<meta name=\"twitter:data1\" content=\"1 minut\" \/>\n<script type=\"application\/ld+json\" class=\"yoast-schema-graph\">{\"@context\":\"https:\/\/schema.org\",\"@graph\":[{\"@type\":\"WebPage\",\"@id\":\"https:\/\/last-chance.dk\/?product=vaegmaleri-karlstad-170x50cm\",\"url\":\"https:\/\/last-chance.dk\/?product=vaegmaleri-karlstad-170x50cm\",\"name\":\"V\u00e6gmaleri Karlstad 170x50cm - LASTCHANCE Deals | Danmark\",\"isPartOf\":{\"@id\":\"https:\/\/last-chance.dk\/#website\"},\"primaryImageOfPage\":{\"@id\":\"https:\/\/last-chance.dk\/?product=vaegmaleri-karlstad-170x50cm#primaryimage\"},\"image\":{\"@id\":\"https:\/\/last-chance.dk\/?product=vaegmaleri-karlstad-170x50cm#primaryimage\"},\"thumbnailUrl\":\"https:\/\/last-chance.dk\/wp-content\/uploads\/2023\/11\/karlstad.jpg\",\"datePublished\":\"2023-11-06T14:51:53+00:00\",\"dateModified\":\"2025-09-19T19:08:19+00:00\",\"breadcrumb\":{\"@id\":\"https:\/\/last-chance.dk\/?product=vaegmaleri-karlstad-170x50cm#breadcrumb\"},\"inLanguage\":\"da-DK\",\"potentialAction\":[{\"@type\":\"ReadAction\",\"target\":[\"https:\/\/last-chance.dk\/?product=vaegmaleri-karlstad-170x50cm\"]}]},{\"@type\":\"ImageObject\",\"inLanguage\":\"da-DK\",\"@id\":\"https:\/\/last-chance.dk\/?product=vaegmaleri-karlstad-170x50cm#primaryimage\",\"url\":\"https:\/\/last-chance.dk\/wp-content\/uploads\/2023\/11\/karlstad.jpg\",\"contentUrl\":\"https:\/\/last-chance.dk\/wp-content\/uploads\/2023\/11\/karlstad.jpg\",\"width\":400,\"height\":400},{\"@type\":\"BreadcrumbList\",\"@id\":\"https:\/\/last-chance.dk\/?product=vaegmaleri-karlstad-170x50cm#breadcrumb\",\"itemListElement\":[{\"@type\":\"ListItem\",\"position\":1,\"name\":\"Home\",\"item\":\"https:\/\/last-chance.dk\/\"},{\"@type\":\"ListItem\",\"position\":2,\"name\":\"V\u00e6gmaleri Karlstad 170x50cm\"}]},{\"@type\":\"WebSite\",\"@id\":\"https:\/\/last-chance.dk\/#website\",\"url\":\"https:\/\/last-chance.dk\/\",\"name\":\"LASTCHANCE Deals | Danmark\",\"description\":\"LASTCHANCE Deals | Danmark\",\"publisher\":{\"@id\":\"https:\/\/last-chance.dk\/#organization\"},\"potentialAction\":[{\"@type\":\"SearchAction\",\"target\":{\"@type\":\"EntryPoint\",\"urlTemplate\":\"https:\/\/last-chance.dk\/?s={search_term_string}\"},\"query-input\":{\"@type\":\"PropertyValueSpecification\",\"valueRequired\":true,\"valueName\":\"search_term_string\"}}],\"inLanguage\":\"da-DK\"},{\"@type\":\"Organization\",\"@id\":\"https:\/\/last-chance.dk\/#organization\",\"name\":\"LASTCHANCE Deals | Danmark\",\"url\":\"https:\/\/last-chance.dk\/\",\"logo\":{\"@type\":\"ImageObject\",\"inLanguage\":\"da-DK\",\"@id\":\"https:\/\/last-chance.dk\/#\/schema\/logo\/image\/\",\"url\":\"https:\/\/last-chance.dk\/wp-content\/uploads\/2023\/10\/lastchancedeals_logo_dk_white.png\",\"contentUrl\":\"https:\/\/last-chance.dk\/wp-content\/uploads\/2023\/10\/lastchancedeals_logo_dk_white.png\",\"width\":470,\"height\":110,\"caption\":\"LASTCHANCE Deals | Danmark\"},\"image\":{\"@id\":\"https:\/\/last-chance.dk\/#\/schema\/logo\/image\/\"}}]}<\/script>\n<!-- \/ Yoast SEO plugin. -->","yoast_head_json":{"title":"V\u00e6gmaleri Karlstad 170x50cm - LASTCHANCE Deals | Danmark","robots":{"index":"index","follow":"follow","max-snippet":"max-snippet:-1","max-image-preview":"max-image-preview:large","max-video-preview":"max-video-preview:-1"},"canonical":"https:\/\/last-chance.dk\/?product=vaegmaleri-karlstad-170x50cm","og_locale":"da_DK","og_type":"article","og_title":"V\u00e6gmaleri Karlstad 170x50cm - LASTCHANCE Deals | Danmark","og_description":"Skab en hyggelig og stemningsfuld atmosf\u00e6re i dit hjem med dette smukke v\u00e6gmaleri Karlstad fra ForrestDecor. V\u00e6gmaleriet er lavet af stof og har et flot motiv af byen Karlstad i Sverige, som er kendt for sin charme og kultur. V\u00e6gmaleriet m\u00e5ler 170x50cm og passer perfekt til en tom v\u00e6g i stuen, sovev\u00e6relset eller kontoret. Det [&hellip;]","og_url":"https:\/\/last-chance.dk\/?product=vaegmaleri-karlstad-170x50cm","og_site_name":"LASTCHANCE Deals | Danmark","article_modified_time":"2025-09-19T19:08:19+00:00","og_image":[{"width":400,"height":400,"url":"https:\/\/last-chance.dk\/wp-content\/uploads\/2023\/11\/karlstad.jpg","type":"image\/jpeg"}],"twitter_card":"summary_large_image","twitter_misc":{"Estimeret l\u00e6setid":"1 minut"},"schema":{"@context":"https:\/\/schema.org","@graph":[{"@type":"WebPage","@id":"https:\/\/last-chance.dk\/?product=vaegmaleri-karlstad-170x50cm","url":"https:\/\/last-chance.dk\/?product=vaegmaleri-karlstad-170x50cm","name":"V\u00e6gmaleri Karlstad 170x50cm - LASTCHANCE Deals | Danmark","isPartOf":{"@id":"https:\/\/last-chance.dk\/#website"},"primaryImageOfPage":{"@id":"https:\/\/last-chance.dk\/?product=vaegmaleri-karlstad-170x50cm#primaryimage"},"image":{"@id":"https:\/\/last-chance.dk\/?product=vaegmaleri-karlstad-170x50cm#primaryimage"},"thumbnailUrl":"https:\/\/last-chance.dk\/wp-content\/uploads\/2023\/11\/karlstad.jpg","datePublished":"2023-11-06T14:51:53+00:00","dateModified":"2025-09-19T19:08:19+00:00","breadcrumb":{"@id":"https:\/\/last-chance.dk\/?product=vaegmaleri-karlstad-170x50cm#breadcrumb"},"inLanguage":"da-DK","potentialAction":[{"@type":"ReadAction","target":["https:\/\/last-chance.dk\/?product=vaegmaleri-karlstad-170x50cm"]}]},{"@type":"ImageObject","inLanguage":"da-DK","@id":"https:\/\/last-chance.dk\/?product=vaegmaleri-karlstad-170x50cm#primaryimage","url":"https:\/\/last-chance.dk\/wp-content\/uploads\/2023\/11\/karlstad.jpg","contentUrl":"https:\/\/last-chance.dk\/wp-content\/uploads\/2023\/11\/karlstad.jpg","width":400,"height":400},{"@type":"BreadcrumbList","@id":"https:\/\/last-chance.dk\/?product=vaegmaleri-karlstad-170x50cm#breadcrumb","itemListElement":[{"@type":"ListItem","position":1,"name":"Home","item":"https:\/\/last-chance.dk\/"},{"@type":"ListItem","position":2,"name":"V\u00e6gmaleri Karlstad 170x50cm"}]},{"@type":"WebSite","@id":"https:\/\/last-chance.dk\/#website","url":"https:\/\/last-chance.dk\/","name":"LASTCHANCE Deals | Danmark","description":"LASTCHANCE Deals | Danmark","publisher":{"@id":"https:\/\/last-chance.dk\/#organization"},"potentialAction":[{"@type":"SearchAction","target":{"@type":"EntryPoint","urlTemplate":"https:\/\/last-chance.dk\/?s={search_term_string}"},"query-input":{"@type":"PropertyValueSpecification","valueRequired":true,"valueName":"search_term_string"}}],"inLanguage":"da-DK"},{"@type":"Organization","@id":"https:\/\/last-chance.dk\/#organization","name":"LASTCHANCE Deals | Danmark","url":"https:\/\/last-chance.dk\/","logo":{"@type":"ImageObject","inLanguage":"da-DK","@id":"https:\/\/last-chance.dk\/#\/schema\/logo\/image\/","url":"https:\/\/last-chance.dk\/wp-content\/uploads\/2023\/10\/lastchancedeals_logo_dk_white.png","contentUrl":"https:\/\/last-chance.dk\/wp-content\/uploads\/2023\/10\/lastchancedeals_logo_dk_white.png","width":470,"height":110,"caption":"LASTCHANCE Deals | Danmark"},"image":{"@id":"https:\/\/last-chance.dk\/#\/schema\/logo\/image\/"}}]}},"_links":{"self":[{"href":"https:\/\/last-chance.dk\/index.php?rest_route=\/wp\/v2\/product\/8893","targetHints":{"allow":["GET"]}}],"collection":[{"href":"https:\/\/last-chance.dk\/index.php?rest_route=\/wp\/v2\/product"}],"about":[{"href":"https:\/\/last-chance.dk\/index.php?rest_route=\/wp\/v2\/types\/product"}],"replies":[{"embeddable":true,"href":"https:\/\/last-chance.dk\/index.php?rest_route=%2Fwp%2Fv2%2Fcomments&post=8893"}],"wp:featuredmedia":[{"embeddable":true,"href":"https:\/\/last-chance.dk\/index.php?rest_route=\/wp\/v2\/media\/8892"}],"wp:attachment":[{"href":"https:\/\/last-chance.dk\/index.php?rest_route=%2Fwp%2Fv2%2Fmedia&parent=8893"}],"wp:term":[{"taxonomy":"product_brand","embeddable":true,"href":"https:\/\/last-chance.dk\/index.php?rest_route=%2Fwp%2Fv2%2Fproduct_brand&post=8893"},{"taxonomy":"product_cat","embeddable":true,"href":"https:\/\/last-chance.dk\/index.php?rest_route=%2Fwp%2Fv2%2Fproduct_cat&post=8893"},{"taxonomy":"product_tag","embeddable":true,"href":"https:\/\/last-chance.dk\/index.php?rest_route=%2Fwp%2Fv2%2Fproduct_tag&post=8893"}],"curies":[{"name":"wp","href":"https:\/\/api.w.org\/{rel}","templated":true}]}}