{"id":8909,"date":"2023-11-06T14:52:41","date_gmt":"2023-11-06T14:52:41","guid":{"rendered":"https:\/\/www.lastchance.deals\/dk\/tuote\/klapvogn-3-in-1-elmapram-boston\/"},"modified":"2025-09-19T17:59:47","modified_gmt":"2025-09-19T17:59:47","slug":"klapvogn-3-in-1-elmapram-boston","status":"publish","type":"product","link":"https:\/\/last-chance.dk\/?product=klapvogn-3-in-1-elmapram-boston","title":{"rendered":"Klapvogn 3-in-1 ElmaPram Boston"},"content":{"rendered":"<p>Elmapram Boston kombivogn er en kvalitets- og alsidig vogn, der passer til dit barn fra f\u00f8dslen. Vognen best\u00e5r af tre dele: liggedel, siddedel og autostol. Du kan skifte dele nemt med hj\u00e6lp af fastg\u00f8relsessystemet p\u00e5 stellet og tilpasse vognen til forskellige behov.<\/p>\n<p>Liggedelen er rummelig og behagelig for dit barn. Den er lavet af \u00e5ndbart og vandafvisende stof, der beskytter barnet mod regn og vind. Liggedelen har et aftageligt og justerbart kaleche med vindue og myggenet. Indeni liggedelen er der en bl\u00f8d madras og sikkerhedssele. Liggedelens h\u00e5ndtag er ergonomisk og letter b\u00e6ringen.<\/p>\n<p>Siddedelen er vendbar, s\u00e5 du kan montere den enten fremad- eller bagudvendt. Siddedelen har fem-punktssele, der holder barnet sikkert p\u00e5 plads. Siddedelens rygl\u00e6n er justerbart i fire forskellige positioner, herunder fuldt liggeposition. Siddedelen har ogs\u00e5 et aftageligt og justerbart kaleche med vindue og myggenet. Siddedelens fodvarmer beskytter barnet mod kulde.<\/p>\n<p>Autostolen er ECE R44\/04-godkendt og passer til b\u00f8rn fra 0 til 13 kg. Autostolen har tre-punktssele, der er polstret og justerbar. Autostolen har ogs\u00e5 et aftageligt kaleche og puder til hovedst\u00f8tte og ryg. Autostolens h\u00e5ndtag er ergonomisk og letter b\u00e6ringen. <\/p>\n<p>Vognens stel er let og stabilt. Stellet har et justerbart h\u00e5ndtag, der er bekl\u00e6dt med kunstl\u00e6der. Stellet har ogs\u00e5 en rummelig varekurv, hvor du kan f\u00e5 plads til alt, hvad du har brug for. Vognens hjul er luftgummihjul, der ruller bl\u00f8dt p\u00e5 forskellige underlag. Hjulene har affjedring og l\u00e5semekanisme p\u00e5 forhjulene. Vognens stel er let at folde sammen med en h\u00e5nd.<\/p>\n<p>Elmapram Boston kombivogn er en stilfuld og praktisk vogn, der giver dit barn komfort og sikkerhed i enhver situation. Vognen f\u00e5s i flere forskellige farver, som du kan v\u00e6lge imellem.<\/p>\n<p>Bestil nu Elmapram Boston kombivogn 3 i 1 til en fordelagtig pris fra Luxcasa.fi-webshoppen! Vi leverer vognen hurtigt og p\u00e5lideligt direkte til din d\u00f8r.<\/p>\n<p>V\u00e6gt: 8,5 kg<\/p>\n<p>Justerbart belagt skubbeh\u00e5ndtag, h\u00f8jde fra jorden: 70-120 cm<\/p>\n<p>Vognhusets m\u00e5l (indvendig): 77x37x59 cm<\/p>\n<p>Sikkerhedss\u00e6dev\u00e6gt: 2,9 kg<\/p>\n<p>Autostolens m\u00e5l: 71x44x47 cm<\/p>\n<p>Fremstillet i: EU<\/p>\n<p>Leveringstid: Leveringstid 1-2 uger<br \/>\nGaranti: 24 m\u00e5neders rammegaranti<br \/>\nFabrikant: ElmaPram<br \/>\nFremstillet: i EU<br \/>\nFarve: ikke angivet<\/p>\n","protected":false},"excerpt":{"rendered":"<p>Elmapram Boston kombivogn er en kvalitets- og alsidig vogn, der passer til dit barn fra f\u00f8dslen. Vognen best\u00e5r af tre dele: liggedel, siddedel og autostol. Du kan skifte dele nemt med hj\u00e6lp af fastg\u00f8relsessystemet p\u00e5 stellet og tilpasse vognen til forskellige behov. Liggedelen er rummelig og behagelig for dit barn. Den er lavet af \u00e5ndbart [&hellip;]<\/p>\n","protected":false},"featured_media":8903,"comment_status":"open","ping_status":"closed","template":"","meta":[],"product_brand":[],"product_cat":[203],"product_tag":[],"class_list":{"0":"post-8909","1":"product","2":"type-product","3":"status-publish","4":"has-post-thumbnail","6":"product_cat-prams","8":"first","9":"instock","10":"shipping-taxable","11":"purchasable","12":"product-type-simple"},"yoast_head":"<!-- This site is optimized with the Yoast SEO plugin v24.8.1 - https:\/\/yoast.com\/wordpress\/plugins\/seo\/ -->\n<title>Klapvogn 3-in-1 ElmaPram Boston - LASTCHANCE Deals | Danmark<\/title>\n<meta name=\"robots\" content=\"index, follow, max-snippet:-1, max-image-preview:large, max-video-preview:-1\" \/>\n<link rel=\"canonical\" href=\"https:\/\/last-chance.dk\/?product=klapvogn-3-in-1-elmapram-boston\" \/>\n<meta property=\"og:locale\" content=\"da_DK\" \/>\n<meta property=\"og:type\" content=\"article\" \/>\n<meta property=\"og:title\" content=\"Klapvogn 3-in-1 ElmaPram Boston - LASTCHANCE Deals | Danmark\" \/>\n<meta property=\"og:description\" content=\"Elmapram Boston kombivogn er en kvalitets- og alsidig vogn, der passer til dit barn fra f\u00f8dslen. Vognen best\u00e5r af tre dele: liggedel, siddedel og autostol. Du kan skifte dele nemt med hj\u00e6lp af fastg\u00f8relsessystemet p\u00e5 stellet og tilpasse vognen til forskellige behov. Liggedelen er rummelig og behagelig for dit barn. Den er lavet af \u00e5ndbart [&hellip;]\" \/>\n<meta property=\"og:url\" content=\"https:\/\/last-chance.dk\/?product=klapvogn-3-in-1-elmapram-boston\" \/>\n<meta property=\"og:site_name\" content=\"LASTCHANCE Deals | Danmark\" \/>\n<meta property=\"article:modified_time\" content=\"2025-09-19T17:59:47+00:00\" \/>\n<meta property=\"og:image\" content=\"https:\/\/last-chance.dk\/wp-content\/uploads\/2023\/11\/bo7.jpg\" \/>\n\t<meta property=\"og:image:width\" content=\"1200\" \/>\n\t<meta property=\"og:image:height\" content=\"900\" \/>\n\t<meta property=\"og:image:type\" content=\"image\/jpeg\" \/>\n<meta name=\"twitter:card\" content=\"summary_large_image\" \/>\n<meta name=\"twitter:label1\" content=\"Estimeret l\u00e6setid\" \/>\n\t<meta name=\"twitter:data1\" content=\"2 minutter\" \/>\n<script type=\"application\/ld+json\" class=\"yoast-schema-graph\">{\"@context\":\"https:\/\/schema.org\",\"@graph\":[{\"@type\":\"WebPage\",\"@id\":\"https:\/\/last-chance.dk\/?product=klapvogn-3-in-1-elmapram-boston\",\"url\":\"https:\/\/last-chance.dk\/?product=klapvogn-3-in-1-elmapram-boston\",\"name\":\"Klapvogn 3-in-1 ElmaPram Boston - LASTCHANCE Deals | Danmark\",\"isPartOf\":{\"@id\":\"https:\/\/last-chance.dk\/#website\"},\"primaryImageOfPage\":{\"@id\":\"https:\/\/last-chance.dk\/?product=klapvogn-3-in-1-elmapram-boston#primaryimage\"},\"image\":{\"@id\":\"https:\/\/last-chance.dk\/?product=klapvogn-3-in-1-elmapram-boston#primaryimage\"},\"thumbnailUrl\":\"https:\/\/last-chance.dk\/wp-content\/uploads\/2023\/11\/bo7.jpg\",\"datePublished\":\"2023-11-06T14:52:41+00:00\",\"dateModified\":\"2025-09-19T17:59:47+00:00\",\"breadcrumb\":{\"@id\":\"https:\/\/last-chance.dk\/?product=klapvogn-3-in-1-elmapram-boston#breadcrumb\"},\"inLanguage\":\"da-DK\",\"potentialAction\":[{\"@type\":\"ReadAction\",\"target\":[\"https:\/\/last-chance.dk\/?product=klapvogn-3-in-1-elmapram-boston\"]}]},{\"@type\":\"ImageObject\",\"inLanguage\":\"da-DK\",\"@id\":\"https:\/\/last-chance.dk\/?product=klapvogn-3-in-1-elmapram-boston#primaryimage\",\"url\":\"https:\/\/last-chance.dk\/wp-content\/uploads\/2023\/11\/bo7.jpg\",\"contentUrl\":\"https:\/\/last-chance.dk\/wp-content\/uploads\/2023\/11\/bo7.jpg\",\"width\":1200,\"height\":900},{\"@type\":\"BreadcrumbList\",\"@id\":\"https:\/\/last-chance.dk\/?product=klapvogn-3-in-1-elmapram-boston#breadcrumb\",\"itemListElement\":[{\"@type\":\"ListItem\",\"position\":1,\"name\":\"Home\",\"item\":\"https:\/\/last-chance.dk\/\"},{\"@type\":\"ListItem\",\"position\":2,\"name\":\"Klapvogn 3-in-1 ElmaPram Boston\"}]},{\"@type\":\"WebSite\",\"@id\":\"https:\/\/last-chance.dk\/#website\",\"url\":\"https:\/\/last-chance.dk\/\",\"name\":\"LASTCHANCE Deals | Danmark\",\"description\":\"LASTCHANCE Deals | Danmark\",\"publisher\":{\"@id\":\"https:\/\/last-chance.dk\/#organization\"},\"potentialAction\":[{\"@type\":\"SearchAction\",\"target\":{\"@type\":\"EntryPoint\",\"urlTemplate\":\"https:\/\/last-chance.dk\/?s={search_term_string}\"},\"query-input\":{\"@type\":\"PropertyValueSpecification\",\"valueRequired\":true,\"valueName\":\"search_term_string\"}}],\"inLanguage\":\"da-DK\"},{\"@type\":\"Organization\",\"@id\":\"https:\/\/last-chance.dk\/#organization\",\"name\":\"LASTCHANCE Deals | Danmark\",\"url\":\"https:\/\/last-chance.dk\/\",\"logo\":{\"@type\":\"ImageObject\",\"inLanguage\":\"da-DK\",\"@id\":\"https:\/\/last-chance.dk\/#\/schema\/logo\/image\/\",\"url\":\"https:\/\/last-chance.dk\/wp-content\/uploads\/2023\/10\/lastchancedeals_logo_dk_white.png\",\"contentUrl\":\"https:\/\/last-chance.dk\/wp-content\/uploads\/2023\/10\/lastchancedeals_logo_dk_white.png\",\"width\":470,\"height\":110,\"caption\":\"LASTCHANCE Deals | Danmark\"},\"image\":{\"@id\":\"https:\/\/last-chance.dk\/#\/schema\/logo\/image\/\"}}]}<\/script>\n<!-- \/ Yoast SEO plugin. -->","yoast_head_json":{"title":"Klapvogn 3-in-1 ElmaPram Boston - LASTCHANCE Deals | Danmark","robots":{"index":"index","follow":"follow","max-snippet":"max-snippet:-1","max-image-preview":"max-image-preview:large","max-video-preview":"max-video-preview:-1"},"canonical":"https:\/\/last-chance.dk\/?product=klapvogn-3-in-1-elmapram-boston","og_locale":"da_DK","og_type":"article","og_title":"Klapvogn 3-in-1 ElmaPram Boston - LASTCHANCE Deals | Danmark","og_description":"Elmapram Boston kombivogn er en kvalitets- og alsidig vogn, der passer til dit barn fra f\u00f8dslen. Vognen best\u00e5r af tre dele: liggedel, siddedel og autostol. Du kan skifte dele nemt med hj\u00e6lp af fastg\u00f8relsessystemet p\u00e5 stellet og tilpasse vognen til forskellige behov. Liggedelen er rummelig og behagelig for dit barn. Den er lavet af \u00e5ndbart [&hellip;]","og_url":"https:\/\/last-chance.dk\/?product=klapvogn-3-in-1-elmapram-boston","og_site_name":"LASTCHANCE Deals | Danmark","article_modified_time":"2025-09-19T17:59:47+00:00","og_image":[{"width":1200,"height":900,"url":"https:\/\/last-chance.dk\/wp-content\/uploads\/2023\/11\/bo7.jpg","type":"image\/jpeg"}],"twitter_card":"summary_large_image","twitter_misc":{"Estimeret l\u00e6setid":"2 minutter"},"schema":{"@context":"https:\/\/schema.org","@graph":[{"@type":"WebPage","@id":"https:\/\/last-chance.dk\/?product=klapvogn-3-in-1-elmapram-boston","url":"https:\/\/last-chance.dk\/?product=klapvogn-3-in-1-elmapram-boston","name":"Klapvogn 3-in-1 ElmaPram Boston - LASTCHANCE Deals | Danmark","isPartOf":{"@id":"https:\/\/last-chance.dk\/#website"},"primaryImageOfPage":{"@id":"https:\/\/last-chance.dk\/?product=klapvogn-3-in-1-elmapram-boston#primaryimage"},"image":{"@id":"https:\/\/last-chance.dk\/?product=klapvogn-3-in-1-elmapram-boston#primaryimage"},"thumbnailUrl":"https:\/\/last-chance.dk\/wp-content\/uploads\/2023\/11\/bo7.jpg","datePublished":"2023-11-06T14:52:41+00:00","dateModified":"2025-09-19T17:59:47+00:00","breadcrumb":{"@id":"https:\/\/last-chance.dk\/?product=klapvogn-3-in-1-elmapram-boston#breadcrumb"},"inLanguage":"da-DK","potentialAction":[{"@type":"ReadAction","target":["https:\/\/last-chance.dk\/?product=klapvogn-3-in-1-elmapram-boston"]}]},{"@type":"ImageObject","inLanguage":"da-DK","@id":"https:\/\/last-chance.dk\/?product=klapvogn-3-in-1-elmapram-boston#primaryimage","url":"https:\/\/last-chance.dk\/wp-content\/uploads\/2023\/11\/bo7.jpg","contentUrl":"https:\/\/last-chance.dk\/wp-content\/uploads\/2023\/11\/bo7.jpg","width":1200,"height":900},{"@type":"BreadcrumbList","@id":"https:\/\/last-chance.dk\/?product=klapvogn-3-in-1-elmapram-boston#breadcrumb","itemListElement":[{"@type":"ListItem","position":1,"name":"Home","item":"https:\/\/last-chance.dk\/"},{"@type":"ListItem","position":2,"name":"Klapvogn 3-in-1 ElmaPram Boston"}]},{"@type":"WebSite","@id":"https:\/\/last-chance.dk\/#website","url":"https:\/\/last-chance.dk\/","name":"LASTCHANCE Deals | Danmark","description":"LASTCHANCE Deals | Danmark","publisher":{"@id":"https:\/\/last-chance.dk\/#organization"},"potentialAction":[{"@type":"SearchAction","target":{"@type":"EntryPoint","urlTemplate":"https:\/\/last-chance.dk\/?s={search_term_string}"},"query-input":{"@type":"PropertyValueSpecification","valueRequired":true,"valueName":"search_term_string"}}],"inLanguage":"da-DK"},{"@type":"Organization","@id":"https:\/\/last-chance.dk\/#organization","name":"LASTCHANCE Deals | Danmark","url":"https:\/\/last-chance.dk\/","logo":{"@type":"ImageObject","inLanguage":"da-DK","@id":"https:\/\/last-chance.dk\/#\/schema\/logo\/image\/","url":"https:\/\/last-chance.dk\/wp-content\/uploads\/2023\/10\/lastchancedeals_logo_dk_white.png","contentUrl":"https:\/\/last-chance.dk\/wp-content\/uploads\/2023\/10\/lastchancedeals_logo_dk_white.png","width":470,"height":110,"caption":"LASTCHANCE Deals | Danmark"},"image":{"@id":"https:\/\/last-chance.dk\/#\/schema\/logo\/image\/"}}]}},"_links":{"self":[{"href":"https:\/\/last-chance.dk\/index.php?rest_route=\/wp\/v2\/product\/8909","targetHints":{"allow":["GET"]}}],"collection":[{"href":"https:\/\/last-chance.dk\/index.php?rest_route=\/wp\/v2\/product"}],"about":[{"href":"https:\/\/last-chance.dk\/index.php?rest_route=\/wp\/v2\/types\/product"}],"replies":[{"embeddable":true,"href":"https:\/\/last-chance.dk\/index.php?rest_route=%2Fwp%2Fv2%2Fcomments&post=8909"}],"wp:featuredmedia":[{"embeddable":true,"href":"https:\/\/last-chance.dk\/index.php?rest_route=\/wp\/v2\/media\/8903"}],"wp:attachment":[{"href":"https:\/\/last-chance.dk\/index.php?rest_route=%2Fwp%2Fv2%2Fmedia&parent=8909"}],"wp:term":[{"taxonomy":"product_brand","embeddable":true,"href":"https:\/\/last-chance.dk\/index.php?rest_route=%2Fwp%2Fv2%2Fproduct_brand&post=8909"},{"taxonomy":"product_cat","embeddable":true,"href":"https:\/\/last-chance.dk\/index.php?rest_route=%2Fwp%2Fv2%2Fproduct_cat&post=8909"},{"taxonomy":"product_tag","embeddable":true,"href":"https:\/\/last-chance.dk\/index.php?rest_route=%2Fwp%2Fv2%2Fproduct_tag&post=8909"}],"curies":[{"name":"wp","href":"https:\/\/api.w.org\/{rel}","templated":true}]}}