{"id":8911,"date":"2023-11-06T14:52:55","date_gmt":"2023-11-06T14:52:55","guid":{"rendered":"https:\/\/www.lastchance.deals\/dk\/tuote\/bilsaede-gagadumi-boston\/"},"modified":"2025-09-19T17:17:52","modified_gmt":"2025-09-19T17:17:52","slug":"bilsaede-gagadumi-boston","status":"publish","type":"product","link":"https:\/\/last-chance.dk\/?product=bilsaede-gagadumi-boston","title":{"rendered":"Bils\u00e6de GaGaDumi Boston"},"content":{"rendered":"<p>D\u00e6k din bil med komfort og sikkerhed med Bils\u00e6de GaGaDumi Boston. Uanset om du er p\u00e5 vej til arbejde eller en weekendtur, vil vores Bils\u00e6de GaGaDumi Boston sikre, at din k\u00f8retur bliver behagelig og tryg.<\/p>\n<p><\/p>\n<p>Produktet kommer med en fabriksgaranti p\u00e5 12 m\u00e5neder, hvilket giver dig ro i sindet ved at vide, at hvis der er problemer, har du en p\u00e5lidelig st\u00f8tte. Dette er et bevis p\u00e5 vores engagement i produktets kvalitet og holdbarhed. <\/p>\n<p><\/p>\n<p>Dette bils\u00e6de er fremstillet af ElmaPram, en anerkendt producent kendt for sin f\u00f8rsteklasses kvalitetsprodukter. Deres produkter er designet til at opfylde h\u00f8jeste standarder for komfort og funktionalitet. Ligesom alle andre ElmaPram produkter, er Bils\u00e6de GaGaDumi Boston lavet i EU, hvilket garanterer overholdelse af strenge kvalitets- og sikkerhedsstandarder.<\/p>\n<p><\/p>\n<p>Farven p\u00e5 Bils\u00e6de GaGaDumi Boston er ikke angivet, hvilket betyder, at den kan passe ind i ethvert bilmilj\u00f8. Uanset dit bils interi\u00f8r, vil dette bils\u00e6de passe ind og tilf\u00f8je en touch af elegance og stil.<\/p>\n<p><\/p>\n<p>Forbedr din k\u00f8reoplevelse med Bils\u00e6de GaGaDumi Boston \u2013 et sl\u00e5ende mix af komfort, stil og kvalitet.<\/p>\n<p><\/p>\n<p>Leveringstid: Leveringstid 1-2 uger<br \/>\nGaranti: 12 m\u00e5neder<br \/>\nFabrikant: ElmaPram<br \/>\nFremstillet: i EU<br \/>\nFarve: ikke angivet<\/p>\n","protected":false},"excerpt":{"rendered":"<p>D\u00e6k din bil med komfort og sikkerhed med Bils\u00e6de GaGaDumi Boston. Uanset om du er p\u00e5 vej til arbejde eller en weekendtur, vil vores Bils\u00e6de GaGaDumi Boston sikre, at din k\u00f8retur bliver behagelig og tryg. Produktet kommer med en fabriksgaranti p\u00e5 12 m\u00e5neder, hvilket giver dig ro i sindet ved at vide, at hvis der [&hellip;]<\/p>\n","protected":false},"featured_media":8910,"comment_status":"open","ping_status":"closed","template":"","meta":[],"product_brand":[],"product_cat":[204],"product_tag":[],"class_list":{"0":"post-8911","1":"product","2":"type-product","3":"status-publish","4":"has-post-thumbnail","6":"product_cat-car-seats","8":"first","9":"instock","10":"shipping-taxable","11":"purchasable","12":"product-type-simple"},"yoast_head":"<!-- This site is optimized with the Yoast SEO plugin v24.8.1 - https:\/\/yoast.com\/wordpress\/plugins\/seo\/ -->\n<title>Bils\u00e6de GaGaDumi Boston - LASTCHANCE Deals | Danmark<\/title>\n<meta name=\"robots\" content=\"index, follow, max-snippet:-1, max-image-preview:large, max-video-preview:-1\" \/>\n<link rel=\"canonical\" href=\"https:\/\/last-chance.dk\/?product=bilsaede-gagadumi-boston\" \/>\n<meta property=\"og:locale\" content=\"da_DK\" \/>\n<meta property=\"og:type\" content=\"article\" \/>\n<meta property=\"og:title\" content=\"Bils\u00e6de GaGaDumi Boston - LASTCHANCE Deals | Danmark\" \/>\n<meta property=\"og:description\" content=\"D\u00e6k din bil med komfort og sikkerhed med Bils\u00e6de GaGaDumi Boston. Uanset om du er p\u00e5 vej til arbejde eller en weekendtur, vil vores Bils\u00e6de GaGaDumi Boston sikre, at din k\u00f8retur bliver behagelig og tryg. Produktet kommer med en fabriksgaranti p\u00e5 12 m\u00e5neder, hvilket giver dig ro i sindet ved at vide, at hvis der [&hellip;]\" \/>\n<meta property=\"og:url\" content=\"https:\/\/last-chance.dk\/?product=bilsaede-gagadumi-boston\" \/>\n<meta property=\"og:site_name\" content=\"LASTCHANCE Deals | Danmark\" \/>\n<meta property=\"article:modified_time\" content=\"2025-09-19T17:17:52+00:00\" \/>\n<meta property=\"og:image\" content=\"https:\/\/last-chance.dk\/wp-content\/uploads\/2023\/11\/boston_carseat_new.jpg\" \/>\n\t<meta property=\"og:image:width\" content=\"700\" \/>\n\t<meta property=\"og:image:height\" content=\"525\" \/>\n\t<meta property=\"og:image:type\" content=\"image\/jpeg\" \/>\n<meta name=\"twitter:card\" content=\"summary_large_image\" \/>\n<meta name=\"twitter:label1\" content=\"Estimeret l\u00e6setid\" \/>\n\t<meta name=\"twitter:data1\" content=\"1 minut\" \/>\n<script type=\"application\/ld+json\" class=\"yoast-schema-graph\">{\"@context\":\"https:\/\/schema.org\",\"@graph\":[{\"@type\":\"WebPage\",\"@id\":\"https:\/\/last-chance.dk\/?product=bilsaede-gagadumi-boston\",\"url\":\"https:\/\/last-chance.dk\/?product=bilsaede-gagadumi-boston\",\"name\":\"Bils\u00e6de GaGaDumi Boston - LASTCHANCE Deals | Danmark\",\"isPartOf\":{\"@id\":\"https:\/\/last-chance.dk\/#website\"},\"primaryImageOfPage\":{\"@id\":\"https:\/\/last-chance.dk\/?product=bilsaede-gagadumi-boston#primaryimage\"},\"image\":{\"@id\":\"https:\/\/last-chance.dk\/?product=bilsaede-gagadumi-boston#primaryimage\"},\"thumbnailUrl\":\"https:\/\/last-chance.dk\/wp-content\/uploads\/2023\/11\/boston_carseat_new.jpg\",\"datePublished\":\"2023-11-06T14:52:55+00:00\",\"dateModified\":\"2025-09-19T17:17:52+00:00\",\"breadcrumb\":{\"@id\":\"https:\/\/last-chance.dk\/?product=bilsaede-gagadumi-boston#breadcrumb\"},\"inLanguage\":\"da-DK\",\"potentialAction\":[{\"@type\":\"ReadAction\",\"target\":[\"https:\/\/last-chance.dk\/?product=bilsaede-gagadumi-boston\"]}]},{\"@type\":\"ImageObject\",\"inLanguage\":\"da-DK\",\"@id\":\"https:\/\/last-chance.dk\/?product=bilsaede-gagadumi-boston#primaryimage\",\"url\":\"https:\/\/last-chance.dk\/wp-content\/uploads\/2023\/11\/boston_carseat_new.jpg\",\"contentUrl\":\"https:\/\/last-chance.dk\/wp-content\/uploads\/2023\/11\/boston_carseat_new.jpg\",\"width\":700,\"height\":525},{\"@type\":\"BreadcrumbList\",\"@id\":\"https:\/\/last-chance.dk\/?product=bilsaede-gagadumi-boston#breadcrumb\",\"itemListElement\":[{\"@type\":\"ListItem\",\"position\":1,\"name\":\"Home\",\"item\":\"https:\/\/last-chance.dk\/\"},{\"@type\":\"ListItem\",\"position\":2,\"name\":\"Bils\u00e6de GaGaDumi Boston\"}]},{\"@type\":\"WebSite\",\"@id\":\"https:\/\/last-chance.dk\/#website\",\"url\":\"https:\/\/last-chance.dk\/\",\"name\":\"LASTCHANCE Deals | Danmark\",\"description\":\"LASTCHANCE Deals | Danmark\",\"publisher\":{\"@id\":\"https:\/\/last-chance.dk\/#organization\"},\"potentialAction\":[{\"@type\":\"SearchAction\",\"target\":{\"@type\":\"EntryPoint\",\"urlTemplate\":\"https:\/\/last-chance.dk\/?s={search_term_string}\"},\"query-input\":{\"@type\":\"PropertyValueSpecification\",\"valueRequired\":true,\"valueName\":\"search_term_string\"}}],\"inLanguage\":\"da-DK\"},{\"@type\":\"Organization\",\"@id\":\"https:\/\/last-chance.dk\/#organization\",\"name\":\"LASTCHANCE Deals | Danmark\",\"url\":\"https:\/\/last-chance.dk\/\",\"logo\":{\"@type\":\"ImageObject\",\"inLanguage\":\"da-DK\",\"@id\":\"https:\/\/last-chance.dk\/#\/schema\/logo\/image\/\",\"url\":\"https:\/\/last-chance.dk\/wp-content\/uploads\/2023\/10\/lastchancedeals_logo_dk_white.png\",\"contentUrl\":\"https:\/\/last-chance.dk\/wp-content\/uploads\/2023\/10\/lastchancedeals_logo_dk_white.png\",\"width\":470,\"height\":110,\"caption\":\"LASTCHANCE Deals | Danmark\"},\"image\":{\"@id\":\"https:\/\/last-chance.dk\/#\/schema\/logo\/image\/\"}}]}<\/script>\n<!-- \/ Yoast SEO plugin. -->","yoast_head_json":{"title":"Bils\u00e6de GaGaDumi Boston - LASTCHANCE Deals | Danmark","robots":{"index":"index","follow":"follow","max-snippet":"max-snippet:-1","max-image-preview":"max-image-preview:large","max-video-preview":"max-video-preview:-1"},"canonical":"https:\/\/last-chance.dk\/?product=bilsaede-gagadumi-boston","og_locale":"da_DK","og_type":"article","og_title":"Bils\u00e6de GaGaDumi Boston - LASTCHANCE Deals | Danmark","og_description":"D\u00e6k din bil med komfort og sikkerhed med Bils\u00e6de GaGaDumi Boston. Uanset om du er p\u00e5 vej til arbejde eller en weekendtur, vil vores Bils\u00e6de GaGaDumi Boston sikre, at din k\u00f8retur bliver behagelig og tryg. Produktet kommer med en fabriksgaranti p\u00e5 12 m\u00e5neder, hvilket giver dig ro i sindet ved at vide, at hvis der [&hellip;]","og_url":"https:\/\/last-chance.dk\/?product=bilsaede-gagadumi-boston","og_site_name":"LASTCHANCE Deals | Danmark","article_modified_time":"2025-09-19T17:17:52+00:00","og_image":[{"width":700,"height":525,"url":"https:\/\/last-chance.dk\/wp-content\/uploads\/2023\/11\/boston_carseat_new.jpg","type":"image\/jpeg"}],"twitter_card":"summary_large_image","twitter_misc":{"Estimeret l\u00e6setid":"1 minut"},"schema":{"@context":"https:\/\/schema.org","@graph":[{"@type":"WebPage","@id":"https:\/\/last-chance.dk\/?product=bilsaede-gagadumi-boston","url":"https:\/\/last-chance.dk\/?product=bilsaede-gagadumi-boston","name":"Bils\u00e6de GaGaDumi Boston - LASTCHANCE Deals | Danmark","isPartOf":{"@id":"https:\/\/last-chance.dk\/#website"},"primaryImageOfPage":{"@id":"https:\/\/last-chance.dk\/?product=bilsaede-gagadumi-boston#primaryimage"},"image":{"@id":"https:\/\/last-chance.dk\/?product=bilsaede-gagadumi-boston#primaryimage"},"thumbnailUrl":"https:\/\/last-chance.dk\/wp-content\/uploads\/2023\/11\/boston_carseat_new.jpg","datePublished":"2023-11-06T14:52:55+00:00","dateModified":"2025-09-19T17:17:52+00:00","breadcrumb":{"@id":"https:\/\/last-chance.dk\/?product=bilsaede-gagadumi-boston#breadcrumb"},"inLanguage":"da-DK","potentialAction":[{"@type":"ReadAction","target":["https:\/\/last-chance.dk\/?product=bilsaede-gagadumi-boston"]}]},{"@type":"ImageObject","inLanguage":"da-DK","@id":"https:\/\/last-chance.dk\/?product=bilsaede-gagadumi-boston#primaryimage","url":"https:\/\/last-chance.dk\/wp-content\/uploads\/2023\/11\/boston_carseat_new.jpg","contentUrl":"https:\/\/last-chance.dk\/wp-content\/uploads\/2023\/11\/boston_carseat_new.jpg","width":700,"height":525},{"@type":"BreadcrumbList","@id":"https:\/\/last-chance.dk\/?product=bilsaede-gagadumi-boston#breadcrumb","itemListElement":[{"@type":"ListItem","position":1,"name":"Home","item":"https:\/\/last-chance.dk\/"},{"@type":"ListItem","position":2,"name":"Bils\u00e6de GaGaDumi Boston"}]},{"@type":"WebSite","@id":"https:\/\/last-chance.dk\/#website","url":"https:\/\/last-chance.dk\/","name":"LASTCHANCE Deals | Danmark","description":"LASTCHANCE Deals | Danmark","publisher":{"@id":"https:\/\/last-chance.dk\/#organization"},"potentialAction":[{"@type":"SearchAction","target":{"@type":"EntryPoint","urlTemplate":"https:\/\/last-chance.dk\/?s={search_term_string}"},"query-input":{"@type":"PropertyValueSpecification","valueRequired":true,"valueName":"search_term_string"}}],"inLanguage":"da-DK"},{"@type":"Organization","@id":"https:\/\/last-chance.dk\/#organization","name":"LASTCHANCE Deals | Danmark","url":"https:\/\/last-chance.dk\/","logo":{"@type":"ImageObject","inLanguage":"da-DK","@id":"https:\/\/last-chance.dk\/#\/schema\/logo\/image\/","url":"https:\/\/last-chance.dk\/wp-content\/uploads\/2023\/10\/lastchancedeals_logo_dk_white.png","contentUrl":"https:\/\/last-chance.dk\/wp-content\/uploads\/2023\/10\/lastchancedeals_logo_dk_white.png","width":470,"height":110,"caption":"LASTCHANCE Deals | Danmark"},"image":{"@id":"https:\/\/last-chance.dk\/#\/schema\/logo\/image\/"}}]}},"_links":{"self":[{"href":"https:\/\/last-chance.dk\/index.php?rest_route=\/wp\/v2\/product\/8911","targetHints":{"allow":["GET"]}}],"collection":[{"href":"https:\/\/last-chance.dk\/index.php?rest_route=\/wp\/v2\/product"}],"about":[{"href":"https:\/\/last-chance.dk\/index.php?rest_route=\/wp\/v2\/types\/product"}],"replies":[{"embeddable":true,"href":"https:\/\/last-chance.dk\/index.php?rest_route=%2Fwp%2Fv2%2Fcomments&post=8911"}],"wp:featuredmedia":[{"embeddable":true,"href":"https:\/\/last-chance.dk\/index.php?rest_route=\/wp\/v2\/media\/8910"}],"wp:attachment":[{"href":"https:\/\/last-chance.dk\/index.php?rest_route=%2Fwp%2Fv2%2Fmedia&parent=8911"}],"wp:term":[{"taxonomy":"product_brand","embeddable":true,"href":"https:\/\/last-chance.dk\/index.php?rest_route=%2Fwp%2Fv2%2Fproduct_brand&post=8911"},{"taxonomy":"product_cat","embeddable":true,"href":"https:\/\/last-chance.dk\/index.php?rest_route=%2Fwp%2Fv2%2Fproduct_cat&post=8911"},{"taxonomy":"product_tag","embeddable":true,"href":"https:\/\/last-chance.dk\/index.php?rest_route=%2Fwp%2Fv2%2Fproduct_tag&post=8911"}],"curies":[{"name":"wp","href":"https:\/\/api.w.org\/{rel}","templated":true}]}}