{"id":8938,"date":"2023-11-06T14:54:24","date_gmt":"2023-11-06T14:54:24","guid":{"rendered":"https:\/\/www.lastchance.deals\/dk\/tuote\/gulv-lampe-sidney-50x168cm-hvid\/"},"modified":"2025-10-13T11:52:35","modified_gmt":"2025-10-13T11:52:35","slug":"gulv-lampe-sidney-50x168cm-hvid","status":"publish","type":"product","link":"https:\/\/last-chance.dk\/?product=gulv-lampe-sidney-50x168cm-hvid","title":{"rendered":"Gulv lampe Sidney 50x168cm hvid"},"content":{"rendered":"<p>Leder du efter en elegant og klassisk gulv lampe til din stue, sovev\u00e6relse eller kontor? S\u00e5 er gulv lampe Sidney fra ForrestDecor det perfekte valg for dig. Denne smukke lampe har et hvidt stofsk\u00e6rm, der giver et bl\u00f8dt og hyggeligt lys. Lampens fod er lavet af metal og plast i en enkel og stilren design. Lampen har en h\u00f8jde p\u00e5 168 cm og en diameter p\u00e5 50 cm, s\u00e5 den passer ind i ethvert rum. Lampen leveres usamlet, men du kan nemt samle den med de medf\u00f8lgende instruktioner. ForrestDecor er et kendt m\u00e6rke inden for belysning, der tilbyder kvalitetsprodukter med 12 m\u00e5neders garanti. Bestil din gulv lampe Sidney i dag og nyd den sk\u00f8nne atmosf\u00e6re, den skaber i dit hjem.<\/p>\n<p><\/p>\n<p>Leveringstid: Leveringstid 1 uge<br \/>\nStil: klassisk<br \/>\nMateriale: stof,metal,plast<br \/>\nFarve: hvid<br \/>\nLampefatning: E27<br \/>\nLampestik: ikke inkluderet<br \/>\nUdvendige dimensioner: 50x168cm<br \/>\nFabrikant: ForrestDecor<br \/>\nMontage: skal samles<br \/>\nGaranti: 12 m\u00e5neder<\/p>\n","protected":false},"excerpt":{"rendered":"<p>Leder du efter en elegant og klassisk gulv lampe til din stue, sovev\u00e6relse eller kontor? S\u00e5 er gulv lampe Sidney fra ForrestDecor det perfekte valg for dig. Denne smukke lampe har et hvidt stofsk\u00e6rm, der giver et bl\u00f8dt og hyggeligt lys. Lampens fod er lavet af metal og plast i en enkel og stilren design. [&hellip;]<\/p>\n","protected":false},"featured_media":8936,"comment_status":"open","ping_status":"closed","template":"","meta":[],"product_brand":[],"product_cat":[180],"product_tag":[],"class_list":{"0":"post-8938","1":"product","2":"type-product","3":"status-publish","4":"has-post-thumbnail","6":"product_cat-floor-lamps","8":"first","9":"instock","10":"shipping-taxable","11":"purchasable","12":"product-type-simple"},"yoast_head":"<!-- This site is optimized with the Yoast SEO plugin v24.8.1 - https:\/\/yoast.com\/wordpress\/plugins\/seo\/ -->\n<title>Gulv lampe Sidney 50x168cm hvid - LASTCHANCE Deals | Danmark<\/title>\n<meta name=\"robots\" content=\"index, follow, max-snippet:-1, max-image-preview:large, max-video-preview:-1\" \/>\n<link rel=\"canonical\" href=\"https:\/\/last-chance.dk\/?product=gulv-lampe-sidney-50x168cm-hvid\" \/>\n<meta property=\"og:locale\" content=\"da_DK\" \/>\n<meta property=\"og:type\" content=\"article\" \/>\n<meta property=\"og:title\" content=\"Gulv lampe Sidney 50x168cm hvid - LASTCHANCE Deals | Danmark\" \/>\n<meta property=\"og:description\" content=\"Leder du efter en elegant og klassisk gulv lampe til din stue, sovev\u00e6relse eller kontor? S\u00e5 er gulv lampe Sidney fra ForrestDecor det perfekte valg for dig. Denne smukke lampe har et hvidt stofsk\u00e6rm, der giver et bl\u00f8dt og hyggeligt lys. Lampens fod er lavet af metal og plast i en enkel og stilren design. [&hellip;]\" \/>\n<meta property=\"og:url\" content=\"https:\/\/last-chance.dk\/?product=gulv-lampe-sidney-50x168cm-hvid\" \/>\n<meta property=\"og:site_name\" content=\"LASTCHANCE Deals | Danmark\" \/>\n<meta property=\"article:modified_time\" content=\"2025-10-13T11:52:35+00:00\" \/>\n<meta property=\"og:image\" content=\"https:\/\/last-chance.dk\/wp-content\/uploads\/2023\/11\/20170731224826_1.jpg\" \/>\n\t<meta property=\"og:image:width\" content=\"624\" \/>\n\t<meta property=\"og:image:height\" content=\"628\" \/>\n\t<meta property=\"og:image:type\" content=\"image\/jpeg\" \/>\n<meta name=\"twitter:card\" content=\"summary_large_image\" \/>\n<meta name=\"twitter:label1\" content=\"Estimeret l\u00e6setid\" \/>\n\t<meta name=\"twitter:data1\" content=\"1 minut\" \/>\n<script type=\"application\/ld+json\" class=\"yoast-schema-graph\">{\"@context\":\"https:\/\/schema.org\",\"@graph\":[{\"@type\":\"WebPage\",\"@id\":\"https:\/\/last-chance.dk\/?product=gulv-lampe-sidney-50x168cm-hvid\",\"url\":\"https:\/\/last-chance.dk\/?product=gulv-lampe-sidney-50x168cm-hvid\",\"name\":\"Gulv lampe Sidney 50x168cm hvid - LASTCHANCE Deals | Danmark\",\"isPartOf\":{\"@id\":\"https:\/\/last-chance.dk\/#website\"},\"primaryImageOfPage\":{\"@id\":\"https:\/\/last-chance.dk\/?product=gulv-lampe-sidney-50x168cm-hvid#primaryimage\"},\"image\":{\"@id\":\"https:\/\/last-chance.dk\/?product=gulv-lampe-sidney-50x168cm-hvid#primaryimage\"},\"thumbnailUrl\":\"https:\/\/last-chance.dk\/wp-content\/uploads\/2023\/11\/20170731224826_1.jpg\",\"datePublished\":\"2023-11-06T14:54:24+00:00\",\"dateModified\":\"2025-10-13T11:52:35+00:00\",\"breadcrumb\":{\"@id\":\"https:\/\/last-chance.dk\/?product=gulv-lampe-sidney-50x168cm-hvid#breadcrumb\"},\"inLanguage\":\"da-DK\",\"potentialAction\":[{\"@type\":\"ReadAction\",\"target\":[\"https:\/\/last-chance.dk\/?product=gulv-lampe-sidney-50x168cm-hvid\"]}]},{\"@type\":\"ImageObject\",\"inLanguage\":\"da-DK\",\"@id\":\"https:\/\/last-chance.dk\/?product=gulv-lampe-sidney-50x168cm-hvid#primaryimage\",\"url\":\"https:\/\/last-chance.dk\/wp-content\/uploads\/2023\/11\/20170731224826_1.jpg\",\"contentUrl\":\"https:\/\/last-chance.dk\/wp-content\/uploads\/2023\/11\/20170731224826_1.jpg\",\"width\":624,\"height\":628},{\"@type\":\"BreadcrumbList\",\"@id\":\"https:\/\/last-chance.dk\/?product=gulv-lampe-sidney-50x168cm-hvid#breadcrumb\",\"itemListElement\":[{\"@type\":\"ListItem\",\"position\":1,\"name\":\"Home\",\"item\":\"https:\/\/last-chance.dk\/\"},{\"@type\":\"ListItem\",\"position\":2,\"name\":\"Gulv lampe Sidney 50x168cm hvid\"}]},{\"@type\":\"WebSite\",\"@id\":\"https:\/\/last-chance.dk\/#website\",\"url\":\"https:\/\/last-chance.dk\/\",\"name\":\"LASTCHANCE Deals | Danmark\",\"description\":\"LASTCHANCE Deals | Danmark\",\"publisher\":{\"@id\":\"https:\/\/last-chance.dk\/#organization\"},\"potentialAction\":[{\"@type\":\"SearchAction\",\"target\":{\"@type\":\"EntryPoint\",\"urlTemplate\":\"https:\/\/last-chance.dk\/?s={search_term_string}\"},\"query-input\":{\"@type\":\"PropertyValueSpecification\",\"valueRequired\":true,\"valueName\":\"search_term_string\"}}],\"inLanguage\":\"da-DK\"},{\"@type\":\"Organization\",\"@id\":\"https:\/\/last-chance.dk\/#organization\",\"name\":\"LASTCHANCE Deals | Danmark\",\"url\":\"https:\/\/last-chance.dk\/\",\"logo\":{\"@type\":\"ImageObject\",\"inLanguage\":\"da-DK\",\"@id\":\"https:\/\/last-chance.dk\/#\/schema\/logo\/image\/\",\"url\":\"https:\/\/last-chance.dk\/wp-content\/uploads\/2023\/10\/lastchancedeals_logo_dk_white.png\",\"contentUrl\":\"https:\/\/last-chance.dk\/wp-content\/uploads\/2023\/10\/lastchancedeals_logo_dk_white.png\",\"width\":470,\"height\":110,\"caption\":\"LASTCHANCE Deals | Danmark\"},\"image\":{\"@id\":\"https:\/\/last-chance.dk\/#\/schema\/logo\/image\/\"}}]}<\/script>\n<!-- \/ Yoast SEO plugin. -->","yoast_head_json":{"title":"Gulv lampe Sidney 50x168cm hvid - LASTCHANCE Deals | Danmark","robots":{"index":"index","follow":"follow","max-snippet":"max-snippet:-1","max-image-preview":"max-image-preview:large","max-video-preview":"max-video-preview:-1"},"canonical":"https:\/\/last-chance.dk\/?product=gulv-lampe-sidney-50x168cm-hvid","og_locale":"da_DK","og_type":"article","og_title":"Gulv lampe Sidney 50x168cm hvid - LASTCHANCE Deals | Danmark","og_description":"Leder du efter en elegant og klassisk gulv lampe til din stue, sovev\u00e6relse eller kontor? S\u00e5 er gulv lampe Sidney fra ForrestDecor det perfekte valg for dig. Denne smukke lampe har et hvidt stofsk\u00e6rm, der giver et bl\u00f8dt og hyggeligt lys. Lampens fod er lavet af metal og plast i en enkel og stilren design. [&hellip;]","og_url":"https:\/\/last-chance.dk\/?product=gulv-lampe-sidney-50x168cm-hvid","og_site_name":"LASTCHANCE Deals | Danmark","article_modified_time":"2025-10-13T11:52:35+00:00","og_image":[{"width":624,"height":628,"url":"https:\/\/last-chance.dk\/wp-content\/uploads\/2023\/11\/20170731224826_1.jpg","type":"image\/jpeg"}],"twitter_card":"summary_large_image","twitter_misc":{"Estimeret l\u00e6setid":"1 minut"},"schema":{"@context":"https:\/\/schema.org","@graph":[{"@type":"WebPage","@id":"https:\/\/last-chance.dk\/?product=gulv-lampe-sidney-50x168cm-hvid","url":"https:\/\/last-chance.dk\/?product=gulv-lampe-sidney-50x168cm-hvid","name":"Gulv lampe Sidney 50x168cm hvid - LASTCHANCE Deals | Danmark","isPartOf":{"@id":"https:\/\/last-chance.dk\/#website"},"primaryImageOfPage":{"@id":"https:\/\/last-chance.dk\/?product=gulv-lampe-sidney-50x168cm-hvid#primaryimage"},"image":{"@id":"https:\/\/last-chance.dk\/?product=gulv-lampe-sidney-50x168cm-hvid#primaryimage"},"thumbnailUrl":"https:\/\/last-chance.dk\/wp-content\/uploads\/2023\/11\/20170731224826_1.jpg","datePublished":"2023-11-06T14:54:24+00:00","dateModified":"2025-10-13T11:52:35+00:00","breadcrumb":{"@id":"https:\/\/last-chance.dk\/?product=gulv-lampe-sidney-50x168cm-hvid#breadcrumb"},"inLanguage":"da-DK","potentialAction":[{"@type":"ReadAction","target":["https:\/\/last-chance.dk\/?product=gulv-lampe-sidney-50x168cm-hvid"]}]},{"@type":"ImageObject","inLanguage":"da-DK","@id":"https:\/\/last-chance.dk\/?product=gulv-lampe-sidney-50x168cm-hvid#primaryimage","url":"https:\/\/last-chance.dk\/wp-content\/uploads\/2023\/11\/20170731224826_1.jpg","contentUrl":"https:\/\/last-chance.dk\/wp-content\/uploads\/2023\/11\/20170731224826_1.jpg","width":624,"height":628},{"@type":"BreadcrumbList","@id":"https:\/\/last-chance.dk\/?product=gulv-lampe-sidney-50x168cm-hvid#breadcrumb","itemListElement":[{"@type":"ListItem","position":1,"name":"Home","item":"https:\/\/last-chance.dk\/"},{"@type":"ListItem","position":2,"name":"Gulv lampe Sidney 50x168cm hvid"}]},{"@type":"WebSite","@id":"https:\/\/last-chance.dk\/#website","url":"https:\/\/last-chance.dk\/","name":"LASTCHANCE Deals | Danmark","description":"LASTCHANCE Deals | Danmark","publisher":{"@id":"https:\/\/last-chance.dk\/#organization"},"potentialAction":[{"@type":"SearchAction","target":{"@type":"EntryPoint","urlTemplate":"https:\/\/last-chance.dk\/?s={search_term_string}"},"query-input":{"@type":"PropertyValueSpecification","valueRequired":true,"valueName":"search_term_string"}}],"inLanguage":"da-DK"},{"@type":"Organization","@id":"https:\/\/last-chance.dk\/#organization","name":"LASTCHANCE Deals | Danmark","url":"https:\/\/last-chance.dk\/","logo":{"@type":"ImageObject","inLanguage":"da-DK","@id":"https:\/\/last-chance.dk\/#\/schema\/logo\/image\/","url":"https:\/\/last-chance.dk\/wp-content\/uploads\/2023\/10\/lastchancedeals_logo_dk_white.png","contentUrl":"https:\/\/last-chance.dk\/wp-content\/uploads\/2023\/10\/lastchancedeals_logo_dk_white.png","width":470,"height":110,"caption":"LASTCHANCE Deals | Danmark"},"image":{"@id":"https:\/\/last-chance.dk\/#\/schema\/logo\/image\/"}}]}},"_links":{"self":[{"href":"https:\/\/last-chance.dk\/index.php?rest_route=\/wp\/v2\/product\/8938","targetHints":{"allow":["GET"]}}],"collection":[{"href":"https:\/\/last-chance.dk\/index.php?rest_route=\/wp\/v2\/product"}],"about":[{"href":"https:\/\/last-chance.dk\/index.php?rest_route=\/wp\/v2\/types\/product"}],"replies":[{"embeddable":true,"href":"https:\/\/last-chance.dk\/index.php?rest_route=%2Fwp%2Fv2%2Fcomments&post=8938"}],"wp:featuredmedia":[{"embeddable":true,"href":"https:\/\/last-chance.dk\/index.php?rest_route=\/wp\/v2\/media\/8936"}],"wp:attachment":[{"href":"https:\/\/last-chance.dk\/index.php?rest_route=%2Fwp%2Fv2%2Fmedia&parent=8938"}],"wp:term":[{"taxonomy":"product_brand","embeddable":true,"href":"https:\/\/last-chance.dk\/index.php?rest_route=%2Fwp%2Fv2%2Fproduct_brand&post=8938"},{"taxonomy":"product_cat","embeddable":true,"href":"https:\/\/last-chance.dk\/index.php?rest_route=%2Fwp%2Fv2%2Fproduct_cat&post=8938"},{"taxonomy":"product_tag","embeddable":true,"href":"https:\/\/last-chance.dk\/index.php?rest_route=%2Fwp%2Fv2%2Fproduct_tag&post=8938"}],"curies":[{"name":"wp","href":"https:\/\/api.w.org\/{rel}","templated":true}]}}