{"id":8974,"date":"2023-11-06T14:56:49","date_gmt":"2023-11-06T14:56:49","guid":{"rendered":"https:\/\/www.lastchance.deals\/dk\/tuote\/loftslampe-nuno-21x32cm-sort\/"},"modified":"2025-09-19T18:06:03","modified_gmt":"2025-09-19T18:06:03","slug":"loftslampe-nuno-21x32cm-sort","status":"publish","type":"product","link":"https:\/\/last-chance.dk\/?product=loftslampe-nuno-21x32cm-sort","title":{"rendered":"Loftslampe Nuno 21x32cm sort"},"content":{"rendered":"<p>Er du p\u00e5 udkig efter en moderne og elegant loftslampe til din stue, sovev\u00e6relse eller kontor? S\u00e5 er loftslampen Nuno fra ForrestDecor det perfekte valg for dig. Denne loftslampe har et stilfuldt design med en sort metalramme og en hvid plastsk\u00e6rm, der giver et bl\u00f8dt og behageligt lys. Loftslampen Nuno har en h\u00f8jde p\u00e5 171 cm og udvendige dimensioner p\u00e5 21 x 32 cm, s\u00e5 den passer til de fleste rum. Loftslampen Nuno er lavet af kvalitetsmaterialer og har en garanti p\u00e5 12 m\u00e5neder. Loftslampen Nuno leveres i dele og skal samles, men det er nemt og hurtigt at g\u00f8re. Bestil din loftslampe Nuno i dag og giv dit hjem et moderne touch med denne smukke belysning.<\/p>\n<p><\/p>\n<p>Leveringstid: Leveringstid 1 uge<br \/>\nStil: moderne<br \/>\nMateriale: metal,plast<br \/>\nFarve: sort<br \/>\nLampefatning: E27<br \/>\nLampestik: ikke inkluderet<br \/>\nH\u00f8jde: 171cm<br \/>\nUdvendige dimensioner: 21x32cm<br \/>\nFabrikant: ForrestDecor<br \/>\nMontage: skal samles<br \/>\nGaranti: 12 m\u00e5neder<\/p>\n","protected":false},"excerpt":{"rendered":"<p>Er du p\u00e5 udkig efter en moderne og elegant loftslampe til din stue, sovev\u00e6relse eller kontor? S\u00e5 er loftslampen Nuno fra ForrestDecor det perfekte valg for dig. Denne loftslampe har et stilfuldt design med en sort metalramme og en hvid plastsk\u00e6rm, der giver et bl\u00f8dt og behageligt lys. Loftslampen Nuno har en h\u00f8jde p\u00e5 171 [&hellip;]<\/p>\n","protected":false},"featured_media":8972,"comment_status":"open","ping_status":"closed","template":"","meta":[],"product_brand":[],"product_cat":[155],"product_tag":[],"class_list":{"0":"post-8974","1":"product","2":"type-product","3":"status-publish","4":"has-post-thumbnail","6":"product_cat-chandeliers","8":"first","9":"instock","10":"shipping-taxable","11":"purchasable","12":"product-type-simple"},"yoast_head":"<!-- This site is optimized with the Yoast SEO plugin v24.8.1 - https:\/\/yoast.com\/wordpress\/plugins\/seo\/ -->\n<title>Loftslampe Nuno 21x32cm sort - LASTCHANCE Deals | Danmark<\/title>\n<meta name=\"robots\" content=\"index, follow, max-snippet:-1, max-image-preview:large, max-video-preview:-1\" \/>\n<link rel=\"canonical\" href=\"https:\/\/last-chance.dk\/?product=loftslampe-nuno-21x32cm-sort\" \/>\n<meta property=\"og:locale\" content=\"da_DK\" \/>\n<meta property=\"og:type\" content=\"article\" \/>\n<meta property=\"og:title\" content=\"Loftslampe Nuno 21x32cm sort - LASTCHANCE Deals | Danmark\" \/>\n<meta property=\"og:description\" content=\"Er du p\u00e5 udkig efter en moderne og elegant loftslampe til din stue, sovev\u00e6relse eller kontor? S\u00e5 er loftslampen Nuno fra ForrestDecor det perfekte valg for dig. Denne loftslampe har et stilfuldt design med en sort metalramme og en hvid plastsk\u00e6rm, der giver et bl\u00f8dt og behageligt lys. Loftslampen Nuno har en h\u00f8jde p\u00e5 171 [&hellip;]\" \/>\n<meta property=\"og:url\" content=\"https:\/\/last-chance.dk\/?product=loftslampe-nuno-21x32cm-sort\" \/>\n<meta property=\"og:site_name\" content=\"LASTCHANCE Deals | Danmark\" \/>\n<meta property=\"article:modified_time\" content=\"2025-09-19T18:06:03+00:00\" \/>\n<meta property=\"og:image\" content=\"https:\/\/last-chance.dk\/wp-content\/uploads\/2023\/11\/2_2_4_1.jpg\" \/>\n\t<meta property=\"og:image:width\" content=\"710\" \/>\n\t<meta property=\"og:image:height\" content=\"726\" \/>\n\t<meta property=\"og:image:type\" content=\"image\/jpeg\" \/>\n<meta name=\"twitter:card\" content=\"summary_large_image\" \/>\n<meta name=\"twitter:label1\" content=\"Estimeret l\u00e6setid\" \/>\n\t<meta name=\"twitter:data1\" content=\"1 minut\" \/>\n<script type=\"application\/ld+json\" class=\"yoast-schema-graph\">{\"@context\":\"https:\/\/schema.org\",\"@graph\":[{\"@type\":\"WebPage\",\"@id\":\"https:\/\/last-chance.dk\/?product=loftslampe-nuno-21x32cm-sort\",\"url\":\"https:\/\/last-chance.dk\/?product=loftslampe-nuno-21x32cm-sort\",\"name\":\"Loftslampe Nuno 21x32cm sort - LASTCHANCE Deals | Danmark\",\"isPartOf\":{\"@id\":\"https:\/\/last-chance.dk\/#website\"},\"primaryImageOfPage\":{\"@id\":\"https:\/\/last-chance.dk\/?product=loftslampe-nuno-21x32cm-sort#primaryimage\"},\"image\":{\"@id\":\"https:\/\/last-chance.dk\/?product=loftslampe-nuno-21x32cm-sort#primaryimage\"},\"thumbnailUrl\":\"https:\/\/last-chance.dk\/wp-content\/uploads\/2023\/11\/2_2_4_1.jpg\",\"datePublished\":\"2023-11-06T14:56:49+00:00\",\"dateModified\":\"2025-09-19T18:06:03+00:00\",\"breadcrumb\":{\"@id\":\"https:\/\/last-chance.dk\/?product=loftslampe-nuno-21x32cm-sort#breadcrumb\"},\"inLanguage\":\"da-DK\",\"potentialAction\":[{\"@type\":\"ReadAction\",\"target\":[\"https:\/\/last-chance.dk\/?product=loftslampe-nuno-21x32cm-sort\"]}]},{\"@type\":\"ImageObject\",\"inLanguage\":\"da-DK\",\"@id\":\"https:\/\/last-chance.dk\/?product=loftslampe-nuno-21x32cm-sort#primaryimage\",\"url\":\"https:\/\/last-chance.dk\/wp-content\/uploads\/2023\/11\/2_2_4_1.jpg\",\"contentUrl\":\"https:\/\/last-chance.dk\/wp-content\/uploads\/2023\/11\/2_2_4_1.jpg\",\"width\":710,\"height\":726},{\"@type\":\"BreadcrumbList\",\"@id\":\"https:\/\/last-chance.dk\/?product=loftslampe-nuno-21x32cm-sort#breadcrumb\",\"itemListElement\":[{\"@type\":\"ListItem\",\"position\":1,\"name\":\"Home\",\"item\":\"https:\/\/last-chance.dk\/\"},{\"@type\":\"ListItem\",\"position\":2,\"name\":\"Loftslampe Nuno 21x32cm sort\"}]},{\"@type\":\"WebSite\",\"@id\":\"https:\/\/last-chance.dk\/#website\",\"url\":\"https:\/\/last-chance.dk\/\",\"name\":\"LASTCHANCE Deals | Danmark\",\"description\":\"LASTCHANCE Deals | Danmark\",\"publisher\":{\"@id\":\"https:\/\/last-chance.dk\/#organization\"},\"potentialAction\":[{\"@type\":\"SearchAction\",\"target\":{\"@type\":\"EntryPoint\",\"urlTemplate\":\"https:\/\/last-chance.dk\/?s={search_term_string}\"},\"query-input\":{\"@type\":\"PropertyValueSpecification\",\"valueRequired\":true,\"valueName\":\"search_term_string\"}}],\"inLanguage\":\"da-DK\"},{\"@type\":\"Organization\",\"@id\":\"https:\/\/last-chance.dk\/#organization\",\"name\":\"LASTCHANCE Deals | Danmark\",\"url\":\"https:\/\/last-chance.dk\/\",\"logo\":{\"@type\":\"ImageObject\",\"inLanguage\":\"da-DK\",\"@id\":\"https:\/\/last-chance.dk\/#\/schema\/logo\/image\/\",\"url\":\"https:\/\/last-chance.dk\/wp-content\/uploads\/2023\/10\/lastchancedeals_logo_dk_white.png\",\"contentUrl\":\"https:\/\/last-chance.dk\/wp-content\/uploads\/2023\/10\/lastchancedeals_logo_dk_white.png\",\"width\":470,\"height\":110,\"caption\":\"LASTCHANCE Deals | Danmark\"},\"image\":{\"@id\":\"https:\/\/last-chance.dk\/#\/schema\/logo\/image\/\"}}]}<\/script>\n<!-- \/ Yoast SEO plugin. -->","yoast_head_json":{"title":"Loftslampe Nuno 21x32cm sort - LASTCHANCE Deals | Danmark","robots":{"index":"index","follow":"follow","max-snippet":"max-snippet:-1","max-image-preview":"max-image-preview:large","max-video-preview":"max-video-preview:-1"},"canonical":"https:\/\/last-chance.dk\/?product=loftslampe-nuno-21x32cm-sort","og_locale":"da_DK","og_type":"article","og_title":"Loftslampe Nuno 21x32cm sort - LASTCHANCE Deals | Danmark","og_description":"Er du p\u00e5 udkig efter en moderne og elegant loftslampe til din stue, sovev\u00e6relse eller kontor? S\u00e5 er loftslampen Nuno fra ForrestDecor det perfekte valg for dig. Denne loftslampe har et stilfuldt design med en sort metalramme og en hvid plastsk\u00e6rm, der giver et bl\u00f8dt og behageligt lys. Loftslampen Nuno har en h\u00f8jde p\u00e5 171 [&hellip;]","og_url":"https:\/\/last-chance.dk\/?product=loftslampe-nuno-21x32cm-sort","og_site_name":"LASTCHANCE Deals | Danmark","article_modified_time":"2025-09-19T18:06:03+00:00","og_image":[{"width":710,"height":726,"url":"https:\/\/last-chance.dk\/wp-content\/uploads\/2023\/11\/2_2_4_1.jpg","type":"image\/jpeg"}],"twitter_card":"summary_large_image","twitter_misc":{"Estimeret l\u00e6setid":"1 minut"},"schema":{"@context":"https:\/\/schema.org","@graph":[{"@type":"WebPage","@id":"https:\/\/last-chance.dk\/?product=loftslampe-nuno-21x32cm-sort","url":"https:\/\/last-chance.dk\/?product=loftslampe-nuno-21x32cm-sort","name":"Loftslampe Nuno 21x32cm sort - LASTCHANCE Deals | Danmark","isPartOf":{"@id":"https:\/\/last-chance.dk\/#website"},"primaryImageOfPage":{"@id":"https:\/\/last-chance.dk\/?product=loftslampe-nuno-21x32cm-sort#primaryimage"},"image":{"@id":"https:\/\/last-chance.dk\/?product=loftslampe-nuno-21x32cm-sort#primaryimage"},"thumbnailUrl":"https:\/\/last-chance.dk\/wp-content\/uploads\/2023\/11\/2_2_4_1.jpg","datePublished":"2023-11-06T14:56:49+00:00","dateModified":"2025-09-19T18:06:03+00:00","breadcrumb":{"@id":"https:\/\/last-chance.dk\/?product=loftslampe-nuno-21x32cm-sort#breadcrumb"},"inLanguage":"da-DK","potentialAction":[{"@type":"ReadAction","target":["https:\/\/last-chance.dk\/?product=loftslampe-nuno-21x32cm-sort"]}]},{"@type":"ImageObject","inLanguage":"da-DK","@id":"https:\/\/last-chance.dk\/?product=loftslampe-nuno-21x32cm-sort#primaryimage","url":"https:\/\/last-chance.dk\/wp-content\/uploads\/2023\/11\/2_2_4_1.jpg","contentUrl":"https:\/\/last-chance.dk\/wp-content\/uploads\/2023\/11\/2_2_4_1.jpg","width":710,"height":726},{"@type":"BreadcrumbList","@id":"https:\/\/last-chance.dk\/?product=loftslampe-nuno-21x32cm-sort#breadcrumb","itemListElement":[{"@type":"ListItem","position":1,"name":"Home","item":"https:\/\/last-chance.dk\/"},{"@type":"ListItem","position":2,"name":"Loftslampe Nuno 21x32cm sort"}]},{"@type":"WebSite","@id":"https:\/\/last-chance.dk\/#website","url":"https:\/\/last-chance.dk\/","name":"LASTCHANCE Deals | Danmark","description":"LASTCHANCE Deals | Danmark","publisher":{"@id":"https:\/\/last-chance.dk\/#organization"},"potentialAction":[{"@type":"SearchAction","target":{"@type":"EntryPoint","urlTemplate":"https:\/\/last-chance.dk\/?s={search_term_string}"},"query-input":{"@type":"PropertyValueSpecification","valueRequired":true,"valueName":"search_term_string"}}],"inLanguage":"da-DK"},{"@type":"Organization","@id":"https:\/\/last-chance.dk\/#organization","name":"LASTCHANCE Deals | Danmark","url":"https:\/\/last-chance.dk\/","logo":{"@type":"ImageObject","inLanguage":"da-DK","@id":"https:\/\/last-chance.dk\/#\/schema\/logo\/image\/","url":"https:\/\/last-chance.dk\/wp-content\/uploads\/2023\/10\/lastchancedeals_logo_dk_white.png","contentUrl":"https:\/\/last-chance.dk\/wp-content\/uploads\/2023\/10\/lastchancedeals_logo_dk_white.png","width":470,"height":110,"caption":"LASTCHANCE Deals | Danmark"},"image":{"@id":"https:\/\/last-chance.dk\/#\/schema\/logo\/image\/"}}]}},"_links":{"self":[{"href":"https:\/\/last-chance.dk\/index.php?rest_route=\/wp\/v2\/product\/8974","targetHints":{"allow":["GET"]}}],"collection":[{"href":"https:\/\/last-chance.dk\/index.php?rest_route=\/wp\/v2\/product"}],"about":[{"href":"https:\/\/last-chance.dk\/index.php?rest_route=\/wp\/v2\/types\/product"}],"replies":[{"embeddable":true,"href":"https:\/\/last-chance.dk\/index.php?rest_route=%2Fwp%2Fv2%2Fcomments&post=8974"}],"wp:featuredmedia":[{"embeddable":true,"href":"https:\/\/last-chance.dk\/index.php?rest_route=\/wp\/v2\/media\/8972"}],"wp:attachment":[{"href":"https:\/\/last-chance.dk\/index.php?rest_route=%2Fwp%2Fv2%2Fmedia&parent=8974"}],"wp:term":[{"taxonomy":"product_brand","embeddable":true,"href":"https:\/\/last-chance.dk\/index.php?rest_route=%2Fwp%2Fv2%2Fproduct_brand&post=8974"},{"taxonomy":"product_cat","embeddable":true,"href":"https:\/\/last-chance.dk\/index.php?rest_route=%2Fwp%2Fv2%2Fproduct_cat&post=8974"},{"taxonomy":"product_tag","embeddable":true,"href":"https:\/\/last-chance.dk\/index.php?rest_route=%2Fwp%2Fv2%2Fproduct_tag&post=8974"}],"curies":[{"name":"wp","href":"https:\/\/api.w.org\/{rel}","templated":true}]}}