{"id":8977,"date":"2023-11-06T14:57:01","date_gmt":"2023-11-06T14:57:01","guid":{"rendered":"https:\/\/www.lastchance.deals\/dk\/tuote\/laedertaeppe-starr-200x200cm\/"},"modified":"2025-09-19T18:03:25","modified_gmt":"2025-09-19T18:03:25","slug":"laedertaeppe-starr-200x200cm","status":"publish","type":"product","link":"https:\/\/last-chance.dk\/?product=laedertaeppe-starr-200x200cm","title":{"rendered":"L\u00e6derT\u00e6ppe Starr 200X200cm"},"content":{"rendered":"<p>L\u00e6derT\u00e6ppe Starr 200X200cm er et moderne og elegant t\u00e6ppe, der passer perfekt til enhver indretning. Det er lavet af \u00e6gte l\u00e6der, der giver det en bl\u00f8d og behagelig f\u00f8lelse. T\u00e6ppet har et smukt m\u00f8nster af stjerner, der skaber en dynamisk og stilfuld effekt. T\u00e6ppet er ideelt til at skabe en hyggelig og varm atmosf\u00e6re i dit hjem.<\/p>\n<p><\/p>\n<p>T\u00e6ppet har en st\u00f8rrelse p\u00e5 200X200cm, hvilket g\u00f8r det velegnet til b\u00e5de store og sm\u00e5 rum. Det er nemt at reng\u00f8re og vedligeholde, da det kan st\u00f8vsuges eller t\u00f8rres af med en fugtig klud. T\u00e6ppet har en garanti p\u00e5 12 m\u00e5neder, s\u00e5 du kan v\u00e6re sikker p\u00e5 dets kvalitet og holdbarhed. T\u00e6ppet er produceret af ForrestDecor, et anerkendt firma, der specialiserer sig i l\u00e6derprodukter.<\/p>\n<p><\/p>\n<p>L\u00e6derT\u00e6ppe Starr 200X200cm er et unikt og eksklusivt t\u00e6ppe, der vil give dit hjem et touch af luksus og elegance. Bestil det i dag og nyd dets komfort og sk\u00f8nhed.<\/p>\n<p><\/p>\n<p>Leveringstid: Leveringstid 1 uge<br \/>\nStil: moderne<br \/>\nMateriale: \u00e6gte l\u00e6der<br \/>\nUdvendige dimensioner: 200X200cm<br \/>\nGaranti: 12 m\u00e5neder<br \/>\nFabrikant: ForrestDecor<\/p>\n","protected":false},"excerpt":{"rendered":"<p>L\u00e6derT\u00e6ppe Starr 200X200cm er et moderne og elegant t\u00e6ppe, der passer perfekt til enhver indretning. Det er lavet af \u00e6gte l\u00e6der, der giver det en bl\u00f8d og behagelig f\u00f8lelse. T\u00e6ppet har et smukt m\u00f8nster af stjerner, der skaber en dynamisk og stilfuld effekt. T\u00e6ppet er ideelt til at skabe en hyggelig og varm atmosf\u00e6re i [&hellip;]<\/p>\n","protected":false},"featured_media":8975,"comment_status":"open","ping_status":"closed","template":"","meta":[],"product_brand":[],"product_cat":[168],"product_tag":[],"class_list":{"0":"post-8977","1":"product","2":"type-product","3":"status-publish","4":"has-post-thumbnail","6":"product_cat-rugs","8":"first","9":"instock","10":"shipping-taxable","11":"purchasable","12":"product-type-simple"},"yoast_head":"<!-- This site is optimized with the Yoast SEO plugin v24.8.1 - https:\/\/yoast.com\/wordpress\/plugins\/seo\/ -->\n<title>L\u00e6derT\u00e6ppe Starr 200X200cm - LASTCHANCE Deals | Danmark<\/title>\n<meta name=\"robots\" content=\"index, follow, max-snippet:-1, max-image-preview:large, max-video-preview:-1\" \/>\n<link rel=\"canonical\" href=\"https:\/\/last-chance.dk\/?product=laedertaeppe-starr-200x200cm\" \/>\n<meta property=\"og:locale\" content=\"da_DK\" \/>\n<meta property=\"og:type\" content=\"article\" \/>\n<meta property=\"og:title\" content=\"L\u00e6derT\u00e6ppe Starr 200X200cm - LASTCHANCE Deals | Danmark\" \/>\n<meta property=\"og:description\" content=\"L\u00e6derT\u00e6ppe Starr 200X200cm er et moderne og elegant t\u00e6ppe, der passer perfekt til enhver indretning. Det er lavet af \u00e6gte l\u00e6der, der giver det en bl\u00f8d og behagelig f\u00f8lelse. T\u00e6ppet har et smukt m\u00f8nster af stjerner, der skaber en dynamisk og stilfuld effekt. T\u00e6ppet er ideelt til at skabe en hyggelig og varm atmosf\u00e6re i [&hellip;]\" \/>\n<meta property=\"og:url\" content=\"https:\/\/last-chance.dk\/?product=laedertaeppe-starr-200x200cm\" \/>\n<meta property=\"og:site_name\" content=\"LASTCHANCE Deals | Danmark\" \/>\n<meta property=\"article:modified_time\" content=\"2025-09-19T18:03:25+00:00\" \/>\n<meta property=\"og:image\" content=\"https:\/\/last-chance.dk\/wp-content\/uploads\/2023\/11\/20170822102137_5_1.jpg\" \/>\n\t<meta property=\"og:image:width\" content=\"749\" \/>\n\t<meta property=\"og:image:height\" content=\"506\" \/>\n\t<meta property=\"og:image:type\" content=\"image\/jpeg\" \/>\n<meta name=\"twitter:card\" content=\"summary_large_image\" \/>\n<meta name=\"twitter:label1\" content=\"Estimeret l\u00e6setid\" \/>\n\t<meta name=\"twitter:data1\" content=\"1 minut\" \/>\n<script type=\"application\/ld+json\" class=\"yoast-schema-graph\">{\"@context\":\"https:\/\/schema.org\",\"@graph\":[{\"@type\":\"WebPage\",\"@id\":\"https:\/\/last-chance.dk\/?product=laedertaeppe-starr-200x200cm\",\"url\":\"https:\/\/last-chance.dk\/?product=laedertaeppe-starr-200x200cm\",\"name\":\"L\u00e6derT\u00e6ppe Starr 200X200cm - LASTCHANCE Deals | Danmark\",\"isPartOf\":{\"@id\":\"https:\/\/last-chance.dk\/#website\"},\"primaryImageOfPage\":{\"@id\":\"https:\/\/last-chance.dk\/?product=laedertaeppe-starr-200x200cm#primaryimage\"},\"image\":{\"@id\":\"https:\/\/last-chance.dk\/?product=laedertaeppe-starr-200x200cm#primaryimage\"},\"thumbnailUrl\":\"https:\/\/last-chance.dk\/wp-content\/uploads\/2023\/11\/20170822102137_5_1.jpg\",\"datePublished\":\"2023-11-06T14:57:01+00:00\",\"dateModified\":\"2025-09-19T18:03:25+00:00\",\"breadcrumb\":{\"@id\":\"https:\/\/last-chance.dk\/?product=laedertaeppe-starr-200x200cm#breadcrumb\"},\"inLanguage\":\"da-DK\",\"potentialAction\":[{\"@type\":\"ReadAction\",\"target\":[\"https:\/\/last-chance.dk\/?product=laedertaeppe-starr-200x200cm\"]}]},{\"@type\":\"ImageObject\",\"inLanguage\":\"da-DK\",\"@id\":\"https:\/\/last-chance.dk\/?product=laedertaeppe-starr-200x200cm#primaryimage\",\"url\":\"https:\/\/last-chance.dk\/wp-content\/uploads\/2023\/11\/20170822102137_5_1.jpg\",\"contentUrl\":\"https:\/\/last-chance.dk\/wp-content\/uploads\/2023\/11\/20170822102137_5_1.jpg\",\"width\":749,\"height\":506},{\"@type\":\"BreadcrumbList\",\"@id\":\"https:\/\/last-chance.dk\/?product=laedertaeppe-starr-200x200cm#breadcrumb\",\"itemListElement\":[{\"@type\":\"ListItem\",\"position\":1,\"name\":\"Home\",\"item\":\"https:\/\/last-chance.dk\/\"},{\"@type\":\"ListItem\",\"position\":2,\"name\":\"L\u00e6derT\u00e6ppe Starr 200X200cm\"}]},{\"@type\":\"WebSite\",\"@id\":\"https:\/\/last-chance.dk\/#website\",\"url\":\"https:\/\/last-chance.dk\/\",\"name\":\"LASTCHANCE Deals | Danmark\",\"description\":\"LASTCHANCE Deals | Danmark\",\"publisher\":{\"@id\":\"https:\/\/last-chance.dk\/#organization\"},\"potentialAction\":[{\"@type\":\"SearchAction\",\"target\":{\"@type\":\"EntryPoint\",\"urlTemplate\":\"https:\/\/last-chance.dk\/?s={search_term_string}\"},\"query-input\":{\"@type\":\"PropertyValueSpecification\",\"valueRequired\":true,\"valueName\":\"search_term_string\"}}],\"inLanguage\":\"da-DK\"},{\"@type\":\"Organization\",\"@id\":\"https:\/\/last-chance.dk\/#organization\",\"name\":\"LASTCHANCE Deals | Danmark\",\"url\":\"https:\/\/last-chance.dk\/\",\"logo\":{\"@type\":\"ImageObject\",\"inLanguage\":\"da-DK\",\"@id\":\"https:\/\/last-chance.dk\/#\/schema\/logo\/image\/\",\"url\":\"https:\/\/last-chance.dk\/wp-content\/uploads\/2023\/10\/lastchancedeals_logo_dk_white.png\",\"contentUrl\":\"https:\/\/last-chance.dk\/wp-content\/uploads\/2023\/10\/lastchancedeals_logo_dk_white.png\",\"width\":470,\"height\":110,\"caption\":\"LASTCHANCE Deals | Danmark\"},\"image\":{\"@id\":\"https:\/\/last-chance.dk\/#\/schema\/logo\/image\/\"}}]}<\/script>\n<!-- \/ Yoast SEO plugin. -->","yoast_head_json":{"title":"L\u00e6derT\u00e6ppe Starr 200X200cm - LASTCHANCE Deals | Danmark","robots":{"index":"index","follow":"follow","max-snippet":"max-snippet:-1","max-image-preview":"max-image-preview:large","max-video-preview":"max-video-preview:-1"},"canonical":"https:\/\/last-chance.dk\/?product=laedertaeppe-starr-200x200cm","og_locale":"da_DK","og_type":"article","og_title":"L\u00e6derT\u00e6ppe Starr 200X200cm - LASTCHANCE Deals | Danmark","og_description":"L\u00e6derT\u00e6ppe Starr 200X200cm er et moderne og elegant t\u00e6ppe, der passer perfekt til enhver indretning. Det er lavet af \u00e6gte l\u00e6der, der giver det en bl\u00f8d og behagelig f\u00f8lelse. T\u00e6ppet har et smukt m\u00f8nster af stjerner, der skaber en dynamisk og stilfuld effekt. T\u00e6ppet er ideelt til at skabe en hyggelig og varm atmosf\u00e6re i [&hellip;]","og_url":"https:\/\/last-chance.dk\/?product=laedertaeppe-starr-200x200cm","og_site_name":"LASTCHANCE Deals | Danmark","article_modified_time":"2025-09-19T18:03:25+00:00","og_image":[{"width":749,"height":506,"url":"https:\/\/last-chance.dk\/wp-content\/uploads\/2023\/11\/20170822102137_5_1.jpg","type":"image\/jpeg"}],"twitter_card":"summary_large_image","twitter_misc":{"Estimeret l\u00e6setid":"1 minut"},"schema":{"@context":"https:\/\/schema.org","@graph":[{"@type":"WebPage","@id":"https:\/\/last-chance.dk\/?product=laedertaeppe-starr-200x200cm","url":"https:\/\/last-chance.dk\/?product=laedertaeppe-starr-200x200cm","name":"L\u00e6derT\u00e6ppe Starr 200X200cm - LASTCHANCE Deals | Danmark","isPartOf":{"@id":"https:\/\/last-chance.dk\/#website"},"primaryImageOfPage":{"@id":"https:\/\/last-chance.dk\/?product=laedertaeppe-starr-200x200cm#primaryimage"},"image":{"@id":"https:\/\/last-chance.dk\/?product=laedertaeppe-starr-200x200cm#primaryimage"},"thumbnailUrl":"https:\/\/last-chance.dk\/wp-content\/uploads\/2023\/11\/20170822102137_5_1.jpg","datePublished":"2023-11-06T14:57:01+00:00","dateModified":"2025-09-19T18:03:25+00:00","breadcrumb":{"@id":"https:\/\/last-chance.dk\/?product=laedertaeppe-starr-200x200cm#breadcrumb"},"inLanguage":"da-DK","potentialAction":[{"@type":"ReadAction","target":["https:\/\/last-chance.dk\/?product=laedertaeppe-starr-200x200cm"]}]},{"@type":"ImageObject","inLanguage":"da-DK","@id":"https:\/\/last-chance.dk\/?product=laedertaeppe-starr-200x200cm#primaryimage","url":"https:\/\/last-chance.dk\/wp-content\/uploads\/2023\/11\/20170822102137_5_1.jpg","contentUrl":"https:\/\/last-chance.dk\/wp-content\/uploads\/2023\/11\/20170822102137_5_1.jpg","width":749,"height":506},{"@type":"BreadcrumbList","@id":"https:\/\/last-chance.dk\/?product=laedertaeppe-starr-200x200cm#breadcrumb","itemListElement":[{"@type":"ListItem","position":1,"name":"Home","item":"https:\/\/last-chance.dk\/"},{"@type":"ListItem","position":2,"name":"L\u00e6derT\u00e6ppe Starr 200X200cm"}]},{"@type":"WebSite","@id":"https:\/\/last-chance.dk\/#website","url":"https:\/\/last-chance.dk\/","name":"LASTCHANCE Deals | Danmark","description":"LASTCHANCE Deals | Danmark","publisher":{"@id":"https:\/\/last-chance.dk\/#organization"},"potentialAction":[{"@type":"SearchAction","target":{"@type":"EntryPoint","urlTemplate":"https:\/\/last-chance.dk\/?s={search_term_string}"},"query-input":{"@type":"PropertyValueSpecification","valueRequired":true,"valueName":"search_term_string"}}],"inLanguage":"da-DK"},{"@type":"Organization","@id":"https:\/\/last-chance.dk\/#organization","name":"LASTCHANCE Deals | Danmark","url":"https:\/\/last-chance.dk\/","logo":{"@type":"ImageObject","inLanguage":"da-DK","@id":"https:\/\/last-chance.dk\/#\/schema\/logo\/image\/","url":"https:\/\/last-chance.dk\/wp-content\/uploads\/2023\/10\/lastchancedeals_logo_dk_white.png","contentUrl":"https:\/\/last-chance.dk\/wp-content\/uploads\/2023\/10\/lastchancedeals_logo_dk_white.png","width":470,"height":110,"caption":"LASTCHANCE Deals | Danmark"},"image":{"@id":"https:\/\/last-chance.dk\/#\/schema\/logo\/image\/"}}]}},"_links":{"self":[{"href":"https:\/\/last-chance.dk\/index.php?rest_route=\/wp\/v2\/product\/8977","targetHints":{"allow":["GET"]}}],"collection":[{"href":"https:\/\/last-chance.dk\/index.php?rest_route=\/wp\/v2\/product"}],"about":[{"href":"https:\/\/last-chance.dk\/index.php?rest_route=\/wp\/v2\/types\/product"}],"replies":[{"embeddable":true,"href":"https:\/\/last-chance.dk\/index.php?rest_route=%2Fwp%2Fv2%2Fcomments&post=8977"}],"wp:featuredmedia":[{"embeddable":true,"href":"https:\/\/last-chance.dk\/index.php?rest_route=\/wp\/v2\/media\/8975"}],"wp:attachment":[{"href":"https:\/\/last-chance.dk\/index.php?rest_route=%2Fwp%2Fv2%2Fmedia&parent=8977"}],"wp:term":[{"taxonomy":"product_brand","embeddable":true,"href":"https:\/\/last-chance.dk\/index.php?rest_route=%2Fwp%2Fv2%2Fproduct_brand&post=8977"},{"taxonomy":"product_cat","embeddable":true,"href":"https:\/\/last-chance.dk\/index.php?rest_route=%2Fwp%2Fv2%2Fproduct_cat&post=8977"},{"taxonomy":"product_tag","embeddable":true,"href":"https:\/\/last-chance.dk\/index.php?rest_route=%2Fwp%2Fv2%2Fproduct_tag&post=8977"}],"curies":[{"name":"wp","href":"https:\/\/api.w.org\/{rel}","templated":true}]}}