{"id":8983,"date":"2023-11-06T14:57:14","date_gmt":"2023-11-06T14:57:14","guid":{"rendered":"https:\/\/www.lastchance.deals\/dk\/tuote\/taeppe-bennett-190x190cm\/"},"modified":"2025-09-19T18:42:21","modified_gmt":"2025-09-19T18:42:21","slug":"taeppe-bennett-190x190cm","status":"publish","type":"product","link":"https:\/\/last-chance.dk\/?product=taeppe-bennett-190x190cm","title":{"rendered":"T\u00e6ppe Bennett 190X190cm"},"content":{"rendered":"<p>\nHvis du leder efter et klassisk og elegant t\u00e6ppe til dit hjem, s\u00e5 er t\u00e6ppet Bennett fra ForrestDecor et godt valg. Dette t\u00e6ppe er lavet af polyester, som er et slidst\u00e6rkt og bl\u00f8dt materiale, der er nemt at reng\u00f8re. T\u00e6ppet har et smukt m\u00f8nster i varme farver, der skaber en hyggelig og indbydende stemning i rummet. T\u00e6ppet har en kvadratisk form og m\u00e5ler 190&#215;190 cm, s\u00e5 det passer perfekt til mindre stuer, sovev\u00e6relser eller kontorer. T\u00e6ppet har en garanti p\u00e5 6 m\u00e5neder, s\u00e5 du kan v\u00e6re sikker p\u00e5 at f\u00e5 et kvalitetsprodukt. Bestil dit t\u00e6ppe Bennett fra ForrestDecor i dag og giv dit hjem et nyt look!\n<\/p>\n<p><\/p>\n<p>Leveringstid: Leveringstid 1 uge<br \/>\nStil: klassisk<br \/>\nMateriale: polyester<br \/>\nUdvendige dimensioner: 190X190cm<br \/>\nGaranti: 6 m\u00e5neder<br \/>\nFabrikant: ForrestDecor<\/p>\n","protected":false},"excerpt":{"rendered":"<p>Hvis du leder efter et klassisk og elegant t\u00e6ppe til dit hjem, s\u00e5 er t\u00e6ppet Bennett fra ForrestDecor et godt valg. Dette t\u00e6ppe er lavet af polyester, som er et slidst\u00e6rkt og bl\u00f8dt materiale, der er nemt at reng\u00f8re. T\u00e6ppet har et smukt m\u00f8nster i varme farver, der skaber en hyggelig og indbydende stemning i [&hellip;]<\/p>\n","protected":false},"featured_media":8978,"comment_status":"open","ping_status":"closed","template":"","meta":[],"product_brand":[],"product_cat":[168],"product_tag":[],"class_list":{"0":"post-8983","1":"product","2":"type-product","3":"status-publish","4":"has-post-thumbnail","6":"product_cat-rugs","8":"first","9":"instock","10":"shipping-taxable","11":"purchasable","12":"product-type-simple"},"yoast_head":"<!-- This site is optimized with the Yoast SEO plugin v24.8.1 - https:\/\/yoast.com\/wordpress\/plugins\/seo\/ -->\n<title>T\u00e6ppe Bennett 190X190cm - LASTCHANCE Deals | Danmark<\/title>\n<meta name=\"robots\" content=\"index, follow, max-snippet:-1, max-image-preview:large, max-video-preview:-1\" \/>\n<link rel=\"canonical\" href=\"https:\/\/last-chance.dk\/?product=taeppe-bennett-190x190cm\" \/>\n<meta property=\"og:locale\" content=\"da_DK\" \/>\n<meta property=\"og:type\" content=\"article\" \/>\n<meta property=\"og:title\" content=\"T\u00e6ppe Bennett 190X190cm - LASTCHANCE Deals | Danmark\" \/>\n<meta property=\"og:description\" content=\"Hvis du leder efter et klassisk og elegant t\u00e6ppe til dit hjem, s\u00e5 er t\u00e6ppet Bennett fra ForrestDecor et godt valg. Dette t\u00e6ppe er lavet af polyester, som er et slidst\u00e6rkt og bl\u00f8dt materiale, der er nemt at reng\u00f8re. T\u00e6ppet har et smukt m\u00f8nster i varme farver, der skaber en hyggelig og indbydende stemning i [&hellip;]\" \/>\n<meta property=\"og:url\" content=\"https:\/\/last-chance.dk\/?product=taeppe-bennett-190x190cm\" \/>\n<meta property=\"og:site_name\" content=\"LASTCHANCE Deals | Danmark\" \/>\n<meta property=\"article:modified_time\" content=\"2025-09-19T18:42:21+00:00\" \/>\n<meta property=\"og:image\" content=\"https:\/\/last-chance.dk\/wp-content\/uploads\/2023\/11\/20170822103106_1.jpg\" \/>\n\t<meta property=\"og:image:width\" content=\"728\" \/>\n\t<meta property=\"og:image:height\" content=\"455\" \/>\n\t<meta property=\"og:image:type\" content=\"image\/jpeg\" \/>\n<meta name=\"twitter:card\" content=\"summary_large_image\" \/>\n<meta name=\"twitter:label1\" content=\"Estimeret l\u00e6setid\" \/>\n\t<meta name=\"twitter:data1\" content=\"1 minut\" \/>\n<script type=\"application\/ld+json\" class=\"yoast-schema-graph\">{\"@context\":\"https:\/\/schema.org\",\"@graph\":[{\"@type\":\"WebPage\",\"@id\":\"https:\/\/last-chance.dk\/?product=taeppe-bennett-190x190cm\",\"url\":\"https:\/\/last-chance.dk\/?product=taeppe-bennett-190x190cm\",\"name\":\"T\u00e6ppe Bennett 190X190cm - LASTCHANCE Deals | Danmark\",\"isPartOf\":{\"@id\":\"https:\/\/last-chance.dk\/#website\"},\"primaryImageOfPage\":{\"@id\":\"https:\/\/last-chance.dk\/?product=taeppe-bennett-190x190cm#primaryimage\"},\"image\":{\"@id\":\"https:\/\/last-chance.dk\/?product=taeppe-bennett-190x190cm#primaryimage\"},\"thumbnailUrl\":\"https:\/\/last-chance.dk\/wp-content\/uploads\/2023\/11\/20170822103106_1.jpg\",\"datePublished\":\"2023-11-06T14:57:14+00:00\",\"dateModified\":\"2025-09-19T18:42:21+00:00\",\"breadcrumb\":{\"@id\":\"https:\/\/last-chance.dk\/?product=taeppe-bennett-190x190cm#breadcrumb\"},\"inLanguage\":\"da-DK\",\"potentialAction\":[{\"@type\":\"ReadAction\",\"target\":[\"https:\/\/last-chance.dk\/?product=taeppe-bennett-190x190cm\"]}]},{\"@type\":\"ImageObject\",\"inLanguage\":\"da-DK\",\"@id\":\"https:\/\/last-chance.dk\/?product=taeppe-bennett-190x190cm#primaryimage\",\"url\":\"https:\/\/last-chance.dk\/wp-content\/uploads\/2023\/11\/20170822103106_1.jpg\",\"contentUrl\":\"https:\/\/last-chance.dk\/wp-content\/uploads\/2023\/11\/20170822103106_1.jpg\",\"width\":728,\"height\":455},{\"@type\":\"BreadcrumbList\",\"@id\":\"https:\/\/last-chance.dk\/?product=taeppe-bennett-190x190cm#breadcrumb\",\"itemListElement\":[{\"@type\":\"ListItem\",\"position\":1,\"name\":\"Home\",\"item\":\"https:\/\/last-chance.dk\/\"},{\"@type\":\"ListItem\",\"position\":2,\"name\":\"T\u00e6ppe Bennett 190X190cm\"}]},{\"@type\":\"WebSite\",\"@id\":\"https:\/\/last-chance.dk\/#website\",\"url\":\"https:\/\/last-chance.dk\/\",\"name\":\"LASTCHANCE Deals | Danmark\",\"description\":\"LASTCHANCE Deals | Danmark\",\"publisher\":{\"@id\":\"https:\/\/last-chance.dk\/#organization\"},\"potentialAction\":[{\"@type\":\"SearchAction\",\"target\":{\"@type\":\"EntryPoint\",\"urlTemplate\":\"https:\/\/last-chance.dk\/?s={search_term_string}\"},\"query-input\":{\"@type\":\"PropertyValueSpecification\",\"valueRequired\":true,\"valueName\":\"search_term_string\"}}],\"inLanguage\":\"da-DK\"},{\"@type\":\"Organization\",\"@id\":\"https:\/\/last-chance.dk\/#organization\",\"name\":\"LASTCHANCE Deals | Danmark\",\"url\":\"https:\/\/last-chance.dk\/\",\"logo\":{\"@type\":\"ImageObject\",\"inLanguage\":\"da-DK\",\"@id\":\"https:\/\/last-chance.dk\/#\/schema\/logo\/image\/\",\"url\":\"https:\/\/last-chance.dk\/wp-content\/uploads\/2023\/10\/lastchancedeals_logo_dk_white.png\",\"contentUrl\":\"https:\/\/last-chance.dk\/wp-content\/uploads\/2023\/10\/lastchancedeals_logo_dk_white.png\",\"width\":470,\"height\":110,\"caption\":\"LASTCHANCE Deals | Danmark\"},\"image\":{\"@id\":\"https:\/\/last-chance.dk\/#\/schema\/logo\/image\/\"}}]}<\/script>\n<!-- \/ Yoast SEO plugin. -->","yoast_head_json":{"title":"T\u00e6ppe Bennett 190X190cm - LASTCHANCE Deals | Danmark","robots":{"index":"index","follow":"follow","max-snippet":"max-snippet:-1","max-image-preview":"max-image-preview:large","max-video-preview":"max-video-preview:-1"},"canonical":"https:\/\/last-chance.dk\/?product=taeppe-bennett-190x190cm","og_locale":"da_DK","og_type":"article","og_title":"T\u00e6ppe Bennett 190X190cm - LASTCHANCE Deals | Danmark","og_description":"Hvis du leder efter et klassisk og elegant t\u00e6ppe til dit hjem, s\u00e5 er t\u00e6ppet Bennett fra ForrestDecor et godt valg. Dette t\u00e6ppe er lavet af polyester, som er et slidst\u00e6rkt og bl\u00f8dt materiale, der er nemt at reng\u00f8re. T\u00e6ppet har et smukt m\u00f8nster i varme farver, der skaber en hyggelig og indbydende stemning i [&hellip;]","og_url":"https:\/\/last-chance.dk\/?product=taeppe-bennett-190x190cm","og_site_name":"LASTCHANCE Deals | Danmark","article_modified_time":"2025-09-19T18:42:21+00:00","og_image":[{"width":728,"height":455,"url":"https:\/\/last-chance.dk\/wp-content\/uploads\/2023\/11\/20170822103106_1.jpg","type":"image\/jpeg"}],"twitter_card":"summary_large_image","twitter_misc":{"Estimeret l\u00e6setid":"1 minut"},"schema":{"@context":"https:\/\/schema.org","@graph":[{"@type":"WebPage","@id":"https:\/\/last-chance.dk\/?product=taeppe-bennett-190x190cm","url":"https:\/\/last-chance.dk\/?product=taeppe-bennett-190x190cm","name":"T\u00e6ppe Bennett 190X190cm - LASTCHANCE Deals | Danmark","isPartOf":{"@id":"https:\/\/last-chance.dk\/#website"},"primaryImageOfPage":{"@id":"https:\/\/last-chance.dk\/?product=taeppe-bennett-190x190cm#primaryimage"},"image":{"@id":"https:\/\/last-chance.dk\/?product=taeppe-bennett-190x190cm#primaryimage"},"thumbnailUrl":"https:\/\/last-chance.dk\/wp-content\/uploads\/2023\/11\/20170822103106_1.jpg","datePublished":"2023-11-06T14:57:14+00:00","dateModified":"2025-09-19T18:42:21+00:00","breadcrumb":{"@id":"https:\/\/last-chance.dk\/?product=taeppe-bennett-190x190cm#breadcrumb"},"inLanguage":"da-DK","potentialAction":[{"@type":"ReadAction","target":["https:\/\/last-chance.dk\/?product=taeppe-bennett-190x190cm"]}]},{"@type":"ImageObject","inLanguage":"da-DK","@id":"https:\/\/last-chance.dk\/?product=taeppe-bennett-190x190cm#primaryimage","url":"https:\/\/last-chance.dk\/wp-content\/uploads\/2023\/11\/20170822103106_1.jpg","contentUrl":"https:\/\/last-chance.dk\/wp-content\/uploads\/2023\/11\/20170822103106_1.jpg","width":728,"height":455},{"@type":"BreadcrumbList","@id":"https:\/\/last-chance.dk\/?product=taeppe-bennett-190x190cm#breadcrumb","itemListElement":[{"@type":"ListItem","position":1,"name":"Home","item":"https:\/\/last-chance.dk\/"},{"@type":"ListItem","position":2,"name":"T\u00e6ppe Bennett 190X190cm"}]},{"@type":"WebSite","@id":"https:\/\/last-chance.dk\/#website","url":"https:\/\/last-chance.dk\/","name":"LASTCHANCE Deals | Danmark","description":"LASTCHANCE Deals | Danmark","publisher":{"@id":"https:\/\/last-chance.dk\/#organization"},"potentialAction":[{"@type":"SearchAction","target":{"@type":"EntryPoint","urlTemplate":"https:\/\/last-chance.dk\/?s={search_term_string}"},"query-input":{"@type":"PropertyValueSpecification","valueRequired":true,"valueName":"search_term_string"}}],"inLanguage":"da-DK"},{"@type":"Organization","@id":"https:\/\/last-chance.dk\/#organization","name":"LASTCHANCE Deals | Danmark","url":"https:\/\/last-chance.dk\/","logo":{"@type":"ImageObject","inLanguage":"da-DK","@id":"https:\/\/last-chance.dk\/#\/schema\/logo\/image\/","url":"https:\/\/last-chance.dk\/wp-content\/uploads\/2023\/10\/lastchancedeals_logo_dk_white.png","contentUrl":"https:\/\/last-chance.dk\/wp-content\/uploads\/2023\/10\/lastchancedeals_logo_dk_white.png","width":470,"height":110,"caption":"LASTCHANCE Deals | Danmark"},"image":{"@id":"https:\/\/last-chance.dk\/#\/schema\/logo\/image\/"}}]}},"_links":{"self":[{"href":"https:\/\/last-chance.dk\/index.php?rest_route=\/wp\/v2\/product\/8983","targetHints":{"allow":["GET"]}}],"collection":[{"href":"https:\/\/last-chance.dk\/index.php?rest_route=\/wp\/v2\/product"}],"about":[{"href":"https:\/\/last-chance.dk\/index.php?rest_route=\/wp\/v2\/types\/product"}],"replies":[{"embeddable":true,"href":"https:\/\/last-chance.dk\/index.php?rest_route=%2Fwp%2Fv2%2Fcomments&post=8983"}],"wp:featuredmedia":[{"embeddable":true,"href":"https:\/\/last-chance.dk\/index.php?rest_route=\/wp\/v2\/media\/8978"}],"wp:attachment":[{"href":"https:\/\/last-chance.dk\/index.php?rest_route=%2Fwp%2Fv2%2Fmedia&parent=8983"}],"wp:term":[{"taxonomy":"product_brand","embeddable":true,"href":"https:\/\/last-chance.dk\/index.php?rest_route=%2Fwp%2Fv2%2Fproduct_brand&post=8983"},{"taxonomy":"product_cat","embeddable":true,"href":"https:\/\/last-chance.dk\/index.php?rest_route=%2Fwp%2Fv2%2Fproduct_cat&post=8983"},{"taxonomy":"product_tag","embeddable":true,"href":"https:\/\/last-chance.dk\/index.php?rest_route=%2Fwp%2Fv2%2Fproduct_tag&post=8983"}],"curies":[{"name":"wp","href":"https:\/\/api.w.org\/{rel}","templated":true}]}}