{"id":8990,"date":"2023-11-06T14:57:44","date_gmt":"2023-11-06T14:57:44","guid":{"rendered":"https:\/\/www.lastchance.deals\/dk\/tuote\/tv-bord-eleanor-sort-hvid\/"},"modified":"2025-10-13T12:07:17","modified_gmt":"2025-10-13T12:07:17","slug":"tv-bord-eleanor-sort-hvid","status":"publish","type":"product","link":"https:\/\/last-chance.dk\/?product=tv-bord-eleanor-sort-hvid","title":{"rendered":"Tv-bord Eleanor sort-hvid"},"content":{"rendered":"<p>Er du p\u00e5 udkig efter et moderne og elegant tv-bord til din stue? S\u00e5 er Tv-bord Eleanor det perfekte valg for dig. Tv-bordet har et flot sort-hvidt design, der passer til enhver indretning. Det er lavet af glas og m\u00f8belplade, der giver det et stilrent og holdbart udtryk. Tv-bordet har en justerbar l\u00e6ngde fra 160 til 240 cm, s\u00e5 du kan tilpasse det til dit tv og dine behov. Det har ogs\u00e5 to skuffer og to hylder, hvor du kan opbevare dine fjernbetjeninger, magasiner, spil og andre ting. Tv-bordet leveres usamlet, men du kan nemt samle det med den medf\u00f8lgende vejledning. Tv-bordet har en 6 m\u00e5neders rammegaranti fra fabrikanten ForrestDecor, s\u00e5 du kan v\u00e6re sikker p\u00e5 kvaliteten. Bestil dit Tv-bord Eleanor i dag og giv din stue et nyt og moderne look.<\/p>\n<p><\/p>\n<p>Leveringstid: Leveringstid 1 uge<br \/>\nStil: moderne<br \/>\nMateriale: glas,m\u00f8belplade<br \/>\nFarve: sort-hvid<br \/>\nUdvendige dimensioner: 41x31x160-240cm<br \/>\nMontage: skal samles<br \/>\nGaranti: 6 m\u00e5neders rammegaranti<br \/>\nFabrikant: ForrestDecor<\/p>\n","protected":false},"excerpt":{"rendered":"<p>Er du p\u00e5 udkig efter et moderne og elegant tv-bord til din stue? S\u00e5 er Tv-bord Eleanor det perfekte valg for dig. Tv-bordet har et flot sort-hvidt design, der passer til enhver indretning. Det er lavet af glas og m\u00f8belplade, der giver det et stilrent og holdbart udtryk. Tv-bordet har en justerbar l\u00e6ngde fra 160 [&hellip;]<\/p>\n","protected":false},"featured_media":8987,"comment_status":"open","ping_status":"closed","template":"","meta":[],"product_brand":[],"product_cat":[152],"product_tag":[],"class_list":{"0":"post-8990","1":"product","2":"type-product","3":"status-publish","4":"has-post-thumbnail","6":"product_cat-tv-stands","8":"first","9":"instock","10":"shipping-taxable","11":"purchasable","12":"product-type-simple"},"yoast_head":"<!-- This site is optimized with the Yoast SEO plugin v24.8.1 - https:\/\/yoast.com\/wordpress\/plugins\/seo\/ -->\n<title>Tv-bord Eleanor sort-hvid - LASTCHANCE Deals | Danmark<\/title>\n<meta name=\"robots\" content=\"index, follow, max-snippet:-1, max-image-preview:large, max-video-preview:-1\" \/>\n<link rel=\"canonical\" href=\"https:\/\/last-chance.dk\/?product=tv-bord-eleanor-sort-hvid\" \/>\n<meta property=\"og:locale\" content=\"da_DK\" \/>\n<meta property=\"og:type\" content=\"article\" \/>\n<meta property=\"og:title\" content=\"Tv-bord Eleanor sort-hvid - LASTCHANCE Deals | Danmark\" \/>\n<meta property=\"og:description\" content=\"Er du p\u00e5 udkig efter et moderne og elegant tv-bord til din stue? S\u00e5 er Tv-bord Eleanor det perfekte valg for dig. Tv-bordet har et flot sort-hvidt design, der passer til enhver indretning. Det er lavet af glas og m\u00f8belplade, der giver det et stilrent og holdbart udtryk. Tv-bordet har en justerbar l\u00e6ngde fra 160 [&hellip;]\" \/>\n<meta property=\"og:url\" content=\"https:\/\/last-chance.dk\/?product=tv-bord-eleanor-sort-hvid\" \/>\n<meta property=\"og:site_name\" content=\"LASTCHANCE Deals | Danmark\" \/>\n<meta property=\"article:modified_time\" content=\"2025-10-13T12:07:17+00:00\" \/>\n<meta property=\"og:image\" content=\"https:\/\/last-chance.dk\/wp-content\/uploads\/2023\/11\/eleanor_tv_stand_main.jpg\" \/>\n\t<meta property=\"og:image:width\" content=\"945\" \/>\n\t<meta property=\"og:image:height\" content=\"600\" \/>\n\t<meta property=\"og:image:type\" content=\"image\/jpeg\" \/>\n<meta name=\"twitter:card\" content=\"summary_large_image\" \/>\n<meta name=\"twitter:label1\" content=\"Estimeret l\u00e6setid\" \/>\n\t<meta name=\"twitter:data1\" content=\"1 minut\" \/>\n<script type=\"application\/ld+json\" class=\"yoast-schema-graph\">{\"@context\":\"https:\/\/schema.org\",\"@graph\":[{\"@type\":\"WebPage\",\"@id\":\"https:\/\/last-chance.dk\/?product=tv-bord-eleanor-sort-hvid\",\"url\":\"https:\/\/last-chance.dk\/?product=tv-bord-eleanor-sort-hvid\",\"name\":\"Tv-bord Eleanor sort-hvid - LASTCHANCE Deals | Danmark\",\"isPartOf\":{\"@id\":\"https:\/\/last-chance.dk\/#website\"},\"primaryImageOfPage\":{\"@id\":\"https:\/\/last-chance.dk\/?product=tv-bord-eleanor-sort-hvid#primaryimage\"},\"image\":{\"@id\":\"https:\/\/last-chance.dk\/?product=tv-bord-eleanor-sort-hvid#primaryimage\"},\"thumbnailUrl\":\"https:\/\/last-chance.dk\/wp-content\/uploads\/2023\/11\/eleanor_tv_stand_main.jpg\",\"datePublished\":\"2023-11-06T14:57:44+00:00\",\"dateModified\":\"2025-10-13T12:07:17+00:00\",\"breadcrumb\":{\"@id\":\"https:\/\/last-chance.dk\/?product=tv-bord-eleanor-sort-hvid#breadcrumb\"},\"inLanguage\":\"da-DK\",\"potentialAction\":[{\"@type\":\"ReadAction\",\"target\":[\"https:\/\/last-chance.dk\/?product=tv-bord-eleanor-sort-hvid\"]}]},{\"@type\":\"ImageObject\",\"inLanguage\":\"da-DK\",\"@id\":\"https:\/\/last-chance.dk\/?product=tv-bord-eleanor-sort-hvid#primaryimage\",\"url\":\"https:\/\/last-chance.dk\/wp-content\/uploads\/2023\/11\/eleanor_tv_stand_main.jpg\",\"contentUrl\":\"https:\/\/last-chance.dk\/wp-content\/uploads\/2023\/11\/eleanor_tv_stand_main.jpg\",\"width\":945,\"height\":600},{\"@type\":\"BreadcrumbList\",\"@id\":\"https:\/\/last-chance.dk\/?product=tv-bord-eleanor-sort-hvid#breadcrumb\",\"itemListElement\":[{\"@type\":\"ListItem\",\"position\":1,\"name\":\"Home\",\"item\":\"https:\/\/last-chance.dk\/\"},{\"@type\":\"ListItem\",\"position\":2,\"name\":\"Tv-bord Eleanor sort-hvid\"}]},{\"@type\":\"WebSite\",\"@id\":\"https:\/\/last-chance.dk\/#website\",\"url\":\"https:\/\/last-chance.dk\/\",\"name\":\"LASTCHANCE Deals | Danmark\",\"description\":\"LASTCHANCE Deals | Danmark\",\"publisher\":{\"@id\":\"https:\/\/last-chance.dk\/#organization\"},\"potentialAction\":[{\"@type\":\"SearchAction\",\"target\":{\"@type\":\"EntryPoint\",\"urlTemplate\":\"https:\/\/last-chance.dk\/?s={search_term_string}\"},\"query-input\":{\"@type\":\"PropertyValueSpecification\",\"valueRequired\":true,\"valueName\":\"search_term_string\"}}],\"inLanguage\":\"da-DK\"},{\"@type\":\"Organization\",\"@id\":\"https:\/\/last-chance.dk\/#organization\",\"name\":\"LASTCHANCE Deals | Danmark\",\"url\":\"https:\/\/last-chance.dk\/\",\"logo\":{\"@type\":\"ImageObject\",\"inLanguage\":\"da-DK\",\"@id\":\"https:\/\/last-chance.dk\/#\/schema\/logo\/image\/\",\"url\":\"https:\/\/last-chance.dk\/wp-content\/uploads\/2023\/10\/lastchancedeals_logo_dk_white.png\",\"contentUrl\":\"https:\/\/last-chance.dk\/wp-content\/uploads\/2023\/10\/lastchancedeals_logo_dk_white.png\",\"width\":470,\"height\":110,\"caption\":\"LASTCHANCE Deals | Danmark\"},\"image\":{\"@id\":\"https:\/\/last-chance.dk\/#\/schema\/logo\/image\/\"}}]}<\/script>\n<!-- \/ Yoast SEO plugin. -->","yoast_head_json":{"title":"Tv-bord Eleanor sort-hvid - LASTCHANCE Deals | Danmark","robots":{"index":"index","follow":"follow","max-snippet":"max-snippet:-1","max-image-preview":"max-image-preview:large","max-video-preview":"max-video-preview:-1"},"canonical":"https:\/\/last-chance.dk\/?product=tv-bord-eleanor-sort-hvid","og_locale":"da_DK","og_type":"article","og_title":"Tv-bord Eleanor sort-hvid - LASTCHANCE Deals | Danmark","og_description":"Er du p\u00e5 udkig efter et moderne og elegant tv-bord til din stue? S\u00e5 er Tv-bord Eleanor det perfekte valg for dig. Tv-bordet har et flot sort-hvidt design, der passer til enhver indretning. Det er lavet af glas og m\u00f8belplade, der giver det et stilrent og holdbart udtryk. Tv-bordet har en justerbar l\u00e6ngde fra 160 [&hellip;]","og_url":"https:\/\/last-chance.dk\/?product=tv-bord-eleanor-sort-hvid","og_site_name":"LASTCHANCE Deals | Danmark","article_modified_time":"2025-10-13T12:07:17+00:00","og_image":[{"width":945,"height":600,"url":"https:\/\/last-chance.dk\/wp-content\/uploads\/2023\/11\/eleanor_tv_stand_main.jpg","type":"image\/jpeg"}],"twitter_card":"summary_large_image","twitter_misc":{"Estimeret l\u00e6setid":"1 minut"},"schema":{"@context":"https:\/\/schema.org","@graph":[{"@type":"WebPage","@id":"https:\/\/last-chance.dk\/?product=tv-bord-eleanor-sort-hvid","url":"https:\/\/last-chance.dk\/?product=tv-bord-eleanor-sort-hvid","name":"Tv-bord Eleanor sort-hvid - LASTCHANCE Deals | Danmark","isPartOf":{"@id":"https:\/\/last-chance.dk\/#website"},"primaryImageOfPage":{"@id":"https:\/\/last-chance.dk\/?product=tv-bord-eleanor-sort-hvid#primaryimage"},"image":{"@id":"https:\/\/last-chance.dk\/?product=tv-bord-eleanor-sort-hvid#primaryimage"},"thumbnailUrl":"https:\/\/last-chance.dk\/wp-content\/uploads\/2023\/11\/eleanor_tv_stand_main.jpg","datePublished":"2023-11-06T14:57:44+00:00","dateModified":"2025-10-13T12:07:17+00:00","breadcrumb":{"@id":"https:\/\/last-chance.dk\/?product=tv-bord-eleanor-sort-hvid#breadcrumb"},"inLanguage":"da-DK","potentialAction":[{"@type":"ReadAction","target":["https:\/\/last-chance.dk\/?product=tv-bord-eleanor-sort-hvid"]}]},{"@type":"ImageObject","inLanguage":"da-DK","@id":"https:\/\/last-chance.dk\/?product=tv-bord-eleanor-sort-hvid#primaryimage","url":"https:\/\/last-chance.dk\/wp-content\/uploads\/2023\/11\/eleanor_tv_stand_main.jpg","contentUrl":"https:\/\/last-chance.dk\/wp-content\/uploads\/2023\/11\/eleanor_tv_stand_main.jpg","width":945,"height":600},{"@type":"BreadcrumbList","@id":"https:\/\/last-chance.dk\/?product=tv-bord-eleanor-sort-hvid#breadcrumb","itemListElement":[{"@type":"ListItem","position":1,"name":"Home","item":"https:\/\/last-chance.dk\/"},{"@type":"ListItem","position":2,"name":"Tv-bord Eleanor sort-hvid"}]},{"@type":"WebSite","@id":"https:\/\/last-chance.dk\/#website","url":"https:\/\/last-chance.dk\/","name":"LASTCHANCE Deals | Danmark","description":"LASTCHANCE Deals | Danmark","publisher":{"@id":"https:\/\/last-chance.dk\/#organization"},"potentialAction":[{"@type":"SearchAction","target":{"@type":"EntryPoint","urlTemplate":"https:\/\/last-chance.dk\/?s={search_term_string}"},"query-input":{"@type":"PropertyValueSpecification","valueRequired":true,"valueName":"search_term_string"}}],"inLanguage":"da-DK"},{"@type":"Organization","@id":"https:\/\/last-chance.dk\/#organization","name":"LASTCHANCE Deals | Danmark","url":"https:\/\/last-chance.dk\/","logo":{"@type":"ImageObject","inLanguage":"da-DK","@id":"https:\/\/last-chance.dk\/#\/schema\/logo\/image\/","url":"https:\/\/last-chance.dk\/wp-content\/uploads\/2023\/10\/lastchancedeals_logo_dk_white.png","contentUrl":"https:\/\/last-chance.dk\/wp-content\/uploads\/2023\/10\/lastchancedeals_logo_dk_white.png","width":470,"height":110,"caption":"LASTCHANCE Deals | Danmark"},"image":{"@id":"https:\/\/last-chance.dk\/#\/schema\/logo\/image\/"}}]}},"_links":{"self":[{"href":"https:\/\/last-chance.dk\/index.php?rest_route=\/wp\/v2\/product\/8990","targetHints":{"allow":["GET"]}}],"collection":[{"href":"https:\/\/last-chance.dk\/index.php?rest_route=\/wp\/v2\/product"}],"about":[{"href":"https:\/\/last-chance.dk\/index.php?rest_route=\/wp\/v2\/types\/product"}],"replies":[{"embeddable":true,"href":"https:\/\/last-chance.dk\/index.php?rest_route=%2Fwp%2Fv2%2Fcomments&post=8990"}],"wp:featuredmedia":[{"embeddable":true,"href":"https:\/\/last-chance.dk\/index.php?rest_route=\/wp\/v2\/media\/8987"}],"wp:attachment":[{"href":"https:\/\/last-chance.dk\/index.php?rest_route=%2Fwp%2Fv2%2Fmedia&parent=8990"}],"wp:term":[{"taxonomy":"product_brand","embeddable":true,"href":"https:\/\/last-chance.dk\/index.php?rest_route=%2Fwp%2Fv2%2Fproduct_brand&post=8990"},{"taxonomy":"product_cat","embeddable":true,"href":"https:\/\/last-chance.dk\/index.php?rest_route=%2Fwp%2Fv2%2Fproduct_cat&post=8990"},{"taxonomy":"product_tag","embeddable":true,"href":"https:\/\/last-chance.dk\/index.php?rest_route=%2Fwp%2Fv2%2Fproduct_tag&post=8990"}],"curies":[{"name":"wp","href":"https:\/\/api.w.org\/{rel}","templated":true}]}}