{"id":9017,"date":"2023-11-06T14:59:00","date_gmt":"2023-11-06T14:59:00","guid":{"rendered":"https:\/\/www.lastchance.deals\/dk\/tuote\/sengebord-zara\/"},"modified":"2025-09-19T18:24:37","modified_gmt":"2025-09-19T18:24:37","slug":"sengebord-zara","status":"publish","type":"product","link":"https:\/\/last-chance.dk\/?product=sengebord-zara","title":{"rendered":"Sengebord Zara"},"content":{"rendered":"<p>\nSengebord Zara er det perfekte valg for dig, der \u00f8nsker et moderne og elegant sovev\u00e6relse. Det er lavet af kunstigt l\u00e6der, der er bl\u00f8dt og slidst\u00e6rkt, og har en mdf-ramme, der er stabil og holdbar. Sengekassen har en rummelig opbevaringsplads til dit senget\u00f8j eller andre ting, du vil have t\u00e6t p\u00e5 dig om natten. Sengekassen har ogs\u00e5 en gasfjeder, der g\u00f8r det nemt at \u00e5bne og lukke den. Sengebordet leveres samlet, s\u00e5 du slipper for besv\u00e6ret med at samle det selv. Det er h\u00e5ndlavet i EU af fabrikanten LuxCasa, der har mange \u00e5rs erfaring med at lave kvalitetsm\u00f8bler. Sengebordet har en 12 m\u00e5neders rammegaranti, s\u00e5 du kan v\u00e6re sikker p\u00e5, at det holder i lang tid. Sengebord Zara er et smukt og praktisk m\u00f8bel, der vil give dit sovev\u00e6relse et stilfuldt touch.\n<\/p>\n<p><\/p>\n<p>Leveringstid: Leveringstid 1 uge<br \/>\nStil: moderne<br \/>\nMateriale: kunstigt l\u00e6der<br \/>\nRammemateriale: mdf<br \/>\nSenget\u00f8jskasse: inkluderet<br \/>\nUdvendige dimensioner: 52x41x41cm<br \/>\nMontage: leveres samlet<br \/>\nGaranti: 12 m\u00e5neders rammegaranti<br \/>\nFabrikant: LuxCasa<\/p>\n","protected":false},"excerpt":{"rendered":"<p>Sengebord Zara er det perfekte valg for dig, der \u00f8nsker et moderne og elegant sovev\u00e6relse. Det er lavet af kunstigt l\u00e6der, der er bl\u00f8dt og slidst\u00e6rkt, og har en mdf-ramme, der er stabil og holdbar. Sengekassen har en rummelig opbevaringsplads til dit senget\u00f8j eller andre ting, du vil have t\u00e6t p\u00e5 dig om natten. Sengekassen [&hellip;]<\/p>\n","protected":false},"featured_media":9016,"comment_status":"open","ping_status":"closed","template":"","meta":[],"product_brand":[],"product_cat":[157],"product_tag":[],"class_list":{"0":"post-9017","1":"product","2":"type-product","3":"status-publish","4":"has-post-thumbnail","6":"product_cat-bedside-tables","8":"first","9":"instock","10":"shipping-taxable","11":"purchasable","12":"product-type-simple"},"yoast_head":"<!-- This site is optimized with the Yoast SEO plugin v24.8.1 - https:\/\/yoast.com\/wordpress\/plugins\/seo\/ -->\n<title>Sengebord Zara - LASTCHANCE Deals | Danmark<\/title>\n<meta name=\"robots\" content=\"index, follow, max-snippet:-1, max-image-preview:large, max-video-preview:-1\" \/>\n<link rel=\"canonical\" href=\"https:\/\/last-chance.dk\/?product=sengebord-zara\" \/>\n<meta property=\"og:locale\" content=\"da_DK\" \/>\n<meta property=\"og:type\" content=\"article\" \/>\n<meta property=\"og:title\" content=\"Sengebord Zara - LASTCHANCE Deals | Danmark\" \/>\n<meta property=\"og:description\" content=\"Sengebord Zara er det perfekte valg for dig, der \u00f8nsker et moderne og elegant sovev\u00e6relse. Det er lavet af kunstigt l\u00e6der, der er bl\u00f8dt og slidst\u00e6rkt, og har en mdf-ramme, der er stabil og holdbar. Sengekassen har en rummelig opbevaringsplads til dit senget\u00f8j eller andre ting, du vil have t\u00e6t p\u00e5 dig om natten. Sengekassen [&hellip;]\" \/>\n<meta property=\"og:url\" content=\"https:\/\/last-chance.dk\/?product=sengebord-zara\" \/>\n<meta property=\"og:site_name\" content=\"LASTCHANCE Deals | Danmark\" \/>\n<meta property=\"article:modified_time\" content=\"2025-09-19T18:24:37+00:00\" \/>\n<meta property=\"og:image\" content=\"https:\/\/last-chance.dk\/wp-content\/uploads\/2023\/11\/bedside_table_zara.jpg\" \/>\n\t<meta property=\"og:image:width\" content=\"600\" \/>\n\t<meta property=\"og:image:height\" content=\"510\" \/>\n\t<meta property=\"og:image:type\" content=\"image\/jpeg\" \/>\n<meta name=\"twitter:card\" content=\"summary_large_image\" \/>\n<meta name=\"twitter:label1\" content=\"Estimeret l\u00e6setid\" \/>\n\t<meta name=\"twitter:data1\" content=\"1 minut\" \/>\n<script type=\"application\/ld+json\" class=\"yoast-schema-graph\">{\"@context\":\"https:\/\/schema.org\",\"@graph\":[{\"@type\":\"WebPage\",\"@id\":\"https:\/\/last-chance.dk\/?product=sengebord-zara\",\"url\":\"https:\/\/last-chance.dk\/?product=sengebord-zara\",\"name\":\"Sengebord Zara - LASTCHANCE Deals | Danmark\",\"isPartOf\":{\"@id\":\"https:\/\/last-chance.dk\/#website\"},\"primaryImageOfPage\":{\"@id\":\"https:\/\/last-chance.dk\/?product=sengebord-zara#primaryimage\"},\"image\":{\"@id\":\"https:\/\/last-chance.dk\/?product=sengebord-zara#primaryimage\"},\"thumbnailUrl\":\"https:\/\/last-chance.dk\/wp-content\/uploads\/2023\/11\/bedside_table_zara.jpg\",\"datePublished\":\"2023-11-06T14:59:00+00:00\",\"dateModified\":\"2025-09-19T18:24:37+00:00\",\"breadcrumb\":{\"@id\":\"https:\/\/last-chance.dk\/?product=sengebord-zara#breadcrumb\"},\"inLanguage\":\"da-DK\",\"potentialAction\":[{\"@type\":\"ReadAction\",\"target\":[\"https:\/\/last-chance.dk\/?product=sengebord-zara\"]}]},{\"@type\":\"ImageObject\",\"inLanguage\":\"da-DK\",\"@id\":\"https:\/\/last-chance.dk\/?product=sengebord-zara#primaryimage\",\"url\":\"https:\/\/last-chance.dk\/wp-content\/uploads\/2023\/11\/bedside_table_zara.jpg\",\"contentUrl\":\"https:\/\/last-chance.dk\/wp-content\/uploads\/2023\/11\/bedside_table_zara.jpg\",\"width\":600,\"height\":510},{\"@type\":\"BreadcrumbList\",\"@id\":\"https:\/\/last-chance.dk\/?product=sengebord-zara#breadcrumb\",\"itemListElement\":[{\"@type\":\"ListItem\",\"position\":1,\"name\":\"Home\",\"item\":\"https:\/\/last-chance.dk\/\"},{\"@type\":\"ListItem\",\"position\":2,\"name\":\"Sengebord Zara\"}]},{\"@type\":\"WebSite\",\"@id\":\"https:\/\/last-chance.dk\/#website\",\"url\":\"https:\/\/last-chance.dk\/\",\"name\":\"LASTCHANCE Deals | Danmark\",\"description\":\"LASTCHANCE Deals | Danmark\",\"publisher\":{\"@id\":\"https:\/\/last-chance.dk\/#organization\"},\"potentialAction\":[{\"@type\":\"SearchAction\",\"target\":{\"@type\":\"EntryPoint\",\"urlTemplate\":\"https:\/\/last-chance.dk\/?s={search_term_string}\"},\"query-input\":{\"@type\":\"PropertyValueSpecification\",\"valueRequired\":true,\"valueName\":\"search_term_string\"}}],\"inLanguage\":\"da-DK\"},{\"@type\":\"Organization\",\"@id\":\"https:\/\/last-chance.dk\/#organization\",\"name\":\"LASTCHANCE Deals | Danmark\",\"url\":\"https:\/\/last-chance.dk\/\",\"logo\":{\"@type\":\"ImageObject\",\"inLanguage\":\"da-DK\",\"@id\":\"https:\/\/last-chance.dk\/#\/schema\/logo\/image\/\",\"url\":\"https:\/\/last-chance.dk\/wp-content\/uploads\/2023\/10\/lastchancedeals_logo_dk_white.png\",\"contentUrl\":\"https:\/\/last-chance.dk\/wp-content\/uploads\/2023\/10\/lastchancedeals_logo_dk_white.png\",\"width\":470,\"height\":110,\"caption\":\"LASTCHANCE Deals | Danmark\"},\"image\":{\"@id\":\"https:\/\/last-chance.dk\/#\/schema\/logo\/image\/\"}}]}<\/script>\n<!-- \/ Yoast SEO plugin. -->","yoast_head_json":{"title":"Sengebord Zara - LASTCHANCE Deals | Danmark","robots":{"index":"index","follow":"follow","max-snippet":"max-snippet:-1","max-image-preview":"max-image-preview:large","max-video-preview":"max-video-preview:-1"},"canonical":"https:\/\/last-chance.dk\/?product=sengebord-zara","og_locale":"da_DK","og_type":"article","og_title":"Sengebord Zara - LASTCHANCE Deals | Danmark","og_description":"Sengebord Zara er det perfekte valg for dig, der \u00f8nsker et moderne og elegant sovev\u00e6relse. Det er lavet af kunstigt l\u00e6der, der er bl\u00f8dt og slidst\u00e6rkt, og har en mdf-ramme, der er stabil og holdbar. Sengekassen har en rummelig opbevaringsplads til dit senget\u00f8j eller andre ting, du vil have t\u00e6t p\u00e5 dig om natten. Sengekassen [&hellip;]","og_url":"https:\/\/last-chance.dk\/?product=sengebord-zara","og_site_name":"LASTCHANCE Deals | Danmark","article_modified_time":"2025-09-19T18:24:37+00:00","og_image":[{"width":600,"height":510,"url":"https:\/\/last-chance.dk\/wp-content\/uploads\/2023\/11\/bedside_table_zara.jpg","type":"image\/jpeg"}],"twitter_card":"summary_large_image","twitter_misc":{"Estimeret l\u00e6setid":"1 minut"},"schema":{"@context":"https:\/\/schema.org","@graph":[{"@type":"WebPage","@id":"https:\/\/last-chance.dk\/?product=sengebord-zara","url":"https:\/\/last-chance.dk\/?product=sengebord-zara","name":"Sengebord Zara - LASTCHANCE Deals | Danmark","isPartOf":{"@id":"https:\/\/last-chance.dk\/#website"},"primaryImageOfPage":{"@id":"https:\/\/last-chance.dk\/?product=sengebord-zara#primaryimage"},"image":{"@id":"https:\/\/last-chance.dk\/?product=sengebord-zara#primaryimage"},"thumbnailUrl":"https:\/\/last-chance.dk\/wp-content\/uploads\/2023\/11\/bedside_table_zara.jpg","datePublished":"2023-11-06T14:59:00+00:00","dateModified":"2025-09-19T18:24:37+00:00","breadcrumb":{"@id":"https:\/\/last-chance.dk\/?product=sengebord-zara#breadcrumb"},"inLanguage":"da-DK","potentialAction":[{"@type":"ReadAction","target":["https:\/\/last-chance.dk\/?product=sengebord-zara"]}]},{"@type":"ImageObject","inLanguage":"da-DK","@id":"https:\/\/last-chance.dk\/?product=sengebord-zara#primaryimage","url":"https:\/\/last-chance.dk\/wp-content\/uploads\/2023\/11\/bedside_table_zara.jpg","contentUrl":"https:\/\/last-chance.dk\/wp-content\/uploads\/2023\/11\/bedside_table_zara.jpg","width":600,"height":510},{"@type":"BreadcrumbList","@id":"https:\/\/last-chance.dk\/?product=sengebord-zara#breadcrumb","itemListElement":[{"@type":"ListItem","position":1,"name":"Home","item":"https:\/\/last-chance.dk\/"},{"@type":"ListItem","position":2,"name":"Sengebord Zara"}]},{"@type":"WebSite","@id":"https:\/\/last-chance.dk\/#website","url":"https:\/\/last-chance.dk\/","name":"LASTCHANCE Deals | Danmark","description":"LASTCHANCE Deals | Danmark","publisher":{"@id":"https:\/\/last-chance.dk\/#organization"},"potentialAction":[{"@type":"SearchAction","target":{"@type":"EntryPoint","urlTemplate":"https:\/\/last-chance.dk\/?s={search_term_string}"},"query-input":{"@type":"PropertyValueSpecification","valueRequired":true,"valueName":"search_term_string"}}],"inLanguage":"da-DK"},{"@type":"Organization","@id":"https:\/\/last-chance.dk\/#organization","name":"LASTCHANCE Deals | Danmark","url":"https:\/\/last-chance.dk\/","logo":{"@type":"ImageObject","inLanguage":"da-DK","@id":"https:\/\/last-chance.dk\/#\/schema\/logo\/image\/","url":"https:\/\/last-chance.dk\/wp-content\/uploads\/2023\/10\/lastchancedeals_logo_dk_white.png","contentUrl":"https:\/\/last-chance.dk\/wp-content\/uploads\/2023\/10\/lastchancedeals_logo_dk_white.png","width":470,"height":110,"caption":"LASTCHANCE Deals | Danmark"},"image":{"@id":"https:\/\/last-chance.dk\/#\/schema\/logo\/image\/"}}]}},"_links":{"self":[{"href":"https:\/\/last-chance.dk\/index.php?rest_route=\/wp\/v2\/product\/9017","targetHints":{"allow":["GET"]}}],"collection":[{"href":"https:\/\/last-chance.dk\/index.php?rest_route=\/wp\/v2\/product"}],"about":[{"href":"https:\/\/last-chance.dk\/index.php?rest_route=\/wp\/v2\/types\/product"}],"replies":[{"embeddable":true,"href":"https:\/\/last-chance.dk\/index.php?rest_route=%2Fwp%2Fv2%2Fcomments&post=9017"}],"wp:featuredmedia":[{"embeddable":true,"href":"https:\/\/last-chance.dk\/index.php?rest_route=\/wp\/v2\/media\/9016"}],"wp:attachment":[{"href":"https:\/\/last-chance.dk\/index.php?rest_route=%2Fwp%2Fv2%2Fmedia&parent=9017"}],"wp:term":[{"taxonomy":"product_brand","embeddable":true,"href":"https:\/\/last-chance.dk\/index.php?rest_route=%2Fwp%2Fv2%2Fproduct_brand&post=9017"},{"taxonomy":"product_cat","embeddable":true,"href":"https:\/\/last-chance.dk\/index.php?rest_route=%2Fwp%2Fv2%2Fproduct_cat&post=9017"},{"taxonomy":"product_tag","embeddable":true,"href":"https:\/\/last-chance.dk\/index.php?rest_route=%2Fwp%2Fv2%2Fproduct_tag&post=9017"}],"curies":[{"name":"wp","href":"https:\/\/api.w.org\/{rel}","templated":true}]}}