{"id":9064,"date":"2023-11-27T09:22:14","date_gmt":"2023-11-27T09:22:14","guid":{"rendered":"https:\/\/www.lastchance.deals\/dk\/produkt\/barstol-ely\/"},"modified":"2025-09-19T17:16:37","modified_gmt":"2025-09-19T17:16:37","slug":"barstol-ely","status":"publish","type":"product","link":"https:\/\/last-chance.dk\/?product=barstol-ely","title":{"rendered":"Barstol Ely"},"content":{"rendered":"<p>Barstol Ely er en klassisk og elegant barstol, der passer til enhver indretning. Den har et komfortabelt s\u00e6de og rygl\u00e6n i kunstigt l\u00e6der, der er nemt at reng\u00f8re og vedligeholde. Stellet er lavet af metal, der giver styrke og stabilitet. H\u00f8jden p\u00e5 stolen kan justeres fra 60 til 80 cm, s\u00e5 du kan finde den perfekte position til din bar eller k\u00f8kken\u00f8. Barstolen er nem at samle og leveres med en 12 m\u00e5neders rammegaranti fra fabrikanten ForrestDecor.<\/p>\n<p><\/p>\n<p>Leveringstid: Leveringstid 1 uge<br \/>\nStil: klassisk<br \/>\nMateriale: kunstigt l\u00e6der,metal<br \/>\nStolens dimensioner: 36x39x60-80cm<br \/>\nMontage: skal samles<br \/>\nGaranti: 12 m\u00e5neders rammegaranti<br \/>\nFabrikant: ForrestDecor<\/p>\n","protected":false},"excerpt":{"rendered":"<p>Barstol Ely er en klassisk og elegant barstol, der passer til enhver indretning. Den har et komfortabelt s\u00e6de og rygl\u00e6n i kunstigt l\u00e6der, der er nemt at reng\u00f8re og vedligeholde. Stellet er lavet af metal, der giver styrke og stabilitet. H\u00f8jden p\u00e5 stolen kan justeres fra 60 til 80 cm, s\u00e5 du kan finde den [&hellip;]<\/p>\n","protected":false},"featured_media":9057,"comment_status":"open","ping_status":"closed","template":"","meta":[],"product_brand":[],"product_cat":[136],"product_tag":[],"class_list":{"0":"post-9064","1":"product","2":"type-product","3":"status-publish","4":"has-post-thumbnail","6":"product_cat-chairs","8":"first","9":"instock","10":"shipping-taxable","11":"purchasable","12":"product-type-simple"},"yoast_head":"<!-- This site is optimized with the Yoast SEO plugin v24.8.1 - https:\/\/yoast.com\/wordpress\/plugins\/seo\/ -->\n<title>Barstol Ely - LASTCHANCE Deals | Danmark<\/title>\n<meta name=\"robots\" content=\"index, follow, max-snippet:-1, max-image-preview:large, max-video-preview:-1\" \/>\n<link rel=\"canonical\" href=\"https:\/\/last-chance.dk\/?product=barstol-ely\" \/>\n<meta property=\"og:locale\" content=\"da_DK\" \/>\n<meta property=\"og:type\" content=\"article\" \/>\n<meta property=\"og:title\" content=\"Barstol Ely - LASTCHANCE Deals | Danmark\" \/>\n<meta property=\"og:description\" content=\"Barstol Ely er en klassisk og elegant barstol, der passer til enhver indretning. Den har et komfortabelt s\u00e6de og rygl\u00e6n i kunstigt l\u00e6der, der er nemt at reng\u00f8re og vedligeholde. Stellet er lavet af metal, der giver styrke og stabilitet. H\u00f8jden p\u00e5 stolen kan justeres fra 60 til 80 cm, s\u00e5 du kan finde den [&hellip;]\" \/>\n<meta property=\"og:url\" content=\"https:\/\/last-chance.dk\/?product=barstol-ely\" \/>\n<meta property=\"og:site_name\" content=\"LASTCHANCE Deals | Danmark\" \/>\n<meta property=\"article:modified_time\" content=\"2025-09-19T17:16:37+00:00\" \/>\n<meta property=\"og:image\" content=\"https:\/\/last-chance.dk\/wp-content\/uploads\/2023\/11\/ely1_2.jpg\" \/>\n\t<meta property=\"og:image:width\" content=\"790\" \/>\n\t<meta property=\"og:image:height\" content=\"566\" \/>\n\t<meta property=\"og:image:type\" content=\"image\/jpeg\" \/>\n<meta name=\"twitter:card\" content=\"summary_large_image\" \/>\n<meta name=\"twitter:label1\" content=\"Estimeret l\u00e6setid\" \/>\n\t<meta name=\"twitter:data1\" content=\"1 minut\" \/>\n<script type=\"application\/ld+json\" class=\"yoast-schema-graph\">{\"@context\":\"https:\/\/schema.org\",\"@graph\":[{\"@type\":\"WebPage\",\"@id\":\"https:\/\/last-chance.dk\/?product=barstol-ely\",\"url\":\"https:\/\/last-chance.dk\/?product=barstol-ely\",\"name\":\"Barstol Ely - LASTCHANCE Deals | Danmark\",\"isPartOf\":{\"@id\":\"https:\/\/last-chance.dk\/#website\"},\"primaryImageOfPage\":{\"@id\":\"https:\/\/last-chance.dk\/?product=barstol-ely#primaryimage\"},\"image\":{\"@id\":\"https:\/\/last-chance.dk\/?product=barstol-ely#primaryimage\"},\"thumbnailUrl\":\"https:\/\/last-chance.dk\/wp-content\/uploads\/2023\/11\/ely1_2.jpg\",\"datePublished\":\"2023-11-27T09:22:14+00:00\",\"dateModified\":\"2025-09-19T17:16:37+00:00\",\"breadcrumb\":{\"@id\":\"https:\/\/last-chance.dk\/?product=barstol-ely#breadcrumb\"},\"inLanguage\":\"da-DK\",\"potentialAction\":[{\"@type\":\"ReadAction\",\"target\":[\"https:\/\/last-chance.dk\/?product=barstol-ely\"]}]},{\"@type\":\"ImageObject\",\"inLanguage\":\"da-DK\",\"@id\":\"https:\/\/last-chance.dk\/?product=barstol-ely#primaryimage\",\"url\":\"https:\/\/last-chance.dk\/wp-content\/uploads\/2023\/11\/ely1_2.jpg\",\"contentUrl\":\"https:\/\/last-chance.dk\/wp-content\/uploads\/2023\/11\/ely1_2.jpg\",\"width\":790,\"height\":566},{\"@type\":\"BreadcrumbList\",\"@id\":\"https:\/\/last-chance.dk\/?product=barstol-ely#breadcrumb\",\"itemListElement\":[{\"@type\":\"ListItem\",\"position\":1,\"name\":\"Home\",\"item\":\"https:\/\/last-chance.dk\/\"},{\"@type\":\"ListItem\",\"position\":2,\"name\":\"Barstol Ely\"}]},{\"@type\":\"WebSite\",\"@id\":\"https:\/\/last-chance.dk\/#website\",\"url\":\"https:\/\/last-chance.dk\/\",\"name\":\"LASTCHANCE Deals | Danmark\",\"description\":\"LASTCHANCE Deals | Danmark\",\"publisher\":{\"@id\":\"https:\/\/last-chance.dk\/#organization\"},\"potentialAction\":[{\"@type\":\"SearchAction\",\"target\":{\"@type\":\"EntryPoint\",\"urlTemplate\":\"https:\/\/last-chance.dk\/?s={search_term_string}\"},\"query-input\":{\"@type\":\"PropertyValueSpecification\",\"valueRequired\":true,\"valueName\":\"search_term_string\"}}],\"inLanguage\":\"da-DK\"},{\"@type\":\"Organization\",\"@id\":\"https:\/\/last-chance.dk\/#organization\",\"name\":\"LASTCHANCE Deals | Danmark\",\"url\":\"https:\/\/last-chance.dk\/\",\"logo\":{\"@type\":\"ImageObject\",\"inLanguage\":\"da-DK\",\"@id\":\"https:\/\/last-chance.dk\/#\/schema\/logo\/image\/\",\"url\":\"https:\/\/last-chance.dk\/wp-content\/uploads\/2023\/10\/lastchancedeals_logo_dk_white.png\",\"contentUrl\":\"https:\/\/last-chance.dk\/wp-content\/uploads\/2023\/10\/lastchancedeals_logo_dk_white.png\",\"width\":470,\"height\":110,\"caption\":\"LASTCHANCE Deals | Danmark\"},\"image\":{\"@id\":\"https:\/\/last-chance.dk\/#\/schema\/logo\/image\/\"}}]}<\/script>\n<!-- \/ Yoast SEO plugin. -->","yoast_head_json":{"title":"Barstol Ely - LASTCHANCE Deals | Danmark","robots":{"index":"index","follow":"follow","max-snippet":"max-snippet:-1","max-image-preview":"max-image-preview:large","max-video-preview":"max-video-preview:-1"},"canonical":"https:\/\/last-chance.dk\/?product=barstol-ely","og_locale":"da_DK","og_type":"article","og_title":"Barstol Ely - LASTCHANCE Deals | Danmark","og_description":"Barstol Ely er en klassisk og elegant barstol, der passer til enhver indretning. Den har et komfortabelt s\u00e6de og rygl\u00e6n i kunstigt l\u00e6der, der er nemt at reng\u00f8re og vedligeholde. Stellet er lavet af metal, der giver styrke og stabilitet. H\u00f8jden p\u00e5 stolen kan justeres fra 60 til 80 cm, s\u00e5 du kan finde den [&hellip;]","og_url":"https:\/\/last-chance.dk\/?product=barstol-ely","og_site_name":"LASTCHANCE Deals | Danmark","article_modified_time":"2025-09-19T17:16:37+00:00","og_image":[{"width":790,"height":566,"url":"https:\/\/last-chance.dk\/wp-content\/uploads\/2023\/11\/ely1_2.jpg","type":"image\/jpeg"}],"twitter_card":"summary_large_image","twitter_misc":{"Estimeret l\u00e6setid":"1 minut"},"schema":{"@context":"https:\/\/schema.org","@graph":[{"@type":"WebPage","@id":"https:\/\/last-chance.dk\/?product=barstol-ely","url":"https:\/\/last-chance.dk\/?product=barstol-ely","name":"Barstol Ely - LASTCHANCE Deals | Danmark","isPartOf":{"@id":"https:\/\/last-chance.dk\/#website"},"primaryImageOfPage":{"@id":"https:\/\/last-chance.dk\/?product=barstol-ely#primaryimage"},"image":{"@id":"https:\/\/last-chance.dk\/?product=barstol-ely#primaryimage"},"thumbnailUrl":"https:\/\/last-chance.dk\/wp-content\/uploads\/2023\/11\/ely1_2.jpg","datePublished":"2023-11-27T09:22:14+00:00","dateModified":"2025-09-19T17:16:37+00:00","breadcrumb":{"@id":"https:\/\/last-chance.dk\/?product=barstol-ely#breadcrumb"},"inLanguage":"da-DK","potentialAction":[{"@type":"ReadAction","target":["https:\/\/last-chance.dk\/?product=barstol-ely"]}]},{"@type":"ImageObject","inLanguage":"da-DK","@id":"https:\/\/last-chance.dk\/?product=barstol-ely#primaryimage","url":"https:\/\/last-chance.dk\/wp-content\/uploads\/2023\/11\/ely1_2.jpg","contentUrl":"https:\/\/last-chance.dk\/wp-content\/uploads\/2023\/11\/ely1_2.jpg","width":790,"height":566},{"@type":"BreadcrumbList","@id":"https:\/\/last-chance.dk\/?product=barstol-ely#breadcrumb","itemListElement":[{"@type":"ListItem","position":1,"name":"Home","item":"https:\/\/last-chance.dk\/"},{"@type":"ListItem","position":2,"name":"Barstol Ely"}]},{"@type":"WebSite","@id":"https:\/\/last-chance.dk\/#website","url":"https:\/\/last-chance.dk\/","name":"LASTCHANCE Deals | Danmark","description":"LASTCHANCE Deals | Danmark","publisher":{"@id":"https:\/\/last-chance.dk\/#organization"},"potentialAction":[{"@type":"SearchAction","target":{"@type":"EntryPoint","urlTemplate":"https:\/\/last-chance.dk\/?s={search_term_string}"},"query-input":{"@type":"PropertyValueSpecification","valueRequired":true,"valueName":"search_term_string"}}],"inLanguage":"da-DK"},{"@type":"Organization","@id":"https:\/\/last-chance.dk\/#organization","name":"LASTCHANCE Deals | Danmark","url":"https:\/\/last-chance.dk\/","logo":{"@type":"ImageObject","inLanguage":"da-DK","@id":"https:\/\/last-chance.dk\/#\/schema\/logo\/image\/","url":"https:\/\/last-chance.dk\/wp-content\/uploads\/2023\/10\/lastchancedeals_logo_dk_white.png","contentUrl":"https:\/\/last-chance.dk\/wp-content\/uploads\/2023\/10\/lastchancedeals_logo_dk_white.png","width":470,"height":110,"caption":"LASTCHANCE Deals | Danmark"},"image":{"@id":"https:\/\/last-chance.dk\/#\/schema\/logo\/image\/"}}]}},"_links":{"self":[{"href":"https:\/\/last-chance.dk\/index.php?rest_route=\/wp\/v2\/product\/9064","targetHints":{"allow":["GET"]}}],"collection":[{"href":"https:\/\/last-chance.dk\/index.php?rest_route=\/wp\/v2\/product"}],"about":[{"href":"https:\/\/last-chance.dk\/index.php?rest_route=\/wp\/v2\/types\/product"}],"replies":[{"embeddable":true,"href":"https:\/\/last-chance.dk\/index.php?rest_route=%2Fwp%2Fv2%2Fcomments&post=9064"}],"wp:featuredmedia":[{"embeddable":true,"href":"https:\/\/last-chance.dk\/index.php?rest_route=\/wp\/v2\/media\/9057"}],"wp:attachment":[{"href":"https:\/\/last-chance.dk\/index.php?rest_route=%2Fwp%2Fv2%2Fmedia&parent=9064"}],"wp:term":[{"taxonomy":"product_brand","embeddable":true,"href":"https:\/\/last-chance.dk\/index.php?rest_route=%2Fwp%2Fv2%2Fproduct_brand&post=9064"},{"taxonomy":"product_cat","embeddable":true,"href":"https:\/\/last-chance.dk\/index.php?rest_route=%2Fwp%2Fv2%2Fproduct_cat&post=9064"},{"taxonomy":"product_tag","embeddable":true,"href":"https:\/\/last-chance.dk\/index.php?rest_route=%2Fwp%2Fv2%2Fproduct_tag&post=9064"}],"curies":[{"name":"wp","href":"https:\/\/api.w.org\/{rel}","templated":true}]}}