{"id":9102,"date":"2023-11-27T09:24:30","date_gmt":"2023-11-27T09:24:30","guid":{"rendered":"https:\/\/www.lastchance.deals\/dk\/produkt\/te-saet-senna-13-stykker-lyseroed\/"},"modified":"2025-09-19T18:48:48","modified_gmt":"2025-09-19T18:48:48","slug":"te-saet-senna-13-stykker-lyseroed","status":"publish","type":"product","link":"https:\/\/last-chance.dk\/?product=te-saet-senna-13-stykker-lyseroed","title":{"rendered":"Te s\u00e6t Senna 13 stykker lyser\u00f8d"},"content":{"rendered":"<p>Nyd en hyggelig te-stund med dette smukke te s\u00e6t Senna fra ForrestDecor. Dette s\u00e6t best\u00e5r af 13 dele: en tekande, fire kopper, fire tallerkener og fire skeer. Alle delene er lavet af h\u00f8j kvalitets keramik i en charmerende lyser\u00f8d farve, der passer til enhver indretning. Tekanden har et elegant design med et praktisk h\u00e5ndtag og et l\u00e5g med en knop. Kopperne har en behagelig form og st\u00f8rrelse, der g\u00f8r dem perfekte til at nyde din yndlings te. Tallerkenerne har en rund form og en let kant, der forhindrer spild. Skeerne er lavet af rustfrit st\u00e5l og har et matchende lyser\u00f8dt h\u00e5ndtag. Dette te s\u00e6t er ideelt til at servere te til dine g\u00e6ster eller fork\u00e6le dig selv med en afslappende pause. Det er ogs\u00e5 en fantastisk gaveide til enhver te-elsker.<\/p>\n<p><\/p>\n<p>Produktinformation:<\/p>\n<p><\/p>\n<p>Leveringstid: Leveringstid 1 uge<br \/>\nMateriale: keramisk<br \/>\nFarve: lyser\u00f8d<br \/>\nDimensioner: teapot &#8211;  20.5x14cm, 850ml, cup &#8211; 8.5&#215;6.5cm, 200ml, plate &#8211; 15.2cm<br \/>\nBel\u00f8b: plate- 4pcs, cups- 4pcs, spoon &#8211; 4pcs,  teapot &#8211; 1pcs<br \/>\nFabrikant: ForrestDecor<\/p>\n","protected":false},"excerpt":{"rendered":"<p>Nyd en hyggelig te-stund med dette smukke te s\u00e6t Senna fra ForrestDecor. Dette s\u00e6t best\u00e5r af 13 dele: en tekande, fire kopper, fire tallerkener og fire skeer. Alle delene er lavet af h\u00f8j kvalitets keramik i en charmerende lyser\u00f8d farve, der passer til enhver indretning. Tekanden har et elegant design med et praktisk h\u00e5ndtag og [&hellip;]<\/p>\n","protected":false},"featured_media":9100,"comment_status":"open","ping_status":"closed","template":"","meta":[],"product_brand":[],"product_cat":[158],"product_tag":[],"class_list":{"0":"post-9102","1":"product","2":"type-product","3":"status-publish","4":"has-post-thumbnail","6":"product_cat-dishes-and-dish-sets","8":"first","9":"instock","10":"shipping-taxable","11":"purchasable","12":"product-type-simple"},"yoast_head":"<!-- This site is optimized with the Yoast SEO plugin v24.8.1 - https:\/\/yoast.com\/wordpress\/plugins\/seo\/ -->\n<title>Te s\u00e6t Senna 13 stykker lyser\u00f8d - LASTCHANCE Deals | Danmark<\/title>\n<meta name=\"robots\" content=\"index, follow, max-snippet:-1, max-image-preview:large, max-video-preview:-1\" \/>\n<link rel=\"canonical\" href=\"https:\/\/last-chance.dk\/?product=te-saet-senna-13-stykker-lyseroed\" \/>\n<meta property=\"og:locale\" content=\"da_DK\" \/>\n<meta property=\"og:type\" content=\"article\" \/>\n<meta property=\"og:title\" content=\"Te s\u00e6t Senna 13 stykker lyser\u00f8d - LASTCHANCE Deals | Danmark\" \/>\n<meta property=\"og:description\" content=\"Nyd en hyggelig te-stund med dette smukke te s\u00e6t Senna fra ForrestDecor. Dette s\u00e6t best\u00e5r af 13 dele: en tekande, fire kopper, fire tallerkener og fire skeer. Alle delene er lavet af h\u00f8j kvalitets keramik i en charmerende lyser\u00f8d farve, der passer til enhver indretning. Tekanden har et elegant design med et praktisk h\u00e5ndtag og [&hellip;]\" \/>\n<meta property=\"og:url\" content=\"https:\/\/last-chance.dk\/?product=te-saet-senna-13-stykker-lyseroed\" \/>\n<meta property=\"og:site_name\" content=\"LASTCHANCE Deals | Danmark\" \/>\n<meta property=\"article:modified_time\" content=\"2025-09-19T18:48:48+00:00\" \/>\n<meta property=\"og:image\" content=\"https:\/\/last-chance.dk\/wp-content\/uploads\/2023\/11\/senna1.jpg\" \/>\n\t<meta property=\"og:image:width\" content=\"800\" \/>\n\t<meta property=\"og:image:height\" content=\"691\" \/>\n\t<meta property=\"og:image:type\" content=\"image\/jpeg\" \/>\n<meta name=\"twitter:card\" content=\"summary_large_image\" \/>\n<meta name=\"twitter:label1\" content=\"Estimeret l\u00e6setid\" \/>\n\t<meta name=\"twitter:data1\" content=\"1 minut\" \/>\n<script type=\"application\/ld+json\" class=\"yoast-schema-graph\">{\"@context\":\"https:\/\/schema.org\",\"@graph\":[{\"@type\":\"WebPage\",\"@id\":\"https:\/\/last-chance.dk\/?product=te-saet-senna-13-stykker-lyseroed\",\"url\":\"https:\/\/last-chance.dk\/?product=te-saet-senna-13-stykker-lyseroed\",\"name\":\"Te s\u00e6t Senna 13 stykker lyser\u00f8d - LASTCHANCE Deals | Danmark\",\"isPartOf\":{\"@id\":\"https:\/\/last-chance.dk\/#website\"},\"primaryImageOfPage\":{\"@id\":\"https:\/\/last-chance.dk\/?product=te-saet-senna-13-stykker-lyseroed#primaryimage\"},\"image\":{\"@id\":\"https:\/\/last-chance.dk\/?product=te-saet-senna-13-stykker-lyseroed#primaryimage\"},\"thumbnailUrl\":\"https:\/\/last-chance.dk\/wp-content\/uploads\/2023\/11\/senna1.jpg\",\"datePublished\":\"2023-11-27T09:24:30+00:00\",\"dateModified\":\"2025-09-19T18:48:48+00:00\",\"breadcrumb\":{\"@id\":\"https:\/\/last-chance.dk\/?product=te-saet-senna-13-stykker-lyseroed#breadcrumb\"},\"inLanguage\":\"da-DK\",\"potentialAction\":[{\"@type\":\"ReadAction\",\"target\":[\"https:\/\/last-chance.dk\/?product=te-saet-senna-13-stykker-lyseroed\"]}]},{\"@type\":\"ImageObject\",\"inLanguage\":\"da-DK\",\"@id\":\"https:\/\/last-chance.dk\/?product=te-saet-senna-13-stykker-lyseroed#primaryimage\",\"url\":\"https:\/\/last-chance.dk\/wp-content\/uploads\/2023\/11\/senna1.jpg\",\"contentUrl\":\"https:\/\/last-chance.dk\/wp-content\/uploads\/2023\/11\/senna1.jpg\",\"width\":800,\"height\":691},{\"@type\":\"BreadcrumbList\",\"@id\":\"https:\/\/last-chance.dk\/?product=te-saet-senna-13-stykker-lyseroed#breadcrumb\",\"itemListElement\":[{\"@type\":\"ListItem\",\"position\":1,\"name\":\"Home\",\"item\":\"https:\/\/last-chance.dk\/\"},{\"@type\":\"ListItem\",\"position\":2,\"name\":\"Te s\u00e6t Senna 13 stykker lyser\u00f8d\"}]},{\"@type\":\"WebSite\",\"@id\":\"https:\/\/last-chance.dk\/#website\",\"url\":\"https:\/\/last-chance.dk\/\",\"name\":\"LASTCHANCE Deals | Danmark\",\"description\":\"LASTCHANCE Deals | Danmark\",\"publisher\":{\"@id\":\"https:\/\/last-chance.dk\/#organization\"},\"potentialAction\":[{\"@type\":\"SearchAction\",\"target\":{\"@type\":\"EntryPoint\",\"urlTemplate\":\"https:\/\/last-chance.dk\/?s={search_term_string}\"},\"query-input\":{\"@type\":\"PropertyValueSpecification\",\"valueRequired\":true,\"valueName\":\"search_term_string\"}}],\"inLanguage\":\"da-DK\"},{\"@type\":\"Organization\",\"@id\":\"https:\/\/last-chance.dk\/#organization\",\"name\":\"LASTCHANCE Deals | Danmark\",\"url\":\"https:\/\/last-chance.dk\/\",\"logo\":{\"@type\":\"ImageObject\",\"inLanguage\":\"da-DK\",\"@id\":\"https:\/\/last-chance.dk\/#\/schema\/logo\/image\/\",\"url\":\"https:\/\/last-chance.dk\/wp-content\/uploads\/2023\/10\/lastchancedeals_logo_dk_white.png\",\"contentUrl\":\"https:\/\/last-chance.dk\/wp-content\/uploads\/2023\/10\/lastchancedeals_logo_dk_white.png\",\"width\":470,\"height\":110,\"caption\":\"LASTCHANCE Deals | Danmark\"},\"image\":{\"@id\":\"https:\/\/last-chance.dk\/#\/schema\/logo\/image\/\"}}]}<\/script>\n<!-- \/ Yoast SEO plugin. -->","yoast_head_json":{"title":"Te s\u00e6t Senna 13 stykker lyser\u00f8d - LASTCHANCE Deals | Danmark","robots":{"index":"index","follow":"follow","max-snippet":"max-snippet:-1","max-image-preview":"max-image-preview:large","max-video-preview":"max-video-preview:-1"},"canonical":"https:\/\/last-chance.dk\/?product=te-saet-senna-13-stykker-lyseroed","og_locale":"da_DK","og_type":"article","og_title":"Te s\u00e6t Senna 13 stykker lyser\u00f8d - LASTCHANCE Deals | Danmark","og_description":"Nyd en hyggelig te-stund med dette smukke te s\u00e6t Senna fra ForrestDecor. Dette s\u00e6t best\u00e5r af 13 dele: en tekande, fire kopper, fire tallerkener og fire skeer. Alle delene er lavet af h\u00f8j kvalitets keramik i en charmerende lyser\u00f8d farve, der passer til enhver indretning. Tekanden har et elegant design med et praktisk h\u00e5ndtag og [&hellip;]","og_url":"https:\/\/last-chance.dk\/?product=te-saet-senna-13-stykker-lyseroed","og_site_name":"LASTCHANCE Deals | Danmark","article_modified_time":"2025-09-19T18:48:48+00:00","og_image":[{"width":800,"height":691,"url":"https:\/\/last-chance.dk\/wp-content\/uploads\/2023\/11\/senna1.jpg","type":"image\/jpeg"}],"twitter_card":"summary_large_image","twitter_misc":{"Estimeret l\u00e6setid":"1 minut"},"schema":{"@context":"https:\/\/schema.org","@graph":[{"@type":"WebPage","@id":"https:\/\/last-chance.dk\/?product=te-saet-senna-13-stykker-lyseroed","url":"https:\/\/last-chance.dk\/?product=te-saet-senna-13-stykker-lyseroed","name":"Te s\u00e6t Senna 13 stykker lyser\u00f8d - LASTCHANCE Deals | Danmark","isPartOf":{"@id":"https:\/\/last-chance.dk\/#website"},"primaryImageOfPage":{"@id":"https:\/\/last-chance.dk\/?product=te-saet-senna-13-stykker-lyseroed#primaryimage"},"image":{"@id":"https:\/\/last-chance.dk\/?product=te-saet-senna-13-stykker-lyseroed#primaryimage"},"thumbnailUrl":"https:\/\/last-chance.dk\/wp-content\/uploads\/2023\/11\/senna1.jpg","datePublished":"2023-11-27T09:24:30+00:00","dateModified":"2025-09-19T18:48:48+00:00","breadcrumb":{"@id":"https:\/\/last-chance.dk\/?product=te-saet-senna-13-stykker-lyseroed#breadcrumb"},"inLanguage":"da-DK","potentialAction":[{"@type":"ReadAction","target":["https:\/\/last-chance.dk\/?product=te-saet-senna-13-stykker-lyseroed"]}]},{"@type":"ImageObject","inLanguage":"da-DK","@id":"https:\/\/last-chance.dk\/?product=te-saet-senna-13-stykker-lyseroed#primaryimage","url":"https:\/\/last-chance.dk\/wp-content\/uploads\/2023\/11\/senna1.jpg","contentUrl":"https:\/\/last-chance.dk\/wp-content\/uploads\/2023\/11\/senna1.jpg","width":800,"height":691},{"@type":"BreadcrumbList","@id":"https:\/\/last-chance.dk\/?product=te-saet-senna-13-stykker-lyseroed#breadcrumb","itemListElement":[{"@type":"ListItem","position":1,"name":"Home","item":"https:\/\/last-chance.dk\/"},{"@type":"ListItem","position":2,"name":"Te s\u00e6t Senna 13 stykker lyser\u00f8d"}]},{"@type":"WebSite","@id":"https:\/\/last-chance.dk\/#website","url":"https:\/\/last-chance.dk\/","name":"LASTCHANCE Deals | Danmark","description":"LASTCHANCE Deals | Danmark","publisher":{"@id":"https:\/\/last-chance.dk\/#organization"},"potentialAction":[{"@type":"SearchAction","target":{"@type":"EntryPoint","urlTemplate":"https:\/\/last-chance.dk\/?s={search_term_string}"},"query-input":{"@type":"PropertyValueSpecification","valueRequired":true,"valueName":"search_term_string"}}],"inLanguage":"da-DK"},{"@type":"Organization","@id":"https:\/\/last-chance.dk\/#organization","name":"LASTCHANCE Deals | Danmark","url":"https:\/\/last-chance.dk\/","logo":{"@type":"ImageObject","inLanguage":"da-DK","@id":"https:\/\/last-chance.dk\/#\/schema\/logo\/image\/","url":"https:\/\/last-chance.dk\/wp-content\/uploads\/2023\/10\/lastchancedeals_logo_dk_white.png","contentUrl":"https:\/\/last-chance.dk\/wp-content\/uploads\/2023\/10\/lastchancedeals_logo_dk_white.png","width":470,"height":110,"caption":"LASTCHANCE Deals | Danmark"},"image":{"@id":"https:\/\/last-chance.dk\/#\/schema\/logo\/image\/"}}]}},"_links":{"self":[{"href":"https:\/\/last-chance.dk\/index.php?rest_route=\/wp\/v2\/product\/9102","targetHints":{"allow":["GET"]}}],"collection":[{"href":"https:\/\/last-chance.dk\/index.php?rest_route=\/wp\/v2\/product"}],"about":[{"href":"https:\/\/last-chance.dk\/index.php?rest_route=\/wp\/v2\/types\/product"}],"replies":[{"embeddable":true,"href":"https:\/\/last-chance.dk\/index.php?rest_route=%2Fwp%2Fv2%2Fcomments&post=9102"}],"wp:featuredmedia":[{"embeddable":true,"href":"https:\/\/last-chance.dk\/index.php?rest_route=\/wp\/v2\/media\/9100"}],"wp:attachment":[{"href":"https:\/\/last-chance.dk\/index.php?rest_route=%2Fwp%2Fv2%2Fmedia&parent=9102"}],"wp:term":[{"taxonomy":"product_brand","embeddable":true,"href":"https:\/\/last-chance.dk\/index.php?rest_route=%2Fwp%2Fv2%2Fproduct_brand&post=9102"},{"taxonomy":"product_cat","embeddable":true,"href":"https:\/\/last-chance.dk\/index.php?rest_route=%2Fwp%2Fv2%2Fproduct_cat&post=9102"},{"taxonomy":"product_tag","embeddable":true,"href":"https:\/\/last-chance.dk\/index.php?rest_route=%2Fwp%2Fv2%2Fproduct_tag&post=9102"}],"curies":[{"name":"wp","href":"https:\/\/api.w.org\/{rel}","templated":true}]}}