{"id":9163,"date":"2023-11-27T09:28:56","date_gmt":"2023-11-27T09:28:56","guid":{"rendered":"https:\/\/www.lastchance.deals\/dk\/produkt\/seng-francesca-lux-med-opbevaring-160-180-stof\/"},"modified":"2025-09-19T18:21:03","modified_gmt":"2025-09-19T18:21:03","slug":"seng-francesca-lux-med-opbevaring-160-180-stof","status":"publish","type":"product","link":"https:\/\/last-chance.dk\/?product=seng-francesca-lux-med-opbevaring-160-180-stof","title":{"rendered":"Seng Francesca Lux med opbevaring 160-180 stof"},"content":{"rendered":"<p>Francesca Lux er en fantastisk seng, der kombinerer klassisk design og moderne funktioner. Sengens ramme er lavet af slidst\u00e6rkt tr\u00e6 og betrukket med kvalitetstof, som f\u00e5s i flere forskellige farver. Sengens hovedg\u00e6rde er dekoreret med dybt indsatte knapper, som skaber et elegant udseende.<\/p>\n<p>Francesca Lux-sengen f\u00e5s i to forskellige st\u00f8rrelser: 160 cm og 180 cm. Sengen passer godt til forskellige sovev\u00e6relser og indretningsstile. Sengen er let at samle og reng\u00f8re, og den giver dig komfort og kvalitet i mange \u00e5r.<\/p>\n<p>Leveringstid: Leveringstid 1 uge<br \/>\nStil: moderne<br \/>\nMateriale: stof<br \/>\nRammemateriale: solidt tr\u00e6,m\u00f8belplade<br \/>\nLamelbund: inkluderet<br \/>\nSengest\u00f8rrelse: 160x200cm,180x200cm<br \/>\nMadras: ikke inkluderet<br \/>\nSenget\u00f8jskasse: inkluderet<br \/>\nTopmadras: ikke inkluderet<br \/>\nSengegavl: inkluderet<br \/>\nUdvendige dimensioner: 160&#215;200: 232x201x117cm, 180&#215;200: 232x221x117cm<br \/>\nMontage: skal samles<br \/>\nGaranti: 12 m\u00e5neders rammegaranti<br \/>\nFabrikant: LuxCasa<br \/>\nFremstillet: i EU h\u00e5ndlavet<\/p>\n","protected":false},"excerpt":{"rendered":"<p>Francesca Lux er en fantastisk seng, der kombinerer klassisk design og moderne funktioner. Sengens ramme er lavet af slidst\u00e6rkt tr\u00e6 og betrukket med kvalitetstof, som f\u00e5s i flere forskellige farver. Sengens hovedg\u00e6rde er dekoreret med dybt indsatte knapper, som skaber et elegant udseende. Francesca Lux-sengen f\u00e5s i to forskellige st\u00f8rrelser: 160 cm og 180 cm. [&hellip;]<\/p>\n","protected":false},"featured_media":9154,"comment_status":"open","ping_status":"closed","template":"","meta":[],"product_brand":[],"product_cat":[133],"product_tag":[],"class_list":{"0":"post-9163","1":"product","2":"type-product","3":"status-publish","4":"has-post-thumbnail","6":"product_cat-design-beds","8":"first","9":"instock","10":"shipping-taxable","11":"purchasable","12":"product-type-simple"},"yoast_head":"<!-- This site is optimized with the Yoast SEO plugin v24.8.1 - https:\/\/yoast.com\/wordpress\/plugins\/seo\/ -->\n<title>Seng Francesca Lux med opbevaring 160-180 stof - LASTCHANCE Deals | Danmark<\/title>\n<meta name=\"robots\" content=\"index, follow, max-snippet:-1, max-image-preview:large, max-video-preview:-1\" \/>\n<link rel=\"canonical\" href=\"https:\/\/last-chance.dk\/?product=seng-francesca-lux-med-opbevaring-160-180-stof\" \/>\n<meta property=\"og:locale\" content=\"da_DK\" \/>\n<meta property=\"og:type\" content=\"article\" \/>\n<meta property=\"og:title\" content=\"Seng Francesca Lux med opbevaring 160-180 stof - LASTCHANCE Deals | Danmark\" \/>\n<meta property=\"og:description\" content=\"Francesca Lux er en fantastisk seng, der kombinerer klassisk design og moderne funktioner. Sengens ramme er lavet af slidst\u00e6rkt tr\u00e6 og betrukket med kvalitetstof, som f\u00e5s i flere forskellige farver. Sengens hovedg\u00e6rde er dekoreret med dybt indsatte knapper, som skaber et elegant udseende. Francesca Lux-sengen f\u00e5s i to forskellige st\u00f8rrelser: 160 cm og 180 cm. [&hellip;]\" \/>\n<meta property=\"og:url\" content=\"https:\/\/last-chance.dk\/?product=seng-francesca-lux-med-opbevaring-160-180-stof\" \/>\n<meta property=\"og:site_name\" content=\"LASTCHANCE Deals | Danmark\" \/>\n<meta property=\"article:modified_time\" content=\"2025-09-19T18:21:03+00:00\" \/>\n<meta property=\"og:image\" content=\"https:\/\/last-chance.dk\/wp-content\/uploads\/2023\/11\/be-pri-met-18so_c1__1.jpg\" \/>\n\t<meta property=\"og:image:width\" content=\"1200\" \/>\n\t<meta property=\"og:image:height\" content=\"751\" \/>\n\t<meta property=\"og:image:type\" content=\"image\/jpeg\" \/>\n<meta name=\"twitter:card\" content=\"summary_large_image\" \/>\n<meta name=\"twitter:label1\" content=\"Estimeret l\u00e6setid\" \/>\n\t<meta name=\"twitter:data1\" content=\"1 minut\" \/>\n<script type=\"application\/ld+json\" class=\"yoast-schema-graph\">{\"@context\":\"https:\/\/schema.org\",\"@graph\":[{\"@type\":\"WebPage\",\"@id\":\"https:\/\/last-chance.dk\/?product=seng-francesca-lux-med-opbevaring-160-180-stof\",\"url\":\"https:\/\/last-chance.dk\/?product=seng-francesca-lux-med-opbevaring-160-180-stof\",\"name\":\"Seng Francesca Lux med opbevaring 160-180 stof - LASTCHANCE Deals | Danmark\",\"isPartOf\":{\"@id\":\"https:\/\/last-chance.dk\/#website\"},\"primaryImageOfPage\":{\"@id\":\"https:\/\/last-chance.dk\/?product=seng-francesca-lux-med-opbevaring-160-180-stof#primaryimage\"},\"image\":{\"@id\":\"https:\/\/last-chance.dk\/?product=seng-francesca-lux-med-opbevaring-160-180-stof#primaryimage\"},\"thumbnailUrl\":\"https:\/\/last-chance.dk\/wp-content\/uploads\/2023\/11\/be-pri-met-18so_c1__1.jpg\",\"datePublished\":\"2023-11-27T09:28:56+00:00\",\"dateModified\":\"2025-09-19T18:21:03+00:00\",\"breadcrumb\":{\"@id\":\"https:\/\/last-chance.dk\/?product=seng-francesca-lux-med-opbevaring-160-180-stof#breadcrumb\"},\"inLanguage\":\"da-DK\",\"potentialAction\":[{\"@type\":\"ReadAction\",\"target\":[\"https:\/\/last-chance.dk\/?product=seng-francesca-lux-med-opbevaring-160-180-stof\"]}]},{\"@type\":\"ImageObject\",\"inLanguage\":\"da-DK\",\"@id\":\"https:\/\/last-chance.dk\/?product=seng-francesca-lux-med-opbevaring-160-180-stof#primaryimage\",\"url\":\"https:\/\/last-chance.dk\/wp-content\/uploads\/2023\/11\/be-pri-met-18so_c1__1.jpg\",\"contentUrl\":\"https:\/\/last-chance.dk\/wp-content\/uploads\/2023\/11\/be-pri-met-18so_c1__1.jpg\",\"width\":1200,\"height\":751},{\"@type\":\"BreadcrumbList\",\"@id\":\"https:\/\/last-chance.dk\/?product=seng-francesca-lux-med-opbevaring-160-180-stof#breadcrumb\",\"itemListElement\":[{\"@type\":\"ListItem\",\"position\":1,\"name\":\"Home\",\"item\":\"https:\/\/last-chance.dk\/\"},{\"@type\":\"ListItem\",\"position\":2,\"name\":\"Seng Francesca Lux med opbevaring 160-180 stof\"}]},{\"@type\":\"WebSite\",\"@id\":\"https:\/\/last-chance.dk\/#website\",\"url\":\"https:\/\/last-chance.dk\/\",\"name\":\"LASTCHANCE Deals | Danmark\",\"description\":\"LASTCHANCE Deals | Danmark\",\"publisher\":{\"@id\":\"https:\/\/last-chance.dk\/#organization\"},\"potentialAction\":[{\"@type\":\"SearchAction\",\"target\":{\"@type\":\"EntryPoint\",\"urlTemplate\":\"https:\/\/last-chance.dk\/?s={search_term_string}\"},\"query-input\":{\"@type\":\"PropertyValueSpecification\",\"valueRequired\":true,\"valueName\":\"search_term_string\"}}],\"inLanguage\":\"da-DK\"},{\"@type\":\"Organization\",\"@id\":\"https:\/\/last-chance.dk\/#organization\",\"name\":\"LASTCHANCE Deals | Danmark\",\"url\":\"https:\/\/last-chance.dk\/\",\"logo\":{\"@type\":\"ImageObject\",\"inLanguage\":\"da-DK\",\"@id\":\"https:\/\/last-chance.dk\/#\/schema\/logo\/image\/\",\"url\":\"https:\/\/last-chance.dk\/wp-content\/uploads\/2023\/10\/lastchancedeals_logo_dk_white.png\",\"contentUrl\":\"https:\/\/last-chance.dk\/wp-content\/uploads\/2023\/10\/lastchancedeals_logo_dk_white.png\",\"width\":470,\"height\":110,\"caption\":\"LASTCHANCE Deals | Danmark\"},\"image\":{\"@id\":\"https:\/\/last-chance.dk\/#\/schema\/logo\/image\/\"}}]}<\/script>\n<!-- \/ Yoast SEO plugin. -->","yoast_head_json":{"title":"Seng Francesca Lux med opbevaring 160-180 stof - LASTCHANCE Deals | Danmark","robots":{"index":"index","follow":"follow","max-snippet":"max-snippet:-1","max-image-preview":"max-image-preview:large","max-video-preview":"max-video-preview:-1"},"canonical":"https:\/\/last-chance.dk\/?product=seng-francesca-lux-med-opbevaring-160-180-stof","og_locale":"da_DK","og_type":"article","og_title":"Seng Francesca Lux med opbevaring 160-180 stof - LASTCHANCE Deals | Danmark","og_description":"Francesca Lux er en fantastisk seng, der kombinerer klassisk design og moderne funktioner. Sengens ramme er lavet af slidst\u00e6rkt tr\u00e6 og betrukket med kvalitetstof, som f\u00e5s i flere forskellige farver. Sengens hovedg\u00e6rde er dekoreret med dybt indsatte knapper, som skaber et elegant udseende. Francesca Lux-sengen f\u00e5s i to forskellige st\u00f8rrelser: 160 cm og 180 cm. [&hellip;]","og_url":"https:\/\/last-chance.dk\/?product=seng-francesca-lux-med-opbevaring-160-180-stof","og_site_name":"LASTCHANCE Deals | Danmark","article_modified_time":"2025-09-19T18:21:03+00:00","og_image":[{"width":1200,"height":751,"url":"https:\/\/last-chance.dk\/wp-content\/uploads\/2023\/11\/be-pri-met-18so_c1__1.jpg","type":"image\/jpeg"}],"twitter_card":"summary_large_image","twitter_misc":{"Estimeret l\u00e6setid":"1 minut"},"schema":{"@context":"https:\/\/schema.org","@graph":[{"@type":"WebPage","@id":"https:\/\/last-chance.dk\/?product=seng-francesca-lux-med-opbevaring-160-180-stof","url":"https:\/\/last-chance.dk\/?product=seng-francesca-lux-med-opbevaring-160-180-stof","name":"Seng Francesca Lux med opbevaring 160-180 stof - LASTCHANCE Deals | Danmark","isPartOf":{"@id":"https:\/\/last-chance.dk\/#website"},"primaryImageOfPage":{"@id":"https:\/\/last-chance.dk\/?product=seng-francesca-lux-med-opbevaring-160-180-stof#primaryimage"},"image":{"@id":"https:\/\/last-chance.dk\/?product=seng-francesca-lux-med-opbevaring-160-180-stof#primaryimage"},"thumbnailUrl":"https:\/\/last-chance.dk\/wp-content\/uploads\/2023\/11\/be-pri-met-18so_c1__1.jpg","datePublished":"2023-11-27T09:28:56+00:00","dateModified":"2025-09-19T18:21:03+00:00","breadcrumb":{"@id":"https:\/\/last-chance.dk\/?product=seng-francesca-lux-med-opbevaring-160-180-stof#breadcrumb"},"inLanguage":"da-DK","potentialAction":[{"@type":"ReadAction","target":["https:\/\/last-chance.dk\/?product=seng-francesca-lux-med-opbevaring-160-180-stof"]}]},{"@type":"ImageObject","inLanguage":"da-DK","@id":"https:\/\/last-chance.dk\/?product=seng-francesca-lux-med-opbevaring-160-180-stof#primaryimage","url":"https:\/\/last-chance.dk\/wp-content\/uploads\/2023\/11\/be-pri-met-18so_c1__1.jpg","contentUrl":"https:\/\/last-chance.dk\/wp-content\/uploads\/2023\/11\/be-pri-met-18so_c1__1.jpg","width":1200,"height":751},{"@type":"BreadcrumbList","@id":"https:\/\/last-chance.dk\/?product=seng-francesca-lux-med-opbevaring-160-180-stof#breadcrumb","itemListElement":[{"@type":"ListItem","position":1,"name":"Home","item":"https:\/\/last-chance.dk\/"},{"@type":"ListItem","position":2,"name":"Seng Francesca Lux med opbevaring 160-180 stof"}]},{"@type":"WebSite","@id":"https:\/\/last-chance.dk\/#website","url":"https:\/\/last-chance.dk\/","name":"LASTCHANCE Deals | Danmark","description":"LASTCHANCE Deals | Danmark","publisher":{"@id":"https:\/\/last-chance.dk\/#organization"},"potentialAction":[{"@type":"SearchAction","target":{"@type":"EntryPoint","urlTemplate":"https:\/\/last-chance.dk\/?s={search_term_string}"},"query-input":{"@type":"PropertyValueSpecification","valueRequired":true,"valueName":"search_term_string"}}],"inLanguage":"da-DK"},{"@type":"Organization","@id":"https:\/\/last-chance.dk\/#organization","name":"LASTCHANCE Deals | Danmark","url":"https:\/\/last-chance.dk\/","logo":{"@type":"ImageObject","inLanguage":"da-DK","@id":"https:\/\/last-chance.dk\/#\/schema\/logo\/image\/","url":"https:\/\/last-chance.dk\/wp-content\/uploads\/2023\/10\/lastchancedeals_logo_dk_white.png","contentUrl":"https:\/\/last-chance.dk\/wp-content\/uploads\/2023\/10\/lastchancedeals_logo_dk_white.png","width":470,"height":110,"caption":"LASTCHANCE Deals | Danmark"},"image":{"@id":"https:\/\/last-chance.dk\/#\/schema\/logo\/image\/"}}]}},"_links":{"self":[{"href":"https:\/\/last-chance.dk\/index.php?rest_route=\/wp\/v2\/product\/9163","targetHints":{"allow":["GET"]}}],"collection":[{"href":"https:\/\/last-chance.dk\/index.php?rest_route=\/wp\/v2\/product"}],"about":[{"href":"https:\/\/last-chance.dk\/index.php?rest_route=\/wp\/v2\/types\/product"}],"replies":[{"embeddable":true,"href":"https:\/\/last-chance.dk\/index.php?rest_route=%2Fwp%2Fv2%2Fcomments&post=9163"}],"wp:featuredmedia":[{"embeddable":true,"href":"https:\/\/last-chance.dk\/index.php?rest_route=\/wp\/v2\/media\/9154"}],"wp:attachment":[{"href":"https:\/\/last-chance.dk\/index.php?rest_route=%2Fwp%2Fv2%2Fmedia&parent=9163"}],"wp:term":[{"taxonomy":"product_brand","embeddable":true,"href":"https:\/\/last-chance.dk\/index.php?rest_route=%2Fwp%2Fv2%2Fproduct_brand&post=9163"},{"taxonomy":"product_cat","embeddable":true,"href":"https:\/\/last-chance.dk\/index.php?rest_route=%2Fwp%2Fv2%2Fproduct_cat&post=9163"},{"taxonomy":"product_tag","embeddable":true,"href":"https:\/\/last-chance.dk\/index.php?rest_route=%2Fwp%2Fv2%2Fproduct_tag&post=9163"}],"curies":[{"name":"wp","href":"https:\/\/api.w.org\/{rel}","templated":true}]}}