{"id":9222,"date":"2023-11-27T09:33:09","date_gmt":"2023-11-27T09:33:09","guid":{"rendered":"https:\/\/www.lastchance.deals\/dk\/produkt\/blomsterhylde-blomsterstativ-lupin-82x25x42cm-82x25x78cm-135x25x115cm-brun\/"},"modified":"2025-09-19T17:20:47","modified_gmt":"2025-09-19T17:20:47","slug":"blomsterhylde-blomsterstativ-lupin-82x25x42cm-82x25x78cm-135x25x115cm-brun","status":"publish","type":"product","link":"https:\/\/last-chance.dk\/?product=blomsterhylde-blomsterstativ-lupin-82x25x42cm-82x25x78cm-135x25x115cm-brun","title":{"rendered":"Blomsterhylde blomsterstativ Lupin 82x25x42cm \/ 82x25x78cm \/ 135x25x115cm brun"},"content":{"rendered":"<p>Er du p\u00e5 udkig efter en smuk og praktisk m\u00e5de at vise dine blomster frem p\u00e5? S\u00e5 er blomsterhylden blomsterstativ Lupin fra ForrestDecor det perfekte valg for dig. Denne blomsterhylde er lavet af tr\u00e6 i en varm brun farve, der passer til enhver indretning. Den har et elegant og moderne design med flere niveauer, s\u00e5 du kan arrangere dine planter efter din smag. Du kan v\u00e6lge mellem tre forskellige st\u00f8rrelser, alt efter hvor meget plads du har til r\u00e5dighed. Blomsterhylden blomsterstativ Lupin er nem at samle og reng\u00f8re, og den er velegnet til b\u00e5de indend\u00f8rs og udend\u00f8rs brug. Uanset om du vil pynte din stue, terrasse, altan eller have med dine yndlingsblomster, vil denne blomsterhylde give dem et flot og stilfuldt udtryk. Bestil din blomsterhylde blomsterstativ Lupin i dag og nyd synet af dine smukke planter hver dag.<\/p>\n<p><\/p>\n<p>Leveringstid: Leveringstid 1 uge<br \/>\nUdvendige dimensioner: 82x25x42cm \/ 82x25x78cm \/ 135x25x115cm<br \/>\nFarve: brun<br \/>\nFabrikant: ForrestDecor<br \/>\nMateriale: tr\u00e6<\/p>\n","protected":false},"excerpt":{"rendered":"<p>Er du p\u00e5 udkig efter en smuk og praktisk m\u00e5de at vise dine blomster frem p\u00e5? S\u00e5 er blomsterhylden blomsterstativ Lupin fra ForrestDecor det perfekte valg for dig. Denne blomsterhylde er lavet af tr\u00e6 i en varm brun farve, der passer til enhver indretning. Den har et elegant og moderne design med flere niveauer, s\u00e5 [&hellip;]<\/p>\n","protected":false},"featured_media":9214,"comment_status":"open","ping_status":"closed","template":"","meta":[],"product_brand":[],"product_cat":[182],"product_tag":[],"class_list":{"0":"post-9222","1":"product","2":"type-product","3":"status-publish","4":"has-post-thumbnail","6":"product_cat-blombord","8":"first","9":"instock","10":"shipping-taxable","11":"purchasable","12":"product-type-simple"},"yoast_head":"<!-- This site is optimized with the Yoast SEO plugin v24.8.1 - https:\/\/yoast.com\/wordpress\/plugins\/seo\/ -->\n<title>Blomsterhylde blomsterstativ Lupin 82x25x42cm \/ 82x25x78cm \/ 135x25x115cm brun - LASTCHANCE Deals | Danmark<\/title>\n<meta name=\"robots\" content=\"index, follow, max-snippet:-1, max-image-preview:large, max-video-preview:-1\" \/>\n<link rel=\"canonical\" href=\"https:\/\/last-chance.dk\/?product=blomsterhylde-blomsterstativ-lupin-82x25x42cm-82x25x78cm-135x25x115cm-brun\" \/>\n<meta property=\"og:locale\" content=\"da_DK\" \/>\n<meta property=\"og:type\" content=\"article\" \/>\n<meta property=\"og:title\" content=\"Blomsterhylde blomsterstativ Lupin 82x25x42cm \/ 82x25x78cm \/ 135x25x115cm brun - LASTCHANCE Deals | Danmark\" \/>\n<meta property=\"og:description\" content=\"Er du p\u00e5 udkig efter en smuk og praktisk m\u00e5de at vise dine blomster frem p\u00e5? S\u00e5 er blomsterhylden blomsterstativ Lupin fra ForrestDecor det perfekte valg for dig. Denne blomsterhylde er lavet af tr\u00e6 i en varm brun farve, der passer til enhver indretning. Den har et elegant og moderne design med flere niveauer, s\u00e5 [&hellip;]\" \/>\n<meta property=\"og:url\" content=\"https:\/\/last-chance.dk\/?product=blomsterhylde-blomsterstativ-lupin-82x25x42cm-82x25x78cm-135x25x115cm-brun\" \/>\n<meta property=\"og:site_name\" content=\"LASTCHANCE Deals | Danmark\" \/>\n<meta property=\"article:modified_time\" content=\"2025-09-19T17:20:47+00:00\" \/>\n<meta property=\"og:image\" content=\"https:\/\/last-chance.dk\/wp-content\/uploads\/2023\/11\/lupin_a.jpg\" \/>\n\t<meta property=\"og:image:width\" content=\"787\" \/>\n\t<meta property=\"og:image:height\" content=\"812\" \/>\n\t<meta property=\"og:image:type\" content=\"image\/jpeg\" \/>\n<meta name=\"twitter:card\" content=\"summary_large_image\" \/>\n<meta name=\"twitter:label1\" content=\"Estimeret l\u00e6setid\" \/>\n\t<meta name=\"twitter:data1\" content=\"1 minut\" \/>\n<script type=\"application\/ld+json\" class=\"yoast-schema-graph\">{\"@context\":\"https:\/\/schema.org\",\"@graph\":[{\"@type\":\"WebPage\",\"@id\":\"https:\/\/last-chance.dk\/?product=blomsterhylde-blomsterstativ-lupin-82x25x42cm-82x25x78cm-135x25x115cm-brun\",\"url\":\"https:\/\/last-chance.dk\/?product=blomsterhylde-blomsterstativ-lupin-82x25x42cm-82x25x78cm-135x25x115cm-brun\",\"name\":\"Blomsterhylde blomsterstativ Lupin 82x25x42cm \/ 82x25x78cm \/ 135x25x115cm brun - LASTCHANCE Deals | Danmark\",\"isPartOf\":{\"@id\":\"https:\/\/last-chance.dk\/#website\"},\"primaryImageOfPage\":{\"@id\":\"https:\/\/last-chance.dk\/?product=blomsterhylde-blomsterstativ-lupin-82x25x42cm-82x25x78cm-135x25x115cm-brun#primaryimage\"},\"image\":{\"@id\":\"https:\/\/last-chance.dk\/?product=blomsterhylde-blomsterstativ-lupin-82x25x42cm-82x25x78cm-135x25x115cm-brun#primaryimage\"},\"thumbnailUrl\":\"https:\/\/last-chance.dk\/wp-content\/uploads\/2023\/11\/lupin_a.jpg\",\"datePublished\":\"2023-11-27T09:33:09+00:00\",\"dateModified\":\"2025-09-19T17:20:47+00:00\",\"breadcrumb\":{\"@id\":\"https:\/\/last-chance.dk\/?product=blomsterhylde-blomsterstativ-lupin-82x25x42cm-82x25x78cm-135x25x115cm-brun#breadcrumb\"},\"inLanguage\":\"da-DK\",\"potentialAction\":[{\"@type\":\"ReadAction\",\"target\":[\"https:\/\/last-chance.dk\/?product=blomsterhylde-blomsterstativ-lupin-82x25x42cm-82x25x78cm-135x25x115cm-brun\"]}]},{\"@type\":\"ImageObject\",\"inLanguage\":\"da-DK\",\"@id\":\"https:\/\/last-chance.dk\/?product=blomsterhylde-blomsterstativ-lupin-82x25x42cm-82x25x78cm-135x25x115cm-brun#primaryimage\",\"url\":\"https:\/\/last-chance.dk\/wp-content\/uploads\/2023\/11\/lupin_a.jpg\",\"contentUrl\":\"https:\/\/last-chance.dk\/wp-content\/uploads\/2023\/11\/lupin_a.jpg\",\"width\":787,\"height\":812},{\"@type\":\"BreadcrumbList\",\"@id\":\"https:\/\/last-chance.dk\/?product=blomsterhylde-blomsterstativ-lupin-82x25x42cm-82x25x78cm-135x25x115cm-brun#breadcrumb\",\"itemListElement\":[{\"@type\":\"ListItem\",\"position\":1,\"name\":\"Home\",\"item\":\"https:\/\/last-chance.dk\/\"},{\"@type\":\"ListItem\",\"position\":2,\"name\":\"Blomsterhylde blomsterstativ Lupin 82x25x42cm \/ 82x25x78cm \/ 135x25x115cm brun\"}]},{\"@type\":\"WebSite\",\"@id\":\"https:\/\/last-chance.dk\/#website\",\"url\":\"https:\/\/last-chance.dk\/\",\"name\":\"LASTCHANCE Deals | Danmark\",\"description\":\"LASTCHANCE Deals | Danmark\",\"publisher\":{\"@id\":\"https:\/\/last-chance.dk\/#organization\"},\"potentialAction\":[{\"@type\":\"SearchAction\",\"target\":{\"@type\":\"EntryPoint\",\"urlTemplate\":\"https:\/\/last-chance.dk\/?s={search_term_string}\"},\"query-input\":{\"@type\":\"PropertyValueSpecification\",\"valueRequired\":true,\"valueName\":\"search_term_string\"}}],\"inLanguage\":\"da-DK\"},{\"@type\":\"Organization\",\"@id\":\"https:\/\/last-chance.dk\/#organization\",\"name\":\"LASTCHANCE Deals | Danmark\",\"url\":\"https:\/\/last-chance.dk\/\",\"logo\":{\"@type\":\"ImageObject\",\"inLanguage\":\"da-DK\",\"@id\":\"https:\/\/last-chance.dk\/#\/schema\/logo\/image\/\",\"url\":\"https:\/\/last-chance.dk\/wp-content\/uploads\/2023\/10\/lastchancedeals_logo_dk_white.png\",\"contentUrl\":\"https:\/\/last-chance.dk\/wp-content\/uploads\/2023\/10\/lastchancedeals_logo_dk_white.png\",\"width\":470,\"height\":110,\"caption\":\"LASTCHANCE Deals | Danmark\"},\"image\":{\"@id\":\"https:\/\/last-chance.dk\/#\/schema\/logo\/image\/\"}}]}<\/script>\n<!-- \/ Yoast SEO plugin. -->","yoast_head_json":{"title":"Blomsterhylde blomsterstativ Lupin 82x25x42cm \/ 82x25x78cm \/ 135x25x115cm brun - LASTCHANCE Deals | Danmark","robots":{"index":"index","follow":"follow","max-snippet":"max-snippet:-1","max-image-preview":"max-image-preview:large","max-video-preview":"max-video-preview:-1"},"canonical":"https:\/\/last-chance.dk\/?product=blomsterhylde-blomsterstativ-lupin-82x25x42cm-82x25x78cm-135x25x115cm-brun","og_locale":"da_DK","og_type":"article","og_title":"Blomsterhylde blomsterstativ Lupin 82x25x42cm \/ 82x25x78cm \/ 135x25x115cm brun - LASTCHANCE Deals | Danmark","og_description":"Er du p\u00e5 udkig efter en smuk og praktisk m\u00e5de at vise dine blomster frem p\u00e5? S\u00e5 er blomsterhylden blomsterstativ Lupin fra ForrestDecor det perfekte valg for dig. Denne blomsterhylde er lavet af tr\u00e6 i en varm brun farve, der passer til enhver indretning. Den har et elegant og moderne design med flere niveauer, s\u00e5 [&hellip;]","og_url":"https:\/\/last-chance.dk\/?product=blomsterhylde-blomsterstativ-lupin-82x25x42cm-82x25x78cm-135x25x115cm-brun","og_site_name":"LASTCHANCE Deals | Danmark","article_modified_time":"2025-09-19T17:20:47+00:00","og_image":[{"width":787,"height":812,"url":"https:\/\/last-chance.dk\/wp-content\/uploads\/2023\/11\/lupin_a.jpg","type":"image\/jpeg"}],"twitter_card":"summary_large_image","twitter_misc":{"Estimeret l\u00e6setid":"1 minut"},"schema":{"@context":"https:\/\/schema.org","@graph":[{"@type":"WebPage","@id":"https:\/\/last-chance.dk\/?product=blomsterhylde-blomsterstativ-lupin-82x25x42cm-82x25x78cm-135x25x115cm-brun","url":"https:\/\/last-chance.dk\/?product=blomsterhylde-blomsterstativ-lupin-82x25x42cm-82x25x78cm-135x25x115cm-brun","name":"Blomsterhylde blomsterstativ Lupin 82x25x42cm \/ 82x25x78cm \/ 135x25x115cm brun - LASTCHANCE Deals | Danmark","isPartOf":{"@id":"https:\/\/last-chance.dk\/#website"},"primaryImageOfPage":{"@id":"https:\/\/last-chance.dk\/?product=blomsterhylde-blomsterstativ-lupin-82x25x42cm-82x25x78cm-135x25x115cm-brun#primaryimage"},"image":{"@id":"https:\/\/last-chance.dk\/?product=blomsterhylde-blomsterstativ-lupin-82x25x42cm-82x25x78cm-135x25x115cm-brun#primaryimage"},"thumbnailUrl":"https:\/\/last-chance.dk\/wp-content\/uploads\/2023\/11\/lupin_a.jpg","datePublished":"2023-11-27T09:33:09+00:00","dateModified":"2025-09-19T17:20:47+00:00","breadcrumb":{"@id":"https:\/\/last-chance.dk\/?product=blomsterhylde-blomsterstativ-lupin-82x25x42cm-82x25x78cm-135x25x115cm-brun#breadcrumb"},"inLanguage":"da-DK","potentialAction":[{"@type":"ReadAction","target":["https:\/\/last-chance.dk\/?product=blomsterhylde-blomsterstativ-lupin-82x25x42cm-82x25x78cm-135x25x115cm-brun"]}]},{"@type":"ImageObject","inLanguage":"da-DK","@id":"https:\/\/last-chance.dk\/?product=blomsterhylde-blomsterstativ-lupin-82x25x42cm-82x25x78cm-135x25x115cm-brun#primaryimage","url":"https:\/\/last-chance.dk\/wp-content\/uploads\/2023\/11\/lupin_a.jpg","contentUrl":"https:\/\/last-chance.dk\/wp-content\/uploads\/2023\/11\/lupin_a.jpg","width":787,"height":812},{"@type":"BreadcrumbList","@id":"https:\/\/last-chance.dk\/?product=blomsterhylde-blomsterstativ-lupin-82x25x42cm-82x25x78cm-135x25x115cm-brun#breadcrumb","itemListElement":[{"@type":"ListItem","position":1,"name":"Home","item":"https:\/\/last-chance.dk\/"},{"@type":"ListItem","position":2,"name":"Blomsterhylde blomsterstativ Lupin 82x25x42cm \/ 82x25x78cm \/ 135x25x115cm brun"}]},{"@type":"WebSite","@id":"https:\/\/last-chance.dk\/#website","url":"https:\/\/last-chance.dk\/","name":"LASTCHANCE Deals | Danmark","description":"LASTCHANCE Deals | Danmark","publisher":{"@id":"https:\/\/last-chance.dk\/#organization"},"potentialAction":[{"@type":"SearchAction","target":{"@type":"EntryPoint","urlTemplate":"https:\/\/last-chance.dk\/?s={search_term_string}"},"query-input":{"@type":"PropertyValueSpecification","valueRequired":true,"valueName":"search_term_string"}}],"inLanguage":"da-DK"},{"@type":"Organization","@id":"https:\/\/last-chance.dk\/#organization","name":"LASTCHANCE Deals | Danmark","url":"https:\/\/last-chance.dk\/","logo":{"@type":"ImageObject","inLanguage":"da-DK","@id":"https:\/\/last-chance.dk\/#\/schema\/logo\/image\/","url":"https:\/\/last-chance.dk\/wp-content\/uploads\/2023\/10\/lastchancedeals_logo_dk_white.png","contentUrl":"https:\/\/last-chance.dk\/wp-content\/uploads\/2023\/10\/lastchancedeals_logo_dk_white.png","width":470,"height":110,"caption":"LASTCHANCE Deals | Danmark"},"image":{"@id":"https:\/\/last-chance.dk\/#\/schema\/logo\/image\/"}}]}},"_links":{"self":[{"href":"https:\/\/last-chance.dk\/index.php?rest_route=\/wp\/v2\/product\/9222","targetHints":{"allow":["GET"]}}],"collection":[{"href":"https:\/\/last-chance.dk\/index.php?rest_route=\/wp\/v2\/product"}],"about":[{"href":"https:\/\/last-chance.dk\/index.php?rest_route=\/wp\/v2\/types\/product"}],"replies":[{"embeddable":true,"href":"https:\/\/last-chance.dk\/index.php?rest_route=%2Fwp%2Fv2%2Fcomments&post=9222"}],"wp:featuredmedia":[{"embeddable":true,"href":"https:\/\/last-chance.dk\/index.php?rest_route=\/wp\/v2\/media\/9214"}],"wp:attachment":[{"href":"https:\/\/last-chance.dk\/index.php?rest_route=%2Fwp%2Fv2%2Fmedia&parent=9222"}],"wp:term":[{"taxonomy":"product_brand","embeddable":true,"href":"https:\/\/last-chance.dk\/index.php?rest_route=%2Fwp%2Fv2%2Fproduct_brand&post=9222"},{"taxonomy":"product_cat","embeddable":true,"href":"https:\/\/last-chance.dk\/index.php?rest_route=%2Fwp%2Fv2%2Fproduct_cat&post=9222"},{"taxonomy":"product_tag","embeddable":true,"href":"https:\/\/last-chance.dk\/index.php?rest_route=%2Fwp%2Fv2%2Fproduct_tag&post=9222"}],"curies":[{"name":"wp","href":"https:\/\/api.w.org\/{rel}","templated":true}]}}