{"id":9237,"date":"2023-11-27T09:34:18","date_gmt":"2023-11-27T09:34:18","guid":{"rendered":"https:\/\/www.lastchance.deals\/dk\/produkt\/poppy-kunstig-blomst-gul-48x95cm\/"},"modified":"2025-10-13T11:57:59","modified_gmt":"2025-10-13T11:57:59","slug":"poppy-kunstig-blomst-gul-48x95cm","status":"publish","type":"product","link":"https:\/\/last-chance.dk\/?product=poppy-kunstig-blomst-gul-48x95cm","title":{"rendered":"Poppy kunstig blomst gul 48x95cm"},"content":{"rendered":"<p>Er du p\u00e5 udkig efter en smuk og holdbar blomst til at dekorere dit hjem eller kontor? S\u00e5 er denne poppy kunstig blomst det perfekte valg for dig!<\/p>\n<p><\/p>\n<p>Denne blomst er lavet af plast, s\u00e5 du beh\u00f8ver ikke at bekymre dig om vanding, besk\u00e6ring eller allergier. Den har en flot gul farve, der vil lyse op i ethvert rum. Den har ogs\u00e5 en realistisk form og tekstur, der vil narre enhver til at tro, at den er \u00e6gte.<\/p>\n<p><\/p>\n<p>Denne blomst har en h\u00f8jde p\u00e5 95 cm og en bredde p\u00e5 48 cm, s\u00e5 den passer godt til enhver vase eller potte. Den er produceret af ForrestDecor, et firma, der er kendt for at lave kvalitets kunstige planter og blomster.<\/p>\n<p><\/p>\n<p>Bestil din poppy kunstig blomst i dag og nyd dens sk\u00f8nhed i mange \u00e5r fremover!<\/p>\n<p><\/p>\n<p>Leveringstid: Leveringstid 1 uge<br \/>\nUdvendige dimensioner: 48x95cm<br \/>\nFarve: gul<br \/>\nFabrikant: ForrestDecor<br \/>\nMateriale: plast<\/p>\n","protected":false},"excerpt":{"rendered":"<p>Er du p\u00e5 udkig efter en smuk og holdbar blomst til at dekorere dit hjem eller kontor? S\u00e5 er denne poppy kunstig blomst det perfekte valg for dig! Denne blomst er lavet af plast, s\u00e5 du beh\u00f8ver ikke at bekymre dig om vanding, besk\u00e6ring eller allergier. Den har en flot gul farve, der vil lyse [&hellip;]<\/p>\n","protected":false},"featured_media":9235,"comment_status":"open","ping_status":"closed","template":"","meta":[],"product_brand":[],"product_cat":[190],"product_tag":[],"class_list":{"0":"post-9237","1":"product","2":"type-product","3":"status-publish","4":"has-post-thumbnail","6":"product_cat-artificial-trees-and-flowers","8":"first","9":"instock","10":"shipping-taxable","11":"purchasable","12":"product-type-simple"},"yoast_head":"<!-- This site is optimized with the Yoast SEO plugin v24.8.1 - https:\/\/yoast.com\/wordpress\/plugins\/seo\/ -->\n<title>Poppy kunstig blomst gul 48x95cm - LASTCHANCE Deals | Danmark<\/title>\n<meta name=\"robots\" content=\"index, follow, max-snippet:-1, max-image-preview:large, max-video-preview:-1\" \/>\n<link rel=\"canonical\" href=\"https:\/\/last-chance.dk\/?product=poppy-kunstig-blomst-gul-48x95cm\" \/>\n<meta property=\"og:locale\" content=\"da_DK\" \/>\n<meta property=\"og:type\" content=\"article\" \/>\n<meta property=\"og:title\" content=\"Poppy kunstig blomst gul 48x95cm - LASTCHANCE Deals | Danmark\" \/>\n<meta property=\"og:description\" content=\"Er du p\u00e5 udkig efter en smuk og holdbar blomst til at dekorere dit hjem eller kontor? S\u00e5 er denne poppy kunstig blomst det perfekte valg for dig! Denne blomst er lavet af plast, s\u00e5 du beh\u00f8ver ikke at bekymre dig om vanding, besk\u00e6ring eller allergier. Den har en flot gul farve, der vil lyse [&hellip;]\" \/>\n<meta property=\"og:url\" content=\"https:\/\/last-chance.dk\/?product=poppy-kunstig-blomst-gul-48x95cm\" \/>\n<meta property=\"og:site_name\" content=\"LASTCHANCE Deals | Danmark\" \/>\n<meta property=\"article:modified_time\" content=\"2025-10-13T11:57:59+00:00\" \/>\n<meta property=\"og:image\" content=\"https:\/\/last-chance.dk\/wp-content\/uploads\/2023\/11\/poppy1.jpg\" \/>\n\t<meta property=\"og:image:width\" content=\"750\" \/>\n\t<meta property=\"og:image:height\" content=\"1000\" \/>\n\t<meta property=\"og:image:type\" content=\"image\/jpeg\" \/>\n<meta name=\"twitter:card\" content=\"summary_large_image\" \/>\n<meta name=\"twitter:label1\" content=\"Estimeret l\u00e6setid\" \/>\n\t<meta name=\"twitter:data1\" content=\"1 minut\" \/>\n<script type=\"application\/ld+json\" class=\"yoast-schema-graph\">{\"@context\":\"https:\/\/schema.org\",\"@graph\":[{\"@type\":\"WebPage\",\"@id\":\"https:\/\/last-chance.dk\/?product=poppy-kunstig-blomst-gul-48x95cm\",\"url\":\"https:\/\/last-chance.dk\/?product=poppy-kunstig-blomst-gul-48x95cm\",\"name\":\"Poppy kunstig blomst gul 48x95cm - LASTCHANCE Deals | Danmark\",\"isPartOf\":{\"@id\":\"https:\/\/last-chance.dk\/#website\"},\"primaryImageOfPage\":{\"@id\":\"https:\/\/last-chance.dk\/?product=poppy-kunstig-blomst-gul-48x95cm#primaryimage\"},\"image\":{\"@id\":\"https:\/\/last-chance.dk\/?product=poppy-kunstig-blomst-gul-48x95cm#primaryimage\"},\"thumbnailUrl\":\"https:\/\/last-chance.dk\/wp-content\/uploads\/2023\/11\/poppy1.jpg\",\"datePublished\":\"2023-11-27T09:34:18+00:00\",\"dateModified\":\"2025-10-13T11:57:59+00:00\",\"breadcrumb\":{\"@id\":\"https:\/\/last-chance.dk\/?product=poppy-kunstig-blomst-gul-48x95cm#breadcrumb\"},\"inLanguage\":\"da-DK\",\"potentialAction\":[{\"@type\":\"ReadAction\",\"target\":[\"https:\/\/last-chance.dk\/?product=poppy-kunstig-blomst-gul-48x95cm\"]}]},{\"@type\":\"ImageObject\",\"inLanguage\":\"da-DK\",\"@id\":\"https:\/\/last-chance.dk\/?product=poppy-kunstig-blomst-gul-48x95cm#primaryimage\",\"url\":\"https:\/\/last-chance.dk\/wp-content\/uploads\/2023\/11\/poppy1.jpg\",\"contentUrl\":\"https:\/\/last-chance.dk\/wp-content\/uploads\/2023\/11\/poppy1.jpg\",\"width\":750,\"height\":1000},{\"@type\":\"BreadcrumbList\",\"@id\":\"https:\/\/last-chance.dk\/?product=poppy-kunstig-blomst-gul-48x95cm#breadcrumb\",\"itemListElement\":[{\"@type\":\"ListItem\",\"position\":1,\"name\":\"Home\",\"item\":\"https:\/\/last-chance.dk\/\"},{\"@type\":\"ListItem\",\"position\":2,\"name\":\"Poppy kunstig blomst gul 48x95cm\"}]},{\"@type\":\"WebSite\",\"@id\":\"https:\/\/last-chance.dk\/#website\",\"url\":\"https:\/\/last-chance.dk\/\",\"name\":\"LASTCHANCE Deals | Danmark\",\"description\":\"LASTCHANCE Deals | Danmark\",\"publisher\":{\"@id\":\"https:\/\/last-chance.dk\/#organization\"},\"potentialAction\":[{\"@type\":\"SearchAction\",\"target\":{\"@type\":\"EntryPoint\",\"urlTemplate\":\"https:\/\/last-chance.dk\/?s={search_term_string}\"},\"query-input\":{\"@type\":\"PropertyValueSpecification\",\"valueRequired\":true,\"valueName\":\"search_term_string\"}}],\"inLanguage\":\"da-DK\"},{\"@type\":\"Organization\",\"@id\":\"https:\/\/last-chance.dk\/#organization\",\"name\":\"LASTCHANCE Deals | Danmark\",\"url\":\"https:\/\/last-chance.dk\/\",\"logo\":{\"@type\":\"ImageObject\",\"inLanguage\":\"da-DK\",\"@id\":\"https:\/\/last-chance.dk\/#\/schema\/logo\/image\/\",\"url\":\"https:\/\/last-chance.dk\/wp-content\/uploads\/2023\/10\/lastchancedeals_logo_dk_white.png\",\"contentUrl\":\"https:\/\/last-chance.dk\/wp-content\/uploads\/2023\/10\/lastchancedeals_logo_dk_white.png\",\"width\":470,\"height\":110,\"caption\":\"LASTCHANCE Deals | Danmark\"},\"image\":{\"@id\":\"https:\/\/last-chance.dk\/#\/schema\/logo\/image\/\"}}]}<\/script>\n<!-- \/ Yoast SEO plugin. -->","yoast_head_json":{"title":"Poppy kunstig blomst gul 48x95cm - LASTCHANCE Deals | Danmark","robots":{"index":"index","follow":"follow","max-snippet":"max-snippet:-1","max-image-preview":"max-image-preview:large","max-video-preview":"max-video-preview:-1"},"canonical":"https:\/\/last-chance.dk\/?product=poppy-kunstig-blomst-gul-48x95cm","og_locale":"da_DK","og_type":"article","og_title":"Poppy kunstig blomst gul 48x95cm - LASTCHANCE Deals | Danmark","og_description":"Er du p\u00e5 udkig efter en smuk og holdbar blomst til at dekorere dit hjem eller kontor? S\u00e5 er denne poppy kunstig blomst det perfekte valg for dig! Denne blomst er lavet af plast, s\u00e5 du beh\u00f8ver ikke at bekymre dig om vanding, besk\u00e6ring eller allergier. Den har en flot gul farve, der vil lyse [&hellip;]","og_url":"https:\/\/last-chance.dk\/?product=poppy-kunstig-blomst-gul-48x95cm","og_site_name":"LASTCHANCE Deals | Danmark","article_modified_time":"2025-10-13T11:57:59+00:00","og_image":[{"width":750,"height":1000,"url":"https:\/\/last-chance.dk\/wp-content\/uploads\/2023\/11\/poppy1.jpg","type":"image\/jpeg"}],"twitter_card":"summary_large_image","twitter_misc":{"Estimeret l\u00e6setid":"1 minut"},"schema":{"@context":"https:\/\/schema.org","@graph":[{"@type":"WebPage","@id":"https:\/\/last-chance.dk\/?product=poppy-kunstig-blomst-gul-48x95cm","url":"https:\/\/last-chance.dk\/?product=poppy-kunstig-blomst-gul-48x95cm","name":"Poppy kunstig blomst gul 48x95cm - LASTCHANCE Deals | Danmark","isPartOf":{"@id":"https:\/\/last-chance.dk\/#website"},"primaryImageOfPage":{"@id":"https:\/\/last-chance.dk\/?product=poppy-kunstig-blomst-gul-48x95cm#primaryimage"},"image":{"@id":"https:\/\/last-chance.dk\/?product=poppy-kunstig-blomst-gul-48x95cm#primaryimage"},"thumbnailUrl":"https:\/\/last-chance.dk\/wp-content\/uploads\/2023\/11\/poppy1.jpg","datePublished":"2023-11-27T09:34:18+00:00","dateModified":"2025-10-13T11:57:59+00:00","breadcrumb":{"@id":"https:\/\/last-chance.dk\/?product=poppy-kunstig-blomst-gul-48x95cm#breadcrumb"},"inLanguage":"da-DK","potentialAction":[{"@type":"ReadAction","target":["https:\/\/last-chance.dk\/?product=poppy-kunstig-blomst-gul-48x95cm"]}]},{"@type":"ImageObject","inLanguage":"da-DK","@id":"https:\/\/last-chance.dk\/?product=poppy-kunstig-blomst-gul-48x95cm#primaryimage","url":"https:\/\/last-chance.dk\/wp-content\/uploads\/2023\/11\/poppy1.jpg","contentUrl":"https:\/\/last-chance.dk\/wp-content\/uploads\/2023\/11\/poppy1.jpg","width":750,"height":1000},{"@type":"BreadcrumbList","@id":"https:\/\/last-chance.dk\/?product=poppy-kunstig-blomst-gul-48x95cm#breadcrumb","itemListElement":[{"@type":"ListItem","position":1,"name":"Home","item":"https:\/\/last-chance.dk\/"},{"@type":"ListItem","position":2,"name":"Poppy kunstig blomst gul 48x95cm"}]},{"@type":"WebSite","@id":"https:\/\/last-chance.dk\/#website","url":"https:\/\/last-chance.dk\/","name":"LASTCHANCE Deals | Danmark","description":"LASTCHANCE Deals | Danmark","publisher":{"@id":"https:\/\/last-chance.dk\/#organization"},"potentialAction":[{"@type":"SearchAction","target":{"@type":"EntryPoint","urlTemplate":"https:\/\/last-chance.dk\/?s={search_term_string}"},"query-input":{"@type":"PropertyValueSpecification","valueRequired":true,"valueName":"search_term_string"}}],"inLanguage":"da-DK"},{"@type":"Organization","@id":"https:\/\/last-chance.dk\/#organization","name":"LASTCHANCE Deals | Danmark","url":"https:\/\/last-chance.dk\/","logo":{"@type":"ImageObject","inLanguage":"da-DK","@id":"https:\/\/last-chance.dk\/#\/schema\/logo\/image\/","url":"https:\/\/last-chance.dk\/wp-content\/uploads\/2023\/10\/lastchancedeals_logo_dk_white.png","contentUrl":"https:\/\/last-chance.dk\/wp-content\/uploads\/2023\/10\/lastchancedeals_logo_dk_white.png","width":470,"height":110,"caption":"LASTCHANCE Deals | Danmark"},"image":{"@id":"https:\/\/last-chance.dk\/#\/schema\/logo\/image\/"}}]}},"_links":{"self":[{"href":"https:\/\/last-chance.dk\/index.php?rest_route=\/wp\/v2\/product\/9237","targetHints":{"allow":["GET"]}}],"collection":[{"href":"https:\/\/last-chance.dk\/index.php?rest_route=\/wp\/v2\/product"}],"about":[{"href":"https:\/\/last-chance.dk\/index.php?rest_route=\/wp\/v2\/types\/product"}],"replies":[{"embeddable":true,"href":"https:\/\/last-chance.dk\/index.php?rest_route=%2Fwp%2Fv2%2Fcomments&post=9237"}],"wp:featuredmedia":[{"embeddable":true,"href":"https:\/\/last-chance.dk\/index.php?rest_route=\/wp\/v2\/media\/9235"}],"wp:attachment":[{"href":"https:\/\/last-chance.dk\/index.php?rest_route=%2Fwp%2Fv2%2Fmedia&parent=9237"}],"wp:term":[{"taxonomy":"product_brand","embeddable":true,"href":"https:\/\/last-chance.dk\/index.php?rest_route=%2Fwp%2Fv2%2Fproduct_brand&post=9237"},{"taxonomy":"product_cat","embeddable":true,"href":"https:\/\/last-chance.dk\/index.php?rest_route=%2Fwp%2Fv2%2Fproduct_cat&post=9237"},{"taxonomy":"product_tag","embeddable":true,"href":"https:\/\/last-chance.dk\/index.php?rest_route=%2Fwp%2Fv2%2Fproduct_tag&post=9237"}],"curies":[{"name":"wp","href":"https:\/\/api.w.org\/{rel}","templated":true}]}}