{"id":9271,"date":"2023-11-27T09:36:23","date_gmt":"2023-11-27T09:36:23","guid":{"rendered":"https:\/\/www.lastchance.deals\/dk\/produkt\/puf-verena-kunstigt-laedertrae\/"},"modified":"2025-09-19T18:13:51","modified_gmt":"2025-09-19T18:13:51","slug":"puf-verena-kunstigt-laedertrae","status":"publish","type":"product","link":"https:\/\/last-chance.dk\/?product=puf-verena-kunstigt-laedertrae","title":{"rendered":"Puf Verena kunstigt l\u00e6der,tr\u00e6"},"content":{"rendered":"<p>Leder du efter en puf, der er b\u00e5de praktisk og stilfuld? S\u00e5 er puf Verena det perfekte valg for dig. Denne puf er lavet af kunstigt l\u00e6der, der er nemt at reng\u00f8re og vedligeholde. Den har ogs\u00e5 et tr\u00e6ben, der giver den et elegant og moderne udseende. Puf Verena har en kompakt st\u00f8rrelse p\u00e5 27x27x31cm, s\u00e5 den passer ind i enhver stue, sovev\u00e6relse eller kontor. Du kan bruge den som en ekstra siddeplads, en fodskammel eller en dekorativ detalje. Puf Verena leveres samlet, s\u00e5 du beh\u00f8ver ikke at bekymre dig om montage. Du f\u00e5r ogs\u00e5 12 m\u00e5neders rammegaranti fra fabrikanten ForrestDecor, der er kendt for deres kvalitetsm\u00f8bler. Bestil din puf Verena i dag og nyd dens komfort og sk\u00f8nhed.<\/p>\n<p><\/p>\n<p>Leveringstid: Leveringstid 1 uge<br \/>\nMateriale: kunstigt l\u00e6der,tr\u00e6<br \/>\nUdvendige dimensioner: 27x27x31cm<br \/>\nMontage: leveres samlet<br \/>\nGaranti: 12 m\u00e5neders rammegaranti<br \/>\nFabrikant: ForrestDecor<\/p>\n","protected":false},"excerpt":{"rendered":"<p>Leder du efter en puf, der er b\u00e5de praktisk og stilfuld? S\u00e5 er puf Verena det perfekte valg for dig. Denne puf er lavet af kunstigt l\u00e6der, der er nemt at reng\u00f8re og vedligeholde. Den har ogs\u00e5 et tr\u00e6ben, der giver den et elegant og moderne udseende. Puf Verena har en kompakt st\u00f8rrelse p\u00e5 27x27x31cm, [&hellip;]<\/p>\n","protected":false},"featured_media":9265,"comment_status":"open","ping_status":"closed","template":"","meta":[],"product_brand":[],"product_cat":[137],"product_tag":[],"class_list":{"0":"post-9271","1":"product","2":"type-product","3":"status-publish","4":"has-post-thumbnail","6":"product_cat-fotpallar","8":"first","9":"instock","10":"shipping-taxable","11":"purchasable","12":"product-type-simple"},"yoast_head":"<!-- This site is optimized with the Yoast SEO plugin v24.8.1 - https:\/\/yoast.com\/wordpress\/plugins\/seo\/ -->\n<title>Puf Verena kunstigt l\u00e6der,tr\u00e6 - LASTCHANCE Deals | Danmark<\/title>\n<meta name=\"robots\" content=\"index, follow, max-snippet:-1, max-image-preview:large, max-video-preview:-1\" \/>\n<link rel=\"canonical\" href=\"https:\/\/last-chance.dk\/?product=puf-verena-kunstigt-laedertrae\" \/>\n<meta property=\"og:locale\" content=\"da_DK\" \/>\n<meta property=\"og:type\" content=\"article\" \/>\n<meta property=\"og:title\" content=\"Puf Verena kunstigt l\u00e6der,tr\u00e6 - LASTCHANCE Deals | Danmark\" \/>\n<meta property=\"og:description\" content=\"Leder du efter en puf, der er b\u00e5de praktisk og stilfuld? S\u00e5 er puf Verena det perfekte valg for dig. Denne puf er lavet af kunstigt l\u00e6der, der er nemt at reng\u00f8re og vedligeholde. Den har ogs\u00e5 et tr\u00e6ben, der giver den et elegant og moderne udseende. Puf Verena har en kompakt st\u00f8rrelse p\u00e5 27x27x31cm, [&hellip;]\" \/>\n<meta property=\"og:url\" content=\"https:\/\/last-chance.dk\/?product=puf-verena-kunstigt-laedertrae\" \/>\n<meta property=\"og:site_name\" content=\"LASTCHANCE Deals | Danmark\" \/>\n<meta property=\"article:modified_time\" content=\"2025-09-19T18:13:51+00:00\" \/>\n<meta property=\"og:image\" content=\"https:\/\/last-chance.dk\/wp-content\/uploads\/2023\/11\/verena_brown.jpg\" \/>\n\t<meta property=\"og:image:width\" content=\"800\" \/>\n\t<meta property=\"og:image:height\" content=\"724\" \/>\n\t<meta property=\"og:image:type\" content=\"image\/jpeg\" \/>\n<meta name=\"twitter:card\" content=\"summary_large_image\" \/>\n<meta name=\"twitter:label1\" content=\"Estimeret l\u00e6setid\" \/>\n\t<meta name=\"twitter:data1\" content=\"1 minut\" \/>\n<script type=\"application\/ld+json\" class=\"yoast-schema-graph\">{\"@context\":\"https:\/\/schema.org\",\"@graph\":[{\"@type\":\"WebPage\",\"@id\":\"https:\/\/last-chance.dk\/?product=puf-verena-kunstigt-laedertrae\",\"url\":\"https:\/\/last-chance.dk\/?product=puf-verena-kunstigt-laedertrae\",\"name\":\"Puf Verena kunstigt l\u00e6der,tr\u00e6 - LASTCHANCE Deals | Danmark\",\"isPartOf\":{\"@id\":\"https:\/\/last-chance.dk\/#website\"},\"primaryImageOfPage\":{\"@id\":\"https:\/\/last-chance.dk\/?product=puf-verena-kunstigt-laedertrae#primaryimage\"},\"image\":{\"@id\":\"https:\/\/last-chance.dk\/?product=puf-verena-kunstigt-laedertrae#primaryimage\"},\"thumbnailUrl\":\"https:\/\/last-chance.dk\/wp-content\/uploads\/2023\/11\/verena_brown.jpg\",\"datePublished\":\"2023-11-27T09:36:23+00:00\",\"dateModified\":\"2025-09-19T18:13:51+00:00\",\"breadcrumb\":{\"@id\":\"https:\/\/last-chance.dk\/?product=puf-verena-kunstigt-laedertrae#breadcrumb\"},\"inLanguage\":\"da-DK\",\"potentialAction\":[{\"@type\":\"ReadAction\",\"target\":[\"https:\/\/last-chance.dk\/?product=puf-verena-kunstigt-laedertrae\"]}]},{\"@type\":\"ImageObject\",\"inLanguage\":\"da-DK\",\"@id\":\"https:\/\/last-chance.dk\/?product=puf-verena-kunstigt-laedertrae#primaryimage\",\"url\":\"https:\/\/last-chance.dk\/wp-content\/uploads\/2023\/11\/verena_brown.jpg\",\"contentUrl\":\"https:\/\/last-chance.dk\/wp-content\/uploads\/2023\/11\/verena_brown.jpg\",\"width\":800,\"height\":724},{\"@type\":\"BreadcrumbList\",\"@id\":\"https:\/\/last-chance.dk\/?product=puf-verena-kunstigt-laedertrae#breadcrumb\",\"itemListElement\":[{\"@type\":\"ListItem\",\"position\":1,\"name\":\"Home\",\"item\":\"https:\/\/last-chance.dk\/\"},{\"@type\":\"ListItem\",\"position\":2,\"name\":\"Puf Verena kunstigt l\u00e6der,tr\u00e6\"}]},{\"@type\":\"WebSite\",\"@id\":\"https:\/\/last-chance.dk\/#website\",\"url\":\"https:\/\/last-chance.dk\/\",\"name\":\"LASTCHANCE Deals | Danmark\",\"description\":\"LASTCHANCE Deals | Danmark\",\"publisher\":{\"@id\":\"https:\/\/last-chance.dk\/#organization\"},\"potentialAction\":[{\"@type\":\"SearchAction\",\"target\":{\"@type\":\"EntryPoint\",\"urlTemplate\":\"https:\/\/last-chance.dk\/?s={search_term_string}\"},\"query-input\":{\"@type\":\"PropertyValueSpecification\",\"valueRequired\":true,\"valueName\":\"search_term_string\"}}],\"inLanguage\":\"da-DK\"},{\"@type\":\"Organization\",\"@id\":\"https:\/\/last-chance.dk\/#organization\",\"name\":\"LASTCHANCE Deals | Danmark\",\"url\":\"https:\/\/last-chance.dk\/\",\"logo\":{\"@type\":\"ImageObject\",\"inLanguage\":\"da-DK\",\"@id\":\"https:\/\/last-chance.dk\/#\/schema\/logo\/image\/\",\"url\":\"https:\/\/last-chance.dk\/wp-content\/uploads\/2023\/10\/lastchancedeals_logo_dk_white.png\",\"contentUrl\":\"https:\/\/last-chance.dk\/wp-content\/uploads\/2023\/10\/lastchancedeals_logo_dk_white.png\",\"width\":470,\"height\":110,\"caption\":\"LASTCHANCE Deals | Danmark\"},\"image\":{\"@id\":\"https:\/\/last-chance.dk\/#\/schema\/logo\/image\/\"}}]}<\/script>\n<!-- \/ Yoast SEO plugin. -->","yoast_head_json":{"title":"Puf Verena kunstigt l\u00e6der,tr\u00e6 - LASTCHANCE Deals | Danmark","robots":{"index":"index","follow":"follow","max-snippet":"max-snippet:-1","max-image-preview":"max-image-preview:large","max-video-preview":"max-video-preview:-1"},"canonical":"https:\/\/last-chance.dk\/?product=puf-verena-kunstigt-laedertrae","og_locale":"da_DK","og_type":"article","og_title":"Puf Verena kunstigt l\u00e6der,tr\u00e6 - LASTCHANCE Deals | Danmark","og_description":"Leder du efter en puf, der er b\u00e5de praktisk og stilfuld? S\u00e5 er puf Verena det perfekte valg for dig. Denne puf er lavet af kunstigt l\u00e6der, der er nemt at reng\u00f8re og vedligeholde. Den har ogs\u00e5 et tr\u00e6ben, der giver den et elegant og moderne udseende. Puf Verena har en kompakt st\u00f8rrelse p\u00e5 27x27x31cm, [&hellip;]","og_url":"https:\/\/last-chance.dk\/?product=puf-verena-kunstigt-laedertrae","og_site_name":"LASTCHANCE Deals | Danmark","article_modified_time":"2025-09-19T18:13:51+00:00","og_image":[{"width":800,"height":724,"url":"https:\/\/last-chance.dk\/wp-content\/uploads\/2023\/11\/verena_brown.jpg","type":"image\/jpeg"}],"twitter_card":"summary_large_image","twitter_misc":{"Estimeret l\u00e6setid":"1 minut"},"schema":{"@context":"https:\/\/schema.org","@graph":[{"@type":"WebPage","@id":"https:\/\/last-chance.dk\/?product=puf-verena-kunstigt-laedertrae","url":"https:\/\/last-chance.dk\/?product=puf-verena-kunstigt-laedertrae","name":"Puf Verena kunstigt l\u00e6der,tr\u00e6 - LASTCHANCE Deals | Danmark","isPartOf":{"@id":"https:\/\/last-chance.dk\/#website"},"primaryImageOfPage":{"@id":"https:\/\/last-chance.dk\/?product=puf-verena-kunstigt-laedertrae#primaryimage"},"image":{"@id":"https:\/\/last-chance.dk\/?product=puf-verena-kunstigt-laedertrae#primaryimage"},"thumbnailUrl":"https:\/\/last-chance.dk\/wp-content\/uploads\/2023\/11\/verena_brown.jpg","datePublished":"2023-11-27T09:36:23+00:00","dateModified":"2025-09-19T18:13:51+00:00","breadcrumb":{"@id":"https:\/\/last-chance.dk\/?product=puf-verena-kunstigt-laedertrae#breadcrumb"},"inLanguage":"da-DK","potentialAction":[{"@type":"ReadAction","target":["https:\/\/last-chance.dk\/?product=puf-verena-kunstigt-laedertrae"]}]},{"@type":"ImageObject","inLanguage":"da-DK","@id":"https:\/\/last-chance.dk\/?product=puf-verena-kunstigt-laedertrae#primaryimage","url":"https:\/\/last-chance.dk\/wp-content\/uploads\/2023\/11\/verena_brown.jpg","contentUrl":"https:\/\/last-chance.dk\/wp-content\/uploads\/2023\/11\/verena_brown.jpg","width":800,"height":724},{"@type":"BreadcrumbList","@id":"https:\/\/last-chance.dk\/?product=puf-verena-kunstigt-laedertrae#breadcrumb","itemListElement":[{"@type":"ListItem","position":1,"name":"Home","item":"https:\/\/last-chance.dk\/"},{"@type":"ListItem","position":2,"name":"Puf Verena kunstigt l\u00e6der,tr\u00e6"}]},{"@type":"WebSite","@id":"https:\/\/last-chance.dk\/#website","url":"https:\/\/last-chance.dk\/","name":"LASTCHANCE Deals | Danmark","description":"LASTCHANCE Deals | Danmark","publisher":{"@id":"https:\/\/last-chance.dk\/#organization"},"potentialAction":[{"@type":"SearchAction","target":{"@type":"EntryPoint","urlTemplate":"https:\/\/last-chance.dk\/?s={search_term_string}"},"query-input":{"@type":"PropertyValueSpecification","valueRequired":true,"valueName":"search_term_string"}}],"inLanguage":"da-DK"},{"@type":"Organization","@id":"https:\/\/last-chance.dk\/#organization","name":"LASTCHANCE Deals | Danmark","url":"https:\/\/last-chance.dk\/","logo":{"@type":"ImageObject","inLanguage":"da-DK","@id":"https:\/\/last-chance.dk\/#\/schema\/logo\/image\/","url":"https:\/\/last-chance.dk\/wp-content\/uploads\/2023\/10\/lastchancedeals_logo_dk_white.png","contentUrl":"https:\/\/last-chance.dk\/wp-content\/uploads\/2023\/10\/lastchancedeals_logo_dk_white.png","width":470,"height":110,"caption":"LASTCHANCE Deals | Danmark"},"image":{"@id":"https:\/\/last-chance.dk\/#\/schema\/logo\/image\/"}}]}},"_links":{"self":[{"href":"https:\/\/last-chance.dk\/index.php?rest_route=\/wp\/v2\/product\/9271","targetHints":{"allow":["GET"]}}],"collection":[{"href":"https:\/\/last-chance.dk\/index.php?rest_route=\/wp\/v2\/product"}],"about":[{"href":"https:\/\/last-chance.dk\/index.php?rest_route=\/wp\/v2\/types\/product"}],"replies":[{"embeddable":true,"href":"https:\/\/last-chance.dk\/index.php?rest_route=%2Fwp%2Fv2%2Fcomments&post=9271"}],"wp:featuredmedia":[{"embeddable":true,"href":"https:\/\/last-chance.dk\/index.php?rest_route=\/wp\/v2\/media\/9265"}],"wp:attachment":[{"href":"https:\/\/last-chance.dk\/index.php?rest_route=%2Fwp%2Fv2%2Fmedia&parent=9271"}],"wp:term":[{"taxonomy":"product_brand","embeddable":true,"href":"https:\/\/last-chance.dk\/index.php?rest_route=%2Fwp%2Fv2%2Fproduct_brand&post=9271"},{"taxonomy":"product_cat","embeddable":true,"href":"https:\/\/last-chance.dk\/index.php?rest_route=%2Fwp%2Fv2%2Fproduct_cat&post=9271"},{"taxonomy":"product_tag","embeddable":true,"href":"https:\/\/last-chance.dk\/index.php?rest_route=%2Fwp%2Fv2%2Fproduct_tag&post=9271"}],"curies":[{"name":"wp","href":"https:\/\/api.w.org\/{rel}","templated":true}]}}